{"id":104,"date":"2020-10-31T11:51:48","date_gmt":"2020-10-31T15:51:48","guid":{"rendered":"https:\/\/supcom.standardof.net\/?page_id=104"},"modified":"2020-10-31T12:55:43","modified_gmt":"2020-10-31T16:55:43","slug":"controls","status":"publish","type":"page","link":"https:\/\/supcom.standardof.net\/es\/supreme-commander\/control-s\/","title":{"rendered":"Control S"},"content":{"rendered":"<p>La mayor\u00eda de los controles son intuitivos y \/ o est\u00e1n cubiertos por el tutorial, pero hay un par de peculiaridades a tener en cuenta. Tenga en cuenta que todos los modificadores (Shift, Ctrl, Alt, etc.) se pueden combinar libremente, salvo que se indique lo contrario.<\/p>\n\n\n\n<p>Un atajo particularmente \u00fatil del que carece el manual es:<br><strong>Ctrl + Z:<\/strong> Seleccione todas las unidades de los tipos seleccionados en el mapa. Por ejemplo, si los bombarderos son del grupo 4, presionar 4, Ctrl + Z, Ctrl + 4 en cualquier momento asegurar\u00e1 que todos sus bombarderos est\u00e9n en el grupo 4 para que puedan atacar cuando sea el momento adecuado. Tambi\u00e9n puede alejar, hacer doble clic en un bombardero y Ctrl + 4.<\/p>\n\n\n\n<h3 class=\"wp-block-heading\">Comandos de control por tipo<\/h3>\n\n\n\n<ul><li><strong><a href=\"https:\/\/supcom.standardof.net\/es\/supreme-commander\/control-s\/seleccionar-unidades\/\" class=\"rank-math-link\">Seleccionar unidades<\/a><\/strong><\/li><li><strong><a href=\"https:\/\/supcom.standardof.net\/es\/supreme-commander\/control-s\/dando-ordenes\/\" class=\"rank-math-link\">Dando \u00f3rdenes<\/a><\/strong><\/li><li><strong><a href=\"https:\/\/supcom.standardof.net\/es\/supreme-commander\/control-s\/edificio\/\" class=\"rank-math-link\">edificio<\/a><\/strong><\/li><li><strong><a href=\"https:\/\/supcom.standardof.net\/es\/supreme-commander\/control-s\/camara-e-interfaz\/\" class=\"rank-math-link\">C\u00e1mara e interfaz<\/a><\/strong><\/li><\/ul>","protected":false},"excerpt":{"rendered":"<p>Most controls are intuitive and\/or covered by the tutorial, but there are a couple quirks to make note of. Note that all modifiers (Shift, Ctrl, Alt, etc.) can be freely combined, except where otherwise stated. One particularly useful shortcut the manual lacks is:Ctrl + Z: Select all units of the selected type(s) on the map. [&hellip;]<\/p>","protected":false},"author":1,"featured_media":0,"parent":14,"menu_order":0,"comment_status":"closed","ping_status":"closed","template":"","meta":{"_uag_custom_page_level_css":"","site-sidebar-layout":"default","site-content-layout":"default","ast-site-content-layout":"","site-content-style":"default","site-sidebar-style":"default","ast-global-header-display":"","ast-banner-title-visibility":"","ast-main-header-display":"","ast-hfb-above-header-display":"","ast-hfb-below-header-display":"","ast-hfb-mobile-header-display":"","site-post-title":"","ast-breadcrumbs-content":"","ast-featured-img":"","footer-sml-layout":"","theme-transparent-header-meta":"default","adv-header-id-meta":"","stick-header-meta":"","header-above-stick-meta":"","header-main-stick-meta":"","header-below-stick-meta":"","astra-migrate-meta-layouts":"default","ast-page-background-enabled":"default","ast-page-background-meta":{"desktop":{"background-color":"","background-image":"","background-repeat":"repeat","background-position":"center center","background-size":"auto","background-attachment":"scroll","background-type":"","background-media":"","overlay-type":"","overlay-color":"","overlay-gradient":""},"tablet":{"background-color":"","background-image":"","background-repeat":"repeat","background-position":"center center","background-size":"auto","background-attachment":"scroll","background-type":"","background-media":"","overlay-type":"","overlay-color":"","overlay-gradient":""},"mobile":{"background-color":"","background-image":"","background-repeat":"repeat","background-position":"center center","background-size":"auto","background-attachment":"scroll","background-type":"","background-media":"","overlay-type":"","overlay-color":"","overlay-gradient":""}},"ast-content-background-meta":{"desktop":{"background-color":"var(--ast-global-color-5)","background-image":"","background-repeat":"repeat","background-position":"center center","background-size":"auto","background-attachment":"scroll","background-type":"","background-media":"","overlay-type":"","overlay-color":"","overlay-gradient":""},"tablet":{"background-color":"var(--ast-global-color-5)","background-image":"","background-repeat":"repeat","background-position":"center center","background-size":"auto","background-attachment":"scroll","background-type":"","background-media":"","overlay-type":"","overlay-color":"","overlay-gradient":""},"mobile":{"background-color":"var(--ast-global-color-5)","background-image":"","background-repeat":"repeat","background-position":"center center","background-size":"auto","background-attachment":"scroll","background-type":"","background-media":"","overlay-type":"","overlay-color":"","overlay-gradient":""}},"footnotes":""},"uagb_featured_image_src":{"full":false,"thumbnail":false,"medium":false,"medium_large":false,"large":false,"1536x1536":false,"2048x2048":false,"trp-custom-language-flag":false},"uagb_author_info":{"display_name":"SOE","author_link":"https:\/\/supcom.standardof.net\/es\/author\/k-tastic\/"},"uagb_comment_info":0,"uagb_excerpt":"Most controls are intuitive and\/or covered by the tutorial, but there are a couple quirks to make note of. Note that all modifiers (Shift, Ctrl, Alt, etc.) can be freely combined, except where otherwise stated. One particularly useful shortcut the manual lacks is:Ctrl + Z: Select all units of the selected type(s) on the map.&hellip;","_links":{"self":[{"href":"https:\/\/supcom.standardof.net\/es\/wp-json\/wp\/v2\/pages\/104"}],"collection":[{"href":"https:\/\/supcom.standardof.net\/es\/wp-json\/wp\/v2\/pages"}],"about":[{"href":"https:\/\/supcom.standardof.net\/es\/wp-json\/wp\/v2\/types\/page"}],"author":[{"embeddable":true,"href":"https:\/\/supcom.standardof.net\/es\/wp-json\/wp\/v2\/users\/1"}],"replies":[{"embeddable":true,"href":"https:\/\/supcom.standardof.net\/es\/wp-json\/wp\/v2\/comments?post=104"}],"version-history":[{"count":0,"href":"https:\/\/supcom.standardof.net\/es\/wp-json\/wp\/v2\/pages\/104\/revisions"}],"up":[{"embeddable":true,"href":"https:\/\/supcom.standardof.net\/es\/wp-json\/wp\/v2\/pages\/14"}],"wp:attachment":[{"href":"https:\/\/supcom.standardof.net\/es\/wp-json\/wp\/v2\/media?parent=104"}],"curies":[{"name":"wp","href":"https:\/\/api.w.org\/{rel}","templated":true}]}}