{"id":112,"date":"2020-10-31T12:26:30","date_gmt":"2020-10-31T16:26:30","guid":{"rendered":"https:\/\/supcom.standardof.net\/?page_id=112"},"modified":"2020-10-31T12:52:33","modified_gmt":"2020-10-31T16:52:33","slug":"selecting-units","status":"publish","type":"page","link":"https:\/\/supcom.standardof.net\/es\/supreme-commander\/control-s\/seleccionar-unidades\/","title":{"rendered":"Seleccionar unidades"},"content":{"rendered":"<p>Todos estos comandos son varios atajos que los jugadores pueden utilizar para facilitar la selecci\u00f3n de unidades de diversas formas.<\/p>\n\n\n\n<p><strong>Click izquierdo:<\/strong> Seleccionar unidad <br><strong>Doble clic izquierdo:<\/strong> Seleccione todas las unidades de este tipo en pantalla <br><strong>Clic izquierdo en nada:<\/strong> Deseleccionar todas las unidades <br><strong>Haga clic izquierdo y arrastre:<\/strong> Seleccione todas las unidades en este cuadro<br><em>&nbsp;&nbsp;&nbsp;&nbsp; * Si su selecci\u00f3n es principalmente unidades m\u00f3viles, solo se seleccionar\u00e1n las unidades m\u00f3viles. El juego tambi\u00e9n adivinar\u00e1 a qu\u00e9 tipo de unidad te refieres.<\/em><\/p>\n\n\n\n<p><strong>1:<\/strong> Seleccionar todas las unidades del Grupo 1 <br><strong>Ctrl + 1:<\/strong> Establecer unidades seleccionadas como Grupo 1 <br><strong>May\u00fas + 1:<\/strong> Agregue el grupo 1 a su selecci\u00f3n <br><strong>May\u00fas + Ctrl + 1:<\/strong> Seleccione las f\u00e1bricas del Grupo 1<br><em>&nbsp;&nbsp;&nbsp;&nbsp; * Las 10 teclas num\u00e9ricas funcionan para crear \/ seleccionar grupos.<br>&nbsp;&nbsp;&nbsp;&nbsp; * Las unidades pueden pertenecer a varios grupos.<br>&nbsp;&nbsp;&nbsp;&nbsp; * Tus grupos aparecer\u00e1n como iconos en el lado derecho de la pantalla.<br>&nbsp;&nbsp;&nbsp;&nbsp; * Al seleccionar un grupo, las f\u00e1bricas no se seleccionar\u00e1n por defecto.<br>&nbsp;&nbsp;&nbsp;&nbsp; * Las f\u00e1bricas dan el n\u00famero de su grupo a las unidades que construyen.<\/em> <br><strong>May\u00fas + clic en el icono de la unidad:<\/strong> Agregar ingeniero inactivo a este grupo<\/p>\n\n\n\n<p><strong>Ctrl + X:<\/strong> Seleccionar todas las unidades y edificios <br><strong>Ctrl + A:<\/strong> Seleccionar todas las unidades a\u00e9reas <br><strong>Ctrl + S:<\/strong> Seleccionar todas las unidades mar\u00edtimas <br><strong>Ctrl + L:<\/strong> Seleccionar todas las unidades terrestres <br><strong>Ctrl + B:<\/strong> Seleccione todos los ingenieros y el comandante <br><strong>Ctrl + Z:<\/strong> Seleccione todas las unidades de este tipo en el mapa<\/p>\n\n\n\n<p><strong>Ctrl + C:<\/strong> Seleccionar todas las unidades y edificios en pantalla <br><strong>Ctrl + Punto:<\/strong> Seleccione todos los ingenieros en pantalla <br><strong>Ctrl + H:<\/strong> Seleccionar todas las f\u00e1bricas en pantalla<\/p>\n\n\n\n<p><strong>Coma:<\/strong> Ir al comandante <br><strong>Alt + coma:<\/strong> Seleccionar comandante<\/p>\n\n\n\n<p><strong>Per\u00edodo:<\/strong> Ir al ingeniero inactivo m\u00e1s cercano <br><strong>Alt + Periodo:<\/strong> Seleccione el ingeniero inactivo m\u00e1s cercano <br><strong>Shift + Periodo:<\/strong> Ciclo a trav\u00e9s de ingenieros inactivos<\/p>\n\n\n\n<p><strong>H:<\/strong> Seleccione la f\u00e1brica m\u00e1s cercana <br><strong>Ctrl + May\u00fas + L:<\/strong> Seleccione la f\u00e1brica terrestre m\u00e1s cercana <br><strong>Ctrl + May\u00fas + A:<\/strong> Seleccione la f\u00e1brica de aire m\u00e1s cercana <br><strong>Ctrl + May\u00fas + S:<\/strong> Seleccione la f\u00e1brica naval m\u00e1s cercana<\/p>","protected":false},"excerpt":{"rendered":"<p>These commands are all various shortcuts that can be used by players to facilitate the selecting of units by a variety of ways. Left Click: Select unit Double Left Click: Select all units of this type on screen Left Click on nothing: Deselect all units Left Click and drag: Select all units in this box&nbsp;&nbsp;&nbsp;&nbsp; [&hellip;]<\/p>","protected":false},"author":1,"featured_media":5,"parent":104,"menu_order":1,"comment_status":"closed","ping_status":"closed","template":"","meta":{"_uag_custom_page_level_css":"","site-sidebar-layout":"default","site-content-layout":"default","ast-site-content-layout":"","site-content-style":"default","site-sidebar-style":"default","ast-global-header-display":"","ast-banner-title-visibility":"","ast-main-header-display":"","ast-hfb-above-header-display":"","ast-hfb-below-header-display":"","ast-hfb-mobile-header-display":"","site-post-title":"","ast-breadcrumbs-content":"","ast-featured-img":"","footer-sml-layout":"","theme-transparent-header-meta":"default","adv-header-id-meta":"","stick-header-meta":"","header-above-stick-meta":"","header-main-stick-meta":"","header-below-stick-meta":"","astra-migrate-meta-layouts":"default","ast-page-background-enabled":"default","ast-page-background-meta":{"desktop":{"background-color":"","background-image":"","background-repeat":"repeat","background-position":"center center","background-size":"auto","background-attachment":"scroll","background-type":"","background-media":"","overlay-type":"","overlay-color":"","overlay-gradient":""},"tablet":{"background-color":"","background-image":"","background-repeat":"repeat","background-position":"center center","background-size":"auto","background-attachment":"scroll","background-type":"","background-media":"","overlay-type":"","overlay-color":"","overlay-gradient":""},"mobile":{"background-color":"","background-image":"","background-repeat":"repeat","background-position":"center center","background-size":"auto","background-attachment":"scroll","background-type":"","background-media":"","overlay-type":"","overlay-color":"","overlay-gradient":""}},"ast-content-background-meta":{"desktop":{"background-color":"var(--ast-global-color-5)","background-image":"","background-repeat":"repeat","background-position":"center center","background-size":"auto","background-attachment":"scroll","background-type":"","background-media":"","overlay-type":"","overlay-color":"","overlay-gradient":""},"tablet":{"background-color":"var(--ast-global-color-5)","background-image":"","background-repeat":"repeat","background-position":"center center","background-size":"auto","background-attachment":"scroll","background-type":"","background-media":"","overlay-type":"","overlay-color":"","overlay-gradient":""},"mobile":{"background-color":"var(--ast-global-color-5)","background-image":"","background-repeat":"repeat","background-position":"center center","background-size":"auto","background-attachment":"scroll","background-type":"","background-media":"","overlay-type":"","overlay-color":"","overlay-gradient":""}},"footnotes":""},"uagb_featured_image_src":{"full":["https:\/\/supcom.standardof.net\/wp-content\/uploads\/sites\/8\/2020\/10\/Supreme-Commander-Header-UEF.jpg",1600,680,false],"thumbnail":["https:\/\/supcom.standardof.net\/wp-content\/uploads\/sites\/8\/2020\/10\/Supreme-Commander-Header-UEF-200x85.jpg",200,85,true],"medium":["https:\/\/supcom.standardof.net\/wp-content\/uploads\/sites\/8\/2020\/10\/Supreme-Commander-Header-UEF-512x218.jpg",512,218,true],"medium_large":["https:\/\/supcom.standardof.net\/wp-content\/uploads\/sites\/8\/2020\/10\/Supreme-Commander-Header-UEF-768x326.jpg",768,326,true],"large":["https:\/\/supcom.standardof.net\/wp-content\/uploads\/sites\/8\/2020\/10\/Supreme-Commander-Header-UEF-800x340.jpg",800,340,true],"1536x1536":["https:\/\/supcom.standardof.net\/wp-content\/uploads\/sites\/8\/2020\/10\/Supreme-Commander-Header-UEF-1536x653.jpg",1536,653,true],"2048x2048":["https:\/\/supcom.standardof.net\/wp-content\/uploads\/sites\/8\/2020\/10\/Supreme-Commander-Header-UEF.jpg",1600,680,false],"trp-custom-language-flag":["https:\/\/supcom.standardof.net\/wp-content\/uploads\/sites\/8\/2020\/10\/Supreme-Commander-Header-UEF-16x7.jpg",16,7,true]},"uagb_author_info":{"display_name":"SOE","author_link":"https:\/\/supcom.standardof.net\/es\/author\/k-tastic\/"},"uagb_comment_info":0,"uagb_excerpt":"These commands are all various shortcuts that can be used by players to facilitate the selecting of units by a variety of ways. Left Click: Select unit Double Left Click: Select all units of this type on screen Left Click on nothing: Deselect all units Left Click and drag: Select all units in this box&nbsp;&nbsp;&nbsp;&nbsp;&hellip;","_links":{"self":[{"href":"https:\/\/supcom.standardof.net\/es\/wp-json\/wp\/v2\/pages\/112"}],"collection":[{"href":"https:\/\/supcom.standardof.net\/es\/wp-json\/wp\/v2\/pages"}],"about":[{"href":"https:\/\/supcom.standardof.net\/es\/wp-json\/wp\/v2\/types\/page"}],"author":[{"embeddable":true,"href":"https:\/\/supcom.standardof.net\/es\/wp-json\/wp\/v2\/users\/1"}],"replies":[{"embeddable":true,"href":"https:\/\/supcom.standardof.net\/es\/wp-json\/wp\/v2\/comments?post=112"}],"version-history":[{"count":0,"href":"https:\/\/supcom.standardof.net\/es\/wp-json\/wp\/v2\/pages\/112\/revisions"}],"up":[{"embeddable":true,"href":"https:\/\/supcom.standardof.net\/es\/wp-json\/wp\/v2\/pages\/104"}],"wp:featuredmedia":[{"embeddable":true,"href":"https:\/\/supcom.standardof.net\/es\/wp-json\/wp\/v2\/media\/5"}],"wp:attachment":[{"href":"https:\/\/supcom.standardof.net\/es\/wp-json\/wp\/v2\/media?parent=112"}],"curies":[{"name":"wp","href":"https:\/\/api.w.org\/{rel}","templated":true}]}}