{"id":114,"date":"2020-10-31T12:38:29","date_gmt":"2020-10-31T16:38:29","guid":{"rendered":"https:\/\/supcom.standardof.net\/?page_id=114"},"modified":"2020-10-31T12:52:29","modified_gmt":"2020-10-31T16:52:29","slug":"giving-orders","status":"publish","type":"page","link":"https:\/\/supcom.standardof.net\/es\/supreme-commander\/control-s\/dando-ordenes\/","title":{"rendered":"Dando \u00f3rdenes"},"content":{"rendered":"<h2 class=\"wp-block-heading\">Dando \u00f3rdenes<\/h2>\n\n\n\n<p>Estos comandos se relacionan con dar comandos a sus unidades en Supreme Commander, lo que permite una gran variedad y complejidad de los comandos emitidos.<\/p>\n\n\n\n<section class=\"wp-block-uagb-columns uagb-columns__wrap uagb-columns__background-undefined uagb-columns__stack-mobile uagb-columns__valign-undefined uagb-columns__gap-10 alignundefined uagb-block-9c91d558\"><div class=\"uagb-columns__overlay\"><\/div><div class=\"uagb-columns__inner-wrap uagb-columns__columns-1\">\n<div class=\"wp-block-uagb-column uagb-column__wrap uagb-column__background-undefined uagb-block-4c9614b1\"><div class=\"uagb-column__overlay\"><\/div><div class=\"uagb-column__inner-wrap\">\n<p class=\"has-medium-font-size\"><span style=\"text-transform: uppercase;\" class=\"qubely-text-uppercase\"><strong>Bot\u00f3n derecho del rat\u00f3n:<\/strong> <\/span>Dar orden predeterminada<\/p>\n\n\n\n<ul><li><em>En terreno: Mover<\/em><\/li><li><em>En enemigos: ataque<\/em><ul><li><em>Los ingenieros capturar\u00e1n enemigos en su lugar.<\/em><\/li><\/ul><\/li><li><em>Sobre aliados o construcci\u00f3n: ayudar<\/em><ul><li><em>&nbsp;En su lugar, los ingenieros reparar\u00e1n la construcci\u00f3n.<\/em><\/li><li><em>Los transportes transportar\u00e1n unidades aliadas en su lugar.<\/em><\/li><\/ul><\/li><li><em>Sobre transportes: Transporte<\/em><\/li><li><em>En los puntos de ferry: Transporte<\/em><ul><li><em>Los transportes har\u00e1n transbordo desde ese punto de ferry.<\/em><\/li><\/ul><\/li><li><em>Punto de ruta en movimiento: Patrulla (INDOCUMENTADO)<\/em><\/li><li><em>En un punto de ruta de ataque: ataque coordinado<\/em><ul><li><em>&nbsp;Los Ataques Coordinados deben emitirse en orden inverso de velocidad: la artiller\u00eda primero, el avi\u00f3n al final. Todos los grupos atacar\u00e1n simult\u00e1neamente.<\/em><\/li><\/ul><\/li><\/ul>\n<\/div><\/div>\n<\/div><\/section>\n\n\n\n<section class=\"wp-block-uagb-columns uagb-columns__wrap uagb-columns__background-undefined uagb-columns__stack-mobile uagb-columns__valign-undefined uagb-columns__gap-10 alignundefined uagb-block-b8103b7e\"><div class=\"uagb-columns__overlay\"><\/div><div class=\"uagb-columns__inner-wrap uagb-columns__columns-1\">\n<div class=\"wp-block-uagb-column uagb-column__wrap uagb-column__background-undefined uagb-block-c21123c1\"><div class=\"uagb-column__overlay\"><\/div><div class=\"uagb-column__inner-wrap\">\n<p><strong><span style=\"text-transform: uppercase;\" class=\"qubely-text-uppercase\">Haga clic derecho y mantenga presionado:<\/span><\/strong> Moverse en formaci\u00f3n <\/p>\n\n\n\n<p><strong><span style=\"text-transform: uppercase;\" class=\"qubely-text-uppercase\">Ctrl + clic derecho:<\/span><\/strong> Mover en formaci\u00f3n predeterminada<\/p>\n\n\n\n<ul><li><em>Mientras mantienes presionado el bot\u00f3n derecho, presiona el bot\u00f3n izquierdo para recorrer las formaciones.<\/em><\/li><li><em>La formaci\u00f3n tiene prioridad sobre la llegada al lugar. Las unidades en el frente pueden en realidad retroceder para lograr esto.<\/em> <\/li><\/ul>\n\n\n\n<p><strong>CTRL <span style=\"text-transform: uppercase;\" class=\"qubely-text-uppercase\">+ Alt + Clic derecho:<\/span><\/strong> Movimiento de ataque <\/p>\n\n\n\n<p><strong><span style=\"text-transform: uppercase;\" class=\"qubely-text-uppercase\">Ataque + clic izquierdo en el suelo:<\/span><\/strong> Movimiento de ataque<\/p>\n\n\n\n<ul><li><em>&nbsp; Attack Move indica a las unidades que persigan enemigos antes de completar su orden de movimiento. Se indica como una l\u00ednea roja con un waypoint Mover azul.<\/em><\/li><\/ul>\n\n\n\n<p><span style=\"text-transform: uppercase;\" class=\"qubely-text-uppercase\"><strong>May\u00fas + clic derecho:<\/strong> <\/span>Ponga este comando en cola despu\u00e9s del actual <\/p>\n\n\n\n<p><strong><span style=\"text-transform: uppercase;\" class=\"qubely-text-uppercase\">May\u00fas + clic izquierdo y mant\u00e9n presionado un comando:<\/span><\/strong> Mover la ubicaci\u00f3n de este comando<\/p>\n<\/div><\/div>\n<\/div><\/section>\n\n\n\n<section class=\"wp-block-uagb-columns uagb-columns__wrap uagb-columns__background-undefined uagb-columns__stack-mobile uagb-columns__valign-undefined uagb-columns__gap-10 alignundefined uagb-block-ce3bc6dc\"><div class=\"uagb-columns__overlay\"><\/div><div class=\"uagb-columns__inner-wrap uagb-columns__columns-4\">\n<div class=\"wp-block-uagb-column uagb-column__wrap uagb-column__background-undefined uagb-block-ef06b006\"><div class=\"uagb-column__overlay\"><\/div><div class=\"uagb-column__inner-wrap\">\n<p class=\"has-text-align-center\"><img decoding=\"async\" width=\"64\" height=\"64\" class=\"wp-image-40\" style=\"width: 64px;\" src=\"https:\/\/supcom.standardof.net\/wp-content\/uploads\/sites\/8\/2020\/10\/R.png\" alt=\"\" srcset=\"https:\/\/supcom.standardof.net\/wp-content\/uploads\/sites\/8\/2020\/10\/R.png 128w, https:\/\/supcom.standardof.net\/wp-content\/uploads\/sites\/8\/2020\/10\/R-12x12.png 12w\" sizes=\"(max-width: 64px) 100vw, 64px\" \/><\/p>\n\n\n\n<p class=\"has-text-align-center\"><strong>REPARAR<\/strong><\/p>\n<\/div><\/div>\n\n\n\n<div class=\"wp-block-uagb-column uagb-column__wrap uagb-column__background-undefined uagb-block-832ead85\"><div class=\"uagb-column__overlay\"><\/div><div class=\"uagb-column__inner-wrap\">\n<p class=\"has-text-align-center\"><img decoding=\"async\" width=\"64\" height=\"64\" class=\"wp-image-27\" style=\"width: 64px;\" src=\"https:\/\/supcom.standardof.net\/wp-content\/uploads\/sites\/8\/2020\/10\/E.png\" alt=\"\" srcset=\"https:\/\/supcom.standardof.net\/wp-content\/uploads\/sites\/8\/2020\/10\/E.png 128w, https:\/\/supcom.standardof.net\/wp-content\/uploads\/sites\/8\/2020\/10\/E-12x12.png 12w\" sizes=\"(max-width: 64px) 100vw, 64px\" \/><\/p>\n\n\n\n<p class=\"has-text-align-center\"><strong>RECLAMAR<\/strong><\/p>\n<\/div><\/div>\n\n\n\n<div class=\"wp-block-uagb-column uagb-column__wrap uagb-column__background-undefined uagb-block-e4236338\"><div class=\"uagb-column__overlay\"><\/div><div class=\"uagb-column__inner-wrap\">\n<p class=\"has-text-align-center\"><img decoding=\"async\" width=\"64\" height=\"64\" class=\"wp-image-36\" style=\"width: 64px;\" src=\"https:\/\/supcom.standardof.net\/wp-content\/uploads\/sites\/8\/2020\/10\/N.png\" alt=\"\" srcset=\"https:\/\/supcom.standardof.net\/wp-content\/uploads\/sites\/8\/2020\/10\/N.png 128w, https:\/\/supcom.standardof.net\/wp-content\/uploads\/sites\/8\/2020\/10\/N-12x12.png 12w\" sizes=\"(max-width: 64px) 100vw, 64px\" \/><\/p>\n\n\n\n<p class=\"has-text-align-center\"><strong>NUKE<\/strong><\/p>\n<\/div><\/div>\n\n\n\n<div class=\"wp-block-uagb-column uagb-column__wrap uagb-column__background-undefined uagb-block-279d7f85\"><div class=\"uagb-column__overlay\"><\/div><div class=\"uagb-column__inner-wrap\">\n<p class=\"has-text-align-center\"><img decoding=\"async\" width=\"64\" height=\"64\" class=\"wp-image-23\" style=\"width: 64px;\" src=\"https:\/\/supcom.standardof.net\/wp-content\/uploads\/sites\/8\/2020\/10\/A.png\" alt=\"\" srcset=\"https:\/\/supcom.standardof.net\/wp-content\/uploads\/sites\/8\/2020\/10\/A.png 128w, https:\/\/supcom.standardof.net\/wp-content\/uploads\/sites\/8\/2020\/10\/A-12x12.png 12w\" sizes=\"(max-width: 64px) 100vw, 64px\" \/><\/p>\n\n\n\n<p class=\"has-text-align-center\"><strong>ATAQUE<\/strong><\/p>\n<\/div><\/div>\n<\/div><\/section>\n\n\n\n<section class=\"wp-block-uagb-columns uagb-columns__wrap uagb-columns__background-undefined uagb-columns__stack-mobile uagb-columns__valign-undefined uagb-columns__gap-10 alignundefined uagb-block-2c13e632\"><div class=\"uagb-columns__overlay\"><\/div><div class=\"uagb-columns__inner-wrap uagb-columns__columns-4\">\n<div class=\"wp-block-uagb-column uagb-column__wrap uagb-column__background-undefined uagb-block-f50d7bfe\"><div class=\"uagb-column__overlay\"><\/div><div class=\"uagb-column__inner-wrap\">\n<p class=\"has-text-align-center\"><img decoding=\"async\" width=\"64\" height=\"64\" class=\"wp-image-25\" style=\"width: 64px;\" src=\"https:\/\/supcom.standardof.net\/wp-content\/uploads\/sites\/8\/2020\/10\/C.png\" alt=\"\" srcset=\"https:\/\/supcom.standardof.net\/wp-content\/uploads\/sites\/8\/2020\/10\/C.png 128w, https:\/\/supcom.standardof.net\/wp-content\/uploads\/sites\/8\/2020\/10\/C-12x12.png 12w\" sizes=\"(max-width: 64px) 100vw, 64px\" \/><\/p>\n\n\n\n<p class=\"has-text-align-center\"><strong>CAPTURAR<\/strong><\/p>\n<\/div><\/div>\n\n\n\n<div class=\"wp-block-uagb-column uagb-column__wrap uagb-column__background-undefined uagb-block-0ef54375\"><div class=\"uagb-column__overlay\"><\/div><div class=\"uagb-column__inner-wrap\">\n<p class=\"has-text-align-center\"><img decoding=\"async\" width=\"64\" height=\"64\" class=\"wp-image-41\" style=\"width: 64px;\" src=\"https:\/\/supcom.standardof.net\/wp-content\/uploads\/sites\/8\/2020\/10\/S.png\" alt=\"\" srcset=\"https:\/\/supcom.standardof.net\/wp-content\/uploads\/sites\/8\/2020\/10\/S.png 128w, https:\/\/supcom.standardof.net\/wp-content\/uploads\/sites\/8\/2020\/10\/S-12x12.png 12w\" sizes=\"(max-width: 64px) 100vw, 64px\" \/><\/p>\n\n\n\n<p class=\"has-text-align-center\"><strong>DETENER<\/strong><\/p>\n<\/div><\/div>\n\n\n\n<div class=\"wp-block-uagb-column uagb-column__wrap uagb-column__background-undefined uagb-block-39cae843\"><div class=\"uagb-column__overlay\"><\/div><div class=\"uagb-column__inner-wrap\">\n<p class=\"has-text-align-center\"><img decoding=\"async\" width=\"64\" height=\"64\" class=\"wp-image-26\" style=\"width: 64px;\" src=\"https:\/\/supcom.standardof.net\/wp-content\/uploads\/sites\/8\/2020\/10\/D.png\" alt=\"\" srcset=\"https:\/\/supcom.standardof.net\/wp-content\/uploads\/sites\/8\/2020\/10\/D.png 128w, https:\/\/supcom.standardof.net\/wp-content\/uploads\/sites\/8\/2020\/10\/D-12x12.png 12w\" sizes=\"(max-width: 64px) 100vw, 64px\" \/><\/p>\n\n\n\n<p class=\"has-text-align-center\"><strong>BUCEO \/ SUPERFICIE<\/strong><\/p>\n<\/div><\/div>\n\n\n\n<div class=\"wp-block-uagb-column uagb-column__wrap uagb-column__background-undefined uagb-block-e379b4ad\"><div class=\"uagb-column__overlay\"><\/div><div class=\"uagb-column__inner-wrap\">\n<p class=\"has-text-align-center\"><img decoding=\"async\" width=\"64\" height=\"64\" class=\"wp-image-37\" style=\"width: 64px;\" src=\"https:\/\/supcom.standardof.net\/wp-content\/uploads\/sites\/8\/2020\/10\/O.png\" alt=\"\" srcset=\"https:\/\/supcom.standardof.net\/wp-content\/uploads\/sites\/8\/2020\/10\/O.png 128w, https:\/\/supcom.standardof.net\/wp-content\/uploads\/sites\/8\/2020\/10\/O-12x12.png 12w\" sizes=\"(max-width: 64px) 100vw, 64px\" \/><\/p>\n\n\n\n<p class=\"has-text-align-center\"><strong>SOBRECARGAR<\/strong><\/p>\n<\/div><\/div>\n<\/div><\/section>\n\n\n\n<section class=\"wp-block-uagb-columns uagb-columns__wrap uagb-columns__background-undefined uagb-columns__stack-mobile uagb-columns__valign-undefined uagb-columns__gap-10 alignundefined uagb-block-3c85588a\"><div class=\"uagb-columns__overlay\"><\/div><div class=\"uagb-columns__inner-wrap uagb-columns__columns-4\">\n<div class=\"wp-block-uagb-column uagb-column__wrap uagb-column__background-undefined uagb-block-b0e3db15\"><div class=\"uagb-column__overlay\"><\/div><div class=\"uagb-column__inner-wrap\">\n<p class=\"has-text-align-center\"><img decoding=\"async\" width=\"64\" height=\"64\" class=\"wp-image-48\" style=\"width: 64px;\" src=\"https:\/\/supcom.standardof.net\/wp-content\/uploads\/sites\/8\/2020\/10\/Z.png\" alt=\"\" srcset=\"https:\/\/supcom.standardof.net\/wp-content\/uploads\/sites\/8\/2020\/10\/Z.png 128w, https:\/\/supcom.standardof.net\/wp-content\/uploads\/sites\/8\/2020\/10\/Z-12x12.png 12w\" sizes=\"(max-width: 64px) 100vw, 64px\" \/><\/p>\n\n\n\n<p class=\"has-text-align-center\"><strong>CONSTRUCCI\u00d3N DE PAUSA<\/strong><\/p>\n<\/div><\/div>\n\n\n\n<div class=\"wp-block-uagb-column uagb-column__wrap uagb-column__background-undefined uagb-block-a93473ac\"><div class=\"uagb-column__overlay\"><\/div><div class=\"uagb-column__inner-wrap\">\n<p class=\"has-text-align-center\"><img decoding=\"async\" width=\"64\" height=\"64\" class=\"wp-image-35\" style=\"width: 64px;\" src=\"https:\/\/supcom.standardof.net\/wp-content\/uploads\/sites\/8\/2020\/10\/M.png\" alt=\"\" srcset=\"https:\/\/supcom.standardof.net\/wp-content\/uploads\/sites\/8\/2020\/10\/M.png 128w, https:\/\/supcom.standardof.net\/wp-content\/uploads\/sites\/8\/2020\/10\/M-12x12.png 12w\" sizes=\"(max-width: 64px) 100vw, 64px\" \/><\/p>\n\n\n\n<p class=\"has-text-align-center\"><strong>MOVERSE<\/strong><\/p>\n<\/div><\/div>\n\n\n\n<div class=\"wp-block-uagb-column uagb-column__wrap uagb-column__background-undefined uagb-block-8cc81c49\"><div class=\"uagb-column__overlay\"><\/div><div class=\"uagb-column__inner-wrap\">\n<p class=\"has-text-align-center\"><img decoding=\"async\" width=\"64\" height=\"64\" class=\"wp-image-82\" style=\"width: 64px;\" src=\"https:\/\/supcom.standardof.net\/wp-content\/uploads\/sites\/8\/2020\/10\/ctrl.png\" alt=\"\" srcset=\"https:\/\/supcom.standardof.net\/wp-content\/uploads\/sites\/8\/2020\/10\/ctrl.png 128w, https:\/\/supcom.standardof.net\/wp-content\/uploads\/sites\/8\/2020\/10\/ctrl-12x12.png 12w\" sizes=\"(max-width: 64px) 100vw, 64px\" \/><img decoding=\"async\" width=\"64\" height=\"64\" class=\"wp-image-33\" style=\"width: 64px;\" src=\"https:\/\/supcom.standardof.net\/wp-content\/uploads\/sites\/8\/2020\/10\/K.png\" alt=\"\" srcset=\"https:\/\/supcom.standardof.net\/wp-content\/uploads\/sites\/8\/2020\/10\/K.png 128w, https:\/\/supcom.standardof.net\/wp-content\/uploads\/sites\/8\/2020\/10\/K-12x12.png 12w\" sizes=\"(max-width: 64px) 100vw, 64px\" \/><\/p>\n\n\n\n<p class=\"has-text-align-center\"><strong>KAMIKAZE<\/strong><\/p>\n<\/div><\/div>\n\n\n\n<div class=\"wp-block-uagb-column uagb-column__wrap uagb-column__background-undefined uagb-block-1ed0a259\"><div class=\"uagb-column__overlay\"><\/div><div class=\"uagb-column__inner-wrap\">\n<p class=\"has-text-align-center\"><img decoding=\"async\" width=\"64\" height=\"64\" class=\"wp-image-34\" style=\"width: 64px;\" src=\"https:\/\/supcom.standardof.net\/wp-content\/uploads\/sites\/8\/2020\/10\/L.png\" alt=\"\" srcset=\"https:\/\/supcom.standardof.net\/wp-content\/uploads\/sites\/8\/2020\/10\/L.png 128w, https:\/\/supcom.standardof.net\/wp-content\/uploads\/sites\/8\/2020\/10\/L-12x12.png 12w\" sizes=\"(max-width: 64px) 100vw, 64px\" \/><\/p>\n\n\n\n<p class=\"has-text-align-center\"><strong>LANZAMIENTO DE MISIL T\u00c1CTICO<\/strong><\/p>\n<\/div><\/div>\n<\/div><\/section>\n\n\n\n<section class=\"wp-block-uagb-columns uagb-columns__wrap uagb-columns__background-undefined uagb-columns__stack-mobile uagb-columns__valign-undefined uagb-columns__gap-10 alignundefined uagb-block-489f8f02\"><div class=\"uagb-columns__overlay\"><\/div><div class=\"uagb-columns__inner-wrap uagb-columns__columns-3\">\n<div class=\"wp-block-uagb-column uagb-column__wrap uagb-column__background-undefined uagb-block-08c7c30a\"><div class=\"uagb-column__overlay\"><\/div><div class=\"uagb-column__inner-wrap\">\n<p class=\"has-text-align-center\"><img decoding=\"async\" width=\"64\" height=\"64\" class=\"wp-image-43\" style=\"width: 64px;\" src=\"https:\/\/supcom.standardof.net\/wp-content\/uploads\/sites\/8\/2020\/10\/U.png\" alt=\"\" srcset=\"https:\/\/supcom.standardof.net\/wp-content\/uploads\/sites\/8\/2020\/10\/U.png 128w, https:\/\/supcom.standardof.net\/wp-content\/uploads\/sites\/8\/2020\/10\/U-12x12.png 12w\" sizes=\"(max-width: 64px) 100vw, 64px\" \/><\/p>\n\n\n\n<p class=\"has-text-align-center\"><strong>TRANSPORTE<\/strong><\/p>\n\n\n\n<p class=\"has-text-align-center\"><em>Presione Transport una vez para cargar y otra vez para descargar.<\/em><\/p>\n<\/div><\/div>\n\n\n\n<div class=\"wp-block-uagb-column uagb-column__wrap uagb-column__background-undefined uagb-block-2bcd961b\"><div class=\"uagb-column__overlay\"><\/div><div class=\"uagb-column__inner-wrap\">\n<p class=\"has-text-align-center\"><img decoding=\"async\" width=\"64\" height=\"64\" class=\"wp-image-38\" style=\"width: 64px;\" src=\"https:\/\/supcom.standardof.net\/wp-content\/uploads\/sites\/8\/2020\/10\/P.png\" alt=\"\" srcset=\"https:\/\/supcom.standardof.net\/wp-content\/uploads\/sites\/8\/2020\/10\/P.png 128w, https:\/\/supcom.standardof.net\/wp-content\/uploads\/sites\/8\/2020\/10\/P-12x12.png 12w\" sizes=\"(max-width: 64px) 100vw, 64px\" \/><\/p>\n\n\n\n<p class=\"has-text-align-center\"><strong>PATRULLA<\/strong><\/p>\n\n\n\n<p class=\"has-text-align-center\"><em>Los ingenieros configurados en Patrulla reparar\u00e1n y recuperar\u00e1n autom\u00e1ticamente.<\/em><\/p>\n<\/div><\/div>\n\n\n\n<div class=\"wp-block-uagb-column uagb-column__wrap uagb-column__background-undefined uagb-block-cb6c50ab\"><div class=\"uagb-column__overlay\"><\/div><div class=\"uagb-column__inner-wrap\">\n<p class=\"has-text-align-center\"><img decoding=\"async\" width=\"64\" height=\"64\" class=\"wp-image-61\" style=\"width: 64px;\" src=\"https:\/\/supcom.standardof.net\/wp-content\/uploads\/sites\/8\/2020\/10\/bracket-right.png\" alt=\"\" srcset=\"https:\/\/supcom.standardof.net\/wp-content\/uploads\/sites\/8\/2020\/10\/bracket-right.png 128w, https:\/\/supcom.standardof.net\/wp-content\/uploads\/sites\/8\/2020\/10\/bracket-right-12x12.png 12w\" sizes=\"(max-width: 64px) 100vw, 64px\" \/><\/p>\n\n\n\n<p class=\"has-text-align-center\"><strong>CAMBIAR EL ESTADO DEL FUEGO<\/strong><\/p>\n\n\n\n<p class=\"has-text-align-center\"><em>Alterna entre Disparar a voluntad, Mantener el fuego y Mantener el suelo.<\/em><\/p>\n<\/div><\/div>\n<\/div><\/section>\n\n\n\n<section class=\"wp-block-uagb-columns uagb-columns__wrap uagb-columns__background-undefined uagb-columns__stack-mobile uagb-columns__valign-undefined uagb-columns__gap-10 alignundefined uagb-block-69a42b39\"><div class=\"uagb-columns__overlay\"><\/div><div class=\"uagb-columns__inner-wrap uagb-columns__columns-2\">\n<div class=\"wp-block-uagb-column uagb-column__wrap uagb-column__background-undefined uagb-block-1c71a63b\"><div class=\"uagb-column__overlay\"><\/div><div class=\"uagb-column__inner-wrap\">\n<p class=\"has-text-align-center\"><img decoding=\"async\" width=\"64\" height=\"64\" class=\"wp-image-31\" style=\"width: 64px;\" src=\"https:\/\/supcom.standardof.net\/wp-content\/uploads\/sites\/8\/2020\/10\/I.png\" alt=\"\" srcset=\"https:\/\/supcom.standardof.net\/wp-content\/uploads\/sites\/8\/2020\/10\/I.png 128w, https:\/\/supcom.standardof.net\/wp-content\/uploads\/sites\/8\/2020\/10\/I-12x12.png 12w\" sizes=\"(max-width: 64px) 100vw, 64px\" \/><\/p>\n\n\n\n<p class=\"has-text-align-center\"><strong>AYUDAR<\/strong><\/p>\n\n\n\n<p class=\"has-text-align-center\"><em>Los ingenieros y Cybran Mantis reparar\u00e1n las unidades a las que est\u00e1n ayudando. Otras unidades se desplegar\u00e1n en formaci\u00f3n protectora alrededor de la unidad.<\/em><\/p>\n\n\n\n<p class=\"has-text-align-center\"><em>Las f\u00e1bricas asumir\u00e1n la cola de construcci\u00f3n y los pedidos predeterminados de la f\u00e1brica a la que est\u00e1n asistiendo. Los transportes que asisten a una f\u00e1brica se transportar\u00e1n para ayudar a realizar los pedidos predeterminados de la f\u00e1brica.<\/em><\/p>\n\n\n\n<p class=\"has-text-align-center\"><em>Las unidades a\u00e9reas que ayuden a una baliza de ferry intentar\u00e1n ayudar a transportar.<\/em><\/p>\n<\/div><\/div>\n\n\n\n<div class=\"wp-block-uagb-column uagb-column__wrap uagb-column__background-undefined uagb-block-0b636add\"><div class=\"uagb-column__overlay\"><\/div><div class=\"uagb-column__inner-wrap\">\n<p class=\"has-text-align-center\"><img decoding=\"async\" width=\"64\" height=\"64\" class=\"wp-image-28\" style=\"width: 64px;\" src=\"https:\/\/supcom.standardof.net\/wp-content\/uploads\/sites\/8\/2020\/10\/F.png\" alt=\"\" srcset=\"https:\/\/supcom.standardof.net\/wp-content\/uploads\/sites\/8\/2020\/10\/F.png 128w, https:\/\/supcom.standardof.net\/wp-content\/uploads\/sites\/8\/2020\/10\/F-12x12.png 12w\" sizes=\"(max-width: 64px) 100vw, 64px\" \/><\/p>\n\n\n\n<p class=\"has-text-align-center\"><strong>TRANSPORTAR<\/strong><\/p>\n\n\n\n<p class=\"has-text-align-center\"><em>Un transporte indicado a Ferry crear\u00e1 una baliza de ferry en su ubicaci\u00f3n actual y comenzar\u00e1 a transportar unidades al destino elegido.<\/em><\/p>\n<\/div><\/div>\n<\/div><\/section>\n\n\n\n<section class=\"wp-block-uagb-columns uagb-columns__wrap uagb-columns__background-undefined uagb-columns__stack-mobile uagb-columns__valign-undefined uagb-columns__gap-10 alignundefined uagb-block-ddb6ee3b\"><div class=\"uagb-columns__overlay\"><\/div><div class=\"uagb-columns__inner-wrap uagb-columns__columns-1\">\n<div class=\"wp-block-uagb-column uagb-column__wrap uagb-column__background-undefined uagb-block-8514f2ae\"><div class=\"uagb-column__overlay\"><\/div><div class=\"uagb-column__inner-wrap\">\n<h2 class=\"wp-block-heading\">Atajos no disponibles<\/h2>\n\n\n\n<p>No hay atajos en<em> Comandante supremo<\/em> para mejorar unidades, activar \/ desactivar el camuflaje y el sigilo, sacrificar, atracar u ordenar a las f\u00e1bricas que repitan pedidos; se debe hacer clic manualmente en la interfaz o en el modo de construcci\u00f3n.<\/p>\n<\/div><\/div>\n<\/div><\/section>\n\n\n\n<p><\/p>","protected":false},"excerpt":{"rendered":"<p>Giving Orders These commands relate to giving commands to your units in Supreme Commander, allowing for a great variety and complexity of the commands issued. Right Click: Give default order On terrain: Move On enemies: Attack Engineers will Capture enemies instead. On allies or construction: Assist &nbsp;Engineers will Repair construction instead. Transports will Transport allied [&hellip;]<\/p>","protected":false},"author":1,"featured_media":0,"parent":104,"menu_order":2,"comment_status":"closed","ping_status":"closed","template":"","meta":{"_uag_custom_page_level_css":"","site-sidebar-layout":"default","site-content-layout":"default","ast-site-content-layout":"","site-content-style":"default","site-sidebar-style":"default","ast-global-header-display":"","ast-banner-title-visibility":"","ast-main-header-display":"","ast-hfb-above-header-display":"","ast-hfb-below-header-display":"","ast-hfb-mobile-header-display":"","site-post-title":"","ast-breadcrumbs-content":"","ast-featured-img":"","footer-sml-layout":"","theme-transparent-header-meta":"default","adv-header-id-meta":"","stick-header-meta":"","header-above-stick-meta":"","header-main-stick-meta":"","header-below-stick-meta":"","astra-migrate-meta-layouts":"default","ast-page-background-enabled":"default","ast-page-background-meta":{"desktop":{"background-color":"","background-image":"","background-repeat":"repeat","background-position":"center center","background-size":"auto","background-attachment":"scroll","background-type":"","background-media":"","overlay-type":"","overlay-color":"","overlay-gradient":""},"tablet":{"background-color":"","background-image":"","background-repeat":"repeat","background-position":"center center","background-size":"auto","background-attachment":"scroll","background-type":"","background-media":"","overlay-type":"","overlay-color":"","overlay-gradient":""},"mobile":{"background-color":"","background-image":"","background-repeat":"repeat","background-position":"center center","background-size":"auto","background-attachment":"scroll","background-type":"","background-media":"","overlay-type":"","overlay-color":"","overlay-gradient":""}},"ast-content-background-meta":{"desktop":{"background-color":"var(--ast-global-color-5)","background-image":"","background-repeat":"repeat","background-position":"center center","background-size":"auto","background-attachment":"scroll","background-type":"","background-media":"","overlay-type":"","overlay-color":"","overlay-gradient":""},"tablet":{"background-color":"var(--ast-global-color-5)","background-image":"","background-repeat":"repeat","background-position":"center center","background-size":"auto","background-attachment":"scroll","background-type":"","background-media":"","overlay-type":"","overlay-color":"","overlay-gradient":""},"mobile":{"background-color":"var(--ast-global-color-5)","background-image":"","background-repeat":"repeat","background-position":"center center","background-size":"auto","background-attachment":"scroll","background-type":"","background-media":"","overlay-type":"","overlay-color":"","overlay-gradient":""}},"footnotes":""},"uagb_featured_image_src":{"full":false,"thumbnail":false,"medium":false,"medium_large":false,"large":false,"1536x1536":false,"2048x2048":false,"trp-custom-language-flag":false},"uagb_author_info":{"display_name":"SOE","author_link":"https:\/\/supcom.standardof.net\/es\/author\/k-tastic\/"},"uagb_comment_info":0,"uagb_excerpt":"Giving Orders These commands relate to giving commands to your units in Supreme Commander, allowing for a great variety and complexity of the commands issued. Right Click: Give default order On terrain: Move On enemies: Attack Engineers will Capture enemies instead. On allies or construction: Assist &nbsp;Engineers will Repair construction instead. Transports will Transport allied&hellip;","_links":{"self":[{"href":"https:\/\/supcom.standardof.net\/es\/wp-json\/wp\/v2\/pages\/114"}],"collection":[{"href":"https:\/\/supcom.standardof.net\/es\/wp-json\/wp\/v2\/pages"}],"about":[{"href":"https:\/\/supcom.standardof.net\/es\/wp-json\/wp\/v2\/types\/page"}],"author":[{"embeddable":true,"href":"https:\/\/supcom.standardof.net\/es\/wp-json\/wp\/v2\/users\/1"}],"replies":[{"embeddable":true,"href":"https:\/\/supcom.standardof.net\/es\/wp-json\/wp\/v2\/comments?post=114"}],"version-history":[{"count":0,"href":"https:\/\/supcom.standardof.net\/es\/wp-json\/wp\/v2\/pages\/114\/revisions"}],"up":[{"embeddable":true,"href":"https:\/\/supcom.standardof.net\/es\/wp-json\/wp\/v2\/pages\/104"}],"wp:attachment":[{"href":"https:\/\/supcom.standardof.net\/es\/wp-json\/wp\/v2\/media?parent=114"}],"curies":[{"name":"wp","href":"https:\/\/api.w.org\/{rel}","templated":true}]}}