{"id":117,"date":"2020-10-31T12:51:43","date_gmt":"2020-10-31T16:51:43","guid":{"rendered":"https:\/\/supcom.standardof.net\/?page_id=117"},"modified":"2020-10-31T12:51:43","modified_gmt":"2020-10-31T16:51:43","slug":"building","status":"publish","type":"page","link":"https:\/\/supcom.standardof.net\/es\/supreme-commander\/control-s\/edificio\/","title":{"rendered":"edificio"},"content":{"rendered":"<p>Estos son varios comandos de atajos de teclado vinculados a ayudar al jugador cuando se trata de construir estructuras o unidades con ingenieros y f\u00e1bricas respectivamente en Supreme Commander.<\/p>\n\n\n\n<p><strong>Haga clic izquierdo en la imagen de la unidad:<\/strong> Construir 1 unidad \/ estructura <br><strong>May\u00fas + clic izquierdo:<\/strong> Construye 5 unidades <br><strong>Bot\u00f3n derecho del rat\u00f3n:<\/strong> Cancelar la construcci\u00f3n de 1 unidad \/ estructura <br><strong>May\u00fas + clic derecho:<\/strong> Cancelar la construcci\u00f3n de 5 unidades \/ estructuras<\/p>\n\n\n\n<p><strong>Haz clic izquierdo en el mapa y mant\u00e9n presionado:<\/strong> Construye estructuras en esta l\u00ednea <br><strong>May\u00fas + Ctrl + clic derecho en el contorno de una estructura:<\/strong> Cancelar la construcci\u00f3n de esta estructura<\/p>\n\n\n\n<p><strong>SEGUNDO:<\/strong> Alternar modo de construcci\u00f3n <br><em>&nbsp;&nbsp;&nbsp;&nbsp; * En el modo de construcci\u00f3n, los atajos de teclado se refieren a cada edificio individual. <br>&nbsp;&nbsp;&nbsp;&nbsp; * Para obtener m\u00e1s informaci\u00f3n sobre el modo de compilaci\u00f3n, consulte las secciones posteriores de esta gu\u00eda.<\/em> <br><strong>Esc:<\/strong> Salir del modo de construcci\u00f3n<\/p>","protected":false},"excerpt":{"rendered":"<p>These are various keyboard shortcut commands tied to assisting the player when it comes to building structures or units with engineers and factories respectively in Supreme Commander. Left Click on unit picture: Build 1 unit\/structure Shift + Left Click: Build 5 units Right Click: Cancel building 1 unit\/structure Shift + Right Click: Cancel building 5 [&hellip;]<\/p>","protected":false},"author":1,"featured_media":5,"parent":104,"menu_order":3,"comment_status":"closed","ping_status":"closed","template":"","meta":{"_uag_custom_page_level_css":"","site-sidebar-layout":"default","site-content-layout":"default","ast-site-content-layout":"","site-content-style":"default","site-sidebar-style":"default","ast-global-header-display":"","ast-banner-title-visibility":"","ast-main-header-display":"","ast-hfb-above-header-display":"","ast-hfb-below-header-display":"","ast-hfb-mobile-header-display":"","site-post-title":"","ast-breadcrumbs-content":"","ast-featured-img":"","footer-sml-layout":"","theme-transparent-header-meta":"default","adv-header-id-meta":"","stick-header-meta":"","header-above-stick-meta":"","header-main-stick-meta":"","header-below-stick-meta":"","astra-migrate-meta-layouts":"default","ast-page-background-enabled":"default","ast-page-background-meta":{"desktop":{"background-color":"","background-image":"","background-repeat":"repeat","background-position":"center center","background-size":"auto","background-attachment":"scroll","background-type":"","background-media":"","overlay-type":"","overlay-color":"","overlay-gradient":""},"tablet":{"background-color":"","background-image":"","background-repeat":"repeat","background-position":"center center","background-size":"auto","background-attachment":"scroll","background-type":"","background-media":"","overlay-type":"","overlay-color":"","overlay-gradient":""},"mobile":{"background-color":"","background-image":"","background-repeat":"repeat","background-position":"center center","background-size":"auto","background-attachment":"scroll","background-type":"","background-media":"","overlay-type":"","overlay-color":"","overlay-gradient":""}},"ast-content-background-meta":{"desktop":{"background-color":"var(--ast-global-color-5)","background-image":"","background-repeat":"repeat","background-position":"center center","background-size":"auto","background-attachment":"scroll","background-type":"","background-media":"","overlay-type":"","overlay-color":"","overlay-gradient":""},"tablet":{"background-color":"var(--ast-global-color-5)","background-image":"","background-repeat":"repeat","background-position":"center center","background-size":"auto","background-attachment":"scroll","background-type":"","background-media":"","overlay-type":"","overlay-color":"","overlay-gradient":""},"mobile":{"background-color":"var(--ast-global-color-5)","background-image":"","background-repeat":"repeat","background-position":"center center","background-size":"auto","background-attachment":"scroll","background-type":"","background-media":"","overlay-type":"","overlay-color":"","overlay-gradient":""}},"footnotes":""},"uagb_featured_image_src":{"full":["https:\/\/supcom.standardof.net\/wp-content\/uploads\/sites\/8\/2020\/10\/Supreme-Commander-Header-UEF.jpg",1600,680,false],"thumbnail":["https:\/\/supcom.standardof.net\/wp-content\/uploads\/sites\/8\/2020\/10\/Supreme-Commander-Header-UEF-200x85.jpg",200,85,true],"medium":["https:\/\/supcom.standardof.net\/wp-content\/uploads\/sites\/8\/2020\/10\/Supreme-Commander-Header-UEF-512x218.jpg",512,218,true],"medium_large":["https:\/\/supcom.standardof.net\/wp-content\/uploads\/sites\/8\/2020\/10\/Supreme-Commander-Header-UEF-768x326.jpg",768,326,true],"large":["https:\/\/supcom.standardof.net\/wp-content\/uploads\/sites\/8\/2020\/10\/Supreme-Commander-Header-UEF-800x340.jpg",800,340,true],"1536x1536":["https:\/\/supcom.standardof.net\/wp-content\/uploads\/sites\/8\/2020\/10\/Supreme-Commander-Header-UEF-1536x653.jpg",1536,653,true],"2048x2048":["https:\/\/supcom.standardof.net\/wp-content\/uploads\/sites\/8\/2020\/10\/Supreme-Commander-Header-UEF.jpg",1600,680,false],"trp-custom-language-flag":["https:\/\/supcom.standardof.net\/wp-content\/uploads\/sites\/8\/2020\/10\/Supreme-Commander-Header-UEF-16x7.jpg",16,7,true]},"uagb_author_info":{"display_name":"SOE","author_link":"https:\/\/supcom.standardof.net\/es\/author\/k-tastic\/"},"uagb_comment_info":0,"uagb_excerpt":"These are various keyboard shortcut commands tied to assisting the player when it comes to building structures or units with engineers and factories respectively in Supreme Commander. Left Click on unit picture: Build 1 unit\/structure Shift + Left Click: Build 5 units Right Click: Cancel building 1 unit\/structure Shift + Right Click: Cancel building 5&hellip;","_links":{"self":[{"href":"https:\/\/supcom.standardof.net\/es\/wp-json\/wp\/v2\/pages\/117"}],"collection":[{"href":"https:\/\/supcom.standardof.net\/es\/wp-json\/wp\/v2\/pages"}],"about":[{"href":"https:\/\/supcom.standardof.net\/es\/wp-json\/wp\/v2\/types\/page"}],"author":[{"embeddable":true,"href":"https:\/\/supcom.standardof.net\/es\/wp-json\/wp\/v2\/users\/1"}],"replies":[{"embeddable":true,"href":"https:\/\/supcom.standardof.net\/es\/wp-json\/wp\/v2\/comments?post=117"}],"version-history":[{"count":0,"href":"https:\/\/supcom.standardof.net\/es\/wp-json\/wp\/v2\/pages\/117\/revisions"}],"up":[{"embeddable":true,"href":"https:\/\/supcom.standardof.net\/es\/wp-json\/wp\/v2\/pages\/104"}],"wp:featuredmedia":[{"embeddable":true,"href":"https:\/\/supcom.standardof.net\/es\/wp-json\/wp\/v2\/media\/5"}],"wp:attachment":[{"href":"https:\/\/supcom.standardof.net\/es\/wp-json\/wp\/v2\/media?parent=117"}],"curies":[{"name":"wp","href":"https:\/\/api.w.org\/{rel}","templated":true}]}}