{"id":119,"date":"2020-10-31T12:53:34","date_gmt":"2020-10-31T16:53:34","guid":{"rendered":"https:\/\/supcom.standardof.net\/?page_id=119"},"modified":"2020-11-04T09:17:53","modified_gmt":"2020-11-04T14:17:53","slug":"camera-and-interface","status":"publish","type":"page","link":"https:\/\/supcom.standardof.net\/es\/supreme-commander\/control-s\/camara-e-interfaz\/","title":{"rendered":"C\u00e1mara e interfaz"},"content":{"rendered":"<p>Estos atajos y comandos de teclado te permiten controlar la c\u00e1mara y la interfaz en Supreme Commander, lo que te da la posibilidad de modificar tu vista de la acci\u00f3n en el juego. Estos controles pueden ser tan importantes como cuando se trata de dar \u00f3rdenes, ya que eres el cerebro detr\u00e1s de tus ej\u00e9rcitos, la capacidad para que puedas ver lo que est\u00e1 sucediendo con facilidad es primordial.<\/p>\n\n\n\n<p><strong>Barra espaciadora y mantenga:<\/strong> <strong>Pan <\/strong>y <strong>Girar <\/strong>C\u00e1mara libremente <br><strong>Q:<\/strong> Acercarse <br><strong>W:<\/strong> Disminuir el zoom <br><strong>Ctrl + Q:<\/strong> Acercar r\u00e1pido <br><strong>Ctrl + W:<\/strong> Alejar r\u00e1pidamente <br><strong>T:<\/strong> Unidad de seguimiento <br><strong>Ctrl + May\u00fas + T:<\/strong> Unidad de seguimiento en minimapa <br><strong>Ctrl + Alt + T:<\/strong> Unidad de seguimiento en la segunda pantalla <br><strong>Leng\u00fceta:<\/strong> Ir a la siguiente posici\u00f3n de c\u00e1mara guardada <br><strong>May\u00fas + Tabulador:<\/strong> Guardar esta posici\u00f3n de la c\u00e1mara <br><strong>Ctrl + Tabulador:<\/strong> Eliminar la posici\u00f3n de la c\u00e1mara <br><strong>Ctrl + V:<\/strong> Establecer la posici\u00f3n de esta c\u00e1mara como vista predeterminada <br><strong>V:<\/strong> Restablecer c\u00e1mara <br><strong>Ctrl + F:<\/strong> Tomar captura de pantalla<\/p>\n\n\n\n<p><strong>Y:<\/strong> Abrir men\u00fa Minimapa<\/p>\n\n\n\n<p><strong>Marcadores para aliados:<\/strong> <br><strong>F5:<\/strong> Marcar la ubicaci\u00f3n como &quot;Alerta general&quot; <br><strong>F6:<\/strong> Marcar la ubicaci\u00f3n como &quot;Mover&quot; <br><strong>F7:<\/strong> Marcar la ubicaci\u00f3n como &quot;Ataque&quot;<br>&nbsp;&nbsp;&nbsp;&nbsp; <em>* Estos tres marcadores desaparecen despu\u00e9s de 10 segundos.<\/em> <br><strong>F8:<\/strong> Marcador personalizado para ubicaci\u00f3n<br>&nbsp;&nbsp;&nbsp; <strong> May\u00fas + Ctrl + Clic derecho:<\/strong> Quitar marcador personalizado<br>&nbsp;&nbsp;&nbsp;&nbsp; <strong>May\u00fas + clic izquierdo y arrastrar:<\/strong> Mover marcador personalizado (los aliados pueden hacer esto)<\/p>\n\n\n\n<p><strong>Esc:<\/strong> Abrir el men\u00fa Escape<br>&nbsp;&nbsp;&nbsp;&nbsp; <em>* En la campa\u00f1a o escaramuza, esto detendr\u00e1 el juego.<\/em> <br><strong>Alt + Flecha arriba o Alt + Flecha abajo:<\/strong> Alternar interfaz de usuario<br>&nbsp;&nbsp;&nbsp;&nbsp; Hay cuatro IU posibles:<br>&nbsp;&nbsp;&nbsp;&nbsp; Predeterminado: parte inferior de la pantalla<br>&nbsp;&nbsp;&nbsp;&nbsp; Lado izquierdo de la pantalla<br>&nbsp;&nbsp;&nbsp;&nbsp; Lado derecho de la pantalla<br>&nbsp;&nbsp;&nbsp;&nbsp; Minimalista: peque\u00f1o y transparente en la parte inferior de la pantalla <br><strong>Ctrl + Alt + F1:<\/strong> Activar \/ desactivar la interfaz de usuario <br><strong>Alt + L:<\/strong> Activar \/ desactivar las barras de vida <br><strong>Ctrl + N:<\/strong> Cambiar nombre de unidad <br><strong>Hogar:<\/strong> Pantalla dividida activada <br><strong>Fin:<\/strong> Pantalla dividida apagada <br><strong>P\u00e1gina arriba:<\/strong> Desplazarse hacia arriba 1 p\u00e1gina a trav\u00e9s del historial de chat <br><strong>P\u00e1gina abajo:<\/strong> Despl\u00e1cese hacia abajo 1 p\u00e1gina a trav\u00e9s del historial de chat <br><strong>May\u00fas + ReP\u00e1g:<\/strong> Desplazarse hacia arriba 1 l\u00ednea a trav\u00e9s del historial de chat <br><strong>Shift + PageDown:<\/strong> Despl\u00e1cese hacia abajo 1 l\u00ednea a trav\u00e9s del historial de chat<\/p>\n\n\n\n<p><strong>Ctrl + W:<\/strong> Alternar superposici\u00f3n militar (muestra los rangos de armas) <br><strong>Ctrl + E:<\/strong> Alternar superposici\u00f3n de defensa (cambia los colores de los iconos) <br><strong>Ctrl + R:<\/strong> Alternar superposici\u00f3n econ\u00f3mica (muestra el uso de recursos) <br><strong>Ctrl + T:<\/strong> Alternar superposici\u00f3n de Intel (muestra rangos de radar)<\/p>\n\n\n\n<p><strong>F1:<\/strong> Alternar ventana de objetivos <br><strong>F2:<\/strong> Alternar puntuaciones <br><strong>F3:<\/strong> Alternar registro de transmisi\u00f3n <br><strong>F4:<\/strong> Alternar ventana de diplomacia <br><strong>F11:<\/strong> Alternar ventana de conectividad <br><strong>F12:<\/strong> Mostrar pantalla de combinaciones de teclas<\/p>\n\n\n\n<p><strong>Pausa:<\/strong> Pausar juego <br><strong>Menos en el teclado num\u00e9rico:<\/strong> Disminuir la velocidad del juego <br><strong>M\u00e1s en el teclado num\u00e9rico:<\/strong> Aumenta la velocidad del juego <br><strong>Estrella en el teclado num\u00e9rico:<\/strong> Restablece la velocidad del juego a +0<\/p>","protected":false},"excerpt":{"rendered":"<p>These shortcuts and keyboard commands allow you to control the camera and interface in Supreme Commander, thus giving you the ability to modify your view of the action in-game. These controls can be just as important as when it comes to giving orders, since you being the mastermind behind you armies, the ability for you [&hellip;]<\/p>","protected":false},"author":1,"featured_media":5,"parent":104,"menu_order":4,"comment_status":"closed","ping_status":"closed","template":"","meta":{"_uag_custom_page_level_css":"","site-sidebar-layout":"default","site-content-layout":"default","ast-site-content-layout":"","site-content-style":"default","site-sidebar-style":"default","ast-global-header-display":"","ast-banner-title-visibility":"","ast-main-header-display":"","ast-hfb-above-header-display":"","ast-hfb-below-header-display":"","ast-hfb-mobile-header-display":"","site-post-title":"","ast-breadcrumbs-content":"","ast-featured-img":"","footer-sml-layout":"","theme-transparent-header-meta":"default","adv-header-id-meta":"","stick-header-meta":"","header-above-stick-meta":"","header-main-stick-meta":"","header-below-stick-meta":"","astra-migrate-meta-layouts":"default","ast-page-background-enabled":"default","ast-page-background-meta":{"desktop":{"background-color":"","background-image":"","background-repeat":"repeat","background-position":"center center","background-size":"auto","background-attachment":"scroll","background-type":"","background-media":"","overlay-type":"","overlay-color":"","overlay-gradient":""},"tablet":{"background-color":"","background-image":"","background-repeat":"repeat","background-position":"center center","background-size":"auto","background-attachment":"scroll","background-type":"","background-media":"","overlay-type":"","overlay-color":"","overlay-gradient":""},"mobile":{"background-color":"","background-image":"","background-repeat":"repeat","background-position":"center center","background-size":"auto","background-attachment":"scroll","background-type":"","background-media":"","overlay-type":"","overlay-color":"","overlay-gradient":""}},"ast-content-background-meta":{"desktop":{"background-color":"var(--ast-global-color-5)","background-image":"","background-repeat":"repeat","background-position":"center center","background-size":"auto","background-attachment":"scroll","background-type":"","background-media":"","overlay-type":"","overlay-color":"","overlay-gradient":""},"tablet":{"background-color":"var(--ast-global-color-5)","background-image":"","background-repeat":"repeat","background-position":"center center","background-size":"auto","background-attachment":"scroll","background-type":"","background-media":"","overlay-type":"","overlay-color":"","overlay-gradient":""},"mobile":{"background-color":"var(--ast-global-color-5)","background-image":"","background-repeat":"repeat","background-position":"center center","background-size":"auto","background-attachment":"scroll","background-type":"","background-media":"","overlay-type":"","overlay-color":"","overlay-gradient":""}},"footnotes":""},"uagb_featured_image_src":{"full":["https:\/\/supcom.standardof.net\/wp-content\/uploads\/sites\/8\/2020\/10\/Supreme-Commander-Header-UEF.jpg",1600,680,false],"thumbnail":["https:\/\/supcom.standardof.net\/wp-content\/uploads\/sites\/8\/2020\/10\/Supreme-Commander-Header-UEF-200x85.jpg",200,85,true],"medium":["https:\/\/supcom.standardof.net\/wp-content\/uploads\/sites\/8\/2020\/10\/Supreme-Commander-Header-UEF-512x218.jpg",512,218,true],"medium_large":["https:\/\/supcom.standardof.net\/wp-content\/uploads\/sites\/8\/2020\/10\/Supreme-Commander-Header-UEF-768x326.jpg",768,326,true],"large":["https:\/\/supcom.standardof.net\/wp-content\/uploads\/sites\/8\/2020\/10\/Supreme-Commander-Header-UEF-800x340.jpg",800,340,true],"1536x1536":["https:\/\/supcom.standardof.net\/wp-content\/uploads\/sites\/8\/2020\/10\/Supreme-Commander-Header-UEF-1536x653.jpg",1536,653,true],"2048x2048":["https:\/\/supcom.standardof.net\/wp-content\/uploads\/sites\/8\/2020\/10\/Supreme-Commander-Header-UEF.jpg",1600,680,false],"trp-custom-language-flag":["https:\/\/supcom.standardof.net\/wp-content\/uploads\/sites\/8\/2020\/10\/Supreme-Commander-Header-UEF-16x7.jpg",16,7,true]},"uagb_author_info":{"display_name":"SOE","author_link":"https:\/\/supcom.standardof.net\/es\/author\/k-tastic\/"},"uagb_comment_info":0,"uagb_excerpt":"These shortcuts and keyboard commands allow you to control the camera and interface in Supreme Commander, thus giving you the ability to modify your view of the action in-game. These controls can be just as important as when it comes to giving orders, since you being the mastermind behind you armies, the ability for you&hellip;","_links":{"self":[{"href":"https:\/\/supcom.standardof.net\/es\/wp-json\/wp\/v2\/pages\/119"}],"collection":[{"href":"https:\/\/supcom.standardof.net\/es\/wp-json\/wp\/v2\/pages"}],"about":[{"href":"https:\/\/supcom.standardof.net\/es\/wp-json\/wp\/v2\/types\/page"}],"author":[{"embeddable":true,"href":"https:\/\/supcom.standardof.net\/es\/wp-json\/wp\/v2\/users\/1"}],"replies":[{"embeddable":true,"href":"https:\/\/supcom.standardof.net\/es\/wp-json\/wp\/v2\/comments?post=119"}],"version-history":[{"count":0,"href":"https:\/\/supcom.standardof.net\/es\/wp-json\/wp\/v2\/pages\/119\/revisions"}],"up":[{"embeddable":true,"href":"https:\/\/supcom.standardof.net\/es\/wp-json\/wp\/v2\/pages\/104"}],"wp:featuredmedia":[{"embeddable":true,"href":"https:\/\/supcom.standardof.net\/es\/wp-json\/wp\/v2\/media\/5"}],"wp:attachment":[{"href":"https:\/\/supcom.standardof.net\/es\/wp-json\/wp\/v2\/media?parent=119"}],"curies":[{"name":"wp","href":"https:\/\/api.w.org\/{rel}","templated":true}]}}