{"id":122,"date":"2020-10-31T12:58:50","date_gmt":"2020-10-31T16:58:50","guid":{"rendered":"https:\/\/supcom.standardof.net\/?page_id=122"},"modified":"2020-10-31T23:56:52","modified_gmt":"2020-11-01T03:56:52","slug":"campaign-walkthroughs","status":"publish","type":"page","link":"https:\/\/supcom.standardof.net\/es\/supreme-commander\/recorridos-de-campana\/","title":{"rendered":"Tutoriales de campa\u00f1as"},"content":{"rendered":"<p>Hay 3 campa\u00f1as independientes en Supreme Commander, una para cada facci\u00f3n, UEF, Cybran y Aeon. Cada una de las campa\u00f1as tiene 6 misiones, haciendo un total de 18. Cada serie de misiones retratar\u00e1 el punto de vista y la participaci\u00f3n de dicha facci\u00f3n en la Guerra Infinita que consume el universo en el juego.<\/p>\n\n\n\n<h3 class=\"wp-block-heading\">Algunas notas clave sobre la gesti\u00f3n de objetivos:<\/h3>\n\n\n\n<ul><li>Sus objetivos actuales aparecer\u00e1n en la esquina superior izquierda de la pantalla, frente a la lista de sus grupos y ACU en la esquina superior derecha.<\/li><li>Al hacer clic con el bot\u00f3n izquierdo en un objetivo, el mapa se centra en ese objetivo.<\/li><li>Al hacer clic con el bot\u00f3n derecho en un objetivo, se detiene el juego y se accede a una pantalla que explica ese objetivo.<\/li><li>Al presionar F1, el juego se detiene y aparece una lista de objetivos.<\/li><\/ul>\n\n\n\n<p><strong>Nota:<\/strong> Los tutoriales en video se realizan en <strong>Dif\u00edcil<\/strong> y proporcionar la descripci\u00f3n general m\u00e1s detallada de esta configuraci\u00f3n de dificultad.<\/p>\n\n\n\n<h2 class=\"wp-block-heading\">Tutoriales de campa\u00f1as<\/h2>\n\n\n\n<section class=\"wp-block-uagb-columns uagb-columns__wrap uagb-columns__background-undefined uagb-columns__stack-mobile uagb-columns__valign-undefined uagb-columns__gap-10 alignundefined uagb-block-8088c2ff\"><div class=\"uagb-columns__overlay\"><\/div><div class=\"uagb-columns__inner-wrap uagb-columns__columns-1\">\n<div class=\"wp-block-uagb-column uagb-column__wrap uagb-column__background-undefined uagb-block-5abbc3c6\"><div class=\"uagb-column__overlay\"><\/div><div class=\"uagb-column__inner-wrap\">\n<h3 class=\"wp-block-heading\" id=\"UEF-Campaign\">Campa\u00f1a UEF<\/h3>\n\n\n\n<ol><li><a href=\"https:\/\/supcom.standardof.net\/es\/supreme-commander\/recorridos-de-campana\/uef-operacion-tierra-negra\/\">Operaci\u00f3n Tierra Negra<\/a><\/li><li><a href=\"https:\/\/supcom.standardof.net\/es\/supreme-commander\/recorridos-de-campana\/uef-operacion-nieve-ciega\/\">Operaci\u00f3n Snow Blind<\/a><\/li><li><a href=\"https:\/\/supcom.standardof.net\/es\/supreme-commander\/recorridos-de-campana\/uef-operacion-metal-shark\/\">Operaci\u00f3n Metal Shark<\/a><\/li><li><a href=\"https:\/\/supcom.standardof.net\/es\/supreme-commander\/recorridos-de-campana\/uef-operacion-vacuna\/\" class=\"rank-math-link\">Operaci\u00f3n Vacuna<\/a><\/li><li><a href=\"https:\/\/supcom.standardof.net\/es\/supreme-commander\/recorridos-de-campana\/uef-operacion-forja\/\" class=\"rank-math-link\">Operaci\u00f3n Forja<\/a><\/li><li><a href=\"https:\/\/supcom.standardof.net\/es\/supreme-commander\/recorridos-de-campana\/uef-operacion-muro-de-piedra\/\" class=\"rank-math-link\">Operaci\u00f3n Muro de Piedra<\/a><\/li><\/ol>\n<\/div><\/div>\n<\/div><\/section>\n\n\n\n<section class=\"wp-block-uagb-columns uagb-columns__wrap uagb-columns__background-undefined uagb-columns__stack-mobile uagb-columns__valign-undefined uagb-columns__gap-10 alignundefined uagb-block-7bcf6014\"><div class=\"uagb-columns__overlay\"><\/div><div class=\"uagb-columns__inner-wrap uagb-columns__columns-1\">\n<div class=\"wp-block-uagb-column uagb-column__wrap uagb-column__background-undefined uagb-block-0d18d63f\"><div class=\"uagb-column__overlay\"><\/div><div class=\"uagb-column__inner-wrap\">\n<h3 class=\"wp-block-heading\" id=\"Cybran-Campaign\">Campa\u00f1a Cybran<\/h3>\n\n\n\n<ol><li><a href=\"https:\/\/supcom.standardof.net\/es\/supreme-commander\/recorridos-de-campana\/cybran-operation-liberation\/\" class=\"rank-math-link\">Operaci\u00f3n Liberaci\u00f3n<\/a><\/li><li><a href=\"https:\/\/supcom.standardof.net\/es\/supreme-commander\/recorridos-de-campana\/artefacto-operacion-cybran\/\" class=\"rank-math-link\">Operaci\u00f3n Artefacto<\/a><\/li><li><a href=\"https:\/\/supcom.standardof.net\/es\/supreme-commander\/recorridos-de-campana\/cybran-operation-defrag\/\" class=\"rank-math-link\">Operaci\u00f3n Defrag<\/a><\/li><li><a href=\"https:\/\/supcom.standardof.net\/es\/supreme-commander\/recorridos-de-campana\/cybran-operacion-mainframe-tango\/\" class=\"rank-math-link\">Operaci\u00f3n Mainframe Tango<\/a><\/li><li><a href=\"https:\/\/supcom.standardof.net\/es\/supreme-commander\/recorridos-de-campana\/cybran-operation-unlock\/\" class=\"rank-math-link\">Operaci\u00f3n Desbloqueo<\/a><\/li><li><a href=\"https:\/\/supcom.standardof.net\/es\/supreme-commander\/recorridos-de-campana\/cybran-operation-freedom\/\" class=\"rank-math-link\">Operaci\u00f3n Libertad<\/a><\/li><\/ol>\n<\/div><\/div>\n<\/div><\/section>\n\n\n\n<section class=\"wp-block-uagb-columns uagb-columns__wrap uagb-columns__background-undefined uagb-columns__stack-mobile uagb-columns__valign-undefined uagb-columns__gap-10 alignundefined uagb-block-fd9a3098\"><div class=\"uagb-columns__overlay\"><\/div><div class=\"uagb-columns__inner-wrap uagb-columns__columns-1\">\n<div class=\"wp-block-uagb-column uagb-column__wrap uagb-column__background-undefined uagb-block-f159f760\"><div class=\"uagb-column__overlay\"><\/div><div class=\"uagb-column__inner-wrap\">\n<h3 class=\"wp-block-heading\" id=\"Aeon-Campaign\">Campa\u00f1a Aeon<\/h3>\n\n\n\n<ol><li><a href=\"https:\/\/supcom.standardof.net\/es\/supreme-commander\/recorridos-de-campana\/eon-operacion-justa\/\" class=\"rank-math-link\">Operaci\u00f3n Justa<\/a><\/li><li><a href=\"https:\/\/supcom.standardof.net\/es\/supreme-commander\/recorridos-de-campana\/eon-operacion-maquina-purga\/\" class=\"rank-math-link\">Operaci\u00f3n Purga de la m\u00e1quina<\/a><\/li><li><a href=\"https:\/\/supcom.standardof.net\/es\/supreme-commander\/recorridos-de-campana\/eon-operacion-marea-alta\/\" class=\"rank-math-link\">Operaci\u00f3n marea alta<\/a><\/li><li><a href=\"https:\/\/supcom.standardof.net\/es\/supreme-commander\/recorridos-de-campana\/entidad-operacion-eon\/\" class=\"rank-math-link\">Entidad de operaci\u00f3n<\/a><\/li><li><a href=\"https:\/\/supcom.standardof.net\/es\/supreme-commander\/recorridos-de-campana\/eon-operacion-estrella-brillante\/\" class=\"rank-math-link\">Operaci\u00f3n estrella brillante<\/a><\/li><li><a href=\"https:\/\/supcom.standardof.net\/es\/supreme-commander\/recorridos-de-campana\/eon-operacion-comienzos\/\" class=\"rank-math-link\">Inicios de la operaci\u00f3n<\/a><\/li><\/ol>\n<\/div><\/div>\n<\/div><\/section>","protected":false},"excerpt":{"rendered":"<p>There are 3 separate campaigns in Supreme Commander, one for each faction, the UEF, Cybran and Aeon. Each of the campaigns has 6 missions, making 18 total. Each series of missions will portray the viewpoint and involvement of said faction in the Infinite War which consumes the universe in the game. Some Key Notes on [&hellip;]<\/p>","protected":false},"author":1,"featured_media":5,"parent":14,"menu_order":1,"comment_status":"closed","ping_status":"closed","template":"","meta":{"_uag_custom_page_level_css":"","site-sidebar-layout":"default","site-content-layout":"default","ast-site-content-layout":"","site-content-style":"default","site-sidebar-style":"default","ast-global-header-display":"","ast-banner-title-visibility":"","ast-main-header-display":"","ast-hfb-above-header-display":"","ast-hfb-below-header-display":"","ast-hfb-mobile-header-display":"","site-post-title":"","ast-breadcrumbs-content":"","ast-featured-img":"","footer-sml-layout":"","theme-transparent-header-meta":"default","adv-header-id-meta":"","stick-header-meta":"","header-above-stick-meta":"","header-main-stick-meta":"","header-below-stick-meta":"","astra-migrate-meta-layouts":"default","ast-page-background-enabled":"default","ast-page-background-meta":{"desktop":{"background-color":"","background-image":"","background-repeat":"repeat","background-position":"center center","background-size":"auto","background-attachment":"scroll","background-type":"","background-media":"","overlay-type":"","overlay-color":"","overlay-gradient":""},"tablet":{"background-color":"","background-image":"","background-repeat":"repeat","background-position":"center center","background-size":"auto","background-attachment":"scroll","background-type":"","background-media":"","overlay-type":"","overlay-color":"","overlay-gradient":""},"mobile":{"background-color":"","background-image":"","background-repeat":"repeat","background-position":"center center","background-size":"auto","background-attachment":"scroll","background-type":"","background-media":"","overlay-type":"","overlay-color":"","overlay-gradient":""}},"ast-content-background-meta":{"desktop":{"background-color":"var(--ast-global-color-5)","background-image":"","background-repeat":"repeat","background-position":"center center","background-size":"auto","background-attachment":"scroll","background-type":"","background-media":"","overlay-type":"","overlay-color":"","overlay-gradient":""},"tablet":{"background-color":"var(--ast-global-color-5)","background-image":"","background-repeat":"repeat","background-position":"center center","background-size":"auto","background-attachment":"scroll","background-type":"","background-media":"","overlay-type":"","overlay-color":"","overlay-gradient":""},"mobile":{"background-color":"var(--ast-global-color-5)","background-image":"","background-repeat":"repeat","background-position":"center center","background-size":"auto","background-attachment":"scroll","background-type":"","background-media":"","overlay-type":"","overlay-color":"","overlay-gradient":""}},"footnotes":""},"uagb_featured_image_src":{"full":["https:\/\/supcom.standardof.net\/wp-content\/uploads\/sites\/8\/2020\/10\/Supreme-Commander-Header-UEF.jpg",1600,680,false],"thumbnail":["https:\/\/supcom.standardof.net\/wp-content\/uploads\/sites\/8\/2020\/10\/Supreme-Commander-Header-UEF-200x85.jpg",200,85,true],"medium":["https:\/\/supcom.standardof.net\/wp-content\/uploads\/sites\/8\/2020\/10\/Supreme-Commander-Header-UEF-512x218.jpg",512,218,true],"medium_large":["https:\/\/supcom.standardof.net\/wp-content\/uploads\/sites\/8\/2020\/10\/Supreme-Commander-Header-UEF-768x326.jpg",768,326,true],"large":["https:\/\/supcom.standardof.net\/wp-content\/uploads\/sites\/8\/2020\/10\/Supreme-Commander-Header-UEF-800x340.jpg",800,340,true],"1536x1536":["https:\/\/supcom.standardof.net\/wp-content\/uploads\/sites\/8\/2020\/10\/Supreme-Commander-Header-UEF-1536x653.jpg",1536,653,true],"2048x2048":["https:\/\/supcom.standardof.net\/wp-content\/uploads\/sites\/8\/2020\/10\/Supreme-Commander-Header-UEF.jpg",1600,680,false],"trp-custom-language-flag":["https:\/\/supcom.standardof.net\/wp-content\/uploads\/sites\/8\/2020\/10\/Supreme-Commander-Header-UEF-16x7.jpg",16,7,true]},"uagb_author_info":{"display_name":"SOE","author_link":"https:\/\/supcom.standardof.net\/es\/author\/k-tastic\/"},"uagb_comment_info":0,"uagb_excerpt":"There are 3 separate campaigns in Supreme Commander, one for each faction, the UEF, Cybran and Aeon. Each of the campaigns has 6 missions, making 18 total. Each series of missions will portray the viewpoint and involvement of said faction in the Infinite War which consumes the universe in the game. Some Key Notes on&hellip;","_links":{"self":[{"href":"https:\/\/supcom.standardof.net\/es\/wp-json\/wp\/v2\/pages\/122"}],"collection":[{"href":"https:\/\/supcom.standardof.net\/es\/wp-json\/wp\/v2\/pages"}],"about":[{"href":"https:\/\/supcom.standardof.net\/es\/wp-json\/wp\/v2\/types\/page"}],"author":[{"embeddable":true,"href":"https:\/\/supcom.standardof.net\/es\/wp-json\/wp\/v2\/users\/1"}],"replies":[{"embeddable":true,"href":"https:\/\/supcom.standardof.net\/es\/wp-json\/wp\/v2\/comments?post=122"}],"version-history":[{"count":0,"href":"https:\/\/supcom.standardof.net\/es\/wp-json\/wp\/v2\/pages\/122\/revisions"}],"up":[{"embeddable":true,"href":"https:\/\/supcom.standardof.net\/es\/wp-json\/wp\/v2\/pages\/14"}],"wp:featuredmedia":[{"embeddable":true,"href":"https:\/\/supcom.standardof.net\/es\/wp-json\/wp\/v2\/media\/5"}],"wp:attachment":[{"href":"https:\/\/supcom.standardof.net\/es\/wp-json\/wp\/v2\/media?parent=122"}],"curies":[{"name":"wp","href":"https:\/\/api.w.org\/{rel}","templated":true}]}}