{"id":153,"date":"2020-10-31T14:02:43","date_gmt":"2020-10-31T18:02:43","guid":{"rendered":"https:\/\/supcom.standardof.net\/?page_id=153"},"modified":"2020-10-31T14:39:12","modified_gmt":"2020-10-31T18:39:12","slug":"uef-operation-metal-shark","status":"publish","type":"page","link":"https:\/\/supcom.standardof.net\/es\/supreme-commander\/recorridos-de-campana\/uef-operacion-metal-shark\/","title":{"rendered":"UEF Mission 3 - Operaci\u00f3n Metal Shark"},"content":{"rendered":"<p>Despu\u00e9s de recibir un ascenso a capit\u00e1n por sus esfuerzos anteriores en Snow Blind, ahora tiene la tarea en Operation Metal Shark de dirigirse con Arnold al mundo del borde Matar, donde los Aeon est\u00e1n lavando el cerebro o masacrando a la poblaci\u00f3n local. Operation Metal Shark ser\u00e1 el primer mapa principalmente naval en el que luchar\u00e1s en la campa\u00f1a UEF, y la \u00fanica misi\u00f3n que gira exclusivamente en torno al combate no terrestre.<\/p>\n\n\n\n<section class=\"wp-block-uagb-columns uagb-columns__wrap uagb-columns__background-undefined uagb-columns__stack-mobile uagb-columns__valign-undefined uagb-columns__gap-10 alignundefined uagb-block-2f35daeb\"><div class=\"uagb-columns__overlay\"><\/div><div class=\"uagb-columns__inner-wrap uagb-columns__columns-1\">\n<div class=\"wp-block-uagb-column uagb-column__wrap uagb-column__background-undefined uagb-block-66b45250\"><div class=\"uagb-column__overlay\"><\/div><div class=\"uagb-column__inner-wrap\">\n<h3 class=\"wp-block-heading\">1. DERROTA A FRIGATE FORCE<\/h3>\n\n\n\n<p><a href=\"https:\/\/www.standardof.net\/wp-content\/uploads\/2011\/10\/M-uef-3-1.avi_snapshot_00.11.04_2011.10.25_04.51.50.png\" class=\"rank-math-link\" target=\"_blank\" rel=\"noopener\"><\/a>Una flota de seis fragatas patrulla al sur. Para derrotarlos, necesitar\u00e1s una armada considerable, as\u00ed que construye tu isla inicial con mucha defensa a\u00e9rea y mar\u00edtima antes de comenzar este objetivo. Una fuerza mixta de submarinos y bombarderos funciona mejor, ya que dificultan la vida de los ingenieros que construyen lanzadores de torpedos o fragatas enemigas. Si ha desbloqueado ca\u00f1oneras con los objetivos 2 y 3, esos son excelentes.<\/p>\n\n\n\n<div class=\"wp-block-image\"><figure class=\"aligncenter size-large\"><a href=\"https:\/\/supcom.standardof.net\/es\/supreme-commander\/recorridos-de-campana\/uef-operacion-metal-shark\/uef-mission-3-operation-metal-shark-1\/\"><img decoding=\"async\" width=\"750\" height=\"601\" src=\"https:\/\/supcom.standardof.net\/wp-content\/uploads\/sites\/8\/2020\/10\/UEF-Mission-3-\u2013-Operation-Metal-Shark-1.jpg\" alt=\"\" class=\"wp-image-154\" srcset=\"https:\/\/supcom.standardof.net\/wp-content\/uploads\/sites\/8\/2020\/10\/UEF-Mission-3-\u2013-Operation-Metal-Shark-1.jpg 750w, https:\/\/supcom.standardof.net\/wp-content\/uploads\/sites\/8\/2020\/10\/UEF-Mission-3-\u2013-Operation-Metal-Shark-1-512x410.jpg 512w, https:\/\/supcom.standardof.net\/wp-content\/uploads\/sites\/8\/2020\/10\/UEF-Mission-3-\u2013-Operation-Metal-Shark-1-200x160.jpg 200w, https:\/\/supcom.standardof.net\/wp-content\/uploads\/sites\/8\/2020\/10\/UEF-Mission-3-\u2013-Operation-Metal-Shark-1-16x12.jpg 16w\" sizes=\"(max-width: 750px) 100vw, 750px\" \/><\/a><\/figure><\/div>\n<\/div><\/div>\n<\/div><\/section>\n\n\n\n<section class=\"wp-block-uagb-columns uagb-columns__wrap uagb-columns__background-undefined uagb-columns__stack-mobile uagb-columns__valign-undefined uagb-columns__gap-10 alignundefined uagb-block-cfe39f80\"><div class=\"uagb-columns__overlay\"><\/div><div class=\"uagb-columns__inner-wrap uagb-columns__columns-1\">\n<div class=\"wp-block-uagb-column uagb-column__wrap uagb-column__background-undefined uagb-block-00145445\"><div class=\"uagb-column__overlay\"><\/div><div class=\"uagb-column__inner-wrap\">\n<h3 class=\"wp-block-heading\">2. CONSTRUYE LA INSTALACI\u00d3N DEL SONAR<\/h3>\n\n\n\n<p>El objetivo m\u00e1s sencillo desde &quot;Construir 3 extractores de masa&quot;. Constr\u00fayalo cerca de un lanzador de torpedos para que pueda tener alguna advertencia anticipada para sus defensas.<\/p>\n<\/div><\/div>\n<\/div><\/section>\n\n\n\n<section class=\"wp-block-uagb-columns uagb-columns__wrap uagb-columns__background-undefined uagb-columns__stack-mobile uagb-columns__valign-undefined uagb-columns__gap-10 alignundefined uagb-block-13f08576\"><div class=\"uagb-columns__overlay\"><\/div><div class=\"uagb-columns__inner-wrap uagb-columns__columns-1\">\n<div class=\"wp-block-uagb-column uagb-column__wrap uagb-column__background-undefined uagb-block-0b9139f6\"><div class=\"uagb-column__overlay\"><\/div><div class=\"uagb-column__inner-wrap\">\n<h3 class=\"wp-block-heading\">3. DESTRUIR TODOS LOS GRUPOS SUBMARINOS ENEMIGOS<\/h3>\n\n\n\n<p><a href=\"https:\/\/www.standardof.net\/wp-content\/uploads\/2011\/10\/M-uef-3-1.avi_snapshot_00.15.39_2011.10.25_04.54.34.png\" class=\"rank-math-link\" target=\"_blank\" rel=\"noopener\"><\/a>La \u00fanica forma real de derrotar a los submarinos enemigos es tener muchos submarinos propios. Una sola fragata tambi\u00e9n te dar\u00e1 cobertura de sonar para la ventaja m\u00e1s importante en las batallas secundarias, ya que quien dispare primero generalmente gana. Si puedes enga\u00f1arlos para que utilicen un lanzador de torpedos, tu trabajo es m\u00e1s f\u00e1cil, pero es arriesgado.<\/p>\n\n\n\n<div class=\"wp-block-image\"><figure class=\"aligncenter size-large\"><img decoding=\"async\" width=\"800\" height=\"583\" src=\"https:\/\/supcom.standardof.net\/wp-content\/uploads\/sites\/8\/2020\/10\/UEF-Mission-3-\u2013-Operation-Metal-Shark-2-800x583.jpg\" alt=\"\" class=\"wp-image-155\" srcset=\"https:\/\/supcom.standardof.net\/wp-content\/uploads\/sites\/8\/2020\/10\/UEF-Mission-3-\u2013-Operation-Metal-Shark-2-800x583.jpg 800w, https:\/\/supcom.standardof.net\/wp-content\/uploads\/sites\/8\/2020\/10\/UEF-Mission-3-\u2013-Operation-Metal-Shark-2-512x373.jpg 512w, https:\/\/supcom.standardof.net\/wp-content\/uploads\/sites\/8\/2020\/10\/UEF-Mission-3-\u2013-Operation-Metal-Shark-2-200x146.jpg 200w, https:\/\/supcom.standardof.net\/wp-content\/uploads\/sites\/8\/2020\/10\/UEF-Mission-3-\u2013-Operation-Metal-Shark-2-768x559.jpg 768w, https:\/\/supcom.standardof.net\/wp-content\/uploads\/sites\/8\/2020\/10\/UEF-Mission-3-\u2013-Operation-Metal-Shark-2-16x12.jpg 16w, https:\/\/supcom.standardof.net\/wp-content\/uploads\/sites\/8\/2020\/10\/UEF-Mission-3-\u2013-Operation-Metal-Shark-2.jpg 810w\" sizes=\"(max-width: 800px) 100vw, 800px\" \/><\/figure><\/div>\n<\/div><\/div>\n<\/div><\/section>\n\n\n\n<section class=\"wp-block-uagb-columns uagb-columns__wrap uagb-columns__background-undefined uagb-columns__stack-mobile uagb-columns__valign-undefined uagb-columns__gap-10 alignundefined uagb-block-52e3d529\"><div class=\"uagb-columns__overlay\"><\/div><div class=\"uagb-columns__inner-wrap uagb-columns__columns-1\">\n<div class=\"wp-block-uagb-column uagb-column__wrap uagb-column__background-undefined uagb-block-2871396f\"><div class=\"uagb-column__overlay\"><\/div><div class=\"uagb-column__inner-wrap\">\n<h3 class=\"wp-block-heading\">4. DERROTA AL CONTRATAQUE AEON<\/h3>\n\n\n\n<p><em><a href=\"https:\/\/www.standardof.net\/wp-content\/uploads\/2011\/10\/M-uef-3-1.avi_snapshot_00.36.52_2011.10.25_04.56.58.png\" class=\"rank-math-link\" target=\"_blank\" rel=\"noopener\"><\/a>El mapa se expande hacia el sur<br>Esquemas agregados en este punto: Gunship, Torpedo Bomber<\/em><br>Si tienes una fuerza naval y a\u00e9rea decente, el contraataque no deber\u00eda ser un problema, solo aseg\u00farate de que tus cazas cubran los accesos a tu base. Hay una peque\u00f1a isla Aeon cercana con una planta de hidrocarburos; despacharlo con barcos (sacar a la superficie sus submarinos para atacar objetivos terrestres).<\/p>\n\n\n\n<div class=\"wp-block-image\"><figure class=\"aligncenter size-large\"><img decoding=\"async\" width=\"800\" height=\"570\" src=\"https:\/\/supcom.standardof.net\/wp-content\/uploads\/sites\/8\/2020\/10\/UEF-Mission-3-\u2013-Operation-Metal-Shark-3-800x570.jpg\" alt=\"\" class=\"wp-image-156\" srcset=\"https:\/\/supcom.standardof.net\/wp-content\/uploads\/sites\/8\/2020\/10\/UEF-Mission-3-\u2013-Operation-Metal-Shark-3-800x570.jpg 800w, https:\/\/supcom.standardof.net\/wp-content\/uploads\/sites\/8\/2020\/10\/UEF-Mission-3-\u2013-Operation-Metal-Shark-3-512x365.jpg 512w, https:\/\/supcom.standardof.net\/wp-content\/uploads\/sites\/8\/2020\/10\/UEF-Mission-3-\u2013-Operation-Metal-Shark-3-200x143.jpg 200w, https:\/\/supcom.standardof.net\/wp-content\/uploads\/sites\/8\/2020\/10\/UEF-Mission-3-\u2013-Operation-Metal-Shark-3-768x547.jpg 768w, https:\/\/supcom.standardof.net\/wp-content\/uploads\/sites\/8\/2020\/10\/UEF-Mission-3-\u2013-Operation-Metal-Shark-3-16x12.jpg 16w, https:\/\/supcom.standardof.net\/wp-content\/uploads\/sites\/8\/2020\/10\/UEF-Mission-3-\u2013-Operation-Metal-Shark-3.jpg 870w\" sizes=\"(max-width: 800px) 100vw, 800px\" \/><\/figure><\/div>\n<\/div><\/div>\n<\/div><\/section>\n\n\n\n<section class=\"wp-block-uagb-columns uagb-columns__wrap uagb-columns__background-undefined uagb-columns__stack-mobile uagb-columns__valign-undefined uagb-columns__gap-10 alignundefined uagb-block-05d617f2\"><div class=\"uagb-columns__overlay\"><\/div><div class=\"uagb-columns__inner-wrap uagb-columns__columns-1\">\n<div class=\"wp-block-uagb-column uagb-column__wrap uagb-column__background-undefined uagb-block-8c74e31e\"><div class=\"uagb-column__overlay\"><\/div><div class=\"uagb-column__inner-wrap\">\n<h3 class=\"wp-block-heading\">5. RECUPERAR LA CAJA NEGRA DE ARNOLD<\/h3>\n\n\n\n<p><em><a href=\"https:\/\/www.standardof.net\/wp-content\/uploads\/2011\/10\/M-uef-3-1.avi_snapshot_00.54.12_2011.10.25_04.59.57.png\" class=\"rank-math-link\" target=\"_blank\" rel=\"noopener\"><\/a>Esquemas agregados: Sistema de asignaci\u00f3n de recursos - Actualizaci\u00f3n de ACU<\/em><br>A estas alturas, deber\u00eda haber aumentado su producci\u00f3n de aviones para tener muchos ca\u00f1oneros y cazas listos, con apoyo de bombarderos \/ torpederos para su flota mar\u00edtima. Trate de tomar el control naval temprano para que pueda dejar de construir bombarderos torpederos y concentrarse en las unidades a\u00e9reas. Aseg\u00farate de patrullar hacia el este, ya que los ataques enemigos generalmente provienen de esa direcci\u00f3n. Expanda a las islas del sur: las defensas del punto T2 en la costa funcionan bastante bien para protegerse de los barcos de Aeon. Cuando est\u00e9 listo para mudarse a la isla de Arnold, env\u00ede su avi\u00f3n primero para destruir los lanzadores de torpedos, luego traiga sus barcos para limpiar.<\/p>\n\n\n\n<div class=\"wp-block-image\"><figure class=\"aligncenter size-large\"><a href=\"https:\/\/supcom.standardof.net\/es\/supreme-commander\/recorridos-de-campana\/uef-operacion-metal-shark\/uef-mission-3-operation-metal-shark-4\/\"><img decoding=\"async\" width=\"800\" height=\"493\" src=\"https:\/\/supcom.standardof.net\/wp-content\/uploads\/sites\/8\/2020\/10\/UEF-Mission-3-\u2013-Operation-Metal-Shark-4.jpg\" alt=\"\" class=\"wp-image-157\" srcset=\"https:\/\/supcom.standardof.net\/wp-content\/uploads\/sites\/8\/2020\/10\/UEF-Mission-3-\u2013-Operation-Metal-Shark-4.jpg 800w, https:\/\/supcom.standardof.net\/wp-content\/uploads\/sites\/8\/2020\/10\/UEF-Mission-3-\u2013-Operation-Metal-Shark-4-512x316.jpg 512w, https:\/\/supcom.standardof.net\/wp-content\/uploads\/sites\/8\/2020\/10\/UEF-Mission-3-\u2013-Operation-Metal-Shark-4-200x123.jpg 200w, https:\/\/supcom.standardof.net\/wp-content\/uploads\/sites\/8\/2020\/10\/UEF-Mission-3-\u2013-Operation-Metal-Shark-4-768x473.jpg 768w, https:\/\/supcom.standardof.net\/wp-content\/uploads\/sites\/8\/2020\/10\/UEF-Mission-3-\u2013-Operation-Metal-Shark-4-16x10.jpg 16w\" sizes=\"(max-width: 800px) 100vw, 800px\" \/><\/a><\/figure><\/div>\n<\/div><\/div>\n<\/div><\/section>\n\n\n\n<section class=\"wp-block-uagb-columns uagb-columns__wrap uagb-columns__background-undefined uagb-columns__stack-mobile uagb-columns__valign-undefined uagb-columns__gap-10 alignundefined uagb-block-798d6de4\"><div class=\"uagb-columns__overlay\"><\/div><div class=\"uagb-columns__inner-wrap uagb-columns__columns-1\">\n<div class=\"wp-block-uagb-column uagb-column__wrap uagb-column__background-undefined uagb-block-00c53d5e\"><div class=\"uagb-column__overlay\"><\/div><div class=\"uagb-column__inner-wrap\">\n<h3 class=\"wp-block-heading\">6. MATAR O CAPTURAR A LA PRINCESA AEON<\/h3>\n\n\n\n<p><em>El mapa se expande hacia el este<\/em><br><em>Esquemas agregados: T2 F\u00e1brica Naval<\/em><br>No puede completar este objetivo por mucho que lo intente. En cambio, fije su mirada en Eris, el comandante de Aeon.<\/p>\n<\/div><\/div>\n<\/div><\/section>\n\n\n\n<section class=\"wp-block-uagb-columns uagb-columns__wrap uagb-columns__background-undefined uagb-columns__stack-mobile uagb-columns__valign-undefined uagb-columns__gap-10 alignundefined uagb-block-501ebdee\"><div class=\"uagb-columns__overlay\"><\/div><div class=\"uagb-columns__inner-wrap uagb-columns__columns-1\">\n<div class=\"wp-block-uagb-column uagb-column__wrap uagb-column__background-undefined uagb-block-52b99413\"><div class=\"uagb-column__overlay\"><\/div><div class=\"uagb-column__inner-wrap\">\n<h3 class=\"wp-block-heading\">7. DESTRUYA LA BASE PRINCIPAL DEL COMANDANTE AEON<\/h3>\n\n\n\n<p><a href=\"https:\/\/www.standardof.net\/wp-content\/uploads\/2011\/10\/M-uef-3-1.avi_snapshot_01.49.05_2011.10.25_05.03.53.png\" class=\"rank-math-link\" target=\"_blank\" rel=\"noopener\"><\/a>La base Aeon es grande y est\u00e1 bien defendida. Construye un ej\u00e9rcito de destructores y submarinos, luego \u00fasalo para limpiar primero la peque\u00f1a isla al norte de la base, luego para destruir el antia\u00e9reo en el extremo sur de la isla para que tus ca\u00f1oneras puedan entrar y establecer una cabeza de playa. Una vez que tenga el control naval, deje de construir barcos despu\u00e9s de tener algunos cruceros para golpear la costa y convierta su producci\u00f3n en una T2 Land Factory que construye tanques pesados que puede lanzar desde el sur. Mueva sus tanques hacia el norte, concentrando el fuego en las torretas antia\u00e9reas. Como de costumbre, cuando el ACU venga a por tus tanques, env\u00eda las ca\u00f1oneras y los bombarderos que te quedan para matar.<\/p>\n\n\n\n<div class=\"wp-block-image\"><figure class=\"aligncenter size-large\"><img decoding=\"async\" width=\"800\" height=\"432\" src=\"https:\/\/supcom.standardof.net\/wp-content\/uploads\/sites\/8\/2020\/10\/UEF-Mission-3-\u2013-Operation-Metal-Shark-5.jpg\" alt=\"\" class=\"wp-image-158\" srcset=\"https:\/\/supcom.standardof.net\/wp-content\/uploads\/sites\/8\/2020\/10\/UEF-Mission-3-\u2013-Operation-Metal-Shark-5.jpg 800w, https:\/\/supcom.standardof.net\/wp-content\/uploads\/sites\/8\/2020\/10\/UEF-Mission-3-\u2013-Operation-Metal-Shark-5-512x276.jpg 512w, https:\/\/supcom.standardof.net\/wp-content\/uploads\/sites\/8\/2020\/10\/UEF-Mission-3-\u2013-Operation-Metal-Shark-5-200x108.jpg 200w, https:\/\/supcom.standardof.net\/wp-content\/uploads\/sites\/8\/2020\/10\/UEF-Mission-3-\u2013-Operation-Metal-Shark-5-768x415.jpg 768w, https:\/\/supcom.standardof.net\/wp-content\/uploads\/sites\/8\/2020\/10\/UEF-Mission-3-\u2013-Operation-Metal-Shark-5-16x9.jpg 16w\" sizes=\"(max-width: 800px) 100vw, 800px\" \/><\/figure><\/div>\n<\/div><\/div>\n<\/div><\/section>\n\n\n\n<h3 class=\"has-text-align-center wp-block-heading\">Misi\u00f3n 3 - Operaci\u00f3n Metal Shark - Gu\u00eda de video<\/h3>\n\n\n\n<figure class=\"wp-block-embed-youtube wp-block-embed is-type-video is-provider-youtube wp-embed-aspect-16-9 wp-has-aspect-ratio\"><div class=\"wp-block-embed__wrapper\">\n<div class=\"ast-oembed-container\" style=\"height: 100%;\"><iframe title=\"Operation Metal Shark - Campa\u00f1a del Comandante Supremo UEF en Dif\u00edcil\" width=\"500\" height=\"281\" src=\"https:\/\/www.youtube.com\/embed\/dCYqt1LRzpo?feature=oembed\" frameborder=\"0\" allow=\"accelerometer; autoplay; clipboard-write; encrypted-media; gyroscope; picture-in-picture; web-share\" referrerpolicy=\"strict-origin-when-cross-origin\" allowfullscreen><\/iframe><\/div>\n<\/div><\/figure>","protected":false},"excerpt":{"rendered":"<p>After receiving a promotion to captain for your previous efforts in Snow Blind, you are now tasked in Operation Metal Shark with heading with Arnold to the rim-world Matar, where the Aeon are brainwashing or slaughtering the local populace. Operation Metal Shark will be the first primarily naval map you will be fighting on in [&hellip;]<\/p>","protected":false},"author":1,"featured_media":156,"parent":122,"menu_order":1,"comment_status":"closed","ping_status":"closed","template":"","meta":{"_uag_custom_page_level_css":"","site-sidebar-layout":"default","site-content-layout":"default","ast-site-content-layout":"","site-content-style":"default","site-sidebar-style":"default","ast-global-header-display":"","ast-banner-title-visibility":"","ast-main-header-display":"","ast-hfb-above-header-display":"","ast-hfb-below-header-display":"","ast-hfb-mobile-header-display":"","site-post-title":"","ast-breadcrumbs-content":"","ast-featured-img":"","footer-sml-layout":"","theme-transparent-header-meta":"default","adv-header-id-meta":"","stick-header-meta":"","header-above-stick-meta":"","header-main-stick-meta":"","header-below-stick-meta":"","astra-migrate-meta-layouts":"default","ast-page-background-enabled":"default","ast-page-background-meta":{"desktop":{"background-color":"","background-image":"","background-repeat":"repeat","background-position":"center center","background-size":"auto","background-attachment":"scroll","background-type":"","background-media":"","overlay-type":"","overlay-color":"","overlay-gradient":""},"tablet":{"background-color":"","background-image":"","background-repeat":"repeat","background-position":"center center","background-size":"auto","background-attachment":"scroll","background-type":"","background-media":"","overlay-type":"","overlay-color":"","overlay-gradient":""},"mobile":{"background-color":"","background-image":"","background-repeat":"repeat","background-position":"center center","background-size":"auto","background-attachment":"scroll","background-type":"","background-media":"","overlay-type":"","overlay-color":"","overlay-gradient":""}},"ast-content-background-meta":{"desktop":{"background-color":"var(--ast-global-color-5)","background-image":"","background-repeat":"repeat","background-position":"center center","background-size":"auto","background-attachment":"scroll","background-type":"","background-media":"","overlay-type":"","overlay-color":"","overlay-gradient":""},"tablet":{"background-color":"var(--ast-global-color-5)","background-image":"","background-repeat":"repeat","background-position":"center center","background-size":"auto","background-attachment":"scroll","background-type":"","background-media":"","overlay-type":"","overlay-color":"","overlay-gradient":""},"mobile":{"background-color":"var(--ast-global-color-5)","background-image":"","background-repeat":"repeat","background-position":"center center","background-size":"auto","background-attachment":"scroll","background-type":"","background-media":"","overlay-type":"","overlay-color":"","overlay-gradient":""}},"footnotes":""},"uagb_featured_image_src":{"full":["https:\/\/supcom.standardof.net\/wp-content\/uploads\/sites\/8\/2020\/10\/UEF-Mission-3-\u2013-Operation-Metal-Shark-3.jpg",870,620,false],"thumbnail":["https:\/\/supcom.standardof.net\/wp-content\/uploads\/sites\/8\/2020\/10\/UEF-Mission-3-\u2013-Operation-Metal-Shark-3-200x143.jpg",200,143,true],"medium":["https:\/\/supcom.standardof.net\/wp-content\/uploads\/sites\/8\/2020\/10\/UEF-Mission-3-\u2013-Operation-Metal-Shark-3-512x365.jpg",512,365,true],"medium_large":["https:\/\/supcom.standardof.net\/wp-content\/uploads\/sites\/8\/2020\/10\/UEF-Mission-3-\u2013-Operation-Metal-Shark-3-768x547.jpg",768,547,true],"large":["https:\/\/supcom.standardof.net\/wp-content\/uploads\/sites\/8\/2020\/10\/UEF-Mission-3-\u2013-Operation-Metal-Shark-3-800x570.jpg",800,570,true],"1536x1536":["https:\/\/supcom.standardof.net\/wp-content\/uploads\/sites\/8\/2020\/10\/UEF-Mission-3-\u2013-Operation-Metal-Shark-3.jpg",870,620,false],"2048x2048":["https:\/\/supcom.standardof.net\/wp-content\/uploads\/sites\/8\/2020\/10\/UEF-Mission-3-\u2013-Operation-Metal-Shark-3.jpg",870,620,false],"trp-custom-language-flag":["https:\/\/supcom.standardof.net\/wp-content\/uploads\/sites\/8\/2020\/10\/UEF-Mission-3-\u2013-Operation-Metal-Shark-3-16x12.jpg",16,12,true]},"uagb_author_info":{"display_name":"SOE","author_link":"https:\/\/supcom.standardof.net\/es\/author\/k-tastic\/"},"uagb_comment_info":0,"uagb_excerpt":"After receiving a promotion to captain for your previous efforts in Snow Blind, you are now tasked in Operation Metal Shark with heading with Arnold to the rim-world Matar, where the Aeon are brainwashing or slaughtering the local populace. Operation Metal Shark will be the first primarily naval map you will be fighting on in&hellip;","_links":{"self":[{"href":"https:\/\/supcom.standardof.net\/es\/wp-json\/wp\/v2\/pages\/153"}],"collection":[{"href":"https:\/\/supcom.standardof.net\/es\/wp-json\/wp\/v2\/pages"}],"about":[{"href":"https:\/\/supcom.standardof.net\/es\/wp-json\/wp\/v2\/types\/page"}],"author":[{"embeddable":true,"href":"https:\/\/supcom.standardof.net\/es\/wp-json\/wp\/v2\/users\/1"}],"replies":[{"embeddable":true,"href":"https:\/\/supcom.standardof.net\/es\/wp-json\/wp\/v2\/comments?post=153"}],"version-history":[{"count":0,"href":"https:\/\/supcom.standardof.net\/es\/wp-json\/wp\/v2\/pages\/153\/revisions"}],"up":[{"embeddable":true,"href":"https:\/\/supcom.standardof.net\/es\/wp-json\/wp\/v2\/pages\/122"}],"wp:featuredmedia":[{"embeddable":true,"href":"https:\/\/supcom.standardof.net\/es\/wp-json\/wp\/v2\/media\/156"}],"wp:attachment":[{"href":"https:\/\/supcom.standardof.net\/es\/wp-json\/wp\/v2\/media?parent=153"}],"curies":[{"name":"wp","href":"https:\/\/api.w.org\/{rel}","templated":true}]}}