{"id":172,"date":"2020-10-31T14:30:29","date_gmt":"2020-10-31T18:30:29","guid":{"rendered":"https:\/\/supcom.standardof.net\/?page_id=172"},"modified":"2020-10-31T14:40:16","modified_gmt":"2020-10-31T18:40:16","slug":"uef-operation-forge","status":"publish","type":"page","link":"https:\/\/supcom.standardof.net\/es\/supreme-commander\/recorridos-de-campana\/uef-operacion-forja\/","title":{"rendered":"Misi\u00f3n 5 de UEF - Operaci\u00f3n Forja"},"content":{"rendered":"<p>Desafortunadamente, con el comienzo de la Operaci\u00f3n Forja, nos enteramos de que la informaci\u00f3n recopilada de su operaci\u00f3n anterior no fue suficiente para resolver el problema con las Puertas Cu\u00e1nticas. La UEF tendr\u00e1 que desplegar la s\u00faper arma Black Sun si va a sobrevivir y, para hacerlo, deber\u00e1 supervisar la defensa de otras instalaciones importantes mientras los \u00faltimos recursos se transfieren a Sol.<\/p>\n\n\n\n<section class=\"wp-block-uagb-columns uagb-columns__wrap uagb-columns__background-undefined uagb-columns__stack-mobile uagb-columns__valign-undefined uagb-columns__gap-10 alignundefined uagb-block-6ffcacb0\"><div class=\"uagb-columns__overlay\"><\/div><div class=\"uagb-columns__inner-wrap uagb-columns__columns-1\">\n<div class=\"wp-block-uagb-column uagb-column__wrap uagb-column__background-undefined uagb-block-3fa983aa\"><div class=\"uagb-column__overlay\"><\/div><div class=\"uagb-column__inner-wrap\">\n<h3 class=\"wp-block-heading\">1. - 2. DEFENDER 90% DE LA CIUDAD Y PROTEGER 2 INSTALACIONES DE INVESTIGACI\u00d3N<\/h3>\n\n\n\n<p><a href=\"https:\/\/www.standardof.net\/wp-content\/uploads\/2011\/10\/11.jpg\" class=\"rank-math-link\" target=\"_blank\" rel=\"noopener\"><\/a>Construya inmediatamente generadores de escudos pesados sobre las instalaciones de investigaci\u00f3n de Black Sun con sus ingenieros T3, luego p\u00f3ngase a trabajar para sacar m\u00e1s ingenieros de sus f\u00e1bricas. Pon a los ingenieros a patrullar alrededor de los edificios civiles y otros construyen m\u00e1s puntos T2 y defensas antia\u00e9reas T3. La mayor\u00eda de los ataques son a\u00e9reos durante las primeras partes de la misi\u00f3n; para entonces, deber\u00edas haber acumulado grupos de T3 Siege Bots y ca\u00f1ones antia\u00e9reos m\u00f3viles T2, con apoyo de fuego de los generadores de escudos T2, en cada una de tus bases (habr\u00e1 asaltos terrestres y transporte desde fuera de tus bases). El enemigo tambi\u00e9n intentar\u00e1 establecer la superioridad a\u00e9rea con constantes bombardeos de cazas T3; construye el tuyo propio, y una vez que tus sitios SAM est\u00e9n activos, construye ca\u00f1oneras T3 para eliminar cosas clave como la artiller\u00eda T3 enemiga.<\/p>\n\n\n\n<div class=\"wp-block-image\"><figure class=\"aligncenter size-large\"><a href=\"https:\/\/supcom.standardof.net\/es\/supreme-commander\/recorridos-de-campana\/uef-operacion-forja\/uef-mission-5-operation-forge-1\/\"><img decoding=\"async\" width=\"800\" height=\"430\" src=\"https:\/\/supcom.standardof.net\/wp-content\/uploads\/sites\/8\/2020\/10\/UEF-Mission-5-\u2013-Operation-Forge-1-800x430.jpg\" alt=\"\" class=\"wp-image-174\" srcset=\"https:\/\/supcom.standardof.net\/wp-content\/uploads\/sites\/8\/2020\/10\/UEF-Mission-5-\u2013-Operation-Forge-1-800x430.jpg 800w, https:\/\/supcom.standardof.net\/wp-content\/uploads\/sites\/8\/2020\/10\/UEF-Mission-5-\u2013-Operation-Forge-1-512x275.jpg 512w, https:\/\/supcom.standardof.net\/wp-content\/uploads\/sites\/8\/2020\/10\/UEF-Mission-5-\u2013-Operation-Forge-1-200x107.jpg 200w, https:\/\/supcom.standardof.net\/wp-content\/uploads\/sites\/8\/2020\/10\/UEF-Mission-5-\u2013-Operation-Forge-1-768x413.jpg 768w, https:\/\/supcom.standardof.net\/wp-content\/uploads\/sites\/8\/2020\/10\/UEF-Mission-5-\u2013-Operation-Forge-1-16x9.jpg 16w, https:\/\/supcom.standardof.net\/wp-content\/uploads\/sites\/8\/2020\/10\/UEF-Mission-5-\u2013-Operation-Forge-1.jpg 1024w\" sizes=\"(max-width: 800px) 100vw, 800px\" \/><\/a><\/figure><\/div>\n<\/div><\/div>\n<\/div><\/section>\n\n\n\n<section class=\"wp-block-uagb-columns uagb-columns__wrap uagb-columns__background-undefined uagb-columns__stack-mobile uagb-columns__valign-undefined uagb-columns__gap-10 alignundefined uagb-block-8b6e1070\"><div class=\"uagb-columns__overlay\"><\/div><div class=\"uagb-columns__inner-wrap uagb-columns__columns-1\">\n<div class=\"wp-block-uagb-column uagb-column__wrap uagb-column__background-undefined uagb-block-5eb29137\"><div class=\"uagb-column__overlay\"><\/div><div class=\"uagb-column__inner-wrap\">\n<h3 class=\"wp-block-heading\">3. DESPLIEGUE 3 DEFENSAS ESTRAT\u00c9GICAS CONTRA MISILES<\/h3>\n\n\n\n<p><a href=\"https:\/\/www.standardof.net\/wp-content\/uploads\/2011\/10\/21.jpg\" class=\"rank-math-link\" target=\"_blank\" rel=\"noopener\"><\/a><em>Esquema agregado: Defensa estrat\u00e9gica contra misiles<\/em><br>El enemigo lanza una bomba nuclear desde el principio, pero es derribada autom\u00e1ticamente. En este punto, construya defensas estrat\u00e9gicas contra misiles (aseg\u00farese de tener m\u00e1s de 10 ingenieros en cada una) en los lugares indicados. El enemigo enviar\u00e1 m\u00e1s armas nucleares r\u00e1pidamente, as\u00ed que ayuda a las defensas mientras construyen sus misiles. Una de las bases puede morir, pero si eso sucede, es muy probable que pierda debido al objetivo de &quot;Defender la ciudad&quot;.<\/p>\n\n\n\n<div class=\"wp-block-image\"><figure class=\"aligncenter size-large\"><a href=\"https:\/\/supcom.standardof.net\/es\/supreme-commander\/recorridos-de-campana\/uef-operacion-forja\/uef-mission-5-operation-forge-2\/\"><img decoding=\"async\" width=\"788\" height=\"602\" src=\"https:\/\/supcom.standardof.net\/wp-content\/uploads\/sites\/8\/2020\/10\/UEF-Mission-5-\u2013-Operation-Forge-2.jpg\" alt=\"\" class=\"wp-image-175\" srcset=\"https:\/\/supcom.standardof.net\/wp-content\/uploads\/sites\/8\/2020\/10\/UEF-Mission-5-\u2013-Operation-Forge-2.jpg 788w, https:\/\/supcom.standardof.net\/wp-content\/uploads\/sites\/8\/2020\/10\/UEF-Mission-5-\u2013-Operation-Forge-2-512x391.jpg 512w, https:\/\/supcom.standardof.net\/wp-content\/uploads\/sites\/8\/2020\/10\/UEF-Mission-5-\u2013-Operation-Forge-2-200x153.jpg 200w, https:\/\/supcom.standardof.net\/wp-content\/uploads\/sites\/8\/2020\/10\/UEF-Mission-5-\u2013-Operation-Forge-2-768x587.jpg 768w, https:\/\/supcom.standardof.net\/wp-content\/uploads\/sites\/8\/2020\/10\/UEF-Mission-5-\u2013-Operation-Forge-2-16x12.jpg 16w\" sizes=\"(max-width: 788px) 100vw, 788px\" \/><\/a><\/figure><\/div>\n<\/div><\/div>\n<\/div><\/section>\n\n\n\n<section class=\"wp-block-uagb-columns uagb-columns__wrap uagb-columns__background-undefined uagb-columns__stack-mobile uagb-columns__valign-undefined uagb-columns__gap-10 alignundefined uagb-block-a4b33446\"><div class=\"uagb-columns__overlay\"><\/div><div class=\"uagb-columns__inner-wrap uagb-columns__columns-1\">\n<div class=\"wp-block-uagb-column uagb-column__wrap uagb-column__background-undefined uagb-block-0e3e539a\"><div class=\"uagb-column__overlay\"><\/div><div class=\"uagb-column__inner-wrap\">\n<h3 class=\"wp-block-heading\">4. DESTRUIR LOS LANZAMISILES ESTRAT\u00c9GICOS DE ARNOLD<\/h3>\n\n\n\n<p><a href=\"https:\/\/www.standardof.net\/wp-content\/uploads\/2011\/10\/31.jpg\" class=\"rank-math-link\" target=\"_blank\" rel=\"noopener\"><\/a>Despu\u00e9s del segundo ataque nuclear, se revelan los lanzadores nucleares de Arnold. Mueva todas sus fuerzas en una gran masa todo el camino hacia el este, justo por encima de la base enemiga sureste. Con suficientes tropas, podr\u00e1s ver y destruir cualquier contraataque antes de que suceda. Forma una formaci\u00f3n en la esquina sureste y carga por la puerta trasera para conseguir el m\u00e1ximo da\u00f1o en el menor tiempo posible. Luego, dir\u00edgete a la base noreste para el segundo lanzador. El orden no es realmente muy importante; tambi\u00e9n puedes moverte de norte a sur. Si eres lo suficientemente r\u00e1pido, nunca necesitar\u00e1s construir otro misil de defensa nuclear, porque las otras bases no tienen armas nucleares.<\/p>\n\n\n\n<div class=\"wp-block-image\"><figure class=\"aligncenter size-large\"><a href=\"https:\/\/supcom.standardof.net\/es\/supreme-commander\/recorridos-de-campana\/uef-operacion-forja\/uef-mission-5-operation-forge-3\/\"><img decoding=\"async\" width=\"578\" height=\"444\" src=\"https:\/\/supcom.standardof.net\/wp-content\/uploads\/sites\/8\/2020\/10\/UEF-Mission-5-\u2013-Operation-Forge-3.jpg\" alt=\"\" class=\"wp-image-176\" srcset=\"https:\/\/supcom.standardof.net\/wp-content\/uploads\/sites\/8\/2020\/10\/UEF-Mission-5-\u2013-Operation-Forge-3.jpg 578w, https:\/\/supcom.standardof.net\/wp-content\/uploads\/sites\/8\/2020\/10\/UEF-Mission-5-\u2013-Operation-Forge-3-512x393.jpg 512w, https:\/\/supcom.standardof.net\/wp-content\/uploads\/sites\/8\/2020\/10\/UEF-Mission-5-\u2013-Operation-Forge-3-200x154.jpg 200w, https:\/\/supcom.standardof.net\/wp-content\/uploads\/sites\/8\/2020\/10\/UEF-Mission-5-\u2013-Operation-Forge-3-16x12.jpg 16w\" sizes=\"(max-width: 578px) 100vw, 578px\" \/><\/a><\/figure><\/div>\n<\/div><\/div>\n<\/div><\/section>\n\n\n\n<section class=\"wp-block-uagb-columns uagb-columns__wrap uagb-columns__background-undefined uagb-columns__stack-mobile uagb-columns__valign-undefined uagb-columns__gap-10 alignundefined uagb-block-4cc5bcef\"><div class=\"uagb-columns__overlay\"><\/div><div class=\"uagb-columns__inner-wrap uagb-columns__columns-1\">\n<div class=\"wp-block-uagb-column uagb-column__wrap uagb-column__background-undefined uagb-block-a699a1c7\"><div class=\"uagb-column__overlay\"><\/div><div class=\"uagb-column__inner-wrap\">\n<h3 class=\"wp-block-heading\">5. DESTRUYA LA ARTILLER\u00cdA PESADA DE LARGO ALCANCE DE LOS CYBRANS<\/h3>\n\n\n\n<p><a href=\"https:\/\/www.standardof.net\/wp-content\/uploads\/2011\/10\/m-UEF-5-1.avi_snapshot_00.53.56_2011.10.26_03.30.12.png\" class=\"rank-math-link\" target=\"_blank\" rel=\"noopener\"><\/a>Aseg\u00farate de que todos tus escudos est\u00e9n preparados para este objetivo. La artiller\u00eda se encuentra en peque\u00f1as bases al noreste y suroeste. Utilice ca\u00f1oneras y bombarderos para acabar con la artiller\u00eda, dejando el resto de la base para tratar m\u00e1s tarde. La artiller\u00eda del norte tambi\u00e9n puede ser destruida por la fuerza de los bots T3 que tienes en esa base en este punto.<\/p>\n\n\n\n<div class=\"wp-block-image\"><figure class=\"aligncenter size-large\"><a href=\"https:\/\/supcom.standardof.net\/es\/supreme-commander\/recorridos-de-campana\/uef-operacion-forja\/uef-mission-5-operation-forge-4\/\"><img decoding=\"async\" width=\"704\" height=\"656\" src=\"https:\/\/supcom.standardof.net\/wp-content\/uploads\/sites\/8\/2020\/10\/UEF-Mission-5-\u2013-Operation-Forge-4.jpg\" alt=\"\" class=\"wp-image-177\" srcset=\"https:\/\/supcom.standardof.net\/wp-content\/uploads\/sites\/8\/2020\/10\/UEF-Mission-5-\u2013-Operation-Forge-4.jpg 704w, https:\/\/supcom.standardof.net\/wp-content\/uploads\/sites\/8\/2020\/10\/UEF-Mission-5-\u2013-Operation-Forge-4-512x477.jpg 512w, https:\/\/supcom.standardof.net\/wp-content\/uploads\/sites\/8\/2020\/10\/UEF-Mission-5-\u2013-Operation-Forge-4-200x186.jpg 200w, https:\/\/supcom.standardof.net\/wp-content\/uploads\/sites\/8\/2020\/10\/UEF-Mission-5-\u2013-Operation-Forge-4-13x12.jpg 13w\" sizes=\"(max-width: 704px) 100vw, 704px\" \/><\/a><\/figure><\/div>\n<\/div><\/div>\n<\/div><\/section>\n\n\n\n<section class=\"wp-block-uagb-columns uagb-columns__wrap uagb-columns__background-undefined uagb-columns__stack-mobile uagb-columns__valign-undefined uagb-columns__gap-10 alignundefined uagb-block-944e16b1\"><div class=\"uagb-columns__overlay\"><\/div><div class=\"uagb-columns__inner-wrap uagb-columns__columns-1\">\n<div class=\"wp-block-uagb-column uagb-column__wrap uagb-column__background-undefined uagb-block-a74739ba\"><div class=\"uagb-column__overlay\"><\/div><div class=\"uagb-column__inner-wrap\">\n<h3 class=\"wp-block-heading\">6. CAMIONES COMPONENTES ESCORT BLACK SUN A QUANTUM GATE<\/h3>\n\n\n\n<p><em><a href=\"https:\/\/www.standardof.net\/wp-content\/uploads\/2011\/10\/51.jpg\" class=\"rank-math-link\" target=\"_blank\" rel=\"noopener\"><\/a>Esquema agregado: Lanzador de misiles estrat\u00e9gicos<\/em><br>Los camiones Black Sun aparecen al azar en una base de investigaci\u00f3n sobreviviente. Debes escoltarlos hasta la puerta cu\u00e1ntica de tu base principal, pero ten cuidado con los ataques a\u00e9reos pesados. Haga que sus fuerzas terrestres patrullen la ruta que toman los camiones. Mueva los camiones justo despu\u00e9s de que se frustra un asalto a\u00e9reo. Aparecer\u00e1n dos grupos de camiones. Despu\u00e9s de mover los camiones de manera segura, su ACU puede seguirlos, o puede divertirse un poco m\u00e1s con sus nuevos lanzadores nucleares.<\/p>\n\n\n\n<div class=\"wp-block-image\"><figure class=\"aligncenter size-large\"><a href=\"https:\/\/supcom.standardof.net\/es\/supreme-commander\/recorridos-de-campana\/uef-operacion-forja\/uef-mission-5-operation-forge-5\/\"><img decoding=\"async\" width=\"800\" height=\"377\" src=\"https:\/\/supcom.standardof.net\/wp-content\/uploads\/sites\/8\/2020\/10\/UEF-Mission-5-\u2013-Operation-Forge-5-800x377.jpg\" alt=\"\" class=\"wp-image-178\" srcset=\"https:\/\/supcom.standardof.net\/wp-content\/uploads\/sites\/8\/2020\/10\/UEF-Mission-5-\u2013-Operation-Forge-5-800x377.jpg 800w, https:\/\/supcom.standardof.net\/wp-content\/uploads\/sites\/8\/2020\/10\/UEF-Mission-5-\u2013-Operation-Forge-5-512x242.jpg 512w, https:\/\/supcom.standardof.net\/wp-content\/uploads\/sites\/8\/2020\/10\/UEF-Mission-5-\u2013-Operation-Forge-5-200x94.jpg 200w, https:\/\/supcom.standardof.net\/wp-content\/uploads\/sites\/8\/2020\/10\/UEF-Mission-5-\u2013-Operation-Forge-5-768x362.jpg 768w, https:\/\/supcom.standardof.net\/wp-content\/uploads\/sites\/8\/2020\/10\/UEF-Mission-5-\u2013-Operation-Forge-5-16x8.jpg 16w, https:\/\/supcom.standardof.net\/wp-content\/uploads\/sites\/8\/2020\/10\/UEF-Mission-5-\u2013-Operation-Forge-5.jpg 1024w\" sizes=\"(max-width: 800px) 100vw, 800px\" \/><\/a><\/figure><\/div>\n<\/div><\/div>\n<\/div><\/section>\n\n\n\n<section class=\"wp-block-uagb-columns uagb-columns__wrap uagb-columns__background-undefined uagb-columns__stack-mobile uagb-columns__valign-undefined uagb-columns__gap-10 alignundefined uagb-block-b2de4b61\"><div class=\"uagb-columns__overlay\"><\/div><div class=\"uagb-columns__inner-wrap uagb-columns__columns-1\">\n<div class=\"wp-block-uagb-column uagb-column__wrap uagb-column__background-undefined uagb-block-fd841de6\"><div class=\"uagb-column__overlay\"><\/div><div class=\"uagb-column__inner-wrap\">\n<h3 class=\"wp-block-heading\">7. DESTRUYE LAS 5 BASES CYBRAN (OPCIONAL)<\/h3>\n\n\n\n<p><a href=\"https:\/\/www.standardof.net\/wp-content\/uploads\/2011\/10\/61.jpg\" class=\"rank-math-link\" target=\"_blank\" rel=\"noopener\"><\/a>Las bases del norte no tienen Defensa Estrat\u00e9gica de Misiles, por lo que una sola bomba nuclear las aniquilar\u00e1. La base suroeste tiene una \u00fanica defensa nuclear; env\u00eda un ataque a\u00e9reo masivo para eliminarlo y luego bombardea la base. La base sur est\u00e1 bien defendida y necesitar\u00e1 el resto de sus tropas para destruirla. Alternativamente, dos lanzadores nucleares dominar\u00e1n las defensas estrat\u00e9gicas.<\/p>\n\n\n\n<div class=\"wp-block-image\"><figure class=\"aligncenter size-large\"><a href=\"https:\/\/supcom.standardof.net\/es\/supreme-commander\/recorridos-de-campana\/uef-operacion-forja\/uef-mission-5-operation-forge-6\/\"><img decoding=\"async\" width=\"800\" height=\"545\" src=\"https:\/\/supcom.standardof.net\/wp-content\/uploads\/sites\/8\/2020\/10\/UEF-Mission-5-\u2013-Operation-Forge-6-800x545.jpg\" alt=\"\" class=\"wp-image-179\" srcset=\"https:\/\/supcom.standardof.net\/wp-content\/uploads\/sites\/8\/2020\/10\/UEF-Mission-5-\u2013-Operation-Forge-6-800x545.jpg 800w, https:\/\/supcom.standardof.net\/wp-content\/uploads\/sites\/8\/2020\/10\/UEF-Mission-5-\u2013-Operation-Forge-6-512x349.jpg 512w, https:\/\/supcom.standardof.net\/wp-content\/uploads\/sites\/8\/2020\/10\/UEF-Mission-5-\u2013-Operation-Forge-6-200x136.jpg 200w, https:\/\/supcom.standardof.net\/wp-content\/uploads\/sites\/8\/2020\/10\/UEF-Mission-5-\u2013-Operation-Forge-6-768x523.jpg 768w, https:\/\/supcom.standardof.net\/wp-content\/uploads\/sites\/8\/2020\/10\/UEF-Mission-5-\u2013-Operation-Forge-6-16x12.jpg 16w, https:\/\/supcom.standardof.net\/wp-content\/uploads\/sites\/8\/2020\/10\/UEF-Mission-5-\u2013-Operation-Forge-6.jpg 1024w\" sizes=\"(max-width: 800px) 100vw, 800px\" \/><\/a><\/figure><\/div>\n<\/div><\/div>\n<\/div><\/section>\n\n\n\n<h3 class=\"has-text-align-center wp-block-heading\">Misi\u00f3n 5 - Operaci\u00f3n Forge - Gu\u00eda de video<\/h3>\n\n\n\n<figure class=\"wp-block-embed-youtube wp-block-embed is-type-video is-provider-youtube wp-embed-aspect-16-9 wp-has-aspect-ratio\"><div class=\"wp-block-embed__wrapper\">\n<div class=\"ast-oembed-container\" style=\"height: 100%;\"><iframe title=\"Operation Forge - Campa\u00f1a del Comandante Supremo UEF en Dif\u00edcil\" width=\"500\" height=\"281\" src=\"https:\/\/www.youtube.com\/embed\/dDjgLQAhi4Q?feature=oembed\" frameborder=\"0\" allow=\"accelerometer; autoplay; clipboard-write; encrypted-media; gyroscope; picture-in-picture; web-share\" referrerpolicy=\"strict-origin-when-cross-origin\" allowfullscreen><\/iframe><\/div>\n<\/div><\/figure>","protected":false},"excerpt":{"rendered":"<p>Unfortunately, with the beginning of Operation Forge we learn the information gathered from your previous op was not enough to solve the problem with the Quantum Gates. The UEF will have to deploy the Black Sun super weapon if it is going to survive and in order to do so you will need to oversee [&hellip;]<\/p>","protected":false},"author":1,"featured_media":178,"parent":122,"menu_order":1,"comment_status":"closed","ping_status":"closed","template":"","meta":{"_uag_custom_page_level_css":"","site-sidebar-layout":"default","site-content-layout":"default","ast-site-content-layout":"","site-content-style":"default","site-sidebar-style":"default","ast-global-header-display":"","ast-banner-title-visibility":"","ast-main-header-display":"","ast-hfb-above-header-display":"","ast-hfb-below-header-display":"","ast-hfb-mobile-header-display":"","site-post-title":"","ast-breadcrumbs-content":"","ast-featured-img":"","footer-sml-layout":"","theme-transparent-header-meta":"default","adv-header-id-meta":"","stick-header-meta":"","header-above-stick-meta":"","header-main-stick-meta":"","header-below-stick-meta":"","astra-migrate-meta-layouts":"default","ast-page-background-enabled":"default","ast-page-background-meta":{"desktop":{"background-color":"","background-image":"","background-repeat":"repeat","background-position":"center center","background-size":"auto","background-attachment":"scroll","background-type":"","background-media":"","overlay-type":"","overlay-color":"","overlay-gradient":""},"tablet":{"background-color":"","background-image":"","background-repeat":"repeat","background-position":"center center","background-size":"auto","background-attachment":"scroll","background-type":"","background-media":"","overlay-type":"","overlay-color":"","overlay-gradient":""},"mobile":{"background-color":"","background-image":"","background-repeat":"repeat","background-position":"center center","background-size":"auto","background-attachment":"scroll","background-type":"","background-media":"","overlay-type":"","overlay-color":"","overlay-gradient":""}},"ast-content-background-meta":{"desktop":{"background-color":"var(--ast-global-color-5)","background-image":"","background-repeat":"repeat","background-position":"center center","background-size":"auto","background-attachment":"scroll","background-type":"","background-media":"","overlay-type":"","overlay-color":"","overlay-gradient":""},"tablet":{"background-color":"var(--ast-global-color-5)","background-image":"","background-repeat":"repeat","background-position":"center center","background-size":"auto","background-attachment":"scroll","background-type":"","background-media":"","overlay-type":"","overlay-color":"","overlay-gradient":""},"mobile":{"background-color":"var(--ast-global-color-5)","background-image":"","background-repeat":"repeat","background-position":"center center","background-size":"auto","background-attachment":"scroll","background-type":"","background-media":"","overlay-type":"","overlay-color":"","overlay-gradient":""}},"footnotes":""},"uagb_featured_image_src":{"full":["https:\/\/supcom.standardof.net\/wp-content\/uploads\/sites\/8\/2020\/10\/UEF-Mission-5-\u2013-Operation-Forge-5.jpg",1024,483,false],"thumbnail":["https:\/\/supcom.standardof.net\/wp-content\/uploads\/sites\/8\/2020\/10\/UEF-Mission-5-\u2013-Operation-Forge-5-200x94.jpg",200,94,true],"medium":["https:\/\/supcom.standardof.net\/wp-content\/uploads\/sites\/8\/2020\/10\/UEF-Mission-5-\u2013-Operation-Forge-5-512x242.jpg",512,242,true],"medium_large":["https:\/\/supcom.standardof.net\/wp-content\/uploads\/sites\/8\/2020\/10\/UEF-Mission-5-\u2013-Operation-Forge-5-768x362.jpg",768,362,true],"large":["https:\/\/supcom.standardof.net\/wp-content\/uploads\/sites\/8\/2020\/10\/UEF-Mission-5-\u2013-Operation-Forge-5-800x377.jpg",800,377,true],"1536x1536":["https:\/\/supcom.standardof.net\/wp-content\/uploads\/sites\/8\/2020\/10\/UEF-Mission-5-\u2013-Operation-Forge-5.jpg",1024,483,false],"2048x2048":["https:\/\/supcom.standardof.net\/wp-content\/uploads\/sites\/8\/2020\/10\/UEF-Mission-5-\u2013-Operation-Forge-5.jpg",1024,483,false],"trp-custom-language-flag":["https:\/\/supcom.standardof.net\/wp-content\/uploads\/sites\/8\/2020\/10\/UEF-Mission-5-\u2013-Operation-Forge-5-16x8.jpg",16,8,true]},"uagb_author_info":{"display_name":"SOE","author_link":"https:\/\/supcom.standardof.net\/es\/author\/k-tastic\/"},"uagb_comment_info":0,"uagb_excerpt":"Unfortunately, with the beginning of Operation Forge we learn the information gathered from your previous op was not enough to solve the problem with the Quantum Gates. The UEF will have to deploy the Black Sun super weapon if it is going to survive and in order to do so you will need to oversee&hellip;","_links":{"self":[{"href":"https:\/\/supcom.standardof.net\/es\/wp-json\/wp\/v2\/pages\/172"}],"collection":[{"href":"https:\/\/supcom.standardof.net\/es\/wp-json\/wp\/v2\/pages"}],"about":[{"href":"https:\/\/supcom.standardof.net\/es\/wp-json\/wp\/v2\/types\/page"}],"author":[{"embeddable":true,"href":"https:\/\/supcom.standardof.net\/es\/wp-json\/wp\/v2\/users\/1"}],"replies":[{"embeddable":true,"href":"https:\/\/supcom.standardof.net\/es\/wp-json\/wp\/v2\/comments?post=172"}],"version-history":[{"count":0,"href":"https:\/\/supcom.standardof.net\/es\/wp-json\/wp\/v2\/pages\/172\/revisions"}],"up":[{"embeddable":true,"href":"https:\/\/supcom.standardof.net\/es\/wp-json\/wp\/v2\/pages\/122"}],"wp:featuredmedia":[{"embeddable":true,"href":"https:\/\/supcom.standardof.net\/es\/wp-json\/wp\/v2\/media\/178"}],"wp:attachment":[{"href":"https:\/\/supcom.standardof.net\/es\/wp-json\/wp\/v2\/media?parent=172"}],"curies":[{"name":"wp","href":"https:\/\/api.w.org\/{rel}","templated":true}]}}