{"id":204,"date":"2020-10-31T15:01:28","date_gmt":"2020-10-31T19:01:28","guid":{"rendered":"https:\/\/supcom.standardof.net\/?page_id=204"},"modified":"2020-10-31T15:09:42","modified_gmt":"2020-10-31T19:09:42","slug":"cybran-operation-liberation","status":"publish","type":"page","link":"https:\/\/supcom.standardof.net\/es\/supreme-commander\/recorridos-de-campana\/cybran-operation-liberation\/","title":{"rendered":"Misi\u00f3n Cybran 1 - Operaci\u00f3n Liberaci\u00f3n"},"content":{"rendered":"<h3 class=\"wp-block-heading\">1. CONSTRUYE 3 EXTRACTORES DE MASA<\/h3>\n\n\n\n<p><em>Esquemas agregados: Extractor de masa T1<br><\/em>Para hacer esto lo m\u00e1s r\u00e1pido posible, mantenga presionada la tecla May\u00fas para poner en cola los 3 Extractores de masa. Si est\u00e1n relativamente separados, ponga en cola un comando Move entre cada uno para que su ACU no tenga que caminar tan lejos; si simplemente le dices que construya, se acercar\u00e1 al Mass Extractor antes de construirlo.<\/p>\n\n\n\n<h3 class=\"wp-block-heading\">2. CONSTRUYE 3 GENERADORES DE ENERG\u00cdA<\/h3>\n\n\n\n<p><em>Esquemas agregados: T1 Power Generator<\/em><br>Pon en cola los 3 generadores de energ\u00eda uno al lado del otro, lejos de los extractores, para que puedas colocar la f\u00e1brica (objetivo 3) junto a ellos para su bonificaci\u00f3n de adyacencia. En general, sus primeras f\u00e1bricas deben ir acompa\u00f1adas de una fila de generadores de energ\u00eda para que no se quede sin energ\u00eda: una f\u00e1brica de aire puede producir interceptores repetidos casi de forma gratuita con este m\u00e9todo.<\/p>\n\n\n\n<h3 class=\"wp-block-heading\">3. CONSTRUYE UNA F\u00c1BRICA DE AIRE<\/h3>\n\n\n\n<p><em>Esquemas agregados: Air Factory<\/em><br>Coloque la f\u00e1brica junto a los generadores de energ\u00eda. Haga que su ACU contin\u00fae construyendo extractores de masa y generadores de energ\u00eda, y si est\u00e1 ganando m\u00e1s de lo que puede gastar, construya otra f\u00e1brica de aire. Normalmente, mientras se construyen las f\u00e1bricas, puede poner los pedidos en cola. En esta misi\u00f3n, tendr\u00e1s que esperar al siguiente objetivo antes de hacerlo.<\/p>\n\n\n\n<h3 class=\"wp-block-heading\">4. CONSTRUYE 5 BOMBEROS<\/h3>\n\n\n\n<p><em>Esquemas agregados: T1 Engineer, Air Scout, Attack Bomber<\/em><br>Despu\u00e9s de construir tu Air Scout inicial para patrullar fuera de tu base, construye ingenieros y bombarderos. Haga que los ingenieros desarrollen su econom\u00eda con extractores de masa y generadores de energ\u00eda, mientras un ingeniero patrulla alrededor de los \u00e1rboles o rocas circundantes para recolectar sus recursos. Si tiene recursos adicionales, sus ingenieros pueden ayudar a su f\u00e1brica con su producci\u00f3n, al igual que su ACU, que se construye tan r\u00e1pido como 2 ingenieros.<\/p>\n\n\n\n<h3 class=\"wp-block-heading\">5. DERROTA A LAS PATRULLAS DE LA UEF<\/h3>\n\n\n\n<p>Configura una cola de ataque manteniendo presionada la tecla May\u00fas y haciendo clic en las unidades enemigas. Tus bombarderos deber\u00edan acabar con las unidades terrestres enemigas; si hay veh\u00edculos antia\u00e9reos, ap\u00fantelos primero para evitar perder bombarderos. Si su avi\u00f3n est\u00e1 en el aire demasiado tiempo, se quedar\u00e1 sin combustible (el medidor que est\u00e1 justo debajo de la barra de salud). D\u00e9jelos aterrizar y se repostar\u00e1n lentamente. En misiones posteriores, puede utilizar las instalaciones de preparaci\u00f3n a\u00e9rea o algunas unidades navales para reparar y repostar m\u00e1s r\u00e1pidamente.<\/p>\n\n\n\n<h3 class=\"wp-block-heading\">6. CAPTURA DEL RADAR UEF<\/h3>\n\n\n\n<p>Mueva a uno de sus ingenieros a la instalaci\u00f3n del radar para capturarlo. Una vez que sea tuya, el resto de la peque\u00f1a base tambi\u00e9n se une a tus fuerzas.<\/p>\n\n\n\n<h3 class=\"wp-block-heading\">7. DESTRUIR LAS REFINER\u00cdAS MASIVAS DE UEF<\/h3>\n\n\n\n<p><em>El mapa se expande hacia el norte<br>Esquemas agregados: Interceptor<br><\/em>Agregue interceptores a su cola de compilaci\u00f3n. Encuentra una buena combinaci\u00f3n de bombarderos y cazas, luego presiona el bot\u00f3n Repetir de la f\u00e1brica para continuar indefinidamente. Haga que sus otras f\u00e1bricas de aire ayuden al primero a ayudar con su cola. Si les da a las otras f\u00e1bricas nuevas \u00f3rdenes de construcci\u00f3n (por ejemplo, si necesita m\u00e1s ingenieros o algunos Air Scouts), volver\u00e1n a ayudar una vez que hayan terminado con ellas. Coloque sus interceptores en una ruta de patrulla alrededor de su base; querr\u00e1 de 5 a 10 de ellos antes de enviarlos al norte para luchar contra los interceptores UEF. Con los muertos, mueva sus bombarderos y destruya los Extractores de masa.<\/p>\n\n\n\n<h3 class=\"wp-block-heading\">8. DERROTA A LAS PATRULLAS DE LA UEF<\/h3>\n\n\n\n<p><em>El mapa se expande hacia el este<br>Esquemas agregados: Land Factory, T1 Point Defense, Anti-Air Turret<\/em><br>Construye varias f\u00e1bricas terrestres, junto con generadores de energ\u00eda junto a ellas para que no te quedes sin energ\u00eda. P\u00eddales que construyan un par de Land Scouts para cobertura de radar, luego una mezcla continua (ponga la cola en repetici\u00f3n) de unidades terrestres. Configure las \u00f3rdenes predeterminadas de la f\u00e1brica principal para patrullar a lo largo del este de su base. Ahora puede construir una fuerza abrumadora, proteger su base con torretas, ayudar a las f\u00e1bricas con su ACU e ingenieros adicionales, y moverse cuando sienta que est\u00e1 listo para aplastar a todos los oponentes. El enemigo atacar\u00e1 solo desde el aire hasta que te muevas para derrotar a las patrullas.<\/p>\n\n\n\n<h3 class=\"wp-block-heading\">9. DERROTA A LAS DEFENSAS EXTERIORES DE LA UEF<\/h3>\n\n\n\n<p>Necesitar\u00e1s principalmente unidades terrestres para derrotar a los dos puestos defensivos en el norte y el sur. El puesto defensivo medio se puede destruir de un solo golpe si tienes suficientes bombarderos: simplemente apunta a la torreta antia\u00e9rea m\u00e1s al este y los bombarderos destruir\u00e1n todas sus defensas antia\u00e9reas en la primera pasada y el resto en la segunda. No dejes que tus bombarderos se desv\u00eden hacia el norte o el sur; los necesitar\u00e1 para el pr\u00f3ximo objetivo.<\/p>\n\n\n\n<h3 class=\"wp-block-heading\">10. DERROTA A LOS GUARDIAS DEL SYMBIONT<\/h3>\n\n\n\n<p><em>El mapa se expande hacia el este<\/em><br>En este punto, deber\u00eda estar cerca del l\u00edmite de unidades. Intenta mantener tu econom\u00eda lo m\u00e1s cerca posible de +0 masa; si tienes m\u00e1s, construye m\u00e1s f\u00e1bricas y siempre construye extractores de masa en cualquier lugar que puedas. Si tiene muy poco, puede pausar algunos ingenieros presionando Z. La nueva base UEF tiene muchos interceptores protegi\u00e9ndola: traiga su propia fuerza a\u00e9rea para destruirlos y, al mismo tiempo, traiga sus propias fuerzas terrestres desde el sur. Debes atravesar la base enemiga, que rodea a los simbiontes que necesitas liberar. Una vez que se destruyen los interceptores, puedes traer tus bombarderos para apoyar a las fuerzas terrestres, especialmente para eliminar las defensas puntuales problem\u00e1ticas.<\/p>\n\n\n\n<h3 class=\"wp-block-heading\">11. DESTRUIR LA BASE UEF<\/h3>\n\n\n\n<p>Mu\u00e9vete hacia el norte desde los simbiontes con tus fuerzas terrestres. Si ha eliminado las torretas antia\u00e9reas, puede traer sus bombarderos para hacer un trabajo r\u00e1pido de los edificios restantes. Mant\u00e9n a tus combatientes patrullando fuera de tu base y haz que se abalancen si aparece alg\u00fan combatiente enemigo.<\/p>\n\n\n\n<h3 class=\"wp-block-heading\">12. DERROTA AL COMANDANTE AEON<\/h3>\n\n\n\n<p><em>El mapa se expande hacia el sur<br>Esquemas agregados: T1 Air Transport<\/em><br>Construya varios transportes y p\u00eddales que instalen un ferry desde su base hasta las l\u00edneas del frente. (Consulte la parte 1 de esta gu\u00eda para obtener m\u00e1s informaci\u00f3n sobre el transporte). Deber\u00eda crear una enorme fuerza terrestre formada principalmente por robots de asalto Mantis con el apoyo de las otras unidades terrestres (m\u00e1s un explorador camuflado para la cobertura del radar). Tu enorme fuerza deber\u00eda dirigirse directamente hacia el sur hasta el centro de la base enemiga y atraer al comandante enemigo. Cuando salga, env\u00eda todas tus unidades a\u00e9reas para atacarla, con los cazas entrando para confundir al enemigo antia\u00e9reo. La combinaci\u00f3n deber\u00eda acabar con ella r\u00e1pidamente.<\/p>\n\n\n\n<h3 class=\"has-text-align-center wp-block-heading\">Misi\u00f3n 1 - Operaci\u00f3n Liberaci\u00f3n - Gu\u00eda de video<\/h3>\n\n\n\n<figure class=\"wp-block-embed-youtube wp-block-embed is-type-video is-provider-youtube wp-embed-aspect-4-3 wp-has-aspect-ratio\"><div class=\"wp-block-embed__wrapper\">\n<div class=\"ast-oembed-container\" style=\"height: 100%;\"><iframe title=\"Operaci\u00f3n Liberaci\u00f3n - Campa\u00f1a M1 Cybran Dif\u00edcil - Comandante Supremo\" width=\"500\" height=\"375\" src=\"https:\/\/www.youtube.com\/embed\/eowH2Xm44Xw?feature=oembed\" frameborder=\"0\" allow=\"accelerometer; autoplay; clipboard-write; encrypted-media; gyroscope; picture-in-picture; web-share\" referrerpolicy=\"strict-origin-when-cross-origin\" allowfullscreen><\/iframe><\/div>\n<\/div><\/figure>","protected":false},"excerpt":{"rendered":"<p>1. BUILD 3 MASS EXTRACTORS Schematics added: T1 Mass ExtractorTo do this as fast as possible, hold Shift to queue up all 3 Mass Extractors. If they are relatively far apart, queue up a Move command between each one so that your ACU won&#8217;t have to walk as far; if you just tell him to [&hellip;]<\/p>","protected":false},"author":1,"featured_media":0,"parent":122,"menu_order":2,"comment_status":"closed","ping_status":"closed","template":"","meta":{"_uag_custom_page_level_css":"","site-sidebar-layout":"default","site-content-layout":"default","ast-site-content-layout":"","site-content-style":"default","site-sidebar-style":"default","ast-global-header-display":"","ast-banner-title-visibility":"","ast-main-header-display":"","ast-hfb-above-header-display":"","ast-hfb-below-header-display":"","ast-hfb-mobile-header-display":"","site-post-title":"","ast-breadcrumbs-content":"","ast-featured-img":"","footer-sml-layout":"","theme-transparent-header-meta":"default","adv-header-id-meta":"","stick-header-meta":"","header-above-stick-meta":"","header-main-stick-meta":"","header-below-stick-meta":"","astra-migrate-meta-layouts":"default","ast-page-background-enabled":"default","ast-page-background-meta":{"desktop":{"background-color":"","background-image":"","background-repeat":"repeat","background-position":"center center","background-size":"auto","background-attachment":"scroll","background-type":"","background-media":"","overlay-type":"","overlay-color":"","overlay-gradient":""},"tablet":{"background-color":"","background-image":"","background-repeat":"repeat","background-position":"center center","background-size":"auto","background-attachment":"scroll","background-type":"","background-media":"","overlay-type":"","overlay-color":"","overlay-gradient":""},"mobile":{"background-color":"","background-image":"","background-repeat":"repeat","background-position":"center center","background-size":"auto","background-attachment":"scroll","background-type":"","background-media":"","overlay-type":"","overlay-color":"","overlay-gradient":""}},"ast-content-background-meta":{"desktop":{"background-color":"var(--ast-global-color-5)","background-image":"","background-repeat":"repeat","background-position":"center center","background-size":"auto","background-attachment":"scroll","background-type":"","background-media":"","overlay-type":"","overlay-color":"","overlay-gradient":""},"tablet":{"background-color":"var(--ast-global-color-5)","background-image":"","background-repeat":"repeat","background-position":"center center","background-size":"auto","background-attachment":"scroll","background-type":"","background-media":"","overlay-type":"","overlay-color":"","overlay-gradient":""},"mobile":{"background-color":"var(--ast-global-color-5)","background-image":"","background-repeat":"repeat","background-position":"center center","background-size":"auto","background-attachment":"scroll","background-type":"","background-media":"","overlay-type":"","overlay-color":"","overlay-gradient":""}},"footnotes":""},"uagb_featured_image_src":{"full":false,"thumbnail":false,"medium":false,"medium_large":false,"large":false,"1536x1536":false,"2048x2048":false,"trp-custom-language-flag":false},"uagb_author_info":{"display_name":"SOE","author_link":"https:\/\/supcom.standardof.net\/es\/author\/k-tastic\/"},"uagb_comment_info":0,"uagb_excerpt":"1. BUILD 3 MASS EXTRACTORS Schematics added: T1 Mass ExtractorTo do this as fast as possible, hold Shift to queue up all 3 Mass Extractors. If they are relatively far apart, queue up a Move command between each one so that your ACU won&#8217;t have to walk as far; if you just tell him to&hellip;","_links":{"self":[{"href":"https:\/\/supcom.standardof.net\/es\/wp-json\/wp\/v2\/pages\/204"}],"collection":[{"href":"https:\/\/supcom.standardof.net\/es\/wp-json\/wp\/v2\/pages"}],"about":[{"href":"https:\/\/supcom.standardof.net\/es\/wp-json\/wp\/v2\/types\/page"}],"author":[{"embeddable":true,"href":"https:\/\/supcom.standardof.net\/es\/wp-json\/wp\/v2\/users\/1"}],"replies":[{"embeddable":true,"href":"https:\/\/supcom.standardof.net\/es\/wp-json\/wp\/v2\/comments?post=204"}],"version-history":[{"count":0,"href":"https:\/\/supcom.standardof.net\/es\/wp-json\/wp\/v2\/pages\/204\/revisions"}],"up":[{"embeddable":true,"href":"https:\/\/supcom.standardof.net\/es\/wp-json\/wp\/v2\/pages\/122"}],"wp:attachment":[{"href":"https:\/\/supcom.standardof.net\/es\/wp-json\/wp\/v2\/media?parent=204"}],"curies":[{"name":"wp","href":"https:\/\/api.w.org\/{rel}","templated":true}]}}