{"id":206,"date":"2020-10-31T15:03:14","date_gmt":"2020-10-31T19:03:14","guid":{"rendered":"https:\/\/supcom.standardof.net\/?page_id=206"},"modified":"2020-10-31T15:09:53","modified_gmt":"2020-10-31T19:09:53","slug":"cybran-operation-artifact","status":"publish","type":"page","link":"https:\/\/supcom.standardof.net\/es\/supreme-commander\/recorridos-de-campana\/artefacto-operacion-cybran\/","title":{"rendered":"Misi\u00f3n Cybran 2 - Operaci\u00f3n Artefacto"},"content":{"rendered":"<p>A partir de aqu\u00ed, asumir\u00e9 que sabes c\u00f3mo funciona el juego y dejar\u00e9 de recordarte que construyas Mass Extractors, pongas en cola pedidos, pongas f\u00e1bricas en repetici\u00f3n, etc. Esta misi\u00f3n es bastante dif\u00edcil; aseg\u00farese de formar una gran fuerza en lugar de lograr los objetivos iniciales lo m\u00e1s r\u00e1pido posible.<\/p>\n\n\n\n<h3 class=\"wp-block-heading\">1. PUEBLO CLARO DE LAS UNIDADES DE AEON<\/h3>\n\n\n\n<p>Construye primero las F\u00e1bricas Terrestres, sin descuidar las F\u00e1bricas A\u00e9reas (ya que los asaltos a\u00e9reos llegan temprano y con frecuencia), y consigue una fuerza de unidades terrestres. Puedes eliminar las fuerzas del primer templo con relativa rapidez, pero no destruyas el templo en s\u00ed antes de tener una base considerable, porque cuando se destruye el templo, se desencadena un contraataque de unidades T1.<\/p>\n\n\n\n<h3 class=\"wp-block-heading\">2. DESTRUYE EL TEMPLO PARA ENCONTRAR TECNOLOG\u00cdA<\/h3>\n\n\n\n<p>Ataca manualmente el templo una vez que est\u00e9s listo con una base bien defendida, una econom\u00eda pr\u00f3spera y algunos lanzadores de torpedos en el agua antes de construir una f\u00e1brica naval (para evitar atraer fragatas enemigas que destrozar\u00e1n tu base y unidades terrestres). . Aseg\u00farese de eliminar cualquier unidad Aeon en el \u00e1rea antes de pasar al siguiente objetivo.<\/p>\n\n\n\n<h3 class=\"wp-block-heading\">3. GUARDAR LA PRIMERA PIEZA DE SERAPHIM TECH<\/h3>\n\n\n\n<p>Esto no deber\u00eda ser un problema, simplemente mant\u00e9n tus fuerzas alrededor del templo hasta que un ingeniero venga a recuperar la tecnolog\u00eda.<\/p>\n\n\n\n<h3 class=\"wp-block-heading\">4. BUSCAR TEMPLOS ALREDEDORES PARA OBTENER M\u00c1S TECNOLOG\u00cdA<\/h3>\n\n\n\n<p><em>El mapa se expande hacia el norte y el sur (creo)<br><\/em>La tecnolog\u00eda est\u00e1 en el templo sureste, pero primero debes destruir las unidades que defienden los otros templos para evitar ataques sorpresa.<\/p>\n\n\n\n<h3 class=\"wp-block-heading\">5. DERROTA A LOS REFUERZOS DE AEON<\/h3>\n\n\n\n<p>El Aeon comienza a enviar unidades T2 para defender sus templos ahora, as\u00ed que prep\u00e1rate con tus propias fuerzas terrestres, adem\u00e1s de tu ACU si es absolutamente necesario. Mantenga sus unidades patrullando, pero conc\u00e9ntrese en el sur. Empiece a construir unidades navales, en su mayor\u00eda submarinos, para defenderse de los ataques navales enemigos. Intenta atraerlos para que se encuentren con tus lanzadores de torpedos.<\/p>\n\n\n\n<h3 class=\"wp-block-heading\">6. GUARDAR LA 2DA PIEZA DE SERAPHIM TECH<\/h3>\n\n\n\n<p>El Aeon ignorar\u00e1 al Tech si recaptura el \u00e1rea, por lo que esto simplemente equivale a &quot;Asegurar el \u00e1rea&quot;.<\/p>\n\n\n\n<h3 class=\"wp-block-heading\">7. DESTRUIR LA BASE NAVAL DE AEON SUR<\/h3>\n\n\n\n<p><em>El mapa se expande hacia el sur y el este<\/em><br>Env\u00eda tus unidades navales al sur, destruyendo primero las amenazas navales y luego movi\u00e9ndote para destruir las fragatas y f\u00e1bricas enemigas. La defensa a\u00e9rea es ligera una vez que hayas destruido los botes de ataque, as\u00ed que trae tus bombarderos. Mueve tus unidades navales a lo largo del r\u00edo cuando hayas terminado y construye m\u00e1s fragatas que submarinos.<\/p>\n\n\n\n<h3 class=\"wp-block-heading\">8. DESTRUYA LA BASE DE AE\u00d3N ORIENTAL Y RECUPERA SU TECNOLOG\u00cdA<\/h3>\n\n\n\n<p>Env\u00eda tus unidades navales r\u00edo arriba al mismo tiempo que te mueves con una enorme fuerza terrestre T2. Con sus recursos adicionales, construya defensas T2 a lo largo de los nuevos bordes de su base; Intenta atraer a las fuerzas terrestres enemigas hacia ellos si necesitas ayuda.<\/p>\n\n\n\n<h3 class=\"wp-block-heading\">9. GUARDE LA 3ER PIEZA DE SERAPHIM TECH<\/h3>\n\n\n\n<p>Mientras su ej\u00e9rcito logra esto (lo que su fuerza naval deber\u00eda estar haciendo bien) haga que algunos ingenieros capturen los puntos de masa de las bases sur y este. Mant\u00e9n la superioridad a\u00e9rea en todo momento sobre tu territorio, ya que el enemigo atacar\u00e1 tanto con bombarderos como con transportes a\u00e9reos llenos de unidades terrestres.<\/p>\n\n\n\n<h3 class=\"wp-block-heading\">10. DERROTA A MACH<\/h3>\n\n\n\n<p><em>El mapa se expande hacia el este<\/em><br>Construye varios transportes a\u00e9reos y \u00fasalos para transportar tus fuerzas terrestres al sur del mapa (no vueles sobre la base de Mach en el sureste), justo al este de la base sur de Aeon que destruiste. Una fuerza mixta de unidades, con escudos y Mantis para protecci\u00f3n, funciona mejor. Mu\u00e9vete hacia el norte y destruye los generadores de energ\u00eda para reducir su producci\u00f3n, luego barre las torretas defensivas. Una vez que hayas cortado su habilidad antia\u00e9rea, lleva bombarderos a la esquina sureste del mapa para que puedas destruir a Mach cuando aparezca sin volar sobre antia\u00e9reo en la base noreste.<\/p>\n\n\n\n<h3 class=\"wp-block-heading\">11. DERROTA AL COMANDANTE AEON<\/h3>\n\n\n\n<p>El Aeon Commander generalmente sale muy r\u00e1pido una vez que matas a Mach. Tus fuerzas terrestres pueden rodearla y destruirla, especialmente si los est\u00e1s transportando a la base de Mach ahora. Mientras tanto:<\/p>\n\n\n\n<h3 class=\"wp-block-heading\">12. MUEVA A SU COMANDANTE A LA PUERTA<\/h3>\n\n\n\n<p>Camina hasta el centro de Quantum Gate para terminar la misi\u00f3n.<\/p>\n\n\n\n<h3 class=\"wp-block-heading\">Misi\u00f3n 2 - Operaci\u00f3n Artefacto - Gu\u00eda de video<\/h3>\n\n\n\n<figure class=\"wp-block-embed-youtube wp-block-embed is-type-video is-provider-youtube wp-embed-aspect-16-9 wp-has-aspect-ratio\"><div class=\"wp-block-embed__wrapper\">\n<div class=\"ast-oembed-container\" style=\"height: 100%;\"><iframe title=\"Operation Artifact - Campa\u00f1a M2 Cybran Dif\u00edcil - Comandante supremo\" width=\"500\" height=\"281\" src=\"https:\/\/www.youtube.com\/embed\/SvhtzUIR37Y?feature=oembed\" frameborder=\"0\" allow=\"accelerometer; autoplay; clipboard-write; encrypted-media; gyroscope; picture-in-picture; web-share\" referrerpolicy=\"strict-origin-when-cross-origin\" allowfullscreen><\/iframe><\/div>\n<\/div><\/figure>","protected":false},"excerpt":{"rendered":"<p>From here, I&#8217;ll assume you know how the game works and I&#8217;ll stop reminding you to build Mass Extractors, queue up orders, put factories on repeat, etc. This mission is actually rather difficult; be sure to build up a large force instead of accomplishing early objectives as fast as possible. 1. CLEAR VILLAGE OF AEON [&hellip;]<\/p>","protected":false},"author":1,"featured_media":0,"parent":122,"menu_order":2,"comment_status":"closed","ping_status":"closed","template":"","meta":{"_uag_custom_page_level_css":"","site-sidebar-layout":"default","site-content-layout":"default","ast-site-content-layout":"","site-content-style":"default","site-sidebar-style":"default","ast-global-header-display":"","ast-banner-title-visibility":"","ast-main-header-display":"","ast-hfb-above-header-display":"","ast-hfb-below-header-display":"","ast-hfb-mobile-header-display":"","site-post-title":"","ast-breadcrumbs-content":"","ast-featured-img":"","footer-sml-layout":"","theme-transparent-header-meta":"default","adv-header-id-meta":"","stick-header-meta":"","header-above-stick-meta":"","header-main-stick-meta":"","header-below-stick-meta":"","astra-migrate-meta-layouts":"default","ast-page-background-enabled":"default","ast-page-background-meta":{"desktop":{"background-color":"","background-image":"","background-repeat":"repeat","background-position":"center center","background-size":"auto","background-attachment":"scroll","background-type":"","background-media":"","overlay-type":"","overlay-color":"","overlay-gradient":""},"tablet":{"background-color":"","background-image":"","background-repeat":"repeat","background-position":"center center","background-size":"auto","background-attachment":"scroll","background-type":"","background-media":"","overlay-type":"","overlay-color":"","overlay-gradient":""},"mobile":{"background-color":"","background-image":"","background-repeat":"repeat","background-position":"center center","background-size":"auto","background-attachment":"scroll","background-type":"","background-media":"","overlay-type":"","overlay-color":"","overlay-gradient":""}},"ast-content-background-meta":{"desktop":{"background-color":"var(--ast-global-color-5)","background-image":"","background-repeat":"repeat","background-position":"center center","background-size":"auto","background-attachment":"scroll","background-type":"","background-media":"","overlay-type":"","overlay-color":"","overlay-gradient":""},"tablet":{"background-color":"var(--ast-global-color-5)","background-image":"","background-repeat":"repeat","background-position":"center center","background-size":"auto","background-attachment":"scroll","background-type":"","background-media":"","overlay-type":"","overlay-color":"","overlay-gradient":""},"mobile":{"background-color":"var(--ast-global-color-5)","background-image":"","background-repeat":"repeat","background-position":"center center","background-size":"auto","background-attachment":"scroll","background-type":"","background-media":"","overlay-type":"","overlay-color":"","overlay-gradient":""}},"footnotes":""},"uagb_featured_image_src":{"full":false,"thumbnail":false,"medium":false,"medium_large":false,"large":false,"1536x1536":false,"2048x2048":false,"trp-custom-language-flag":false},"uagb_author_info":{"display_name":"SOE","author_link":"https:\/\/supcom.standardof.net\/es\/author\/k-tastic\/"},"uagb_comment_info":0,"uagb_excerpt":"From here, I&#8217;ll assume you know how the game works and I&#8217;ll stop reminding you to build Mass Extractors, queue up orders, put factories on repeat, etc. This mission is actually rather difficult; be sure to build up a large force instead of accomplishing early objectives as fast as possible. 1. CLEAR VILLAGE OF AEON&hellip;","_links":{"self":[{"href":"https:\/\/supcom.standardof.net\/es\/wp-json\/wp\/v2\/pages\/206"}],"collection":[{"href":"https:\/\/supcom.standardof.net\/es\/wp-json\/wp\/v2\/pages"}],"about":[{"href":"https:\/\/supcom.standardof.net\/es\/wp-json\/wp\/v2\/types\/page"}],"author":[{"embeddable":true,"href":"https:\/\/supcom.standardof.net\/es\/wp-json\/wp\/v2\/users\/1"}],"replies":[{"embeddable":true,"href":"https:\/\/supcom.standardof.net\/es\/wp-json\/wp\/v2\/comments?post=206"}],"version-history":[{"count":0,"href":"https:\/\/supcom.standardof.net\/es\/wp-json\/wp\/v2\/pages\/206\/revisions"}],"up":[{"embeddable":true,"href":"https:\/\/supcom.standardof.net\/es\/wp-json\/wp\/v2\/pages\/122"}],"wp:attachment":[{"href":"https:\/\/supcom.standardof.net\/es\/wp-json\/wp\/v2\/media?parent=206"}],"curies":[{"name":"wp","href":"https:\/\/api.w.org\/{rel}","templated":true}]}}