{"id":208,"date":"2020-10-31T15:04:51","date_gmt":"2020-10-31T19:04:51","guid":{"rendered":"https:\/\/supcom.standardof.net\/?page_id=208"},"modified":"2020-10-31T15:10:06","modified_gmt":"2020-10-31T19:10:06","slug":"cybran-operation-defrag","status":"publish","type":"page","link":"https:\/\/supcom.standardof.net\/es\/supreme-commander\/recorridos-de-campana\/cybran-operation-defrag\/","title":{"rendered":"Misi\u00f3n Cybran 3 - Operaci\u00f3n Defrag"},"content":{"rendered":"<h3 class=\"wp-block-heading\">1. DEFENDER YORK18 Y QUANTUM GATE<\/h3>\n\n\n\n<p>Tienes muy pocos recursos al comienzo de esta misi\u00f3n, as\u00ed que usa tus unidades iniciales sabiamente. Haz que tus bombarderos destruyan los tanques al oeste de York18, pero no los dejes volar sobre las bases oeste o noroeste. Una vez que York est\u00e9 a salvo, lleve sus bombarderos a su base. Ser\u00e1s atacado por tierra y aire temprano. Construye algunas torretas antia\u00e9reas en la costa occidental cerca de Quantum Gate y env\u00eda a un ingeniero a la posici\u00f3n de York para defenderlo con torretas. Primero construye una f\u00e1brica a\u00e9rea para ayudar con la defensa a\u00e9rea y reponer tu suministro de bombarderos.<\/p>\n\n\n\n<h3 class=\"wp-block-heading\">2. DERROTA LA BASE NORESTE<\/h3>\n\n\n\n<p>Primero derrota esta base para obtener el control del lado este del r\u00edo. Puede usar las fuerzas terrestres T2 y Medusas (artiller\u00eda ligera T1) para eliminar esta base y luego comenzar a construir tanques anfibios Wagner. Puede capturar Land Factory para ahorrar algo de tiempo una vez que haya terminado esto. Una vez que el este del r\u00edo est\u00e9 bajo su control, construya torretas antia\u00e9reas a lo largo de la costa y algunas defensas m\u00e1s para su nueva base norte. En este punto, deber\u00eda tener una segunda F\u00e1brica A\u00e9rea y una F\u00e1brica Naval, y sus Ingenieros deber\u00edan estar construyendo granjas de Generadores de Energ\u00eda y Fabricadores en Masa al este. Utilice a sus ingenieros T2 (del edificio de la f\u00e1brica terrestre Wagners) para actualizar las defensas de York a T2. Estas armas pueden alcanzar los bordes de las otras dos bases. Tambi\u00e9n puedes bombardearlos con defensa de puntos T2 desde el otro lado del r\u00edo o tus propias fragatas.<\/p>\n\n\n\n<h3 class=\"wp-block-heading\">3. DERROTA A LA BASE OCCIDENTAL<\/h3>\n\n\n\n<p>Utilice transportes a\u00e9reos para transportar sus unidades terrestres T2 y Medusas al sur de la base occidental. Ac\u00e9rquelos lentamente a medida que su artiller\u00eda los ablanda. Tus Wagner y bombarderos pueden moverse para matar una vez que la artiller\u00eda comience a funcionar.<\/p>\n\n\n\n<h3 class=\"wp-block-heading\">4. DERROTA A LA BASE NOROESTE<\/h3>\n\n\n\n<p>Construye una defensa de puntos T2 en las ruinas de la base occidental para que pueda llegar a la base noroeste. Una vez que haya rematado los bordes, mueva sus tropas que tomaron la base occidental.<\/p>\n\n\n\n<h3 class=\"wp-block-heading\">5. DERROTA 2 POSICIONES DE ARTILLER\u00cdA UEF<\/h3>\n\n\n\n<p><em>El mapa se expande hacia el este<\/em><br>El b\u00fanker del Dr. Brackman comienza bajo fuego desde la posici\u00f3n de artiller\u00eda de la UEF hacia su noroeste. Env\u00ede sus fuerzas terrestres de regreso (los Wagner ayudan aqu\u00ed, ya que no tienen que esperar a los transportes) para eliminarlo r\u00e1pidamente, con bombarderos para matar la artiller\u00eda una vez que las fuerzas terrestres maten las torretas antia\u00e9reas. La segunda posici\u00f3n est\u00e1 al otro lado del r\u00edo y necesitar\u00e1s m\u00e1s Wagners y Bombers para matarla, pero el Cruiser se interpone en tu camino.<\/p>\n\n\n\n<h3 class=\"wp-block-heading\">6. DERROTA AL UEF CRUISER<\/h3>\n\n\n\n<p>El crucero comienza justo al norte del b\u00fanker de Brackman. Mueva sus tanques y artiller\u00eda a la costa y deber\u00edan poder golpearla, con los bombarderos restantes destruy\u00e9ndola r\u00e1pidamente. Luego, reconstruye por un tiempo, luego ataca la segunda posici\u00f3n de artiller\u00eda con fuerzas mixtas.<\/p>\n\n\n\n<h3 class=\"wp-block-heading\">7. CONVOY DE ESCORT BRACKMAN<\/h3>\n\n\n\n<p>El convoy aparece lentamente, pero deja que los civiles se acumulen bajo el escudo de Brackman hasta que est\u00e9s seguro de que el camino es seguro. Las patrullas a\u00e9reas enemigas aparecen desde el norte, pero tus cazas deber\u00edan hacer un trabajo r\u00e1pido si patrullas a lo largo de la ruta que tomar\u00e1 el convoy. El enemigo tambi\u00e9n intentar\u00e1 hacer que el transporte caiga sobre ti, as\u00ed que haz que tus unidades terrestres vigilen la base de Brackman hasta que llegue el convoy y viajen con \u00e9l hasta la Puerta. Mueva todos los camiones directamente a la puerta para el siguiente objetivo.<\/p>\n\n\n\n<h3 class=\"wp-block-heading\">8. DESTRUYE EL COMANDANTE DE LA UEF<\/h3>\n\n\n\n<p><em>El mapa se expande hacia el norte<\/em><br>Empiece a construir unidades a\u00e9reas T2 aqu\u00ed; extiende tus patrullas a\u00e9reas y terrestres para cubrir toda tu isla principal. Mueva sus unidades navales hacia el r\u00edo norte para evitar que las unidades navales enemigas se escabullen por los r\u00edos este y oeste. Construye defensas T2 a lo largo de la costa norte para evitar asaltos anfibios mientras tus propios Wagner y artiller\u00eda (lanzados desde el transporte despu\u00e9s de que los Wagner despejan una peque\u00f1a zona de aterrizaje) destruyen la base. Una vez que tus Medusas y Vipers destruyan las defensas externas, mueve a los Wagner para encontrar el ACU y usa ataques a\u00e9reos para acabar con \u00e9l cuando aparezca. A diferencia de la mayor\u00eda de las misiones, lo har\u00e1s bien arrinconando al ACU en lugar de sacarlo de su base.<\/p>\n\n\n\n<h3 class=\"has-text-align-center wp-block-heading\">Misi\u00f3n 3 - Operaci\u00f3n Defrag - Gu\u00eda de video<\/h3>\n\n\n\n<figure class=\"wp-block-embed-youtube wp-block-embed is-type-video is-provider-youtube wp-embed-aspect-4-3 wp-has-aspect-ratio\"><div class=\"wp-block-embed__wrapper\">\n<div class=\"ast-oembed-container\" style=\"height: 100%;\"><iframe title=\"Operaci\u00f3n Defrag - Campa\u00f1a M3 Cybran Dif\u00edcil - Comandante Supremo\" width=\"500\" height=\"375\" src=\"https:\/\/www.youtube.com\/embed\/V9zF49Oc0kI?feature=oembed\" frameborder=\"0\" allow=\"accelerometer; autoplay; clipboard-write; encrypted-media; gyroscope; picture-in-picture; web-share\" referrerpolicy=\"strict-origin-when-cross-origin\" allowfullscreen><\/iframe><\/div>\n<\/div><\/figure>","protected":false},"excerpt":{"rendered":"<p>1. DEFEND YORK18 AND THE QUANTUM GATE You have very few resources at the start of this mission, so use your starting units wisely. Have your Bombers destroy the tanks to the west of York18, but don&#8217;t let them fly over the west or northwest bases. Once York is safe, pull your bombers back to [&hellip;]<\/p>","protected":false},"author":1,"featured_media":0,"parent":122,"menu_order":2,"comment_status":"open","ping_status":"closed","template":"","meta":{"_uag_custom_page_level_css":"","site-sidebar-layout":"default","site-content-layout":"default","ast-site-content-layout":"","site-content-style":"default","site-sidebar-style":"default","ast-global-header-display":"","ast-banner-title-visibility":"","ast-main-header-display":"","ast-hfb-above-header-display":"","ast-hfb-below-header-display":"","ast-hfb-mobile-header-display":"","site-post-title":"","ast-breadcrumbs-content":"","ast-featured-img":"","footer-sml-layout":"","theme-transparent-header-meta":"default","adv-header-id-meta":"","stick-header-meta":"","header-above-stick-meta":"","header-main-stick-meta":"","header-below-stick-meta":"","astra-migrate-meta-layouts":"default","ast-page-background-enabled":"default","ast-page-background-meta":{"desktop":{"background-color":"","background-image":"","background-repeat":"repeat","background-position":"center center","background-size":"auto","background-attachment":"scroll","background-type":"","background-media":"","overlay-type":"","overlay-color":"","overlay-gradient":""},"tablet":{"background-color":"","background-image":"","background-repeat":"repeat","background-position":"center center","background-size":"auto","background-attachment":"scroll","background-type":"","background-media":"","overlay-type":"","overlay-color":"","overlay-gradient":""},"mobile":{"background-color":"","background-image":"","background-repeat":"repeat","background-position":"center center","background-size":"auto","background-attachment":"scroll","background-type":"","background-media":"","overlay-type":"","overlay-color":"","overlay-gradient":""}},"ast-content-background-meta":{"desktop":{"background-color":"var(--ast-global-color-5)","background-image":"","background-repeat":"repeat","background-position":"center center","background-size":"auto","background-attachment":"scroll","background-type":"","background-media":"","overlay-type":"","overlay-color":"","overlay-gradient":""},"tablet":{"background-color":"var(--ast-global-color-5)","background-image":"","background-repeat":"repeat","background-position":"center center","background-size":"auto","background-attachment":"scroll","background-type":"","background-media":"","overlay-type":"","overlay-color":"","overlay-gradient":""},"mobile":{"background-color":"var(--ast-global-color-5)","background-image":"","background-repeat":"repeat","background-position":"center center","background-size":"auto","background-attachment":"scroll","background-type":"","background-media":"","overlay-type":"","overlay-color":"","overlay-gradient":""}},"footnotes":""},"uagb_featured_image_src":{"full":false,"thumbnail":false,"medium":false,"medium_large":false,"large":false,"1536x1536":false,"2048x2048":false,"trp-custom-language-flag":false},"uagb_author_info":{"display_name":"SOE","author_link":"https:\/\/supcom.standardof.net\/es\/author\/k-tastic\/"},"uagb_comment_info":0,"uagb_excerpt":"1. DEFEND YORK18 AND THE QUANTUM GATE You have very few resources at the start of this mission, so use your starting units wisely. Have your Bombers destroy the tanks to the west of York18, but don&#8217;t let them fly over the west or northwest bases. Once York is safe, pull your bombers back to&hellip;","_links":{"self":[{"href":"https:\/\/supcom.standardof.net\/es\/wp-json\/wp\/v2\/pages\/208"}],"collection":[{"href":"https:\/\/supcom.standardof.net\/es\/wp-json\/wp\/v2\/pages"}],"about":[{"href":"https:\/\/supcom.standardof.net\/es\/wp-json\/wp\/v2\/types\/page"}],"author":[{"embeddable":true,"href":"https:\/\/supcom.standardof.net\/es\/wp-json\/wp\/v2\/users\/1"}],"replies":[{"embeddable":true,"href":"https:\/\/supcom.standardof.net\/es\/wp-json\/wp\/v2\/comments?post=208"}],"version-history":[{"count":0,"href":"https:\/\/supcom.standardof.net\/es\/wp-json\/wp\/v2\/pages\/208\/revisions"}],"up":[{"embeddable":true,"href":"https:\/\/supcom.standardof.net\/es\/wp-json\/wp\/v2\/pages\/122"}],"wp:attachment":[{"href":"https:\/\/supcom.standardof.net\/es\/wp-json\/wp\/v2\/media?parent=208"}],"curies":[{"name":"wp","href":"https:\/\/api.w.org\/{rel}","templated":true}]}}