{"id":210,"date":"2020-10-31T15:06:12","date_gmt":"2020-10-31T19:06:12","guid":{"rendered":"https:\/\/supcom.standardof.net\/?page_id=210"},"modified":"2020-10-31T15:10:18","modified_gmt":"2020-10-31T19:10:18","slug":"cybran-operation-mainframe-tango","status":"publish","type":"page","link":"https:\/\/supcom.standardof.net\/es\/supreme-commander\/recorridos-de-campana\/cybran-operacion-mainframe-tango\/","title":{"rendered":"Misi\u00f3n Cybran 4 - Operaci\u00f3n Mainframe Tango"},"content":{"rendered":"<h3 class=\"wp-block-heading\">1. DERROTA AL COMANDANTE AEON<\/h3>\n\n\n\n<p>No hay l\u00edmite de tiempo para la primera tarea, pero ser\u00e1s asaltado continuamente, as\u00ed que construye defensas en tu lado occidental. El Aeon Commander est\u00e1 al suroeste. Construye una gran fuerza naval y Wagner (tienen torpedos para que no est\u00e9n indefensos al cruzar la bah\u00eda), con transportes a\u00e9reos para traer v\u00edboras y rinocerontes para los asaltos pesados de bases. Tus destructores ambulantes son clave aqu\u00ed, ya que pueden hacer cualquier cosa que necesites. Explora la base suroeste hasta que encuentres un buen lugar para lanzar tus fuerzas. Antes de entrar, construye una fuerza decente y env\u00eda a tus Destructores para que emerjan del agua, haciendo que las defensas enemigas los apunten en lugar de tus unidades terrestres. Cuando aparezca el Aeon Commander, ataca con todo, incluidos bombarderos y ca\u00f1oneras; ella se teletransportar\u00e1 lejos, pero necesitar\u00e1s fuerzas all\u00ed de todos modos para el objetivo #2.<\/p>\n\n\n\n<h3 class=\"wp-block-heading\">2. RECUPERAR EL NODO DE RED<\/h3>\n\n\n\n<p>El nodo est\u00e1 en el medio de la base que est\u00e1s atacando. Capt\u00faralo con un ingeniero una vez que hayas nivelado la base. Haga que sus fuerzas navales (no solo sus Destructores) destruyan el lado naval de la base Aeon all\u00ed.<\/p>\n\n\n\n<h3 class=\"wp-block-heading\">3. GUARDAR EL NODO DE RED Y EDIFICIOS CIVILES<\/h3>\n\n\n\n<p><em>El mapa se expande hacia el oeste<\/em><br>La aldea civil ya tiene escudos, pero querr\u00e1s transportar por aire a tus unidades terrestres para que sirvan de defensa mientras construyes una posici\u00f3n defensiva. Construye una Land Factory all\u00ed para que puedas tener defensas m\u00f3viles y tambi\u00e9n construir algo de antia\u00e9reo.<\/p>\n\n\n\n<h3 class=\"wp-block-heading\">4. DEFENDER EL NODO ANTE LOS ATAQUES DE AEON<\/h3>\n\n\n\n<p>El nodo sufrir\u00e1 todo tipo de ataques: su Land Factory, que fabrica T2 antia\u00e9reos y tanques pesados, es \u00fatil como defensa para todo uso. Mueve tus fuerzas navales al norte de la aldea para encontrar el ataque naval antes de que suceda y destr\u00fayelo.<\/p>\n\n\n\n<h3 class=\"wp-block-heading\">5. CAPTURA DEL NODO NORESTE<\/h3>\n\n\n\n<p><em>El mapa se expande hacia el norte<\/em><br>Tu base original ahora es vulnerable a los ataques del norte, as\u00ed que construye algo de defensa all\u00ed. Puede moverse con una gran fuerza para abrumar sus escudos m\u00f3viles, o enviar un generador de sigilo m\u00f3vil y un ingeniero con su transporte a\u00e9reo (despu\u00e9s de explorar sus rutas de vuelo) para capturarlo.<\/p>\n\n\n\n<h3 class=\"wp-block-heading\">6. CAPTURA DEL NODO NOROESTE<\/h3>\n\n\n\n<p>Esto es relativamente f\u00e1cil: simplemente mueva sus fuerzas navales a la costa y bombardear\u00e1n la base en el olvido. Antes de capturar el nodo, mueva todo su ej\u00e9rcito fuera de la base principal de Aeon en una formaci\u00f3n enorme. Tienes un l\u00edmite de tiempo para el pr\u00f3ximo objetivo, as\u00ed que captura solo cuando est\u00e9s listo.<\/p>\n\n\n\n<h3 class=\"wp-block-heading\">7. DERROTA AL COMANDANTE AEON<\/h3>\n\n\n\n<p>30 segundos despu\u00e9s de completar los objetivos 5 y 6, una bomba EMP explota en el medio de la base Aeon. Esto te da tiempo para asaltar la base con todo, encontrar al Comandante y matarlo con ca\u00f1oneras y bombarderos antes de que se reactiven sus defensas a\u00e9reas.<\/p>\n\n\n\n<h3 class=\"has-text-align-center wp-block-heading\">Misi\u00f3n 4 - Operaci\u00f3n Mainframe Tango - Gu\u00eda de video<\/h3>\n\n\n\n<figure class=\"wp-block-embed-youtube wp-block-embed is-type-video is-provider-youtube wp-embed-aspect-4-3 wp-has-aspect-ratio\"><div class=\"wp-block-embed__wrapper\">\n<div class=\"ast-oembed-container\" style=\"height: 100%;\"><iframe title=\"Operaci\u00f3n Mainframe Tango - M4 Cybran Campaign Hard - Supreme Commander\" width=\"500\" height=\"375\" src=\"https:\/\/www.youtube.com\/embed\/Zf6C4dMeps4?feature=oembed\" frameborder=\"0\" allow=\"accelerometer; autoplay; clipboard-write; encrypted-media; gyroscope; picture-in-picture; web-share\" referrerpolicy=\"strict-origin-when-cross-origin\" allowfullscreen><\/iframe><\/div>\n<\/div><\/figure>","protected":false},"excerpt":{"rendered":"<p>1. DEFEAT THE AEON COMMANDER There&#8217;s no time limit for the first task, but you&#8217;ll be continually assaulted, so build up defenses on your western side. The Aeon Commander is to the southwest. Build up a large navy and Wagner force (they have torpedoes so they won&#8217;t be defenseless while crossing the bay), with air [&hellip;]<\/p>","protected":false},"author":1,"featured_media":0,"parent":122,"menu_order":2,"comment_status":"open","ping_status":"closed","template":"","meta":{"_uag_custom_page_level_css":"","site-sidebar-layout":"default","site-content-layout":"default","ast-site-content-layout":"","site-content-style":"default","site-sidebar-style":"default","ast-global-header-display":"","ast-banner-title-visibility":"","ast-main-header-display":"","ast-hfb-above-header-display":"","ast-hfb-below-header-display":"","ast-hfb-mobile-header-display":"","site-post-title":"","ast-breadcrumbs-content":"","ast-featured-img":"","footer-sml-layout":"","theme-transparent-header-meta":"default","adv-header-id-meta":"","stick-header-meta":"","header-above-stick-meta":"","header-main-stick-meta":"","header-below-stick-meta":"","astra-migrate-meta-layouts":"default","ast-page-background-enabled":"default","ast-page-background-meta":{"desktop":{"background-color":"","background-image":"","background-repeat":"repeat","background-position":"center center","background-size":"auto","background-attachment":"scroll","background-type":"","background-media":"","overlay-type":"","overlay-color":"","overlay-gradient":""},"tablet":{"background-color":"","background-image":"","background-repeat":"repeat","background-position":"center center","background-size":"auto","background-attachment":"scroll","background-type":"","background-media":"","overlay-type":"","overlay-color":"","overlay-gradient":""},"mobile":{"background-color":"","background-image":"","background-repeat":"repeat","background-position":"center center","background-size":"auto","background-attachment":"scroll","background-type":"","background-media":"","overlay-type":"","overlay-color":"","overlay-gradient":""}},"ast-content-background-meta":{"desktop":{"background-color":"var(--ast-global-color-5)","background-image":"","background-repeat":"repeat","background-position":"center center","background-size":"auto","background-attachment":"scroll","background-type":"","background-media":"","overlay-type":"","overlay-color":"","overlay-gradient":""},"tablet":{"background-color":"var(--ast-global-color-5)","background-image":"","background-repeat":"repeat","background-position":"center center","background-size":"auto","background-attachment":"scroll","background-type":"","background-media":"","overlay-type":"","overlay-color":"","overlay-gradient":""},"mobile":{"background-color":"var(--ast-global-color-5)","background-image":"","background-repeat":"repeat","background-position":"center center","background-size":"auto","background-attachment":"scroll","background-type":"","background-media":"","overlay-type":"","overlay-color":"","overlay-gradient":""}},"footnotes":""},"uagb_featured_image_src":{"full":false,"thumbnail":false,"medium":false,"medium_large":false,"large":false,"1536x1536":false,"2048x2048":false,"trp-custom-language-flag":false},"uagb_author_info":{"display_name":"SOE","author_link":"https:\/\/supcom.standardof.net\/es\/author\/k-tastic\/"},"uagb_comment_info":0,"uagb_excerpt":"1. DEFEAT THE AEON COMMANDER There&#8217;s no time limit for the first task, but you&#8217;ll be continually assaulted, so build up defenses on your western side. The Aeon Commander is to the southwest. Build up a large navy and Wagner force (they have torpedoes so they won&#8217;t be defenseless while crossing the bay), with air&hellip;","_links":{"self":[{"href":"https:\/\/supcom.standardof.net\/es\/wp-json\/wp\/v2\/pages\/210"}],"collection":[{"href":"https:\/\/supcom.standardof.net\/es\/wp-json\/wp\/v2\/pages"}],"about":[{"href":"https:\/\/supcom.standardof.net\/es\/wp-json\/wp\/v2\/types\/page"}],"author":[{"embeddable":true,"href":"https:\/\/supcom.standardof.net\/es\/wp-json\/wp\/v2\/users\/1"}],"replies":[{"embeddable":true,"href":"https:\/\/supcom.standardof.net\/es\/wp-json\/wp\/v2\/comments?post=210"}],"version-history":[{"count":0,"href":"https:\/\/supcom.standardof.net\/es\/wp-json\/wp\/v2\/pages\/210\/revisions"}],"up":[{"embeddable":true,"href":"https:\/\/supcom.standardof.net\/es\/wp-json\/wp\/v2\/pages\/122"}],"wp:attachment":[{"href":"https:\/\/supcom.standardof.net\/es\/wp-json\/wp\/v2\/media?parent=210"}],"curies":[{"name":"wp","href":"https:\/\/api.w.org\/{rel}","templated":true}]}}