{"id":212,"date":"2020-10-31T15:08:11","date_gmt":"2020-10-31T19:08:11","guid":{"rendered":"https:\/\/supcom.standardof.net\/?page_id=212"},"modified":"2020-10-31T15:08:12","modified_gmt":"2020-10-31T19:08:12","slug":"cybran-operation-unlock","status":"publish","type":"page","link":"https:\/\/supcom.standardof.net\/es\/supreme-commander\/recorridos-de-campana\/cybran-operation-unlock\/","title":{"rendered":"Misi\u00f3n Cybran 5 - Desbloqueo de operaci\u00f3n"},"content":{"rendered":"<h3 class=\"wp-block-heading\">1. DESTRUIR 6 GENERADORES DE ENERG\u00cdA UEF<\/h3>\n\n\n\n<p>Al sur hay una gran base UEF; construya un muro entre ustedes dos una vez que haya tomado el control de 10 u 11 dep\u00f3sitos masivos. No provoques a la UEF hasta que est\u00e9s listo para luchar, y no construyas una f\u00e1brica naval hasta que tus fuerzas terrestres est\u00e9n seguras y adaptadas a T2, ya que la armada de la UEF es grande y agresiva. Construye tus granjas de Mass Fabricator al noreste del mapa, lejos de las patrullas a\u00e9reas enemigas. A lo largo de su muro sur, construya una defensa T2 completa con escudos y artiller\u00eda y un par de ingenieros de patrulla. Una vez que est\u00e9 listo para actualizar a T3, construya algunas f\u00e1bricas navales y ay\u00fadelas mientras produce una fuerza terrestre dise\u00f1ada para proteger su artiller\u00eda m\u00f3vil T3. Deja que las fuerzas enemigas te ataquen y desperdicien sus unidades m\u00f3viles antes de atacar. Desliza tus fuerzas por el borde este del mapa, detr\u00e1s de la cobertura de las monta\u00f1as, para que puedan destruir los generadores de energ\u00eda y dejar caer sus escudos. Recuerda moverte a la Velocidad de Artiller\u00eda Pesada con formaciones o Ctrl-Alt-clic.<\/p>\n\n\n\n<h3 class=\"wp-block-heading\">2. y 3. DESTRUYE 3 OMNISENSORES Y DESTRUYE LA BASE NAVAL DE LA UEF<\/h3>\n\n\n\n<p><em>El mapa se expande hacia el oeste<br><\/em>Destruye el primer puesto de Omni usando el mismo m\u00e9todo de artiller\u00eda furtiva, luego haz que tu artiller\u00eda controle lentamente m\u00e1s territorio. A medida que gane el control, extienda las rutas de patrulla a\u00e9rea para cubrir sus \u00e1reas seguras para que las patrullas enemigas no se acerquen sigilosamente. Usa unidades navales para eliminar la costa occidental y destruir la base naval. Tus cruceros y destructores tambi\u00e9n pueden ayudar a eliminar las defensas en la playa. Destruir la base naval primero hace que apuntar al Omni Sensor en la monta\u00f1a oeste sea mucho m\u00e1s f\u00e1cil. A medida que mueran tus unidades de artiller\u00eda y apoyo, reempl\u00e1zalas por aire dejando caer m\u00e1s unidades. La Base Naval est\u00e1 en el extremo sur del r\u00edo. Cambia el interruptor tierra \/ aire de tus cruceros para &quot;aterrizar&quot; y mu\u00e9vete con tus fuerzas navales (pero no con las fuerzas a\u00e9reas porque todo el antia\u00e9reo est\u00e1 protegido), mientras tu artiller\u00eda rompe los escudos. Apunta a los ingenieros primero, ya que intentar\u00e1n reparar las defensas. Alternativamente, puede lanzar Ingenieros por aire desde la base y un Lanzador de misiles t\u00e1cticos o de artiller\u00eda T2 lo destruir\u00e1 f\u00e1cilmente, defendido por sus unidades terrestres. La base del sensor Omni del suroeste est\u00e1 al alcance de todas tus unidades, as\u00ed que haz que todas tus fuerzas la golpeen. El Omni Sensor del oeste est\u00e1 en lo alto de una monta\u00f1a, lo que lo hace bien defendido. Los destructores son lentos, pero son tu mejor opci\u00f3n aqu\u00ed; deja a tu escuadr\u00f3n de artiller\u00eda detr\u00e1s de ellos y prot\u00e9gelos con tu avi\u00f3n.<\/p>\n\n\n\n<h3 class=\"wp-block-heading\">4. LLEGUE A HEX5 CON SU COMMANDER<\/h3>\n\n\n\n<p>Transporta tu ACU al \u00e1rea objetivo y mant\u00e9n a tus combatientes en tu base principal, ya que los cielos se volver\u00e1n muy hostiles despu\u00e9s de este objetivo. Una vez que lo termines, transporta r\u00e1pidamente tu ACU de regreso a los escudos en tu base principal.<\/p>\n\n\n\n<h3 class=\"wp-block-heading\">5. DERROTA A LA UEF ASALTO CON ARMA<\/h3>\n\n\n\n<p>Esto no es un problema si ten\u00edas suficientes defensas a\u00e9reas de los primeros objetivos y suficientes cazas para repeler las ca\u00f1oneras.<\/p>\n\n\n\n<h3 class=\"wp-block-heading\">6. INFECTAR LA INSTALACI\u00d3N DE ESTADIFICACI\u00d3N DE AIRE DE UEF<\/h3>\n\n\n\n<p><em>El mapa se expande hacia el sur<br><\/em>Esta base est\u00e1 bien defendida, por lo que necesitar\u00e1s usar tu escuadr\u00f3n de artiller\u00eda. Intente despejar las unidades de un lado de la base mientras deja caer unidades hacia los otros lados en un ataque suicida, luego mueva a los ingenieros a trav\u00e9s del agujero para capturar una de las instalaciones. No es necesario que primero elimines toda la base.<\/p>\n\n\n\n<h3 class=\"wp-block-heading\">7. DERROTA AL COMANDANTE DE LA UEF<\/h3>\n\n\n\n<p>Mueva todas sus fuerzas a la esquina suroeste: las unidades navales al r\u00edo al este de la base, con las unidades a\u00e9reas cubriendo el mar pero sin alejarse demasiado de la cobertura antia\u00e9rea de la base. Una vez que hayas matado el anillo exterior de torretas, apunta a los escudos y mueve tus Destructores hacia la orilla para sacar a la ACU de su escondite. Si se retira antes de morir, vuelva a bombardear su base hasta que no tenga ning\u00fan lugar al que huir. Una vez que tenga un tiro claro, env\u00ede sus fuerzas a\u00e9reas y Destructores para terminar el trabajo.<\/p>\n\n\n\n<h3 class=\"wp-block-heading\">Misi\u00f3n 5 - Desbloqueo de operaci\u00f3n - Gu\u00eda de video<\/h3>\n\n\n\n<figure class=\"wp-block-embed-youtube wp-block-embed is-type-video is-provider-youtube wp-embed-aspect-16-9 wp-has-aspect-ratio\"><div class=\"wp-block-embed__wrapper\">\n<div class=\"ast-oembed-container\" style=\"height: 100%;\"><iframe title=\"Operaci\u00f3n Desbloqueo - Campa\u00f1a M5 Cybran Dif\u00edcil - Comandante Supremo\" width=\"500\" height=\"281\" src=\"https:\/\/www.youtube.com\/embed\/WcXek0vEAW0?feature=oembed\" frameborder=\"0\" allow=\"accelerometer; autoplay; clipboard-write; encrypted-media; gyroscope; picture-in-picture; web-share\" referrerpolicy=\"strict-origin-when-cross-origin\" allowfullscreen><\/iframe><\/div>\n<\/div><\/figure>","protected":false},"excerpt":{"rendered":"<p>1. DESTROY 6 UEF POWER GENERATORS To the south there is a large UEF base; build a wall between the two of you once you&#8217;ve taken control of 10 or 11 mass deposits. Don&#8217;t provoke the UEF until you&#8217;re ready to fight, and don&#8217;t build a Naval Factory until your land forces are secure and [&hellip;]<\/p>","protected":false},"author":1,"featured_media":0,"parent":122,"menu_order":2,"comment_status":"open","ping_status":"closed","template":"","meta":{"_uag_custom_page_level_css":"","site-sidebar-layout":"default","site-content-layout":"default","ast-site-content-layout":"","site-content-style":"default","site-sidebar-style":"default","ast-global-header-display":"","ast-banner-title-visibility":"","ast-main-header-display":"","ast-hfb-above-header-display":"","ast-hfb-below-header-display":"","ast-hfb-mobile-header-display":"","site-post-title":"","ast-breadcrumbs-content":"","ast-featured-img":"","footer-sml-layout":"","theme-transparent-header-meta":"default","adv-header-id-meta":"","stick-header-meta":"","header-above-stick-meta":"","header-main-stick-meta":"","header-below-stick-meta":"","astra-migrate-meta-layouts":"default","ast-page-background-enabled":"default","ast-page-background-meta":{"desktop":{"background-color":"","background-image":"","background-repeat":"repeat","background-position":"center center","background-size":"auto","background-attachment":"scroll","background-type":"","background-media":"","overlay-type":"","overlay-color":"","overlay-gradient":""},"tablet":{"background-color":"","background-image":"","background-repeat":"repeat","background-position":"center center","background-size":"auto","background-attachment":"scroll","background-type":"","background-media":"","overlay-type":"","overlay-color":"","overlay-gradient":""},"mobile":{"background-color":"","background-image":"","background-repeat":"repeat","background-position":"center center","background-size":"auto","background-attachment":"scroll","background-type":"","background-media":"","overlay-type":"","overlay-color":"","overlay-gradient":""}},"ast-content-background-meta":{"desktop":{"background-color":"var(--ast-global-color-5)","background-image":"","background-repeat":"repeat","background-position":"center center","background-size":"auto","background-attachment":"scroll","background-type":"","background-media":"","overlay-type":"","overlay-color":"","overlay-gradient":""},"tablet":{"background-color":"var(--ast-global-color-5)","background-image":"","background-repeat":"repeat","background-position":"center center","background-size":"auto","background-attachment":"scroll","background-type":"","background-media":"","overlay-type":"","overlay-color":"","overlay-gradient":""},"mobile":{"background-color":"var(--ast-global-color-5)","background-image":"","background-repeat":"repeat","background-position":"center center","background-size":"auto","background-attachment":"scroll","background-type":"","background-media":"","overlay-type":"","overlay-color":"","overlay-gradient":""}},"footnotes":""},"uagb_featured_image_src":{"full":false,"thumbnail":false,"medium":false,"medium_large":false,"large":false,"1536x1536":false,"2048x2048":false,"trp-custom-language-flag":false},"uagb_author_info":{"display_name":"SOE","author_link":"https:\/\/supcom.standardof.net\/es\/author\/k-tastic\/"},"uagb_comment_info":0,"uagb_excerpt":"1. DESTROY 6 UEF POWER GENERATORS To the south there is a large UEF base; build a wall between the two of you once you&#8217;ve taken control of 10 or 11 mass deposits. Don&#8217;t provoke the UEF until you&#8217;re ready to fight, and don&#8217;t build a Naval Factory until your land forces are secure and&hellip;","_links":{"self":[{"href":"https:\/\/supcom.standardof.net\/es\/wp-json\/wp\/v2\/pages\/212"}],"collection":[{"href":"https:\/\/supcom.standardof.net\/es\/wp-json\/wp\/v2\/pages"}],"about":[{"href":"https:\/\/supcom.standardof.net\/es\/wp-json\/wp\/v2\/types\/page"}],"author":[{"embeddable":true,"href":"https:\/\/supcom.standardof.net\/es\/wp-json\/wp\/v2\/users\/1"}],"replies":[{"embeddable":true,"href":"https:\/\/supcom.standardof.net\/es\/wp-json\/wp\/v2\/comments?post=212"}],"version-history":[{"count":0,"href":"https:\/\/supcom.standardof.net\/es\/wp-json\/wp\/v2\/pages\/212\/revisions"}],"up":[{"embeddable":true,"href":"https:\/\/supcom.standardof.net\/es\/wp-json\/wp\/v2\/pages\/122"}],"wp:attachment":[{"href":"https:\/\/supcom.standardof.net\/es\/wp-json\/wp\/v2\/media?parent=212"}],"curies":[{"name":"wp","href":"https:\/\/api.w.org\/{rel}","templated":true}]}}