{"id":215,"date":"2020-10-31T15:11:47","date_gmt":"2020-10-31T19:11:47","guid":{"rendered":"https:\/\/supcom.standardof.net\/?page_id=215"},"modified":"2020-10-31T15:11:48","modified_gmt":"2020-10-31T19:11:48","slug":"cybran-operation-freedom","status":"publish","type":"page","link":"https:\/\/supcom.standardof.net\/es\/supreme-commander\/recorridos-de-campana\/cybran-operation-freedom\/","title":{"rendered":"Misi\u00f3n Cybran 6 - Operaci\u00f3n Libertad"},"content":{"rendered":"<h3 class=\"wp-block-heading\">0. CONSTRUYE TU BASE<\/h3>\n\n\n\n<p>Tu misi\u00f3n no es perder el tiempo con la tecnolog\u00eda habitual aqu\u00ed, sino tener suficiente econom\u00eda para producir muchas unidades experimentales, hasta un Scathis para atacar de forma segura desde detr\u00e1s de las defensas de tu base. Tienes 12 minutos para construir tu base antes de que llegue el zar, as\u00ed que trabaja r\u00e1pido. Construye fuerzas terrestres mixtas (bots de asedio T3, artiller\u00eda, T2 antia\u00e9reo y algunos generadores de escudos m\u00f3viles T2) y env\u00edalos al sur como cobertura para el muro de defensas que est\u00e1s construyendo. Construye muchos cazas y bombarderos T1 y T3 en tus F\u00e1bricas A\u00e9reas para prepararte para la invasi\u00f3n del Zar. Necesitar\u00e1 una gran flota naval mixta (excepto portaaviones, porque ya tiene instalaciones de preparaci\u00f3n a\u00e9rea) y muchos ingenieros T3 para financiar su m\u00e1quina de guerra, especialmente porque querr\u00e1 actualizar los escudos a su l\u00ednea sur y poner Instalaciones de artiller\u00eda pesada T3 para detener los experimentos que vendr\u00e1n hacia el norte. Tambi\u00e9n querr\u00e1 defensa a\u00e9rea T3 a lo largo de la costa occidental y m\u00e1s Lanzadores de torpedos T2 en un anillo exterior m\u00e1s all\u00e1 de los que ya tiene, y m\u00e1s adelante necesitar\u00e1 una defensa de puntos T2 en ambos lados de su base para ayudar a repeler los ataques. La clave para detener los experimentos enemigos desde la tierra es tu artiller\u00eda pesada, y la clave para matar a los experimentales enemigos desde el mar es tu ca\u00f1onera experimental Soul Ripper. Este es su mayor proyecto de construcci\u00f3n, ya que los necesitar\u00e1 para derribar al Zar antes de que destruya el centro de control del Sol Negro. Mientras tanto, tu ACU y Jericho pueden ayudar al muro defensivo: querr\u00e1s varias capas de muros f\u00edsicos para evitar que las unidades terrestres te alcancen antes de que sus experimentos puedan aplastar los muros, as\u00ed como las defensas habituales. Alternativamente, haz que tu ACU lidere la carga de construcci\u00f3n de Soul Ripper. Es dif\u00edcil construir artiller\u00eda T3 y un Soul Ripper simult\u00e1neamente, as\u00ed que elige una: una vez que tengas una sola artiller\u00eda, puedes poner a todos tus ingenieros en T3 air y experimentales.<\/p>\n\n\n\n<h3 class=\"wp-block-heading\">1. DESTRUYE EL ZAR<\/h3>\n\n\n\n<p>Haga que todas sus unidades a\u00e9reas (Soul Rippers, luchadores de superioridad a\u00e9rea, incluso sus ca\u00f1oneras) ayuden a acabar con los puntos de vida del Zar antes de que llegue a la base UEF. El UEF te ayudar\u00e1 un poco, pero no pueden hacerlo solos, y necesitas que muera antes de que llegue al centro de control (al sur de tu base). Despu\u00e9s de haber construido algunos Soul Rippers, ponga en cola algunos Monkeylords y luego contin\u00fae construyendo experimentos para siempre. En lugar de artiller\u00eda T3 y Monkeylords, puedes usar un Scathis, que eliminar\u00e1 toda la isla en la que te encuentres si la pones dentro de tu l\u00ednea defensiva. La artiller\u00eda tambi\u00e9n tiene la ventaja de poder alcanzar la base Aeon.<\/p>\n\n\n\n<h3 class=\"wp-block-heading\">2. CONSTRUYE UNA PUERTA CU\u00c1NTICA<\/h3>\n\n\n\n<p>Mueva sus Soul Rippers de regreso a su base, vagando hacia el oeste para ver el Coloso que se dirige al este hacia usted. La UEF tambi\u00e9n te atacar\u00e1 y te ayudar\u00e1n a matar al Coloso si lo necesitas. El Coloso deber\u00eda ser el centro de tu atenci\u00f3n con las ca\u00f1oneras, Soul Rippers y bombarderos T3, as\u00ed como con toda tu flota naval (ya que no puede usar sus ca\u00f1ones de gravedad mientras est\u00e1 sumergido). Si llega a tu base, las defensas occidentales deber\u00edan matarlo antes de que cause demasiado da\u00f1o. Las fuerzas de la UEF pueden esperar hasta que sea destruida; sus muros deben mantenerlos el tiempo suficiente para que sus defensas y tropas terrestres monten una defensa. Construye una puerta cu\u00e1ntica aqu\u00ed y entra en ella con tu ACU, que deber\u00eda estar escondida de forma segura detr\u00e1s de los escudos en este punto. Ahora puede comenzar a producir SCU en masa con la actualizaci\u00f3n de la colecci\u00f3n de recursos si se queda sin espacio para las granjas de fabricantes y de energ\u00eda T3. Sin embargo, esto no deber\u00eda ser un problema; en su lugar, simplemente bombee SCU regulares para ayudar en sus proyectos de construcci\u00f3n y agregue un ingeniero a su cola de construcci\u00f3n de terrenos para ayudar a construir defensas cada vez m\u00e1s al sur. La UEF atacar\u00e1 con artiller\u00eda pesada m\u00f3vil que puede acabar con tus defensas; para esto, mu\u00e9vete en un Soul Ripper para patrullar al sur de las paredes y detectarlas mientras tu propia artiller\u00eda se encarga de ellas. \u00a1No dejes que la UEF construya sus propias defensas de puntos!<\/p>\n\n\n\n<h3 class=\"wp-block-heading\">3. CENTRO DE CONTROL DE CAPTURA SOL NEGRO<\/h3>\n\n\n\n<p><em>El mapa se expande hacia el sur y el este<br><\/em>Este no es un objetivo cronometrado. Despu\u00e9s de rechazar la invasi\u00f3n de UEF y Aeon, t\u00f3mese un tiempo para reconstruir sus fuerzas, luego mueva sus unidades experimentales restantes al centro de control. Tu artiller\u00eda ya deber\u00eda haber eliminado la mayor parte de esta base; la UEF a\u00fan puede defenderlo con un Fatboy, por eso trajiste a los spiderbots. Camine o transporte su ACU a Black Sun y aseg\u00farese de que sus escudos est\u00e9n mejorados y que los Comandantes de Apoyo lo ayuden en caso de peligro. Tan pronto como su ACU se acerca al centro de control, una fuerza terrestre T3 aparece justo al lado desde el sur; sus experimentos deber\u00edan poder detenerlos, pero si no, prep\u00e1rese con anticipaci\u00f3n con generadores de escudos y defensas construidas antes de que llegue su ACU. Si no est\u00e1s jugando en dificultad Dif\u00edcil, puedes hacer que cualquier viejo ingeniero capture el Centro de Control y el propio Sol Negro. Esto facilita mucho las cosas, ya que puede enviar a algunos ingenieros al amparo de sus fuerzas sin preocuparse de que el contraataque UEF los aniquile.<\/p>\n\n\n\n<h3 class=\"wp-block-heading\">4. CAPTURA SOL NEGRO<\/h3>\n\n\n\n<p><em>El mapa se expande hacia el sur<br><\/em>La velocidad es clave aqu\u00ed; barre con tus experimentos y mueve tu Scathis hacia adelante detr\u00e1s de ellos. El Scathis deber\u00eda destruir objetivos de alta prioridad como los dos Lanzadores de Misiles Estrat\u00e9gicos (uno en el medio de la base, otro al oeste). Afortunadamente, su primera oportunidad es en la isla Aeon; aseg\u00farese de destruirlos antes de que puedan disparar el tiro #2 a su ACU. Si no construiste un Scathis, haz que tu artiller\u00eda T3 apunte al lanzador nuclear oriental y haz que tus Soul Rippers saquen el occidental (est\u00e1 cerca de Black Sun). Despu\u00e9s de que mueran los lanzadores, mueva sus experimentales para matar al UEF Commander. Su explosi\u00f3n har\u00e1 la mayor parte del trabajo por ti, y ella est\u00e1 en apuros para sobrevivir a un asalto de Soul Ripper si tus Monkeylords han mantenido ocupadas adecuadamente a las unidades enemigas. Despu\u00e9s de que la base sea destruida, haz que tus ingenieros capturen Black Sun.<\/p>\n\n\n\n<h3 class=\"wp-block-heading\">5. SOL NEGRO FUEGO<\/h3>\n\n\n\n<p>Seleccione Black Sun (s\u00ed, es una unidad) y presione el bot\u00f3n de Fuego. La informaci\u00f3n sobre herramientas, &quot;Poner fin a la guerra infinita&quot;, lo dice todo. \u00a1Disfruta tu victoria!<\/p>\n\n\n\n<h3 class=\"has-text-align-center wp-block-heading\">Misi\u00f3n 6 - Operaci\u00f3n Libertad - Gu\u00eda de video<\/h3>\n\n\n\n<figure class=\"wp-block-embed-youtube wp-block-embed is-type-video is-provider-youtube wp-embed-aspect-4-3 wp-has-aspect-ratio\"><div class=\"wp-block-embed__wrapper\">\n<div class=\"ast-oembed-container\" style=\"height: 100%;\"><iframe title=\"Operaci\u00f3n Libertad - Campa\u00f1a M6 Cybran Dif\u00edcil - Comandante Supremo\" width=\"500\" height=\"375\" src=\"https:\/\/www.youtube.com\/embed\/WS4ZPEFTRWc?feature=oembed\" frameborder=\"0\" allow=\"accelerometer; autoplay; clipboard-write; encrypted-media; gyroscope; picture-in-picture; web-share\" referrerpolicy=\"strict-origin-when-cross-origin\" allowfullscreen><\/iframe><\/div>\n<\/div><\/figure>","protected":false},"excerpt":{"rendered":"<p>0. BUILD YOUR BASE Your mission is not to waste time with the usual teching up here, but to have enough economy to produce lots of experimental units, all the way up to a Scathis to attack safely from behind your base defenses. You have 12 minutes to build up your base before the Czar [&hellip;]<\/p>","protected":false},"author":1,"featured_media":0,"parent":122,"menu_order":2,"comment_status":"open","ping_status":"closed","template":"","meta":{"_uag_custom_page_level_css":"","site-sidebar-layout":"default","site-content-layout":"default","ast-site-content-layout":"","site-content-style":"default","site-sidebar-style":"default","ast-global-header-display":"","ast-banner-title-visibility":"","ast-main-header-display":"","ast-hfb-above-header-display":"","ast-hfb-below-header-display":"","ast-hfb-mobile-header-display":"","site-post-title":"","ast-breadcrumbs-content":"","ast-featured-img":"","footer-sml-layout":"","theme-transparent-header-meta":"default","adv-header-id-meta":"","stick-header-meta":"","header-above-stick-meta":"","header-main-stick-meta":"","header-below-stick-meta":"","astra-migrate-meta-layouts":"default","ast-page-background-enabled":"default","ast-page-background-meta":{"desktop":{"background-color":"","background-image":"","background-repeat":"repeat","background-position":"center center","background-size":"auto","background-attachment":"scroll","background-type":"","background-media":"","overlay-type":"","overlay-color":"","overlay-gradient":""},"tablet":{"background-color":"","background-image":"","background-repeat":"repeat","background-position":"center center","background-size":"auto","background-attachment":"scroll","background-type":"","background-media":"","overlay-type":"","overlay-color":"","overlay-gradient":""},"mobile":{"background-color":"","background-image":"","background-repeat":"repeat","background-position":"center center","background-size":"auto","background-attachment":"scroll","background-type":"","background-media":"","overlay-type":"","overlay-color":"","overlay-gradient":""}},"ast-content-background-meta":{"desktop":{"background-color":"var(--ast-global-color-5)","background-image":"","background-repeat":"repeat","background-position":"center center","background-size":"auto","background-attachment":"scroll","background-type":"","background-media":"","overlay-type":"","overlay-color":"","overlay-gradient":""},"tablet":{"background-color":"var(--ast-global-color-5)","background-image":"","background-repeat":"repeat","background-position":"center center","background-size":"auto","background-attachment":"scroll","background-type":"","background-media":"","overlay-type":"","overlay-color":"","overlay-gradient":""},"mobile":{"background-color":"var(--ast-global-color-5)","background-image":"","background-repeat":"repeat","background-position":"center center","background-size":"auto","background-attachment":"scroll","background-type":"","background-media":"","overlay-type":"","overlay-color":"","overlay-gradient":""}},"footnotes":""},"uagb_featured_image_src":{"full":false,"thumbnail":false,"medium":false,"medium_large":false,"large":false,"1536x1536":false,"2048x2048":false,"trp-custom-language-flag":false},"uagb_author_info":{"display_name":"SOE","author_link":"https:\/\/supcom.standardof.net\/es\/author\/k-tastic\/"},"uagb_comment_info":0,"uagb_excerpt":"0. BUILD YOUR BASE Your mission is not to waste time with the usual teching up here, but to have enough economy to produce lots of experimental units, all the way up to a Scathis to attack safely from behind your base defenses. You have 12 minutes to build up your base before the Czar&hellip;","_links":{"self":[{"href":"https:\/\/supcom.standardof.net\/es\/wp-json\/wp\/v2\/pages\/215"}],"collection":[{"href":"https:\/\/supcom.standardof.net\/es\/wp-json\/wp\/v2\/pages"}],"about":[{"href":"https:\/\/supcom.standardof.net\/es\/wp-json\/wp\/v2\/types\/page"}],"author":[{"embeddable":true,"href":"https:\/\/supcom.standardof.net\/es\/wp-json\/wp\/v2\/users\/1"}],"replies":[{"embeddable":true,"href":"https:\/\/supcom.standardof.net\/es\/wp-json\/wp\/v2\/comments?post=215"}],"version-history":[{"count":0,"href":"https:\/\/supcom.standardof.net\/es\/wp-json\/wp\/v2\/pages\/215\/revisions"}],"up":[{"embeddable":true,"href":"https:\/\/supcom.standardof.net\/es\/wp-json\/wp\/v2\/pages\/122"}],"wp:attachment":[{"href":"https:\/\/supcom.standardof.net\/es\/wp-json\/wp\/v2\/media?parent=215"}],"curies":[{"name":"wp","href":"https:\/\/api.w.org\/{rel}","templated":true}]}}