{"id":218,"date":"2020-10-31T15:15:10","date_gmt":"2020-10-31T19:15:10","guid":{"rendered":"https:\/\/supcom.standardof.net\/?page_id=218"},"modified":"2020-10-31T15:15:10","modified_gmt":"2020-10-31T19:15:10","slug":"aeon-operation-joust","status":"publish","type":"page","link":"https:\/\/supcom.standardof.net\/es\/supreme-commander\/recorridos-de-campana\/eon-operacion-justa\/","title":{"rendered":"Misi\u00f3n 1 de Aeon: Operaci\u00f3n Joust"},"content":{"rendered":"<h3 class=\"wp-block-heading\">1. CONSTRUYE 3 EXTRACTORES DE MASA<\/h3>\n\n\n\n<p><em>Esquemas agregados: Extractor de masa T1<\/em><br>Para hacer esto lo m\u00e1s r\u00e1pido posible, mantenga presionada la tecla May\u00fas para poner en cola los 3 Extractores de masa. Si est\u00e1n relativamente separados, ponga en cola un comando Move entre cada uno para que su ACU no tenga que caminar tan lejos; si simplemente le dices que construya, se acercar\u00e1 al Mass Extractor antes de construirlo.<\/p>\n\n\n\n<h3 class=\"wp-block-heading\">2. CONSTRUYE 3 GENERADORES DE ENERG\u00cdA<\/h3>\n\n\n\n<p><em>Esquemas agregados: T1 Power Generator<\/em><br>No se preocupe por d\u00f3nde colocar los generadores de energ\u00eda, siempre que no est\u00e9n al lado de los extractores de masa; no estar\u00e1 construyendo f\u00e1bricas de aire o tierra por un tiempo.<\/p>\n\n\n\n<h3 class=\"wp-block-heading\">3. CONSTRUYE UNA F\u00c1BRICA NAVAL<\/h3>\n\n\n\n<p><em>Esquemas agregados: F\u00e1brica naval<\/em><br>Construye la f\u00e1brica frente a la costa de tu isla. Ponga en cola los extractores de masa restantes con su ACU.<\/p>\n\n\n\n<h3 class=\"wp-block-heading\">4. CONSTRUYE 3 BARCOS DE ATAQUE<\/h3>\n\n\n\n<p>Construye varios ingenieros y un contingente considerable de botes de ataque (definitivamente 3 no ser\u00e1n suficientes para el resto de la misi\u00f3n). Los ingenieros deber\u00edan construir otra f\u00e1brica naval y luego continuar fortaleciendo su econom\u00eda y asistiendo a sus f\u00e1bricas.<\/p>\n\n\n\n<h3 class=\"wp-block-heading\">5. DESTRUYE 7 PATROLLAS A\u00c9REAS UEF<\/h3>\n\n\n\n<p>Pon tus Attack Boats en un grupo seleccion\u00e1ndolos (con doble clic, Ctrl + Z o Ctrl + S) y Ctrl + 1 (u otro n\u00famero). En el futuro, ahora se puede acceder a su flota mar\u00edtima simplemente presionando 1. P\u00f3ngalos en patrulla por el resto del \u00e1rea visible del mapa. Deber\u00edan encontrar aviones UEF y matarlos sin su supervisi\u00f3n.<\/p>\n\n\n\n<h3 class=\"wp-block-heading\">6. CONSTRUYE 3 SUBMARINOS DE ATAQUE<\/h3>\n\n\n\n<p><em>Esquemas agregados: Submarino de ataque<\/em><br>Construye varios de estos. Son m\u00e1s caros que tus Attack Boats, pero son la mejor unidad que tienes para ganar batallas navales. Si sus submarinos salen a la superficie por alguna raz\u00f3n, selecci\u00f3nelos y presione D para hacer que vuelvan a sumergirse; a diferencia de los submarinos UEF y Cybran, los submarinos Aeon no tienen pistolas de cubierta, por lo que siempre deben permanecer bajo el agua.<\/p>\n\n\n\n<h3 class=\"wp-block-heading\">7. DESTRUYE 4 BLOQUES UEF<\/h3>\n\n\n\n<p><em>Esquemas agregados: Lanzador de torpedos<\/em><br>Espere hasta tener m\u00e1s de 3 subs antes de ir tras los subs de UEF. Cuanto m\u00e1s tengas, menos perder\u00e1s cuando tu manada de caza vaya tras ellos. Haga que sus ingenieros construyan algunos lanzadores de torpedos para proteger sus f\u00e1bricas mientras sus tropas est\u00e1n a la ofensiva. Los barcos tardan mucho m\u00e1s en regresar para defender su base que las unidades terrestres o a\u00e9reas, as\u00ed que construya m\u00e1s defensas de las que tendr\u00eda si estuviera luchando en tierra.<\/p>\n\n\n\n<h3 class=\"wp-block-heading\">8. DESTRUYA LOS 3 GENERADORES DE ENERG\u00cdA Y F\u00c1BRICAS UEF<\/h3>\n\n\n\n<p><em>El mapa se expande hacia el este<br>Esquemas agregados: fragata, torreta antia\u00e9rea, defensa de punto T1<\/em><br>Crea una gran fuerza mixta de todas tus unidades navales y agr\u00e9galas a un grupo para facilitar el acceso. Mu\u00e9velos todos hacia el este, apuntando a submarinos y lanzadores de torpedos primero, luego mu\u00e9vete por la isla para que tus fragatas puedan arrasar los edificios de la isla. Tus botes de ataque deber\u00edan hacer un trabajo r\u00e1pido con cualquier unidad a\u00e9rea, as\u00ed como distraer a los lanzadores de torpedos enemigos de tus costosos submarinos. Proteja su base con torretas antia\u00e9reas, preferiblemente a lo largo de la costa para que los barcos enemigos tengan que atravesar sus lanzadores de torpedos antes de que puedan atacar su defensa a\u00e9rea. Una vez que la base ha sido destruida, mueve tu ACU para construir una nueva base en las ruinas. Si te sientes particularmente heroico, aleja tu flota mar\u00edtima antes de destruir la \u00faltima f\u00e1brica y haz que tu ACU la capture, otorg\u00e1ndote acceso a las unidades UEF.<\/p>\n\n\n\n<h3 class=\"wp-block-heading\">9. DESTRUIR LA BASE A\u00c9REA DEL NOROESTE<\/h3>\n\n\n\n<p><em>El mapa se expande hacia el norte<br>Esquemas agregados: T1 Air Factory, Air Scout, Interceptor, Attack Bomber<\/em><br>Los \u00faltimos objetivos aparecen todos a la vez, pero la base noroeste es mucho m\u00e1s f\u00e1cil de abordar primero, y aliviar\u00e1 algo de la presi\u00f3n que los bombarderos enemigos est\u00e1n ejerciendo sobre ti. Querr\u00e1 principalmente que sus unidades a\u00e9reas (asistidas por sus ingenieros adicionales) destruyan esta base, prestando especial atenci\u00f3n al antia\u00e9reo primero y luego destruyendo los lanzadores de torpedos y las f\u00e1bricas a su gusto.<\/p>\n\n\n\n<h3 class=\"wp-block-heading\">10. DESTRUIR LA BASE NAVAL ORIENTAL<\/h3>\n\n\n\n<p>Mientras su fuerza a\u00e9rea destruye la base noroeste, su flota mar\u00edtima puede entrar y destruir la base este. Utilice las mismas t\u00e1cticas que la \u00faltima vez, asegur\u00e1ndose de destruir las mayores amenazas (submarinos y lanzadores de torpedos) y luego deje que sus fragatas destruyan sus unidades terrestres. Cuando las unidades a\u00e9reas de la UEF del norte tomen represalias, probablemente habr\u00e1s perdido muchos botes de ataque en la lucha, as\u00ed que mueve tus cazas para proteger tu flota.<\/p>\n\n\n\n<h3 class=\"wp-block-heading\">11. DERROTA AL COMANDANTE JUNIOR DE LA UEF<\/h3>\n\n\n\n<p>En la siguiente isla al norte hay un comandante UEF. Re\u00fana sus fuerzas de las batallas anteriores, asegur\u00e1ndose de mantener sus f\u00e1bricas con unidades de bombeo y nuevamente env\u00ede su ACU para construir Mass Extractors y otra f\u00e1brica o dos en la isla que acaba de conquistar. Mant\u00e9n tus unidades a\u00e9reas alejadas de esta base, ya que sus torretas antia\u00e9reas T2 las arrasar\u00e1n; en su lugar, util\u00edcelos para protegerse mientras sus fragatas y submarinos se mueven para atacar la base. El ACU saldr\u00e1 a jugar muy r\u00e1pido, ya que tus submarinos deber\u00edan hacer un trabajo r\u00e1pido con las defensas navales y luego atacarlo con todo lo que tengas. Las unidades navales tienen mucha m\u00e1s potencia de fuego que las unidades terrestres, por lo que el ACU deber\u00eda reducirse muy r\u00e1pidamente.<\/p>\n\n\n\n<h3 class=\"wp-block-heading\">12. DESTRUIR LAS INSTALACIONES ANTI AIRE<\/h3>\n\n\n\n<p>La \u00fanica tarea que queda es hacer m\u00e1s fragatas y hacer que destruyan todos los emplazamientos antia\u00e9reos de la isla. Esto es para despejar el camino para el Zar que se acerca desde el sur, que pronto podr\u00e1s ver en acci\u00f3n.<\/p>\n\n\n\n<h3 class=\"wp-block-heading\">13. AYUDA AL ZAR<\/h3>\n\n\n\n<p>Esto es muy f\u00e1cil: simplemente dile a todas tus unidades que ayuden al Zar. A estas alturas, deber\u00eda tener fuerzas suficientes para sentarse y ver c\u00f3mo destruye el UEF.<\/p>\n\n\n\n<h3 class=\"has-text-align-center wp-block-heading\">Misi\u00f3n 1 - Operaci\u00f3n Joust - Gu\u00eda de video<\/h3>\n\n\n\n<figure class=\"wp-block-embed-youtube wp-block-embed is-type-video is-provider-youtube wp-embed-aspect-4-3 wp-has-aspect-ratio\"><div class=\"wp-block-embed__wrapper\">\n<div class=\"ast-oembed-container\" style=\"height: 100%;\"><iframe title=\"Operation Joust - Campa\u00f1a M1 Aeon Dif\u00edcil - Comandante Supremo\" width=\"500\" height=\"375\" src=\"https:\/\/www.youtube.com\/embed\/HR0t2-cO9IE?list=PL065F8D7C29112F51\" frameborder=\"0\" allow=\"accelerometer; autoplay; clipboard-write; encrypted-media; gyroscope; picture-in-picture; web-share\" referrerpolicy=\"strict-origin-when-cross-origin\" allowfullscreen><\/iframe><\/div>\n<\/div><\/figure>","protected":false},"excerpt":{"rendered":"<p>1. BUILD 3 MASS EXTRACTORS Schematics added: T1 Mass ExtractorTo do this as fast as possible, hold Shift to queue up all 3 Mass Extractors. If they are relatively far apart, queue up a Move command between each one so that your ACU won&#8217;t have to walk as far; if you just tell him to [&hellip;]<\/p>","protected":false},"author":1,"featured_media":0,"parent":122,"menu_order":3,"comment_status":"open","ping_status":"closed","template":"","meta":{"_uag_custom_page_level_css":"","site-sidebar-layout":"default","site-content-layout":"default","ast-site-content-layout":"","site-content-style":"default","site-sidebar-style":"default","ast-global-header-display":"","ast-banner-title-visibility":"","ast-main-header-display":"","ast-hfb-above-header-display":"","ast-hfb-below-header-display":"","ast-hfb-mobile-header-display":"","site-post-title":"","ast-breadcrumbs-content":"","ast-featured-img":"","footer-sml-layout":"","theme-transparent-header-meta":"default","adv-header-id-meta":"","stick-header-meta":"","header-above-stick-meta":"","header-main-stick-meta":"","header-below-stick-meta":"","astra-migrate-meta-layouts":"default","ast-page-background-enabled":"default","ast-page-background-meta":{"desktop":{"background-color":"","background-image":"","background-repeat":"repeat","background-position":"center center","background-size":"auto","background-attachment":"scroll","background-type":"","background-media":"","overlay-type":"","overlay-color":"","overlay-gradient":""},"tablet":{"background-color":"","background-image":"","background-repeat":"repeat","background-position":"center center","background-size":"auto","background-attachment":"scroll","background-type":"","background-media":"","overlay-type":"","overlay-color":"","overlay-gradient":""},"mobile":{"background-color":"","background-image":"","background-repeat":"repeat","background-position":"center center","background-size":"auto","background-attachment":"scroll","background-type":"","background-media":"","overlay-type":"","overlay-color":"","overlay-gradient":""}},"ast-content-background-meta":{"desktop":{"background-color":"var(--ast-global-color-5)","background-image":"","background-repeat":"repeat","background-position":"center center","background-size":"auto","background-attachment":"scroll","background-type":"","background-media":"","overlay-type":"","overlay-color":"","overlay-gradient":""},"tablet":{"background-color":"var(--ast-global-color-5)","background-image":"","background-repeat":"repeat","background-position":"center center","background-size":"auto","background-attachment":"scroll","background-type":"","background-media":"","overlay-type":"","overlay-color":"","overlay-gradient":""},"mobile":{"background-color":"var(--ast-global-color-5)","background-image":"","background-repeat":"repeat","background-position":"center center","background-size":"auto","background-attachment":"scroll","background-type":"","background-media":"","overlay-type":"","overlay-color":"","overlay-gradient":""}},"footnotes":""},"uagb_featured_image_src":{"full":false,"thumbnail":false,"medium":false,"medium_large":false,"large":false,"1536x1536":false,"2048x2048":false,"trp-custom-language-flag":false},"uagb_author_info":{"display_name":"SOE","author_link":"https:\/\/supcom.standardof.net\/es\/author\/k-tastic\/"},"uagb_comment_info":0,"uagb_excerpt":"1. BUILD 3 MASS EXTRACTORS Schematics added: T1 Mass ExtractorTo do this as fast as possible, hold Shift to queue up all 3 Mass Extractors. If they are relatively far apart, queue up a Move command between each one so that your ACU won&#8217;t have to walk as far; if you just tell him to&hellip;","_links":{"self":[{"href":"https:\/\/supcom.standardof.net\/es\/wp-json\/wp\/v2\/pages\/218"}],"collection":[{"href":"https:\/\/supcom.standardof.net\/es\/wp-json\/wp\/v2\/pages"}],"about":[{"href":"https:\/\/supcom.standardof.net\/es\/wp-json\/wp\/v2\/types\/page"}],"author":[{"embeddable":true,"href":"https:\/\/supcom.standardof.net\/es\/wp-json\/wp\/v2\/users\/1"}],"replies":[{"embeddable":true,"href":"https:\/\/supcom.standardof.net\/es\/wp-json\/wp\/v2\/comments?post=218"}],"version-history":[{"count":0,"href":"https:\/\/supcom.standardof.net\/es\/wp-json\/wp\/v2\/pages\/218\/revisions"}],"up":[{"embeddable":true,"href":"https:\/\/supcom.standardof.net\/es\/wp-json\/wp\/v2\/pages\/122"}],"wp:attachment":[{"href":"https:\/\/supcom.standardof.net\/es\/wp-json\/wp\/v2\/media?parent=218"}],"curies":[{"name":"wp","href":"https:\/\/api.w.org\/{rel}","templated":true}]}}