{"id":220,"date":"2020-10-31T15:16:28","date_gmt":"2020-10-31T19:16:28","guid":{"rendered":"https:\/\/supcom.standardof.net\/?page_id=220"},"modified":"2020-10-31T15:16:28","modified_gmt":"2020-10-31T19:16:28","slug":"aeon-operation-machine-purge","status":"publish","type":"page","link":"https:\/\/supcom.standardof.net\/es\/supreme-commander\/recorridos-de-campana\/eon-operacion-maquina-purga\/","title":{"rendered":"Aeon Mission 2: operaci\u00f3n de purga de la m\u00e1quina"},"content":{"rendered":"<p>A partir de aqu\u00ed, asumir\u00e9 que sabes c\u00f3mo funciona el juego y dejar\u00e9 de recordarte que construyas Mass Extractors, pongas en cola pedidos, pongas f\u00e1bricas en repetici\u00f3n, etc.<\/p>\n\n\n\n<h3 class=\"wp-block-heading\">1. LIMPIE EL 80% DEL NUEVO CATAL\u00d3N<\/h3>\n\n\n\n<p>Antes de moverse hacia el norte para destruir a los Cybrans, construya una fuerza de tama\u00f1o decente, con una f\u00e1brica naval y m\u00faltiples f\u00e1bricas a\u00e9reas y terrestres. Conc\u00e9ntrese en Cybrans y destruya las instalaciones civiles a su gusto.<\/p>\n\n\n\n<h3 class=\"wp-block-heading\">2. REPELE EL CONTRATAQUE DE CYBRAN<\/h3>\n\n\n\n<p>En el 15% de New Catalon destruido, los Cybrans lanzar\u00e1n un asalto. Aseg\u00farese de tener suficiente protecci\u00f3n contra el aire y estar\u00e1 bien.<\/p>\n\n\n\n<h3 class=\"wp-block-heading\">3. DESTRUIR LA BASE CYBRAN<\/h3>\n\n\n\n<p><em>El mapa se expande hacia el norte y el este<\/em><br>Muchas unidades navales est\u00e1n en orden para este. Destruye el puesto de avanzada naval al este antes de trasladarte a la base Cybran en el noreste. Tendr\u00e1s que hacer muchas excursiones de isla en isla, as\u00ed que establece la superioridad naval y a\u00e9rea antes de moverte en las auroras, que son anfibias y pueden atravesar los puntos d\u00e9biles del enemigo. Si desea utilizar las fuerzas terrestres T2 m\u00e1s adelante, necesitar\u00e1 Air Transports para transportar. Alternativamente, actualice a su Comandante para el combate (Escudo personal, Disipadores de calor y Rayo Crysalis) y use sus unidades navales como cobertura para permitirle cruzar el r\u00edo. Una vez que est\u00e9 en tierra, puede destruir la base y luego la base secreta con solo apoyo de bombarderos antia\u00e9reos y torpederos para asegurarse de que no sea derribado por bombarderos o destructores.<\/p>\n\n\n\n<h3 class=\"wp-block-heading\">4. DESTRUIR LA BASE SECRETA DE CYBRAN<\/h3>\n\n\n\n<p><em>El mapa se expande hacia el este<\/em><br>Las unidades navales Cybran al este carecen de defensa a\u00e9rea, por lo que un asalto combinado con fuerzas navales y bombarderos funciona bien. Despeja las defensas antia\u00e9reas en el extremo sur de la base, luego carga los transportes con unidades terrestres. D\u00e9jalos caer en el sur y mu\u00e9vete hacia el norte mientras usas tus unidades navales para mantener libres los bordes del mar.<\/p>\n\n\n\n<h3 class=\"wp-block-heading\">5. PROTEGER EL 80% DE LOS ASENTAMIENTOS HUMANOS<\/h3>\n\n\n\n<p>Deja caer tus tropas (o simplemente env\u00eda las Auroras primero para hacer una cabeza de playa) en el extremo sur de la isla noreste. Mu\u00e9vete hacia el norte a trav\u00e9s de las estructuras civiles y destruye las fuerzas Cybran all\u00ed.<\/p>\n\n\n\n<h3 class=\"wp-block-heading\">6. SOBREVIVIR EL ASALTO CYBRAN<\/h3>\n\n\n\n<p><em>El mapa se expande hacia el norte<br>Esquemas agregados: T2 Air Factory, T2 defensas<\/em><br>Tan pronto como destruyas la base de Cybran, los Cybrans contraatacan desde el norte. Utilice a sus nuevos ingenieros T2 para proteger el borde norte de su base con defensas a\u00e9reas T2 y deber\u00eda estar bien. Si logran lanzar unidades desde el aire en tu base, usa tus auroras y bombarderos para eliminarlos.<\/p>\n\n\n\n<h3 class=\"wp-block-heading\">7. DERROTA AL COMANDANTE CYBRAN<\/h3>\n\n\n\n<p>El Comandante es recalcitrante y est\u00e1 en el noroeste. Mueve tus fuerzas navales para atacar la isla, y cuando salga a luchar contigo, golp\u00e9alo con bombarderos y auroras. Lo m\u00e1s probable es que intente escapar en el agua, que es la forma m\u00e1s f\u00e1cil de matarlo: use su fuerza a\u00e9rea para eliminar los lanzadores de torpedos, su fuerza terrestre para conducir al Comandante bajo el agua y su flota secundaria para matarlo muy r\u00e1pidamente.<\/p>\n\n\n\n<h3 class=\"wp-block-heading\">8. DESTRUIR LA BASE CIBR\u00c1N OCCIDENTAL<\/h3>\n\n\n\n<p>Esta isla es demasiado grande para que la explosi\u00f3n del Comandante la destruya. Use sus tropas restantes para limpiar la base, o si el Comandante muri\u00f3 en el agua, dirija su atenci\u00f3n a la base este primero.<\/p>\n\n\n\n<h3 class=\"wp-block-heading\">9. DESTRUIR O CAPTURAR 2 POSICIONES DE LA ARTILLER\u00cdA CYBRAN (opcional)<\/h3>\n\n\n\n<p>Deje caer sus tropas en la costa occidental de esta isla y mu\u00e9vase hacia el este hasta llegar al r\u00edo que separa la base principal de Cybran de la isla norte. Concentre su producci\u00f3n en aviones T2, fragatas y auroras. Env\u00ede algunos ingenieros para capturar la artiller\u00eda en esta isla del norte; luego disparar\u00e1 sobre la base este para ablandarla. Si tienes un comandante luchador, \u00e9l puede capturarlos por su cuenta y luego construir algunas defensas para ellos mientras mantiene a raya a las fragatas enemigas.<\/p>\n\n\n\n<h3 class=\"wp-block-heading\">10. DESTRUIR LA BASE C\u00cdBRANA ORIENTAL<\/h3>\n\n\n\n<p>Mueva todas sus fuerzas para un asalto combinado. Bastante sencillo. El objetivo 9 ayuda mucho aqu\u00ed.<\/p>\n\n\n\n<h3 class=\"has-text-align-center wp-block-heading\">Misi\u00f3n 2 - Operaci\u00f3n de purga de la m\u00e1quina - Gu\u00eda de video<\/h3>\n\n\n\n<figure class=\"wp-block-embed-youtube wp-block-embed is-type-video is-provider-youtube wp-embed-aspect-4-3 wp-has-aspect-ratio\"><div class=\"wp-block-embed__wrapper\">\n<div class=\"ast-oembed-container\" style=\"height: 100%;\"><iframe title=\"Operaci\u00f3n Purga de m\u00e1quinas - Campa\u00f1a M2 Aeon Dif\u00edcil - Comandante supremo\" width=\"500\" height=\"375\" src=\"https:\/\/www.youtube.com\/embed\/SOX0YuIJnmc?list=PL065F8D7C29112F51\" frameborder=\"0\" allow=\"accelerometer; autoplay; clipboard-write; encrypted-media; gyroscope; picture-in-picture; web-share\" referrerpolicy=\"strict-origin-when-cross-origin\" allowfullscreen><\/iframe><\/div>\n<\/div><\/figure>","protected":false},"excerpt":{"rendered":"<p>From here, I&#8217;ll assume you know how the game works and I&#8217;ll stop reminding you to build Mass Extractors, queue up orders, put factories on repeat, etc. 1. CLEANSE 80% OF NEW CATALON Before moving north to destroy the Cybrans, build up a decent-sized force, with a Naval Factory and multiple Air and Land Factories. [&hellip;]<\/p>","protected":false},"author":1,"featured_media":0,"parent":122,"menu_order":3,"comment_status":"open","ping_status":"closed","template":"","meta":{"_uag_custom_page_level_css":"","site-sidebar-layout":"default","site-content-layout":"default","ast-site-content-layout":"","site-content-style":"default","site-sidebar-style":"default","ast-global-header-display":"","ast-banner-title-visibility":"","ast-main-header-display":"","ast-hfb-above-header-display":"","ast-hfb-below-header-display":"","ast-hfb-mobile-header-display":"","site-post-title":"","ast-breadcrumbs-content":"","ast-featured-img":"","footer-sml-layout":"","theme-transparent-header-meta":"default","adv-header-id-meta":"","stick-header-meta":"","header-above-stick-meta":"","header-main-stick-meta":"","header-below-stick-meta":"","astra-migrate-meta-layouts":"default","ast-page-background-enabled":"default","ast-page-background-meta":{"desktop":{"background-color":"","background-image":"","background-repeat":"repeat","background-position":"center center","background-size":"auto","background-attachment":"scroll","background-type":"","background-media":"","overlay-type":"","overlay-color":"","overlay-gradient":""},"tablet":{"background-color":"","background-image":"","background-repeat":"repeat","background-position":"center center","background-size":"auto","background-attachment":"scroll","background-type":"","background-media":"","overlay-type":"","overlay-color":"","overlay-gradient":""},"mobile":{"background-color":"","background-image":"","background-repeat":"repeat","background-position":"center center","background-size":"auto","background-attachment":"scroll","background-type":"","background-media":"","overlay-type":"","overlay-color":"","overlay-gradient":""}},"ast-content-background-meta":{"desktop":{"background-color":"var(--ast-global-color-5)","background-image":"","background-repeat":"repeat","background-position":"center center","background-size":"auto","background-attachment":"scroll","background-type":"","background-media":"","overlay-type":"","overlay-color":"","overlay-gradient":""},"tablet":{"background-color":"var(--ast-global-color-5)","background-image":"","background-repeat":"repeat","background-position":"center center","background-size":"auto","background-attachment":"scroll","background-type":"","background-media":"","overlay-type":"","overlay-color":"","overlay-gradient":""},"mobile":{"background-color":"var(--ast-global-color-5)","background-image":"","background-repeat":"repeat","background-position":"center center","background-size":"auto","background-attachment":"scroll","background-type":"","background-media":"","overlay-type":"","overlay-color":"","overlay-gradient":""}},"footnotes":""},"uagb_featured_image_src":{"full":false,"thumbnail":false,"medium":false,"medium_large":false,"large":false,"1536x1536":false,"2048x2048":false,"trp-custom-language-flag":false},"uagb_author_info":{"display_name":"SOE","author_link":"https:\/\/supcom.standardof.net\/es\/author\/k-tastic\/"},"uagb_comment_info":0,"uagb_excerpt":"From here, I&#8217;ll assume you know how the game works and I&#8217;ll stop reminding you to build Mass Extractors, queue up orders, put factories on repeat, etc. 1. CLEANSE 80% OF NEW CATALON Before moving north to destroy the Cybrans, build up a decent-sized force, with a Naval Factory and multiple Air and Land Factories.&hellip;","_links":{"self":[{"href":"https:\/\/supcom.standardof.net\/es\/wp-json\/wp\/v2\/pages\/220"}],"collection":[{"href":"https:\/\/supcom.standardof.net\/es\/wp-json\/wp\/v2\/pages"}],"about":[{"href":"https:\/\/supcom.standardof.net\/es\/wp-json\/wp\/v2\/types\/page"}],"author":[{"embeddable":true,"href":"https:\/\/supcom.standardof.net\/es\/wp-json\/wp\/v2\/users\/1"}],"replies":[{"embeddable":true,"href":"https:\/\/supcom.standardof.net\/es\/wp-json\/wp\/v2\/comments?post=220"}],"version-history":[{"count":0,"href":"https:\/\/supcom.standardof.net\/es\/wp-json\/wp\/v2\/pages\/220\/revisions"}],"up":[{"embeddable":true,"href":"https:\/\/supcom.standardof.net\/es\/wp-json\/wp\/v2\/pages\/122"}],"wp:attachment":[{"href":"https:\/\/supcom.standardof.net\/es\/wp-json\/wp\/v2\/media?parent=220"}],"curies":[{"name":"wp","href":"https:\/\/api.w.org\/{rel}","templated":true}]}}