{"id":222,"date":"2020-10-31T15:18:28","date_gmt":"2020-10-31T19:18:28","guid":{"rendered":"https:\/\/supcom.standardof.net\/?page_id=222"},"modified":"2020-10-31T15:18:28","modified_gmt":"2020-10-31T19:18:28","slug":"aeon-operation-high-tide","status":"publish","type":"page","link":"https:\/\/supcom.standardof.net\/es\/supreme-commander\/recorridos-de-campana\/eon-operacion-marea-alta\/","title":{"rendered":"Aeon Mission 3: Operaci\u00f3n Marea alta"},"content":{"rendered":"<h3 class=\"wp-block-heading\">1. SOBREVIVIR EL ASALTO DE LA UEF<\/h3>\n\n\n\n<p>Construya inmediatamente una fuerza de ingenieros T2 para construir la defensa a\u00e9rea, principalmente al oeste y al norte, y una defensa puntual T1 dispersa por toda la base para detener las ca\u00eddas de transporte enemigo. Tener m\u00e1s lanzadores de torpedos T2 construidos al oeste, sur y norte para defenderse de los ataques navales. La ACU y el resto de sus ingenieros deben tomar los dep\u00f3sitos masivos y comenzar a construir su econom\u00eda en preparaci\u00f3n para construir sus propias fuerzas: auroras y antia\u00e9reos m\u00f3viles.<br>Los ataques vienen en este orden:<\/p>\n\n\n\n<ul><li>Cazas y bombarderos (tienen antia\u00e9reos tempranos)<\/li><li>Transportes (tener unidades terrestres patrullando)<\/li><li>Asalto naval (tenga listos los barcos y los torpederos)<\/li><li>Transporta de nuevo<\/li><\/ul>\n\n\n\n<p>Es bastante f\u00e1cil alcanzar el l\u00edmite de unidades antes de que se complete este objetivo. Aseg\u00farese de espaciar sus generadores de energ\u00eda T2, ya que una sola ca\u00edda de transporte puede matarlos a todos si est\u00e1n encadenados.<\/p>\n\n\n\n<h3 class=\"wp-block-heading\">2. DESTRUIR LA BASE NAVAL DE LA UEF<\/h3>\n\n\n\n<p><em>El mapa se expande en todas las direcciones<br>Esquemas agregados: Ca\u00f1onera, Destructor<\/em><br>Construye tus nuevos ca\u00f1oneros y destructores para complementar tus fuerzas a\u00e9reas y mar\u00edtimas T1. Cambie la producci\u00f3n de unidades terrestres a Auroras y mantenga sus unidades m\u00f3viles patrullando a trav\u00e9s de su isla para detener las ca\u00eddas de transporte enemigo. La base naval est\u00e1 en el sureste. El Comandante de la UEF est\u00e1 aqu\u00ed, pero se teletransportar\u00e1 cuando est\u00e9 en peligro. Utilice sus auroras para eliminar los lanzadores antia\u00e9reos y de torpedos a lo largo de las fronteras, con unidades navales protegiendo las auroras de las fuerzas navales enemigas. Mueve todas tus fuerzas hacia abajo para acabar con la F\u00e1brica Naval y los barcos que la defienden, luego toma la isla para ti. Los bombarderos torpederos realmente ayudan aqu\u00ed, ya que pueden deshacerse de los muchos submarinos enemigos y lanzadores de torpedos T2 sin costo para ellos.<\/p>\n\n\n\n<h3 class=\"wp-block-heading\">3. DESTRUIR LA BASE A\u00c9REA DE UEF<\/h3>\n\n\n\n<p>La base a\u00e9rea est\u00e1 en la esquina suroeste del mapa. Si ya ha matado la base naval, esto es muy sencillo: sus destructores y fragatas pueden hacerse cargo de la mayor parte desde la costa mientras sus cazas patrullan por encima. Tus auroras pueden entrar para conseguir cualquier cosa con la que los destructores tengan problemas.<\/p>\n\n\n\n<h3 class=\"wp-block-heading\">4. DESTRUIR LA BASE TERRESTRE DE UEF<\/h3>\n\n\n\n<p>La base terrestre est\u00e1 al norte. Mueva sus auroras primero para eliminar los lanzadores de torpedos antes de traer sus unidades navales para rodear la isla. Tus Destructores pueden navegar y apoyar a tus Auroras mientras tus ca\u00f1oneras eliminan objetivos importantes. El Comandante reaparece aqu\u00ed, pero se teletransporta una vez m\u00e1s cuando est\u00e1 en peligro.<\/p>\n\n\n\n<h3 class=\"wp-block-heading\">5. DERROTA AL COMANDANTE DE LA UEF<\/h3>\n\n\n\n<p><em>El mapa se expande hacia el oeste<br>Esquema agregado: crucero<br><\/em>Ponga sus unidades navales y a\u00e9reas en patrulla entre sus bases y haga que los ingenieros construyan lanzadores de torpedos y antia\u00e9reos a lo largo de esta l\u00ednea. Las gotas de transporte se reinician aqu\u00ed y no quieres que toquen tu base. Usa las armas de largo alcance de tus Destructores para atacar el extremo m\u00e1s alejado de las defensas UEF mientras construyes un enorme ej\u00e9rcito de Auroras o fuerzas a\u00e9reas mixtas. Mu\u00e9velos bajo la cubierta del mar, y cuando aparezca el Comandante de la UEF, at\u00e1calo. Est\u00e1 protegido, por lo que recibe muchos castigos, pero cuando lo \u201cmatan\u201d, la misi\u00f3n termina de inmediato. Para este objetivo, cambi\u00e9 a todos mis ingenieros y ACU para bombear fuerzas a\u00e9reas y mar\u00edtimas T2, y finalmente abrumar\u00e9 a Arnold con 50 ca\u00f1oneras.<\/p>\n\n\n\n<h3 class=\"has-text-align-center wp-block-heading\">Misi\u00f3n 3 - Operaci\u00f3n Marea alta - Gu\u00eda de video<\/h3>\n\n\n\n<figure class=\"wp-block-embed-youtube wp-block-embed is-type-video is-provider-youtube wp-embed-aspect-4-3 wp-has-aspect-ratio\"><div class=\"wp-block-embed__wrapper\">\n<div class=\"ast-oembed-container\" style=\"height: 100%;\"><iframe title=\"Operaci\u00f3n High Tide - Campa\u00f1a M3 Aeon Dif\u00edcil - Comandante Supremo\" width=\"500\" height=\"375\" src=\"https:\/\/www.youtube.com\/embed\/oIJbLuMkNpw?feature=oembed\" frameborder=\"0\" allow=\"accelerometer; autoplay; clipboard-write; encrypted-media; gyroscope; picture-in-picture; web-share\" referrerpolicy=\"strict-origin-when-cross-origin\" allowfullscreen><\/iframe><\/div>\n<\/div><\/figure>","protected":false},"excerpt":{"rendered":"<p>1. SURVIVE UEF ASSAULT Immediately construct a force of T2 Engineers to build air defense, mostly to the west and north, and T1 point defense scattered throughout the base to stop enemy transport drops. Have more construct T2 torpedo launchers to the west, south and north to defend against naval attacks. The ACU and the [&hellip;]<\/p>","protected":false},"author":1,"featured_media":0,"parent":122,"menu_order":3,"comment_status":"open","ping_status":"closed","template":"","meta":{"_uag_custom_page_level_css":"","site-sidebar-layout":"default","site-content-layout":"default","ast-site-content-layout":"","site-content-style":"default","site-sidebar-style":"default","ast-global-header-display":"","ast-banner-title-visibility":"","ast-main-header-display":"","ast-hfb-above-header-display":"","ast-hfb-below-header-display":"","ast-hfb-mobile-header-display":"","site-post-title":"","ast-breadcrumbs-content":"","ast-featured-img":"","footer-sml-layout":"","theme-transparent-header-meta":"default","adv-header-id-meta":"","stick-header-meta":"","header-above-stick-meta":"","header-main-stick-meta":"","header-below-stick-meta":"","astra-migrate-meta-layouts":"default","ast-page-background-enabled":"default","ast-page-background-meta":{"desktop":{"background-color":"","background-image":"","background-repeat":"repeat","background-position":"center center","background-size":"auto","background-attachment":"scroll","background-type":"","background-media":"","overlay-type":"","overlay-color":"","overlay-gradient":""},"tablet":{"background-color":"","background-image":"","background-repeat":"repeat","background-position":"center center","background-size":"auto","background-attachment":"scroll","background-type":"","background-media":"","overlay-type":"","overlay-color":"","overlay-gradient":""},"mobile":{"background-color":"","background-image":"","background-repeat":"repeat","background-position":"center center","background-size":"auto","background-attachment":"scroll","background-type":"","background-media":"","overlay-type":"","overlay-color":"","overlay-gradient":""}},"ast-content-background-meta":{"desktop":{"background-color":"var(--ast-global-color-5)","background-image":"","background-repeat":"repeat","background-position":"center center","background-size":"auto","background-attachment":"scroll","background-type":"","background-media":"","overlay-type":"","overlay-color":"","overlay-gradient":""},"tablet":{"background-color":"var(--ast-global-color-5)","background-image":"","background-repeat":"repeat","background-position":"center center","background-size":"auto","background-attachment":"scroll","background-type":"","background-media":"","overlay-type":"","overlay-color":"","overlay-gradient":""},"mobile":{"background-color":"var(--ast-global-color-5)","background-image":"","background-repeat":"repeat","background-position":"center center","background-size":"auto","background-attachment":"scroll","background-type":"","background-media":"","overlay-type":"","overlay-color":"","overlay-gradient":""}},"footnotes":""},"uagb_featured_image_src":{"full":false,"thumbnail":false,"medium":false,"medium_large":false,"large":false,"1536x1536":false,"2048x2048":false,"trp-custom-language-flag":false},"uagb_author_info":{"display_name":"SOE","author_link":"https:\/\/supcom.standardof.net\/es\/author\/k-tastic\/"},"uagb_comment_info":0,"uagb_excerpt":"1. SURVIVE UEF ASSAULT Immediately construct a force of T2 Engineers to build air defense, mostly to the west and north, and T1 point defense scattered throughout the base to stop enemy transport drops. Have more construct T2 torpedo launchers to the west, south and north to defend against naval attacks. The ACU and the&hellip;","_links":{"self":[{"href":"https:\/\/supcom.standardof.net\/es\/wp-json\/wp\/v2\/pages\/222"}],"collection":[{"href":"https:\/\/supcom.standardof.net\/es\/wp-json\/wp\/v2\/pages"}],"about":[{"href":"https:\/\/supcom.standardof.net\/es\/wp-json\/wp\/v2\/types\/page"}],"author":[{"embeddable":true,"href":"https:\/\/supcom.standardof.net\/es\/wp-json\/wp\/v2\/users\/1"}],"replies":[{"embeddable":true,"href":"https:\/\/supcom.standardof.net\/es\/wp-json\/wp\/v2\/comments?post=222"}],"version-history":[{"count":0,"href":"https:\/\/supcom.standardof.net\/es\/wp-json\/wp\/v2\/pages\/222\/revisions"}],"up":[{"embeddable":true,"href":"https:\/\/supcom.standardof.net\/es\/wp-json\/wp\/v2\/pages\/122"}],"wp:attachment":[{"href":"https:\/\/supcom.standardof.net\/es\/wp-json\/wp\/v2\/media?parent=222"}],"curies":[{"name":"wp","href":"https:\/\/api.w.org\/{rel}","templated":true}]}}