{"id":224,"date":"2020-10-31T15:19:51","date_gmt":"2020-10-31T19:19:51","guid":{"rendered":"https:\/\/supcom.standardof.net\/?page_id=224"},"modified":"2020-10-31T15:19:51","modified_gmt":"2020-10-31T19:19:51","slug":"aeon-operation-entity","status":"publish","type":"page","link":"https:\/\/supcom.standardof.net\/es\/supreme-commander\/recorridos-de-campana\/entidad-operacion-eon\/","title":{"rendered":"Aeon Mission 4 - Operaci\u00f3n Entidad"},"content":{"rendered":"<h3 class=\"wp-block-heading\">1. PACIFY NEXUS<\/h3>\n\n\n\n<p>Nexus parece estar ligeramente defendido con solo algunas defensas T1 y un lanzador de misiles t\u00e1cticos, pero la misi\u00f3n es m\u00e1s dif\u00edcil de lo que parece. En realidad, hay artiller\u00eda T2 esper\u00e1ndote en el extremo norte del cabo, lo que te impide construir una f\u00e1brica naval. Tu zona de inicio tiene pocos recursos, as\u00ed que construye defensas hacia el este y el oeste mientras construyes una granja de fabricantes T1 en el sur. No hay l\u00edmite de tiempo, por lo que puedes mejorar la tecnolog\u00eda de todos tus extractores y f\u00e1bricas y crear suficiente fuerza de bombarderos para matar al Lanzador de misiles t\u00e1cticos tan pronto como tus fuerzas terrestres est\u00e9n listas para entrar. Tus primeros ataques son desde el aire, as\u00ed que aseg\u00farese de lanzar un poco de antia\u00e9reo T1 m\u00f3vil al comienzo de la misi\u00f3n: intentar\u00e1n tanto bombarderos como ca\u00eddas de transporte. El antia\u00e9reo deber\u00eda ir especialmente al este y al oeste, pero tambi\u00e9n colocar algunas torretas a lo largo del borde norte de tu base. Una vez que llegues a la tecnolog\u00eda 2, construye defensas y escudos T2 a lo largo de estas paredes. Primero, toma el control de los edificios Cybran al oeste del mapa (al lado de la base naval) para tomar m\u00e1s dep\u00f3sitos masivos, luego coloca torretas antia\u00e9reas all\u00ed y trae tus fuerzas terrestres de regreso para ayudar a eliminar Nexus al este. La forma m\u00e1s f\u00e1cil de deshacerse de los emplazamientos de artiller\u00eda es construir un lanzador de misiles t\u00e1cticos que apenas alcance su alcance. Si no traiciona su posici\u00f3n, puede lanzar su primer misil antes de que la artiller\u00eda tome represalias: los misiles t\u00e1cticos y la artiller\u00eda T2 tienen el mismo alcance. El pr\u00f3ximo misil t\u00e1ctico puede destruir las defensas orientales de Cybrans, mientras tus unidades terrestres y a\u00e9reas se mueven para limpiar su propio Lanzador de Misiles T\u00e1cticos y la otra resistencia.<\/p>\n\n\n\n<h3 class=\"wp-block-heading\">2. DESTRUIR LA BASE NAVAL CYBRAN<\/h3>\n\n\n\n<p>Una vez que tengas el control de la costa sureste, puedes construir una F\u00e1brica Naval y bombear un mont\u00f3n de barcos con tus Ingenieros adicionales; env\u00edelos junto con las ca\u00f1oneras y las auroras para eliminar la base naval.<\/p>\n\n\n\n<h3 class=\"wp-block-heading\">3. CAPTURA DEL NODO<\/h3>\n\n\n\n<p>La misma fuerza que usaste para matar la base naval puede ayudar a derribar las defensas del norte alrededor del Nodo, mientras que tus ca\u00f1oneras pueden eliminar las instalaciones de artiller\u00eda. Incluso puede lanzar fuerzas terrestres T2 protegidas por escudos m\u00f3viles en el borde de la costa mientras la artiller\u00eda est\u00e1 ocupada. Una vez que capturas el nodo, el mapa se expande, as\u00ed que prep\u00e1rate.<\/p>\n\n\n\n<h3 class=\"wp-block-heading\">4. CAPTURA Y DEFENDE LOS 3 NODOS<\/h3>\n\n\n\n<p><em>El mapa se expande hacia el este y el norte<br><\/em>El primer nodo es el que acaba de capturar. El segundo est\u00e1 en el noroeste, el tercero en el sureste. Deben permanecer a salvo hasta el final de la misi\u00f3n. Env\u00ede tropas terrestres para capturar el nodo sureste y use sus fuerzas navales y a\u00e9reas para despejar un lugar para que pueda lanzar m\u00e1s fuerzas terrestres T2 para capturar el nodo noroeste. Aseg\u00farese de traer ingenieros de T2 para capturar los nodos, ya que necesitar\u00e1 escudos y defensas de T2 a su alrededor para mantenerlos a salvo. Puedes perder un nodo y aun as\u00ed completar la misi\u00f3n, pero es mejor no correr riesgos.<\/p>\n\n\n\n<h3 class=\"wp-block-heading\">5. CAPTURA DEL MAINFRAME<\/h3>\n\n\n\n<p>El mainframe est\u00e1 todo el camino hacia el norte, en la isla central. La isla no tiene demasiados lanzadores de torpedos, por lo que una fuerza naval T2 apoyada por ca\u00f1oneras y botes de ataque puede eliminar las defensas en la costa sur (aseg\u00farese de matar la artiller\u00eda enemiga r\u00e1pidamente) para que sus transportes puedan establecer un punto de ferry para Fuerzas terrestres T2 para entrar. Una vez que hayas eliminado a todos los Cybrans, env\u00eda a tus ingenieros T2 para capturarlo y comenzar a construir defensas.<\/p>\n\n\n\n<h3 class=\"wp-block-heading\">6. DEFENDER EL MAINFRAME (l\u00edmite de tiempo de 15 minutos)<\/h3>\n\n\n\n<p>Debes defender los nodos y el mainframe durante 15 minutos de ataques cada vez mayores de Cybran. Construye muchas ca\u00f1oneras, ya que pueden responder a cualquier ataque, y T2 antia\u00e9reo para evitar ca\u00eddas de transporte. Haga que sus bombarderos torpederos patrullen hacia el lago del este para evitar ataques de Destructores en el mainframe y el nodo este. Los Cybrans tambi\u00e9n atacar\u00e1n tu base principal en un intento de matar a tu ACU; aseg\u00farese de que est\u00e9 escondido debajo de un escudo con mucho anti-aire T2, y aseg\u00farese de que sus generadores de energ\u00eda est\u00e9n bien protegidos.<\/p>\n\n\n\n<h3 class=\"has-text-align-center wp-block-heading\">Misi\u00f3n 4 - Entidad de operaci\u00f3n - Gu\u00eda de video<\/h3>\n\n\n\n<figure class=\"wp-block-embed-youtube wp-block-embed is-type-video is-provider-youtube wp-embed-aspect-4-3 wp-has-aspect-ratio\"><div class=\"wp-block-embed__wrapper\">\n<div class=\"ast-oembed-container\" style=\"height: 100%;\"><iframe title=\"Operaci\u00f3n Entidad - Campa\u00f1a M4 Aeon Dif\u00edcil - Comandante Supremo\" width=\"500\" height=\"375\" src=\"https:\/\/www.youtube.com\/embed\/oA-nQKDNBcA?feature=oembed\" frameborder=\"0\" allow=\"accelerometer; autoplay; clipboard-write; encrypted-media; gyroscope; picture-in-picture; web-share\" referrerpolicy=\"strict-origin-when-cross-origin\" allowfullscreen><\/iframe><\/div>\n<\/div><\/figure>","protected":false},"excerpt":{"rendered":"<p>1. PACIFY NEXUS Nexus appears to be lightly defended with only some T1 defenses and a Tactical Missile Launcher, but the mission is more difficult than it appears. There are actually T2 artillery lying in wait for you on the northern tip of the cape, preventing you from building a Naval Factory. Your starting area [&hellip;]<\/p>","protected":false},"author":1,"featured_media":0,"parent":122,"menu_order":3,"comment_status":"open","ping_status":"closed","template":"","meta":{"_uag_custom_page_level_css":"","site-sidebar-layout":"default","site-content-layout":"default","ast-site-content-layout":"","site-content-style":"default","site-sidebar-style":"default","ast-global-header-display":"","ast-banner-title-visibility":"","ast-main-header-display":"","ast-hfb-above-header-display":"","ast-hfb-below-header-display":"","ast-hfb-mobile-header-display":"","site-post-title":"","ast-breadcrumbs-content":"","ast-featured-img":"","footer-sml-layout":"","theme-transparent-header-meta":"default","adv-header-id-meta":"","stick-header-meta":"","header-above-stick-meta":"","header-main-stick-meta":"","header-below-stick-meta":"","astra-migrate-meta-layouts":"default","ast-page-background-enabled":"default","ast-page-background-meta":{"desktop":{"background-color":"","background-image":"","background-repeat":"repeat","background-position":"center center","background-size":"auto","background-attachment":"scroll","background-type":"","background-media":"","overlay-type":"","overlay-color":"","overlay-gradient":""},"tablet":{"background-color":"","background-image":"","background-repeat":"repeat","background-position":"center center","background-size":"auto","background-attachment":"scroll","background-type":"","background-media":"","overlay-type":"","overlay-color":"","overlay-gradient":""},"mobile":{"background-color":"","background-image":"","background-repeat":"repeat","background-position":"center center","background-size":"auto","background-attachment":"scroll","background-type":"","background-media":"","overlay-type":"","overlay-color":"","overlay-gradient":""}},"ast-content-background-meta":{"desktop":{"background-color":"var(--ast-global-color-5)","background-image":"","background-repeat":"repeat","background-position":"center center","background-size":"auto","background-attachment":"scroll","background-type":"","background-media":"","overlay-type":"","overlay-color":"","overlay-gradient":""},"tablet":{"background-color":"var(--ast-global-color-5)","background-image":"","background-repeat":"repeat","background-position":"center center","background-size":"auto","background-attachment":"scroll","background-type":"","background-media":"","overlay-type":"","overlay-color":"","overlay-gradient":""},"mobile":{"background-color":"var(--ast-global-color-5)","background-image":"","background-repeat":"repeat","background-position":"center center","background-size":"auto","background-attachment":"scroll","background-type":"","background-media":"","overlay-type":"","overlay-color":"","overlay-gradient":""}},"footnotes":""},"uagb_featured_image_src":{"full":false,"thumbnail":false,"medium":false,"medium_large":false,"large":false,"1536x1536":false,"2048x2048":false,"trp-custom-language-flag":false},"uagb_author_info":{"display_name":"SOE","author_link":"https:\/\/supcom.standardof.net\/es\/author\/k-tastic\/"},"uagb_comment_info":0,"uagb_excerpt":"1. PACIFY NEXUS Nexus appears to be lightly defended with only some T1 defenses and a Tactical Missile Launcher, but the mission is more difficult than it appears. There are actually T2 artillery lying in wait for you on the northern tip of the cape, preventing you from building a Naval Factory. Your starting area&hellip;","_links":{"self":[{"href":"https:\/\/supcom.standardof.net\/es\/wp-json\/wp\/v2\/pages\/224"}],"collection":[{"href":"https:\/\/supcom.standardof.net\/es\/wp-json\/wp\/v2\/pages"}],"about":[{"href":"https:\/\/supcom.standardof.net\/es\/wp-json\/wp\/v2\/types\/page"}],"author":[{"embeddable":true,"href":"https:\/\/supcom.standardof.net\/es\/wp-json\/wp\/v2\/users\/1"}],"replies":[{"embeddable":true,"href":"https:\/\/supcom.standardof.net\/es\/wp-json\/wp\/v2\/comments?post=224"}],"version-history":[{"count":0,"href":"https:\/\/supcom.standardof.net\/es\/wp-json\/wp\/v2\/pages\/224\/revisions"}],"up":[{"embeddable":true,"href":"https:\/\/supcom.standardof.net\/es\/wp-json\/wp\/v2\/pages\/122"}],"wp:attachment":[{"href":"https:\/\/supcom.standardof.net\/es\/wp-json\/wp\/v2\/media?parent=224"}],"curies":[{"name":"wp","href":"https:\/\/api.w.org\/{rel}","templated":true}]}}