{"id":226,"date":"2020-10-31T15:21:04","date_gmt":"2020-10-31T19:21:04","guid":{"rendered":"https:\/\/supcom.standardof.net\/?page_id=226"},"modified":"2020-10-31T15:21:04","modified_gmt":"2020-10-31T19:21:04","slug":"aeon-operation-shining-star","status":"publish","type":"page","link":"https:\/\/supcom.standardof.net\/es\/supreme-commander\/recorridos-de-campana\/eon-operacion-estrella-brillante\/","title":{"rendered":"Aeon Mission 5 - Operaci\u00f3n Shining Star"},"content":{"rendered":"<h3 class=\"wp-block-heading\">1. DETENGA EL ATAQUE DE ARIEL<\/h3>\n\n\n\n<p>Los ataques a\u00e9reos vienen antes que los ataques terrestres, as\u00ed que d\u00e9 prioridad a los ingenieros T3 y los ca\u00f1ones antia\u00e9reos m\u00f3viles T2 antes que a otras unidades. Actualice sus Land Factories una a la vez para que no corte su producci\u00f3n. Ordena a tus tropas que patrullen alrededor de tu base y de las dos colonias civiles del sur. Construye una fuerza de aviones y ca\u00f1oneras T3, defensas avanzadas (escudos T3 y antia\u00e9reos con defensa de puntos T2) en tu base y las colonias, y transportes T2 listos para desplegar tropas terrestres donde sea necesario. Eventualmente ser\u00e1s atacado por la artiller\u00eda, por lo que tendr\u00e1s que estar bien protegido. Cuando se completa el objetivo 3, este tambi\u00e9n se completa.<\/p>\n\n\n\n<h3 class=\"wp-block-heading\">2. PROTEGER LAS COLONIAS<\/h3>\n\n\n\n<p>Este objetivo est\u00e1 en curso y la mayor parte se abord\u00f3 anteriormente. Deber\u00edas ser bueno contra el bombardero enemigo y las ca\u00eddas de transporte si tienes cazas patrullando y escudos con defensa a\u00e9rea T3. Al menos 50% de los edificios civiles deben sobrevivir o fallar\u00e1s en la misi\u00f3n.<\/p>\n\n\n\n<h3 class=\"wp-block-heading\">3. DESPLIEGUE DEFENSA ESTRAT\u00c9GICA CONTRA MISILES<\/h3>\n\n\n\n<p>Una vez que sus ingenieros hayan mejorado su econom\u00eda con los generadores y fabricantes de energ\u00eda T3, env\u00ede grupos de ingenieros a cada colonia y construya una Defensa Estrat\u00e9gica de Misiles. Una vez que est\u00e9n construidos, p\u00eddales que construyan autom\u00e1ticamente misiles y pida a sus ingenieros que los ayuden. Tu base principal no necesita una defensa estrat\u00e9gica. Sabr\u00e1 que los misiles se acercan cuando las unidades terrestres se lanzan primero al este y luego al oeste. Despu\u00e9s de que los misiles son desviados, otra fuerza terrestre y a\u00e9rea se mueve para atacar a ambas colonias a la vez: retira tu fuerza a\u00e9rea para detenerla antes de que hagan demasiado da\u00f1o.<\/p>\n\n\n\n<h3 class=\"wp-block-heading\">4. DESTRUIR LAS POSICIONES DE ARTILLER\u00cdA DE UEF<\/h3>\n\n\n\n<p><em>El mapa se expande hacia el sur y el oeste.<\/em><br>Aseg\u00farese de que sus bases est\u00e9n bien protegidas. Inmediatamente comenzar\u00e1n a atacarte. El puesto de artiller\u00eda del norte puede ser asaltado por unidades a\u00e9reas y terrestres, aunque est\u00e1 fuertemente vigilado con bots T3 y un escudo pesado: apunte a los bots primero y luego m\u00e9tase debajo del escudo para destruirlo. Mientras reconstruyes tu ej\u00e9rcito a partir de este asalto, env\u00eda ingenieros a la base de las mesetas elevadas que contienen las otras 2 posiciones de artiller\u00eda: un lanzador de misiles t\u00e1cticos puede atacar sin represalias, aunque se necesitar\u00e1n varios disparos para atravesar el escudo. y destruye la artiller\u00eda.<\/p>\n\n\n\n<h3 class=\"wp-block-heading\">5. DESTRUIR LAS POSICIONES DEFENSIVAS DE ARTILLER\u00cdA DE UEF<\/h3>\n\n\n\n<p>Vuela sobre la base de Blake hacia el oeste para revelar este objetivo. Hay 10 posiciones de artiller\u00eda para eliminar. Usa bombarderos T3 (con muchas otras unidades a\u00e9reas para que sirvan como escudos personales) para eliminar a los del norte, mientras lanzas por aire una fuerza de artiller\u00eda m\u00f3vil T3 protegida por escudos m\u00f3viles y tus unidades terrestres m\u00e1s fuertes al sur de la mapa, mientras avanzas por la orilla del r\u00edo destruyendo uno a la vez.<\/p>\n\n\n\n<h3 class=\"wp-block-heading\">6. DERROTA AL CAPIT\u00c1N BLAKE<\/h3>\n\n\n\n<p>Una vez que tengas un ej\u00e9rcito en la secci\u00f3n sur de la base de Blake, trae algunos ingenieros y construye un puesto de avanzada protegido lo m\u00e1s cerca posible de su base. Pon algo de artiller\u00eda y radar T2 debajo de los escudos y podr\u00e1s apuntar a su base con impunidad mientras tus unidades terrestres protegen contra represalias. La mejor forma, pero la que lleva m\u00e1s tiempo, de matar a Blake es despejar la l\u00ednea antia\u00e9rea al norte de su base, luego dejar caer tropas en ambos lados y golpearlo desde todos los \u00e1ngulos mientras tus ca\u00f1oneras lo rematan. Si esto no es factible, puede esperar hasta que la artiller\u00eda haya ablandado su base y se mueva con una enorme fuerza terrestre.<\/p>\n\n\n\n<h3 class=\"wp-block-heading\">7. DERROTA AL COLOSO<\/h3>\n\n\n\n<p><em>El mapa se expande hacia el sur<br>Esquema agregado: Lanzador de misiles estrat\u00e9gicos<\/em><br>Una vez que mates a Blake, construye una nueva base sobre la antigua de Blake, con f\u00e1bricas mejoradas, generadores de energ\u00eda T3 y muchas defensas. Este es un lugar ideal para construir un lanzador de misiles estrat\u00e9gico para el pr\u00f3ximo objetivo. Mueva todas sus fuerzas terrestres al barranco donde se ubicaron las posiciones de artiller\u00eda de la UEF del sur. El Coloso vendr\u00e1 del suroeste al noreste, a trav\u00e9s del r\u00edo y por el barranco. L\u00e1nzale todas tus fuerzas, especialmente las fuerzas a\u00e9reas, ya que el Coloso no tiene defensa a\u00e9rea y es lo suficientemente lento como para que una bomba T3 lo golpee limpiamente.<\/p>\n\n\n\n<h3 class=\"wp-block-heading\">8. DERROTA A ARIEL<\/h3>\n\n\n\n<p>Ariel est\u00e1 en una meseta en el suroeste. No puedes asediarla con artiller\u00eda o lanzadores de misiles t\u00e1cticos, ya que sus propios misiles t\u00e1cticos pueden llegar a la orilla opuesta si lo intentas. Afortunadamente, no tiene Defensa Estrat\u00e9gica de Misiles, por lo que solo un par de bombas nucleares en su base la acabar\u00e1n sin un asalto costoso.<\/p>\n\n\n\n<h3 class=\"has-text-align-center wp-block-heading\">Misi\u00f3n 5 - Operaci\u00f3n Estrella Brillante - Gu\u00eda de video<\/h3>\n\n\n\n<figure class=\"wp-block-embed-youtube wp-block-embed is-type-video is-provider-youtube wp-embed-aspect-4-3 wp-has-aspect-ratio\"><div class=\"wp-block-embed__wrapper\">\n<div class=\"ast-oembed-container\" style=\"height: 100%;\"><iframe title=\"Operaci\u00f3n Shining Star - Campa\u00f1a M5 Aeon Dif\u00edcil - Comandante Supremo\" width=\"500\" height=\"375\" src=\"https:\/\/www.youtube.com\/embed\/2ZvX9N5KiGM?feature=oembed\" frameborder=\"0\" allow=\"accelerometer; autoplay; clipboard-write; encrypted-media; gyroscope; picture-in-picture; web-share\" referrerpolicy=\"strict-origin-when-cross-origin\" allowfullscreen><\/iframe><\/div>\n<\/div><\/figure>","protected":false},"excerpt":{"rendered":"<p>1. STOP ARIEL&#8217;S ATTACK Air attacks come before land attacks, so prioritize T3 Engineers and T2 mobile flak guns before other units. Upgrade your Land Factories one at a time so you don&#8217;t cut off your production. Order your troops to patrol around your base as well as the two civilian colonies to the south. [&hellip;]<\/p>","protected":false},"author":1,"featured_media":0,"parent":122,"menu_order":3,"comment_status":"open","ping_status":"closed","template":"","meta":{"_uag_custom_page_level_css":"","site-sidebar-layout":"default","site-content-layout":"default","ast-site-content-layout":"","site-content-style":"default","site-sidebar-style":"default","ast-global-header-display":"","ast-banner-title-visibility":"","ast-main-header-display":"","ast-hfb-above-header-display":"","ast-hfb-below-header-display":"","ast-hfb-mobile-header-display":"","site-post-title":"","ast-breadcrumbs-content":"","ast-featured-img":"","footer-sml-layout":"","theme-transparent-header-meta":"default","adv-header-id-meta":"","stick-header-meta":"","header-above-stick-meta":"","header-main-stick-meta":"","header-below-stick-meta":"","astra-migrate-meta-layouts":"default","ast-page-background-enabled":"default","ast-page-background-meta":{"desktop":{"background-color":"","background-image":"","background-repeat":"repeat","background-position":"center center","background-size":"auto","background-attachment":"scroll","background-type":"","background-media":"","overlay-type":"","overlay-color":"","overlay-gradient":""},"tablet":{"background-color":"","background-image":"","background-repeat":"repeat","background-position":"center center","background-size":"auto","background-attachment":"scroll","background-type":"","background-media":"","overlay-type":"","overlay-color":"","overlay-gradient":""},"mobile":{"background-color":"","background-image":"","background-repeat":"repeat","background-position":"center center","background-size":"auto","background-attachment":"scroll","background-type":"","background-media":"","overlay-type":"","overlay-color":"","overlay-gradient":""}},"ast-content-background-meta":{"desktop":{"background-color":"var(--ast-global-color-5)","background-image":"","background-repeat":"repeat","background-position":"center center","background-size":"auto","background-attachment":"scroll","background-type":"","background-media":"","overlay-type":"","overlay-color":"","overlay-gradient":""},"tablet":{"background-color":"var(--ast-global-color-5)","background-image":"","background-repeat":"repeat","background-position":"center center","background-size":"auto","background-attachment":"scroll","background-type":"","background-media":"","overlay-type":"","overlay-color":"","overlay-gradient":""},"mobile":{"background-color":"var(--ast-global-color-5)","background-image":"","background-repeat":"repeat","background-position":"center center","background-size":"auto","background-attachment":"scroll","background-type":"","background-media":"","overlay-type":"","overlay-color":"","overlay-gradient":""}},"footnotes":""},"uagb_featured_image_src":{"full":false,"thumbnail":false,"medium":false,"medium_large":false,"large":false,"1536x1536":false,"2048x2048":false,"trp-custom-language-flag":false},"uagb_author_info":{"display_name":"SOE","author_link":"https:\/\/supcom.standardof.net\/es\/author\/k-tastic\/"},"uagb_comment_info":0,"uagb_excerpt":"1. STOP ARIEL&#8217;S ATTACK Air attacks come before land attacks, so prioritize T3 Engineers and T2 mobile flak guns before other units. Upgrade your Land Factories one at a time so you don&#8217;t cut off your production. Order your troops to patrol around your base as well as the two civilian colonies to the south.&hellip;","_links":{"self":[{"href":"https:\/\/supcom.standardof.net\/es\/wp-json\/wp\/v2\/pages\/226"}],"collection":[{"href":"https:\/\/supcom.standardof.net\/es\/wp-json\/wp\/v2\/pages"}],"about":[{"href":"https:\/\/supcom.standardof.net\/es\/wp-json\/wp\/v2\/types\/page"}],"author":[{"embeddable":true,"href":"https:\/\/supcom.standardof.net\/es\/wp-json\/wp\/v2\/users\/1"}],"replies":[{"embeddable":true,"href":"https:\/\/supcom.standardof.net\/es\/wp-json\/wp\/v2\/comments?post=226"}],"version-history":[{"count":0,"href":"https:\/\/supcom.standardof.net\/es\/wp-json\/wp\/v2\/pages\/226\/revisions"}],"up":[{"embeddable":true,"href":"https:\/\/supcom.standardof.net\/es\/wp-json\/wp\/v2\/pages\/122"}],"wp:attachment":[{"href":"https:\/\/supcom.standardof.net\/es\/wp-json\/wp\/v2\/media?parent=226"}],"curies":[{"name":"wp","href":"https:\/\/api.w.org\/{rel}","templated":true}]}}