{"id":228,"date":"2020-10-31T15:22:18","date_gmt":"2020-10-31T19:22:18","guid":{"rendered":"https:\/\/supcom.standardof.net\/?page_id=228"},"modified":"2020-10-31T15:22:18","modified_gmt":"2020-10-31T19:22:18","slug":"aeon-operation-beginnings","status":"publish","type":"page","link":"https:\/\/supcom.standardof.net\/es\/supreme-commander\/recorridos-de-campana\/eon-operacion-comienzos\/","title":{"rendered":"Aeon Mission 6 - Comienzos de la operaci\u00f3n"},"content":{"rendered":"<h3 class=\"wp-block-heading\">1. CENTRO DE CONTROL DE CAPTURA SOL NEGRO<\/h3>\n\n\n\n<p>Construya inmediatamente defensas a\u00e9reas alrededor de su isla y sus lanzadores de torpedos T2: una combinaci\u00f3n de T2 y T3 funciona mejor para que pueda obtener cobertura r\u00e1pidamente pero actualizar eventualmente. La mayor\u00eda de los ataques iniciales son del sureste, as\u00ed que acumula tus fuerzas navales all\u00ed y coloca escudos sobre tu base antes de entrar para capturar el centro de control. Aunque las ca\u00eddas de transporte son raras y f\u00e1ciles de contrarrestar, querr\u00e1s robots de asedio y sus unidades de apoyo para que puedas hacer tus propias ca\u00eddas de transporte para tomar el Centro de control. Los ataques a\u00e9reos vendr\u00e1n del norte, as\u00ed que aseg\u00farese de tener la defensa a\u00e9rea T3 all\u00ed y que sus granjas de generador \/ fabricante T3 est\u00e9n bien protegidas. Cuando est\u00e9 seguro de que nada puede tocar su base (aseg\u00farese de tener una instalaci\u00f3n de preparaci\u00f3n a\u00e9rea a lo largo de la ruta de patrulla de sus combatientes para mantenerlos alimentados), actualice su ACU con Asignaci\u00f3n avanzada de recursos para obtener otro impulso de recursos y construya defensas y lanzadores de misiles estrat\u00e9gicos . Ataca el centro de la isla al norte del Centro de control para eliminar las defensas internas mientras tu flota mar\u00edtima destruye las defensas a lo largo de la costa. Una vez que hayas despejado una ruta para tus transportes, mueve una fuerza terrestre. Si tienes problemas para derribar los escudos pesados y los robots de asedio alrededor del Centro de control, ataca con armas nucleares los bordes de la base para que no mate al Control. Centro, pero elimina los robots de asedio. Mueva sus propias fuerzas terrestres para asegurar el \u00e1rea. La siguiente parte es bastante dif\u00edcil, as\u00ed que guarda el juego antes de capturar el Centro de control. El enemigo ataca desde el norte y el sur con creciente ferocidad, pero es importante contar con fuertes defensas en su lugar. Pon tus unidades navales en patrulla para cubrir la ruta a\u00e9rea de tus transportes y usa unidades a\u00e9reas para eliminar los contraataques enemigos antes de que te golpeen. Aseg\u00farese de no alcanzar el l\u00edmite de unidades antes de obtener un par de escudos T3 alrededor del Centro de control, con defensa a\u00e9rea T3 adentro. Mueva todas sus fuerzas terrestres aqu\u00ed para protegerlo y al menos 20 ingenieros T3 para lo que viene a continuaci\u00f3n.<\/p>\n\n\n\n<h3 class=\"wp-block-heading\">2. DEFENDER EL CENTRO DE CONTROL DEL SOL NEGRO<\/h3>\n\n\n\n<p><em>El mapa se expande hacia el norte<\/em><br>Se revela la base Cybran, y tienen muchos robots ara\u00f1a y robots de asedio. Afortunadamente, tienes armas nucleares y tu lanzador nuclear debe apuntar por delante de las tropas enemigas para que aterrice donde est\u00e1 el ej\u00e9rcito. Puede eliminar la mayor parte de la fuerza de asalto de esta manera. Por lo dem\u00e1s, inmediatamente despu\u00e9s de que se expanda el mapa, haz que todos tus ingenieros comiencen a trabajar en un Coloso, que se come spiderbots para el almuerzo, siempre que puedas terminarlo a tiempo. Alternativamente, puede construir una l\u00ednea de defensa y artiller\u00eda de puntos T2 con escudos pesados, si no tiene tiempo. En dificultad normal, el ej\u00e9rcito invasor del norte no tiene robots ara\u00f1a, solo unidades terrestres T3, por lo que 2 armas nucleares destruir\u00e1n todas sus fuerzas de forma gratuita.<\/p>\n\n\n\n<h3 class=\"wp-block-heading\">3. DERROTA AL CYBRAN COMMANDER<\/h3>\n\n\n\n<p>Mientras tanto, su flota naval deber\u00eda trasladarse a la costa de la base Cybran. Si los Cybrans no se destruyen r\u00e1pidamente, comenzar\u00e1n a construir Soul Rippers, que son un gran problema para ti. Si tiene dos lanzadores de armas nucleares en este punto, puede abrumar su \u00fanica Defensa Estrat\u00e9gica de Misiles con armas nucleares; tambi\u00e9n puede usar su fuerza a\u00e9rea para eliminar su defensa y atacar con armas nucleares un par de veces, o simplemente bombear un n\u00famero cada vez mayor de barcos y, por lo general, eliminar\u00e1n al comandante Cybran por su cuenta. Aseg\u00farate de volar despu\u00e9s de que lo destruyan para confirmar que la base est\u00e1 muerta; no necesitas ning\u00fan ataque furtivo cuando est\u00e1s ocupado con Marxon. La forma m\u00e1s f\u00e1cil pero m\u00e1s lenta es tener una fuerza naval abrumadora, lo que tambi\u00e9n ayuda para el pr\u00f3ximo objetivo. Los acorazados valen cada centavo de su costo en esta misi\u00f3n, ya que pueden destruir la mayor parte de la base Cybran y las defensas de artiller\u00eda T2 de Marxon.<\/p>\n\n\n\n<h3 class=\"wp-block-heading\">4. DESTRUYE A MARXON<\/h3>\n\n\n\n<p><em>El mapa se expande hacia el sur<\/em><br>Black Sun se encuentra en la costa sur de la isla. Tan pronto como el mapa se expande, una enorme flota naval se mueve desde el sur hacia tu base. Mueva sus unidades navales y a\u00e9reas para interceptar lo antes posible. La artiller\u00eda comienza a disparar en el Centro de control, as\u00ed que construye m\u00e1s escudos mientras construyes varios Colosos y un Zar o dos. Una vez que tengas lista tu fuerza experimental, env\u00edalos al sur mientras tu flota naval elimina la armada de Marxon y sus f\u00e1bricas navales. Marxon tambi\u00e9n est\u00e1 construyendo Colosos, pero sus n\u00fameros superiores y su Zar deber\u00edan funcionar bien contra ellos. Si tienes la suerte de ver a Marxon antes de que tus Colosos bajen a su amplia gama de defensas, ap\u00fantalo para matarlo r\u00e1pidamente. De lo contrario, apunte a sus Defensas Estrat\u00e9gicas de Misiles, una al oeste y otra al este. Una vez que se hayan ido, puedes bombardear su base. Los colosos no son absolutamente necesarios; La artiller\u00eda T3 en tu isla puede bombardear a Marxon muy lentamente, tus acorazados pueden eliminar la mayor\u00eda de sus defensas, y si destruyes una de sus dos posiciones de defensa nuclear, puedes abrumar su defensa nuclear disparando 2 o 3 lanzadores nucleares simult\u00e1neamente.<\/p>\n\n\n\n<h3 class=\"has-text-align-center wp-block-heading\">Misi\u00f3n 6 - Comienzos de la operaci\u00f3n - Gu\u00eda de video<\/h3>\n\n\n\n<figure class=\"wp-block-embed-youtube wp-block-embed is-type-video is-provider-youtube wp-embed-aspect-4-3 wp-has-aspect-ratio\"><div class=\"wp-block-embed__wrapper\">\n<div class=\"ast-oembed-container\" style=\"height: 100%;\"><iframe title=\"Operation Beginnings - Campa\u00f1a M6 Aeon Dif\u00edcil - Comandante Supremo\" width=\"500\" height=\"375\" src=\"https:\/\/www.youtube.com\/embed\/NTJCeTaFQhU?feature=oembed\" frameborder=\"0\" allow=\"accelerometer; autoplay; clipboard-write; encrypted-media; gyroscope; picture-in-picture; web-share\" referrerpolicy=\"strict-origin-when-cross-origin\" allowfullscreen><\/iframe><\/div>\n<\/div><\/figure>","protected":false},"excerpt":{"rendered":"<p>1. CAPTURE BLACK SUN CONTROL CENTER Immediately build air defenses around your island and your T2 torpedo launchers &#8211; a mix of T2 and T3 works best so that you can get coverage quickly but upgrade eventually. Most initial attacks are from the southeast, so build up your naval forces there and get shields over [&hellip;]<\/p>","protected":false},"author":1,"featured_media":0,"parent":122,"menu_order":3,"comment_status":"open","ping_status":"closed","template":"","meta":{"_uag_custom_page_level_css":"","site-sidebar-layout":"default","site-content-layout":"default","ast-site-content-layout":"","site-content-style":"default","site-sidebar-style":"default","ast-global-header-display":"","ast-banner-title-visibility":"","ast-main-header-display":"","ast-hfb-above-header-display":"","ast-hfb-below-header-display":"","ast-hfb-mobile-header-display":"","site-post-title":"","ast-breadcrumbs-content":"","ast-featured-img":"","footer-sml-layout":"","theme-transparent-header-meta":"default","adv-header-id-meta":"","stick-header-meta":"","header-above-stick-meta":"","header-main-stick-meta":"","header-below-stick-meta":"","astra-migrate-meta-layouts":"default","ast-page-background-enabled":"default","ast-page-background-meta":{"desktop":{"background-color":"","background-image":"","background-repeat":"repeat","background-position":"center center","background-size":"auto","background-attachment":"scroll","background-type":"","background-media":"","overlay-type":"","overlay-color":"","overlay-gradient":""},"tablet":{"background-color":"","background-image":"","background-repeat":"repeat","background-position":"center center","background-size":"auto","background-attachment":"scroll","background-type":"","background-media":"","overlay-type":"","overlay-color":"","overlay-gradient":""},"mobile":{"background-color":"","background-image":"","background-repeat":"repeat","background-position":"center center","background-size":"auto","background-attachment":"scroll","background-type":"","background-media":"","overlay-type":"","overlay-color":"","overlay-gradient":""}},"ast-content-background-meta":{"desktop":{"background-color":"var(--ast-global-color-5)","background-image":"","background-repeat":"repeat","background-position":"center center","background-size":"auto","background-attachment":"scroll","background-type":"","background-media":"","overlay-type":"","overlay-color":"","overlay-gradient":""},"tablet":{"background-color":"var(--ast-global-color-5)","background-image":"","background-repeat":"repeat","background-position":"center center","background-size":"auto","background-attachment":"scroll","background-type":"","background-media":"","overlay-type":"","overlay-color":"","overlay-gradient":""},"mobile":{"background-color":"var(--ast-global-color-5)","background-image":"","background-repeat":"repeat","background-position":"center center","background-size":"auto","background-attachment":"scroll","background-type":"","background-media":"","overlay-type":"","overlay-color":"","overlay-gradient":""}},"footnotes":""},"uagb_featured_image_src":{"full":false,"thumbnail":false,"medium":false,"medium_large":false,"large":false,"1536x1536":false,"2048x2048":false,"trp-custom-language-flag":false},"uagb_author_info":{"display_name":"SOE","author_link":"https:\/\/supcom.standardof.net\/es\/author\/k-tastic\/"},"uagb_comment_info":0,"uagb_excerpt":"1. CAPTURE BLACK SUN CONTROL CENTER Immediately build air defenses around your island and your T2 torpedo launchers &#8211; a mix of T2 and T3 works best so that you can get coverage quickly but upgrade eventually. Most initial attacks are from the southeast, so build up your naval forces there and get shields over&hellip;","_links":{"self":[{"href":"https:\/\/supcom.standardof.net\/es\/wp-json\/wp\/v2\/pages\/228"}],"collection":[{"href":"https:\/\/supcom.standardof.net\/es\/wp-json\/wp\/v2\/pages"}],"about":[{"href":"https:\/\/supcom.standardof.net\/es\/wp-json\/wp\/v2\/types\/page"}],"author":[{"embeddable":true,"href":"https:\/\/supcom.standardof.net\/es\/wp-json\/wp\/v2\/users\/1"}],"replies":[{"embeddable":true,"href":"https:\/\/supcom.standardof.net\/es\/wp-json\/wp\/v2\/comments?post=228"}],"version-history":[{"count":0,"href":"https:\/\/supcom.standardof.net\/es\/wp-json\/wp\/v2\/pages\/228\/revisions"}],"up":[{"embeddable":true,"href":"https:\/\/supcom.standardof.net\/es\/wp-json\/wp\/v2\/pages\/122"}],"wp:attachment":[{"href":"https:\/\/supcom.standardof.net\/es\/wp-json\/wp\/v2\/media?parent=228"}],"curies":[{"name":"wp","href":"https:\/\/api.w.org\/{rel}","templated":true}]}}