{"id":231,"date":"2020-10-31T15:37:30","date_gmt":"2020-10-31T19:37:30","guid":{"rendered":"https:\/\/supcom.standardof.net\/?page_id=231"},"modified":"2020-11-04T22:29:43","modified_gmt":"2020-11-05T03:29:43","slug":"uef","status":"publish","type":"page","link":"https:\/\/supcom.standardof.net\/es\/supreme-commander\/uef\/","title":{"rendered":"UEF"},"content":{"rendered":"<h2 class=\"has-text-align-center wp-block-heading\">UNIDADES UEF<\/h2>\n\n\n\n<div class=\"wp-block-image\"><figure class=\"aligncenter size-large\"><a href=\"https:\/\/supcom.standardof.net\/es\/sup-com-uef-commander-promo\/\"><img decoding=\"async\" width=\"600\" height=\"564\" src=\"https:\/\/supcom.standardof.net\/wp-content\/uploads\/sites\/8\/2020\/10\/Sup-Com-UEF-Commander-Promo.jpg\" alt=\"\" class=\"wp-image-254\" srcset=\"https:\/\/supcom.standardof.net\/wp-content\/uploads\/sites\/8\/2020\/10\/Sup-Com-UEF-Commander-Promo.jpg 600w, https:\/\/supcom.standardof.net\/wp-content\/uploads\/sites\/8\/2020\/10\/Sup-Com-UEF-Commander-Promo-512x481.jpg 512w, https:\/\/supcom.standardof.net\/wp-content\/uploads\/sites\/8\/2020\/10\/Sup-Com-UEF-Commander-Promo-200x188.jpg 200w, https:\/\/supcom.standardof.net\/wp-content\/uploads\/sites\/8\/2020\/10\/Sup-Com-UEF-Commander-Promo-13x12.jpg 13w\" sizes=\"(max-width: 600px) 100vw, 600px\" \/><\/a><\/figure><\/div>\n\n\n\n<p><a href=\"https:\/\/www.standardof.net\/wp-content\/uploads\/2011\/10\/SupremeCommander-2011-10-15-05-27-16-21.png\" class=\"rank-math-link\" target=\"_blank\" rel=\"noopener\"><\/a>Las unidades \u00fanicas de UEF son los 3 experimentales y el T3 Air Heavy Gunship. Los armamentos est\u00e1ndar UEF son proyectiles y pistolas tradicionales. Suelen tener m\u00e1s armadura y menos velocidad que las unidades equivalentes de otras facciones. UEF puede usar una buena combinaci\u00f3n de unidades terrestres para combatir los enjambres de unidades individuales de otras razas desde el principio, luego establecer una ventaja con sus bots de asedio T3 y Heavy Gunship. Carecen de un portaaviones T3 porque su unidad mar\u00edtima T4 es un portaaviones de todos modos. La UEF ACU tiene una variedad de mejoras defensivas, desde escudos hasta misiles y una capacidad de regeneraci\u00f3n mejorada.<\/p>\n\n\n\n<section class=\"wp-block-uagb-columns uagb-columns__wrap uagb-columns__background-undefined uagb-columns__stack-mobile uagb-columns__valign-undefined uagb-columns__gap-10 alignundefined uagb-block-65130051\"><div class=\"uagb-columns__overlay\"><\/div><div class=\"uagb-columns__inner-wrap uagb-columns__columns-1\">\n<div class=\"wp-block-uagb-column uagb-column__wrap uagb-column__background-undefined uagb-block-54269797\"><div class=\"uagb-column__overlay\"><\/div><div class=\"uagb-column__inner-wrap\">\n<h3 class=\"wp-block-heading\">Comandantes de la UEF<\/h3>\n\n\n\n<ul><li><a href=\"https:\/\/supcom.standardof.net\/es\/supreme-commander\/uef\/uef-comandante\/\" class=\"rank-math-link\">Comandante (ACU)<\/a><\/li><li><a href=\"https:\/\/supcom.standardof.net\/es\/supreme-commander\/uef\/uef-subcomandante\/\" class=\"rank-math-link\">Subcomandante (SCU)<\/a><\/li><\/ul>\n<\/div><\/div>\n<\/div><\/section>\n\n\n\n<section class=\"wp-block-uagb-columns uagb-columns__wrap uagb-columns__background-undefined uagb-columns__stack-mobile uagb-columns__valign-undefined uagb-columns__gap-10 alignundefined uagb-block-e1b80797\"><div class=\"uagb-columns__overlay\"><\/div><div class=\"uagb-columns__inner-wrap uagb-columns__columns-1\">\n<div class=\"wp-block-uagb-column uagb-column__wrap uagb-column__background-undefined uagb-block-6334f213\"><div class=\"uagb-column__overlay\"><\/div><div class=\"uagb-column__inner-wrap\">\n<h3 class=\"wp-block-heading\">Unidades Terrestres<\/h3>\n<\/div><\/div>\n<\/div><\/section>\n\n\n\n<section class=\"wp-block-uagb-columns uagb-columns__wrap uagb-columns__background-undefined uagb-columns__stack-mobile uagb-columns__valign-undefined uagb-columns__gap-10 alignundefined uagb-block-a943ea14\"><div class=\"uagb-columns__overlay\"><\/div><div class=\"uagb-columns__inner-wrap uagb-columns__columns-3\">\n<div class=\"wp-block-uagb-column uagb-column__wrap uagb-column__background-undefined uagb-block-6e264444\"><div class=\"uagb-column__overlay\"><\/div><div class=\"uagb-column__inner-wrap\">\n<h4 class=\"wp-block-heading\"><a href=\"https:\/\/supcom.standardof.net\/es\/supreme-commander\/uef\/tech-1-uef-land-units\/\" class=\"rank-math-link\">Tierra de nivel 1<\/a><\/h4>\n\n\n\n<ul><li><a href=\"https:\/\/supcom.standardof.net\/es\/supreme-commander\/uef\/tech-1-uef-land-units\/#engineer-t1-constructor\" class=\"rank-math-link\">INGENIERO<\/a> <br><sup>CONSTRUCTOR T1<\/sup><\/li><li><a href=\"https:\/\/supcom.standardof.net\/es\/supreme-commander\/uef\/tech-1-uef-land-units\/#ma12-striker-medium-tank\" class=\"rank-math-link\">MA12 STRIKER<\/a> <br><sup>DEP\u00d3SITO MEDIO<\/sup><\/li><li><a href=\"https:\/\/supcom.standardof.net\/es\/supreme-commander\/uef\/tech-1-uef-land-units\/#lobo-mobile-light-artillery\" class=\"rank-math-link\">LOBO<\/a><br><sup>ARTILLER\u00cdA LIGERA M\u00d3VIL<\/sup><\/li><li><a href=\"https:\/\/supcom.standardof.net\/es\/supreme-commander\/uef\/tech-1-uef-land-units\/#archer-mobile-anti-air-gun\" class=\"rank-math-link\">ARQUERO<\/a><br><sup>PISTOLA ANTI AIRE M\u00d3VIL<\/sup><\/li><\/ul>\n<\/div><\/div>\n\n\n\n<div class=\"wp-block-uagb-column uagb-column__wrap uagb-column__background-undefined uagb-block-c303681c\"><div class=\"uagb-column__overlay\"><\/div><div class=\"uagb-column__inner-wrap\">\n<h4 class=\"wp-block-heading\"><a href=\"https:\/\/supcom.standardof.net\/es\/supreme-commander\/uef\/tech-2-uef-land-units\/\" class=\"rank-math-link\">Tierra de nivel 2<\/a><\/h4>\n\n\n\n<ul><li><a href=\"https:\/\/supcom.standardof.net\/es\/supreme-commander\/uef\/tech-2-uef-land-units\/#t2-uef-engineer\" class=\"rank-math-link\">INGENIERO T2<\/a><br><sup>CONSTRUCTOR T2<\/sup><\/li><li><a href=\"https:\/\/supcom.standardof.net\/es\/supreme-commander\/uef\/tech-2-uef-land-units\/#pillar-heavy-tank\" class=\"rank-math-link\">PILAR<\/a><br><sup>TANQUE PESADO<\/sup><\/li><li><a href=\"https:\/\/supcom.standardof.net\/es\/supreme-commander\/uef\/tech-2-uef-land-units\/#sky-boxer-mobile-aa-flak-artillery\" class=\"rank-math-link\">SKY BOXER<\/a> <br><sup>ARTILLER\u00cdA M\u00d3VIL EN ESCAMAS AA<\/sup><\/li><li><a href=\"https:\/\/supcom.standardof.net\/es\/supreme-commander\/uef\/tech-2-uef-land-units\/#flapjack-mobile-missile-launcher\" class=\"rank-math-link\">FLAPJACK<\/a><br><sup>LANZAMISILES M\u00d3VIL<\/sup><\/li><li><a href=\"https:\/\/supcom.standardof.net\/es\/supreme-commander\/uef\/tech-2-uef-land-units\/#riptide-amphibious-tank\" class=\"rank-math-link\">AGUAS REVUELTAS<\/a> <br><sup>TANQUE ANFIBIO<\/sup><\/li><li><a href=\"https:\/\/supcom.standardof.net\/es\/supreme-commander\/uef\/tech-2-uef-land-units\/#parashield-mobile-shield-generator\" class=\"rank-math-link\">PARASHIELD<\/a><br><sup>GENERADOR DE ESCUDOS M\u00d3VIL<\/sup><\/li><\/ul>\n<\/div><\/div>\n\n\n\n<div class=\"wp-block-uagb-column uagb-column__wrap uagb-column__background-undefined uagb-block-8c972844\"><div class=\"uagb-column__overlay\"><\/div><div class=\"uagb-column__inner-wrap\">\n<h4 class=\"wp-block-heading\"><a href=\"https:\/\/supcom.standardof.net\/es\/supreme-commander\/uef\/tech-2-uef-land-units\/\" class=\"rank-math-link\">Tierra de nivel 3<\/a><\/h4>\n\n\n\n<ul><li><a href=\"https:\/\/supcom.standardof.net\/es\/supreme-commander\/uef\/tech-3-uef-land-units\/#t3-uef-engineer\" class=\"rank-math-link\">INGENIERO T3<\/a><br><sup>CONSTRUCTOR T3<\/sup><\/li><li><a href=\"https:\/\/supcom.standardof.net\/es\/supreme-commander\/uef\/tech-3-uef-land-units\/#titan-siege-assault-bot\" class=\"rank-math-link\">TIT\u00c1N<\/a> <br><sup>ASALTO ASALTO BOT<\/sup><\/li><li><a href=\"https:\/\/supcom.standardof.net\/es\/supreme-commander\/uef\/tech-3-uef-land-units\/#demolisher-mobile-heavy-artillery\" class=\"rank-math-link\">DEMOLEDOR<\/a><br><sup>ARTILLER\u00cdA PESADA M\u00d3VIL<\/sup><\/li><\/ul>\n<\/div><\/div>\n<\/div><\/section>\n\n\n\n<section class=\"wp-block-uagb-columns uagb-columns__wrap uagb-columns__background-undefined uagb-columns__stack-mobile uagb-columns__valign-undefined uagb-columns__gap-10 alignundefined uagb-block-5b2438e4\"><div class=\"uagb-columns__overlay\"><\/div><div class=\"uagb-columns__inner-wrap uagb-columns__columns-1\">\n<div class=\"wp-block-uagb-column uagb-column__wrap uagb-column__background-undefined uagb-block-66fec082\"><div class=\"uagb-column__overlay\"><\/div><div class=\"uagb-column__inner-wrap\">\n<h3 class=\"wp-block-heading\" id=\"Air-Units\">Unidades de aire<\/h3>\n<\/div><\/div>\n<\/div><\/section>\n\n\n\n<section class=\"wp-block-uagb-columns uagb-columns__wrap uagb-columns__background-undefined uagb-columns__stack-mobile uagb-columns__valign-undefined uagb-columns__gap-10 alignundefined uagb-block-f8a53e60\"><div class=\"uagb-columns__overlay\"><\/div><div class=\"uagb-columns__inner-wrap uagb-columns__columns-3\">\n<div class=\"wp-block-uagb-column uagb-column__wrap uagb-column__background-undefined uagb-block-1a25d205\"><div class=\"uagb-column__overlay\"><\/div><div class=\"uagb-column__inner-wrap\">\n<h4 class=\"wp-block-heading\"><a href=\"https:\/\/supcom.standardof.net\/es\/supreme-commander\/uef\/unidades-tech-1-uef-air\/\">Aire de nivel 1<\/a><\/h4>\n\n\n\n<ul><li><a href=\"https:\/\/supcom.standardof.net\/es\/supreme-commander\/uef\/unidades-tech-1-uef-air\/#hummingbird-air-scout\" class=\"rank-math-link\">Colibr\u00ed <\/a><br><sup>Explorador de aire<\/sup><\/li><li><a href=\"https:\/\/supcom.standardof.net\/es\/supreme-commander\/uef\/unidades-tech-1-uef-air\/#cyclone-interceptor\" class=\"rank-math-link\">CICL\u00d3N<\/a> <br><sup>INTERCEPTADOR<\/sup><\/li><li><a href=\"https:\/\/supcom.standardof.net\/es\/supreme-commander\/uef\/unidades-tech-1-uef-air\/#scorcher-attack-bomber\" class=\"rank-math-link\">D\u00cdA ABRASADOR<\/a><br><sup>ATAQUE BOMBER<\/sup><\/li><li><a href=\"https:\/\/supcom.standardof.net\/es\/supreme-commander\/uef\/unidades-tech-1-uef-air\/#c-6-courier-light-air-transport\" class=\"rank-math-link\">C-6 CORREO<\/a><br><sup>TRANSPORTE A\u00c9REO LIGERO<a href=\"https:\/\/supcom.standardof.net\/es\/supreme-commander\/uef\/unidades-tech-1-uef-air\/#c-6-courier-light-air-transport\" class=\"rank-math-link\">T<\/a><\/sup><\/li><\/ul>\n<\/div><\/div>\n\n\n\n<div class=\"wp-block-uagb-column uagb-column__wrap uagb-column__background-undefined uagb-block-0217f676\"><div class=\"uagb-column__overlay\"><\/div><div class=\"uagb-column__inner-wrap\">\n<h4 class=\"wp-block-heading\"><a href=\"https:\/\/supcom.standardof.net\/es\/supreme-commander\/uef\/unidades-tech-2-uef-air\/\">Aire de nivel 2<\/a><\/h4>\n\n\n\n<ul><li><a href=\"https:\/\/supcom.standardof.net\/es\/supreme-commander\/uef\/unidades-tech-2-uef-air\/#janus-bomber\" class=\"rank-math-link\">JANUS<\/a> <br><sup>BOMBARDEO<\/sup><\/li><li><a href=\"https:\/\/supcom.standardof.net\/es\/supreme-commander\/uef\/unidades-tech-2-uef-air\/#stork-torpedo-bomber\" class=\"rank-math-link\">CIG\u00dcE\u00d1A<\/a> <br><sup>BOMBARDERO TORPEDO<\/sup><\/li><li><a href=\"https:\/\/supcom.standardof.net\/es\/supreme-commander\/uef\/unidades-tech-2-uef-air\/#stinger-gunship\" class=\"rank-math-link\">AGUIJ\u00d3N<\/a> <br><sup>ARMA<\/sup><\/li><li><a href=\"https:\/\/supcom.standardof.net\/es\/supreme-commander\/uef\/unidades-tech-2-uef-air\/#c14-star-lifter-air-transport\" class=\"rank-math-link\">ELEVADOR DE ESTRELLAS C14<\/a><br><sup>TRANSPORTE A\u00c9REO<\/sup><\/li><\/ul>\n<\/div><\/div>\n\n\n\n<div class=\"wp-block-uagb-column uagb-column__wrap uagb-column__background-undefined uagb-block-519a1644\"><div class=\"uagb-column__overlay\"><\/div><div class=\"uagb-column__inner-wrap\">\n<h4 class=\"wp-block-heading\"><a href=\"https:\/\/supcom.standardof.net\/es\/supreme-commander\/uef\/unidades-tech-3-uef-air\/\">Aire de nivel 3<\/a><\/h4>\n\n\n\n<ul><li><a href=\"https:\/\/supcom.standardof.net\/es\/supreme-commander\/uef\/unidades-tech-3-uef-air\/#sr90-blackbird-spy-plane\" class=\"rank-math-link\">SR90 BLACKBIRD<\/a> <br><sup>AVI\u00d3N ESP\u00cdA<\/sup><\/li><li><a href=\"https:\/\/supcom.standardof.net\/es\/supreme-commander\/uef\/unidades-tech-3-uef-air\/#wasp-air-superiority-fighter\" class=\"rank-math-link\">AVISPA<\/a><br><sup>COMBATE POR LA SUPERIORIDAD A\u00c9REA<\/sup><\/li><li><a href=\"https:\/\/supcom.standardof.net\/es\/supreme-commander\/uef\/unidades-tech-3-uef-air\/#ambassador-strategic-bomber\" class=\"rank-math-link\">EMBAJADOR<\/a> <br><sup>BOMBER ESTRAT\u00c9GICO<\/sup><\/li><li><a href=\"https:\/\/supcom.standardof.net\/es\/supreme-commander\/uef\/unidades-tech-3-uef-air\/#broadsword-heavy-gunship\" class=\"rank-math-link\">SABLE<\/a> <br><sup>ARMA PESADA<\/sup><\/li><\/ul>\n<\/div><\/div>\n<\/div><\/section>\n\n\n\n<section class=\"wp-block-uagb-columns uagb-columns__wrap uagb-columns__background-undefined uagb-columns__stack-mobile uagb-columns__valign-undefined uagb-columns__gap-10 alignundefined uagb-block-eabbe2df\"><div class=\"uagb-columns__overlay\"><\/div><div class=\"uagb-columns__inner-wrap uagb-columns__columns-1\">\n<div class=\"wp-block-uagb-column uagb-column__wrap uagb-column__background-undefined uagb-block-4e728aeb\"><div class=\"uagb-column__overlay\"><\/div><div class=\"uagb-column__inner-wrap\">\n<h3 class=\"wp-block-heading\" id=\"Air-Units\">Unidades navales<\/h3>\n<\/div><\/div>\n<\/div><\/section>\n\n\n\n<section class=\"wp-block-uagb-columns uagb-columns__wrap uagb-columns__background-undefined uagb-columns__stack-mobile uagb-columns__valign-undefined uagb-columns__gap-10 alignundefined uagb-block-3f7c6314\"><div class=\"uagb-columns__overlay\"><\/div><div class=\"uagb-columns__inner-wrap uagb-columns__columns-3\">\n<div class=\"wp-block-uagb-column uagb-column__wrap uagb-column__background-undefined uagb-block-a13f7fd6\"><div class=\"uagb-column__overlay\"><\/div><div class=\"uagb-column__inner-wrap\">\n<h4 class=\"wp-block-heading\"><a href=\"https:\/\/supcom.standardof.net\/es\/supreme-commander\/uef\/unidades-navales-tech-1-uef\/\">Nivel 1 naval<\/a><\/h4>\n\n\n\n<ul><li><a href=\"https:\/\/supcom.standardof.net\/es\/supreme-commander\/uef\/unidades-navales-tech-1-uef\/#tigershark-attack-submarine\" class=\"rank-math-link\">TIBUR\u00d3N TIGRE <\/a><br><sup>ATAQUE SUBMARINO<\/sup><\/li><li><a href=\"https:\/\/supcom.standardof.net\/es\/supreme-commander\/uef\/unidades-navales-tech-1-uef\/#thunderhead-class-frigate\" class=\"rank-math-link\">THUNDERHEAD<\/a><br><sup>FRAGATA<\/sup> <sup>CLASE<\/sup><\/li><\/ul>\n<\/div><\/div>\n\n\n\n<div class=\"wp-block-uagb-column uagb-column__wrap uagb-column__background-undefined uagb-block-968c6699\"><div class=\"uagb-column__overlay\"><\/div><div class=\"uagb-column__inner-wrap\">\n<h4 class=\"wp-block-heading\"><a href=\"https:\/\/supcom.standardof.net\/es\/supreme-commander\/uef\/tech-2-uef-unidades-navales\/\">Nivel 2 naval<\/a><\/h4>\n\n\n\n<ul><li><a href=\"https:\/\/supcom.standardof.net\/es\/supreme-commander\/uef\/tech-2-uef-unidades-navales\/#governor-class-cruiser\" class=\"rank-math-link\">GOBERNADOR <\/a><br><sup>CLASE CRUCERO<\/sup><\/li><li><a href=\"https:\/\/supcom.standardof.net\/es\/supreme-commander\/uef\/tech-2-uef-unidades-navales\/#valiant-class-destroyer\" class=\"rank-math-link\">VALIENTE <\/a><br><sup>CLASE DESTRUADOR<\/sup><\/li><\/ul>\n<\/div><\/div>\n\n\n\n<div class=\"wp-block-uagb-column uagb-column__wrap uagb-column__background-undefined uagb-block-61cc8635\"><div class=\"uagb-column__overlay\"><\/div><div class=\"uagb-column__inner-wrap\">\n<h4 class=\"wp-block-heading\"><a href=\"https:\/\/supcom.standardof.net\/es\/supreme-commander\/uef\/tech-3-uef-unidades-navales\/\" class=\"rank-math-link\">Nivel 3 naval<\/a><\/h4>\n\n\n\n<ul><li><a href=\"https:\/\/supcom.standardof.net\/es\/supreme-commander\/uef\/tech-3-uef-unidades-navales\/#summit-class-battleship\" class=\"rank-math-link\">CUMBRE <\/a><br><sup>CLASE DE BATALLA<\/sup><\/li><li><a href=\"https:\/\/supcom.standardof.net\/es\/supreme-commander\/uef\/tech-3-uef-unidades-navales\/#ace-strategic-missile-submarine\" class=\"rank-math-link\">AS <\/a><br><sup>SUBMARINO ESTRAT\u00c9GICO DE MISILES<\/sup><\/li><\/ul>\n<\/div><\/div>\n<\/div><\/section>\n\n\n\n<section class=\"wp-block-uagb-columns uagb-columns__wrap uagb-columns__background-undefined uagb-columns__stack-mobile uagb-columns__valign-undefined uagb-columns__gap-10 alignundefined uagb-block-e662c212\"><div class=\"uagb-columns__overlay\"><\/div><div class=\"uagb-columns__inner-wrap uagb-columns__columns-2\">\n<div class=\"wp-block-uagb-column uagb-column__wrap uagb-column__background-undefined uagb-block-c826c08a\"><div class=\"uagb-column__overlay\"><\/div><div class=\"uagb-column__inner-wrap\">\n<h3 class=\"wp-block-heading\" id=\"Defenses\">Defensas<\/h3>\n\n\n\n<ul><li><a href=\"https:\/\/supcom.standardof.net\/es\/supreme-commander\/uef\/tech-1-uef-defensas\/\" class=\"rank-math-link\">Defensas de nivel 1<\/a><\/li><li><a href=\"https:\/\/supcom.standardof.net\/es\/supreme-commander\/uef\/tech-2-uef-defense\/\" class=\"rank-math-link\">Defensas de nivel 2<\/a><\/li><li><a href=\"https:\/\/supcom.standardof.net\/es\/supreme-commander\/uef\/tech-3-uef-defensas\/\" class=\"rank-math-link\">Defensas de nivel 3<\/a><\/li><\/ul>\n<\/div><\/div>\n\n\n\n<div class=\"wp-block-uagb-column uagb-column__wrap uagb-column__background-undefined uagb-block-796c4d70\"><div class=\"uagb-column__overlay\"><\/div><div class=\"uagb-column__inner-wrap\">\n<h3 class=\"wp-block-heading\" id=\"Economy\">Econom\u00eda<\/h3>\n\n\n\n<ul><li><a href=\"https:\/\/supcom.standardof.net\/es\/supreme-commander\/uef\/tech-1-uef-economy-edificios\/\" class=\"rank-math-link\">Econom\u00eda de nivel 1<\/a><\/li><li><a href=\"https:\/\/supcom.standardof.net\/es\/supreme-commander\/uef\/tech-2-uef-economy-edificios\/\" class=\"rank-math-link\">Econom\u00eda de nivel 2<\/a><\/li><li><a href=\"https:\/\/supcom.standardof.net\/es\/supreme-commander\/uef\/tech-3-uef-economy-edificios\/\" class=\"rank-math-link\">Econom\u00eda de nivel 3<\/a><\/li><\/ul>\n<\/div><\/div>\n<\/div><\/section>\n\n\n\n<section class=\"wp-block-uagb-columns uagb-columns__wrap uagb-columns__background-undefined uagb-columns__stack-mobile uagb-columns__valign-undefined uagb-columns__gap-10 alignundefined uagb-block-4757a3b7\"><div class=\"uagb-columns__overlay\"><\/div><div class=\"uagb-columns__inner-wrap uagb-columns__columns-1\">\n<div class=\"wp-block-uagb-column uagb-column__wrap uagb-column__background-undefined uagb-block-44688738\"><div class=\"uagb-column__overlay\"><\/div><div class=\"uagb-column__inner-wrap\">\n<h3 class=\"wp-block-heading\"><a href=\"https:\/\/supcom.standardof.net\/es\/supreme-commander\/uef\/uef-unidades-experimentales\/\" class=\"rank-math-link\">Unidades experimentales<\/a><\/h3>\n<\/div><\/div>\n<\/div><\/section>","protected":false},"excerpt":{"rendered":"<p>UEF UNITS The UEF&#8217;s unique units are the 3 experimentals and the T3 air Heavy Gunship. UEF standard armaments are traditional shells and guns. They tend to have more armor and less speed than other factions&#8217; equivalent units. UEF can use a good mix of land units to combat other races&#8217; single unit swarms early [&hellip;]<\/p>","protected":false},"author":1,"featured_media":0,"parent":14,"menu_order":0,"comment_status":"closed","ping_status":"closed","template":"","meta":{"_uag_custom_page_level_css":"","site-sidebar-layout":"default","site-content-layout":"default","ast-site-content-layout":"","site-content-style":"default","site-sidebar-style":"default","ast-global-header-display":"","ast-banner-title-visibility":"","ast-main-header-display":"","ast-hfb-above-header-display":"","ast-hfb-below-header-display":"","ast-hfb-mobile-header-display":"","site-post-title":"","ast-breadcrumbs-content":"","ast-featured-img":"","footer-sml-layout":"","theme-transparent-header-meta":"default","adv-header-id-meta":"","stick-header-meta":"","header-above-stick-meta":"","header-main-stick-meta":"","header-below-stick-meta":"","astra-migrate-meta-layouts":"default","ast-page-background-enabled":"default","ast-page-background-meta":{"desktop":{"background-color":"","background-image":"","background-repeat":"repeat","background-position":"center center","background-size":"auto","background-attachment":"scroll","background-type":"","background-media":"","overlay-type":"","overlay-color":"","overlay-gradient":""},"tablet":{"background-color":"","background-image":"","background-repeat":"repeat","background-position":"center center","background-size":"auto","background-attachment":"scroll","background-type":"","background-media":"","overlay-type":"","overlay-color":"","overlay-gradient":""},"mobile":{"background-color":"","background-image":"","background-repeat":"repeat","background-position":"center center","background-size":"auto","background-attachment":"scroll","background-type":"","background-media":"","overlay-type":"","overlay-color":"","overlay-gradient":""}},"ast-content-background-meta":{"desktop":{"background-color":"var(--ast-global-color-5)","background-image":"","background-repeat":"repeat","background-position":"center center","background-size":"auto","background-attachment":"scroll","background-type":"","background-media":"","overlay-type":"","overlay-color":"","overlay-gradient":""},"tablet":{"background-color":"var(--ast-global-color-5)","background-image":"","background-repeat":"repeat","background-position":"center center","background-size":"auto","background-attachment":"scroll","background-type":"","background-media":"","overlay-type":"","overlay-color":"","overlay-gradient":""},"mobile":{"background-color":"var(--ast-global-color-5)","background-image":"","background-repeat":"repeat","background-position":"center center","background-size":"auto","background-attachment":"scroll","background-type":"","background-media":"","overlay-type":"","overlay-color":"","overlay-gradient":""}},"footnotes":""},"uagb_featured_image_src":{"full":false,"thumbnail":false,"medium":false,"medium_large":false,"large":false,"1536x1536":false,"2048x2048":false,"trp-custom-language-flag":false},"uagb_author_info":{"display_name":"SOE","author_link":"https:\/\/supcom.standardof.net\/es\/author\/k-tastic\/"},"uagb_comment_info":0,"uagb_excerpt":"UEF UNITS The UEF&#8217;s unique units are the 3 experimentals and the T3 air Heavy Gunship. UEF standard armaments are traditional shells and guns. They tend to have more armor and less speed than other factions&#8217; equivalent units. UEF can use a good mix of land units to combat other races&#8217; single unit swarms early&hellip;","_links":{"self":[{"href":"https:\/\/supcom.standardof.net\/es\/wp-json\/wp\/v2\/pages\/231"}],"collection":[{"href":"https:\/\/supcom.standardof.net\/es\/wp-json\/wp\/v2\/pages"}],"about":[{"href":"https:\/\/supcom.standardof.net\/es\/wp-json\/wp\/v2\/types\/page"}],"author":[{"embeddable":true,"href":"https:\/\/supcom.standardof.net\/es\/wp-json\/wp\/v2\/users\/1"}],"replies":[{"embeddable":true,"href":"https:\/\/supcom.standardof.net\/es\/wp-json\/wp\/v2\/comments?post=231"}],"version-history":[{"count":0,"href":"https:\/\/supcom.standardof.net\/es\/wp-json\/wp\/v2\/pages\/231\/revisions"}],"up":[{"embeddable":true,"href":"https:\/\/supcom.standardof.net\/es\/wp-json\/wp\/v2\/pages\/14"}],"wp:attachment":[{"href":"https:\/\/supcom.standardof.net\/es\/wp-json\/wp\/v2\/media?parent=231"}],"curies":[{"name":"wp","href":"https:\/\/api.w.org\/{rel}","templated":true}]}}