{"id":340,"date":"2020-11-01T11:47:46","date_gmt":"2020-11-01T16:47:46","guid":{"rendered":"https:\/\/supcom.standardof.net\/?page_id=340"},"modified":"2020-11-03T23:05:42","modified_gmt":"2020-11-04T04:05:42","slug":"tech-3-uef-land-units","status":"publish","type":"page","link":"https:\/\/supcom.standardof.net\/es\/supreme-commander\/uef\/tech-3-uef-land-units\/","title":{"rendered":"Tech 3 - Unidades terrestres UEF"},"content":{"rendered":"<div class=\"wp-block-uagb-table-of-contents uagb-toc__align-left uagb-toc__columns-1  uagb-block-d7273619\"\n\t\t\t\t\tdata-scroll= \"1\"\n\t\t\t\t\tdata-offset= \"30\"\n\t\t\t\t\tstyle=\"\"\n\t\t\t\t>\n\t\t\t\t<div class=\"uagb-toc__wrap\">\n\t\t\t\t\t\t<div class=\"uagb-toc__title\">\n\t\t\t\t\t\t\tUnidades terrestres UEF Tech 3:\t\t\t\t\t\t<\/div>\n\t\t\t\t\t\t\t\t\t\t\t\t\t\t\t\t<div class=\"uagb-toc__list-wrap\">\n\t\t\t\t\t\t<ol class=\"uagb-toc__list\"><li class=\"uagb-toc__list\"><a href=\"#t3-uef-engineer\" class=\"uagb-toc-link__trigger\">INGENIERO T3 UEF<\/a><li class=\"uagb-toc__list\"><a href=\"#titan-siege-assault-bot\" class=\"uagb-toc-link__trigger\">TITAN - ASALTO ASALTO BOT<\/a><li class=\"uagb-toc__list\"><a href=\"#demolisher-mobile-heavy-artillery\" class=\"uagb-toc-link__trigger\">DEMOLEDOR - ARTILLER\u00cdA PESADA M\u00d3VIL<\/a><\/ol>\t\t\t\t\t<\/div>\n\t\t\t\t\t\t\t\t\t<\/div>\n\t\t\t\t<\/div>\n\t\t\t\n\n\n<section class=\"wp-block-uagb-columns uagb-columns__wrap uagb-columns__background-undefined uagb-columns__stack-mobile uagb-columns__valign-undefined uagb-columns__gap-10 alignundefined uagb-block-de4cfbd8\"><div class=\"uagb-columns__overlay\"><\/div><div class=\"uagb-columns__inner-wrap uagb-columns__columns-1\">\n<div class=\"wp-block-uagb-column uagb-column__wrap uagb-column__background-undefined uagb-block-e9dab9d8\"><div class=\"uagb-column__overlay\"><\/div><div class=\"uagb-column__inner-wrap\">\n<h2 class=\"wp-block-heading\">INGENIERO T3 UEF<\/h2>\n\n\n\n<p><a href=\"https:\/\/www.standardof.net\/wp-content\/uploads\/2011\/10\/SupremeCommander-2011-10-15-08-58-38-95.png\" class=\"rank-math-link\" target=\"_blank\" rel=\"noopener\"><\/a>El ingeniero T3 aparece con mucha m\u00e1s frecuencia que los otros ingenieros; uno siempre debe ser lo primero que salga de su f\u00e1brica. Pueden impulsar su econom\u00eda, ayudar a las f\u00e1bricas a un ritmo \u00fatil y llevarlo al final del juego. Nunca est\u00e1 mal tener demasiados ingenieros. Adem\u00e1s, si se env\u00edan para construir defensas o reparar un objetivo crucial, durar\u00e1n mucho m\u00e1s bajo el fuego enemigo. Desafortunadamente, estos tipos son muy lentos, la mitad de r\u00e1pidos que las unidades de apoyo T2.<\/p>\n\n\n\n<div class=\"wp-block-image\"><figure class=\"aligncenter size-large\"><a href=\"https:\/\/supcom.standardof.net\/es\/supreme-commander\/uef\/tech-3-uef-land-units\/supreme-commander-uef-land-units-t3-t3-land-engineer\/\"><img decoding=\"async\" width=\"357\" height=\"276\" src=\"https:\/\/supcom.standardof.net\/wp-content\/uploads\/sites\/8\/2020\/11\/Supreme-Commander-UEF-Land-Units-T3-T3-Land-Engineer.jpg\" alt=\"El ingeniero T3, unidad UEF Tech 3 en Supreme Commander.\" class=\"wp-image-344\" srcset=\"https:\/\/supcom.standardof.net\/wp-content\/uploads\/sites\/8\/2020\/11\/Supreme-Commander-UEF-Land-Units-T3-T3-Land-Engineer.jpg 357w, https:\/\/supcom.standardof.net\/wp-content\/uploads\/sites\/8\/2020\/11\/Supreme-Commander-UEF-Land-Units-T3-T3-Land-Engineer-200x155.jpg 200w, https:\/\/supcom.standardof.net\/wp-content\/uploads\/sites\/8\/2020\/11\/Supreme-Commander-UEF-Land-Units-T3-T3-Land-Engineer-16x12.jpg 16w\" sizes=\"(max-width: 357px) 100vw, 357px\" \/><\/a><figcaption>INGENIERO T3<\/figcaption><\/figure><\/div>\n\n\n\n<section class=\"wp-block-uagb-columns uagb-columns__wrap uagb-columns__background-undefined uagb-columns__stack-mobile uagb-columns__valign-undefined uagb-columns__gap-10 alignundefined uagb-block-c264e380\"><div class=\"uagb-columns__overlay\"><\/div><div class=\"uagb-columns__inner-wrap uagb-columns__columns-1\">\n<div class=\"wp-block-uagb-column uagb-column__wrap uagb-column__background-undefined uagb-block-bafeb27f\"><div class=\"uagb-column__overlay\"><\/div><div class=\"uagb-column__inner-wrap\">\n<h3 class=\"wp-block-heading\"><strong>Estad\u00edsticas del ingeniero T3 UEF<\/strong><\/h3>\n\n\n\n<p><strong>Armadura:<\/strong> 1500 CV<\/p>\n\n\n\n<p><strong>Habilidades:<\/strong> Suite de ingenier\u00eda, anfibio<\/p>\n\n\n\n<p><strong>Costo:<\/strong> M490 (almacenamiento: 20), E3150 (almacenamiento: 200), T1050<br>tasa de construcci\u00f3n: 15<\/p>\n\n\n\n<p><strong>Intel:<\/strong> vista: 26 (508m)<\/p>\n\n\n\n<p><strong>F\u00edsica:<\/strong><br>velocidad m\u00e1xima: 1,4 (27,3 m \/ s)<br>velocidad de giro: 70<\/p>\n\n\n\n<p><strong>Clase de transporte:<\/strong> 3<br><em>* veterano nivel 2: +375 hp<br>* veterano nivel 4: +375 hp<br>* veterano nivel 5: repara 2 hp \/ s<\/em><\/p>\n<\/div><\/div>\n<\/div><\/section>\n<\/div><\/div>\n<\/div><\/section>\n\n\n\n<section class=\"wp-block-uagb-columns uagb-columns__wrap uagb-columns__background-undefined uagb-columns__stack-mobile uagb-columns__valign-undefined uagb-columns__gap-10 alignundefined uagb-block-848aff33\"><div class=\"uagb-columns__overlay\"><\/div><div class=\"uagb-columns__inner-wrap uagb-columns__columns-1\">\n<div class=\"wp-block-uagb-column uagb-column__wrap uagb-column__background-undefined uagb-block-375821ab\"><div class=\"uagb-column__overlay\"><\/div><div class=\"uagb-column__inner-wrap\">\n<h2 class=\"wp-block-heading\">TITAN - ASALTO ASALTO BOT<\/h2>\n\n\n\n<p><a href=\"https:\/\/www.standardof.net\/wp-content\/uploads\/2011\/10\/Heavy-Assault-Bot-Titan.png\" class=\"rank-math-link\" target=\"_blank\" rel=\"noopener\"><\/a>El arma del Tit\u00e1n en realidad no es muy poderosa; su principal fortaleza est\u00e1 en su escudo, que le permite sobrevivir a conflictos desequilibrados sin perder la salud en absoluto. Los robots de asedio son asesinos de comandantes, dice el tutorial, y eso es cierto, siempre y cuando puedas hacerlos pasar por sus defensas y sus propias fuerzas terrestres. No ganan guerras para ti autom\u00e1ticamente, pero puedes sentirte seguro construy\u00e9ndolos en grandes cantidades sin importar cu\u00e1l sea tu misi\u00f3n.<\/p>\n\n\n\n<div class=\"wp-block-image\"><figure class=\"aligncenter size-large\"><a href=\"https:\/\/supcom.standardof.net\/es\/supreme-commander\/uef\/tech-3-uef-land-units\/supreme-commander-uef-land-units-t3-heavy-assault-bot-titan\/\"><img decoding=\"async\" width=\"400\" height=\"329\" src=\"https:\/\/supcom.standardof.net\/wp-content\/uploads\/sites\/8\/2020\/11\/Supreme-Commander-UEF-Land-Units-T3-Heavy-Assault-Bot-Titan.jpg\" alt=\"El Titan Siege Assault Bot, unidad UEF Tech 3 en Supreme Commander.\" class=\"wp-image-342\" srcset=\"https:\/\/supcom.standardof.net\/wp-content\/uploads\/sites\/8\/2020\/11\/Supreme-Commander-UEF-Land-Units-T3-Heavy-Assault-Bot-Titan.jpg 400w, https:\/\/supcom.standardof.net\/wp-content\/uploads\/sites\/8\/2020\/11\/Supreme-Commander-UEF-Land-Units-T3-Heavy-Assault-Bot-Titan-200x165.jpg 200w, https:\/\/supcom.standardof.net\/wp-content\/uploads\/sites\/8\/2020\/11\/Supreme-Commander-UEF-Land-Units-T3-Heavy-Assault-Bot-Titan-16x12.jpg 16w\" sizes=\"(max-width: 400px) 100vw, 400px\" \/><\/a><figcaption>TITAN - ASALTO ASALTO BOT<\/figcaption><\/figure><\/div>\n\n\n\n<section class=\"wp-block-uagb-columns uagb-columns__wrap uagb-columns__background-undefined uagb-columns__stack-mobile uagb-columns__valign-undefined uagb-columns__gap-10 alignundefined uagb-block-c3a40dcc\"><div class=\"uagb-columns__overlay\"><\/div><div class=\"uagb-columns__inner-wrap uagb-columns__columns-2\">\n<div class=\"wp-block-uagb-column uagb-column__wrap uagb-column__background-undefined uagb-block-b86d4b78\"><div class=\"uagb-column__overlay\"><\/div><div class=\"uagb-column__inner-wrap\">\n<h3 class=\"wp-block-heading\"><strong><strong>Estad\u00edsticas de Titan<\/strong><\/strong><\/h3>\n\n\n\n<p><strong>Armadura:<\/strong> 2200 CV<\/p>\n\n\n\n<p><strong>Proteger:<\/strong> 2500 CV<br>     tama\u00f1o: 2.5 (48.8m)<br>     tasa de regeneraci\u00f3n: 167<br>     hora de inicio de regeneraci\u00f3n: 45<br>     tiempo de recarga: 60<\/p>\n\n\n\n<p><strong>Habilidades:<\/strong> Proteger<\/p>\n\n\n\n<p><strong>Costo:<\/strong> M480, E3840 (-25), T1200<\/p>\n\n\n\n<p><strong>Intel:<\/strong> vista: 25 (488m)<\/p>\n\n\n\n<p><strong>F\u00edsica:<\/strong><br>     velocidad m\u00e1xima: 2,9 (56,6 m \/ s)<br>     velocidad de giro: 146<\/p>\n\n\n\n<p><strong>Clase de transporte:<\/strong> 3<\/p>\n\n\n\n<p><strong>Veterancia:<\/strong> 30, 60, 150, 300, 600 muertes<br><em>* veterano nivel 2: +550 CV<br>* veterano nivel 4: +550 CV<br>* veterano nivel 5: repara 2 hp \/ s<\/em><\/p>\n<\/div><\/div>\n\n\n\n<div class=\"wp-block-uagb-column uagb-column__wrap uagb-column__background-undefined uagb-block-131fd178\"><div class=\"uagb-column__overlay\"><\/div><div class=\"uagb-column__inner-wrap\">\n<h3 class=\"wp-block-heading\"><strong>Armas de Tit\u00e1n<\/strong><\/h3>\n\n\n\n<p><strong>Ca\u00f1\u00f3n de plasma pesado<\/strong><br><em>(Fuego directo)<\/em><br>100,00 dps<br><strong>rango:<\/strong> 25 (488m)<br><strong>arma de proyectil:<\/strong> 50 da\u00f1os<br><strong>cadencia de fuego:<\/strong> 2 (cada 0,5 s)<br><em>* veterano nivel 1: +13 de da\u00f1o<br>* veterano nivel 3: +13 de da\u00f1o<\/em><\/p>\n<\/div><\/div>\n<\/div><\/section>\n<\/div><\/div>\n<\/div><\/section>\n\n\n\n<section class=\"wp-block-uagb-columns uagb-columns__wrap uagb-columns__background-undefined uagb-columns__stack-mobile uagb-columns__valign-undefined uagb-columns__gap-10 alignundefined uagb-block-c14ccc1c\"><div class=\"uagb-columns__overlay\"><\/div><div class=\"uagb-columns__inner-wrap uagb-columns__columns-1\">\n<div class=\"wp-block-uagb-column uagb-column__wrap uagb-column__background-undefined uagb-block-31afc75f\"><div class=\"uagb-column__overlay\"><\/div><div class=\"uagb-column__inner-wrap\">\n<h2 class=\"wp-block-heading\">DEMOLEDOR - ARTILLER\u00cdA PESADA M\u00d3VIL<\/h2>\n\n\n\n<p><a href=\"https:\/\/www.standardof.net\/wp-content\/uploads\/2011\/10\/Mobile-Heavy-Artillery-Demolisher.jpg\" class=\"rank-math-link\" target=\"_blank\" rel=\"noopener\"><\/a>La artiller\u00eda pesada m\u00f3vil solo sirve para una cosa: abrir una base bien defendida. Superan a la defensa de puntos T2 pero no a la artiller\u00eda T2, as\u00ed que aseg\u00farate de apuntar a esos primero. Est\u00e1n totalmente indefensos contra las unidades terrestres o a\u00e9reas enemigas, aunque tienen suficiente salud como para que no mueran todos si tienes suficientes robots de asedio para protegerlos. Cuando est\u00e9 a punto de formar un grupo, piense esto: &quot;\u00bfQu\u00e9 preferir\u00eda tener: 5 ca\u00f1ones de artiller\u00eda o 10 robots de asedio?&quot; Si cree que puede encontrar alguna resistencia en las piernas que sea m\u00e1s r\u00e1pida que un Coloso, la respuesta deber\u00eda ser &quot;10 robots de asedio&quot;.<\/p>\n\n\n\n<div class=\"wp-block-image\"><figure class=\"aligncenter size-large is-resized\"><a href=\"https:\/\/supcom.standardof.net\/es\/supreme-commander\/uef\/tech-3-uef-land-units\/supreme-commander-uef-land-units-t3-mobile-heavy-artillery-demolisher\/\"><img decoding=\"async\" src=\"https:\/\/supcom.standardof.net\/wp-content\/uploads\/sites\/8\/2020\/11\/Supreme-Commander-UEF-Land-Units-T3-Mobile-Heavy-Artillery-Demolisher.jpg\" alt=\"El Demolisher Mobile Heavy Artillery, unidad UEF Tech 3 en Supreme Commander.\" class=\"wp-image-343\" width=\"400\" height=\"312\" srcset=\"https:\/\/supcom.standardof.net\/wp-content\/uploads\/sites\/8\/2020\/11\/Supreme-Commander-UEF-Land-Units-T3-Mobile-Heavy-Artillery-Demolisher.jpg 400w, https:\/\/supcom.standardof.net\/wp-content\/uploads\/sites\/8\/2020\/11\/Supreme-Commander-UEF-Land-Units-T3-Mobile-Heavy-Artillery-Demolisher-200x156.jpg 200w, https:\/\/supcom.standardof.net\/wp-content\/uploads\/sites\/8\/2020\/11\/Supreme-Commander-UEF-Land-Units-T3-Mobile-Heavy-Artillery-Demolisher-16x12.jpg 16w\" sizes=\"(max-width: 400px) 100vw, 400px\" \/><\/a><figcaption>DEMOLEDOR - ARTILLER\u00cdA PESADA M\u00d3VIL<\/figcaption><\/figure><\/div>\n\n\n\n<section class=\"wp-block-uagb-columns uagb-columns__wrap uagb-columns__background-undefined uagb-columns__stack-mobile uagb-columns__valign-undefined uagb-columns__gap-10 alignundefined uagb-block-1f8571f0\"><div class=\"uagb-columns__overlay\"><\/div><div class=\"uagb-columns__inner-wrap uagb-columns__columns-2\">\n<div class=\"wp-block-uagb-column uagb-column__wrap uagb-column__background-undefined uagb-block-a510e1a3\"><div class=\"uagb-column__overlay\"><\/div><div class=\"uagb-column__inner-wrap\">\n<h3 class=\"wp-block-heading\"><strong>Estad\u00edsticas de demoledor<\/strong><\/h3>\n\n\n\n<p><strong>Armadura:<\/strong> 945 CV<\/p>\n\n\n\n<p><strong>Habilidades:<\/strong> Despliegues: inm\u00f3vil mientras dispara<\/p>\n\n\n\n<p><strong>Costo:<\/strong> M800, E8000, T2400<\/p>\n\n\n\n<p><strong>Intel:<\/strong> vista: 26 (508m)<\/p>\n\n\n\n<p><strong>F\u00edsica:<\/strong><br>velocidad m\u00e1xima: 2,6 (50,8 m \/ s)<br>velocidad de giro: 20<\/p>\n\n\n\n<p><strong>Clase de transporte:<\/strong> 3<\/p>\n\n\n\n<p><strong>Veterancia:<\/strong> 30, 60, 150, 300, 600 muertes<br><em>* veterano nivel 2: +236 hp<br>* veterano nivel 4: +236 hp<br>* veterano nivel 5: repara 2 hp \/ s<\/em><\/p>\n<\/div><\/div>\n\n\n\n<div class=\"wp-block-uagb-column uagb-column__wrap uagb-column__background-undefined uagb-block-f33fff70\"><div class=\"uagb-column__overlay\"><\/div><div class=\"uagb-column__inner-wrap\">\n<h3 class=\"wp-block-heading\"><strong>Armas demoledoras<\/strong><\/h3>\n\n\n\n<p><strong>Artiller\u00eda antimateria<\/strong><br>70,00 dps <em>(Artiller\u00eda)<\/em><br><strong>zona:<\/strong> 3,5 (68,4 m),<br><strong>rango:<\/strong> 25 (488 m) - 70 (1,37 km)<br><strong>arma de proyectil:<\/strong> 1400 da\u00f1os<br><strong>cadencia de fuego:<\/strong> 0.05 (cada 20 segundos)<br><em>* veterano nivel 1: +350 de da\u00f1o<br>* veterano nivel 3: +350 de da\u00f1o<\/em><\/p>\n<\/div><\/div>\n<\/div><\/section>\n<\/div><\/div>\n<\/div><\/section>","protected":false},"excerpt":{"rendered":"<p>T3 UEF ENGINEER The T3 Engineer shows up much more frequently than the other engineers; one should always be the first thing out of your factory. They can jumpstart your economy, assist factories at a useful rate, and get you into the endgame. It&#8217;s never bad to have too many engineers. Plus, if they&#8217;re sent [&hellip;]<\/p>","protected":false},"author":1,"featured_media":0,"parent":231,"menu_order":0,"comment_status":"open","ping_status":"closed","template":"","meta":{"_uag_custom_page_level_css":"","site-sidebar-layout":"default","site-content-layout":"default","ast-site-content-layout":"","site-content-style":"default","site-sidebar-style":"default","ast-global-header-display":"","ast-banner-title-visibility":"","ast-main-header-display":"","ast-hfb-above-header-display":"","ast-hfb-below-header-display":"","ast-hfb-mobile-header-display":"","site-post-title":"","ast-breadcrumbs-content":"","ast-featured-img":"","footer-sml-layout":"","theme-transparent-header-meta":"default","adv-header-id-meta":"","stick-header-meta":"","header-above-stick-meta":"","header-main-stick-meta":"","header-below-stick-meta":"","astra-migrate-meta-layouts":"default","ast-page-background-enabled":"default","ast-page-background-meta":{"desktop":{"background-color":"","background-image":"","background-repeat":"repeat","background-position":"center center","background-size":"auto","background-attachment":"scroll","background-type":"","background-media":"","overlay-type":"","overlay-color":"","overlay-gradient":""},"tablet":{"background-color":"","background-image":"","background-repeat":"repeat","background-position":"center center","background-size":"auto","background-attachment":"scroll","background-type":"","background-media":"","overlay-type":"","overlay-color":"","overlay-gradient":""},"mobile":{"background-color":"","background-image":"","background-repeat":"repeat","background-position":"center center","background-size":"auto","background-attachment":"scroll","background-type":"","background-media":"","overlay-type":"","overlay-color":"","overlay-gradient":""}},"ast-content-background-meta":{"desktop":{"background-color":"var(--ast-global-color-5)","background-image":"","background-repeat":"repeat","background-position":"center center","background-size":"auto","background-attachment":"scroll","background-type":"","background-media":"","overlay-type":"","overlay-color":"","overlay-gradient":""},"tablet":{"background-color":"var(--ast-global-color-5)","background-image":"","background-repeat":"repeat","background-position":"center center","background-size":"auto","background-attachment":"scroll","background-type":"","background-media":"","overlay-type":"","overlay-color":"","overlay-gradient":""},"mobile":{"background-color":"var(--ast-global-color-5)","background-image":"","background-repeat":"repeat","background-position":"center center","background-size":"auto","background-attachment":"scroll","background-type":"","background-media":"","overlay-type":"","overlay-color":"","overlay-gradient":""}},"footnotes":""},"uagb_featured_image_src":{"full":false,"thumbnail":false,"medium":false,"medium_large":false,"large":false,"1536x1536":false,"2048x2048":false,"trp-custom-language-flag":false},"uagb_author_info":{"display_name":"SOE","author_link":"https:\/\/supcom.standardof.net\/es\/author\/k-tastic\/"},"uagb_comment_info":0,"uagb_excerpt":"T3 UEF ENGINEER The T3 Engineer shows up much more frequently than the other engineers; one should always be the first thing out of your factory. They can jumpstart your economy, assist factories at a useful rate, and get you into the endgame. It&#8217;s never bad to have too many engineers. Plus, if they&#8217;re sent&hellip;","_links":{"self":[{"href":"https:\/\/supcom.standardof.net\/es\/wp-json\/wp\/v2\/pages\/340"}],"collection":[{"href":"https:\/\/supcom.standardof.net\/es\/wp-json\/wp\/v2\/pages"}],"about":[{"href":"https:\/\/supcom.standardof.net\/es\/wp-json\/wp\/v2\/types\/page"}],"author":[{"embeddable":true,"href":"https:\/\/supcom.standardof.net\/es\/wp-json\/wp\/v2\/users\/1"}],"replies":[{"embeddable":true,"href":"https:\/\/supcom.standardof.net\/es\/wp-json\/wp\/v2\/comments?post=340"}],"version-history":[{"count":0,"href":"https:\/\/supcom.standardof.net\/es\/wp-json\/wp\/v2\/pages\/340\/revisions"}],"up":[{"embeddable":true,"href":"https:\/\/supcom.standardof.net\/es\/wp-json\/wp\/v2\/pages\/231"}],"wp:attachment":[{"href":"https:\/\/supcom.standardof.net\/es\/wp-json\/wp\/v2\/media?parent=340"}],"curies":[{"name":"wp","href":"https:\/\/api.w.org\/{rel}","templated":true}]}}