{"id":349,"date":"2020-11-01T12:17:09","date_gmt":"2020-11-01T17:17:09","guid":{"rendered":"https:\/\/supcom.standardof.net\/?page_id=349"},"modified":"2020-11-03T23:06:32","modified_gmt":"2020-11-04T04:06:32","slug":"tech-1-uef-air-units","status":"publish","type":"page","link":"https:\/\/supcom.standardof.net\/es\/supreme-commander\/uef\/unidades-tech-1-uef-air\/","title":{"rendered":"Tech 1 - Unidades a\u00e9reas UEF"},"content":{"rendered":"<div class=\"wp-block-uagb-table-of-contents uagb-toc__align-left uagb-toc__columns-1  uagb-block-59b4c076\"\n\t\t\t\t\tdata-scroll= \"1\"\n\t\t\t\t\tdata-offset= \"30\"\n\t\t\t\t\tstyle=\"\"\n\t\t\t\t>\n\t\t\t\t<div class=\"uagb-toc__wrap\">\n\t\t\t\t\t\t<div class=\"uagb-toc__title\">\n\t\t\t\t\t\t\tUnidades a\u00e9reas UEF Tech 1:\t\t\t\t\t\t<\/div>\n\t\t\t\t\t\t\t\t\t\t\t\t\t\t\t\t<div class=\"uagb-toc__list-wrap\">\n\t\t\t\t\t\t<ol class=\"uagb-toc__list\"><li class=\"uagb-toc__list\"><a href=\"#hummingbird-air-scout\" class=\"uagb-toc-link__trigger\">COLIBR\u00cd - SCOUT DE AIRE<\/a><li class=\"uagb-toc__list\"><a href=\"#cyclone-interceptor\" class=\"uagb-toc-link__trigger\">CICL\u00d3N - INTERCEPTOR<\/a><li class=\"uagb-toc__list\"><a href=\"#scorcher-attack-bomber\" class=\"uagb-toc-link__trigger\">SCORCHER - BOMBER DE ATAQUE<\/a><li class=\"uagb-toc__list\"><a href=\"#c-6-courier-light-air-transport\" class=\"uagb-toc-link__trigger\">C-6 COURIER - TRANSPORTE A\u00c9REO LIGERO<\/a><\/ol>\t\t\t\t\t<\/div>\n\t\t\t\t\t\t\t\t\t<\/div>\n\t\t\t\t<\/div>\n\t\t\t\n\n\n<section class=\"wp-block-uagb-columns uagb-columns__wrap uagb-columns__background-undefined uagb-columns__stack-mobile uagb-columns__valign-undefined uagb-columns__gap-10 alignundefined uagb-block-870a1030\"><div class=\"uagb-columns__overlay\"><\/div><div class=\"uagb-columns__inner-wrap uagb-columns__columns-1\">\n<div class=\"wp-block-uagb-column uagb-column__wrap uagb-column__background-undefined uagb-block-511fa0de\"><div class=\"uagb-column__overlay\"><\/div><div class=\"uagb-column__inner-wrap\">\n<h2 class=\"wp-block-heading\"><strong>Colibr\u00ed<\/strong> - EXPLORADOR DE AIRE<\/h2>\n\n\n\n<p><a href=\"https:\/\/www.standardof.net\/wp-content\/uploads\/2011\/10\/SupremeCommander-2011-10-15-09-48-22-10.png\" class=\"rank-math-link\" target=\"_blank\" rel=\"noopener\"><\/a>El Air Scout es extremadamente econ\u00f3mico y es esta virtud lo que lo hace \u00fatil. Si bien un interceptor a menudo se adentrar\u00e1 m\u00e1s en una base enemiga, un solo explorador a\u00e9reo en su cola de construcci\u00f3n le permitir\u00e1 almacenar un conjunto de exploradores que pueden atravesar el mapa en busca de una entrada ligeramente defendida y exactamente 1 masa por segundo.<\/p>\n\n\n\n<div class=\"wp-block-image\"><figure class=\"aligncenter size-large\"><a href=\"https:\/\/supcom.standardof.net\/es\/supreme-commander\/uef\/unidades-tech-1-uef-air\/hummingbird-air-scout-supreme-commander-uef-air-units-t1\/\"><img decoding=\"async\" width=\"549\" height=\"396\" src=\"https:\/\/supcom.standardof.net\/wp-content\/uploads\/sites\/8\/2020\/11\/HUMMINGBIRD-AIR-SCOUT-Supreme-Commander-UEF-Air-Units-T1.jpg\" alt=\"El Hummingbird Air Scout, unidad a\u00e9rea UEF Tech 1 en Supreme Commander.\" class=\"wp-image-358\" srcset=\"https:\/\/supcom.standardof.net\/wp-content\/uploads\/sites\/8\/2020\/11\/HUMMINGBIRD-AIR-SCOUT-Supreme-Commander-UEF-Air-Units-T1.jpg 549w, https:\/\/supcom.standardof.net\/wp-content\/uploads\/sites\/8\/2020\/11\/HUMMINGBIRD-AIR-SCOUT-Supreme-Commander-UEF-Air-Units-T1-512x369.jpg 512w, https:\/\/supcom.standardof.net\/wp-content\/uploads\/sites\/8\/2020\/11\/HUMMINGBIRD-AIR-SCOUT-Supreme-Commander-UEF-Air-Units-T1-200x144.jpg 200w, https:\/\/supcom.standardof.net\/wp-content\/uploads\/sites\/8\/2020\/11\/HUMMINGBIRD-AIR-SCOUT-Supreme-Commander-UEF-Air-Units-T1-16x12.jpg 16w\" sizes=\"(max-width: 549px) 100vw, 549px\" \/><\/a><figcaption>COLIBR\u00cd - SCOUT DE AIRE<\/figcaption><\/figure><\/div>\n\n\n\n<section class=\"wp-block-uagb-columns uagb-columns__wrap uagb-columns__background-undefined uagb-columns__stack-mobile uagb-columns__valign-undefined uagb-columns__gap-10 alignundefined uagb-block-e43e3233\"><div class=\"uagb-columns__overlay\"><\/div><div class=\"uagb-columns__inner-wrap uagb-columns__columns-2\">\n<div class=\"wp-block-uagb-column uagb-column__wrap uagb-column__background-undefined uagb-block-7711aed0\"><div class=\"uagb-column__overlay\"><\/div><div class=\"uagb-column__inner-wrap\">\n<h3 class=\"wp-block-heading\"><strong><strong>Estad\u00edsticas de colibr\u00ed<\/strong><\/strong><\/h3>\n\n\n\n<p><strong>Armadura:<\/strong> 5hp (ligero)<br><strong>Costo:<\/strong> M16, E640, T160<br><strong>Intel:<\/strong> vista: 64 (1.25km)<br><strong>F\u00edsica:<\/strong><br>&nbsp;&nbsp;&nbsp; velocidad m\u00e1xima: 17 (332 m \/ s)<br>&nbsp;&nbsp;&nbsp; velocidad de giro: 100<br>&nbsp;&nbsp;&nbsp; elevaci\u00f3n: 20 (391m)<br><strong>Clase de transporte:<\/strong> 1<br><strong>Veterancia:<\/strong> N \/ A<br><em>* veterano nivel 2: +1 hp<br>* veterano nivel 4: +1 hp<br>* veterano nivel 5: repara 1 hp \/ s<\/em><\/p>\n<\/div><\/div>\n\n\n\n<div class=\"wp-block-uagb-column uagb-column__wrap uagb-column__background-undefined uagb-block-622c3a00\"><div class=\"uagb-column__overlay\"><\/div><div class=\"uagb-column__inner-wrap\">\n<h3 class=\"wp-block-heading\"><strong>Armas de colibr\u00ed<\/strong><\/h3>\n\n\n\n<p><strong>Air Crash (Muerte)<br><\/strong>&nbsp;&nbsp;&nbsp; 10 da\u00f1os<br><strong>zona:<\/strong> 1 (19,5 m)<\/p>\n<\/div><\/div>\n<\/div><\/section>\n<\/div><\/div>\n<\/div><\/section>\n\n\n\n<section class=\"wp-block-uagb-columns uagb-columns__wrap uagb-columns__background-undefined uagb-columns__stack-mobile uagb-columns__valign-undefined uagb-columns__gap-10 alignundefined uagb-block-20626537\"><div class=\"uagb-columns__overlay\"><\/div><div class=\"uagb-columns__inner-wrap uagb-columns__columns-1\">\n<div class=\"wp-block-uagb-column uagb-column__wrap uagb-column__background-undefined uagb-block-cbe59b26\"><div class=\"uagb-column__overlay\"><\/div><div class=\"uagb-column__inner-wrap\">\n<h2 class=\"wp-block-heading\"><strong>CICL\u00d3N<\/strong> - INTERCEPTOR<\/h2>\n\n\n\n<p><a href=\"https:\/\/www.standardof.net\/wp-content\/uploads\/2011\/10\/SupremeCommander-2011-10-15-09-48-48-76.png\" class=\"rank-math-link\" target=\"_blank\" rel=\"noopener\"><\/a>Los interceptores son el pan y la mantequilla de su defensa a\u00e9rea. Son r\u00e1pidos, efectivos y baratos, lo que significa que puede configurar a los ingenieros para que creen m\u00e1s sin tener que pausar sus otros proyectos. Recomiendo tener un Air Factory configurado para construir interceptores infinitos para todo el juego.<\/p>\n\n\n\n<div class=\"wp-block-image\"><figure class=\"aligncenter size-large\"><a href=\"https:\/\/supcom.standardof.net\/es\/supreme-commander\/uef\/unidades-tech-1-uef-air\/cyclone-interceptor-supreme-commander-uef-air-units-t1\/\"><img decoding=\"async\" width=\"468\" height=\"399\" src=\"https:\/\/supcom.standardof.net\/wp-content\/uploads\/sites\/8\/2020\/11\/CYCLONE-INTERCEPTOR-Supreme-Commander-UEF-Air-Units-T1.jpg\" alt=\"El Cyclone Interceptor, unidad a\u00e9rea UEF Tech 1 en Supreme Commander.\" class=\"wp-image-357\" srcset=\"https:\/\/supcom.standardof.net\/wp-content\/uploads\/sites\/8\/2020\/11\/CYCLONE-INTERCEPTOR-Supreme-Commander-UEF-Air-Units-T1.jpg 468w, https:\/\/supcom.standardof.net\/wp-content\/uploads\/sites\/8\/2020\/11\/CYCLONE-INTERCEPTOR-Supreme-Commander-UEF-Air-Units-T1-200x171.jpg 200w, https:\/\/supcom.standardof.net\/wp-content\/uploads\/sites\/8\/2020\/11\/CYCLONE-INTERCEPTOR-Supreme-Commander-UEF-Air-Units-T1-14x12.jpg 14w\" sizes=\"(max-width: 468px) 100vw, 468px\" \/><\/a><figcaption>CICL\u00d3N - INTERCEPTOR<\/figcaption><\/figure><\/div>\n\n\n\n<section class=\"wp-block-uagb-columns uagb-columns__wrap uagb-columns__background-undefined uagb-columns__stack-mobile uagb-columns__valign-undefined uagb-columns__gap-10 alignundefined uagb-block-1572417c\"><div class=\"uagb-columns__overlay\"><\/div><div class=\"uagb-columns__inner-wrap uagb-columns__columns-2\">\n<div class=\"wp-block-uagb-column uagb-column__wrap uagb-column__background-undefined uagb-block-aa8f5d3f\"><div class=\"uagb-column__overlay\"><\/div><div class=\"uagb-column__inner-wrap\">\n<h3 class=\"wp-block-heading\"><strong>Estad\u00edsticas de cicl\u00f3n<\/strong><\/h3>\n\n\n\n<p><strong>Armadura:<\/strong> 20 CV (ligero)<br><strong>Costo:<\/strong> M38, E2280, T380<br><strong>Intel: <\/strong>vista: 32 (625m)<br><strong>F\u00edsica<\/strong><br>&nbsp;&nbsp;&nbsp; velocidad m\u00e1xima: 19 (371 m \/ s)<br>&nbsp;&nbsp;&nbsp; elevaci\u00f3n: 18 (352m)<br>&nbsp;&nbsp;&nbsp; distancia de acoplamiento: 50 (977 m)<br><strong>Clase de transporte:<\/strong> 1<br><strong>Veterancia:<\/strong> 5, 10, 25, 50, 100 muertes<br><em>* veterano nivel 2: +5 CV<br>* veterano nivel 4: +5 CV<br>* veterano nivel 5: repara 1 hp \/ s<\/em><\/p>\n<\/div><\/div>\n\n\n\n<div class=\"wp-block-uagb-column uagb-column__wrap uagb-column__background-undefined uagb-block-32103de6\"><div class=\"uagb-column__overlay\"><\/div><div class=\"uagb-column__inner-wrap\">\n<h3 class=\"wp-block-heading\"><strong><strong>Armas cicl\u00f3nicas<\/strong><\/strong><\/h3>\n\n\n\n<p><strong>Ca\u00f1\u00f3n de riel vinculado (antia\u00e9reo)<\/strong><br>&nbsp;&nbsp;&nbsp; 20,00 dps<br><strong>rango:<\/strong> 20 (391m)<br><strong>arma de proyectil:<\/strong> 20 da\u00f1os<br><strong>cadencia de fuego:<\/strong> 1 (cada 1s)<br><em>* veterano nivel 1: +5 de da\u00f1o<br>* veterano nivel 3: +5 de da\u00f1o<br><\/em><br><strong>Air Crash (Muerte)<\/strong><br>&nbsp;&nbsp;&nbsp; 25 da\u00f1os<br><strong>zona:<\/strong> 1 (19,5 m)<\/p>\n<\/div><\/div>\n<\/div><\/section>\n<\/div><\/div>\n<\/div><\/section>\n\n\n\n<section class=\"wp-block-uagb-columns uagb-columns__wrap uagb-columns__background-undefined uagb-columns__stack-mobile uagb-columns__valign-undefined uagb-columns__gap-10 alignundefined uagb-block-deca317d\"><div class=\"uagb-columns__overlay\"><\/div><div class=\"uagb-columns__inner-wrap uagb-columns__columns-1\">\n<div class=\"wp-block-uagb-column uagb-column__wrap uagb-column__background-undefined uagb-block-3a298cc3\"><div class=\"uagb-column__overlay\"><\/div><div class=\"uagb-column__inner-wrap\">\n<h2 class=\"wp-block-heading\"><strong>D\u00cdA ABRASADOR<\/strong> - ATAQUE BOMBER<\/h2>\n\n\n\n<p><a href=\"https:\/\/www.standardof.net\/wp-content\/uploads\/2011\/10\/SupremeCommander-2011-10-15-09-49-06-02.png\" class=\"rank-math-link\" target=\"_blank\" rel=\"noopener\"><\/a>El bombardero de ataque UEF est\u00e1 bien para lo que hace: crear una amenaza temprana que obliga al oponente a enviar sus interceptores. Si no tiene espacio para respirar para mejorar su f\u00e1brica de aire a niveles altos, puede producir grandes paquetes de bombarderos que conviertan un ataque fallido contra el Comandante en un \u00e9xito. Solo aseg\u00farese de no enviarlos a trav\u00e9s de ning\u00fan tipo de defensa a\u00e9rea que sea m\u00e1s alta que las torretas T1 o el anti-aire m\u00f3vil Cybran.<\/p>\n\n\n\n<div class=\"wp-block-image\"><figure class=\"aligncenter size-large\"><a href=\"https:\/\/supcom.standardof.net\/es\/supreme-commander\/uef\/unidades-tech-1-uef-air\/scorcher-attack-bomber-supreme-commander-uef-air-units-t1\/\"><img decoding=\"async\" width=\"471\" height=\"429\" src=\"https:\/\/supcom.standardof.net\/wp-content\/uploads\/sites\/8\/2020\/11\/SCORCHER-ATTACK-BOMBER-Supreme-Commander-UEF-Air-Units-T1.jpg\" alt=\"El Scorcher Attack Bomber, unidad a\u00e9rea UEF Tech 1 en Supreme Commander.\" class=\"wp-image-359\" srcset=\"https:\/\/supcom.standardof.net\/wp-content\/uploads\/sites\/8\/2020\/11\/SCORCHER-ATTACK-BOMBER-Supreme-Commander-UEF-Air-Units-T1.jpg 471w, https:\/\/supcom.standardof.net\/wp-content\/uploads\/sites\/8\/2020\/11\/SCORCHER-ATTACK-BOMBER-Supreme-Commander-UEF-Air-Units-T1-200x182.jpg 200w, https:\/\/supcom.standardof.net\/wp-content\/uploads\/sites\/8\/2020\/11\/SCORCHER-ATTACK-BOMBER-Supreme-Commander-UEF-Air-Units-T1-13x12.jpg 13w\" sizes=\"(max-width: 471px) 100vw, 471px\" \/><\/a><figcaption>SCORCHER - BOMBER DE ATAQUE<\/figcaption><\/figure><\/div>\n\n\n\n<section class=\"wp-block-uagb-columns uagb-columns__wrap uagb-columns__background-undefined uagb-columns__stack-mobile uagb-columns__valign-undefined uagb-columns__gap-10 alignundefined uagb-block-c3e829e9\"><div class=\"uagb-columns__overlay\"><\/div><div class=\"uagb-columns__inner-wrap uagb-columns__columns-2\">\n<div class=\"wp-block-uagb-column uagb-column__wrap uagb-column__background-undefined uagb-block-8a5f4917\"><div class=\"uagb-column__overlay\"><\/div><div class=\"uagb-column__inner-wrap\">\n<h3 class=\"wp-block-heading\"><strong>Estad\u00edsticas de Scorcher<\/strong><\/h3>\n\n\n\n<p><strong>Armadura:<\/strong> 20 CV (ligero)<br><strong>Costo:<\/strong> M144, E2880, T480<br><strong>Intel:<\/strong> vista: 32 (625m)<br><strong>F\u00edsica<\/strong>&nbsp;<br>&nbsp;&nbsp;&nbsp; velocidad m\u00e1xima: 12 (234 m \/ s)<br>&nbsp;&nbsp;&nbsp; elevaci\u00f3n: 18 (352m)<br>&nbsp;&nbsp;&nbsp; distancia de acoplamiento: 50 (977 m)<br><strong>Clase de transporte:<\/strong> 2<br><strong>Veterancia:<\/strong> 5, 10, 25, 50, 100 muertes<br><em>* veterano nivel 2: +5 CV,<br>* veterano nivel 4: +5 CV,<br>* veterano nivel 5: repara 1 hp \/ s<\/em><\/p>\n<\/div><\/div>\n\n\n\n<div class=\"wp-block-uagb-column uagb-column__wrap uagb-column__background-undefined uagb-block-6942040a\"><div class=\"uagb-column__overlay\"><\/div><div class=\"uagb-column__inner-wrap\">\n<h3 class=\"wp-block-heading\"><strong>Armas abrasadoras<\/strong><\/h3>\n\n\n\n<p><strong>Bomba de alfombra de napalm (bomba)<br><\/strong>&nbsp;&nbsp;&nbsp;&nbsp; 150,00 dps<br><strong>zona:<\/strong> 2,5 (48,8 m)<br><strong>rango:<\/strong> 3 (58,6 m)<br><strong>arma de proyectil:<\/strong> 60<br>&nbsp;&nbsp;&nbsp;&nbsp; ((15 x 4) \/ 2 segundos) x 5<br>proyectiles = 300 de da\u00f1o por salva<br><strong>cadencia de fuego:<\/strong> 0,5 (cada 2 s)<br><em><em>* veterano nivel 1: +15 de da\u00f1o<br>* veterano nivel 3: +15 de da\u00f1o<\/em><\/em><\/p>\n\n\n\n<p><strong>Air Crash (Muerte)<br><\/strong>100 da\u00f1os<br>\u00e1rea: 1 (19.5m)<\/p>\n<\/div><\/div>\n<\/div><\/section>\n<\/div><\/div>\n<\/div><\/section>\n\n\n\n<section class=\"wp-block-uagb-columns uagb-columns__wrap uagb-columns__background-undefined uagb-columns__stack-mobile uagb-columns__valign-undefined uagb-columns__gap-10 alignundefined uagb-block-b33104ce\"><div class=\"uagb-columns__overlay\"><\/div><div class=\"uagb-columns__inner-wrap uagb-columns__columns-1\">\n<div class=\"wp-block-uagb-column uagb-column__wrap uagb-column__background-undefined uagb-block-aa745f43\"><div class=\"uagb-column__overlay\"><\/div><div class=\"uagb-column__inner-wrap\">\n<h2 class=\"wp-block-heading\"><strong>C-6 CORREO<\/strong> - TRANSPORTE A\u00c9REO LIGERO<\/h2>\n\n\n\n<p><a href=\"https:\/\/www.standardof.net\/wp-content\/uploads\/2011\/10\/SupremeCommander-2011-10-15-09-49-31-63.png\" class=\"rank-math-link\" target=\"_blank\" rel=\"noopener\"><\/a>La ventaja de tener un transporte a\u00e9reo temprano es doble: puede transportar por aire a sus robots de asalto y tener una ca\u00f1onera voladora para matar a las fuerzas enemigas T1, o puede hacer m\u00e1s peligrosas ca\u00eddas de unidades o ingenieros detr\u00e1s de las l\u00edneas enemigas. Sin embargo, no conf\u00ede en ellos para vivir m\u00e1s all\u00e1 de una gota; en su mayor\u00eda est\u00e1n ah\u00ed para infundir miedo en los corazones de tus enemigos en lugar de entregar la victoria. Transporta 6 unidades T1, 3 unidades T2 o 1 unidad T3.<\/p>\n\n\n\n<div class=\"wp-block-image\"><figure class=\"aligncenter size-large\"><a href=\"https:\/\/supcom.standardof.net\/es\/supreme-commander\/uef\/unidades-tech-1-uef-air\/c-6-courier-light-air-transport-supreme-commander-uef-air-units-t1\/\"><img decoding=\"async\" width=\"645\" height=\"471\" src=\"https:\/\/supcom.standardof.net\/wp-content\/uploads\/sites\/8\/2020\/11\/C-6-COURIER-LIGHT-AIR-TRANSPORT-Supreme-Commander-UEF-Air-Units-T1.jpg\" alt=\"El C-6 Courier Light Air Transport, unidad a\u00e9rea UEF Tech 1 en Supreme Commander.\" class=\"wp-image-356\" srcset=\"https:\/\/supcom.standardof.net\/wp-content\/uploads\/sites\/8\/2020\/11\/C-6-COURIER-LIGHT-AIR-TRANSPORT-Supreme-Commander-UEF-Air-Units-T1.jpg 645w, https:\/\/supcom.standardof.net\/wp-content\/uploads\/sites\/8\/2020\/11\/C-6-COURIER-LIGHT-AIR-TRANSPORT-Supreme-Commander-UEF-Air-Units-T1-512x374.jpg 512w, https:\/\/supcom.standardof.net\/wp-content\/uploads\/sites\/8\/2020\/11\/C-6-COURIER-LIGHT-AIR-TRANSPORT-Supreme-Commander-UEF-Air-Units-T1-200x146.jpg 200w, https:\/\/supcom.standardof.net\/wp-content\/uploads\/sites\/8\/2020\/11\/C-6-COURIER-LIGHT-AIR-TRANSPORT-Supreme-Commander-UEF-Air-Units-T1-16x12.jpg 16w\" sizes=\"(max-width: 645px) 100vw, 645px\" \/><\/a><figcaption>C-6 COURIER - TRANSPORTE A\u00c9REO LIGERO<\/figcaption><\/figure><\/div>\n\n\n\n<section class=\"wp-block-uagb-columns uagb-columns__wrap uagb-columns__background-undefined uagb-columns__stack-mobile uagb-columns__valign-undefined uagb-columns__gap-10 alignundefined uagb-block-033bc4c7\"><div class=\"uagb-columns__overlay\"><\/div><div class=\"uagb-columns__inner-wrap uagb-columns__columns-2\">\n<div class=\"wp-block-uagb-column uagb-column__wrap uagb-column__background-undefined uagb-block-16427f4b\"><div class=\"uagb-column__overlay\"><\/div><div class=\"uagb-column__inner-wrap\">\n<h3 class=\"wp-block-heading\"><strong>Mensajero C-6<\/strong><strong>Estad\u00edsticas<\/strong><\/h3>\n\n\n\n<p><strong>Armadura:<\/strong> 90 CV (ligero)<br><strong>Habilidades:<\/strong> Transporte T1 (transporta unidades terrestres T1-T3)<br><strong>Costo:<\/strong> M120, E4800, T600<br><strong>Intel:<\/strong> vista: 32 (625m)<br><strong>F\u00edsica<\/strong><br>velocidad m\u00e1xima: 15 (293 m \/ s)<br>elevaci\u00f3n: 10 (195m)<br><strong>Clase de transporte:<\/strong> 10<br>clase 2 adjuntar tama\u00f1o: 2<br>clase 3 adjuntar tama\u00f1o: 4<br><strong>Veterancia:<\/strong> N \/ A<br><em>* veterano nivel 2: +23 CV<br>* veterano nivel 4: +23 CV<br>* veterano nivel 5: repara 1 hp \/ s<\/em><\/p>\n<\/div><\/div>\n\n\n\n<div class=\"wp-block-uagb-column uagb-column__wrap uagb-column__background-undefined uagb-block-b558bf7e\"><div class=\"uagb-column__overlay\"><\/div><div class=\"uagb-column__inner-wrap\"><\/div><\/div>\n<\/div><\/section>\n<\/div><\/div>\n<\/div><\/section>","protected":false},"excerpt":{"rendered":"<p>HUMMINGBIRD &#8211; AIR SCOUT The Air Scout is extremely inexpensive, and it&#8217;s this virtue that makes it useful. While an interceptor will often get farther into an enemy base, a single air scout in your build queue will let you stockpile a set of scouts that can crisscross the map looking for a lightly defended [&hellip;]<\/p>","protected":false},"author":1,"featured_media":0,"parent":231,"menu_order":0,"comment_status":"open","ping_status":"closed","template":"","meta":{"_uag_custom_page_level_css":"","site-sidebar-layout":"default","site-content-layout":"default","ast-site-content-layout":"","site-content-style":"default","site-sidebar-style":"default","ast-global-header-display":"","ast-banner-title-visibility":"","ast-main-header-display":"","ast-hfb-above-header-display":"","ast-hfb-below-header-display":"","ast-hfb-mobile-header-display":"","site-post-title":"","ast-breadcrumbs-content":"","ast-featured-img":"","footer-sml-layout":"","theme-transparent-header-meta":"default","adv-header-id-meta":"","stick-header-meta":"","header-above-stick-meta":"","header-main-stick-meta":"","header-below-stick-meta":"","astra-migrate-meta-layouts":"default","ast-page-background-enabled":"default","ast-page-background-meta":{"desktop":{"background-color":"","background-image":"","background-repeat":"repeat","background-position":"center center","background-size":"auto","background-attachment":"scroll","background-type":"","background-media":"","overlay-type":"","overlay-color":"","overlay-gradient":""},"tablet":{"background-color":"","background-image":"","background-repeat":"repeat","background-position":"center center","background-size":"auto","background-attachment":"scroll","background-type":"","background-media":"","overlay-type":"","overlay-color":"","overlay-gradient":""},"mobile":{"background-color":"","background-image":"","background-repeat":"repeat","background-position":"center center","background-size":"auto","background-attachment":"scroll","background-type":"","background-media":"","overlay-type":"","overlay-color":"","overlay-gradient":""}},"ast-content-background-meta":{"desktop":{"background-color":"var(--ast-global-color-5)","background-image":"","background-repeat":"repeat","background-position":"center center","background-size":"auto","background-attachment":"scroll","background-type":"","background-media":"","overlay-type":"","overlay-color":"","overlay-gradient":""},"tablet":{"background-color":"var(--ast-global-color-5)","background-image":"","background-repeat":"repeat","background-position":"center center","background-size":"auto","background-attachment":"scroll","background-type":"","background-media":"","overlay-type":"","overlay-color":"","overlay-gradient":""},"mobile":{"background-color":"var(--ast-global-color-5)","background-image":"","background-repeat":"repeat","background-position":"center center","background-size":"auto","background-attachment":"scroll","background-type":"","background-media":"","overlay-type":"","overlay-color":"","overlay-gradient":""}},"footnotes":""},"uagb_featured_image_src":{"full":false,"thumbnail":false,"medium":false,"medium_large":false,"large":false,"1536x1536":false,"2048x2048":false,"trp-custom-language-flag":false},"uagb_author_info":{"display_name":"SOE","author_link":"https:\/\/supcom.standardof.net\/es\/author\/k-tastic\/"},"uagb_comment_info":0,"uagb_excerpt":"HUMMINGBIRD &#8211; AIR SCOUT The Air Scout is extremely inexpensive, and it&#8217;s this virtue that makes it useful. While an interceptor will often get farther into an enemy base, a single air scout in your build queue will let you stockpile a set of scouts that can crisscross the map looking for a lightly defended&hellip;","_links":{"self":[{"href":"https:\/\/supcom.standardof.net\/es\/wp-json\/wp\/v2\/pages\/349"}],"collection":[{"href":"https:\/\/supcom.standardof.net\/es\/wp-json\/wp\/v2\/pages"}],"about":[{"href":"https:\/\/supcom.standardof.net\/es\/wp-json\/wp\/v2\/types\/page"}],"author":[{"embeddable":true,"href":"https:\/\/supcom.standardof.net\/es\/wp-json\/wp\/v2\/users\/1"}],"replies":[{"embeddable":true,"href":"https:\/\/supcom.standardof.net\/es\/wp-json\/wp\/v2\/comments?post=349"}],"version-history":[{"count":0,"href":"https:\/\/supcom.standardof.net\/es\/wp-json\/wp\/v2\/pages\/349\/revisions"}],"up":[{"embeddable":true,"href":"https:\/\/supcom.standardof.net\/es\/wp-json\/wp\/v2\/pages\/231"}],"wp:attachment":[{"href":"https:\/\/supcom.standardof.net\/es\/wp-json\/wp\/v2\/media?parent=349"}],"curies":[{"name":"wp","href":"https:\/\/api.w.org\/{rel}","templated":true}]}}