{"id":361,"date":"2020-11-01T13:18:52","date_gmt":"2020-11-01T18:18:52","guid":{"rendered":"https:\/\/supcom.standardof.net\/?page_id=361"},"modified":"2020-11-03T23:06:38","modified_gmt":"2020-11-04T04:06:38","slug":"tech-2-uef-air-units","status":"publish","type":"page","link":"https:\/\/supcom.standardof.net\/es\/supreme-commander\/uef\/unidades-tech-2-uef-air\/","title":{"rendered":"Tech 2 - Unidades a\u00e9reas UEF"},"content":{"rendered":"<div class=\"wp-block-uagb-table-of-contents uagb-toc__align-left uagb-toc__columns-1  uagb-block-6abf06a5\"\n\t\t\t\t\tdata-scroll= \"1\"\n\t\t\t\t\tdata-offset= \"30\"\n\t\t\t\t\tstyle=\"\"\n\t\t\t\t>\n\t\t\t\t<div class=\"uagb-toc__wrap\">\n\t\t\t\t\t\t<div class=\"uagb-toc__title\">\n\t\t\t\t\t\t\tUnidades a\u00e9reas UEF Tech 2:\t\t\t\t\t\t<\/div>\n\t\t\t\t\t\t\t\t\t\t\t\t\t\t\t\t<div class=\"uagb-toc__list-wrap\">\n\t\t\t\t\t\t<ol class=\"uagb-toc__list\"><li class=\"uagb-toc__list\"><a href=\"#janus-bomber\" class=\"uagb-toc-link__trigger\">JANUS - BOMBER<\/a><li class=\"uagb-toc__list\"><a href=\"#stork-torpedo-bomber\" class=\"uagb-toc-link__trigger\">CIG\u00dcE\u00d1A - BOMBARDERO TORPEDO<\/a><li class=\"uagb-toc__list\"><a href=\"#stinger-gunship\" class=\"uagb-toc-link__trigger\">STINGER - GUNSHIP<\/a><li class=\"uagb-toc__list\"><a href=\"#c14-star-lifter-air-transport\" class=\"uagb-toc-link__trigger\">ELEVADOR ESTRELLA C14 - TRANSPORTE A\u00c9REO<\/a><\/ol>\t\t\t\t\t<\/div>\n\t\t\t\t\t\t\t\t\t<\/div>\n\t\t\t\t<\/div>\n\t\t\t\n\n\n<section class=\"wp-block-uagb-columns uagb-columns__wrap uagb-columns__background-undefined uagb-columns__stack-mobile uagb-columns__valign-undefined uagb-columns__gap-10 alignundefined uagb-block-d240b4ac\"><div class=\"uagb-columns__overlay\"><\/div><div class=\"uagb-columns__inner-wrap uagb-columns__columns-1\">\n<div class=\"wp-block-uagb-column uagb-column__wrap uagb-column__background-undefined uagb-block-abd247f3\"><div class=\"uagb-column__overlay\"><\/div><div class=\"uagb-column__inner-wrap\">\n<h2 class=\"wp-block-heading\"><strong>JANUS<\/strong> - BOMBER<\/h2>\n\n\n\n<p><a href=\"https:\/\/www.standardof.net\/wp-content\/uploads\/2011\/10\/SupremeCommander-2011-10-15-14-16-50-12.png\" class=\"rank-math-link\" target=\"_blank\" rel=\"noopener\"><\/a>El Janus llena un nicho muy peque\u00f1o: usar tu superioridad a\u00e9rea para matar unidades terrestres cuando a\u00fan no necesitas bombarderos estrat\u00e9gicos T3. Son m\u00e1s poderosos que las ca\u00f1oneras, pero su amplio arco despu\u00e9s de disparar su napalm significa que ser\u00e1n masticados por la defensa a\u00e9rea al igual que los bombarderos T1. Si tu oponente no puede mantener sus interceptores en el aire, construye algunos de estos hasta que construya m\u00e1s cazas.<br><em>* Esta unidad se agreg\u00f3 en un parche *<\/em><\/p>\n\n\n\n<div class=\"wp-block-image\"><figure class=\"aligncenter size-large\"><a href=\"https:\/\/supcom.standardof.net\/es\/supreme-commander\/uef\/unidades-tech-2-uef-air\/janus-bomber-supreme-commander-uef-air-units-t2\/\"><img decoding=\"async\" width=\"492\" height=\"447\" src=\"https:\/\/supcom.standardof.net\/wp-content\/uploads\/sites\/8\/2020\/11\/JANUS-BOMBER-Supreme-Commander-UEF-Air-Units-T2.jpg\" alt=\"El Janus Bomber, unidad a\u00e9rea UEF Tech 2 en Supreme Commander.\" class=\"wp-image-365\" srcset=\"https:\/\/supcom.standardof.net\/wp-content\/uploads\/sites\/8\/2020\/11\/JANUS-BOMBER-Supreme-Commander-UEF-Air-Units-T2.jpg 492w, https:\/\/supcom.standardof.net\/wp-content\/uploads\/sites\/8\/2020\/11\/JANUS-BOMBER-Supreme-Commander-UEF-Air-Units-T2-200x182.jpg 200w, https:\/\/supcom.standardof.net\/wp-content\/uploads\/sites\/8\/2020\/11\/JANUS-BOMBER-Supreme-Commander-UEF-Air-Units-T2-13x12.jpg 13w\" sizes=\"(max-width: 492px) 100vw, 492px\" \/><\/a><figcaption>JANUS - BOMBER<\/figcaption><\/figure><\/div>\n\n\n\n<section class=\"wp-block-uagb-columns uagb-columns__wrap uagb-columns__background-undefined uagb-columns__stack-mobile uagb-columns__valign-undefined uagb-columns__gap-10 alignundefined uagb-block-d06f575f\"><div class=\"uagb-columns__overlay\"><\/div><div class=\"uagb-columns__inner-wrap uagb-columns__columns-2\">\n<div class=\"wp-block-uagb-column uagb-column__wrap uagb-column__background-undefined uagb-block-374152b0\"><div class=\"uagb-column__overlay\"><\/div><div class=\"uagb-column__inner-wrap\">\n<h3 class=\"wp-block-heading\">Estad\u00edsticas de Janus<\/h3>\n\n\n\n<p><strong>Armadura:<\/strong> 75 CV (ligero)<br><strong>Costo:<\/strong> M432, E8640, T1440<br><strong>Intel:<\/strong> vista: 32 (625m)<br><strong>F\u00edsica<\/strong><br>velocidad m\u00e1xima: 12 (234 m \/ s)<br>elevaci\u00f3n: 18 (352m)<br>distancia de acoplamiento: 50 (977 m)<br>velocidad de giro: 0,6<br><strong>Clase de transporte:<\/strong> 3<br><strong>Veterancia:<\/strong> 5, 10, 25, 50, 100 muertes<br><em>* veterano nivel 2: +19 CV<br>* veterano nivel 4: +19 CV<br>* veterano nivel 5: repara 1 hp \/ s<\/em><\/p>\n<\/div><\/div>\n\n\n\n<div class=\"wp-block-uagb-column uagb-column__wrap uagb-column__background-undefined uagb-block-285df0be\"><div class=\"uagb-column__overlay\"><\/div><div class=\"uagb-column__inner-wrap\">\n<h3 class=\"wp-block-heading\">Armas Janus<\/h3>\n\n\n\n<p><strong>Bomba de alfombra de napalm<\/strong><br><em>(Normal)<\/em><br>480,00 dps,<br><strong>zona:<\/strong> 2,5 (48,8 m)<br><strong>rango:<\/strong> 40 (781m)<br><strong>arma de proyectil:<\/strong> 15 \u00d7 8 de da\u00f1o durante 1 s x 8 proyectiles = 960 de da\u00f1o<br><strong>cadencia de fuego:<\/strong> 0,5 (cada 2 s)<br><em>* veterano nivel 1: +30 de da\u00f1o<br>* veterano nivel 3: +30 de da\u00f1o<\/em><\/p>\n\n\n\n<p><strong>Accidente a\u00e9reo<br><\/strong><em>(Muerte)<\/em><br>200 da\u00f1os<br><strong>zona:<\/strong> 1 (19,5 m)<\/p>\n<\/div><\/div>\n<\/div><\/section>\n<\/div><\/div>\n<\/div><\/section>\n\n\n\n<section class=\"wp-block-uagb-columns uagb-columns__wrap uagb-columns__background-undefined uagb-columns__stack-mobile uagb-columns__valign-undefined uagb-columns__gap-10 alignundefined uagb-block-e495a760\"><div class=\"uagb-columns__overlay\"><\/div><div class=\"uagb-columns__inner-wrap uagb-columns__columns-1\">\n<div class=\"wp-block-uagb-column uagb-column__wrap uagb-column__background-undefined uagb-block-bb0800dc\"><div class=\"uagb-column__overlay\"><\/div><div class=\"uagb-column__inner-wrap\">\n<h2 class=\"wp-block-heading\"><strong>CIG\u00dcE\u00d1A <\/strong>- BOMBARDERO TORPEDO<\/h2>\n\n\n\n<p><a href=\"https:\/\/www.standardof.net\/wp-content\/uploads\/2011\/10\/SupremeCommander-2011-10-15-14-16-04-48.png\" class=\"rank-math-link\" target=\"_blank\" rel=\"noopener\"><\/a>Los bombarderos torpederos son casi in\u00fatiles. Cuestan mucha masa para una unidad que va en una misi\u00f3n suicida de todos modos (ya que la mayor\u00eda de los barcos tienen defensas a\u00e9reas decentes), su torpedo puede ser derribado por barcos enemigos y su trayectoria de vuelo similar a un bombardero hace que sea m\u00e1s probable que se desv\u00eden hacia la base enemiga que una ca\u00f1onera. Si no puede establecerse en el oc\u00e9ano y necesita limpiar los paquetes de caza secundaria, construya una docena de estos; de lo contrario, ap\u00e9gate a los ca\u00f1oneros.<\/p>\n\n\n\n<div class=\"wp-block-image\"><figure class=\"aligncenter size-large\"><a href=\"https:\/\/supcom.standardof.net\/es\/supreme-commander\/uef\/unidades-tech-2-uef-air\/stork-torpedo-bomber-supreme-commander-uef-air-units-t2\/\"><img decoding=\"async\" width=\"519\" height=\"285\" src=\"https:\/\/supcom.standardof.net\/wp-content\/uploads\/sites\/8\/2020\/11\/STORK-TORPEDO-BOMBER-Supreme-Commander-UEF-Air-Units-T2.jpg\" alt=\"El Stork Torpedo Bomber, unidad a\u00e9rea UEF Tech 2 en Supreme Commander.\" class=\"wp-image-363\" srcset=\"https:\/\/supcom.standardof.net\/wp-content\/uploads\/sites\/8\/2020\/11\/STORK-TORPEDO-BOMBER-Supreme-Commander-UEF-Air-Units-T2.jpg 519w, https:\/\/supcom.standardof.net\/wp-content\/uploads\/sites\/8\/2020\/11\/STORK-TORPEDO-BOMBER-Supreme-Commander-UEF-Air-Units-T2-512x281.jpg 512w, https:\/\/supcom.standardof.net\/wp-content\/uploads\/sites\/8\/2020\/11\/STORK-TORPEDO-BOMBER-Supreme-Commander-UEF-Air-Units-T2-200x110.jpg 200w, https:\/\/supcom.standardof.net\/wp-content\/uploads\/sites\/8\/2020\/11\/STORK-TORPEDO-BOMBER-Supreme-Commander-UEF-Air-Units-T2-16x9.jpg 16w\" sizes=\"(max-width: 519px) 100vw, 519px\" \/><\/a><figcaption>CIG\u00dcE\u00d1A - BOMBARDERO TORPEDO<\/figcaption><\/figure><\/div>\n\n\n\n<section class=\"wp-block-uagb-columns uagb-columns__wrap uagb-columns__background-undefined uagb-columns__stack-mobile uagb-columns__valign-undefined uagb-columns__gap-10 alignundefined uagb-block-f799f4cf\"><div class=\"uagb-columns__overlay\"><\/div><div class=\"uagb-columns__inner-wrap uagb-columns__columns-2\">\n<div class=\"wp-block-uagb-column uagb-column__wrap uagb-column__background-undefined uagb-block-b7e3d7a8\"><div class=\"uagb-column__overlay\"><\/div><div class=\"uagb-column__inner-wrap\">\n<h3 class=\"wp-block-heading\">Estad\u00edsticas de cig\u00fce\u00f1a<\/h3>\n\n\n\n<p><strong>Armadura:<\/strong> 130 CV (ligero)<br><strong>Habilidades:<\/strong> Sonar<br><strong>Costo:<\/strong> M600, E6300, T1000<br><strong>Intel:<\/strong> vista: 32 (625m)<br>sonar: 40 (781 m)<br><strong>F\u00edsica<\/strong><br>velocidad m\u00e1xima: 15 (293 m \/ s)<br>elevaci\u00f3n: 18 (352m)<br>distancia de acoplamiento: 75 (1,46 km)<br><strong>Clase de transporte:<\/strong> 2<br><strong>Veterancia:<\/strong> 15, 30, 75, 150, 300 muertes<br><em>* veterano nivel 2: +33 CV<br>* veterano nivel 4: +33 CV<br>* veterano nivel 5: repara 1 hp \/ s<\/em><\/p>\n<\/div><\/div>\n\n\n\n<div class=\"wp-block-uagb-column uagb-column__wrap uagb-column__background-undefined uagb-block-1b2144b2\"><div class=\"uagb-column__overlay\"><\/div><div class=\"uagb-column__inner-wrap\">\n<h3 class=\"wp-block-heading\">Armas de cig\u00fce\u00f1a<\/h3>\n\n\n\n<p><strong>Torpedo pescador<\/strong><br><em>(Anti Marina)<\/em><br>130,00 dps<br><strong>rango:<\/strong> 4 (78,1 m) - 19 (371 m)<br><strong>arma de proyectil:<\/strong> 650 da\u00f1os<br><strong>cadencia de fuego:<\/strong> 0,2 (cada 5 s),<br><strong>disparo aleatorio:<\/strong> 3<br><em>* veterano nivel 1: +163 de da\u00f1o<br>* veterano nivel 3: +163 de da\u00f1o<\/em><\/p>\n\n\n\n<p><strong>Accidente a\u00e9reo<\/strong><br><em>(Muerte)<br><\/em>&nbsp;&nbsp;&nbsp;&nbsp;&nbsp; 150 da\u00f1os<br><strong>zona:<\/strong> 1 (19,5 m)<\/p>\n<\/div><\/div>\n<\/div><\/section>\n<\/div><\/div>\n<\/div><\/section>\n\n\n\n<section class=\"wp-block-uagb-columns uagb-columns__wrap uagb-columns__background-undefined uagb-columns__stack-mobile uagb-columns__valign-undefined uagb-columns__gap-10 alignundefined uagb-block-43f283a2\"><div class=\"uagb-columns__overlay\"><\/div><div class=\"uagb-columns__inner-wrap uagb-columns__columns-1\">\n<div class=\"wp-block-uagb-column uagb-column__wrap uagb-column__background-undefined uagb-block-d65d52a0\"><div class=\"uagb-column__overlay\"><\/div><div class=\"uagb-column__inner-wrap\">\n<h2 class=\"wp-block-heading\"><strong>AGUIJ\u00d3N <\/strong>- ARMA<\/h2>\n\n\n\n<p><a href=\"https:\/\/www.standardof.net\/wp-content\/uploads\/2011\/10\/SupremeCommander-2011-10-15-14-16-26-92.png\" class=\"rank-math-link\" target=\"_blank\" rel=\"noopener\"><\/a>Las ca\u00f1oneras UEF tienen problemas para disparar a otras unidades a\u00e9reas de &quot;vuelo bajo&quot; como las ca\u00f1oneras, pero a cambio se pueden usar en lugar de transportes a\u00e9reos si solo necesitas recoger a algunos tipos y dejarlos al otro lado de un r\u00edo, o si lo necesitas m\u00e1s transportes y no tienes tiempo para construirlos. Y esto ni siquiera menciona el hecho de que son aterradores contra oponentes desprevenidos, capaces de atravesar las defensas a\u00e9reas T1 y matar al ACU que est\u00e1 adentro. Son la raz\u00f3n n\u00famero uno para construir interceptores, para que tus ca\u00f1oneras puedan deambular, obligando al oponente a luchar por cada parche masivo.<\/p>\n\n\n\n<div class=\"wp-block-image\"><figure class=\"aligncenter size-large\"><a href=\"https:\/\/supcom.standardof.net\/es\/supreme-commander\/uef\/unidades-tech-2-uef-air\/stinger-gunship-supreme-commander-uef-air-units-t2\/\"><img decoding=\"async\" width=\"435\" height=\"357\" src=\"https:\/\/supcom.standardof.net\/wp-content\/uploads\/sites\/8\/2020\/11\/STINGER-GUNSHIP-Supreme-Commander-UEF-Air-Units-T2.jpg\" alt=\"El Stinger Gunship, unidad a\u00e9rea UEF Tech 2 en Supreme Commander.\" class=\"wp-image-366\" srcset=\"https:\/\/supcom.standardof.net\/wp-content\/uploads\/sites\/8\/2020\/11\/STINGER-GUNSHIP-Supreme-Commander-UEF-Air-Units-T2.jpg 435w, https:\/\/supcom.standardof.net\/wp-content\/uploads\/sites\/8\/2020\/11\/STINGER-GUNSHIP-Supreme-Commander-UEF-Air-Units-T2-200x164.jpg 200w, https:\/\/supcom.standardof.net\/wp-content\/uploads\/sites\/8\/2020\/11\/STINGER-GUNSHIP-Supreme-Commander-UEF-Air-Units-T2-16x12.jpg 16w\" sizes=\"(max-width: 435px) 100vw, 435px\" \/><\/a><figcaption>STINGER - GUNSHIP<\/figcaption><\/figure><\/div>\n\n\n\n<section class=\"wp-block-uagb-columns uagb-columns__wrap uagb-columns__background-undefined uagb-columns__stack-mobile uagb-columns__valign-undefined uagb-columns__gap-10 alignundefined uagb-block-bea3076c\"><div class=\"uagb-columns__overlay\"><\/div><div class=\"uagb-columns__inner-wrap uagb-columns__columns-2\">\n<div class=\"wp-block-uagb-column uagb-column__wrap uagb-column__background-undefined uagb-block-f3303a61\"><div class=\"uagb-column__overlay\"><\/div><div class=\"uagb-column__inner-wrap\">\n<h3 class=\"wp-block-heading\">Estad\u00edsticas de Stinger<\/h3>\n\n\n\n<p><strong>Armadura:<\/strong> 120 CV (ligero)<br><strong>Habilidades:<\/strong> Gancho de transporte (lleva una unidad terrestre T1 o T2)<br><strong>Costo:<\/strong> M432, E8640, T1440<br><strong>Intel:<\/strong> vista: 32 (625m)<br><strong>F\u00edsica<\/strong><br>velocidad m\u00e1xima: 12 (234 m \/ s)<br>elevaci\u00f3n: 10 (195m)<br><strong>Clase de transporte:<\/strong> 2<br><strong>Veterancia:<\/strong> 15, 30, 75, 150, 300 muertes<br><em>* veterano nivel 2: +30 CV,<br>* veterano nivel 4: +30 CV,<br>* veterano nivel 5: repara 1 hp \/ s<\/em><\/p>\n<\/div><\/div>\n\n\n\n<div class=\"wp-block-uagb-column uagb-column__wrap uagb-column__background-undefined uagb-block-dd17fee9\"><div class=\"uagb-column__overlay\"><\/div><div class=\"uagb-column__inner-wrap\">\n<h3 class=\"wp-block-heading\">Armas Stinger<\/h3>\n\n\n\n<p><strong>Hells Fury Riot Gun<br><\/strong><em>(Fuego directo)<br><\/em>&nbsp;&nbsp;&nbsp;&nbsp; 72,00 dps<br><strong>rango:<\/strong> 22 (430 m)<br><strong>arma de proyectil:<\/strong> 24 da\u00f1os<br><strong>cadencia de fuego:<\/strong> 3 (cada 0,33 s)<br><em>* veterano nivel 1: +6 de da\u00f1o<br>* veterano nivel 3: +6 de da\u00f1o<br><\/em><br><strong>Accidente a\u00e9reo<\/strong><br><em>(Muerte)<\/em><br>100 da\u00f1os<br><strong>zona:<\/strong> 1 (19,5 m)<\/p>\n<\/div><\/div>\n<\/div><\/section>\n<\/div><\/div>\n<\/div><\/section>\n\n\n\n<section class=\"wp-block-uagb-columns uagb-columns__wrap uagb-columns__background-undefined uagb-columns__stack-mobile uagb-columns__valign-undefined uagb-columns__gap-10 alignundefined uagb-block-b0e6c92f\"><div class=\"uagb-columns__overlay\"><\/div><div class=\"uagb-columns__inner-wrap uagb-columns__columns-1\">\n<div class=\"wp-block-uagb-column uagb-column__wrap uagb-column__background-undefined uagb-block-f309ff6f\"><div class=\"uagb-column__overlay\"><\/div><div class=\"uagb-column__inner-wrap\">\n<h2 class=\"wp-block-heading\"><strong>ELEVADOR DE ESTRELLAS C14<\/strong> - TRANSPORTE A\u00c9REO<\/h2>\n\n\n\n<p><a href=\"https:\/\/www.standardof.net\/wp-content\/uploads\/2011\/10\/SupremeCommander-2011-10-15-14-17-18-27.png\" class=\"rank-math-link\" target=\"_blank\" rel=\"noopener\"><\/a>Si bien es bueno que el transporte a\u00e9reo pueda defenderse por s\u00ed mismo, su principal m\u00e9todo de defensa es su blindaje &quot;pesado&quot;, que le permite tomar un par de disparos desde las defensas a\u00e9reas y a\u00fan as\u00ed dejar caer su carga. Llevan el doble de unidades que un transporte T1: 12 tipos T1, 6 tipos T2, 3 tipos T3 o una ACU \/ SCU. Si su Comandante est\u00e1 siendo transportado, no morir\u00e1 con el transporte a\u00e9reo.<\/p>\n\n\n\n<div class=\"wp-block-image\"><figure class=\"aligncenter size-large\"><a href=\"https:\/\/supcom.standardof.net\/es\/supreme-commander\/uef\/unidades-tech-2-uef-air\/c14-star-lifter-air-transport-supreme-commander-uef-air-units-t2\/\"><img decoding=\"async\" width=\"630\" height=\"435\" src=\"https:\/\/supcom.standardof.net\/wp-content\/uploads\/sites\/8\/2020\/11\/C14-STAR-LIFTER-AIR-TRANSPORT-Supreme-Commander-UEF-Air-Units-T2.jpg\" alt=\"El transporte a\u00e9reo C14 Star Lifter, unidad a\u00e9rea UEF Tech 2 en Supreme Commander.\" class=\"wp-image-364\" srcset=\"https:\/\/supcom.standardof.net\/wp-content\/uploads\/sites\/8\/2020\/11\/C14-STAR-LIFTER-AIR-TRANSPORT-Supreme-Commander-UEF-Air-Units-T2.jpg 630w, https:\/\/supcom.standardof.net\/wp-content\/uploads\/sites\/8\/2020\/11\/C14-STAR-LIFTER-AIR-TRANSPORT-Supreme-Commander-UEF-Air-Units-T2-512x354.jpg 512w, https:\/\/supcom.standardof.net\/wp-content\/uploads\/sites\/8\/2020\/11\/C14-STAR-LIFTER-AIR-TRANSPORT-Supreme-Commander-UEF-Air-Units-T2-200x138.jpg 200w, https:\/\/supcom.standardof.net\/wp-content\/uploads\/sites\/8\/2020\/11\/C14-STAR-LIFTER-AIR-TRANSPORT-Supreme-Commander-UEF-Air-Units-T2-16x12.jpg 16w\" sizes=\"(max-width: 630px) 100vw, 630px\" \/><\/a><figcaption>ELEVADOR ESTRELLA C14 - TRANSPORTE A\u00c9REO<\/figcaption><\/figure><\/div>\n\n\n\n<section class=\"wp-block-uagb-columns uagb-columns__wrap uagb-columns__background-undefined uagb-columns__stack-mobile uagb-columns__valign-undefined uagb-columns__gap-10 alignundefined uagb-block-be21d7df\"><div class=\"uagb-columns__overlay\"><\/div><div class=\"uagb-columns__inner-wrap uagb-columns__columns-2\">\n<div class=\"wp-block-uagb-column uagb-column__wrap uagb-column__background-undefined uagb-block-195f6658\"><div class=\"uagb-column__overlay\"><\/div><div class=\"uagb-column__inner-wrap\">\n<h3 class=\"wp-block-heading\">Estad\u00edsticas de C14 Star Lifter<\/h3>\n\n\n\n<p><strong>Armadura:<\/strong> 210 CV (ligero)<br><strong>Habilidades:<\/strong> Transporte T2: transporta ACU, unidades terrestres T1-T3<br><strong>Costo:<\/strong> M320, E12800, T1600<br><strong>Intel:<\/strong> vista: 32 (625m)<br><strong>F\u00edsica<\/strong><br>velocidad m\u00e1xima: 18 (352 m \/ s)<br>elevaci\u00f3n: 10 (195m)<br><strong>Clase de transporte:<\/strong> 10<br>clase 2 adjuntar tama\u00f1o: 2<br>clase 3 adjuntar tama\u00f1o: 4<br><strong>Veterancia:<\/strong> 15, 30, 75, 150, 300 muertes<br><em>* veterano nivel 2: +53 CV<br>* veterano nivel 4: +53 CV<br>* veterano nivel 5: repara 1 hp \/ s<\/em><\/p>\n<\/div><\/div>\n\n\n\n<div class=\"wp-block-uagb-column uagb-column__wrap uagb-column__background-undefined uagb-block-eb025a83\"><div class=\"uagb-column__overlay\"><\/div><div class=\"uagb-column__inner-wrap\">\n<h3 class=\"wp-block-heading\">Armas C14 Star Lifter<\/h3>\n\n\n\n<p>2x <strong>Hells Fury Riot Gun<\/strong><br><em>(Fuego directo)<\/em><br>6,00 dps<br><strong>rango:<\/strong> 22 (430 m)<br><strong>arma de proyectil:<\/strong> 2 da\u00f1os<br><strong>cadencia de fuego:<\/strong> 3 (cada 0,33 s)<br><em>* veterano nivel 1: +1 da\u00f1o<br>* veterano nivel 3: +1 da\u00f1o<\/em><\/p>\n\n\n\n<p>2x <strong>Railgun vinculado<\/strong><br><em>(Anti aire)<\/em><br>16,00 dps<br><strong>rango:<\/strong> 20 (391m)<br><strong>arma de proyectil:<\/strong> 8 da\u00f1os x 2 proyectiles = 16 da\u00f1os por salva<br><strong>cadencia de fuego:<\/strong> 1 (cada 1s)<br><em>* veterano nivel 1: +2 de da\u00f1o<br>* veterano nivel 3: +2 de da\u00f1o<br><\/em><br><strong>Accidente a\u00e9reo<\/strong><br><em>(Muerte)<\/em><br>25 da\u00f1os<br><strong>zona:<\/strong> 1 (19,5 m)<\/p>\n<\/div><\/div>\n<\/div><\/section>\n<\/div><\/div>\n<\/div><\/section>\n\n\n\n<p><\/p>","protected":false},"excerpt":{"rendered":"<p>JANUS \u2013 BOMBER The Janus fills a very small niche: using your air superiority to kill ground units when you don&#8217;t yet need T3 strategic bombers. They&#8217;re more powerful than gunships, but their wide arc after firing their napalm means that they&#8217;ll get chewed up by air defense just like T1 bombers. If your opponent [&hellip;]<\/p>","protected":false},"author":1,"featured_media":0,"parent":231,"menu_order":0,"comment_status":"open","ping_status":"closed","template":"","meta":{"_uag_custom_page_level_css":"","site-sidebar-layout":"default","site-content-layout":"default","ast-site-content-layout":"","site-content-style":"default","site-sidebar-style":"default","ast-global-header-display":"","ast-banner-title-visibility":"","ast-main-header-display":"","ast-hfb-above-header-display":"","ast-hfb-below-header-display":"","ast-hfb-mobile-header-display":"","site-post-title":"","ast-breadcrumbs-content":"","ast-featured-img":"","footer-sml-layout":"","theme-transparent-header-meta":"default","adv-header-id-meta":"","stick-header-meta":"","header-above-stick-meta":"","header-main-stick-meta":"","header-below-stick-meta":"","astra-migrate-meta-layouts":"default","ast-page-background-enabled":"default","ast-page-background-meta":{"desktop":{"background-color":"","background-image":"","background-repeat":"repeat","background-position":"center center","background-size":"auto","background-attachment":"scroll","background-type":"","background-media":"","overlay-type":"","overlay-color":"","overlay-gradient":""},"tablet":{"background-color":"","background-image":"","background-repeat":"repeat","background-position":"center center","background-size":"auto","background-attachment":"scroll","background-type":"","background-media":"","overlay-type":"","overlay-color":"","overlay-gradient":""},"mobile":{"background-color":"","background-image":"","background-repeat":"repeat","background-position":"center center","background-size":"auto","background-attachment":"scroll","background-type":"","background-media":"","overlay-type":"","overlay-color":"","overlay-gradient":""}},"ast-content-background-meta":{"desktop":{"background-color":"var(--ast-global-color-5)","background-image":"","background-repeat":"repeat","background-position":"center center","background-size":"auto","background-attachment":"scroll","background-type":"","background-media":"","overlay-type":"","overlay-color":"","overlay-gradient":""},"tablet":{"background-color":"var(--ast-global-color-5)","background-image":"","background-repeat":"repeat","background-position":"center center","background-size":"auto","background-attachment":"scroll","background-type":"","background-media":"","overlay-type":"","overlay-color":"","overlay-gradient":""},"mobile":{"background-color":"var(--ast-global-color-5)","background-image":"","background-repeat":"repeat","background-position":"center center","background-size":"auto","background-attachment":"scroll","background-type":"","background-media":"","overlay-type":"","overlay-color":"","overlay-gradient":""}},"footnotes":""},"uagb_featured_image_src":{"full":false,"thumbnail":false,"medium":false,"medium_large":false,"large":false,"1536x1536":false,"2048x2048":false,"trp-custom-language-flag":false},"uagb_author_info":{"display_name":"SOE","author_link":"https:\/\/supcom.standardof.net\/es\/author\/k-tastic\/"},"uagb_comment_info":0,"uagb_excerpt":"JANUS \u2013 BOMBER The Janus fills a very small niche: using your air superiority to kill ground units when you don&#8217;t yet need T3 strategic bombers. They&#8217;re more powerful than gunships, but their wide arc after firing their napalm means that they&#8217;ll get chewed up by air defense just like T1 bombers. If your opponent&hellip;","_links":{"self":[{"href":"https:\/\/supcom.standardof.net\/es\/wp-json\/wp\/v2\/pages\/361"}],"collection":[{"href":"https:\/\/supcom.standardof.net\/es\/wp-json\/wp\/v2\/pages"}],"about":[{"href":"https:\/\/supcom.standardof.net\/es\/wp-json\/wp\/v2\/types\/page"}],"author":[{"embeddable":true,"href":"https:\/\/supcom.standardof.net\/es\/wp-json\/wp\/v2\/users\/1"}],"replies":[{"embeddable":true,"href":"https:\/\/supcom.standardof.net\/es\/wp-json\/wp\/v2\/comments?post=361"}],"version-history":[{"count":0,"href":"https:\/\/supcom.standardof.net\/es\/wp-json\/wp\/v2\/pages\/361\/revisions"}],"up":[{"embeddable":true,"href":"https:\/\/supcom.standardof.net\/es\/wp-json\/wp\/v2\/pages\/231"}],"wp:attachment":[{"href":"https:\/\/supcom.standardof.net\/es\/wp-json\/wp\/v2\/media?parent=361"}],"curies":[{"name":"wp","href":"https:\/\/api.w.org\/{rel}","templated":true}]}}