{"id":369,"date":"2020-11-01T13:42:58","date_gmt":"2020-11-01T18:42:58","guid":{"rendered":"https:\/\/supcom.standardof.net\/?page_id=369"},"modified":"2020-11-03T23:06:44","modified_gmt":"2020-11-04T04:06:44","slug":"tech-3-uef-air-units","status":"publish","type":"page","link":"https:\/\/supcom.standardof.net\/es\/supreme-commander\/uef\/unidades-tech-3-uef-air\/","title":{"rendered":"Tech 3 - Unidades a\u00e9reas UEF"},"content":{"rendered":"<div class=\"wp-block-uagb-table-of-contents uagb-toc__align-left uagb-toc__columns-1  uagb-block-15adfd84\"\n\t\t\t\t\tdata-scroll= \"1\"\n\t\t\t\t\tdata-offset= \"30\"\n\t\t\t\t\tstyle=\"\"\n\t\t\t\t>\n\t\t\t\t<div class=\"uagb-toc__wrap\">\n\t\t\t\t\t\t<div class=\"uagb-toc__title\">\n\t\t\t\t\t\t\tUnidades a\u00e9reas UEF Tech 3:\t\t\t\t\t\t<\/div>\n\t\t\t\t\t\t\t\t\t\t\t\t\t\t\t\t<div class=\"uagb-toc__list-wrap\">\n\t\t\t\t\t\t<ol class=\"uagb-toc__list\"><li class=\"uagb-toc__list\"><a href=\"#sr90-blackbird-spy-plane\" class=\"uagb-toc-link__trigger\">SR90 BLACKBIRD - AVI\u00d3N ESP\u00cdA<\/a><li class=\"uagb-toc__list\"><a href=\"#wasp-air-superiority-fighter\" class=\"uagb-toc-link__trigger\">WASP - COMBATE POR LA SUPERIORIDAD DEL AIRE<\/a><li class=\"uagb-toc__list\"><a href=\"#ambassador-strategic-bomber\" class=\"uagb-toc-link__trigger\">EMBAJADOR - BOMBER ESTRAT\u00c9GICO<\/a><li class=\"uagb-toc__list\"><a href=\"#broadsword-heavy-gunship\" class=\"uagb-toc-link__trigger\">BROADSWORD - ARMA PESADA<\/a><\/ol>\t\t\t\t\t<\/div>\n\t\t\t\t\t\t\t\t\t<\/div>\n\t\t\t\t<\/div>\n\t\t\t\n\n\n<section class=\"wp-block-uagb-columns uagb-columns__wrap uagb-columns__background-undefined uagb-columns__stack-mobile uagb-columns__valign-undefined uagb-columns__gap-10 alignundefined uagb-block-000d1369\"><div class=\"uagb-columns__overlay\"><\/div><div class=\"uagb-columns__inner-wrap uagb-columns__columns-1\">\n<div class=\"wp-block-uagb-column uagb-column__wrap uagb-column__background-undefined uagb-block-9d9abfd9\"><div class=\"uagb-column__overlay\"><\/div><div class=\"uagb-column__inner-wrap\">\n<h2 class=\"wp-block-heading\"><strong>SR90 BLACKBIRD<\/strong> - ESP\u00cdA AVI\u00d3N<\/h2>\n\n\n\n<p><a href=\"https:\/\/www.standardof.net\/wp-content\/uploads\/2011\/10\/SupremeCommander-2011-10-15-15-02-28-03.png\" class=\"rank-math-link\" target=\"_blank\" rel=\"noopener\"><\/a>El avi\u00f3n esp\u00eda tarda un poco en construirse, pero sigue siendo muy econ\u00f3mico. Realmente solo necesitar\u00e1s un avi\u00f3n esp\u00eda, porque su rango de visi\u00f3n te permite ver los bordes de la base enemiga sin ser derribado. A menos que tengan defensas a\u00e9reas T3, deber\u00edas poder atravesar la base enemiga antes de que te alcancen. De patrulla, prefiero tener interceptores, pero por simplemente mantenerte al d\u00eda, un avi\u00f3n esp\u00eda es m\u00e1s rentable que enviar a tus interceptores en una misi\u00f3n mortal.<\/p>\n\n\n\n<div class=\"wp-block-image\"><figure class=\"aligncenter size-large\"><a href=\"https:\/\/supcom.standardof.net\/es\/supreme-commander\/uef\/unidades-tech-3-uef-air\/sr90-blackbird-spy-plane-supreme-commander-uef-air-units-t3\/\"><img decoding=\"async\" width=\"528\" height=\"396\" src=\"https:\/\/supcom.standardof.net\/wp-content\/uploads\/sites\/8\/2020\/11\/SR90-BLACKBIRD-SPY-PLANE-Supreme-Commander-UEF-Air-Units-T3.jpg\" alt=\"El avi\u00f3n esp\u00eda SR90 Blackbird, unidad a\u00e9rea UEF Tech 3 en Supreme Commander.\" class=\"wp-image-374\" srcset=\"https:\/\/supcom.standardof.net\/wp-content\/uploads\/sites\/8\/2020\/11\/SR90-BLACKBIRD-SPY-PLANE-Supreme-Commander-UEF-Air-Units-T3.jpg 528w, https:\/\/supcom.standardof.net\/wp-content\/uploads\/sites\/8\/2020\/11\/SR90-BLACKBIRD-SPY-PLANE-Supreme-Commander-UEF-Air-Units-T3-512x384.jpg 512w, https:\/\/supcom.standardof.net\/wp-content\/uploads\/sites\/8\/2020\/11\/SR90-BLACKBIRD-SPY-PLANE-Supreme-Commander-UEF-Air-Units-T3-200x150.jpg 200w, https:\/\/supcom.standardof.net\/wp-content\/uploads\/sites\/8\/2020\/11\/SR90-BLACKBIRD-SPY-PLANE-Supreme-Commander-UEF-Air-Units-T3-16x12.jpg 16w\" sizes=\"(max-width: 528px) 100vw, 528px\" \/><\/a><figcaption>SR90 BLACKBIRD - AVI\u00d3N ESP\u00cdA<\/figcaption><\/figure><\/div>\n\n\n\n<section class=\"wp-block-uagb-columns uagb-columns__wrap uagb-columns__background-undefined uagb-columns__stack-mobile uagb-columns__valign-undefined uagb-columns__gap-10 alignundefined uagb-block-644edc08\"><div class=\"uagb-columns__overlay\"><\/div><div class=\"uagb-columns__inner-wrap uagb-columns__columns-2\">\n<div class=\"wp-block-uagb-column uagb-column__wrap uagb-column__background-undefined uagb-block-31c36f02\"><div class=\"uagb-column__overlay\"><\/div><div class=\"uagb-column__inner-wrap\">\n<h3 class=\"wp-block-heading\">SR90 Blackbird Estad\u00edsticas<\/h3>\n\n\n\n<p><strong>Armadura:<\/strong> 30 CV (ligero)<br><strong>Habilidades:<\/strong> Radar<br><strong>Costo:<\/strong> M56, E2240, T420<br><strong>Intel:<\/strong> vista: 96 (1.88km)<br>radar: 96 (1,88 km)<br>omnidireccional: 30 (586m)<br><strong>F\u00edsica<\/strong><br>velocidad m\u00e1xima: 21 (410 m \/ s)<br>elevaci\u00f3n: 25 (488m)<br><strong>Clase de transporte:<\/strong> 3<br><em>* veterano nivel 2: +8 hp<br>* veterano nivel 4: +8 hp<br>* veterano nivel 5: repara 1 hp \/ s<\/em><\/p>\n<\/div><\/div>\n\n\n\n<div class=\"wp-block-uagb-column uagb-column__wrap uagb-column__background-undefined uagb-block-d5c752a2\"><div class=\"uagb-column__overlay\"><\/div><div class=\"uagb-column__inner-wrap\">\n<h3 class=\"wp-block-heading\">Armas SR90 Blackbird<\/h3>\n\n\n\n<p><strong>Accidente a\u00e9reo<\/strong><br><em>(Muerte)<\/em><br>100 da\u00f1os<br><strong>zona:<\/strong> 1 (19,5 m)<\/p>\n<\/div><\/div>\n<\/div><\/section>\n<\/div><\/div>\n<\/div><\/section>\n\n\n\n<section class=\"wp-block-uagb-columns uagb-columns__wrap uagb-columns__background-undefined uagb-columns__stack-mobile uagb-columns__valign-undefined uagb-columns__gap-10 alignundefined uagb-block-e4ac00c1\"><div class=\"uagb-columns__overlay\"><\/div><div class=\"uagb-columns__inner-wrap uagb-columns__columns-1\">\n<div class=\"wp-block-uagb-column uagb-column__wrap uagb-column__background-undefined uagb-block-9aedbfb3\"><div class=\"uagb-column__overlay\"><\/div><div class=\"uagb-column__inner-wrap\">\n<h2 class=\"wp-block-heading\"><strong>AVISPA <\/strong>- AIR SUPERIORITY FIGHTER<\/h2>\n\n\n\n<p><a href=\"https:\/\/www.standardof.net\/wp-content\/uploads\/2011\/10\/SupremeCommander-2011-10-15-15-02-13-87.png\" class=\"rank-math-link\" target=\"_blank\" rel=\"noopener\"><\/a>La Avispa es una unidad antia\u00e9rea muy cara, por lo que solo debes construirla si crees que vas a necesitar matar a las unidades a\u00e9reas enemigas de forma regular. Vuelan tan r\u00e1pido que no proporcionar\u00e1n la cobertura adecuada para un bombardeo, pero pueden entrar y emboscar a la fuerza interceptora enemiga, y son la mejor manera de lidiar con las unidades a\u00e9reas experimentales.<\/p>\n\n\n\n<div class=\"wp-block-image\"><figure class=\"aligncenter size-large\"><a href=\"https:\/\/supcom.standardof.net\/es\/supreme-commander\/uef\/unidades-tech-3-uef-air\/wasp-air-superiority-fighter-supreme-commander-uef-air-units-t3\/\"><img decoding=\"async\" width=\"489\" height=\"345\" src=\"https:\/\/supcom.standardof.net\/wp-content\/uploads\/sites\/8\/2020\/11\/WASP-AIR-SUPERIORITY-FIGHTER-Supreme-Commander-UEF-Air-Units-T3.jpg\" alt=\"El Wasp Air Superiority Fighter, unidad a\u00e9rea UEF Tech 3 en Supreme Commander.\" class=\"wp-image-371\" srcset=\"https:\/\/supcom.standardof.net\/wp-content\/uploads\/sites\/8\/2020\/11\/WASP-AIR-SUPERIORITY-FIGHTER-Supreme-Commander-UEF-Air-Units-T3.jpg 489w, https:\/\/supcom.standardof.net\/wp-content\/uploads\/sites\/8\/2020\/11\/WASP-AIR-SUPERIORITY-FIGHTER-Supreme-Commander-UEF-Air-Units-T3-200x141.jpg 200w, https:\/\/supcom.standardof.net\/wp-content\/uploads\/sites\/8\/2020\/11\/WASP-AIR-SUPERIORITY-FIGHTER-Supreme-Commander-UEF-Air-Units-T3-16x12.jpg 16w\" sizes=\"(max-width: 489px) 100vw, 489px\" \/><\/a><figcaption>WASP - COMBATE POR LA SUPERIORIDAD DEL AIRE<\/figcaption><\/figure><\/div>\n\n\n\n<section class=\"wp-block-uagb-columns uagb-columns__wrap uagb-columns__background-undefined uagb-columns__stack-mobile uagb-columns__valign-undefined uagb-columns__gap-10 alignundefined uagb-block-73f10c69\"><div class=\"uagb-columns__overlay\"><\/div><div class=\"uagb-columns__inner-wrap uagb-columns__columns-2\">\n<div class=\"wp-block-uagb-column uagb-column__wrap uagb-column__background-undefined uagb-block-43d953d5\"><div class=\"uagb-column__overlay\"><\/div><div class=\"uagb-column__inner-wrap\">\n<h3 class=\"wp-block-heading\">Estad\u00edsticas de avispas<\/h3>\n\n\n\n<p><strong>Armadura:<\/strong> 250 CV (ligero)<br><strong>Costo:<\/strong> M360, E24000, T3600<br><strong>Intel:<\/strong> vista: 32 (625m)<br><strong>F\u00edsica<\/strong><br>velocidad m\u00e1xima: 25 (488 m \/ s),<br>elevaci\u00f3n: 20 (391m),<br>distancia de acoplamiento: 50 (977 m)<br><strong>Clase de transporte:<\/strong> 3<br><strong>Veterancia:<\/strong> 5, 10, 25, 50, 100 muertes<br><em>* veterano nivel 2: +63 CV,<br>* veterano nivel 4: +63 CV,<br>* veterano nivel 5: repara 1 hp \/ s<\/em><\/p>\n<\/div><\/div>\n\n\n\n<div class=\"wp-block-uagb-column uagb-column__wrap uagb-column__background-undefined uagb-block-df4ab5d0\"><div class=\"uagb-column__overlay\"><\/div><div class=\"uagb-column__inner-wrap\">\n<h3 class=\"wp-block-heading\">Armas de avispa<\/h3>\n\n\n\n<p>2x <strong>Haz de pulso de Ginsu<\/strong><br><em>(Anti aire)<\/em><br>40,00 dps,<br><strong>zona:<\/strong> 1 (19,5 m)<br><strong>rango:<\/strong> 24 (469m)<br><strong>arma de proyectil:<\/strong> 40 da\u00f1os<br><strong>cadencia de fuego:<\/strong> 1 (cada 1s)<br><em>* veterano nivel 1: +10 de da\u00f1o<br>* veterano nivel 3: +10 de da\u00f1o<\/em><\/p>\n\n\n\n<p><strong>Accidente a\u00e9reo<br><\/strong><em>(Muerte)<\/em><br>200 da\u00f1os<br><strong>zona:<\/strong> 1 (19,5 m)<\/p>\n<\/div><\/div>\n<\/div><\/section>\n<\/div><\/div>\n<\/div><\/section>\n\n\n\n<section class=\"wp-block-uagb-columns uagb-columns__wrap uagb-columns__background-undefined uagb-columns__stack-mobile uagb-columns__valign-undefined uagb-columns__gap-10 alignundefined uagb-block-b503a93c\"><div class=\"uagb-columns__overlay\"><\/div><div class=\"uagb-columns__inner-wrap uagb-columns__columns-1\">\n<div class=\"wp-block-uagb-column uagb-column__wrap uagb-column__background-undefined uagb-block-a3916b69\"><div class=\"uagb-column__overlay\"><\/div><div class=\"uagb-column__inner-wrap\">\n<h2 class=\"wp-block-heading\"><strong>EMBAJADOR <\/strong>- BOMBER ESTRAT\u00c9GICO<\/h2>\n\n\n\n<p><a href=\"https:\/\/www.standardof.net\/wp-content\/uploads\/2011\/10\/SupremeCommander-2011-10-15-15-02-41-13.png\" class=\"rank-math-link\" target=\"_blank\" rel=\"noopener\"><\/a>Los bombarderos estrat\u00e9gicos se construyen tan lentamente que requieren un gran grupo de ingenieros. La palabra &quot;estrat\u00e9gico&quot; no debe tomarse a la ligera: pueden matar interceptores con sus armas antia\u00e9reas, vuelan lo suficientemente alto como para que un sitio SAM necesite un tiempo para matarlos y, por supuesto, su bomba es temible. Estas cosas se desperdician en las fuerzas terrestres enemigas, ya que su inexactitud hace que sean tan propensas a acabar con tus hombres como con los de ellos; en su lugar, ap\u00edlelos junto con una enorme fuerza de otros aviones para distraer las defensas a\u00e9reas enemigas y util\u00edcelos para un ataque quir\u00fargico en una ACU, una pieza de artiller\u00eda o una defensa con misiles nucleares.<\/p>\n\n\n\n<div class=\"wp-block-image\"><figure class=\"aligncenter size-large\"><a href=\"https:\/\/supcom.standardof.net\/es\/supreme-commander\/uef\/unidades-tech-3-uef-air\/ambassador-strategic-bomber-supreme-commander-uef-air-units-t3\/\"><img decoding=\"async\" width=\"612\" height=\"399\" src=\"https:\/\/supcom.standardof.net\/wp-content\/uploads\/sites\/8\/2020\/11\/AMBASSADOR-STRATEGIC-BOMBER-Supreme-Commander-UEF-Air-Units-T3.jpg\" alt=\"El Ambassador Strategic Bomber, unidad a\u00e9rea UEF Tech 3 en Supreme Commander.\" class=\"wp-image-372\" srcset=\"https:\/\/supcom.standardof.net\/wp-content\/uploads\/sites\/8\/2020\/11\/AMBASSADOR-STRATEGIC-BOMBER-Supreme-Commander-UEF-Air-Units-T3.jpg 612w, https:\/\/supcom.standardof.net\/wp-content\/uploads\/sites\/8\/2020\/11\/AMBASSADOR-STRATEGIC-BOMBER-Supreme-Commander-UEF-Air-Units-T3-512x334.jpg 512w, https:\/\/supcom.standardof.net\/wp-content\/uploads\/sites\/8\/2020\/11\/AMBASSADOR-STRATEGIC-BOMBER-Supreme-Commander-UEF-Air-Units-T3-200x130.jpg 200w, https:\/\/supcom.standardof.net\/wp-content\/uploads\/sites\/8\/2020\/11\/AMBASSADOR-STRATEGIC-BOMBER-Supreme-Commander-UEF-Air-Units-T3-16x10.jpg 16w\" sizes=\"(max-width: 612px) 100vw, 612px\" \/><\/a><figcaption>EMBAJADOR - BOMBER ESTRAT\u00c9GICO<\/figcaption><\/figure><\/div>\n\n\n\n<section class=\"wp-block-uagb-columns uagb-columns__wrap uagb-columns__background-undefined uagb-columns__stack-mobile uagb-columns__valign-undefined uagb-columns__gap-10 alignundefined uagb-block-5d4f54c0\"><div class=\"uagb-columns__overlay\"><\/div><div class=\"uagb-columns__inner-wrap uagb-columns__columns-2\">\n<div class=\"wp-block-uagb-column uagb-column__wrap uagb-column__background-undefined uagb-block-56a1084a\"><div class=\"uagb-column__overlay\"><\/div><div class=\"uagb-column__inner-wrap\">\n<h3 class=\"wp-block-heading\">Estad\u00edsticas de embajadores<\/h3>\n\n\n\n<p><strong>Armadura:<\/strong> 150 CV (ligero)<br><strong>Habilidades:<\/strong> Anti aire<br><strong>Costo:<\/strong> M2160, E72000, T7200<br><strong>Intel:<\/strong> vista: 32 (625m)<br><strong>F\u00edsica:<\/strong><br>velocidad m\u00e1xima: 15 (293 m \/ s)<br>elevaci\u00f3n: 25 (488m)<br>distancia de acoplamiento: 50 (977 m)<br><strong>Clase de transporte:<\/strong> 3<br><strong>Veterancia:<\/strong> 30, 60, 150, 300, 600 muertes<br><em>* veterano nivel 2: +38 CV<br>* veterano nivel 4: +38 CV<br>* veterano nivel 5: repara 1 hp \/ s<\/em><\/p>\n<\/div><\/div>\n\n\n\n<div class=\"wp-block-uagb-column uagb-column__wrap uagb-column__background-undefined uagb-block-437a8368\"><div class=\"uagb-column__overlay\"><\/div><div class=\"uagb-column__inner-wrap\">\n<h3 class=\"wp-block-heading\">Armas de embajador<\/h3>\n\n\n\n<p><strong>Bomba nuclear de peque\u00f1o rendimiento<\/strong><br><em>(Bomba)<\/em><br>1300,00 dps,<br><strong>zona:<\/strong> 4,5 (87,9 m)<br><strong>rango:<\/strong> 5 (97,7 millones)<br><strong>arma de proyectil:<\/strong> 6500 da\u00f1os<br><strong>cadencia de fuego:<\/strong> 0,2 (cada 5 s)<br><strong>disparo aleatorio:<\/strong> 3<br><em>* veterano nivel 1: +1625 de da\u00f1o<br>* veterano nivel 3: +1625 de da\u00f1o<\/em><\/p>\n\n\n\n<p><strong>Railgun vinculado<br><\/strong><em>(Anti aire)<br><\/em>&nbsp;&nbsp;&nbsp;&nbsp; 120,00 dps<br><strong>rango:<\/strong> 44 (859m)<br><strong>arma de proyectil:<\/strong> 20 de da\u00f1o x 2 proyectiles = 40 de da\u00f1o por salva<br><strong>cadencia de fuego:<\/strong> 3 (cada 0,33 s)<\/p>\n\n\n\n<p><strong>Accidente a\u00e9reo<\/strong><br><em>(Muerte)<br><\/em>&nbsp;&nbsp;&nbsp;&nbsp; 500 da\u00f1os<br><strong>zona:<\/strong> 1 (19,5 m)<\/p>\n<\/div><\/div>\n<\/div><\/section>\n<\/div><\/div>\n<\/div><\/section>\n\n\n\n<section class=\"wp-block-uagb-columns uagb-columns__wrap uagb-columns__background-undefined uagb-columns__stack-mobile uagb-columns__valign-undefined uagb-columns__gap-10 alignundefined uagb-block-8ff6c23d\"><div class=\"uagb-columns__overlay\"><\/div><div class=\"uagb-columns__inner-wrap uagb-columns__columns-1\">\n<div class=\"wp-block-uagb-column uagb-column__wrap uagb-column__background-undefined uagb-block-bf2c4717\"><div class=\"uagb-column__overlay\"><\/div><div class=\"uagb-column__inner-wrap\">\n<h2 class=\"wp-block-heading\"><strong>SABLE <\/strong>- ARMA PESADA<\/h2>\n\n\n\n<p><a href=\"https:\/\/www.standardof.net\/wp-content\/uploads\/2011\/10\/SupremeCommander-2011-10-15-15-02-58-40.png\" class=\"rank-math-link\" target=\"_blank\" rel=\"noopener\"><\/a>La unidad \u00fanica del UEF, la principal virtud del Heavy Gunship es su armadura pesada. Es una ca\u00f1onera, por lo que es vulnerable a los ataques de otras ca\u00f1oneras, as\u00ed como a los antia\u00e9reos antia\u00e9reos T2, pero la gran cantidad de potencia de fuego que puede distribuir la convierte en un arma formidable. Un ataque pesado con una ca\u00f1onera puede devorar a una fuerza terrestre atacante para el desayuno, luego retirarse a una instalaci\u00f3n de preparaci\u00f3n a\u00e9rea mientras los cazas enemigos chocan contra su muro de defensa a\u00e9rea.<\/p>\n\n\n\n<div class=\"wp-block-image\"><figure class=\"aligncenter size-large\"><a href=\"https:\/\/supcom.standardof.net\/es\/supreme-commander\/uef\/unidades-tech-3-uef-air\/broadsword-heavy-gunship-supreme-commander-uef-air-units-t3\/\"><img decoding=\"async\" width=\"453\" height=\"381\" src=\"https:\/\/supcom.standardof.net\/wp-content\/uploads\/sites\/8\/2020\/11\/BROADSWORD-HEAVY-GUNSHIP-Supreme-Commander-UEF-Air-Units-T3.jpg\" alt=\"El Broadsword Heavy Gunship, unidad a\u00e9rea UEF Tech 3 en Supreme Commander.\" class=\"wp-image-373\" srcset=\"https:\/\/supcom.standardof.net\/wp-content\/uploads\/sites\/8\/2020\/11\/BROADSWORD-HEAVY-GUNSHIP-Supreme-Commander-UEF-Air-Units-T3.jpg 453w, https:\/\/supcom.standardof.net\/wp-content\/uploads\/sites\/8\/2020\/11\/BROADSWORD-HEAVY-GUNSHIP-Supreme-Commander-UEF-Air-Units-T3-200x168.jpg 200w, https:\/\/supcom.standardof.net\/wp-content\/uploads\/sites\/8\/2020\/11\/BROADSWORD-HEAVY-GUNSHIP-Supreme-Commander-UEF-Air-Units-T3-14x12.jpg 14w\" sizes=\"(max-width: 453px) 100vw, 453px\" \/><\/a><figcaption>BROADSWORD - ARMA PESADA<\/figcaption><\/figure><\/div>\n\n\n\n<section class=\"wp-block-uagb-columns uagb-columns__wrap uagb-columns__background-undefined uagb-columns__stack-mobile uagb-columns__valign-undefined uagb-columns__gap-10 alignundefined uagb-block-f217dd58\"><div class=\"uagb-columns__overlay\"><\/div><div class=\"uagb-columns__inner-wrap uagb-columns__columns-2\">\n<div class=\"wp-block-uagb-column uagb-column__wrap uagb-column__background-undefined uagb-block-368076df\"><div class=\"uagb-column__overlay\"><\/div><div class=\"uagb-column__inner-wrap\">\n<h3 class=\"wp-block-heading\">Estad\u00edsticas de espada ancha<\/h3>\n\n\n\n<p><strong>Armadura:<\/strong> 475hp (ligero)<br><strong>Habilidades:<\/strong> Anti aire<br><strong>Costo:<\/strong> M2100, E22500, T4500<br><strong>Intel:<\/strong> vista: 32 (625m)<br><strong>F\u00edsica<\/strong><br>velocidad m\u00e1xima: 10 (195 m \/ s)<br>velocidad de giro: 100<br>elevaci\u00f3n: 10 (195m)<br><strong>Clase de transporte:<\/strong> 3<br><strong>Veterancia:<\/strong> 30, 60, 150, 300, 600 muertes<br><em>* veterano nivel 2: +119 CV<br>* veterano nivel 4: +119 CV<br>* veterano nivel 5: repara 1 hp \/ s<\/em><\/p>\n<\/div><\/div>\n\n\n\n<div class=\"wp-block-uagb-column uagb-column__wrap uagb-column__background-undefined uagb-block-b226e275\"><div class=\"uagb-column__overlay\"><\/div><div class=\"uagb-column__inner-wrap\">\n<h3 class=\"wp-block-heading\">Armas de espada ancha<\/h3>\n\n\n\n<p><strong>Ca\u00f1\u00f3n de plasma pesado<\/strong><br><em>(Fuego directo)<\/em><br>242,00 dps<br><strong>rango:<\/strong> 25 (488m)<br><strong>arma de proyectil:<\/strong> 110 da\u00f1os<br><strong>cadencia de fuego:<\/strong> 2,2 (cada 0,45 s)<br><em>* veterano nivel 1: +28 de da\u00f1o<br>* veterano nivel 3: +28 de da\u00f1o<\/em><\/p>\n\n\n\n<p><strong>Ca\u00f1\u00f3n de plasma pesado<\/strong><br><em>(Fuego directo)<br><\/em>&nbsp;&nbsp;&nbsp;&nbsp; 180,40 dps<br><strong>rango:<\/strong> 25 (488m)<br><strong>arma de proyectil:<\/strong> 82 da\u00f1os<br><strong>cadencia de fuego:<\/strong> 2,2 (cada 0,45 s)<\/p>\n\n\n\n<p><strong>Railgun vinculado<br><\/strong><em>(Anti aire)<\/em><br>28,00 dps,<br><strong>rango:<\/strong> 44 (859m)<br><strong>arma de proyectil:<\/strong> 7 da\u00f1os x 2 proyectiles = 14 da\u00f1os por salva<br><strong>cadencia de fuego:<\/strong> 2 (cada 0,5 s)<\/p>\n\n\n\n<p><strong>Accidente a\u00e9reo<\/strong><br><em>(Muerte)<\/em><br>300 da\u00f1os<br><strong>zona:<\/strong> 1 (19,5 m)<\/p>\n<\/div><\/div>\n<\/div><\/section>\n<\/div><\/div>\n<\/div><\/section>","protected":false},"excerpt":{"rendered":"<p>SR90 BLACKBIRD &#8211; SPY PLANE The Spy Plane takes a while to build, but it&#8217;s still very inexpensive. You&#8217;ll only really need one spy plane, because its sight range allows you to see the edges of the enemy base without being shot down. Unless they have T3 air defenses, you should be able to make [&hellip;]<\/p>","protected":false},"author":1,"featured_media":0,"parent":231,"menu_order":0,"comment_status":"open","ping_status":"closed","template":"","meta":{"_uag_custom_page_level_css":"","site-sidebar-layout":"default","site-content-layout":"default","ast-site-content-layout":"","site-content-style":"default","site-sidebar-style":"default","ast-global-header-display":"","ast-banner-title-visibility":"","ast-main-header-display":"","ast-hfb-above-header-display":"","ast-hfb-below-header-display":"","ast-hfb-mobile-header-display":"","site-post-title":"","ast-breadcrumbs-content":"","ast-featured-img":"","footer-sml-layout":"","theme-transparent-header-meta":"default","adv-header-id-meta":"","stick-header-meta":"","header-above-stick-meta":"","header-main-stick-meta":"","header-below-stick-meta":"","astra-migrate-meta-layouts":"default","ast-page-background-enabled":"default","ast-page-background-meta":{"desktop":{"background-color":"","background-image":"","background-repeat":"repeat","background-position":"center center","background-size":"auto","background-attachment":"scroll","background-type":"","background-media":"","overlay-type":"","overlay-color":"","overlay-gradient":""},"tablet":{"background-color":"","background-image":"","background-repeat":"repeat","background-position":"center center","background-size":"auto","background-attachment":"scroll","background-type":"","background-media":"","overlay-type":"","overlay-color":"","overlay-gradient":""},"mobile":{"background-color":"","background-image":"","background-repeat":"repeat","background-position":"center center","background-size":"auto","background-attachment":"scroll","background-type":"","background-media":"","overlay-type":"","overlay-color":"","overlay-gradient":""}},"ast-content-background-meta":{"desktop":{"background-color":"var(--ast-global-color-5)","background-image":"","background-repeat":"repeat","background-position":"center center","background-size":"auto","background-attachment":"scroll","background-type":"","background-media":"","overlay-type":"","overlay-color":"","overlay-gradient":""},"tablet":{"background-color":"var(--ast-global-color-5)","background-image":"","background-repeat":"repeat","background-position":"center center","background-size":"auto","background-attachment":"scroll","background-type":"","background-media":"","overlay-type":"","overlay-color":"","overlay-gradient":""},"mobile":{"background-color":"var(--ast-global-color-5)","background-image":"","background-repeat":"repeat","background-position":"center center","background-size":"auto","background-attachment":"scroll","background-type":"","background-media":"","overlay-type":"","overlay-color":"","overlay-gradient":""}},"footnotes":""},"uagb_featured_image_src":{"full":false,"thumbnail":false,"medium":false,"medium_large":false,"large":false,"1536x1536":false,"2048x2048":false,"trp-custom-language-flag":false},"uagb_author_info":{"display_name":"SOE","author_link":"https:\/\/supcom.standardof.net\/es\/author\/k-tastic\/"},"uagb_comment_info":0,"uagb_excerpt":"SR90 BLACKBIRD &#8211; SPY PLANE The Spy Plane takes a while to build, but it&#8217;s still very inexpensive. You&#8217;ll only really need one spy plane, because its sight range allows you to see the edges of the enemy base without being shot down. Unless they have T3 air defenses, you should be able to make&hellip;","_links":{"self":[{"href":"https:\/\/supcom.standardof.net\/es\/wp-json\/wp\/v2\/pages\/369"}],"collection":[{"href":"https:\/\/supcom.standardof.net\/es\/wp-json\/wp\/v2\/pages"}],"about":[{"href":"https:\/\/supcom.standardof.net\/es\/wp-json\/wp\/v2\/types\/page"}],"author":[{"embeddable":true,"href":"https:\/\/supcom.standardof.net\/es\/wp-json\/wp\/v2\/users\/1"}],"replies":[{"embeddable":true,"href":"https:\/\/supcom.standardof.net\/es\/wp-json\/wp\/v2\/comments?post=369"}],"version-history":[{"count":0,"href":"https:\/\/supcom.standardof.net\/es\/wp-json\/wp\/v2\/pages\/369\/revisions"}],"up":[{"embeddable":true,"href":"https:\/\/supcom.standardof.net\/es\/wp-json\/wp\/v2\/pages\/231"}],"wp:attachment":[{"href":"https:\/\/supcom.standardof.net\/es\/wp-json\/wp\/v2\/media?parent=369"}],"curies":[{"name":"wp","href":"https:\/\/api.w.org\/{rel}","templated":true}]}}