{"id":387,"date":"2020-11-01T14:07:11","date_gmt":"2020-11-01T19:07:11","guid":{"rendered":"https:\/\/supcom.standardof.net\/?page_id=387"},"modified":"2020-11-03T23:07:53","modified_gmt":"2020-11-04T04:07:53","slug":"tech-1-uef-naval-units","status":"publish","type":"page","link":"https:\/\/supcom.standardof.net\/es\/supreme-commander\/uef\/unidades-navales-tech-1-uef\/","title":{"rendered":"Tech 1 - Unidades navales UEF"},"content":{"rendered":"<div class=\"wp-block-uagb-table-of-contents uagb-toc__align-left uagb-toc__columns-1  uagb-block-56b2f7e6\"\n\t\t\t\t\tdata-scroll= \"1\"\n\t\t\t\t\tdata-offset= \"30\"\n\t\t\t\t\tstyle=\"\"\n\t\t\t\t>\n\t\t\t\t<div class=\"uagb-toc__wrap\">\n\t\t\t\t\t\t<div class=\"uagb-toc__title\">\n\t\t\t\t\t\t\tUnidades navales UEF Tech 1:\t\t\t\t\t\t<\/div>\n\t\t\t\t\t\t\t\t\t\t\t\t\t\t\t\t<div class=\"uagb-toc__list-wrap\">\n\t\t\t\t\t\t<ol class=\"uagb-toc__list\"><li class=\"uagb-toc__list\"><a href=\"#tigershark-attack-submarine\" class=\"uagb-toc-link__trigger\">TIGERSHARK - SUBMARINO DE ATAQUE<\/a><li class=\"uagb-toc__list\"><a href=\"#thunderhead-class-frigate\" class=\"uagb-toc-link__trigger\">FRIGADA CLASE THUNDERHEAD<\/a><\/ol>\t\t\t\t\t<\/div>\n\t\t\t\t\t\t\t\t\t<\/div>\n\t\t\t\t<\/div>\n\t\t\t\n\n\n<section class=\"wp-block-uagb-columns uagb-columns__wrap uagb-columns__background-undefined uagb-columns__stack-mobile uagb-columns__valign-undefined uagb-columns__gap-10 alignundefined uagb-block-21ae726d\"><div class=\"uagb-columns__overlay\"><\/div><div class=\"uagb-columns__inner-wrap uagb-columns__columns-1\">\n<div class=\"wp-block-uagb-column uagb-column__wrap uagb-column__background-undefined uagb-block-ca1131e8\"><div class=\"uagb-column__overlay\"><\/div><div class=\"uagb-column__inner-wrap\">\n<h2 class=\"wp-block-heading\"><strong>TIBUR\u00d3N TIGRE <\/strong>- SUBMARINO DE ATAQUE<\/h2>\n\n\n\n<p><a href=\"https:\/\/www.standardof.net\/wp-content\/uploads\/2011\/10\/Attack-Submarine-Tigershark.jpg\" class=\"rank-math-link\" target=\"_blank\" rel=\"noopener\"><\/a>Aunque el submarino UEF est\u00e1 ligeramente superado frente al submarino Aeon, tiene un factor que lo redime: puede ordenarlo que salga a la superficie (presionando &quot;Dive&quot; o &quot;D&quot;) y agregar\u00e1 su l\u00e1ser de cubierta a la ecuaci\u00f3n. Esta suele ser una idea espectacularmente mala, ya que te hace vulnerable a los disparos terrestres, sacrificando la ventaja de armadura de la UEF, pero puede matar a los ingenieros que flotan en el aire si es necesario, lo cual es bueno.<\/p>\n\n\n\n<div class=\"wp-block-image\"><figure class=\"aligncenter size-large\"><a href=\"https:\/\/supcom.standardof.net\/es\/supreme-commander\/uef\/unidades-navales-tech-1-uef\/attack-submarine-tigershark-supreme-commander-uef-navy-units-t1\/\"><img decoding=\"async\" width=\"580\" height=\"384\" src=\"https:\/\/supcom.standardof.net\/wp-content\/uploads\/sites\/8\/2020\/11\/Attack-Submarine-Tigershark-Supreme-Commander-UEF-Navy-Units-T1.jpg\" alt=\"El Tigershark Attack Submarine, unidad naval UEF Tech 1 en Supreme Commander.\" class=\"wp-image-390\" srcset=\"https:\/\/supcom.standardof.net\/wp-content\/uploads\/sites\/8\/2020\/11\/Attack-Submarine-Tigershark-Supreme-Commander-UEF-Navy-Units-T1.jpg 580w, https:\/\/supcom.standardof.net\/wp-content\/uploads\/sites\/8\/2020\/11\/Attack-Submarine-Tigershark-Supreme-Commander-UEF-Navy-Units-T1-512x339.jpg 512w, https:\/\/supcom.standardof.net\/wp-content\/uploads\/sites\/8\/2020\/11\/Attack-Submarine-Tigershark-Supreme-Commander-UEF-Navy-Units-T1-200x132.jpg 200w, https:\/\/supcom.standardof.net\/wp-content\/uploads\/sites\/8\/2020\/11\/Attack-Submarine-Tigershark-Supreme-Commander-UEF-Navy-Units-T1-16x12.jpg 16w\" sizes=\"(max-width: 580px) 100vw, 580px\" \/><\/a><figcaption>TIGERSHARK - SUBMARINO DE ATAQUE<\/figcaption><\/figure><\/div>\n\n\n\n<section class=\"wp-block-uagb-columns uagb-columns__wrap uagb-columns__background-undefined uagb-columns__stack-mobile uagb-columns__valign-undefined uagb-columns__gap-10 alignundefined uagb-block-1d37dfd1\"><div class=\"uagb-columns__overlay\"><\/div><div class=\"uagb-columns__inner-wrap uagb-columns__columns-2\">\n<div class=\"wp-block-uagb-column uagb-column__wrap uagb-column__background-undefined uagb-block-32885194\"><div class=\"uagb-column__overlay\"><\/div><div class=\"uagb-column__inner-wrap\">\n<h3 class=\"wp-block-heading\">Estad\u00edsticas de Tigershark<\/h3>\n\n\n\n<p><strong>Armadura:<\/strong> 1250 CV<br><strong>Habilidades:<\/strong> Sumergible<br>Sonar<br><strong>Costo:<\/strong> M600, E2000, T1000<br><strong>Intel:<\/strong> vista: 32 (625m)<br>sonar: 40 (781 m)<br>vista de agua: 32 (625m)<br><strong>F\u00edsica<\/strong><br>velocidad m\u00e1xima: 4.675 (91.3 m \/ s)<br>velocidad de giro: 40<br><strong>Veterancia:<\/strong> 5, 10, 25, 50, 100 muertes<br><em>* veterano nivel 2: +313 hp<br>* veterano nivel 4: +313 hp<br>* veterano nivel 5: repara 3 hp \/ s<\/em><\/p>\n<\/div><\/div>\n\n\n\n<div class=\"wp-block-uagb-column uagb-column__wrap uagb-column__background-undefined uagb-block-32e2669c\"><div class=\"uagb-column__overlay\"><\/div><div class=\"uagb-column__inner-wrap\">\n<h3 class=\"wp-block-heading\">Armas de tibur\u00f3n tigre<\/h3>\n\n\n\n<p><strong>Torpedo pescador<\/strong><br><em>(Anti Marina)<br><\/em>&nbsp;&nbsp;&nbsp; 93,75 dps<br>alcance: 32 (625m)<br>arma de proyectil: 375 da\u00f1os<br>cadencia de tiro: 0.25 (cada 4s)<br><em>* veterano nivel 1: +94 de da\u00f1o<br>* veterano nivel 3: +94 de da\u00f1o<\/em><\/p>\n\n\n\n<p><strong>Ca\u00f1\u00f3n de plasma ligero<br><\/strong><em>(Fuego directo)<\/em><br>24,00 dps<br><strong>rango:<\/strong> 30 (586m)<br><strong>arma de proyectil:<\/strong> 24 da\u00f1os<br><strong>cadencia de fuego:<\/strong> 1 (cada 1s)<br><em>* veterano nivel 1: +6 de da\u00f1o<br>* veterano nivel 3: +6 de da\u00f1o<\/em><\/p>\n<\/div><\/div>\n<\/div><\/section>\n<\/div><\/div>\n<\/div><\/section>\n\n\n\n<section class=\"wp-block-uagb-columns uagb-columns__wrap uagb-columns__background-undefined uagb-columns__stack-mobile uagb-columns__valign-undefined uagb-columns__gap-10 alignundefined uagb-block-17e552d9\"><div class=\"uagb-columns__overlay\"><\/div><div class=\"uagb-columns__inner-wrap uagb-columns__columns-1\">\n<div class=\"wp-block-uagb-column uagb-column__wrap uagb-column__background-undefined uagb-block-88848e13\"><div class=\"uagb-column__overlay\"><\/div><div class=\"uagb-column__inner-wrap\">\n<h2 class=\"wp-block-heading\"><strong>THUNDERHEAD <\/strong>FRIGADA DE CLASE<\/h2>\n\n\n\n<p><a href=\"https:\/\/www.standardof.net\/wp-content\/uploads\/2011\/10\/Frigate-Thunderhead-Class.jpg\" class=\"rank-math-link\" target=\"_blank\" rel=\"noopener\"><\/a>La fragata UEF no es solo para asaltos navales (su armadura hace que sea dif\u00edcil de matar excepto con submarinos o barcos m\u00e1s grandes) sino tambi\u00e9n para inteligencia naval. Tiene radar y sonar, y la interferencia hace que sea imposible apuntar a barcos UEF por radar. El antia\u00e9reo es solo para mostrar, pero al menos un solo bombardero no puede destruir sus barcos.<\/p>\n\n\n\n<div class=\"wp-block-image\"><figure class=\"aligncenter size-large\"><a href=\"https:\/\/supcom.standardof.net\/es\/supreme-commander\/uef\/unidades-navales-tech-1-uef\/frigate-thunderhead-class-supreme-commander-uef-navy-units-t1\/\"><img decoding=\"async\" width=\"600\" height=\"347\" src=\"https:\/\/supcom.standardof.net\/wp-content\/uploads\/sites\/8\/2020\/11\/Frigate-Thunderhead-Class-Supreme-Commander-UEF-Navy-Units-T1.jpg\" alt=\"La Fragata Clase Thunderhead, unidad naval UEF Tech 1 en Supreme Commander.\" class=\"wp-image-389\" srcset=\"https:\/\/supcom.standardof.net\/wp-content\/uploads\/sites\/8\/2020\/11\/Frigate-Thunderhead-Class-Supreme-Commander-UEF-Navy-Units-T1.jpg 600w, https:\/\/supcom.standardof.net\/wp-content\/uploads\/sites\/8\/2020\/11\/Frigate-Thunderhead-Class-Supreme-Commander-UEF-Navy-Units-T1-512x296.jpg 512w, https:\/\/supcom.standardof.net\/wp-content\/uploads\/sites\/8\/2020\/11\/Frigate-Thunderhead-Class-Supreme-Commander-UEF-Navy-Units-T1-200x116.jpg 200w, https:\/\/supcom.standardof.net\/wp-content\/uploads\/sites\/8\/2020\/11\/Frigate-Thunderhead-Class-Supreme-Commander-UEF-Navy-Units-T1-16x9.jpg 16w\" sizes=\"(max-width: 600px) 100vw, 600px\" \/><\/a><figcaption>FRIGADA CLASE THUNDERHEAD<\/figcaption><\/figure><\/div>\n\n\n\n<section class=\"wp-block-uagb-columns uagb-columns__wrap uagb-columns__background-undefined uagb-columns__stack-mobile uagb-columns__valign-undefined uagb-columns__gap-10 alignundefined uagb-block-4aa57f7a\"><div class=\"uagb-columns__overlay\"><\/div><div class=\"uagb-columns__inner-wrap uagb-columns__columns-2\">\n<div class=\"wp-block-uagb-column uagb-column__wrap uagb-column__background-undefined uagb-block-34ea23f9\"><div class=\"uagb-column__overlay\"><\/div><div class=\"uagb-column__inner-wrap\">\n<h3 class=\"wp-block-heading\">Estad\u00edsticas de Thunderhead<\/h3>\n\n\n\n<p><strong>Armadura:<\/strong> 2120 CV<br><strong>Habilidades:<\/strong> Bloqueador de radar<br>Radar<br>Sonar<br><strong>Costo:<\/strong> M280, E2800 y T700<br><strong>Intel:<\/strong> vista: 32 (625m),<br>radar: 75 (1,46 km)<br>sonar: 75 (1,46 km)<br>vista de agua: 24 (469m)<br><strong>F\u00edsica:<\/strong> velocidad m\u00e1xima: 6,8 (133 m \/ s)<br>velocidad de giro: 30<br><strong>Veterancia:<\/strong> 5, 10, 25, 50, 100 muertes<br><em>* veterano nivel 2: +188 CV<br>* veterano nivel 4: +188 CV<br>* veterano nivel 5: repara 3 hp \/ s<\/em><\/p>\n<\/div><\/div>\n\n\n\n<div class=\"wp-block-uagb-column uagb-column__wrap uagb-column__background-undefined uagb-block-f935860c\"><div class=\"uagb-column__overlay\"><\/div><div class=\"uagb-column__inner-wrap\">\n<h3 class=\"wp-block-heading\">Armas de Thunderhead<\/h3>\n\n\n\n<p><strong>Ca\u00f1\u00f3n Gauss<\/strong><br><em>(Fuego directo naval)<\/em><br>48,28 dps<br><strong>zona:<\/strong> 1 (19,5 m),<br><strong>rango:<\/strong> 28 (547m)<br><strong>arma de proyectil:<\/strong> 140 da\u00f1os<br><strong>cadencia de fuego:<\/strong> 0,34 (cada 2,9 s)<br><em>* veterano nivel 1: +35 de da\u00f1o<br>* veterano nivel 3: +35 de da\u00f1o<br><\/em><br><strong>Railgun vinculado<br><\/strong><em>(Anti aire)<\/em><br>4,00 dps<br><strong>rango:<\/strong> 48 (938m)<br><strong>arma de proyectil:<\/strong> 2 da\u00f1os<br><strong>cadencia de fuego:<\/strong> 2 (cada 0,5 s)<br><em>* veterano nivel 1: +1 da\u00f1o<br>* veterano nivel 3: +1 da\u00f1o<\/em><\/p>\n<\/div><\/div>\n<\/div><\/section>\n<\/div><\/div>\n<\/div><\/section>\n\n\n\n<p><\/p>","protected":false},"excerpt":{"rendered":"<p>TIGERSHARK &#8211; ATTACK SUBMARINE Although the UEF sub is slightly outmatched against the Aeon sub, it has one redeeming factor: you can order it to surface (by pressing &#8220;Dive&#8221; or &#8220;D&#8221;) and it will add its deck laser to the equation. This is usually a spectacularly bad idea, as it makes you vulnerable to land [&hellip;]<\/p>","protected":false},"author":1,"featured_media":0,"parent":231,"menu_order":0,"comment_status":"open","ping_status":"closed","template":"","meta":{"_uag_custom_page_level_css":"","site-sidebar-layout":"default","site-content-layout":"default","ast-site-content-layout":"","site-content-style":"default","site-sidebar-style":"default","ast-global-header-display":"","ast-banner-title-visibility":"","ast-main-header-display":"","ast-hfb-above-header-display":"","ast-hfb-below-header-display":"","ast-hfb-mobile-header-display":"","site-post-title":"","ast-breadcrumbs-content":"","ast-featured-img":"","footer-sml-layout":"","theme-transparent-header-meta":"default","adv-header-id-meta":"","stick-header-meta":"","header-above-stick-meta":"","header-main-stick-meta":"","header-below-stick-meta":"","astra-migrate-meta-layouts":"default","ast-page-background-enabled":"default","ast-page-background-meta":{"desktop":{"background-color":"","background-image":"","background-repeat":"repeat","background-position":"center center","background-size":"auto","background-attachment":"scroll","background-type":"","background-media":"","overlay-type":"","overlay-color":"","overlay-gradient":""},"tablet":{"background-color":"","background-image":"","background-repeat":"repeat","background-position":"center center","background-size":"auto","background-attachment":"scroll","background-type":"","background-media":"","overlay-type":"","overlay-color":"","overlay-gradient":""},"mobile":{"background-color":"","background-image":"","background-repeat":"repeat","background-position":"center center","background-size":"auto","background-attachment":"scroll","background-type":"","background-media":"","overlay-type":"","overlay-color":"","overlay-gradient":""}},"ast-content-background-meta":{"desktop":{"background-color":"var(--ast-global-color-5)","background-image":"","background-repeat":"repeat","background-position":"center center","background-size":"auto","background-attachment":"scroll","background-type":"","background-media":"","overlay-type":"","overlay-color":"","overlay-gradient":""},"tablet":{"background-color":"var(--ast-global-color-5)","background-image":"","background-repeat":"repeat","background-position":"center center","background-size":"auto","background-attachment":"scroll","background-type":"","background-media":"","overlay-type":"","overlay-color":"","overlay-gradient":""},"mobile":{"background-color":"var(--ast-global-color-5)","background-image":"","background-repeat":"repeat","background-position":"center center","background-size":"auto","background-attachment":"scroll","background-type":"","background-media":"","overlay-type":"","overlay-color":"","overlay-gradient":""}},"footnotes":""},"uagb_featured_image_src":{"full":false,"thumbnail":false,"medium":false,"medium_large":false,"large":false,"1536x1536":false,"2048x2048":false,"trp-custom-language-flag":false},"uagb_author_info":{"display_name":"SOE","author_link":"https:\/\/supcom.standardof.net\/es\/author\/k-tastic\/"},"uagb_comment_info":0,"uagb_excerpt":"TIGERSHARK &#8211; ATTACK SUBMARINE Although the UEF sub is slightly outmatched against the Aeon sub, it has one redeeming factor: you can order it to surface (by pressing &#8220;Dive&#8221; or &#8220;D&#8221;) and it will add its deck laser to the equation. This is usually a spectacularly bad idea, as it makes you vulnerable to land&hellip;","_links":{"self":[{"href":"https:\/\/supcom.standardof.net\/es\/wp-json\/wp\/v2\/pages\/387"}],"collection":[{"href":"https:\/\/supcom.standardof.net\/es\/wp-json\/wp\/v2\/pages"}],"about":[{"href":"https:\/\/supcom.standardof.net\/es\/wp-json\/wp\/v2\/types\/page"}],"author":[{"embeddable":true,"href":"https:\/\/supcom.standardof.net\/es\/wp-json\/wp\/v2\/users\/1"}],"replies":[{"embeddable":true,"href":"https:\/\/supcom.standardof.net\/es\/wp-json\/wp\/v2\/comments?post=387"}],"version-history":[{"count":0,"href":"https:\/\/supcom.standardof.net\/es\/wp-json\/wp\/v2\/pages\/387\/revisions"}],"up":[{"embeddable":true,"href":"https:\/\/supcom.standardof.net\/es\/wp-json\/wp\/v2\/pages\/231"}],"wp:attachment":[{"href":"https:\/\/supcom.standardof.net\/es\/wp-json\/wp\/v2\/media?parent=387"}],"curies":[{"name":"wp","href":"https:\/\/api.w.org\/{rel}","templated":true}]}}