{"id":393,"date":"2020-11-01T14:13:39","date_gmt":"2020-11-01T19:13:39","guid":{"rendered":"https:\/\/supcom.standardof.net\/?page_id=393"},"modified":"2020-11-03T23:08:04","modified_gmt":"2020-11-04T04:08:04","slug":"tech-2-uef-naval-units","status":"publish","type":"page","link":"https:\/\/supcom.standardof.net\/es\/supreme-commander\/uef\/tech-2-uef-unidades-navales\/","title":{"rendered":"Tech 2 - Unidades navales UEF"},"content":{"rendered":"<div class=\"wp-block-uagb-table-of-contents uagb-toc__align-left uagb-toc__columns-1  uagb-block-7c409714\"\n\t\t\t\t\tdata-scroll= \"1\"\n\t\t\t\t\tdata-offset= \"30\"\n\t\t\t\t\tstyle=\"\"\n\t\t\t\t>\n\t\t\t\t<div class=\"uagb-toc__wrap\">\n\t\t\t\t\t\t<div class=\"uagb-toc__title\">\n\t\t\t\t\t\t\tUnidades navales UEF Tech 2:\t\t\t\t\t\t<\/div>\n\t\t\t\t\t\t\t\t\t\t\t\t\t\t\t\t<div class=\"uagb-toc__list-wrap\">\n\t\t\t\t\t\t<ol class=\"uagb-toc__list\"><li class=\"uagb-toc__list\"><a href=\"#governor-class-cruiser\" class=\"uagb-toc-link__trigger\">CRUCERO DE CLASE DE GOBERNADOR<\/a><li class=\"uagb-toc__list\"><a href=\"#valiant-class-destroyer\" class=\"uagb-toc-link__trigger\">DESTRUCTOR DE CLASE VALIENTE<\/a><\/ol>\t\t\t\t\t<\/div>\n\t\t\t\t\t\t\t\t\t<\/div>\n\t\t\t\t<\/div>\n\t\t\t\n\n\n<section class=\"wp-block-uagb-columns uagb-columns__wrap uagb-columns__background-undefined uagb-columns__stack-mobile uagb-columns__valign-undefined uagb-columns__gap-10 alignundefined uagb-block-790cd2b2\"><div class=\"uagb-columns__overlay\"><\/div><div class=\"uagb-columns__inner-wrap uagb-columns__columns-1\">\n<div class=\"wp-block-uagb-column uagb-column__wrap uagb-column__background-undefined uagb-block-c96474af\"><div class=\"uagb-column__overlay\"><\/div><div class=\"uagb-column__inner-wrap\">\n<h2 class=\"wp-block-heading\"><strong>GOBERNADOR <\/strong>CRUCERO DE CLASE<\/h2>\n\n\n\n<p><a href=\"https:\/\/www.standardof.net\/wp-content\/uploads\/2011\/10\/Cruiser-Governor-Class.jpg\" class=\"rank-math-link\" target=\"_blank\" rel=\"noopener\"><\/a>El crucero es donde brilla la filosof\u00eda de la UEF de lanzar armas de fuerza bruta sobre una plataforma fuertemente blindada. Los cruceros, lejos de ser &quot;solo grandes botes antia\u00e9reos&quot;, tienen misiles t\u00e1cticos con un alcance que se acerca a un lanzador de misiles t\u00e1cticos reales, misiles SAM que no causan el da\u00f1o de un sitio SAM real pero funcionan igual de bien contra aviones T1 o T2 que estar\u00e1 muerto en la primera salva de todos modos, y un ca\u00f1\u00f3n de cubierta que proporciona un m\u00ednimo de protecci\u00f3n contra las unidades anfibias que lo emboscan tambi\u00e9n. Por supuesto, los cruceros enemigos tambi\u00e9n tienen defensas de misiles t\u00e1cticos, por lo que no podr\u00e1 usar sus misiles de crucero en ellos, pero contra objetivos en la costa, le brinda una opci\u00f3n viable para luchar contra la artiller\u00eda T2.<\/p>\n\n\n\n<div class=\"wp-block-image\"><figure class=\"aligncenter size-large\"><a href=\"https:\/\/supcom.standardof.net\/es\/supreme-commander\/uef\/tech-2-uef-unidades-navales\/cruiser-governor-class-supreme-commander-uef-navy-units-t2\/\"><img decoding=\"async\" width=\"600\" height=\"427\" src=\"https:\/\/supcom.standardof.net\/wp-content\/uploads\/sites\/8\/2020\/11\/Cruiser-Governor-Class-Supreme-Commander-UEF-Navy-Units-T2.jpg\" alt=\"El Govenor Class Cruiser, unidad naval UEF Tech 2 en Supreme Commander.\" class=\"wp-image-399\" srcset=\"https:\/\/supcom.standardof.net\/wp-content\/uploads\/sites\/8\/2020\/11\/Cruiser-Governor-Class-Supreme-Commander-UEF-Navy-Units-T2.jpg 600w, https:\/\/supcom.standardof.net\/wp-content\/uploads\/sites\/8\/2020\/11\/Cruiser-Governor-Class-Supreme-Commander-UEF-Navy-Units-T2-512x364.jpg 512w, https:\/\/supcom.standardof.net\/wp-content\/uploads\/sites\/8\/2020\/11\/Cruiser-Governor-Class-Supreme-Commander-UEF-Navy-Units-T2-200x142.jpg 200w, https:\/\/supcom.standardof.net\/wp-content\/uploads\/sites\/8\/2020\/11\/Cruiser-Governor-Class-Supreme-Commander-UEF-Navy-Units-T2-16x12.jpg 16w\" sizes=\"(max-width: 600px) 100vw, 600px\" \/><\/a><figcaption>CRUCERO DE CLASE DE GOBERNADOR<\/figcaption><\/figure><\/div>\n\n\n\n<section class=\"wp-block-uagb-columns uagb-columns__wrap uagb-columns__background-undefined uagb-columns__stack-mobile uagb-columns__valign-undefined uagb-columns__gap-10 alignundefined uagb-block-d0286eee\"><div class=\"uagb-columns__overlay\"><\/div><div class=\"uagb-columns__inner-wrap uagb-columns__columns-2\">\n<div class=\"wp-block-uagb-column uagb-column__wrap uagb-column__background-undefined uagb-block-58a33528\"><div class=\"uagb-column__overlay\"><\/div><div class=\"uagb-column__inner-wrap\">\n<h3 class=\"wp-block-heading\">Estad\u00edsticas del gobernador<\/h3>\n\n\n\n<p><strong>Armadura:<\/strong> 3500 CV<br><strong>Habilidades:<\/strong> Misil t\u00e1ctico, Defensa de misiles - T\u00e1ctico<br><strong>Costo:<\/strong> M2000, E18000 y T4000<br><strong>Intel:<\/strong> vista: 60 (1,17km)<br>&nbsp;&nbsp;&nbsp; radar: 80 (1,56 km)<br>&nbsp;&nbsp;&nbsp; sonar: 20 (391 m)<br>&nbsp;&nbsp;&nbsp; vista de agua: 45 (879m)<br><strong>F\u00edsica:<\/strong><br>&nbsp;&nbsp;&nbsp; velocidad m\u00e1xima: 4,25 (83,0 m \/ s)<br>&nbsp;&nbsp;&nbsp; velocidad de giro: 20<br><strong>Veterancia:<\/strong> 30, 60, 150, 300, 600 muertes<br>* <em>veterano nivel 2: +875 hp<br>* veterano nivel 4: +875 hp<br>* veterano nivel 5: repara 3 hp \/ s<\/em><\/p>\n<\/div><\/div>\n\n\n\n<div class=\"wp-block-uagb-column uagb-column__wrap uagb-column__background-undefined uagb-block-92245e31\"><div class=\"uagb-column__overlay\"><\/div><div class=\"uagb-column__inner-wrap\">\n<h3 class=\"wp-block-heading\">Gobernador Armas<\/h3>\n\n\n\n<p><strong>Ca\u00f1\u00f3n Gauss<\/strong><br><em>(Fuego directo naval)<\/em> 33,33 dps <strong>zona:<\/strong> 1 (19,5 m)<br><strong>rango:<\/strong> 64 (1,25 km)<br><strong>arma de proyectil:<\/strong> 200 da\u00f1os<br><strong>cadencia de fuego:<\/strong> 0,166667 (cada 6 s)<br><em>* veterano nivel 1: +50 de da\u00f1o<br>* veterano nivel 3: +50 de da\u00f1o<\/em><\/p>\n\n\n\n<p><strong>Lanzador Flayer SAM<\/strong><br><em>(Anti aire)<\/em> 32,00 dps<br><strong>zona:<\/strong> 1 (19,5 m)<br><strong>rango:<\/strong> 72 (1,41 km)<br><strong>arma de proyectil:<\/strong> 16 da\u00f1os x 4 proyectiles = 64 da\u00f1os por salva<br><strong>cadencia de fuego:<\/strong> 0,5 (cada 2 s)<br>* <em>veterano nivel 1: +4 de da\u00f1o<br>* veterano nivel 3: +4 de da\u00f1o<\/em><\/p>\n\n\n\n<p><strong>Misil de crucero de largo alcance<\/strong><br><em>(Misil)<\/em> 75,00 dps<br><strong>zona:<\/strong> 3 (58,6 m)<br><strong>rango:<\/strong> 12,5 (244 m) - 100 (1,95 km)<br><strong>arma de proyectil:<\/strong> 2500 da\u00f1os<br><strong>cadencia de fuego:<\/strong> 0,03 (cada 33,33 s)<br><em>* veterano nivel 1: +625 de da\u00f1o<br>* veterano nivel 3: +625 de da\u00f1o<\/em><\/p>\n\n\n\n<p><strong>Antimisil Phalanx<\/strong><br><em>(Defensa)<\/em> 4.50 dps<br><strong>rango:<\/strong> 32 (625 m)<br><strong>arma de haz:<\/strong> 1 da\u00f1o x 1 rayo cada 0,25 s durante 0,5 s = 3 por salva<br><strong>cadencia de fuego:<\/strong> 3 (cada 0,33 s)<\/p>\n<\/div><\/div>\n<\/div><\/section>\n<\/div><\/div>\n<\/div><\/section>\n\n\n\n<section class=\"wp-block-uagb-columns uagb-columns__wrap uagb-columns__background-undefined uagb-columns__stack-mobile uagb-columns__valign-undefined uagb-columns__gap-10 alignundefined uagb-block-f11fae25\"><div class=\"uagb-columns__overlay\"><\/div><div class=\"uagb-columns__inner-wrap uagb-columns__columns-1\">\n<div class=\"wp-block-uagb-column uagb-column__wrap uagb-column__background-undefined uagb-block-397d2cf3\"><div class=\"uagb-column__overlay\"><\/div><div class=\"uagb-column__inner-wrap\">\n<h2 class=\"wp-block-heading\"><strong>VALIENTE <\/strong>Destructor de clases<\/h2>\n\n\n\n<p><a href=\"https:\/\/www.standardof.net\/wp-content\/uploads\/2011\/10\/Destroyer-Valiant-Class.jpg\" class=\"rank-math-link\" target=\"_blank\" rel=\"noopener\"><\/a>El destructor UEF tiene un mont\u00f3n de armas adicionales agregadas: un torpedo y una defensa de torpedos para submarinos, una torreta antia\u00e9rea muy d\u00e9bil solo para que te sientas mejor con esas unidades que vuelan sobre tu cabeza, pero su poder principal reside en sus dos ca\u00f1ones, uno al frente y otro atr\u00e1s, que le permiten obtener una cuenta en los barcos enemigos, especialmente los barcos T1, con m\u00e1s precisi\u00f3n y potencia de fuego equivalente al destructor Aeon, mientras sigue esquivando el fuego enemigo de largo alcance con su alta velocidad m\u00e1xima. No es el mejor destructor de los mares, pero todav\u00eda atravesar\u00e1 cualquier cosa menos los destructores enemigos, y tiene una oportunidad contra el destructor Cybran m\u00e1s lento y d\u00e9bil si sigue movi\u00e9ndose. Lo suficientemente bueno para el trabajo del gobierno.<\/p>\n\n\n\n<div class=\"wp-block-image\"><figure class=\"aligncenter size-large\"><a href=\"https:\/\/supcom.standardof.net\/es\/supreme-commander\/uef\/tech-2-uef-unidades-navales\/destroyer-valiant-class-supreme-commander-uef-navy-units-t2\/\"><img decoding=\"async\" width=\"600\" height=\"347\" src=\"https:\/\/supcom.standardof.net\/wp-content\/uploads\/sites\/8\/2020\/11\/Destroyer-Valiant-Class-Supreme-Commander-UEF-Navy-Units-T2.jpg\" alt=\"El Destructor Clase Valiente, unidad naval UEF Tech 2 en Supreme Commander.\" class=\"wp-image-400\" srcset=\"https:\/\/supcom.standardof.net\/wp-content\/uploads\/sites\/8\/2020\/11\/Destroyer-Valiant-Class-Supreme-Commander-UEF-Navy-Units-T2.jpg 600w, https:\/\/supcom.standardof.net\/wp-content\/uploads\/sites\/8\/2020\/11\/Destroyer-Valiant-Class-Supreme-Commander-UEF-Navy-Units-T2-512x296.jpg 512w, https:\/\/supcom.standardof.net\/wp-content\/uploads\/sites\/8\/2020\/11\/Destroyer-Valiant-Class-Supreme-Commander-UEF-Navy-Units-T2-200x116.jpg 200w, https:\/\/supcom.standardof.net\/wp-content\/uploads\/sites\/8\/2020\/11\/Destroyer-Valiant-Class-Supreme-Commander-UEF-Navy-Units-T2-16x9.jpg 16w\" sizes=\"(max-width: 600px) 100vw, 600px\" \/><\/a><figcaption>DESTRUCTOR DE CLASE VALIENTE<\/figcaption><\/figure><\/div>\n\n\n\n<section class=\"wp-block-uagb-columns uagb-columns__wrap uagb-columns__background-undefined uagb-columns__stack-mobile uagb-columns__valign-undefined uagb-columns__gap-10 alignundefined uagb-block-52c23fac\"><div class=\"uagb-columns__overlay\"><\/div><div class=\"uagb-columns__inner-wrap uagb-columns__columns-2\">\n<div class=\"wp-block-uagb-column uagb-column__wrap uagb-column__background-undefined uagb-block-f767a8b1\"><div class=\"uagb-column__overlay\"><\/div><div class=\"uagb-column__inner-wrap\">\n<h3 class=\"wp-block-heading\">Estad\u00edsticas valientes<\/h3>\n\n\n\n<p><strong>Armadura:<\/strong> 7200 CV<br><strong>Habilidades:<\/strong> Defensa de torpedos<br><strong>Costo:<\/strong> M2250, E15000, T5000<br><strong>Intel:<\/strong> vista: 55 (1.07km)<br>&nbsp;&nbsp;&nbsp; radar: 60 (1,17 km)<br>&nbsp;&nbsp;&nbsp; sonar: 40 (781 m)<br>&nbsp;&nbsp;&nbsp; vista de agua: 42 (820m)<br><strong>F\u00edsica:<br><\/strong>&nbsp;&nbsp;&nbsp; velocidad m\u00e1xima: 6 (117 m \/ s)<br>&nbsp;&nbsp;&nbsp; velocidad de giro: 25<br><strong>Veterancia:<\/strong> 30, 60, 150, 300, 600 muertes<br><em>* veterano nivel 2: +1800 hp<br>* veterano nivel 4: +1800 CV<br>* veterano nivel 5: repara 3 hp \/ s<\/em><\/p>\n<\/div><\/div>\n\n\n\n<div class=\"wp-block-uagb-column uagb-column__wrap uagb-column__background-undefined uagb-block-b3c38516\"><div class=\"uagb-column__overlay\"><\/div><div class=\"uagb-column__inner-wrap\">\n<h3 class=\"wp-block-heading\">Armas Valientes<\/h3>\n\n\n\n<p><strong>2x ca\u00f1\u00f3n Gauss<\/strong><br><em>(Fuego directo naval)<\/em> 100,00 dps<br><strong>zona:<\/strong> 1 (19,5 m)<br><strong>rango:<\/strong> 80 (1,56 km)<br><strong>arma de proyectil:<\/strong> 300 de da\u00f1o x 2 proyectiles = 600 de da\u00f1o por salva<br><strong>cadencia de fuego:<\/strong> 1\/6 (cada 6 segundos)<br><em>* veterano nivel 1: +75 de da\u00f1o<br>* veterano nivel 3: +75 de da\u00f1o<br><\/em><br><strong>Railgun vinculado<\/strong><br><em>(Anti aire)<\/em> 9,00 dps<br><strong>rango:<\/strong> 66 (1,29 km)<br><strong>arma de proyectil:<\/strong> 3 da\u00f1os x 2 proyectiles = 6 da\u00f1os por salva<br><strong>cadencia de fuego:<\/strong> 1,5 (cada 0,67 s)<br><em>* veterano nivel 1: +1 da\u00f1o<br>* veterano nivel 3: +1 da\u00f1o<\/em><\/p>\n\n\n\n<p><strong>Torpedo pescador<\/strong><br><em>(Anti Marina)<\/em> 37,50 dps<br><strong>rango:<\/strong> 32 (625 m)<br><strong>arma de proyectil:<\/strong> 150 da\u00f1os<br><strong>cadencia de fuego:<\/strong> 0,25 (cada 4 s)<br><em>* veterano nivel 1: +38 de da\u00f1o<br>* veterano nivel 3: +38 de da\u00f1o<br><\/em><br><strong>AntiTorpedo de carga inteligente<\/strong><br><em>(Defensa)<\/em> 0,20 dps<br><strong>rango:<\/strong> 25 (488m)<br><strong>arma de proyectil:<\/strong> 1 da\u00f1o<br><strong>cadencia de fuego:<\/strong> 0,1 (cada 10 s)<\/p>\n<\/div><\/div>\n<\/div><\/section>\n<\/div><\/div>\n<\/div><\/section>","protected":false},"excerpt":{"rendered":"<p>GOVERNOR CLASS CRUISER The cruiser is where the UEF&#8217;s philosophy of throwing brute force guns onto a heavily armored platform shines. Cruisers, far from being &#8220;just big anti-air boats&#8221;, have tactical missiles with range approaching a real tactical missile launcher, SAM missiles that don&#8217;t do the damage of a real SAM site but work just [&hellip;]<\/p>","protected":false},"author":1,"featured_media":0,"parent":231,"menu_order":0,"comment_status":"open","ping_status":"closed","template":"","meta":{"_uag_custom_page_level_css":"","site-sidebar-layout":"default","site-content-layout":"default","ast-site-content-layout":"","site-content-style":"default","site-sidebar-style":"default","ast-global-header-display":"","ast-banner-title-visibility":"","ast-main-header-display":"","ast-hfb-above-header-display":"","ast-hfb-below-header-display":"","ast-hfb-mobile-header-display":"","site-post-title":"","ast-breadcrumbs-content":"","ast-featured-img":"","footer-sml-layout":"","theme-transparent-header-meta":"default","adv-header-id-meta":"","stick-header-meta":"","header-above-stick-meta":"","header-main-stick-meta":"","header-below-stick-meta":"","astra-migrate-meta-layouts":"default","ast-page-background-enabled":"default","ast-page-background-meta":{"desktop":{"background-color":"","background-image":"","background-repeat":"repeat","background-position":"center center","background-size":"auto","background-attachment":"scroll","background-type":"","background-media":"","overlay-type":"","overlay-color":"","overlay-gradient":""},"tablet":{"background-color":"","background-image":"","background-repeat":"repeat","background-position":"center center","background-size":"auto","background-attachment":"scroll","background-type":"","background-media":"","overlay-type":"","overlay-color":"","overlay-gradient":""},"mobile":{"background-color":"","background-image":"","background-repeat":"repeat","background-position":"center center","background-size":"auto","background-attachment":"scroll","background-type":"","background-media":"","overlay-type":"","overlay-color":"","overlay-gradient":""}},"ast-content-background-meta":{"desktop":{"background-color":"var(--ast-global-color-5)","background-image":"","background-repeat":"repeat","background-position":"center center","background-size":"auto","background-attachment":"scroll","background-type":"","background-media":"","overlay-type":"","overlay-color":"","overlay-gradient":""},"tablet":{"background-color":"var(--ast-global-color-5)","background-image":"","background-repeat":"repeat","background-position":"center center","background-size":"auto","background-attachment":"scroll","background-type":"","background-media":"","overlay-type":"","overlay-color":"","overlay-gradient":""},"mobile":{"background-color":"var(--ast-global-color-5)","background-image":"","background-repeat":"repeat","background-position":"center center","background-size":"auto","background-attachment":"scroll","background-type":"","background-media":"","overlay-type":"","overlay-color":"","overlay-gradient":""}},"footnotes":""},"uagb_featured_image_src":{"full":false,"thumbnail":false,"medium":false,"medium_large":false,"large":false,"1536x1536":false,"2048x2048":false,"trp-custom-language-flag":false},"uagb_author_info":{"display_name":"SOE","author_link":"https:\/\/supcom.standardof.net\/es\/author\/k-tastic\/"},"uagb_comment_info":0,"uagb_excerpt":"GOVERNOR CLASS CRUISER The cruiser is where the UEF&#8217;s philosophy of throwing brute force guns onto a heavily armored platform shines. Cruisers, far from being &#8220;just big anti-air boats&#8221;, have tactical missiles with range approaching a real tactical missile launcher, SAM missiles that don&#8217;t do the damage of a real SAM site but work just&hellip;","_links":{"self":[{"href":"https:\/\/supcom.standardof.net\/es\/wp-json\/wp\/v2\/pages\/393"}],"collection":[{"href":"https:\/\/supcom.standardof.net\/es\/wp-json\/wp\/v2\/pages"}],"about":[{"href":"https:\/\/supcom.standardof.net\/es\/wp-json\/wp\/v2\/types\/page"}],"author":[{"embeddable":true,"href":"https:\/\/supcom.standardof.net\/es\/wp-json\/wp\/v2\/users\/1"}],"replies":[{"embeddable":true,"href":"https:\/\/supcom.standardof.net\/es\/wp-json\/wp\/v2\/comments?post=393"}],"version-history":[{"count":0,"href":"https:\/\/supcom.standardof.net\/es\/wp-json\/wp\/v2\/pages\/393\/revisions"}],"up":[{"embeddable":true,"href":"https:\/\/supcom.standardof.net\/es\/wp-json\/wp\/v2\/pages\/231"}],"wp:attachment":[{"href":"https:\/\/supcom.standardof.net\/es\/wp-json\/wp\/v2\/media?parent=393"}],"curies":[{"name":"wp","href":"https:\/\/api.w.org\/{rel}","templated":true}]}}