{"id":402,"date":"2020-11-01T14:21:49","date_gmt":"2020-11-01T19:21:49","guid":{"rendered":"https:\/\/supcom.standardof.net\/?page_id=402"},"modified":"2020-11-03T23:08:20","modified_gmt":"2020-11-04T04:08:20","slug":"tech-3-uef-naval-units","status":"publish","type":"page","link":"https:\/\/supcom.standardof.net\/es\/supreme-commander\/uef\/tech-3-uef-unidades-navales\/","title":{"rendered":"Tech 3 - Unidades navales UEF"},"content":{"rendered":"<div class=\"wp-block-uagb-table-of-contents uagb-toc__align-left uagb-toc__columns-1  uagb-block-8b8565f8\"\n\t\t\t\t\tdata-scroll= \"1\"\n\t\t\t\t\tdata-offset= \"30\"\n\t\t\t\t\tstyle=\"\"\n\t\t\t\t>\n\t\t\t\t<div class=\"uagb-toc__wrap\">\n\t\t\t\t\t\t<div class=\"uagb-toc__title\">\n\t\t\t\t\t\t\tUnidades navales UEF Tech 3:\t\t\t\t\t\t<\/div>\n\t\t\t\t\t\t\t\t\t\t\t\t\t\t\t\t<div class=\"uagb-toc__list-wrap\">\n\t\t\t\t\t\t<ol class=\"uagb-toc__list\"><li class=\"uagb-toc__list\"><a href=\"#summit-class-battleship\" class=\"uagb-toc-link__trigger\">BATALLA DE CLASE SUMMIT<\/a><li class=\"uagb-toc__list\"><a href=\"#ace-strategic-missile-submarine\" class=\"uagb-toc-link__trigger\">ACE - SUBMARINO ESTRAT\u00c9GICO DE MISILES<\/a><\/ol>\t\t\t\t\t<\/div>\n\t\t\t\t\t\t\t\t\t<\/div>\n\t\t\t\t<\/div>\n\t\t\t\n\n\n<section class=\"wp-block-uagb-columns uagb-columns__wrap uagb-columns__background-undefined uagb-columns__stack-mobile uagb-columns__valign-undefined uagb-columns__gap-10 alignundefined uagb-block-3e7fce68\"><div class=\"uagb-columns__overlay\"><\/div><div class=\"uagb-columns__inner-wrap uagb-columns__columns-1\">\n<div class=\"wp-block-uagb-column uagb-column__wrap uagb-column__background-undefined uagb-block-c87fdc65\"><div class=\"uagb-column__overlay\"><\/div><div class=\"uagb-column__inner-wrap\">\n<h2 class=\"wp-block-heading\"><strong>CUMBRE <\/strong>BATALLA DE CLASE<\/h2>\n\n\n\n<p><a href=\"https:\/\/www.standardof.net\/wp-content\/uploads\/2011\/10\/Battleship-Summit-Class.jpg\" class=\"rank-math-link\" target=\"_blank\" rel=\"noopener\"><\/a>El acorazado es b\u00e1sicamente una unidad experimental que puedes construir en tu f\u00e1brica naval. Tiene cantidades imp\u00edas de blindaje, defensas t\u00e1cticas de misiles para asegurarse de que no lo eliminen las defensas en tierra antes de que se pronuncie al respecto, y ca\u00f1ones antia\u00e9reos dise\u00f1ados para matar ca\u00f1oneras en lugar de bombarderos (que sus cruceros ya deber\u00edan ser manejo). Como todos los acorazados, tiene un tr\u00edo de (b\u00e1sicamente) piezas de artiller\u00eda T2 como armas principales, lo que le permite permanecer lejos de la costa y atacar las defensas terrestres en sus propios t\u00e9rminos, mientras mata a la flota Cybran antes de que pueda acercarse al alcance de los torpedos. No env\u00ede esto solo, ya que no tiene forma de defenderse de los submarinos.<\/p>\n\n\n\n<div class=\"wp-block-image\"><figure class=\"aligncenter size-large\"><a href=\"https:\/\/supcom.standardof.net\/es\/supreme-commander\/uef\/tech-3-uef-unidades-navales\/battleship-summit-class-supreme-commander-uef-navy-units-t3\/\"><img decoding=\"async\" width=\"600\" height=\"391\" src=\"https:\/\/supcom.standardof.net\/wp-content\/uploads\/sites\/8\/2020\/11\/Battleship-Summit-Class-Supreme-Commander-UEF-Navy-Units-T3.jpg\" alt=\"El acorazado clase Summit, unidad naval UEF Tech 3 en Supreme Commander.\" class=\"wp-image-405\" srcset=\"https:\/\/supcom.standardof.net\/wp-content\/uploads\/sites\/8\/2020\/11\/Battleship-Summit-Class-Supreme-Commander-UEF-Navy-Units-T3.jpg 600w, https:\/\/supcom.standardof.net\/wp-content\/uploads\/sites\/8\/2020\/11\/Battleship-Summit-Class-Supreme-Commander-UEF-Navy-Units-T3-512x334.jpg 512w, https:\/\/supcom.standardof.net\/wp-content\/uploads\/sites\/8\/2020\/11\/Battleship-Summit-Class-Supreme-Commander-UEF-Navy-Units-T3-200x130.jpg 200w, https:\/\/supcom.standardof.net\/wp-content\/uploads\/sites\/8\/2020\/11\/Battleship-Summit-Class-Supreme-Commander-UEF-Navy-Units-T3-16x10.jpg 16w\" sizes=\"(max-width: 600px) 100vw, 600px\" \/><\/a><figcaption>BATALLA DE CLASE SUMMIT<\/figcaption><\/figure><\/div>\n\n\n\n<section class=\"wp-block-uagb-columns uagb-columns__wrap uagb-columns__background-undefined uagb-columns__stack-mobile uagb-columns__valign-undefined uagb-columns__gap-10 alignundefined uagb-block-424dbb9e\"><div class=\"uagb-columns__overlay\"><\/div><div class=\"uagb-columns__inner-wrap uagb-columns__columns-2\">\n<div class=\"wp-block-uagb-column uagb-column__wrap uagb-column__background-undefined uagb-block-2c20043b\"><div class=\"uagb-column__overlay\"><\/div><div class=\"uagb-column__inner-wrap\">\n<h3 class=\"wp-block-heading\">Estad\u00edsticas de la cumbre<\/h3>\n\n\n\n<p><strong>Armadura:<\/strong> 60000 CV<br><strong>Habilidades:<\/strong> Defensa contra misiles: t\u00e1ctica<br><strong>Costo:<\/strong> M20000, E160000, T24000<br><strong>Intel:<\/strong> vista: 70 (1.37km)<br>radar: 100 (1,95 km)<br>sonar: 32 (625 m)<br>vista de agua: 50 (977m)<br><strong>F\u00edsica:<\/strong> velocidad m\u00e1xima: 4.675 (91.3 m \/ s)<br>velocidad de giro: 15<br><strong>Veterancia:<\/strong> 50, 100, 250, 500, 1000 muertes<br><em>* veterano nivel 2: +15000 hp<br>* veterano nivel 4: +15000 hp<br>* veterano nivel 5: repara 3 hp \/ s<\/em><\/p>\n<\/div><\/div>\n\n\n\n<div class=\"wp-block-uagb-column uagb-column__wrap uagb-column__background-undefined uagb-block-8147a997\"><div class=\"uagb-column__overlay\"><\/div><div class=\"uagb-column__inner-wrap\">\n<h3 class=\"wp-block-heading\">Armas de la cumbre<\/h3>\n\n\n\n<p><strong>3x Ca\u00f1\u00f3n Gauss<\/strong><br><em>(Fuego directo naval)<\/em> 150,00 dps<br><strong>zona:<\/strong> 2 (39,1 m)<br><strong>rango:<\/strong> 128 (2,50 km)<br><strong>arma de proyectil:<\/strong> 600 de da\u00f1o x 3 proyectiles = 1800 de da\u00f1o por salva<br><strong>cadencia de fuego:<\/strong> 0.08333333 (cada 12 segundos)<br><em>* veterano nivel 1: +150 de da\u00f1o<br>* veterano nivel 3: +150 de da\u00f1o<\/em><\/p>\n\n\n\n<p><strong>4x Ca\u00f1\u00f3n de riel vinculado<\/strong><br><em>(Anti aire)<\/em> 40,00 dps<br><strong>rango:<\/strong> 60 (1,17 km)<br><strong>arma de proyectil:<\/strong> 10 de da\u00f1o x 2 proyectiles = 20 de da\u00f1o por salva<br><strong>cadencia de fuego:<\/strong> 2 (cada 0,5 s)<br><em>* veterano nivel 1: +3 de da\u00f1o<br>* veterano nivel 3: +3 de da\u00f1o<\/em><\/p>\n\n\n\n<p><strong>2x Phalanx Anti Misil<\/strong><br><em>(Defensa)<\/em> 4.50 dps<br><strong>rango:<\/strong> 32 (625 m)<br><strong>arma de haz:<\/strong> 1 da\u00f1o x 1 rayo cada 0,25 s durante 0,5 s = 3 por salva<br><strong>cadencia de fuego:<\/strong> 3 (cada 0,33 s)<\/p>\n<\/div><\/div>\n<\/div><\/section>\n<\/div><\/div>\n<\/div><\/section>\n\n\n\n<section class=\"wp-block-uagb-columns uagb-columns__wrap uagb-columns__background-undefined uagb-columns__stack-mobile uagb-columns__valign-undefined uagb-columns__gap-10 alignundefined uagb-block-e551c388\"><div class=\"uagb-columns__overlay\"><\/div><div class=\"uagb-columns__inner-wrap uagb-columns__columns-1\">\n<div class=\"wp-block-uagb-column uagb-column__wrap uagb-column__background-undefined uagb-block-10dad4fa\"><div class=\"uagb-column__overlay\"><\/div><div class=\"uagb-column__inner-wrap\">\n<h2 class=\"wp-block-heading\"><strong>AS <\/strong>- SUBMARINO ESTRAT\u00c9GICO DE MISILES<\/h2>\n\n\n\n<p><a href=\"https:\/\/www.standardof.net\/wp-content\/uploads\/2011\/10\/Strategic-Missile-Submarine-Ace.jpg\" class=\"rank-math-link\" target=\"_blank\" rel=\"noopener\"><\/a>El hecho de que su arma nuclear venga en un submarino no significa que sea menos doloroso de construir. Recuerde no construir esto en su \u00fanica f\u00e1brica naval, ya que pronto se sentir\u00e1 abrumado. Sin embargo, cuando est\u00e1 activo, el UEF tiene la ventaja de poder enmascarar sus ataques con misiles de crucero con misiles de crucero reales para que el oponente no sepa que tienes uno. Si tiene suficiente apoyo de fuego de su flota regular, el submarino podr\u00e1 atravesar uno o dos disparos de sus misiles t\u00e1cticos, que matan a los barcos T1 o un crucero de un solo disparo. Mientras luchas en lo que probablemente sea una batalla perdida (porque has estado haciendo un submarino en lugar de una flota mar\u00edtima), tu submarino nuclear puede regresar a casa sano y salvo y vivir para atacarlo otro d\u00eda. Las armas nucleares que construye son m\u00e1s caras, pero el submarino en s\u00ed es considerablemente m\u00e1s barato que un acorazado.<\/p>\n\n\n\n<div class=\"wp-block-image\"><figure class=\"aligncenter size-large\"><a href=\"https:\/\/supcom.standardof.net\/es\/supreme-commander\/uef\/tech-3-uef-unidades-navales\/strategic-missile-submarine-ace-supreme-commander-uef-navy-units-t3\/\"><img decoding=\"async\" width=\"580\" height=\"450\" src=\"https:\/\/supcom.standardof.net\/wp-content\/uploads\/sites\/8\/2020\/11\/Strategic-Missile-Submarine-Ace-Supreme-Commander-UEF-Navy-Units-T3.jpg\" alt=\"El Submarino Ace Strategic Missile, unidad naval UEF Tech 3 en Supreme Commander.\" class=\"wp-image-404\" srcset=\"https:\/\/supcom.standardof.net\/wp-content\/uploads\/sites\/8\/2020\/11\/Strategic-Missile-Submarine-Ace-Supreme-Commander-UEF-Navy-Units-T3.jpg 580w, https:\/\/supcom.standardof.net\/wp-content\/uploads\/sites\/8\/2020\/11\/Strategic-Missile-Submarine-Ace-Supreme-Commander-UEF-Navy-Units-T3-512x397.jpg 512w, https:\/\/supcom.standardof.net\/wp-content\/uploads\/sites\/8\/2020\/11\/Strategic-Missile-Submarine-Ace-Supreme-Commander-UEF-Navy-Units-T3-200x155.jpg 200w, https:\/\/supcom.standardof.net\/wp-content\/uploads\/sites\/8\/2020\/11\/Strategic-Missile-Submarine-Ace-Supreme-Commander-UEF-Navy-Units-T3-16x12.jpg 16w\" sizes=\"(max-width: 580px) 100vw, 580px\" \/><\/a><figcaption>ACE - SUBMARINO ESTRAT\u00c9GICO DE MISILES<\/figcaption><\/figure><\/div>\n\n\n\n<section class=\"wp-block-uagb-columns uagb-columns__wrap uagb-columns__background-undefined uagb-columns__stack-mobile uagb-columns__valign-undefined uagb-columns__gap-10 alignundefined uagb-block-e330a27e\"><div class=\"uagb-columns__overlay\"><\/div><div class=\"uagb-columns__inner-wrap uagb-columns__columns-2\">\n<div class=\"wp-block-uagb-column uagb-column__wrap uagb-column__background-undefined uagb-block-67803d0a\"><div class=\"uagb-column__overlay\"><\/div><div class=\"uagb-column__inner-wrap\">\n<h3 class=\"wp-block-heading\">Estad\u00edsticas de Ace<\/h3>\n\n\n\n<p><strong>Armadura:<\/strong> 4000 CV<br><strong>Habilidades:<\/strong> Sumergible, Sonar, Construcci\u00f3n manual, Lanzamiento manual<br><strong>Costo:<\/strong> M10000, E60000, T15000<br><strong>Intel:<\/strong> vista: 16 (313m)<br>sonar: 75 (1,46 km)<br>vista de agua: 24 (469m)<br><strong>F\u00edsica<br><\/strong>&nbsp;&nbsp;&nbsp; velocidad m\u00e1xima: 2,55 (49,8 m \/ s)<br>velocidad de giro: 25<br><strong>Veterancia:<\/strong> 50, 100, 250, 500, 1000 muertes<br><em>* veterano nivel 2: +1000 hp<br>* veterano nivel 4: +1000 hp<br>* veterano nivel 5: repara 3 hp \/ s<\/em><\/p>\n<\/div><\/div>\n\n\n\n<div class=\"wp-block-uagb-column uagb-column__wrap uagb-column__background-undefined uagb-block-65665288\"><div class=\"uagb-column__overlay\"><\/div><div class=\"uagb-column__inner-wrap\">\n<h3 class=\"wp-block-heading\">Armas Ace<\/h3>\n\n\n\n<p><strong>Misil de crucero de largo alcance<br><\/strong> <em>(Misil)<\/em> 200,00 dps<br><strong>zona:<\/strong> 3 (58,6 m)<br><strong>rango:<\/strong> 128 (2,50 km)<br><strong>arma de proyectil:<\/strong> 2000 da\u00f1os<br><strong>cadencia de fuego:<\/strong> 0,1 (cada 10 s)<br><em>* veterano nivel 1: +750 de da\u00f1o<br>* veterano nivel 3: +750 de da\u00f1o<br><\/em><br><strong>Cabeza explosiva nuclear<\/strong><br><em>(Misil)<\/em><br>da\u00f1o del anillo interior: 35000<br>radio del anillo interior: 30 (586 m)<br>da\u00f1o del anillo exterior: 500<br>radio del anillo exterior: 40 (781 m)<br><strong>almacenamiento:<\/strong> 2 misiles<\/p>\n<\/div><\/div>\n<\/div><\/section>\n<\/div><\/div>\n<\/div><\/section>","protected":false},"excerpt":{"rendered":"<p>SUMMIT CLASS BATTLESHIP The Battleship is basically an experimental unit that you can build in your naval factory. It has ungodly amounts of armor, tactical missile defenses to make sure it isn&#8217;t taken out by shore defenses before it&#8217;s had its say in the matter, and anti-air guns designed to kill gunships rather than bombers [&hellip;]<\/p>","protected":false},"author":1,"featured_media":0,"parent":231,"menu_order":0,"comment_status":"open","ping_status":"closed","template":"","meta":{"_uag_custom_page_level_css":"","site-sidebar-layout":"default","site-content-layout":"default","ast-site-content-layout":"","site-content-style":"default","site-sidebar-style":"default","ast-global-header-display":"","ast-banner-title-visibility":"","ast-main-header-display":"","ast-hfb-above-header-display":"","ast-hfb-below-header-display":"","ast-hfb-mobile-header-display":"","site-post-title":"","ast-breadcrumbs-content":"","ast-featured-img":"","footer-sml-layout":"","theme-transparent-header-meta":"default","adv-header-id-meta":"","stick-header-meta":"","header-above-stick-meta":"","header-main-stick-meta":"","header-below-stick-meta":"","astra-migrate-meta-layouts":"default","ast-page-background-enabled":"default","ast-page-background-meta":{"desktop":{"background-color":"","background-image":"","background-repeat":"repeat","background-position":"center center","background-size":"auto","background-attachment":"scroll","background-type":"","background-media":"","overlay-type":"","overlay-color":"","overlay-gradient":""},"tablet":{"background-color":"","background-image":"","background-repeat":"repeat","background-position":"center center","background-size":"auto","background-attachment":"scroll","background-type":"","background-media":"","overlay-type":"","overlay-color":"","overlay-gradient":""},"mobile":{"background-color":"","background-image":"","background-repeat":"repeat","background-position":"center center","background-size":"auto","background-attachment":"scroll","background-type":"","background-media":"","overlay-type":"","overlay-color":"","overlay-gradient":""}},"ast-content-background-meta":{"desktop":{"background-color":"var(--ast-global-color-5)","background-image":"","background-repeat":"repeat","background-position":"center center","background-size":"auto","background-attachment":"scroll","background-type":"","background-media":"","overlay-type":"","overlay-color":"","overlay-gradient":""},"tablet":{"background-color":"var(--ast-global-color-5)","background-image":"","background-repeat":"repeat","background-position":"center center","background-size":"auto","background-attachment":"scroll","background-type":"","background-media":"","overlay-type":"","overlay-color":"","overlay-gradient":""},"mobile":{"background-color":"var(--ast-global-color-5)","background-image":"","background-repeat":"repeat","background-position":"center center","background-size":"auto","background-attachment":"scroll","background-type":"","background-media":"","overlay-type":"","overlay-color":"","overlay-gradient":""}},"footnotes":""},"uagb_featured_image_src":{"full":false,"thumbnail":false,"medium":false,"medium_large":false,"large":false,"1536x1536":false,"2048x2048":false,"trp-custom-language-flag":false},"uagb_author_info":{"display_name":"SOE","author_link":"https:\/\/supcom.standardof.net\/es\/author\/k-tastic\/"},"uagb_comment_info":0,"uagb_excerpt":"SUMMIT CLASS BATTLESHIP The Battleship is basically an experimental unit that you can build in your naval factory. It has ungodly amounts of armor, tactical missile defenses to make sure it isn&#8217;t taken out by shore defenses before it&#8217;s had its say in the matter, and anti-air guns designed to kill gunships rather than bombers&hellip;","_links":{"self":[{"href":"https:\/\/supcom.standardof.net\/es\/wp-json\/wp\/v2\/pages\/402"}],"collection":[{"href":"https:\/\/supcom.standardof.net\/es\/wp-json\/wp\/v2\/pages"}],"about":[{"href":"https:\/\/supcom.standardof.net\/es\/wp-json\/wp\/v2\/types\/page"}],"author":[{"embeddable":true,"href":"https:\/\/supcom.standardof.net\/es\/wp-json\/wp\/v2\/users\/1"}],"replies":[{"embeddable":true,"href":"https:\/\/supcom.standardof.net\/es\/wp-json\/wp\/v2\/comments?post=402"}],"version-history":[{"count":0,"href":"https:\/\/supcom.standardof.net\/es\/wp-json\/wp\/v2\/pages\/402\/revisions"}],"up":[{"embeddable":true,"href":"https:\/\/supcom.standardof.net\/es\/wp-json\/wp\/v2\/pages\/231"}],"wp:attachment":[{"href":"https:\/\/supcom.standardof.net\/es\/wp-json\/wp\/v2\/media?parent=402"}],"curies":[{"name":"wp","href":"https:\/\/api.w.org\/{rel}","templated":true}]}}