{"id":459,"date":"2020-11-01T16:36:20","date_gmt":"2020-11-01T21:36:20","guid":{"rendered":"https:\/\/supcom.standardof.net\/?page_id=459"},"modified":"2020-11-03T23:11:17","modified_gmt":"2020-11-04T04:11:17","slug":"tech-2-uef-economy-buildings","status":"publish","type":"page","link":"https:\/\/supcom.standardof.net\/es\/supreme-commander\/uef\/tech-2-uef-economy-edificios\/","title":{"rendered":"Tech 2 - Edificios econ\u00f3micos UEF"},"content":{"rendered":"<div class=\"wp-block-uagb-table-of-contents uagb-toc__align-left uagb-toc__columns-1  uagb-block-6da7b412\"\n\t\t\t\t\tdata-scroll= \"1\"\n\t\t\t\t\tdata-offset= \"30\"\n\t\t\t\t\tstyle=\"\"\n\t\t\t\t>\n\t\t\t\t<div class=\"uagb-toc__wrap\">\n\t\t\t\t\t\t<div class=\"uagb-toc__title\">\n\t\t\t\t\t\t\tEdificios econ\u00f3micos UEF Tech 2:\t\t\t\t\t\t<\/div>\n\t\t\t\t\t\t\t\t\t\t\t\t\t\t\t\t<div class=\"uagb-toc__list-wrap\">\n\t\t\t\t\t\t<ol class=\"uagb-toc__list\"><li class=\"uagb-toc__list\"><a href=\"#tech-2-uef-land-factory\" class=\"uagb-toc-link__trigger\">TECH 2 UEF LAND FACTORY<\/a><li class=\"uagb-toc__list\"><a href=\"#tech-2-uef-air-factory\" class=\"uagb-toc-link__trigger\">F\u00c1BRICA DE AIRE TECH 2 UEF<\/a><li class=\"uagb-toc__list\"><a href=\"#tech-2-uef-naval-factory\" class=\"uagb-toc-link__trigger\">F\u00c1BRICA NAVAL TECH 2 UEF<\/a><li class=\"uagb-toc__list\"><a href=\"#mass-pump-t2-mass-extractor\" class=\"uagb-toc-link__trigger\">BOMBA DE MASA - EXTRACTOR DE MASA T2<\/a><li class=\"uagb-toc__list\"><a href=\"#eg-200-fusion-reactor-t2-power-generator\" class=\"uagb-toc-link__trigger\">REACTOR DE FUSI\u00d3N EG-200 - GENERADOR DE ENERG\u00cdA T2<\/a><\/ol>\t\t\t\t\t<\/div>\n\t\t\t\t\t\t\t\t\t<\/div>\n\t\t\t\t<\/div>\n\t\t\t\n\n\n<section class=\"wp-block-uagb-columns uagb-columns__wrap uagb-columns__background-undefined uagb-columns__stack-mobile uagb-columns__valign-undefined uagb-columns__gap-10 alignundefined uagb-block-51325417\"><div class=\"uagb-columns__overlay\"><\/div><div class=\"uagb-columns__inner-wrap uagb-columns__columns-1\">\n<div class=\"wp-block-uagb-column uagb-column__wrap uagb-column__background-undefined uagb-block-529d6a7b\"><div class=\"uagb-column__overlay\"><\/div><div class=\"uagb-column__inner-wrap\">\n<h2 class=\"wp-block-heading\"><strong>TECH 2 UEF LAND FACTORY<\/strong><\/h2>\n\n\n\n<p><a href=\"https:\/\/www.standardof.net\/wp-content\/uploads\/2012\/12\/TECH-2-UEF-LAND-FACTORY.png\" class=\"rank-math-link\" target=\"_blank\" rel=\"noopener\"><\/a>En el nivel T2, su f\u00e1brica no es vulnerable a ataques sorpresa y suele ser el \u00faltimo edificio en morir. Sigue siendo dos veces m\u00e1s r\u00e1pido que su ingeniero del mismo nivel.<\/p>\n\n\n\n<div class=\"wp-block-image\"><figure class=\"aligncenter size-large\"><a href=\"https:\/\/supcom.standardof.net\/es\/supreme-commander\/uef\/tech-2-uef-economy-edificios\/land-factory-supreme-commander-uef-economy-buildings-t2\/\"><img decoding=\"async\" width=\"536\" height=\"466\" src=\"https:\/\/supcom.standardof.net\/wp-content\/uploads\/sites\/8\/2020\/11\/LAND-FACTORY-Supreme-Commander-UEF-Economy-Buildings-T2.jpg\" alt=\"T2 Land Factory, edificio econ\u00f3mico UEF Tech 2 en Supreme Commander.\" class=\"wp-image-463\" srcset=\"https:\/\/supcom.standardof.net\/wp-content\/uploads\/sites\/8\/2020\/11\/LAND-FACTORY-Supreme-Commander-UEF-Economy-Buildings-T2.jpg 536w, https:\/\/supcom.standardof.net\/wp-content\/uploads\/sites\/8\/2020\/11\/LAND-FACTORY-Supreme-Commander-UEF-Economy-Buildings-T2-512x445.jpg 512w, https:\/\/supcom.standardof.net\/wp-content\/uploads\/sites\/8\/2020\/11\/LAND-FACTORY-Supreme-Commander-UEF-Economy-Buildings-T2-200x174.jpg 200w, https:\/\/supcom.standardof.net\/wp-content\/uploads\/sites\/8\/2020\/11\/LAND-FACTORY-Supreme-Commander-UEF-Economy-Buildings-T2-14x12.jpg 14w\" sizes=\"(max-width: 536px) 100vw, 536px\" \/><\/a><figcaption>TECH 2 UEF LAND FACTORY<\/figcaption><\/figure><\/div>\n\n\n\n<section class=\"wp-block-uagb-columns uagb-columns__wrap uagb-columns__background-undefined uagb-columns__stack-mobile uagb-columns__valign-undefined uagb-columns__gap-10 alignundefined uagb-block-fa8ad340\"><div class=\"uagb-columns__overlay\"><\/div><div class=\"uagb-columns__inner-wrap uagb-columns__columns-2\">\n<div class=\"wp-block-uagb-column uagb-column__wrap uagb-column__background-undefined uagb-block-359732ab\"><div class=\"uagb-column__overlay\"><\/div><div class=\"uagb-column__inner-wrap\">\n<h3 class=\"wp-block-heading\">Estad\u00edsticas de T2 Land Factory<\/h3>\n\n\n\n<p><strong>Armadura:<\/strong> 9000 CV<br><strong>Habilidades: <\/strong>Actualizable<br><strong>Costo:<\/strong> M900, E7200 y T1800<br>tasa de construcci\u00f3n: 20<br>&nbsp;&nbsp;&nbsp;&nbsp; almacenamiento: M160, E800<br><strong>Intel<\/strong><br>vista: 20 (391m)<br><strong>F\u00edsica<\/strong><br>tama\u00f1o de la adyacencia: 16<\/p>\n<\/div><\/div>\n\n\n\n<div class=\"wp-block-uagb-column uagb-column__wrap uagb-column__background-undefined uagb-block-2b8d0d16\"><div class=\"uagb-column__overlay\"><\/div><div class=\"uagb-column__inner-wrap\"><\/div><\/div>\n<\/div><\/section>\n<\/div><\/div>\n<\/div><\/section>\n\n\n\n<section class=\"wp-block-uagb-columns uagb-columns__wrap uagb-columns__background-undefined uagb-columns__stack-mobile uagb-columns__valign-undefined uagb-columns__gap-10 alignundefined uagb-block-06adabfb\"><div class=\"uagb-columns__overlay\"><\/div><div class=\"uagb-columns__inner-wrap uagb-columns__columns-1\">\n<div class=\"wp-block-uagb-column uagb-column__wrap uagb-column__background-undefined uagb-block-6f94bcfe\"><div class=\"uagb-column__overlay\"><\/div><div class=\"uagb-column__inner-wrap\">\n<h2 class=\"wp-block-heading\"><strong>F\u00c1BRICA DE AIRE TECH 2 UEF<\/strong><\/h2>\n\n\n\n<p><a href=\"https:\/\/www.standardof.net\/wp-content\/uploads\/2012\/12\/TECH-2-UEF-AIR-FACTORY.png\" class=\"rank-math-link\" target=\"_blank\" rel=\"noopener\"><\/a>La actualizaci\u00f3n de la f\u00e1brica T2 air es m\u00e1s lenta que la actualizaci\u00f3n de la f\u00e1brica T2 terrestre, por lo que si es hora de mejorar la tecnolog\u00eda y solo desea ingenieros, h\u00e1galo m\u00e1s tarde.<\/p>\n\n\n\n<div class=\"wp-block-image\"><figure class=\"aligncenter size-large\"><a href=\"https:\/\/supcom.standardof.net\/es\/supreme-commander\/uef\/tech-2-uef-economy-edificios\/air-factory-supreme-commander-uef-economy-buildings-t2\/\"><img decoding=\"async\" width=\"486\" height=\"455\" src=\"https:\/\/supcom.standardof.net\/wp-content\/uploads\/sites\/8\/2020\/11\/AIR-FACTORY-Supreme-Commander-UEF-Economy-Buildings-T2.jpg\" alt=\"El T2 Air Factory, edificio econ\u00f3mico UEF Tech 2 en Supreme Commander.\" class=\"wp-image-461\" srcset=\"https:\/\/supcom.standardof.net\/wp-content\/uploads\/sites\/8\/2020\/11\/AIR-FACTORY-Supreme-Commander-UEF-Economy-Buildings-T2.jpg 486w, https:\/\/supcom.standardof.net\/wp-content\/uploads\/sites\/8\/2020\/11\/AIR-FACTORY-Supreme-Commander-UEF-Economy-Buildings-T2-200x187.jpg 200w, https:\/\/supcom.standardof.net\/wp-content\/uploads\/sites\/8\/2020\/11\/AIR-FACTORY-Supreme-Commander-UEF-Economy-Buildings-T2-13x12.jpg 13w\" sizes=\"(max-width: 486px) 100vw, 486px\" \/><\/a><figcaption>F\u00c1BRICA DE AIRE TECH 2 UEF<\/figcaption><\/figure><\/div>\n\n\n\n<section class=\"wp-block-uagb-columns uagb-columns__wrap uagb-columns__background-undefined uagb-columns__stack-mobile uagb-columns__valign-undefined uagb-columns__gap-10 alignundefined uagb-block-ee2b3b71\"><div class=\"uagb-columns__overlay\"><\/div><div class=\"uagb-columns__inner-wrap uagb-columns__columns-2\">\n<div class=\"wp-block-uagb-column uagb-column__wrap uagb-column__background-undefined uagb-block-b571f53c\"><div class=\"uagb-column__overlay\"><\/div><div class=\"uagb-column__inner-wrap\">\n<h3 class=\"wp-block-heading\">Estad\u00edsticas de T2 Air Factory<\/h3>\n\n\n\n<p><strong>Armadura:<\/strong> 9000 CV<br><strong>Habilidades: <\/strong>Actualizable<br><strong>Costo:<\/strong> M900, E13500, T2250<br>tasa de construcci\u00f3n: 20<br>&nbsp;&nbsp;&nbsp;&nbsp; almacenamiento: M160, E800<br><strong>Intel<\/strong><br>&nbsp;&nbsp;&nbsp;&nbsp; vista: 20 (391m)<br><strong>F\u00edsica<\/strong><br>&nbsp;&nbsp;&nbsp;&nbsp; tama\u00f1o de la adyacencia: 16<\/p>\n<\/div><\/div>\n\n\n\n<div class=\"wp-block-uagb-column uagb-column__wrap uagb-column__background-undefined uagb-block-295606cd\"><div class=\"uagb-column__overlay\"><\/div><div class=\"uagb-column__inner-wrap\"><\/div><\/div>\n<\/div><\/section>\n<\/div><\/div>\n<\/div><\/section>\n\n\n\n<section class=\"wp-block-uagb-columns uagb-columns__wrap uagb-columns__background-undefined uagb-columns__stack-mobile uagb-columns__valign-undefined uagb-columns__gap-10 alignundefined uagb-block-33323537\"><div class=\"uagb-columns__overlay\"><\/div><div class=\"uagb-columns__inner-wrap uagb-columns__columns-1\">\n<div class=\"wp-block-uagb-column uagb-column__wrap uagb-column__background-undefined uagb-block-db73fec1\"><div class=\"uagb-column__overlay\"><\/div><div class=\"uagb-column__inner-wrap\">\n<h2 class=\"wp-block-heading\"><strong>F\u00c1BRICA NAVAL TECH 2 UEF<\/strong><\/h2>\n\n\n\n<p><a href=\"https:\/\/www.standardof.net\/wp-content\/uploads\/2012\/12\/TECH-2-UEF-NAVAL-FACTORY.png\" class=\"rank-math-link\" target=\"_blank\" rel=\"noopener\"><\/a>La T2 Naval Factory ahora tiene mucha salud, sin ser mucho m\u00e1s cara que las otras actualizaciones. Teniendo en cuenta que el UEF T1 navy es tan malo, ahora tiene a\u00fan m\u00e1s razones para actualizarse temprano (incluso si es solo para hacer submarinos el doble de r\u00e1pido).<\/p>\n\n\n\n<div class=\"wp-block-image\"><figure class=\"aligncenter size-large\"><a href=\"https:\/\/supcom.standardof.net\/es\/supreme-commander\/uef\/tech-2-uef-economy-edificios\/naval-factory-supreme-commander-uef-economy-buildings-t2\/\"><img decoding=\"async\" width=\"578\" height=\"517\" src=\"https:\/\/supcom.standardof.net\/wp-content\/uploads\/sites\/8\/2020\/11\/NAVAL-FACTORY-Supreme-Commander-UEF-Economy-Buildings-T2.jpg\" alt=\"T2 Navy Factory, edificio econ\u00f3mico UEF Tech 2 en Supreme Commander.\" class=\"wp-image-465\" srcset=\"https:\/\/supcom.standardof.net\/wp-content\/uploads\/sites\/8\/2020\/11\/NAVAL-FACTORY-Supreme-Commander-UEF-Economy-Buildings-T2.jpg 578w, https:\/\/supcom.standardof.net\/wp-content\/uploads\/sites\/8\/2020\/11\/NAVAL-FACTORY-Supreme-Commander-UEF-Economy-Buildings-T2-512x458.jpg 512w, https:\/\/supcom.standardof.net\/wp-content\/uploads\/sites\/8\/2020\/11\/NAVAL-FACTORY-Supreme-Commander-UEF-Economy-Buildings-T2-200x179.jpg 200w, https:\/\/supcom.standardof.net\/wp-content\/uploads\/sites\/8\/2020\/11\/NAVAL-FACTORY-Supreme-Commander-UEF-Economy-Buildings-T2-13x12.jpg 13w\" sizes=\"(max-width: 578px) 100vw, 578px\" \/><\/a><figcaption>F\u00c1BRICA NAVAL TECH 2 UEF<\/figcaption><\/figure><\/div>\n\n\n\n<section class=\"wp-block-uagb-columns uagb-columns__wrap uagb-columns__background-undefined uagb-columns__stack-mobile uagb-columns__valign-undefined uagb-columns__gap-10 alignundefined uagb-block-14be9d79\"><div class=\"uagb-columns__overlay\"><\/div><div class=\"uagb-columns__inner-wrap uagb-columns__columns-2\">\n<div class=\"wp-block-uagb-column uagb-column__wrap uagb-column__background-undefined uagb-block-79986533\"><div class=\"uagb-column__overlay\"><\/div><div class=\"uagb-column__inner-wrap\">\n<h3 class=\"wp-block-heading\">Estad\u00edsticas de la F\u00e1brica Naval T2<\/h3>\n\n\n\n<p><strong>Armadura:<\/strong> 18000 CV<br><strong>Habilidades: <\/strong>Actualizable<br><strong>Costo:<\/strong> M1080, E7200, T1800<br>tasa de construcci\u00f3n: 20<br>&nbsp;&nbsp;&nbsp;&nbsp; almacenamiento: M160, E800<br><strong>Intel<br><\/strong>&nbsp;&nbsp;&nbsp;&nbsp; vista: 20 (391m)<br><strong>F\u00edsica<br><\/strong>&nbsp;&nbsp;&nbsp;&nbsp; tama\u00f1o de la adyacencia: 16<\/p>\n<\/div><\/div>\n\n\n\n<div class=\"wp-block-uagb-column uagb-column__wrap uagb-column__background-undefined uagb-block-efda394c\"><div class=\"uagb-column__overlay\"><\/div><div class=\"uagb-column__inner-wrap\"><\/div><\/div>\n<\/div><\/section>\n<\/div><\/div>\n<\/div><\/section>\n\n\n\n<section class=\"wp-block-uagb-columns uagb-columns__wrap uagb-columns__background-undefined uagb-columns__stack-mobile uagb-columns__valign-undefined uagb-columns__gap-10 alignundefined uagb-block-4e74f178\"><div class=\"uagb-columns__overlay\"><\/div><div class=\"uagb-columns__inner-wrap uagb-columns__columns-1\">\n<div class=\"wp-block-uagb-column uagb-column__wrap uagb-column__background-undefined uagb-block-fa74ddfd\"><div class=\"uagb-column__overlay\"><\/div><div class=\"uagb-column__inner-wrap\">\n<h2 class=\"wp-block-heading\"><strong>BOMBA DE MASA<\/strong> - EXTRACTOR DE MASA T2<\/h2>\n\n\n\n<p><a href=\"https:\/\/www.standardof.net\/wp-content\/uploads\/2012\/12\/MASS-PUMP-T2-MASS-EXTRACTOR.png\" class=\"rank-math-link\" target=\"_blank\" rel=\"noopener\"><\/a>En los niveles T2, se ha expandido al m\u00e1ximo y ahora es el momento de comenzar a actualizar sus extractores de masa. Tenga cuidado al ayudarlos, ya que no aparecer\u00e1n inactivos una vez finalizada la actualizaci\u00f3n.<\/p>\n\n\n\n<div class=\"wp-block-image\"><figure class=\"aligncenter size-large\"><a href=\"https:\/\/supcom.standardof.net\/es\/supreme-commander\/uef\/tech-2-uef-economy-edificios\/mass-pump-t2-mass-extractor-supreme-commander-uef-economy-buildings-t2\/\"><img decoding=\"async\" width=\"398\" height=\"364\" src=\"https:\/\/supcom.standardof.net\/wp-content\/uploads\/sites\/8\/2020\/11\/MASS-PUMP-T2-MASS-EXTRACTOR-Supreme-Commander-UEF-Economy-Buildings-T2.jpg\" alt=\"Mass Pump T2 Mass Extractor, edificio econ\u00f3mico UEF Tech 2 en Supreme Commander.\" class=\"wp-image-464\" srcset=\"https:\/\/supcom.standardof.net\/wp-content\/uploads\/sites\/8\/2020\/11\/MASS-PUMP-T2-MASS-EXTRACTOR-Supreme-Commander-UEF-Economy-Buildings-T2.jpg 398w, https:\/\/supcom.standardof.net\/wp-content\/uploads\/sites\/8\/2020\/11\/MASS-PUMP-T2-MASS-EXTRACTOR-Supreme-Commander-UEF-Economy-Buildings-T2-200x183.jpg 200w, https:\/\/supcom.standardof.net\/wp-content\/uploads\/sites\/8\/2020\/11\/MASS-PUMP-T2-MASS-EXTRACTOR-Supreme-Commander-UEF-Economy-Buildings-T2-13x12.jpg 13w\" sizes=\"(max-width: 398px) 100vw, 398px\" \/><\/a><figcaption>BOMBA DE MASA - EXTRACTOR DE MASA T2<\/figcaption><\/figure><\/div>\n\n\n\n<section class=\"wp-block-uagb-columns uagb-columns__wrap uagb-columns__background-undefined uagb-columns__stack-mobile uagb-columns__valign-undefined uagb-columns__gap-10 alignundefined uagb-block-86645653\"><div class=\"uagb-columns__overlay\"><\/div><div class=\"uagb-columns__inner-wrap uagb-columns__columns-2\">\n<div class=\"wp-block-uagb-column uagb-column__wrap uagb-column__background-undefined uagb-block-f3f81852\"><div class=\"uagb-column__overlay\"><\/div><div class=\"uagb-column__inner-wrap\">\n<h3 class=\"wp-block-heading\">Estad\u00edsticas de bombas de masa<\/h3>\n\n\n\n<p><strong>Armadura:<\/strong> 2160 CV<br><strong>Habilidades: <\/strong>Actualizable<br><strong>Costo:<\/strong> M900, E5400 y T900<br>ingresos: M +6, E \u20139<br>tasa de construcci\u00f3n: 15<br><strong>F\u00edsica<br><\/strong>&nbsp;&nbsp;&nbsp;&nbsp; tama\u00f1o de la adyacencia: 4<\/p>\n<\/div><\/div>\n\n\n\n<div class=\"wp-block-uagb-column uagb-column__wrap uagb-column__background-undefined uagb-block-10453338\"><div class=\"uagb-column__overlay\"><\/div><div class=\"uagb-column__inner-wrap\">\n<h3 class=\"wp-block-heading\">Bonificaciones de adyacencia<\/h3>\n\n\n\n<p>tama\u00f1o del edificio adyacente:<br>4, 8, 12, 16, 20<br>Reducci\u00f3n de drenaje masivo (f\u00e1bricas):<br>15.00%, 7.50%, 5.00%, 3.75%, 3.00%<\/p>\n<\/div><\/div>\n<\/div><\/section>\n<\/div><\/div>\n<\/div><\/section>\n\n\n\n<section class=\"wp-block-uagb-columns uagb-columns__wrap uagb-columns__background-undefined uagb-columns__stack-mobile uagb-columns__valign-undefined uagb-columns__gap-10 alignundefined uagb-block-dbb072f0\"><div class=\"uagb-columns__overlay\"><\/div><div class=\"uagb-columns__inner-wrap uagb-columns__columns-1\">\n<div class=\"wp-block-uagb-column uagb-column__wrap uagb-column__background-undefined uagb-block-979d5055\"><div class=\"uagb-column__overlay\"><\/div><div class=\"uagb-column__inner-wrap\">\n<h2 class=\"wp-block-heading\"><strong>REACTOR DE FUSI\u00d3N EG-200<\/strong> - GENERADOR DE ENERG\u00cdA T2<\/h2>\n\n\n\n<p><a href=\"https:\/\/www.standardof.net\/wp-content\/uploads\/2012\/12\/EG-200-FUSION-REACTOR-T2-POWER-GENERATOR.png\" class=\"rank-math-link\" target=\"_blank\" rel=\"noopener\"><\/a>El generador de energ\u00eda T2 es una pieza clave de tu econom\u00eda, ya que proporciona ese impulso que evita que te encadenen a las peque\u00f1as dosis de energ\u00eda del poder T1, al tiempo que otorga una generosa bonificaci\u00f3n de adyacencia si quieres poner un escudo o una artiller\u00eda T2 alrededor.<\/p>\n\n\n\n<div class=\"wp-block-image\"><figure class=\"aligncenter size-large\"><a href=\"https:\/\/supcom.standardof.net\/es\/supreme-commander\/uef\/tech-2-uef-economy-edificios\/eg-200-fusion-reactor-t2-power-generator-supreme-commander-uef-economy-buildings-t2\/\"><img decoding=\"async\" width=\"545\" height=\"473\" src=\"https:\/\/supcom.standardof.net\/wp-content\/uploads\/sites\/8\/2020\/11\/EG-200-FUSION-REACTOR-T2-POWER-GENERATOR-Supreme-Commander-UEF-Economy-Buildings-T2.jpg\" alt=\"El generador de energ\u00eda EG-200 Fusion Reactor T2, edificio econ\u00f3mico UEF Tech 2 en Supreme Commander.\" class=\"wp-image-462\" srcset=\"https:\/\/supcom.standardof.net\/wp-content\/uploads\/sites\/8\/2020\/11\/EG-200-FUSION-REACTOR-T2-POWER-GENERATOR-Supreme-Commander-UEF-Economy-Buildings-T2.jpg 545w, https:\/\/supcom.standardof.net\/wp-content\/uploads\/sites\/8\/2020\/11\/EG-200-FUSION-REACTOR-T2-POWER-GENERATOR-Supreme-Commander-UEF-Economy-Buildings-T2-512x444.jpg 512w, https:\/\/supcom.standardof.net\/wp-content\/uploads\/sites\/8\/2020\/11\/EG-200-FUSION-REACTOR-T2-POWER-GENERATOR-Supreme-Commander-UEF-Economy-Buildings-T2-200x174.jpg 200w, https:\/\/supcom.standardof.net\/wp-content\/uploads\/sites\/8\/2020\/11\/EG-200-FUSION-REACTOR-T2-POWER-GENERATOR-Supreme-Commander-UEF-Economy-Buildings-T2-14x12.jpg 14w\" sizes=\"(max-width: 545px) 100vw, 545px\" \/><\/a><figcaption>REACTOR DE FUSI\u00d3N EG-200 - GENERADOR DE ENERG\u00cdA T2<\/figcaption><\/figure><\/div>\n\n\n\n<section class=\"wp-block-uagb-columns uagb-columns__wrap uagb-columns__background-undefined uagb-columns__stack-mobile uagb-columns__valign-undefined uagb-columns__gap-10 alignundefined uagb-block-2621a557\"><div class=\"uagb-columns__overlay\"><\/div><div class=\"uagb-columns__inner-wrap uagb-columns__columns-2\">\n<div class=\"wp-block-uagb-column uagb-column__wrap uagb-column__background-undefined uagb-block-833b53e7\"><div class=\"uagb-column__overlay\"><\/div><div class=\"uagb-column__inner-wrap\">\n<h3 class=\"wp-block-heading\">Estad\u00edsticas del EG-200<\/h3>\n\n\n\n<p><strong>Armadura:<\/strong> 2160 CV<br><strong>Costo:<\/strong> M1200, E12000, T2000<br>ingresos: E +500<br><strong>F\u00edsica<\/strong><br>&nbsp;&nbsp;&nbsp;&nbsp; tama\u00f1o de la adyacencia: 12<br><strong>Arma de muerte<\/strong><br>500 da\u00f1os<br>superficie: 5 (97,7m)<\/p>\n<\/div><\/div>\n\n\n\n<div class=\"wp-block-uagb-column uagb-column__wrap uagb-column__background-undefined uagb-block-df1c9edb\"><div class=\"uagb-column__overlay\"><\/div><div class=\"uagb-column__inner-wrap\">\n<h3 class=\"wp-block-heading\">Bonificaciones de adyacencia<\/h3>\n\n\n\n<p>tama\u00f1o del edificio adyacente<br>4, 8, 12, 16, 20<br><strong>Reducci\u00f3n del consumo de energ\u00eda<\/strong> <strong>(mantenimiento):<\/strong><br>7.50%, 7.50%, 7.50%, 5.63%, 4.50%<br><strong>Reducci\u00f3n del consumo de energ\u00eda<\/strong> <strong>(suerte):<\/strong><br>7.50%, 7.50%, 7.50%, 5.63%, 4.50%<br><strong>Reducci\u00f3n del tiempo de drenaje del arma de energ\u00eda:<br><\/strong>&nbsp;&nbsp;&nbsp;&nbsp; 7.50%, 7.50%, 7.50%, 5.63%, 4.50%<\/p>\n<\/div><\/div>\n<\/div><\/section>\n<\/div><\/div>\n<\/div><\/section>","protected":false},"excerpt":{"rendered":"<p>TECH 2 UEF LAND FACTORY By the T2 level, your factory is not vulnerable to surprise strikes, and is usually the last building to die. It&#8217;s still twice as fast as your engineer of the same level. T2 Land Factory Stats Armor: 9000hpAbilities: UpgradeableCost: M900, E7200, T1800build rate: 20&nbsp;&nbsp;&nbsp;&nbsp; storage: M160, E800Intelsight: 20 (391m)Physicssize for [&hellip;]<\/p>","protected":false},"author":1,"featured_media":0,"parent":231,"menu_order":0,"comment_status":"open","ping_status":"closed","template":"","meta":{"_uag_custom_page_level_css":"","site-sidebar-layout":"default","site-content-layout":"default","ast-site-content-layout":"","site-content-style":"default","site-sidebar-style":"default","ast-global-header-display":"","ast-banner-title-visibility":"","ast-main-header-display":"","ast-hfb-above-header-display":"","ast-hfb-below-header-display":"","ast-hfb-mobile-header-display":"","site-post-title":"","ast-breadcrumbs-content":"","ast-featured-img":"","footer-sml-layout":"","theme-transparent-header-meta":"default","adv-header-id-meta":"","stick-header-meta":"","header-above-stick-meta":"","header-main-stick-meta":"","header-below-stick-meta":"","astra-migrate-meta-layouts":"default","ast-page-background-enabled":"default","ast-page-background-meta":{"desktop":{"background-color":"","background-image":"","background-repeat":"repeat","background-position":"center center","background-size":"auto","background-attachment":"scroll","background-type":"","background-media":"","overlay-type":"","overlay-color":"","overlay-gradient":""},"tablet":{"background-color":"","background-image":"","background-repeat":"repeat","background-position":"center center","background-size":"auto","background-attachment":"scroll","background-type":"","background-media":"","overlay-type":"","overlay-color":"","overlay-gradient":""},"mobile":{"background-color":"","background-image":"","background-repeat":"repeat","background-position":"center center","background-size":"auto","background-attachment":"scroll","background-type":"","background-media":"","overlay-type":"","overlay-color":"","overlay-gradient":""}},"ast-content-background-meta":{"desktop":{"background-color":"var(--ast-global-color-5)","background-image":"","background-repeat":"repeat","background-position":"center center","background-size":"auto","background-attachment":"scroll","background-type":"","background-media":"","overlay-type":"","overlay-color":"","overlay-gradient":""},"tablet":{"background-color":"var(--ast-global-color-5)","background-image":"","background-repeat":"repeat","background-position":"center center","background-size":"auto","background-attachment":"scroll","background-type":"","background-media":"","overlay-type":"","overlay-color":"","overlay-gradient":""},"mobile":{"background-color":"var(--ast-global-color-5)","background-image":"","background-repeat":"repeat","background-position":"center center","background-size":"auto","background-attachment":"scroll","background-type":"","background-media":"","overlay-type":"","overlay-color":"","overlay-gradient":""}},"footnotes":""},"uagb_featured_image_src":{"full":false,"thumbnail":false,"medium":false,"medium_large":false,"large":false,"1536x1536":false,"2048x2048":false,"trp-custom-language-flag":false},"uagb_author_info":{"display_name":"SOE","author_link":"https:\/\/supcom.standardof.net\/es\/author\/k-tastic\/"},"uagb_comment_info":0,"uagb_excerpt":"TECH 2 UEF LAND FACTORY By the T2 level, your factory is not vulnerable to surprise strikes, and is usually the last building to die. It&#8217;s still twice as fast as your engineer of the same level. T2 Land Factory Stats Armor: 9000hpAbilities: UpgradeableCost: M900, E7200, T1800build rate: 20&nbsp;&nbsp;&nbsp;&nbsp; storage: M160, E800Intelsight: 20 (391m)Physicssize for&hellip;","_links":{"self":[{"href":"https:\/\/supcom.standardof.net\/es\/wp-json\/wp\/v2\/pages\/459"}],"collection":[{"href":"https:\/\/supcom.standardof.net\/es\/wp-json\/wp\/v2\/pages"}],"about":[{"href":"https:\/\/supcom.standardof.net\/es\/wp-json\/wp\/v2\/types\/page"}],"author":[{"embeddable":true,"href":"https:\/\/supcom.standardof.net\/es\/wp-json\/wp\/v2\/users\/1"}],"replies":[{"embeddable":true,"href":"https:\/\/supcom.standardof.net\/es\/wp-json\/wp\/v2\/comments?post=459"}],"version-history":[{"count":0,"href":"https:\/\/supcom.standardof.net\/es\/wp-json\/wp\/v2\/pages\/459\/revisions"}],"up":[{"embeddable":true,"href":"https:\/\/supcom.standardof.net\/es\/wp-json\/wp\/v2\/pages\/231"}],"wp:attachment":[{"href":"https:\/\/supcom.standardof.net\/es\/wp-json\/wp\/v2\/media?parent=459"}],"curies":[{"name":"wp","href":"https:\/\/api.w.org\/{rel}","templated":true}]}}