{"id":479,"date":"2020-11-01T16:59:09","date_gmt":"2020-11-01T21:59:09","guid":{"rendered":"https:\/\/supcom.standardof.net\/?page_id=479"},"modified":"2020-11-03T23:12:38","modified_gmt":"2020-11-04T04:12:38","slug":"uef-experimental-units","status":"publish","type":"page","link":"https:\/\/supcom.standardof.net\/es\/supreme-commander\/uef\/uef-unidades-experimentales\/","title":{"rendered":"Unidades Experimentales UEF"},"content":{"rendered":"<div class=\"wp-block-uagb-table-of-contents uagb-toc__align-left uagb-toc__columns-1  uagb-block-411e1d3b\"\n\t\t\t\t\tdata-scroll= \"1\"\n\t\t\t\t\tdata-offset= \"30\"\n\t\t\t\t\tstyle=\"\"\n\t\t\t\t>\n\t\t\t\t<div class=\"uagb-toc__wrap\">\n\t\t\t\t\t\t<div class=\"uagb-toc__title\">\n\t\t\t\t\t\t\tUnidades experimentales UEF:\t\t\t\t\t\t<\/div>\n\t\t\t\t\t\t\t\t\t\t\t\t\t\t\t\t<div class=\"uagb-toc__list-wrap\">\n\t\t\t\t\t\t<ol class=\"uagb-toc__list\"><li class=\"uagb-toc__list\"><a href=\"#fatboy-mobile-factory\" class=\"uagb-toc-link__trigger\">FATBOY - F\u00c1BRICA M\u00d3VIL<\/a><li class=\"uagb-toc__list\"><a href=\"#atlantis-submersible-aircraft-carrier\" class=\"uagb-toc-link__trigger\">ATLANTIS - PORTADOR DE AVIONES SUMERGIBLES<\/a><li class=\"uagb-toc__list\"><a href=\"#mavor-strategic-artillery\" class=\"uagb-toc-link__trigger\">MAVOR - ARTILLER\u00cdA ESTRAT\u00c9GICA<\/a><\/ol>\t\t\t\t\t<\/div>\n\t\t\t\t\t\t\t\t\t<\/div>\n\t\t\t\t<\/div>\n\t\t\t\n\n\n<section class=\"wp-block-uagb-columns uagb-columns__wrap uagb-columns__background-undefined uagb-columns__stack-mobile uagb-columns__valign-undefined uagb-columns__gap-10 alignundefined uagb-block-c763995d\"><div class=\"uagb-columns__overlay\"><\/div><div class=\"uagb-columns__inner-wrap uagb-columns__columns-1\">\n<div class=\"wp-block-uagb-column uagb-column__wrap uagb-column__background-undefined uagb-block-3daeca37\"><div class=\"uagb-column__overlay\"><\/div><div class=\"uagb-column__inner-wrap\">\n<h2 class=\"wp-block-heading\"><strong>GORDO <\/strong>- F\u00c1BRICA M\u00d3VIL<\/h2>\n\n\n\n<p><a href=\"https:\/\/www.standardof.net\/wp-content\/uploads\/2012\/12\/FATBOY-MOBILE-FACTORY.png\" class=\"rank-math-link\" target=\"_blank\" rel=\"noopener\"><\/a>El Fatboy es quiz\u00e1s la mejor unidad experimental del juego. \u201cMobile Factory\u201d no es una muy buena descripci\u00f3n; m\u00e1s bien, es un &quot;acorazado anfibio&quot; con un m\u00ednimo de apoyo antia\u00e9reo, una subprotecci\u00f3n decente y escudos que le permiten &quot;regenerar&quot; la salud si el asalto contra \u00e9l es un fracaso, por no hablar de la posibilidad de construir y desplegar. Ingenieros T3 mientras est\u00e1n blindados que pueden hacer sitios SAM T3 o reparar o lo que sea necesario. Extremadamente lento, por supuesto, pero tambi\u00e9n extremadamente peligroso.<\/p>\n\n\n\n<div class=\"wp-block-image\"><figure class=\"aligncenter size-large\"><a href=\"https:\/\/supcom.standardof.net\/es\/supreme-commander\/uef\/uef-unidades-experimentales\/fatboy-mobile-factory-supreme-commander-uef-experimental-units\/\"><img decoding=\"async\" width=\"687\" height=\"485\" src=\"https:\/\/supcom.standardof.net\/wp-content\/uploads\/sites\/8\/2020\/11\/FATBOY-MOBILE-FACTORY-Supreme-Commander-UEF-Experimental-Units.jpg\" alt=\"La F\u00e1brica M\u00f3vil Fatboy, Unidad Experimental UEF en Supreme Commander.\" class=\"wp-image-483\" srcset=\"https:\/\/supcom.standardof.net\/wp-content\/uploads\/sites\/8\/2020\/11\/FATBOY-MOBILE-FACTORY-Supreme-Commander-UEF-Experimental-Units.jpg 687w, https:\/\/supcom.standardof.net\/wp-content\/uploads\/sites\/8\/2020\/11\/FATBOY-MOBILE-FACTORY-Supreme-Commander-UEF-Experimental-Units-512x361.jpg 512w, https:\/\/supcom.standardof.net\/wp-content\/uploads\/sites\/8\/2020\/11\/FATBOY-MOBILE-FACTORY-Supreme-Commander-UEF-Experimental-Units-200x141.jpg 200w, https:\/\/supcom.standardof.net\/wp-content\/uploads\/sites\/8\/2020\/11\/FATBOY-MOBILE-FACTORY-Supreme-Commander-UEF-Experimental-Units-16x12.jpg 16w\" sizes=\"(max-width: 687px) 100vw, 687px\" \/><\/a><figcaption>FATBOY - F\u00c1BRICA M\u00d3VIL<\/figcaption><\/figure><\/div>\n\n\n\n<section class=\"wp-block-uagb-columns uagb-columns__wrap uagb-columns__background-undefined uagb-columns__stack-mobile uagb-columns__valign-undefined uagb-columns__gap-10 alignundefined uagb-block-54be2121\"><div class=\"uagb-columns__overlay\"><\/div><div class=\"uagb-columns__inner-wrap uagb-columns__columns-2\">\n<div class=\"wp-block-uagb-column uagb-column__wrap uagb-column__background-undefined uagb-block-ab466834\"><div class=\"uagb-column__overlay\"><\/div><div class=\"uagb-column__inner-wrap\">\n<h3 class=\"wp-block-heading\">Estad\u00edsticas de Fatboy<\/h3>\n\n\n\n<p><strong>Armadura:<\/strong> 25000 CV<br>tasa de regeneraci\u00f3n: 5<br><strong>Proteger:<\/strong> 25000 CV<br>tama\u00f1o: 20 (391m)<br>tasa de regeneraci\u00f3n: 156<br>hora de inicio de regeneraci\u00f3n: 120<br>tiempo de recarga: 160)<br>desag\u00fce: E -500<br><strong>Habilidades:<\/strong> Torpedos, Construcci\u00f3n (T2 land factory + T3 Engineer)<br><strong>Costo:<\/strong> M56400, E608400 T18000<br>almacenamiento: M200, E1000<br>tasa de construcci\u00f3n: 60<br><strong>Intel<\/strong><br>vista: 32 (625m)<br><strong>F\u00edsica<\/strong><br>velocidad m\u00e1xima: 1 (19,5 m \/ s)<br>velocidad de giro: 16<br><strong>Transporte<\/strong><br>clase 10<br>clase 2 adjuntar tama\u00f1o: 2<br>clase 3 adjuntar tama\u00f1o: 4<br><strong>Veterancia:<\/strong> 100, 200, 500, 1000, 2000 muertes<br><em>* veterano nivel 2: +6250 CV<br>* veterano nivel 4: +6250 CV<br>* veterano nivel 5: repara 2 hp \/ s<\/em><\/p>\n<\/div><\/div>\n\n\n\n<div class=\"wp-block-uagb-column uagb-column__wrap uagb-column__background-undefined uagb-block-08ef36c7\"><div class=\"uagb-column__overlay\"><\/div><div class=\"uagb-column__inner-wrap\">\n<h3 class=\"wp-block-heading\">Armas Fatboy<\/h3>\n\n\n\n<p>4x <strong>Ca\u00f1\u00f3n Gauss<\/strong> (Fuego directo)<br>1500,00 dps,<br>alcance: 100 (1,95 km)<br>arma de proyectil: 500 da\u00f1os<br>x 3 proyectiles = 1500 por salva<br>cadencia de fuego: 1 (cada 1s)<br><em>* veterano nivel 1: +125 de da\u00f1o<br>* veterano nivel 3: +125 de da\u00f1o<\/em><\/p>\n\n\n\n<p>2x <strong>Hells Fury Riot Gun<\/strong> (Fuego directo)<br>225,00 dps<br>alcance: 40 (781m)<br>arma de proyectil: 75 da\u00f1os<br>cadencia de fuego: 3 (cada 0,33 s)<br><em>&nbsp;&nbsp;&nbsp;&nbsp; * veterano nivel 1: +19 de da\u00f1o<br>* veterano nivel 3: +19 de da\u00f1o<\/em><\/p>\n\n\n\n<p>2x <strong>Railgun vinculado<\/strong> (Anti aire)<br>18,00 dps,<br>alcance: 44 (859m)<br>arma de proyectil: 6 da\u00f1os<br>x 2 proyectiles = 12 por salva<br>cadencia de tiro: 1.5 (cada 0.67s)<br><em>&nbsp;&nbsp;&nbsp;&nbsp; * veterano nivel 1: +2 de da\u00f1o<br>* veterano nivel 3: +2 de da\u00f1o<\/em><\/p>\n\n\n\n<p><strong>Torpedo pescador<\/strong> (Anti Marina)<br>187,50 dps<br>alcance: 32 (625m)<br>arma de proyectil: 750 da\u00f1os<br>cadencia de tiro: 0.25 (cada 4s)<br><em>* veterano nivel 1: +188 de da\u00f1o<br>* veterano nivel 3: +188 de da\u00f1o<\/em><\/p>\n<\/div><\/div>\n<\/div><\/section>\n<\/div><\/div>\n<\/div><\/section>\n\n\n\n<section class=\"wp-block-uagb-columns uagb-columns__wrap uagb-columns__background-undefined uagb-columns__stack-mobile uagb-columns__valign-undefined uagb-columns__gap-10 alignundefined uagb-block-0f7bfde8\"><div class=\"uagb-columns__overlay\"><\/div><div class=\"uagb-columns__inner-wrap uagb-columns__columns-1\">\n<div class=\"wp-block-uagb-column uagb-column__wrap uagb-column__background-undefined uagb-block-cca83957\"><div class=\"uagb-column__overlay\"><\/div><div class=\"uagb-column__inner-wrap\">\n<h2 class=\"wp-block-heading\"><strong>ATLANTIS <\/strong>- PORTADOR DE AVIONES SUMERGIBLES<\/h2>\n\n\n\n<p><a href=\"https:\/\/www.standardof.net\/wp-content\/uploads\/2012\/12\/ATLANTIS-SUBMERSIBLE-AIRCRAFT-CARRIER.png\" class=\"rank-math-link\" target=\"_blank\" rel=\"noopener\"><\/a>El Atlantis es un portaaviones tan caro como un acorazado y tan aterrador en las circunstancias adecuadas. Tiene problemas para darse la vuelta, por supuesto, pero es casi invulnerable mientras dispara torpedos superpoderosos, y luego puede emerger para lanzar su avi\u00f3n y sacar sus misiles AA de seguimiento. En los mapas marinos, esto es a\u00fan m\u00e1s temible, porque no inmoviliza su f\u00e1brica naval T3 durante varios minutos mientras se construye. De hecho, ES una f\u00e1brica de aire flotante T3 con el doble de blindaje. Este super-submarino puede darte ventaja en combate o fuera de \u00e9l.<\/p>\n\n\n\n<div class=\"wp-block-image\"><figure class=\"aligncenter size-large\"><a href=\"https:\/\/supcom.standardof.net\/es\/supreme-commander\/uef\/uef-unidades-experimentales\/atlantis-submersible-aircraft-carrier-supreme-commander-uef-experimental-units\/\"><img decoding=\"async\" width=\"758\" height=\"554\" src=\"https:\/\/supcom.standardof.net\/wp-content\/uploads\/sites\/8\/2020\/11\/ATLANTIS-SUBMERSIBLE-AIRCRAFT-CARRIER-Supreme-Commander-UEF-Experimental-Units.jpg\" alt=\"El portaaviones sumergible Atlantis, Unidad Experimental UEF en Supreme Commander.\" class=\"wp-image-482\" srcset=\"https:\/\/supcom.standardof.net\/wp-content\/uploads\/sites\/8\/2020\/11\/ATLANTIS-SUBMERSIBLE-AIRCRAFT-CARRIER-Supreme-Commander-UEF-Experimental-Units.jpg 758w, https:\/\/supcom.standardof.net\/wp-content\/uploads\/sites\/8\/2020\/11\/ATLANTIS-SUBMERSIBLE-AIRCRAFT-CARRIER-Supreme-Commander-UEF-Experimental-Units-512x374.jpg 512w, https:\/\/supcom.standardof.net\/wp-content\/uploads\/sites\/8\/2020\/11\/ATLANTIS-SUBMERSIBLE-AIRCRAFT-CARRIER-Supreme-Commander-UEF-Experimental-Units-200x146.jpg 200w, https:\/\/supcom.standardof.net\/wp-content\/uploads\/sites\/8\/2020\/11\/ATLANTIS-SUBMERSIBLE-AIRCRAFT-CARRIER-Supreme-Commander-UEF-Experimental-Units-16x12.jpg 16w\" sizes=\"(max-width: 758px) 100vw, 758px\" \/><\/a><figcaption>ATLANTIS - PORTADOR DE AVIONES SUMERGIBLES<\/figcaption><\/figure><\/div>\n\n\n\n<section class=\"wp-block-uagb-columns uagb-columns__wrap uagb-columns__background-undefined uagb-columns__stack-mobile uagb-columns__valign-undefined uagb-columns__gap-10 alignundefined uagb-block-77abd80e\"><div class=\"uagb-columns__overlay\"><\/div><div class=\"uagb-columns__inner-wrap uagb-columns__columns-2\">\n<div class=\"wp-block-uagb-column uagb-column__wrap uagb-column__background-undefined uagb-block-526ffed6\"><div class=\"uagb-column__overlay\"><\/div><div class=\"uagb-column__inner-wrap\">\n<h3 class=\"wp-block-heading\">Estad\u00edsticas de Atlantis<\/h3>\n\n\n\n<p><strong>Armadura:<\/strong> 40000 CV<br><strong>Habilidades:<\/strong> Sumergible, Aire acondicionado, Construcci\u00f3n, Radar<br><strong>Costo:<\/strong> M15120, E189000, T22680,<br>tasa de construcci\u00f3n: 40<br><strong>Intel<\/strong><br>vista: 32 (625m)<br>sonar: 150 (2,93 km)<br>vista de agua: 40 (781m)<br><strong>F\u00edsica<\/strong><br>velocidad m\u00e1xima: 2.975 (58.1 m \/ s)<br>velocidad de giro: 6<br><strong>Transporte<\/strong><br>clase 10<br><strong>Veterancia:<\/strong> 100, 200, 500, 1000, 2000 muertes<br><em>* veterano nivel 2: +15000 hp<br>* veterano nivel 4: +15000 hp<br>* veterano nivel 5: repara 3 hp \/ s<\/em><\/p>\n<\/div><\/div>\n\n\n\n<div class=\"wp-block-uagb-column uagb-column__wrap uagb-column__background-undefined uagb-block-12e3eb0b\"><div class=\"uagb-column__overlay\"><\/div><div class=\"uagb-column__inner-wrap\">\n<h3 class=\"wp-block-heading\">Armas de Atlantis<\/h3>\n\n\n\n<p>4x <strong>Torpedo pescador<\/strong> (Anti Marina)<br>307,69 dps,<br>alcance: 42 (820m)<br>arma de proyectil: 800 da\u00f1os<br>cadencia de tiro: 0.38 (cada 2.6s)<br><em>&nbsp;&nbsp;&nbsp;&nbsp; * veterano nivel 1: +200 de da\u00f1o<br>* veterano nivel 3: +200 de da\u00f1o<\/em><\/p>\n\n\n\n<p>4x <strong>Lanzador Flayer SAM<\/strong> (Anti aire):<br>33,00 dps, alcance: 60 (1,17 km)<br>arma de proyectil: 33 da\u00f1os<br>cadencia de fuego: 1 (cada 1s)<br><em>&nbsp;&nbsp;&nbsp; * veterano nivel 1: +8 de da\u00f1o<br>* veterano nivel 3: +8 de da\u00f1o<\/em><\/p>\n<\/div><\/div>\n<\/div><\/section>\n<\/div><\/div>\n<\/div><\/section>\n\n\n\n<section class=\"wp-block-uagb-columns uagb-columns__wrap uagb-columns__background-undefined uagb-columns__stack-mobile uagb-columns__valign-undefined uagb-columns__gap-10 alignundefined uagb-block-52dc3770\"><div class=\"uagb-columns__overlay\"><\/div><div class=\"uagb-columns__inner-wrap uagb-columns__columns-1\">\n<div class=\"wp-block-uagb-column uagb-column__wrap uagb-column__background-undefined uagb-block-11fc74e3\"><div class=\"uagb-column__overlay\"><\/div><div class=\"uagb-column__inner-wrap\">\n<h2 class=\"wp-block-heading\"><strong>MAYOR <\/strong>- ARTILLER\u00cdA ESTRAT\u00c9GICA<\/h2>\n\n\n\n<p><a href=\"https:\/\/www.standardof.net\/wp-content\/uploads\/2012\/12\/MAVOR-STRATEGIC-ARTILLERY.png\" class=\"rank-math-link\" target=\"_blank\" rel=\"noopener\"><\/a>El Mavor es lo m\u00e1s parecido en Supreme Commander a un arma definitiva. Dispara artiller\u00eda puntual que rompe un escudo pesado de un solo disparo, no tiene un alcance m\u00e1ximo y solo requiere un par de generadores de energ\u00eda para seguir funcionando, a diferencia de las armas nucleares, y tambi\u00e9n a diferencia de las armas nucleares, no hay forma de derribar sus proyectiles. \u00bfLa baja? En \u00faltima instancia, tambi\u00e9n es costoso y tan d\u00e9bil que debes estar constantemente atento a todo, desde carreras de bombarderos T3 hasta Cybrans encubiertos.<\/p>\n\n\n\n<figure class=\"wp-block-gallery columns-2 is-cropped wp-block-gallery-1 is-layout-flex wp-block-gallery-is-layout-flex\"><ul class=\"blocks-gallery-grid\"><li class=\"blocks-gallery-item\"><figure><a href=\"https:\/\/supcom.standardof.net\/es\/supreme-commander\/uef\/uef-unidades-experimentales\/mavor-strategic-artillery-supreme-commander-uef-experimental-units\/\"><img decoding=\"async\" width=\"630\" height=\"426\" src=\"https:\/\/supcom.standardof.net\/wp-content\/uploads\/sites\/8\/2020\/11\/MAVOR-STRATEGIC-ARTILLERY-Supreme-Commander-UEF-Experimental-Units.jpg\" alt=\"Artiller\u00eda Estrat\u00e9gica Mavor, Unidad Experimental UEF en Comandante Supremo.\" data-id=\"481\" data-full-url=\"https:\/\/supcom.standardof.net\/wp-content\/uploads\/sites\/8\/2020\/11\/MAVOR-STRATEGIC-ARTILLERY-Supreme-Commander-UEF-Experimental-Units.jpg\" data-link=\"https:\/\/supcom.standardof.net\/supreme-commander\/uef\/uef-experimental-units\/mavor-strategic-artillery-supreme-commander-uef-experimental-units\/\" class=\"wp-image-481\" srcset=\"https:\/\/supcom.standardof.net\/wp-content\/uploads\/sites\/8\/2020\/11\/MAVOR-STRATEGIC-ARTILLERY-Supreme-Commander-UEF-Experimental-Units.jpg 630w, https:\/\/supcom.standardof.net\/wp-content\/uploads\/sites\/8\/2020\/11\/MAVOR-STRATEGIC-ARTILLERY-Supreme-Commander-UEF-Experimental-Units-512x346.jpg 512w, https:\/\/supcom.standardof.net\/wp-content\/uploads\/sites\/8\/2020\/11\/MAVOR-STRATEGIC-ARTILLERY-Supreme-Commander-UEF-Experimental-Units-200x135.jpg 200w, https:\/\/supcom.standardof.net\/wp-content\/uploads\/sites\/8\/2020\/11\/MAVOR-STRATEGIC-ARTILLERY-Supreme-Commander-UEF-Experimental-Units-16x12.jpg 16w\" sizes=\"(max-width: 630px) 100vw, 630px\" \/><\/a><figcaption class=\"blocks-gallery-item__caption\">MAVOR - ARTILLER\u00cdA ESTRAT\u00c9GICA<\/figcaption><\/figure><\/li><li class=\"blocks-gallery-item\"><figure><a href=\"https:\/\/supcom.standardof.net\/es\/supreme-commander\/uef\/uef-unidades-experimentales\/mavor-deployed-supreme-commander-uef-experimental-units\/\"><img decoding=\"async\" width=\"481\" height=\"454\" src=\"https:\/\/supcom.standardof.net\/wp-content\/uploads\/sites\/8\/2020\/11\/Mavor-deployed-Supreme-Commander-UEF-Experimental-Units.jpg\" alt=\"La Artiller\u00eda Estrat\u00e9gica Mavor, en su modo de disparo desplegado, Unidad Experimental UEF en Comandante Supremo.\" data-id=\"484\" data-full-url=\"https:\/\/supcom.standardof.net\/wp-content\/uploads\/sites\/8\/2020\/11\/Mavor-deployed-Supreme-Commander-UEF-Experimental-Units.jpg\" data-link=\"https:\/\/supcom.standardof.net\/supreme-commander\/uef\/uef-experimental-units\/mavor-deployed-supreme-commander-uef-experimental-units\/\" class=\"wp-image-484\" srcset=\"https:\/\/supcom.standardof.net\/wp-content\/uploads\/sites\/8\/2020\/11\/Mavor-deployed-Supreme-Commander-UEF-Experimental-Units.jpg 481w, https:\/\/supcom.standardof.net\/wp-content\/uploads\/sites\/8\/2020\/11\/Mavor-deployed-Supreme-Commander-UEF-Experimental-Units-200x189.jpg 200w, https:\/\/supcom.standardof.net\/wp-content\/uploads\/sites\/8\/2020\/11\/Mavor-deployed-Supreme-Commander-UEF-Experimental-Units-13x12.jpg 13w\" sizes=\"(max-width: 481px) 100vw, 481px\" \/><\/a><figcaption class=\"blocks-gallery-item__caption\">El MAVOR en su modo estacionario desplegado.<\/figcaption><\/figure><\/li><\/ul><\/figure>\n\n\n\n<section class=\"wp-block-uagb-columns uagb-columns__wrap uagb-columns__background-undefined uagb-columns__stack-mobile uagb-columns__valign-undefined uagb-columns__gap-10 alignundefined uagb-block-7f61e58d\"><div class=\"uagb-columns__overlay\"><\/div><div class=\"uagb-columns__inner-wrap uagb-columns__columns-2\">\n<div class=\"wp-block-uagb-column uagb-column__wrap uagb-column__background-undefined uagb-block-457365aa\"><div class=\"uagb-column__overlay\"><\/div><div class=\"uagb-column__inner-wrap\">\n<h3 class=\"wp-block-heading\">Estad\u00edsticas de Mavor<\/h3>\n\n\n\n<p><strong>Armadura:<\/strong> 8000 CV<br><strong>Costo:<\/strong> M302400, E9000000, T216000<br><strong>Intel<\/strong><br>vista: 28 (547m)<br><strong>F\u00edsica<\/strong><br>tama\u00f1o de la adyacencia: 16<br><strong>Veterancia:<\/strong> 100, 200, 500, 1000, 2000 muertes<\/p>\n<\/div><\/div>\n\n\n\n<div class=\"wp-block-uagb-column uagb-column__wrap uagb-column__background-undefined uagb-block-677fbb91\"><div class=\"uagb-column__overlay\"><\/div><div class=\"uagb-column__inner-wrap\">\n<h3 class=\"wp-block-heading\">Armas Mavor<\/h3>\n\n\n\n<p><strong>Artiller\u00eda antimateria<\/strong> (Artiller\u00eda)<br>2750,00 dps,<br>superficie: 7 (137m),<br>rango: 128 (2,50 km) - 4000 (78,1 km)<br>arma de proyectil: 22000 de da\u00f1o<br>aleatoriedad de disparo: 0,18<br>cadencia de tiro: 0.125 (cada 8s)<br>energ\u00eda requerida: 20000<br>(-5000 durante 4 segundos)<\/p>\n<\/div><\/div>\n<\/div><\/section>\n<\/div><\/div>\n<\/div><\/section>","protected":false},"excerpt":{"rendered":"<p>FATBOY &#8211; MOBILE FACTORY The Fatboy is perhaps the game&#8217;s best experimental unit. &#8220;Mobile Factory&#8221; is not a very good description; rather, it is an &#8220;Amphibious Battleship&#8221; with a modicum of anti-air support, decent sub protection, and shields that let it &#8220;regenerate&#8221; health if the assault against it is a failure, to say nothing of [&hellip;]<\/p>","protected":false},"author":1,"featured_media":0,"parent":231,"menu_order":0,"comment_status":"open","ping_status":"closed","template":"","meta":{"_uag_custom_page_level_css":"","site-sidebar-layout":"default","site-content-layout":"default","ast-site-content-layout":"","site-content-style":"default","site-sidebar-style":"default","ast-global-header-display":"","ast-banner-title-visibility":"","ast-main-header-display":"","ast-hfb-above-header-display":"","ast-hfb-below-header-display":"","ast-hfb-mobile-header-display":"","site-post-title":"","ast-breadcrumbs-content":"","ast-featured-img":"","footer-sml-layout":"","theme-transparent-header-meta":"default","adv-header-id-meta":"","stick-header-meta":"","header-above-stick-meta":"","header-main-stick-meta":"","header-below-stick-meta":"","astra-migrate-meta-layouts":"default","ast-page-background-enabled":"default","ast-page-background-meta":{"desktop":{"background-color":"","background-image":"","background-repeat":"repeat","background-position":"center center","background-size":"auto","background-attachment":"scroll","background-type":"","background-media":"","overlay-type":"","overlay-color":"","overlay-gradient":""},"tablet":{"background-color":"","background-image":"","background-repeat":"repeat","background-position":"center center","background-size":"auto","background-attachment":"scroll","background-type":"","background-media":"","overlay-type":"","overlay-color":"","overlay-gradient":""},"mobile":{"background-color":"","background-image":"","background-repeat":"repeat","background-position":"center center","background-size":"auto","background-attachment":"scroll","background-type":"","background-media":"","overlay-type":"","overlay-color":"","overlay-gradient":""}},"ast-content-background-meta":{"desktop":{"background-color":"var(--ast-global-color-5)","background-image":"","background-repeat":"repeat","background-position":"center center","background-size":"auto","background-attachment":"scroll","background-type":"","background-media":"","overlay-type":"","overlay-color":"","overlay-gradient":""},"tablet":{"background-color":"var(--ast-global-color-5)","background-image":"","background-repeat":"repeat","background-position":"center center","background-size":"auto","background-attachment":"scroll","background-type":"","background-media":"","overlay-type":"","overlay-color":"","overlay-gradient":""},"mobile":{"background-color":"var(--ast-global-color-5)","background-image":"","background-repeat":"repeat","background-position":"center center","background-size":"auto","background-attachment":"scroll","background-type":"","background-media":"","overlay-type":"","overlay-color":"","overlay-gradient":""}},"footnotes":""},"uagb_featured_image_src":{"full":false,"thumbnail":false,"medium":false,"medium_large":false,"large":false,"1536x1536":false,"2048x2048":false,"trp-custom-language-flag":false},"uagb_author_info":{"display_name":"SOE","author_link":"https:\/\/supcom.standardof.net\/es\/author\/k-tastic\/"},"uagb_comment_info":0,"uagb_excerpt":"FATBOY &#8211; MOBILE FACTORY The Fatboy is perhaps the game&#8217;s best experimental unit. &#8220;Mobile Factory&#8221; is not a very good description; rather, it is an &#8220;Amphibious Battleship&#8221; with a modicum of anti-air support, decent sub protection, and shields that let it &#8220;regenerate&#8221; health if the assault against it is a failure, to say nothing of&hellip;","_links":{"self":[{"href":"https:\/\/supcom.standardof.net\/es\/wp-json\/wp\/v2\/pages\/479"}],"collection":[{"href":"https:\/\/supcom.standardof.net\/es\/wp-json\/wp\/v2\/pages"}],"about":[{"href":"https:\/\/supcom.standardof.net\/es\/wp-json\/wp\/v2\/types\/page"}],"author":[{"embeddable":true,"href":"https:\/\/supcom.standardof.net\/es\/wp-json\/wp\/v2\/users\/1"}],"replies":[{"embeddable":true,"href":"https:\/\/supcom.standardof.net\/es\/wp-json\/wp\/v2\/comments?post=479"}],"version-history":[{"count":0,"href":"https:\/\/supcom.standardof.net\/es\/wp-json\/wp\/v2\/pages\/479\/revisions"}],"up":[{"embeddable":true,"href":"https:\/\/supcom.standardof.net\/es\/wp-json\/wp\/v2\/pages\/231"}],"wp:attachment":[{"href":"https:\/\/supcom.standardof.net\/es\/wp-json\/wp\/v2\/media?parent=479"}],"curies":[{"name":"wp","href":"https:\/\/api.w.org\/{rel}","templated":true}]}}