{"id":503,"date":"2020-11-01T18:06:48","date_gmt":"2020-11-01T23:06:48","guid":{"rendered":"https:\/\/supcom.standardof.net\/?page_id=503"},"modified":"2020-11-03T21:40:35","modified_gmt":"2020-11-04T02:40:35","slug":"aeon","status":"publish","type":"page","link":"https:\/\/supcom.standardof.net\/es\/supreme-commander\/eon-2\/","title":{"rendered":"E\u00d3N"},"content":{"rendered":"<h2 class=\"has-text-align-center wp-block-heading\">UNIDADES AEON<\/h2>\n\n\n\n<div class=\"wp-block-image\"><figure class=\"aligncenter size-large\"><a href=\"https:\/\/supcom.standardof.net\/es\/supreme-commander\/eon-2\/sup-com-aeon-commander-promo\/\"><img decoding=\"async\" width=\"600\" height=\"635\" src=\"https:\/\/supcom.standardof.net\/wp-content\/uploads\/sites\/8\/2020\/11\/Sup-Com-Aeon-Commander-Promo.jpg\" alt=\"\" class=\"wp-image-505\" srcset=\"https:\/\/supcom.standardof.net\/wp-content\/uploads\/sites\/8\/2020\/11\/Sup-Com-Aeon-Commander-Promo.jpg 600w, https:\/\/supcom.standardof.net\/wp-content\/uploads\/sites\/8\/2020\/11\/Sup-Com-Aeon-Commander-Promo-484x512.jpg 484w, https:\/\/supcom.standardof.net\/wp-content\/uploads\/sites\/8\/2020\/11\/Sup-Com-Aeon-Commander-Promo-189x200.jpg 189w, https:\/\/supcom.standardof.net\/wp-content\/uploads\/sites\/8\/2020\/11\/Sup-Com-Aeon-Commander-Promo-11x12.jpg 11w\" sizes=\"(max-width: 600px) 100vw, 600px\" \/><\/a><\/figure><\/div>\n\n\n\n<p>Las unidades \u00fanicas de Aeon son los 3 experimentales y el Barco de ataque T1. Todas las unidades Aeon est\u00e1n enfocadas hacia un solo prop\u00f3sito, a menudo con un solo arma. Suelen tener menos salud, pero lo compensan en maniobrabilidad. <\/p>\n\n\n\n<p>El Aeon tiene una poderosa marina, especialmente si incluye el aerodeslizador Aurora T1. <\/p>\n\n\n\n<p>Los ingenieros de Aeon pueden sacrificarse para agregar parte de su costo a un proyecto de construcci\u00f3n, que puede ser \u00fatil en caso de necesidad si necesita terminar una unidad crucial o volver a bajar del l\u00edmite de unidades. <\/p>\n\n\n\n<p>Su bot de asedio T3 es especialmente \u00fatil, ya que puede reparar a sus amigos y sobrevivir a muchos da\u00f1os. <\/p>\n\n\n\n<p>El Aeon ACU puede convertirse en un luchador formidable con mejoras de armas y escudos o en una potencia econ\u00f3mica con su mejora de Asignaci\u00f3n de recursos avanzada. Sin embargo, tiene menos salud que las ACU de las otras facciones.<\/p>\n\n\n\n<section class=\"wp-block-uagb-columns uagb-columns__wrap uagb-columns__background-undefined uagb-columns__stack-mobile uagb-columns__valign-undefined uagb-columns__gap-10 alignundefined uagb-block-992c4446\"><div class=\"uagb-columns__overlay\"><\/div><div class=\"uagb-columns__inner-wrap uagb-columns__columns-1\">\n<div class=\"wp-block-uagb-column uagb-column__wrap uagb-column__background-undefined uagb-block-58a6a7d3\"><div class=\"uagb-column__overlay\"><\/div><div class=\"uagb-column__inner-wrap\">\n<h3 class=\"wp-block-heading\">Comandantes de Aeon<\/h3>\n\n\n\n<ul><li><a href=\"https:\/\/supcom.standardof.net\/es\/supreme-commander\/eon-2\/eon-comandante-2\/\" class=\"rank-math-link\">Comandante (ACU)<\/a><\/li><li><a href=\"https:\/\/supcom.standardof.net\/es\/supreme-commander\/eon-2\/eon-subcomandante-2\/\" class=\"rank-math-link\">Subcomandante (SCU)<\/a><\/li><\/ul>\n<\/div><\/div>\n<\/div><\/section>\n\n\n\n<section class=\"wp-block-uagb-columns uagb-columns__wrap uagb-columns__background-undefined uagb-columns__stack-mobile uagb-columns__valign-undefined uagb-columns__gap-10 alignundefined uagb-block-e67cf774\"><div class=\"uagb-columns__overlay\"><\/div><div class=\"uagb-columns__inner-wrap uagb-columns__columns-3\">\n<div class=\"wp-block-uagb-column uagb-column__wrap uagb-column__background-undefined uagb-block-0fef7ff6\"><div class=\"uagb-column__overlay\"><\/div><div class=\"uagb-column__inner-wrap\">\n<h3 class=\"wp-block-heading\" id=\"Land-Units\">Unidades Terrestres<\/h3>\n\n\n\n<ul><li><a href=\"https:\/\/supcom.standardof.net\/es\/supreme-commander\/eon-2\/tech-1-eon-land-unidades\/\" class=\"rank-math-link\">Tierra de nivel 1<\/a><\/li><li><a href=\"https:\/\/supcom.standardof.net\/es\/supreme-commander\/eon-2\/tech-2-eon-land-unidades\/\" class=\"rank-math-link\">Tierra de nivel 2<\/a><\/li><li><a href=\"https:\/\/supcom.standardof.net\/es\/supreme-commander\/eon-2\/tech-3-eon-land-unidades\/\" class=\"rank-math-link\">Tierra de nivel 3<\/a><\/li><\/ul>\n<\/div><\/div>\n\n\n\n<div class=\"wp-block-uagb-column uagb-column__wrap uagb-column__background-undefined uagb-block-4581dca4\"><div class=\"uagb-column__overlay\"><\/div><div class=\"uagb-column__inner-wrap\">\n<h3 class=\"wp-block-heading\" id=\"Air-Units\">Unidades de aire<\/h3>\n\n\n\n<ul><li><a href=\"https:\/\/supcom.standardof.net\/es\/supreme-commander\/eon-2\/unidades-aire-tech-1-eon\/\" class=\"rank-math-link\">Aire de nivel 1<\/a><\/li><li><a href=\"https:\/\/supcom.standardof.net\/es\/supreme-commander\/eon-2\/tech-2-aeon-air-unidades\/\" class=\"rank-math-link\">Aire de nivel 2<\/a><\/li><li><a href=\"https:\/\/supcom.standardof.net\/es\/supreme-commander\/eon-2\/tech-3-eon-air-unidades\/\" class=\"rank-math-link\">Aire de nivel 3<\/a><\/li><\/ul>\n<\/div><\/div>\n\n\n\n<div class=\"wp-block-uagb-column uagb-column__wrap uagb-column__background-undefined uagb-block-d2cba97a\"><div class=\"uagb-column__overlay\"><\/div><div class=\"uagb-column__inner-wrap\">\n<h3 class=\"wp-block-heading\" id=\"Naval-Units\">Unidades navales<\/h3>\n\n\n\n<ul><li><a href=\"https:\/\/supcom.standardof.net\/es\/supreme-commander\/eon-2\/unidades-navales-tech-1-eon\/\" class=\"rank-math-link\">Nivel 1 naval<\/a><\/li><li><a href=\"https:\/\/supcom.standardof.net\/es\/supreme-commander\/eon-2\/unidades-navales-tech-2-eon\/\" class=\"rank-math-link\">Nivel 2 naval<\/a><\/li><li><a href=\"https:\/\/supcom.standardof.net\/es\/supreme-commander\/eon-2\/unidades-navales-tech-3-eon\/\" class=\"rank-math-link\">Nivel 3 naval<\/a><\/li><\/ul>\n<\/div><\/div>\n<\/div><\/section>\n\n\n\n<section class=\"wp-block-uagb-columns uagb-columns__wrap uagb-columns__background-undefined uagb-columns__stack-mobile uagb-columns__valign-undefined uagb-columns__gap-10 alignundefined uagb-block-9a9cb927\"><div class=\"uagb-columns__overlay\"><\/div><div class=\"uagb-columns__inner-wrap uagb-columns__columns-2\">\n<div class=\"wp-block-uagb-column uagb-column__wrap uagb-column__background-undefined uagb-block-4ac07b24\"><div class=\"uagb-column__overlay\"><\/div><div class=\"uagb-column__inner-wrap\">\n<h3 class=\"wp-block-heading\" id=\"Defenses\">Defensas<\/h3>\n\n\n\n<ul><li><a href=\"https:\/\/supcom.standardof.net\/es\/supreme-commander\/eon-2\/tech-1-eon-defensas\/\" class=\"rank-math-link\">Defensas de nivel 1<\/a><\/li><li><a href=\"https:\/\/supcom.standardof.net\/es\/supreme-commander\/eon-2\/tech-2-eon-defensas\/\" class=\"rank-math-link\">Defensas de nivel 2<\/a><\/li><li><a href=\"https:\/\/supcom.standardof.net\/es\/supreme-commander\/eon-2\/tech-3-eon-defensas\/\" class=\"rank-math-link\">Defensas de nivel 3<\/a><\/li><\/ul>\n<\/div><\/div>\n\n\n\n<div class=\"wp-block-uagb-column uagb-column__wrap uagb-column__background-undefined uagb-block-5c128fb3\"><div class=\"uagb-column__overlay\"><\/div><div class=\"uagb-column__inner-wrap\">\n<h3 class=\"wp-block-heading\" id=\"Economy\">Econom\u00eda<\/h3>\n\n\n\n<ul><li><a href=\"https:\/\/supcom.standardof.net\/es\/supreme-commander\/eon-2\/tech-1-eon-economy-edificios-2\/\" class=\"rank-math-link\">Econom\u00eda de nivel 1<\/a><\/li><li><a href=\"https:\/\/supcom.standardof.net\/es\/supreme-commander\/eon-2\/tech-2-eon-economy-edificios-2\/\" class=\"rank-math-link\">Econom\u00eda de nivel 2<\/a><\/li><li><a href=\"https:\/\/supcom.standardof.net\/es\/supreme-commander\/eon-2\/tech-3-eon-economy-edificios-2\/\" class=\"rank-math-link\">Econom\u00eda de nivel 3<\/a><\/li><\/ul>\n<\/div><\/div>\n<\/div><\/section>\n\n\n\n<section class=\"wp-block-uagb-columns uagb-columns__wrap uagb-columns__background-undefined uagb-columns__stack-mobile uagb-columns__valign-undefined uagb-columns__gap-10 alignundefined uagb-block-b41b05e2\"><div class=\"uagb-columns__overlay\"><\/div><div class=\"uagb-columns__inner-wrap uagb-columns__columns-1\">\n<div class=\"wp-block-uagb-column uagb-column__wrap uagb-column__background-undefined uagb-block-e7776ae9\"><div class=\"uagb-column__overlay\"><\/div><div class=\"uagb-column__inner-wrap\">\n<h3 class=\"wp-block-heading\"><a href=\"https:\/\/supcom.standardof.net\/es\/supreme-commander\/eon-2\/unidades-experimentales-eon-2\/\" class=\"rank-math-link\">Unidades experimentales<\/a><\/h3>\n<\/div><\/div>\n<\/div><\/section>","protected":false},"excerpt":{"rendered":"<p>AEON UNITS The Aeon&#8217;s unique units are the 3 experimentals and the T1 Attack Boat. Aeon units are all focused towards a single purpose, often with only one gun. They tend to have less health, but make up for it in maneuverability. The Aeon has a powerful navy, especially if you include the Aurora T1 [&hellip;]<\/p>","protected":false},"author":1,"featured_media":0,"parent":14,"menu_order":0,"comment_status":"open","ping_status":"closed","template":"","meta":{"_uag_custom_page_level_css":"","site-sidebar-layout":"default","site-content-layout":"default","ast-site-content-layout":"","site-content-style":"default","site-sidebar-style":"default","ast-global-header-display":"","ast-banner-title-visibility":"","ast-main-header-display":"","ast-hfb-above-header-display":"","ast-hfb-below-header-display":"","ast-hfb-mobile-header-display":"","site-post-title":"","ast-breadcrumbs-content":"","ast-featured-img":"","footer-sml-layout":"","theme-transparent-header-meta":"default","adv-header-id-meta":"","stick-header-meta":"","header-above-stick-meta":"","header-main-stick-meta":"","header-below-stick-meta":"","astra-migrate-meta-layouts":"default","ast-page-background-enabled":"default","ast-page-background-meta":{"desktop":{"background-color":"","background-image":"","background-repeat":"repeat","background-position":"center center","background-size":"auto","background-attachment":"scroll","background-type":"","background-media":"","overlay-type":"","overlay-color":"","overlay-gradient":""},"tablet":{"background-color":"","background-image":"","background-repeat":"repeat","background-position":"center center","background-size":"auto","background-attachment":"scroll","background-type":"","background-media":"","overlay-type":"","overlay-color":"","overlay-gradient":""},"mobile":{"background-color":"","background-image":"","background-repeat":"repeat","background-position":"center center","background-size":"auto","background-attachment":"scroll","background-type":"","background-media":"","overlay-type":"","overlay-color":"","overlay-gradient":""}},"ast-content-background-meta":{"desktop":{"background-color":"var(--ast-global-color-5)","background-image":"","background-repeat":"repeat","background-position":"center center","background-size":"auto","background-attachment":"scroll","background-type":"","background-media":"","overlay-type":"","overlay-color":"","overlay-gradient":""},"tablet":{"background-color":"var(--ast-global-color-5)","background-image":"","background-repeat":"repeat","background-position":"center center","background-size":"auto","background-attachment":"scroll","background-type":"","background-media":"","overlay-type":"","overlay-color":"","overlay-gradient":""},"mobile":{"background-color":"var(--ast-global-color-5)","background-image":"","background-repeat":"repeat","background-position":"center center","background-size":"auto","background-attachment":"scroll","background-type":"","background-media":"","overlay-type":"","overlay-color":"","overlay-gradient":""}},"footnotes":""},"uagb_featured_image_src":{"full":false,"thumbnail":false,"medium":false,"medium_large":false,"large":false,"1536x1536":false,"2048x2048":false,"trp-custom-language-flag":false},"uagb_author_info":{"display_name":"SOE","author_link":"https:\/\/supcom.standardof.net\/es\/author\/k-tastic\/"},"uagb_comment_info":0,"uagb_excerpt":"AEON UNITS The Aeon&#8217;s unique units are the 3 experimentals and the T1 Attack Boat. Aeon units are all focused towards a single purpose, often with only one gun. They tend to have less health, but make up for it in maneuverability. The Aeon has a powerful navy, especially if you include the Aurora T1&hellip;","_links":{"self":[{"href":"https:\/\/supcom.standardof.net\/es\/wp-json\/wp\/v2\/pages\/503"}],"collection":[{"href":"https:\/\/supcom.standardof.net\/es\/wp-json\/wp\/v2\/pages"}],"about":[{"href":"https:\/\/supcom.standardof.net\/es\/wp-json\/wp\/v2\/types\/page"}],"author":[{"embeddable":true,"href":"https:\/\/supcom.standardof.net\/es\/wp-json\/wp\/v2\/users\/1"}],"replies":[{"embeddable":true,"href":"https:\/\/supcom.standardof.net\/es\/wp-json\/wp\/v2\/comments?post=503"}],"version-history":[{"count":0,"href":"https:\/\/supcom.standardof.net\/es\/wp-json\/wp\/v2\/pages\/503\/revisions"}],"up":[{"embeddable":true,"href":"https:\/\/supcom.standardof.net\/es\/wp-json\/wp\/v2\/pages\/14"}],"wp:attachment":[{"href":"https:\/\/supcom.standardof.net\/es\/wp-json\/wp\/v2\/media?parent=503"}],"curies":[{"name":"wp","href":"https:\/\/api.w.org\/{rel}","templated":true}]}}