{"id":538,"date":"2020-11-01T19:02:30","date_gmt":"2020-11-02T00:02:30","guid":{"rendered":"https:\/\/supcom.standardof.net\/?page_id=538"},"modified":"2020-11-03T00:12:07","modified_gmt":"2020-11-03T05:12:07","slug":"cybran","status":"publish","type":"page","link":"https:\/\/supcom.standardof.net\/es\/supreme-commander\/cybran-2\/","title":{"rendered":"CYBRAN"},"content":{"rendered":"<h2 class=\"has-text-align-center wp-block-heading\">UNIDADES CYBRAN<\/h2>\n\n\n\n<div class=\"wp-block-image\"><figure class=\"aligncenter size-large\"><a href=\"https:\/\/supcom.standardof.net\/es\/supreme-commander\/cybran-2\/sup-com-cybran-commander-promo\/\"><img decoding=\"async\" width=\"600\" height=\"637\" src=\"https:\/\/supcom.standardof.net\/wp-content\/uploads\/sites\/8\/2020\/11\/Sup-Com-Cybran-Commander-Promo.jpg\" alt=\"\" class=\"wp-image-541\" srcset=\"https:\/\/supcom.standardof.net\/wp-content\/uploads\/sites\/8\/2020\/11\/Sup-Com-Cybran-Commander-Promo.jpg 600w, https:\/\/supcom.standardof.net\/wp-content\/uploads\/sites\/8\/2020\/11\/Sup-Com-Cybran-Commander-Promo-482x512.jpg 482w, https:\/\/supcom.standardof.net\/wp-content\/uploads\/sites\/8\/2020\/11\/Sup-Com-Cybran-Commander-Promo-188x200.jpg 188w, https:\/\/supcom.standardof.net\/wp-content\/uploads\/sites\/8\/2020\/11\/Sup-Com-Cybran-Commander-Promo-11x12.jpg 11w\" sizes=\"(max-width: 600px) 100vw, 600px\" \/><\/a><\/figure><\/div>\n\n\n\n<p>Las unidades \u00fanicas de Cybran son los 3 experimentales y el bloqueador de radar m\u00f3vil T2. Muchas unidades Cybran tambi\u00e9n tienen diferencias significativas con sus contrapartes UEF y Aeon: destructores que caminan, exploradores terrestres encubiertos, escudos actualizables, submarinos con ca\u00f1ones de cubierta, en realidad tanques anfibios y el bot Mantis. Las unidades Cybran tienden a hacer cosas extra\u00f1as, adem\u00e1s de su prop\u00f3sito principal. Los Cybrans no tienen un generador de escudo m\u00f3vil ni un generador de escudo pesado; sus escudos deben actualizarse manualmente para alcanzar la m\u00e1xima cobertura y a\u00fan son mucho m\u00e1s d\u00e9biles que los escudos pesados de las otras facciones. El Cybran ACU se puede convertir en una fuerza ofensiva muy arriesgada o en un as pr\u00e1cticamente invisible en la manga.<\/p>\n\n\n\n<section class=\"wp-block-uagb-columns uagb-columns__wrap uagb-columns__background-undefined uagb-columns__stack-mobile uagb-columns__valign-undefined uagb-columns__gap-10 alignundefined uagb-block-7847c660\"><div class=\"uagb-columns__overlay\"><\/div><div class=\"uagb-columns__inner-wrap uagb-columns__columns-1\">\n<div class=\"wp-block-uagb-column uagb-column__wrap uagb-column__background-undefined uagb-block-13352c1e\"><div class=\"uagb-column__overlay\"><\/div><div class=\"uagb-column__inner-wrap\">\n<h3 class=\"wp-block-heading\">Comandantes Cybran<\/h3>\n\n\n\n<ul><li><a href=\"https:\/\/supcom.standardof.net\/es\/supreme-commander\/cybran-2\/cybran-comandante\/\" class=\"rank-math-link\">Comandante (ACU)<\/a><\/li><li><a href=\"https:\/\/supcom.standardof.net\/es\/supreme-commander\/cybran-2\/cybran-subcomandante\/\" class=\"rank-math-link\">Subcomandante (SCU)<\/a><\/li><\/ul>\n<\/div><\/div>\n<\/div><\/section>\n\n\n\n<section class=\"wp-block-uagb-columns uagb-columns__wrap uagb-columns__background-undefined uagb-columns__stack-mobile uagb-columns__valign-undefined uagb-columns__gap-10 alignundefined uagb-block-aa685df0\"><div class=\"uagb-columns__overlay\"><\/div><div class=\"uagb-columns__inner-wrap uagb-columns__columns-3\">\n<div class=\"wp-block-uagb-column uagb-column__wrap uagb-column__background-undefined uagb-block-3f6f3761\"><div class=\"uagb-column__overlay\"><\/div><div class=\"uagb-column__inner-wrap\">\n<h3 class=\"wp-block-heading\" id=\"Land-Units\">Unidades Terrestres<\/h3>\n\n\n\n<ul><li><a href=\"https:\/\/supcom.standardof.net\/es\/supreme-commander\/cybran-2\/cybran-tech-1-land-unidades\/\" class=\"rank-math-link\">Tierra de nivel 1<\/a><\/li><li><a href=\"https:\/\/supcom.standardof.net\/es\/supreme-commander\/cybran-2\/cybran-tech-2-land-unidades\/\" class=\"rank-math-link\">Tierra de nivel 2<\/a><\/li><li><a href=\"https:\/\/supcom.standardof.net\/es\/supreme-commander\/cybran-2\/cybran-tech-3-unidades-terrestres\/\" class=\"rank-math-link\">Tierra de nivel 3<\/a><\/li><\/ul>\n<\/div><\/div>\n\n\n\n<div class=\"wp-block-uagb-column uagb-column__wrap uagb-column__background-undefined uagb-block-690fadf3\"><div class=\"uagb-column__overlay\"><\/div><div class=\"uagb-column__inner-wrap\">\n<h3 class=\"wp-block-heading\" id=\"Air-Units\">Unidades de aire<\/h3>\n\n\n\n<ul><li><a href=\"https:\/\/supcom.standardof.net\/es\/supreme-commander\/cybran-2\/cybran-tech-1-unidades-aereas\/\" class=\"rank-math-link\">Aire de nivel 1<\/a><\/li><li><a href=\"https:\/\/supcom.standardof.net\/es\/supreme-commander\/cybran-2\/cybran-tech-2-unidades-aereas\/\" class=\"rank-math-link\">Aire de nivel 2<\/a><\/li><li><a href=\"https:\/\/supcom.standardof.net\/es\/supreme-commander\/cybran-2\/cybran-tech-3-unidades-aereas\/\" class=\"rank-math-link\">Aire de nivel 3<\/a><\/li><\/ul>\n<\/div><\/div>\n\n\n\n<div class=\"wp-block-uagb-column uagb-column__wrap uagb-column__background-undefined uagb-block-5d438d60\"><div class=\"uagb-column__overlay\"><\/div><div class=\"uagb-column__inner-wrap\">\n<h3 class=\"wp-block-heading\" id=\"Naval-Units\">Unidades navales<\/h3>\n\n\n\n<ul><li><a href=\"https:\/\/supcom.standardof.net\/es\/supreme-commander\/cybran-2\/cybran-tech-1-unidades-navales\/\" class=\"rank-math-link\">Nivel 1 naval<\/a><\/li><li><a href=\"https:\/\/supcom.standardof.net\/es\/supreme-commander\/cybran-2\/cybran-tech-2-unidades-navales\/\" class=\"rank-math-link\">Nivel 2 naval<\/a><\/li><li><a href=\"https:\/\/supcom.standardof.net\/es\/supreme-commander\/cybran-2\/cybran-tech-3-unidades-navales\/\" class=\"rank-math-link\">Nivel 3 naval<\/a><\/li><\/ul>\n<\/div><\/div>\n<\/div><\/section>\n\n\n\n<section class=\"wp-block-uagb-columns uagb-columns__wrap uagb-columns__background-undefined uagb-columns__stack-mobile uagb-columns__valign-undefined uagb-columns__gap-10 alignundefined uagb-block-fde9a700\"><div class=\"uagb-columns__overlay\"><\/div><div class=\"uagb-columns__inner-wrap uagb-columns__columns-2\">\n<div class=\"wp-block-uagb-column uagb-column__wrap uagb-column__background-undefined uagb-block-415beb25\"><div class=\"uagb-column__overlay\"><\/div><div class=\"uagb-column__inner-wrap\">\n<h3 class=\"wp-block-heading\" id=\"Defenses\">Defensas<\/h3>\n\n\n\n<ul><li><a href=\"https:\/\/supcom.standardof.net\/es\/supreme-commander\/cybran-2\/cybran-tech-1-defensas\/\" class=\"rank-math-link\">Defensas de nivel 1<\/a><\/li><li><a href=\"https:\/\/supcom.standardof.net\/es\/supreme-commander\/cybran-2\/cybran-tech-2-defensas\/\" class=\"rank-math-link\">Defensas de nivel 2<\/a><\/li><li><a href=\"https:\/\/supcom.standardof.net\/es\/supreme-commander\/cybran-2\/cybran-tech-3-defensas-2\/\" class=\"rank-math-link\">Defensas de nivel 3<\/a><\/li><\/ul>\n<\/div><\/div>\n\n\n\n<div class=\"wp-block-uagb-column uagb-column__wrap uagb-column__background-undefined uagb-block-c2c7f2da\"><div class=\"uagb-column__overlay\"><\/div><div class=\"uagb-column__inner-wrap\">\n<h3 class=\"wp-block-heading\" id=\"Economy\">Econom\u00eda<\/h3>\n\n\n\n<ul><li><a href=\"https:\/\/supcom.standardof.net\/es\/supreme-commander\/cybran-2\/cybran-tech-1-economia-2\/\" class=\"rank-math-link\">Econom\u00eda de nivel 1<\/a><\/li><li><a href=\"https:\/\/supcom.standardof.net\/es\/supreme-commander\/cybran-2\/cybran-tech-2-economia-2\/\" class=\"rank-math-link\">Econom\u00eda de nivel 2<\/a><\/li><li><a href=\"https:\/\/supcom.standardof.net\/es\/supreme-commander\/cybran-2\/cybran-tech-3-economia-2\/\" class=\"rank-math-link\">Econom\u00eda de nivel 3<\/a><\/li><\/ul>\n\n\n\n<p><\/p>\n<\/div><\/div>\n<\/div><\/section>\n\n\n\n<section class=\"wp-block-uagb-columns uagb-columns__wrap uagb-columns__background-undefined uagb-columns__stack-mobile uagb-columns__valign-undefined uagb-columns__gap-10 alignundefined uagb-block-c39f3e34\"><div class=\"uagb-columns__overlay\"><\/div><div class=\"uagb-columns__inner-wrap uagb-columns__columns-1\">\n<div class=\"wp-block-uagb-column uagb-column__wrap uagb-column__background-undefined uagb-block-6200630e\"><div class=\"uagb-column__overlay\"><\/div><div class=\"uagb-column__inner-wrap\">\n<h3 class=\"wp-block-heading\"><a href=\"https:\/\/supcom.standardof.net\/es\/supreme-commander\/cybran-2\/cybran-unidades-experimentales\/\" class=\"rank-math-link\">Unidades experimentales<\/a><\/h3>\n<\/div><\/div>\n<\/div><\/section>","protected":false},"excerpt":{"rendered":"<p>CYBRAN UNITS The Cybran unique units are the 3 experimentals and the T2 mobile radar jammer. Many Cybran units also have significant differences from their UEF and Aeon counterparts &#8211; walking destroyers, cloaking land scouts, upgradeable shields, subs with deck guns, actually amphibious tanks, and the Mantis bot. Cybran units tend to do odd &#8220;extra&#8221; [&hellip;]<\/p>","protected":false},"author":1,"featured_media":0,"parent":14,"menu_order":0,"comment_status":"open","ping_status":"closed","template":"","meta":{"_uag_custom_page_level_css":"","site-sidebar-layout":"default","site-content-layout":"default","ast-site-content-layout":"","site-content-style":"default","site-sidebar-style":"default","ast-global-header-display":"","ast-banner-title-visibility":"","ast-main-header-display":"","ast-hfb-above-header-display":"","ast-hfb-below-header-display":"","ast-hfb-mobile-header-display":"","site-post-title":"","ast-breadcrumbs-content":"","ast-featured-img":"","footer-sml-layout":"","theme-transparent-header-meta":"default","adv-header-id-meta":"","stick-header-meta":"","header-above-stick-meta":"","header-main-stick-meta":"","header-below-stick-meta":"","astra-migrate-meta-layouts":"default","ast-page-background-enabled":"default","ast-page-background-meta":{"desktop":{"background-color":"","background-image":"","background-repeat":"repeat","background-position":"center center","background-size":"auto","background-attachment":"scroll","background-type":"","background-media":"","overlay-type":"","overlay-color":"","overlay-gradient":""},"tablet":{"background-color":"","background-image":"","background-repeat":"repeat","background-position":"center center","background-size":"auto","background-attachment":"scroll","background-type":"","background-media":"","overlay-type":"","overlay-color":"","overlay-gradient":""},"mobile":{"background-color":"","background-image":"","background-repeat":"repeat","background-position":"center center","background-size":"auto","background-attachment":"scroll","background-type":"","background-media":"","overlay-type":"","overlay-color":"","overlay-gradient":""}},"ast-content-background-meta":{"desktop":{"background-color":"var(--ast-global-color-5)","background-image":"","background-repeat":"repeat","background-position":"center center","background-size":"auto","background-attachment":"scroll","background-type":"","background-media":"","overlay-type":"","overlay-color":"","overlay-gradient":""},"tablet":{"background-color":"var(--ast-global-color-5)","background-image":"","background-repeat":"repeat","background-position":"center center","background-size":"auto","background-attachment":"scroll","background-type":"","background-media":"","overlay-type":"","overlay-color":"","overlay-gradient":""},"mobile":{"background-color":"var(--ast-global-color-5)","background-image":"","background-repeat":"repeat","background-position":"center center","background-size":"auto","background-attachment":"scroll","background-type":"","background-media":"","overlay-type":"","overlay-color":"","overlay-gradient":""}},"footnotes":""},"uagb_featured_image_src":{"full":false,"thumbnail":false,"medium":false,"medium_large":false,"large":false,"1536x1536":false,"2048x2048":false,"trp-custom-language-flag":false},"uagb_author_info":{"display_name":"SOE","author_link":"https:\/\/supcom.standardof.net\/es\/author\/k-tastic\/"},"uagb_comment_info":0,"uagb_excerpt":"CYBRAN UNITS The Cybran unique units are the 3 experimentals and the T2 mobile radar jammer. Many Cybran units also have significant differences from their UEF and Aeon counterparts &#8211; walking destroyers, cloaking land scouts, upgradeable shields, subs with deck guns, actually amphibious tanks, and the Mantis bot. Cybran units tend to do odd &#8220;extra&#8221;&hellip;","_links":{"self":[{"href":"https:\/\/supcom.standardof.net\/es\/wp-json\/wp\/v2\/pages\/538"}],"collection":[{"href":"https:\/\/supcom.standardof.net\/es\/wp-json\/wp\/v2\/pages"}],"about":[{"href":"https:\/\/supcom.standardof.net\/es\/wp-json\/wp\/v2\/types\/page"}],"author":[{"embeddable":true,"href":"https:\/\/supcom.standardof.net\/es\/wp-json\/wp\/v2\/users\/1"}],"replies":[{"embeddable":true,"href":"https:\/\/supcom.standardof.net\/es\/wp-json\/wp\/v2\/comments?post=538"}],"version-history":[{"count":0,"href":"https:\/\/supcom.standardof.net\/es\/wp-json\/wp\/v2\/pages\/538\/revisions"}],"up":[{"embeddable":true,"href":"https:\/\/supcom.standardof.net\/es\/wp-json\/wp\/v2\/pages\/14"}],"wp:attachment":[{"href":"https:\/\/supcom.standardof.net\/es\/wp-json\/wp\/v2\/media?parent=538"}],"curies":[{"name":"wp","href":"https:\/\/api.w.org\/{rel}","templated":true}]}}