{"id":549,"date":"2020-11-01T19:32:26","date_gmt":"2020-11-02T00:32:26","guid":{"rendered":"https:\/\/supcom.standardof.net\/?page_id=549"},"modified":"2020-11-04T12:06:00","modified_gmt":"2020-11-04T17:06:00","slug":"cybran-commander","status":"publish","type":"page","link":"https:\/\/supcom.standardof.net\/es\/supreme-commander\/cybran-2\/cybran-comandante\/","title":{"rendered":"Comandante Cybran"},"content":{"rendered":"<section class=\"wp-block-uagb-columns uagb-columns__wrap uagb-columns__background-undefined uagb-columns__stack-mobile uagb-columns__valign-undefined uagb-columns__gap-10 alignundefined uagb-block-248e45dc\"><div class=\"uagb-columns__overlay\"><\/div><div class=\"uagb-columns__inner-wrap uagb-columns__columns-1\">\n<div class=\"wp-block-uagb-column uagb-column__wrap uagb-column__background-undefined uagb-block-67cc22c3\"><div class=\"uagb-column__overlay\"><\/div><div class=\"uagb-column__inner-wrap\">\n<h2 class=\"wp-block-heading\"><strong>UNIDAD DE MANDO ARMADA<\/strong> - CYBRAN ACU<\/h2>\n\n\n\n<p>Tu Comandante parece intimidante, pero eso es solo porque es muy vers\u00e1til. Recuerde, si tiene problemas, puede cobrar de m\u00e1s presionando O.<\/p>\n\n\n\n<div class=\"wp-block-image\"><figure class=\"aligncenter size-large\"><a href=\"https:\/\/supcom.standardof.net\/es\/supreme-commander\/cybran-2\/cybran-comandante\/supreme-commander-armored-command-unit-cybran-acu\/\"><img decoding=\"async\" width=\"800\" height=\"553\" src=\"https:\/\/supcom.standardof.net\/wp-content\/uploads\/sites\/8\/2020\/11\/Supreme-Commander-ARMORED-COMMAND-UNIT-\u2013-CYBRAN-ACU-800x553.jpg\" alt=\"La Unidad de Comando Blindada Cybran en Supreme Commander.\" class=\"wp-image-890\" srcset=\"https:\/\/supcom.standardof.net\/wp-content\/uploads\/sites\/8\/2020\/11\/Supreme-Commander-ARMORED-COMMAND-UNIT-\u2013-CYBRAN-ACU-800x553.jpg 800w, https:\/\/supcom.standardof.net\/wp-content\/uploads\/sites\/8\/2020\/11\/Supreme-Commander-ARMORED-COMMAND-UNIT-\u2013-CYBRAN-ACU-512x354.jpg 512w, https:\/\/supcom.standardof.net\/wp-content\/uploads\/sites\/8\/2020\/11\/Supreme-Commander-ARMORED-COMMAND-UNIT-\u2013-CYBRAN-ACU-200x138.jpg 200w, https:\/\/supcom.standardof.net\/wp-content\/uploads\/sites\/8\/2020\/11\/Supreme-Commander-ARMORED-COMMAND-UNIT-\u2013-CYBRAN-ACU-768x531.jpg 768w, https:\/\/supcom.standardof.net\/wp-content\/uploads\/sites\/8\/2020\/11\/Supreme-Commander-ARMORED-COMMAND-UNIT-\u2013-CYBRAN-ACU-16x12.jpg 16w, https:\/\/supcom.standardof.net\/wp-content\/uploads\/sites\/8\/2020\/11\/Supreme-Commander-ARMORED-COMMAND-UNIT-\u2013-CYBRAN-ACU.jpg 1426w\" sizes=\"(max-width: 800px) 100vw, 800px\" \/><\/a><figcaption>CYBRAN ACU<\/figcaption><\/figure><\/div>\n\n\n\n<section class=\"wp-block-uagb-columns uagb-columns__wrap uagb-columns__background-undefined uagb-columns__stack-mobile uagb-columns__valign-undefined uagb-columns__gap-10 alignundefined uagb-block-cb23705a\"><div class=\"uagb-columns__overlay\"><\/div><div class=\"uagb-columns__inner-wrap uagb-columns__columns-2\">\n<div class=\"wp-block-uagb-column uagb-column__wrap uagb-column__background-undefined uagb-block-6c162137\"><div class=\"uagb-column__overlay\"><\/div><div class=\"uagb-column__inner-wrap\">\n<h3 class=\"wp-block-heading\">Estad\u00edsticas de ACU<\/h3>\n\n\n\n<p><strong>Armadura:<\/strong> 10.000 CV<br>&nbsp;&nbsp;&nbsp; tasa de regeneraci\u00f3n: 15<br>&nbsp;&nbsp;&nbsp; tipo de armadura: Comandante<br><strong>Habilidades<\/strong><br>&nbsp;&nbsp;&nbsp; Personalizable<br>&nbsp;&nbsp;&nbsp; Sobrecargar<br>&nbsp;&nbsp;&nbsp; Sensor Omni<br>&nbsp;&nbsp;&nbsp; Suite de Ingenier\u00eda<br><strong>Costo<\/strong><br>&nbsp;&nbsp;&nbsp; 60.000 M (+1, almacenamiento: 400)<br>&nbsp;&nbsp;&nbsp; E 5,000,000 (+10, almacenamiento: 2500)<br>&nbsp;&nbsp;&nbsp; T 18.000<br><strong>Tasa de construcci\u00f3n:<\/strong> 10<br><strong>Intel<\/strong><br>&nbsp;&nbsp;&nbsp; vista: 26 (508m)<br>&nbsp;&nbsp;&nbsp; omnidireccional: 26 (508 m)<br><strong>F\u00edsica<\/strong><br>&nbsp;&nbsp;&nbsp; velocidad m\u00e1xima: 1,7 (33,2 m \/ s)<br>&nbsp;&nbsp;&nbsp; velocidad de giro: 90<br><strong>Clase de transporte:<\/strong> 3<br><strong>Veterancia:<\/strong> 100, 200, 500, 1000, 2000 muertes<br><em>* veterano nivel 2: +2,500 hp<br>* veterano nivel 4: +2,500 hp<br>* veterano nivel 5: repara 30 hp \/ s<\/em><\/p>\n<\/div><\/div>\n\n\n\n<div class=\"wp-block-uagb-column uagb-column__wrap uagb-column__background-undefined uagb-block-2ad04f62\"><div class=\"uagb-column__overlay\"><\/div><div class=\"uagb-column__inner-wrap\">\n<h3 class=\"wp-block-heading\">Armas ACU<\/h3>\n\n\n\n<p><strong>Ca\u00f1\u00f3n desgarrador molecular<\/strong> (Fuego directo)<br>&nbsp;&nbsp;&nbsp; 100,00 dps<br><strong>rango:<\/strong> 2 (39,1 m) - 22 (430 m)<br><strong>arma de proyectil:<\/strong> 80 da\u00f1os<br><strong>cadencia de fuego:<\/strong> 1,2 (cada 0,8 s)<br><em>* veterano nivel 1: +25 de da\u00f1o<br>* veterano nivel 3: +25 de da\u00f1o<\/em><\/p>\n\n\n\n<p><strong>Ca\u00f1\u00f3n de sobrecarga<\/strong> (Fuego directo)<br>&nbsp;&nbsp;&nbsp; 35.000,00 dps<br><strong>zona:<\/strong> 2 (39,1 m)<br><strong>rango:<\/strong> 10 (195 m)<br><strong>arma de proyectil:<\/strong> 70.000 da\u00f1os<br><strong>cadencia de fuego:<\/strong> 0,5 (cada 2 s)<br><strong>energ\u00eda requerida:<\/strong> 3.000 (-3.000)<br><em>* veterano nivel 1: +17,500 de da\u00f1o<br>* veterano nivel 3: +17.500 de da\u00f1o<\/em><\/p>\n\n\n\n<p><strong>Death Nuke<\/strong> (Fuego directo)<br>da\u00f1o del anillo interior: 3500<br>radio del anillo interior: 30 (586 m)<br>da\u00f1o del anillo exterior: 500<br>radio del anillo exterior: 40 (781 m)<\/p>\n<\/div><\/div>\n<\/div><\/section>\n<\/div><\/div>\n<\/div><\/section>\n\n\n\n<section class=\"wp-block-uagb-columns uagb-columns__wrap uagb-columns__background-undefined uagb-columns__stack-mobile uagb-columns__valign-undefined uagb-columns__gap-10 alignundefined uagb-block-5b344dab\"><div class=\"uagb-columns__overlay\"><\/div><div class=\"uagb-columns__inner-wrap uagb-columns__columns-1\">\n<div class=\"wp-block-uagb-column uagb-column__wrap uagb-column__background-undefined uagb-block-69dfcfb5\"><div class=\"uagb-column__overlay\"><\/div><div class=\"uagb-column__inner-wrap\">\t\t\t\t<div class=\"wp-block-uagb-table-of-contents uagb-toc__align-left uagb-toc__columns-1  uagb-block-7009dc12\"\n\t\t\t\t\tdata-scroll= \"1\"\n\t\t\t\t\tdata-offset= \"30\"\n\t\t\t\t\tstyle=\"\"\n\t\t\t\t>\n\t\t\t\t<div class=\"uagb-toc__wrap\">\n\t\t\t\t\t\t<div class=\"uagb-toc__title\">\n\t\t\t\t\t\t\tActualizaciones de Cybran ACU\t\t\t\t\t\t<\/div>\n\t\t\t\t\t\t\t\t\t\t\t\t\t\t\t\t<div class=\"uagb-toc__list-wrap\">\n\t\t\t\t\t\t<ol class=\"uagb-toc__list\"><li class=\"uagb-toc__list\"><a href=\"#right-arm\" class=\"uagb-toc-link__trigger\">Brazo derecho<\/a><ul class=\"uagb-toc__list\"><li class=\"uagb-toc__list\"><a href=\"#microwave-laser-generator\" class=\"uagb-toc-link__trigger\">Generador l\u00e1ser de microondas<\/a><li class=\"uagb-toc__list\"><li class=\"uagb-toc__list\"><a href=\"#nanite-torpedo-tube\" class=\"uagb-toc-link__trigger\">Tubo Torpedo Nanite<\/a><\/li><\/ul><\/li><li class=\"uagb-toc__list\"><a href=\"#back\" class=\"uagb-toc-link__trigger\">atr\u00e1s<\/a><ul class=\"uagb-toc__list\"><li class=\"uagb-toc__list\"><a href=\"#personal-teleporter\" class=\"uagb-toc-link__trigger\">Teletransportador personal<\/a><li class=\"uagb-toc__list\"><li class=\"uagb-toc__list\"><a href=\"#personal-cloaking-generator\" class=\"uagb-toc-link__trigger\">Generador de encubrimiento personal<\/a><li class=\"uagb-toc__list\"><li class=\"uagb-toc__list\"><a href=\"#personal-stealth-generator\" class=\"uagb-toc-link__trigger\">Generador de sigilo personal<\/a><li class=\"uagb-toc__list\"><li class=\"uagb-toc__list\"><a href=\"#resource-allocation-system\" class=\"uagb-toc-link__trigger\">Sistema de asignaci\u00f3n de recursos<\/a><\/li><\/ul><\/li><\/ul><\/li><li class=\"uagb-toc__list\"><a href=\"#left-arm\" class=\"uagb-toc-link__trigger\">Brazo izquierdo<\/a><ul class=\"uagb-toc__list\"><li class=\"uagb-toc__list\"><a href=\"#tech-2-engineering-suite\" class=\"uagb-toc-link__trigger\">Suite de ingenier\u00eda Tech 2<\/a><li class=\"uagb-toc__list\"><li class=\"uagb-toc__list\"><a href=\"#tech-3-engineering-suite\" class=\"uagb-toc-link__trigger\">Suite de ingenier\u00eda Tech 3<\/a><li class=\"uagb-toc__list\"><li class=\"uagb-toc__list\"><a href=\"#advanced-cooling-upgrade\" class=\"uagb-toc-link__trigger\">Actualizaci\u00f3n de refrigeraci\u00f3n avanzada<\/a><\/ul><\/ul><\/ul><\/ol>\t\t\t\t\t<\/div>\n\t\t\t\t\t\t\t\t\t<\/div>\n\t\t\t\t<\/div>\n\t\t\t<\/div><\/div>\n<\/div><\/section>\n\n\n\n<section class=\"wp-block-uagb-columns uagb-columns__wrap uagb-columns__background-undefined uagb-columns__stack-mobile uagb-columns__valign-undefined uagb-columns__gap-10 alignundefined uagb-block-43fdd530\"><div class=\"uagb-columns__overlay\"><\/div><div class=\"uagb-columns__inner-wrap uagb-columns__columns-1\">\n<div class=\"wp-block-uagb-column uagb-column__wrap uagb-column__background-undefined uagb-block-8eadcab3\"><div class=\"uagb-column__overlay\"><\/div><div class=\"uagb-column__inner-wrap\">\n<h4 class=\"wp-block-heading\">Brazo derecho<\/h4>\n\n\n\n<section class=\"wp-block-uagb-columns uagb-columns__wrap uagb-columns__background-undefined uagb-columns__stack-mobile uagb-columns__valign-undefined uagb-columns__gap-10 alignundefined uagb-block-3121bddb\"><div class=\"uagb-columns__overlay\"><\/div><div class=\"uagb-columns__inner-wrap uagb-columns__columns-1\">\n<div class=\"wp-block-uagb-column uagb-column__wrap uagb-column__background-undefined uagb-block-2731e6e4\"><div class=\"uagb-column__overlay\"><\/div><div class=\"uagb-column__inner-wrap\">\n<h5 class=\"wp-block-heading\">Generador l\u00e1ser de microondas<\/h5>\n\n\n\n<p>Le da a ACU un l\u00e1ser adicional similar a Monkeylord, capaz de protegerlo de las fuerzas terrestres no experimentales.<\/p>\n\n\n\n<p><strong>Costo<\/strong>: M 6.750 - E 900.000 - T 2.250<strong><br>L\u00e1ser de microondas pesado<\/strong><br>&nbsp;&nbsp;&nbsp; 5,000.00 dps<br><strong>rango:<\/strong> 22 (430 m)<br><strong>arma de haz continuo<br>costo de disparar:<\/strong> E (-2000)<br><em>* veterano nivel 1: +250 de da\u00f1o<br>* veterano nivel 3: +250 de da\u00f1o<\/em><\/p>\n<\/div><\/div>\n<\/div><\/section>\n\n\n\n<section class=\"wp-block-uagb-columns uagb-columns__wrap uagb-columns__background-undefined uagb-columns__stack-mobile uagb-columns__valign-undefined uagb-columns__gap-10 alignundefined uagb-block-c2484c11\"><div class=\"uagb-columns__overlay\"><\/div><div class=\"uagb-columns__inner-wrap uagb-columns__columns-1\">\n<div class=\"wp-block-uagb-column uagb-column__wrap uagb-column__background-undefined uagb-block-0f571ff6\"><div class=\"uagb-column__overlay\"><\/div><div class=\"uagb-column__inner-wrap\">\n<h5 class=\"wp-block-heading\">Tubo Torpedo Nanite<\/h5>\n\n\n\n<p>Entrega torpedos al comandante para misiones submarinas.<\/p>\n\n\n\n<p><strong>Costo<\/strong>: 1.500 M - 37.500 T - 1.500 T<br><strong>Torpedo de nanita<\/strong> (Anti Marina)<br>&nbsp;&nbsp;&nbsp; 250,00 dps<br><strong>rango:<\/strong> 32 (625 m)<br><strong>arma de proyectil:<\/strong> 500 da\u00f1os<br>cadencia de fuego: 0.5 (cada 2s)<br><em>* veterano nivel 1: +125 de da\u00f1o<br>* veterano nivel 3: +125 de da\u00f1o<\/em><\/p>\n<\/div><\/div>\n<\/div><\/section>\n<\/div><\/div>\n<\/div><\/section>\n\n\n\n<section class=\"wp-block-uagb-columns uagb-columns__wrap uagb-columns__background-undefined uagb-columns__stack-mobile uagb-columns__valign-undefined uagb-columns__gap-10 alignundefined uagb-block-059257dd\"><div class=\"uagb-columns__overlay\"><\/div><div class=\"uagb-columns__inner-wrap uagb-columns__columns-1\">\n<div class=\"wp-block-uagb-column uagb-column__wrap uagb-column__background-undefined uagb-block-da4ced61\"><div class=\"uagb-column__overlay\"><\/div><div class=\"uagb-column__inner-wrap\">\n<h4 class=\"wp-block-heading\">atr\u00e1s<\/h4>\n\n\n\n<section class=\"wp-block-uagb-columns uagb-columns__wrap uagb-columns__background-undefined uagb-columns__stack-mobile uagb-columns__valign-undefined uagb-columns__gap-10 alignundefined uagb-block-16528b25\"><div class=\"uagb-columns__overlay\"><\/div><div class=\"uagb-columns__inner-wrap uagb-columns__columns-1\">\n<div class=\"wp-block-uagb-column uagb-column__wrap uagb-column__background-undefined uagb-block-02096a09\"><div class=\"uagb-column__overlay\"><\/div><div class=\"uagb-column__inner-wrap\">\n<h5 class=\"wp-block-heading\">Teletransportador personal<\/h5>\n\n\n\n<p>Permite la teletransportaci\u00f3n a cualquier lugar del mapa.<\/p>\n\n\n\n<p><strong>Costo<\/strong>: 60.000 M - 6.000.000 E - 6.000 T<br><strong>Costo de uso<\/strong><br>&nbsp;&nbsp;&nbsp; E (-20.000)<br>&nbsp;&nbsp;&nbsp; T 60<\/p>\n<\/div><\/div>\n<\/div><\/section>\n\n\n\n<section class=\"wp-block-uagb-columns uagb-columns__wrap uagb-columns__background-undefined uagb-columns__stack-mobile uagb-columns__valign-undefined uagb-columns__gap-10 alignundefined uagb-block-18e9bd13\"><div class=\"uagb-columns__overlay\"><\/div><div class=\"uagb-columns__inner-wrap uagb-columns__columns-1\">\n<div class=\"wp-block-uagb-column uagb-column__wrap uagb-column__background-undefined uagb-block-f5730908\"><div class=\"uagb-column__overlay\"><\/div><div class=\"uagb-column__inner-wrap\">\n<h5 class=\"wp-block-heading\">Generador de encubrimiento personal<\/h5>\n\n\n\n<p>Permite a ACU ocultarse (invisible a la vista). Los Omni Sensors pueden atravesar el encubrimiento.<\/p>\n\n\n\n<p><strong>Costo<\/strong>: M 3,000 - E 112,500 (-500) - T 1,500<\/p>\n<\/div><\/div>\n<\/div><\/section>\n\n\n\n<section class=\"wp-block-uagb-columns uagb-columns__wrap uagb-columns__background-undefined uagb-columns__stack-mobile uagb-columns__valign-undefined uagb-columns__gap-10 alignundefined uagb-block-a0813071\"><div class=\"uagb-columns__overlay\"><\/div><div class=\"uagb-columns__inner-wrap uagb-columns__columns-1\">\n<div class=\"wp-block-uagb-column uagb-column__wrap uagb-column__background-undefined uagb-block-02f732f1\"><div class=\"uagb-column__overlay\"><\/div><div class=\"uagb-column__inner-wrap\">\n<h5 class=\"wp-block-heading\">Generador de sigilo personal<\/h5>\n\n\n\n<p>Agrega sigilo (invisible al radar) sin costo adicional de energ\u00eda. Solo los Omni Sensors o ACU \/ SCU pueden ver el ACU ahora.<\/p>\n\n\n\n<p><strong>Requiere generador de camuflaje personal<\/strong><\/p>\n\n\n\n<p><strong>Costo<\/strong>: M 9,000 - E 1,200,000 (-500) - T 3,000<\/p>\n<\/div><\/div>\n<\/div><\/section>\n\n\n\n<section class=\"wp-block-uagb-columns uagb-columns__wrap uagb-columns__background-undefined uagb-columns__stack-mobile uagb-columns__valign-undefined uagb-columns__gap-10 alignundefined uagb-block-4e2b0421\"><div class=\"uagb-columns__overlay\"><\/div><div class=\"uagb-columns__inner-wrap uagb-columns__columns-1\">\n<div class=\"wp-block-uagb-column uagb-column__wrap uagb-column__background-undefined uagb-block-3e7af63f\"><div class=\"uagb-column__overlay\"><\/div><div class=\"uagb-column__inner-wrap\">\n<h5 class=\"wp-block-heading\">Sistema de asignaci\u00f3n de recursos<\/h5>\n\n\n\n<p>Produce recursos extra<\/p>\n\n\n\n<p><strong>Costo<\/strong>: M 6,000 (+12) - E 300,000 (+3500) - T 1,500<\/p>\n<\/div><\/div>\n<\/div><\/section>\n<\/div><\/div>\n<\/div><\/section>\n\n\n\n<section class=\"wp-block-uagb-columns uagb-columns__wrap uagb-columns__background-undefined uagb-columns__stack-mobile uagb-columns__valign-undefined uagb-columns__gap-10 alignundefined uagb-block-2ce9faac\"><div class=\"uagb-columns__overlay\"><\/div><div class=\"uagb-columns__inner-wrap uagb-columns__columns-1\">\n<div class=\"wp-block-uagb-column uagb-column__wrap uagb-column__background-undefined uagb-block-234aa003\"><div class=\"uagb-column__overlay\"><\/div><div class=\"uagb-column__inner-wrap\">\n<h4 class=\"wp-block-heading\">Brazo izquierdo<\/h4>\n\n\n\n<section class=\"wp-block-uagb-columns uagb-columns__wrap uagb-columns__background-undefined uagb-columns__stack-mobile uagb-columns__valign-undefined uagb-columns__gap-10 alignundefined uagb-block-2b6938dd\"><div class=\"uagb-columns__overlay\"><\/div><div class=\"uagb-columns__inner-wrap uagb-columns__columns-1\">\n<div class=\"wp-block-uagb-column uagb-column__wrap uagb-column__background-undefined uagb-block-12406c9b\"><div class=\"uagb-column__overlay\"><\/div><div class=\"uagb-column__inner-wrap\">\n<h5 class=\"wp-block-heading\">Suite de ingenier\u00eda Tech 2<\/h5>\n\n\n\n<p>Le da a ACU tech 1,2 \u00e1rboles de construcci\u00f3n. Aumenta la velocidad de construcci\u00f3n a 30.<\/p>\n\n\n\n<p><strong>Costo<\/strong>: 2.000 M - 50.000 E - 2.000 T<\/p>\n<\/div><\/div>\n<\/div><\/section>\n\n\n\n<section class=\"wp-block-uagb-columns uagb-columns__wrap uagb-columns__background-undefined uagb-columns__stack-mobile uagb-columns__valign-undefined uagb-columns__gap-10 alignundefined uagb-block-c0a3ef8c\"><div class=\"uagb-columns__overlay\"><\/div><div class=\"uagb-columns__inner-wrap uagb-columns__columns-1\">\n<div class=\"wp-block-uagb-column uagb-column__wrap uagb-column__background-undefined uagb-block-9b25f1fe\"><div class=\"uagb-column__overlay\"><\/div><div class=\"uagb-column__inner-wrap\">\n<h5 class=\"wp-block-heading\">Suite de ingenier\u00eda Tech 3<\/h5>\n\n\n\n<p>Da ACU tech 3,4 construir \u00e1rboles. Aumenta la velocidad de construcci\u00f3n a 90.<\/p>\n\n\n\n<p><strong>Costo<\/strong>: M 6.750 - E 900.000 - T 2.250<\/p>\n<\/div><\/div>\n<\/div><\/section>\n\n\n\n<section class=\"wp-block-uagb-columns uagb-columns__wrap uagb-columns__background-undefined uagb-columns__stack-mobile uagb-columns__valign-undefined uagb-columns__gap-10 alignundefined uagb-block-d3d4b250\"><div class=\"uagb-columns__overlay\"><\/div><div class=\"uagb-columns__inner-wrap uagb-columns__columns-1\">\n<div class=\"wp-block-uagb-column uagb-column__wrap uagb-column__background-undefined uagb-block-4f6bd876\"><div class=\"uagb-column__overlay\"><\/div><div class=\"uagb-column__inner-wrap\">\n<h5 class=\"wp-block-heading\">Actualizaci\u00f3n de refrigeraci\u00f3n avanzada<\/h5>\n\n\n\n<p>El arma principal ahora dispara 6 veces m\u00e1s r\u00e1pido. (Yo creo que)<\/p>\n\n\n\n<p><strong>Costo<\/strong>: 4.500 M - 112.500 E - 1.500 T<\/p>\n<\/div><\/div>\n<\/div><\/section>\n<\/div><\/div>\n<\/div><\/section>","protected":false},"excerpt":{"rendered":"<p>ARMORED COMMAND UNIT &#8211; CYBRAN ACU Your Commander looks intimidating, but that&#8217;s just because he&#8217;s so versatile. Remember, if you&#8217;re in trouble, you can overcharge by pressing O. ACU Stats Armor: 10,000 hp&nbsp;&nbsp;&nbsp; regen rate: 15&nbsp;&nbsp;&nbsp; armor type: CommanderAbilities&nbsp;&nbsp;&nbsp; Customizable&nbsp;&nbsp;&nbsp; Overcharge&nbsp;&nbsp;&nbsp; Omni Sensor&nbsp;&nbsp;&nbsp; Engineering SuiteCost&nbsp;&nbsp;&nbsp; M 60,000 (+1, storage: 400)&nbsp;&nbsp;&nbsp; E 5,000,000 (+10, storage: 2500)&nbsp;&nbsp;&nbsp; [&hellip;]<\/p>","protected":false},"author":1,"featured_media":0,"parent":538,"menu_order":0,"comment_status":"open","ping_status":"closed","template":"","meta":{"_uag_custom_page_level_css":"","site-sidebar-layout":"default","site-content-layout":"default","ast-site-content-layout":"","site-content-style":"default","site-sidebar-style":"default","ast-global-header-display":"","ast-banner-title-visibility":"","ast-main-header-display":"","ast-hfb-above-header-display":"","ast-hfb-below-header-display":"","ast-hfb-mobile-header-display":"","site-post-title":"","ast-breadcrumbs-content":"","ast-featured-img":"","footer-sml-layout":"","theme-transparent-header-meta":"default","adv-header-id-meta":"","stick-header-meta":"","header-above-stick-meta":"","header-main-stick-meta":"","header-below-stick-meta":"","astra-migrate-meta-layouts":"default","ast-page-background-enabled":"default","ast-page-background-meta":{"desktop":{"background-color":"","background-image":"","background-repeat":"repeat","background-position":"center center","background-size":"auto","background-attachment":"scroll","background-type":"","background-media":"","overlay-type":"","overlay-color":"","overlay-gradient":""},"tablet":{"background-color":"","background-image":"","background-repeat":"repeat","background-position":"center center","background-size":"auto","background-attachment":"scroll","background-type":"","background-media":"","overlay-type":"","overlay-color":"","overlay-gradient":""},"mobile":{"background-color":"","background-image":"","background-repeat":"repeat","background-position":"center center","background-size":"auto","background-attachment":"scroll","background-type":"","background-media":"","overlay-type":"","overlay-color":"","overlay-gradient":""}},"ast-content-background-meta":{"desktop":{"background-color":"var(--ast-global-color-5)","background-image":"","background-repeat":"repeat","background-position":"center center","background-size":"auto","background-attachment":"scroll","background-type":"","background-media":"","overlay-type":"","overlay-color":"","overlay-gradient":""},"tablet":{"background-color":"var(--ast-global-color-5)","background-image":"","background-repeat":"repeat","background-position":"center center","background-size":"auto","background-attachment":"scroll","background-type":"","background-media":"","overlay-type":"","overlay-color":"","overlay-gradient":""},"mobile":{"background-color":"var(--ast-global-color-5)","background-image":"","background-repeat":"repeat","background-position":"center center","background-size":"auto","background-attachment":"scroll","background-type":"","background-media":"","overlay-type":"","overlay-color":"","overlay-gradient":""}},"footnotes":""},"uagb_featured_image_src":{"full":false,"thumbnail":false,"medium":false,"medium_large":false,"large":false,"1536x1536":false,"2048x2048":false,"trp-custom-language-flag":false},"uagb_author_info":{"display_name":"SOE","author_link":"https:\/\/supcom.standardof.net\/es\/author\/k-tastic\/"},"uagb_comment_info":0,"uagb_excerpt":"ARMORED COMMAND UNIT &#8211; CYBRAN ACU Your Commander looks intimidating, but that&#8217;s just because he&#8217;s so versatile. Remember, if you&#8217;re in trouble, you can overcharge by pressing O. ACU Stats Armor: 10,000 hp&nbsp;&nbsp;&nbsp; regen rate: 15&nbsp;&nbsp;&nbsp; armor type: CommanderAbilities&nbsp;&nbsp;&nbsp; Customizable&nbsp;&nbsp;&nbsp; Overcharge&nbsp;&nbsp;&nbsp; Omni Sensor&nbsp;&nbsp;&nbsp; Engineering SuiteCost&nbsp;&nbsp;&nbsp; M 60,000 (+1, storage: 400)&nbsp;&nbsp;&nbsp; E 5,000,000 (+10, storage: 2500)&nbsp;&nbsp;&nbsp;&hellip;","_links":{"self":[{"href":"https:\/\/supcom.standardof.net\/es\/wp-json\/wp\/v2\/pages\/549"}],"collection":[{"href":"https:\/\/supcom.standardof.net\/es\/wp-json\/wp\/v2\/pages"}],"about":[{"href":"https:\/\/supcom.standardof.net\/es\/wp-json\/wp\/v2\/types\/page"}],"author":[{"embeddable":true,"href":"https:\/\/supcom.standardof.net\/es\/wp-json\/wp\/v2\/users\/1"}],"replies":[{"embeddable":true,"href":"https:\/\/supcom.standardof.net\/es\/wp-json\/wp\/v2\/comments?post=549"}],"version-history":[{"count":0,"href":"https:\/\/supcom.standardof.net\/es\/wp-json\/wp\/v2\/pages\/549\/revisions"}],"up":[{"embeddable":true,"href":"https:\/\/supcom.standardof.net\/es\/wp-json\/wp\/v2\/pages\/538"}],"wp:attachment":[{"href":"https:\/\/supcom.standardof.net\/es\/wp-json\/wp\/v2\/media?parent=549"}],"curies":[{"name":"wp","href":"https:\/\/api.w.org\/{rel}","templated":true}]}}