{"id":551,"date":"2020-11-01T20:05:21","date_gmt":"2020-11-02T01:05:21","guid":{"rendered":"https:\/\/supcom.standardof.net\/?page_id=551"},"modified":"2020-11-04T12:07:45","modified_gmt":"2020-11-04T17:07:45","slug":"cybran-subcommander","status":"publish","type":"page","link":"https:\/\/supcom.standardof.net\/es\/supreme-commander\/cybran-2\/cybran-subcomandante\/","title":{"rendered":"Subcomandante Cybran"},"content":{"rendered":"<section class=\"wp-block-uagb-columns uagb-columns__wrap uagb-columns__background-undefined uagb-columns__stack-mobile uagb-columns__valign-undefined uagb-columns__gap-10 alignundefined uagb-block-92064281\"><div class=\"uagb-columns__overlay\"><\/div><div class=\"uagb-columns__inner-wrap uagb-columns__columns-1\">\n<div class=\"wp-block-uagb-column uagb-column__wrap uagb-column__background-undefined uagb-block-3ce00ac4\"><div class=\"uagb-column__overlay\"><\/div><div class=\"uagb-column__inner-wrap\">\n<h2 class=\"wp-block-heading\"><strong>UNIDAD DE MANDO DE APOYO<\/strong> - CYBRAN SCU<\/h2>\n\n\n\n<p>Las SCU a menudo son demasiado lentas para construir y usar de manera efectiva, pero pueden ser un disipador de da\u00f1o efectivo (especialmente con una actualizaci\u00f3n o dos) o simplemente pueden sentarse en su base debajo de los escudos y obtener una actualizaci\u00f3n de asignaci\u00f3n de recursos. Las SCU de Cybran tambi\u00e9n pueden obtener actualizaciones de invisibilidad y servir como esp\u00edas o ingenieros asesinos (suponiendo que hayas encontrado una manera de eliminar primero el Omni Sensor del enemigo).<\/p>\n\n\n\n<div class=\"wp-block-image\"><figure class=\"aligncenter size-large\"><a href=\"https:\/\/supcom.standardof.net\/es\/supreme-commander\/cybran-2\/cybran-subcomandante\/supreme-commander-support-command-unit-cybran-scu\/\"><img decoding=\"async\" width=\"800\" height=\"543\" src=\"https:\/\/supcom.standardof.net\/wp-content\/uploads\/sites\/8\/2020\/11\/Supreme-Commander-SUPPORT-COMMAND-UNIT-\u2013-CYBRAN-SCU-800x543.jpg\" alt=\"La Unidad de Comando de Apoyo Cybran en Supreme Commander.\" class=\"wp-image-892\" srcset=\"https:\/\/supcom.standardof.net\/wp-content\/uploads\/sites\/8\/2020\/11\/Supreme-Commander-SUPPORT-COMMAND-UNIT-\u2013-CYBRAN-SCU-800x543.jpg 800w, https:\/\/supcom.standardof.net\/wp-content\/uploads\/sites\/8\/2020\/11\/Supreme-Commander-SUPPORT-COMMAND-UNIT-\u2013-CYBRAN-SCU-512x348.jpg 512w, https:\/\/supcom.standardof.net\/wp-content\/uploads\/sites\/8\/2020\/11\/Supreme-Commander-SUPPORT-COMMAND-UNIT-\u2013-CYBRAN-SCU-200x136.jpg 200w, https:\/\/supcom.standardof.net\/wp-content\/uploads\/sites\/8\/2020\/11\/Supreme-Commander-SUPPORT-COMMAND-UNIT-\u2013-CYBRAN-SCU-768x521.jpg 768w, https:\/\/supcom.standardof.net\/wp-content\/uploads\/sites\/8\/2020\/11\/Supreme-Commander-SUPPORT-COMMAND-UNIT-\u2013-CYBRAN-SCU-16x12.jpg 16w, https:\/\/supcom.standardof.net\/wp-content\/uploads\/sites\/8\/2020\/11\/Supreme-Commander-SUPPORT-COMMAND-UNIT-\u2013-CYBRAN-SCU.jpg 1078w\" sizes=\"(max-width: 800px) 100vw, 800px\" \/><\/a><figcaption>Unidad de comando de apoyo Cybran (SCU)<\/figcaption><\/figure><\/div>\n\n\n\n<section class=\"wp-block-uagb-columns uagb-columns__wrap uagb-columns__background-undefined uagb-columns__stack-mobile uagb-columns__valign-undefined uagb-columns__gap-10 alignundefined uagb-block-1d684fbd\"><div class=\"uagb-columns__overlay\"><\/div><div class=\"uagb-columns__inner-wrap uagb-columns__columns-2\">\n<div class=\"wp-block-uagb-column uagb-column__wrap uagb-column__background-undefined uagb-block-ac2a9c69\"><div class=\"uagb-column__overlay\"><\/div><div class=\"uagb-column__inner-wrap\">\n<h3 class=\"wp-block-heading\">Estad\u00edsticas de SCU<\/h3>\n\n\n\n<p><strong>Armadura:<\/strong> 20000 CV<br>&nbsp;&nbsp;&nbsp; (tasa de regeneraci\u00f3n: 15)<br><strong>Habilidades<\/strong><br>&nbsp;&nbsp;&nbsp; Personalizable<br>&nbsp;&nbsp;&nbsp; Sensor Omni<br>&nbsp;&nbsp;&nbsp; Suite de Ingenier\u00eda<br>&nbsp;&nbsp;&nbsp; Explota al morir<br>&nbsp;&nbsp;&nbsp; No se puede recuperar<br><strong>Costo<\/strong><br>&nbsp;&nbsp;&nbsp; M3000 (+2, almacenamiento: 100)<br>&nbsp;&nbsp;&nbsp; E40000 (+20, almacenamiento: 500)<br>&nbsp;&nbsp;&nbsp; T6000<br><strong>Tasa de construcci\u00f3n:<\/strong> 30<br><strong>Intel<\/strong><br>&nbsp;&nbsp;&nbsp; vista: 26 (508m)<br>&nbsp;&nbsp;&nbsp; omnidireccional: 16 (313 m)<br><strong>F\u00edsica<\/strong><br>&nbsp;&nbsp;&nbsp; velocidad m\u00e1xima: 2,2 (43,0 m \/ s)<br>&nbsp;&nbsp;&nbsp; velocidad de giro: 146<br><strong>Clase de transporte:<\/strong> 3<br><strong>Veterancia:<\/strong> 100, 200, 500, 1000, 2000 muertes<br><em>* veterano nivel 2: +5000 hp<br>* veterano nivel 4: +5000 hp<br>* veterano nivel 5: repara 30 hp \/ s<\/em><\/p>\n<\/div><\/div>\n\n\n\n<div class=\"wp-block-uagb-column uagb-column__wrap uagb-column__background-undefined uagb-block-27eb4101\"><div class=\"uagb-column__overlay\"><\/div><div class=\"uagb-column__inner-wrap\">\n<h3 class=\"wp-block-heading\">Armas SCU<\/h3>\n\n\n\n<p><strong>L\u00e1ser de pulso desintegrador<\/strong> (Fuego directo)<br>&nbsp;&nbsp;&nbsp; 375,75 dps<br><strong>rango:<\/strong> 2 (39,1 m) - 22 (430 m)<br><strong>arma de proyectil:<\/strong> 225 da\u00f1os<br><strong>cadencia de fuego:<\/strong> 1,67 (cada 0,6 s)<br><em>* veterano nivel 1: +56 da\u00f1o<br>* veterano nivel 3: +56 de da\u00f1o<\/em><\/p>\n\n\n\n<p><strong>Death Nuke<\/strong> (Fuego directo)<br>&nbsp;&nbsp; 1000,00 dps<br><strong>zona:<\/strong> 10 (195 m)<br><strong>rango:<\/strong> 1 (19,5 m)<br><strong>arma de proyectil:<\/strong> 1000 da\u00f1os<br><em>* veterano nivel 1: +250 de da\u00f1o<br>* veterano nivel 3: +250 de da\u00f1o<\/em><\/p>\n<\/div><\/div>\n<\/div><\/section>\n<\/div><\/div>\n<\/div><\/section>\n\n\n\n<section class=\"wp-block-uagb-columns uagb-columns__wrap uagb-columns__background-undefined uagb-columns__stack-mobile uagb-columns__valign-undefined uagb-columns__gap-10 alignundefined uagb-block-cd789fe0\"><div class=\"uagb-columns__overlay\"><\/div><div class=\"uagb-columns__inner-wrap uagb-columns__columns-1\">\n<div class=\"wp-block-uagb-column uagb-column__wrap uagb-column__background-undefined uagb-block-d275e037\"><div class=\"uagb-column__overlay\"><\/div><div class=\"uagb-column__inner-wrap\">\t\t\t\t<div class=\"wp-block-uagb-table-of-contents uagb-toc__align-left uagb-toc__columns-1  uagb-block-dc14c61c\"\n\t\t\t\t\tdata-scroll= \"1\"\n\t\t\t\t\tdata-offset= \"30\"\n\t\t\t\t\tstyle=\"\"\n\t\t\t\t>\n\t\t\t\t<div class=\"uagb-toc__wrap\">\n\t\t\t\t\t\t<div class=\"uagb-toc__title\">\n\t\t\t\t\t\t\tActualizaciones de Cybran SCU\t\t\t\t\t\t<\/div>\n\t\t\t\t\t\t\t\t\t\t\t\t\t\t\t\t<div class=\"uagb-toc__list-wrap\">\n\t\t\t\t\t\t<ol class=\"uagb-toc__list\"><li class=\"uagb-toc__list\"><a href=\"#right-arm\" class=\"uagb-toc-link__trigger\">Brazo derecho<\/a><ul class=\"uagb-toc__list\"><li class=\"uagb-toc__list\"><a href=\"#focus-converter\" class=\"uagb-toc-link__trigger\">Convertidor de enfoque<\/a><li class=\"uagb-toc__list\"><li class=\"uagb-toc__list\"><a href=\"#resource-allocation-system\" class=\"uagb-toc-link__trigger\">Sistema de asignaci\u00f3n de recursos<\/a><\/li><\/ul><\/li><li class=\"uagb-toc__list\"><a href=\"#left-arm\" class=\"uagb-toc-link__trigger\">Brazo izquierdo<\/a><ul class=\"uagb-toc__list\"><li class=\"uagb-toc__list\"><a href=\"#switchback-engineering-suite\" class=\"uagb-toc-link__trigger\">Suite de ingenier\u00eda Switchback<\/a><li class=\"uagb-toc__list\"><li class=\"uagb-toc__list\"><a href=\"#emp-charge\" class=\"uagb-toc-link__trigger\">Carga EMP<\/a><\/li><\/ul><\/li><\/ul><\/li><li class=\"uagb-toc__list\"><a href=\"#back\" class=\"uagb-toc-link__trigger\">atr\u00e1s<\/a><ul class=\"uagb-toc__list\"><li class=\"uagb-toc__list\"><a href=\"#personal-cloaking-generator\" class=\"uagb-toc-link__trigger\">Generador de encubrimiento personal<\/a><li class=\"uagb-toc__list\"><li class=\"uagb-toc__list\"><a href=\"#personal-stealth-generator\" class=\"uagb-toc-link__trigger\">Generador de sigilo personal<\/a><li class=\"uagb-toc__list\"><li class=\"uagb-toc__list\"><a href=\"#nanite-missile-system\" class=\"uagb-toc-link__trigger\">Sistema de misiles Nanite<\/a><li class=\"uagb-toc__list\"><li class=\"uagb-toc__list\"><a href=\"#self-repair-system\" class=\"uagb-toc-link__trigger\">Sistema de autorreparaci\u00f3n<\/a><\/ul><\/ul><\/ul><\/ol>\t\t\t\t\t<\/div>\n\t\t\t\t\t\t\t\t\t<\/div>\n\t\t\t\t<\/div>\n\t\t\t<\/div><\/div>\n<\/div><\/section>\n\n\n\n<section class=\"wp-block-uagb-columns uagb-columns__wrap uagb-columns__background-undefined uagb-columns__stack-mobile uagb-columns__valign-undefined uagb-columns__gap-10 alignundefined uagb-block-2a639cc1\"><div class=\"uagb-columns__overlay\"><\/div><div class=\"uagb-columns__inner-wrap uagb-columns__columns-1\">\n<div class=\"wp-block-uagb-column uagb-column__wrap uagb-column__background-undefined uagb-block-c19e8af7\"><div class=\"uagb-column__overlay\"><\/div><div class=\"uagb-column__inner-wrap\">\n<h4 class=\"wp-block-heading\">Brazo derecho<\/h4>\n\n\n\n<section class=\"wp-block-uagb-columns uagb-columns__wrap uagb-columns__background-undefined uagb-columns__stack-mobile uagb-columns__valign-undefined uagb-columns__gap-10 alignundefined uagb-block-ef8b14e5\"><div class=\"uagb-columns__overlay\"><\/div><div class=\"uagb-columns__inner-wrap uagb-columns__columns-1\">\n<div class=\"wp-block-uagb-column uagb-column__wrap uagb-column__background-undefined uagb-block-75e8cd2f\"><div class=\"uagb-column__overlay\"><\/div><div class=\"uagb-column__inner-wrap\">\n<h5 class=\"wp-block-heading\">Convertidor de enfoque<\/h5>\n\n\n\n<p>Duplica la producci\u00f3n de da\u00f1o del arma principal (creo).<\/p>\n\n\n\n<p><strong>Costo<\/strong>: M1000, E400000, T3000<\/p>\n<\/div><\/div>\n<\/div><\/section>\n\n\n\n<section class=\"wp-block-uagb-columns uagb-columns__wrap uagb-columns__background-undefined uagb-columns__stack-mobile uagb-columns__valign-undefined uagb-columns__gap-10 alignundefined uagb-block-c0d40189\"><div class=\"uagb-columns__overlay\"><\/div><div class=\"uagb-columns__inner-wrap uagb-columns__columns-1\">\n<div class=\"wp-block-uagb-column uagb-column__wrap uagb-column__background-undefined uagb-block-7bf2210f\"><div class=\"uagb-column__overlay\"><\/div><div class=\"uagb-column__inner-wrap\">\n<h5 class=\"wp-block-heading\">Sistema de asignaci\u00f3n de recursos<\/h5>\n\n\n\n<p>Produce recursos extra<\/p>\n\n\n\n<p><strong>Costo<\/strong>: M6000 (+12), E375000 (+3500), T9000<\/p>\n<\/div><\/div>\n<\/div><\/section>\n<\/div><\/div>\n<\/div><\/section>\n\n\n\n<section class=\"wp-block-uagb-columns uagb-columns__wrap uagb-columns__background-undefined uagb-columns__stack-mobile uagb-columns__valign-undefined uagb-columns__gap-10 alignundefined uagb-block-79e91747\"><div class=\"uagb-columns__overlay\"><\/div><div class=\"uagb-columns__inner-wrap uagb-columns__columns-1\">\n<div class=\"wp-block-uagb-column uagb-column__wrap uagb-column__background-undefined uagb-block-40607d18\"><div class=\"uagb-column__overlay\"><\/div><div class=\"uagb-column__inner-wrap\">\n<h4 class=\"wp-block-heading\">Brazo izquierdo<\/h4>\n\n\n\n<section class=\"wp-block-uagb-columns uagb-columns__wrap uagb-columns__background-undefined uagb-columns__stack-mobile uagb-columns__valign-undefined uagb-columns__gap-10 alignundefined uagb-block-fdfecc7a\"><div class=\"uagb-columns__overlay\"><\/div><div class=\"uagb-columns__inner-wrap uagb-columns__columns-1\">\n<div class=\"wp-block-uagb-column uagb-column__wrap uagb-column__background-undefined uagb-block-2d1c013c\"><div class=\"uagb-column__overlay\"><\/div><div class=\"uagb-column__inner-wrap\">\n<h5 class=\"wp-block-heading\">Suite de ingenier\u00eda Switchback<\/h5>\n\n\n\n<p>Aumenta la velocidad de construcci\u00f3n a 60.<\/p>\n\n\n\n<p><strong>Costo<\/strong>: M2100, E225000, T9000<\/p>\n<\/div><\/div>\n<\/div><\/section>\n\n\n\n<section class=\"wp-block-uagb-columns uagb-columns__wrap uagb-columns__background-undefined uagb-columns__stack-mobile uagb-columns__valign-undefined uagb-columns__gap-10 alignundefined uagb-block-e6e47c23\"><div class=\"uagb-columns__overlay\"><\/div><div class=\"uagb-columns__inner-wrap uagb-columns__columns-1\">\n<div class=\"wp-block-uagb-column uagb-column__wrap uagb-column__background-undefined uagb-block-eff1c9b1\"><div class=\"uagb-column__overlay\"><\/div><div class=\"uagb-column__inner-wrap\">\n<h5 class=\"wp-block-heading\">Carga EMP<\/h5>\n\n\n\n<p>Agrega un arma de congelaci\u00f3n EMP en un \u00e1rea peque\u00f1a alrededor de la SCU.<\/p>\n\n\n\n<p><strong>Costo<\/strong>: M3000, E600000, T4500<\/p>\n<\/div><\/div>\n<\/div><\/section>\n<\/div><\/div>\n<\/div><\/section>\n\n\n\n<section class=\"wp-block-uagb-columns uagb-columns__wrap uagb-columns__background-undefined uagb-columns__stack-mobile uagb-columns__valign-undefined uagb-columns__gap-10 alignundefined uagb-block-2c7a9484\"><div class=\"uagb-columns__overlay\"><\/div><div class=\"uagb-columns__inner-wrap uagb-columns__columns-1\">\n<div class=\"wp-block-uagb-column uagb-column__wrap uagb-column__background-undefined uagb-block-99f04477\"><div class=\"uagb-column__overlay\"><\/div><div class=\"uagb-column__inner-wrap\">\n<h4 class=\"wp-block-heading\">atr\u00e1s<\/h4>\n\n\n\n<section class=\"wp-block-uagb-columns uagb-columns__wrap uagb-columns__background-undefined uagb-columns__stack-mobile uagb-columns__valign-undefined uagb-columns__gap-10 alignundefined uagb-block-27346be8\"><div class=\"uagb-columns__overlay\"><\/div><div class=\"uagb-columns__inner-wrap uagb-columns__columns-1\">\n<div class=\"wp-block-uagb-column uagb-column__wrap uagb-column__background-undefined uagb-block-33c75d9c\"><div class=\"uagb-column__overlay\"><\/div><div class=\"uagb-column__inner-wrap\">\n<h5 class=\"wp-block-heading\">Generador de encubrimiento personal<\/h5>\n\n\n\n<p>Permite a SCU ocultarse (invisible a la vista). Omni Sensors romper\u00e1 el camuflaje.<\/p>\n\n\n\n<p><strong>Costo<\/strong>: M3000, E112500 (-500), T4500<\/p>\n<\/div><\/div>\n<\/div><\/section>\n\n\n\n<section class=\"wp-block-uagb-columns uagb-columns__wrap uagb-columns__background-undefined uagb-columns__stack-mobile uagb-columns__valign-undefined uagb-columns__gap-10 alignundefined uagb-block-2be55bf7\"><div class=\"uagb-columns__overlay\"><\/div><div class=\"uagb-columns__inner-wrap uagb-columns__columns-1\">\n<div class=\"wp-block-uagb-column uagb-column__wrap uagb-column__background-undefined uagb-block-122816b5\"><div class=\"uagb-column__overlay\"><\/div><div class=\"uagb-column__inner-wrap\">\n<h5 class=\"wp-block-heading\">Generador de sigilo personal<\/h5>\n\n\n\n<p>Agrega sigilo (invisible al radar) al camuflaje existente. Solo los Omni Sensors pueden ver la SCU ahora.<\/p>\n\n\n\n<p><strong>Requiere generador de camuflaje personal<br>Costo<\/strong>: M9000, E1200000 (-500), T9000<\/p>\n<\/div><\/div>\n<\/div><\/section>\n\n\n\n<section class=\"wp-block-uagb-columns uagb-columns__wrap uagb-columns__background-undefined uagb-columns__stack-mobile uagb-columns__valign-undefined uagb-columns__gap-10 alignundefined uagb-block-49187c43\"><div class=\"uagb-columns__overlay\"><\/div><div class=\"uagb-columns__inner-wrap uagb-columns__columns-1\">\n<div class=\"wp-block-uagb-column uagb-column__wrap uagb-column__background-undefined uagb-block-312ea5a9\"><div class=\"uagb-column__overlay\"><\/div><div class=\"uagb-column__inner-wrap\">\n<h5 class=\"wp-block-heading\">Sistema de misiles Nanite<\/h5>\n\n\n\n<p>Le da a SCU una pistola antia\u00e9rea similar a SAM (no tan buena como la T3 AA real).<\/p>\n\n\n\n<p><strong>Costo<\/strong><br>&nbsp;&nbsp;&nbsp; M1500<br>&nbsp;&nbsp;&nbsp; E93750<br>&nbsp;&nbsp;&nbsp; T3750<\/p>\n\n\n\n<p><strong>Sistema de misiles Nanite<\/strong> (Anti aire)<br>&nbsp;&nbsp;&nbsp;&nbsp; 36,00 dps<br><strong>rango:<\/strong> 60 (1,17 km)<br><strong>arma de proyectil:<\/strong> 24 da\u00f1os<br><strong>cadencia de fuego:<\/strong> 1,5 (cada 0,67 s)<br><em>* veterano nivel 1: +6 de da\u00f1o<br>* veterano nivel 3: +6 de da\u00f1o<\/em><\/p>\n<\/div><\/div>\n<\/div><\/section>\n\n\n\n<section class=\"wp-block-uagb-columns uagb-columns__wrap uagb-columns__background-undefined uagb-columns__stack-mobile uagb-columns__valign-undefined uagb-columns__gap-10 alignundefined uagb-block-3a50224b\"><div class=\"uagb-columns__overlay\"><\/div><div class=\"uagb-columns__inner-wrap uagb-columns__columns-1\">\n<div class=\"wp-block-uagb-column uagb-column__wrap uagb-column__background-undefined uagb-block-10437352\"><div class=\"uagb-column__overlay\"><\/div><div class=\"uagb-column__inner-wrap\">\n<h5 class=\"wp-block-heading\">Sistema de autorreparaci\u00f3n<\/h5>\n\n\n\n<p>Mejora la tasa de regeneraci\u00f3n de SCU a 600.<\/p>\n\n\n\n<p><strong>Costo<\/strong>: M2250, E112500, T4500<\/p>\n<\/div><\/div>\n<\/div><\/section>\n<\/div><\/div>\n<\/div><\/section>","protected":false},"excerpt":{"rendered":"<p>SUPPORT COMMAND UNIT &#8211; CYBRAN SCU SCUs are often way too slow to build and use effectively, but they can be an effective damage sink (especially with an upgrade or two) or can simply sit in your base under shields and get a Resource Allocation Upgrade. Cybran SCUs can also get invisibility upgrades and serve [&hellip;]<\/p>","protected":false},"author":1,"featured_media":0,"parent":538,"menu_order":0,"comment_status":"open","ping_status":"closed","template":"","meta":{"_uag_custom_page_level_css":"","site-sidebar-layout":"default","site-content-layout":"default","ast-site-content-layout":"","site-content-style":"default","site-sidebar-style":"default","ast-global-header-display":"","ast-banner-title-visibility":"","ast-main-header-display":"","ast-hfb-above-header-display":"","ast-hfb-below-header-display":"","ast-hfb-mobile-header-display":"","site-post-title":"","ast-breadcrumbs-content":"","ast-featured-img":"","footer-sml-layout":"","theme-transparent-header-meta":"default","adv-header-id-meta":"","stick-header-meta":"","header-above-stick-meta":"","header-main-stick-meta":"","header-below-stick-meta":"","astra-migrate-meta-layouts":"default","ast-page-background-enabled":"default","ast-page-background-meta":{"desktop":{"background-color":"","background-image":"","background-repeat":"repeat","background-position":"center center","background-size":"auto","background-attachment":"scroll","background-type":"","background-media":"","overlay-type":"","overlay-color":"","overlay-gradient":""},"tablet":{"background-color":"","background-image":"","background-repeat":"repeat","background-position":"center center","background-size":"auto","background-attachment":"scroll","background-type":"","background-media":"","overlay-type":"","overlay-color":"","overlay-gradient":""},"mobile":{"background-color":"","background-image":"","background-repeat":"repeat","background-position":"center center","background-size":"auto","background-attachment":"scroll","background-type":"","background-media":"","overlay-type":"","overlay-color":"","overlay-gradient":""}},"ast-content-background-meta":{"desktop":{"background-color":"var(--ast-global-color-5)","background-image":"","background-repeat":"repeat","background-position":"center center","background-size":"auto","background-attachment":"scroll","background-type":"","background-media":"","overlay-type":"","overlay-color":"","overlay-gradient":""},"tablet":{"background-color":"var(--ast-global-color-5)","background-image":"","background-repeat":"repeat","background-position":"center center","background-size":"auto","background-attachment":"scroll","background-type":"","background-media":"","overlay-type":"","overlay-color":"","overlay-gradient":""},"mobile":{"background-color":"var(--ast-global-color-5)","background-image":"","background-repeat":"repeat","background-position":"center center","background-size":"auto","background-attachment":"scroll","background-type":"","background-media":"","overlay-type":"","overlay-color":"","overlay-gradient":""}},"footnotes":""},"uagb_featured_image_src":{"full":false,"thumbnail":false,"medium":false,"medium_large":false,"large":false,"1536x1536":false,"2048x2048":false,"trp-custom-language-flag":false},"uagb_author_info":{"display_name":"SOE","author_link":"https:\/\/supcom.standardof.net\/es\/author\/k-tastic\/"},"uagb_comment_info":0,"uagb_excerpt":"SUPPORT COMMAND UNIT &#8211; CYBRAN SCU SCUs are often way too slow to build and use effectively, but they can be an effective damage sink (especially with an upgrade or two) or can simply sit in your base under shields and get a Resource Allocation Upgrade. Cybran SCUs can also get invisibility upgrades and serve&hellip;","_links":{"self":[{"href":"https:\/\/supcom.standardof.net\/es\/wp-json\/wp\/v2\/pages\/551"}],"collection":[{"href":"https:\/\/supcom.standardof.net\/es\/wp-json\/wp\/v2\/pages"}],"about":[{"href":"https:\/\/supcom.standardof.net\/es\/wp-json\/wp\/v2\/types\/page"}],"author":[{"embeddable":true,"href":"https:\/\/supcom.standardof.net\/es\/wp-json\/wp\/v2\/users\/1"}],"replies":[{"embeddable":true,"href":"https:\/\/supcom.standardof.net\/es\/wp-json\/wp\/v2\/comments?post=551"}],"version-history":[{"count":0,"href":"https:\/\/supcom.standardof.net\/es\/wp-json\/wp\/v2\/pages\/551\/revisions"}],"up":[{"embeddable":true,"href":"https:\/\/supcom.standardof.net\/es\/wp-json\/wp\/v2\/pages\/538"}],"wp:attachment":[{"href":"https:\/\/supcom.standardof.net\/es\/wp-json\/wp\/v2\/media?parent=551"}],"curies":[{"name":"wp","href":"https:\/\/api.w.org\/{rel}","templated":true}]}}