{"id":579,"date":"2020-11-02T10:52:37","date_gmt":"2020-11-02T15:52:37","guid":{"rendered":"https:\/\/supcom.standardof.net\/?page_id=579"},"modified":"2020-11-04T00:31:03","modified_gmt":"2020-11-04T05:31:03","slug":"cybran-tech-3-land-units","status":"publish","type":"page","link":"https:\/\/supcom.standardof.net\/es\/supreme-commander\/cybran-2\/cybran-tech-3-unidades-terrestres\/","title":{"rendered":"Unidades terrestres Cybran Tech 3"},"content":{"rendered":"<div class=\"wp-block-uagb-table-of-contents uagb-toc__align-left uagb-toc__columns-1  uagb-block-54bddcb1\"\n\t\t\t\t\tdata-scroll= \"1\"\n\t\t\t\t\tdata-offset= \"30\"\n\t\t\t\t\tstyle=\"\"\n\t\t\t\t>\n\t\t\t\t<div class=\"uagb-toc__wrap\">\n\t\t\t\t\t\t<div class=\"uagb-toc__title\">\n\t\t\t\t\t\t\tUnidades terrestres Cybran Tech 3:\t\t\t\t\t\t<\/div>\n\t\t\t\t\t\t\t\t\t\t\t\t\t\t\t\t<div class=\"uagb-toc__list-wrap\">\n\t\t\t\t\t\t<ol class=\"uagb-toc__list\"><li class=\"uagb-toc__list\"><a href=\"#t3-engineer-tech-3-cybran-constructor\" class=\"uagb-toc-link__trigger\">T3 INGENIERO - TECH 3 CYBRAN CONSTRUCTOR<\/a><li class=\"uagb-toc__list\"><a href=\"#loyalist-siege-assault-bot\" class=\"uagb-toc-link__trigger\">LEALISTA - ASALTO ASALTO BOT<\/a><li class=\"uagb-toc__list\"><a href=\"#trebuchet-mobile-heavy-artillery\" class=\"uagb-toc-link__trigger\">TREBUCHET - ARTILLER\u00cdA PESADA M\u00d3VIL<\/a><\/ol>\t\t\t\t\t<\/div>\n\t\t\t\t\t\t\t\t\t<\/div>\n\t\t\t\t<\/div>\n\t\t\t\n\n\n<section class=\"wp-block-uagb-columns uagb-columns__wrap uagb-columns__background-undefined uagb-columns__stack-mobile uagb-columns__valign-undefined uagb-columns__gap-10 alignundefined uagb-block-dc5752f1\"><div class=\"uagb-columns__overlay\"><\/div><div class=\"uagb-columns__inner-wrap uagb-columns__columns-1\">\n<div class=\"wp-block-uagb-column uagb-column__wrap uagb-column__background-undefined uagb-block-a73609e9\"><div class=\"uagb-column__overlay\"><\/div><div class=\"uagb-column__inner-wrap\">\n<h2 class=\"wp-block-heading\"><strong>INGENIERO T3 <\/strong>- CONSTRUCTOR TECH 3 CYBRAN<\/h2>\n\n\n\n<p>El ingeniero T3 aparece con mucha m\u00e1s frecuencia que los otros ingenieros; uno siempre debe ser lo primero que salga de su f\u00e1brica. Pueden impulsar su econom\u00eda, ayudar a las f\u00e1bricas a un ritmo \u00fatil y llevarlo al final del juego. Nunca est\u00e1 mal tener demasiados ingenieros. Adem\u00e1s, si se env\u00edan para construir defensas o reparar un objetivo crucial, durar\u00e1n mucho m\u00e1s bajo el fuego enemigo. Desafortunadamente, estos tipos son muy lentos, la mitad de r\u00e1pidos que las unidades de apoyo T2.<\/p>\n\n\n\n<div class=\"wp-block-image\"><figure class=\"aligncenter size-large\"><a href=\"https:\/\/supcom.standardof.net\/es\/supreme-commander\/cybran-2\/cybran-tech-3-unidades-terrestres\/cybran-tech-3-engineer-supreme-commander-cybran-tech-1-land-units\/\"><img decoding=\"async\" width=\"438\" height=\"324\" src=\"https:\/\/supcom.standardof.net\/wp-content\/uploads\/sites\/8\/2020\/11\/Cybran-Tech-3-Engineer-Supreme-Commander-Cybran-Tech-1-Land-Units.jpg\" alt=\"El ingeniero T3, Cybran Tech 3 Land Unit en Supreme Commander.\" class=\"wp-image-582\" srcset=\"https:\/\/supcom.standardof.net\/wp-content\/uploads\/sites\/8\/2020\/11\/Cybran-Tech-3-Engineer-Supreme-Commander-Cybran-Tech-1-Land-Units.jpg 438w, https:\/\/supcom.standardof.net\/wp-content\/uploads\/sites\/8\/2020\/11\/Cybran-Tech-3-Engineer-Supreme-Commander-Cybran-Tech-1-Land-Units-200x148.jpg 200w, https:\/\/supcom.standardof.net\/wp-content\/uploads\/sites\/8\/2020\/11\/Cybran-Tech-3-Engineer-Supreme-Commander-Cybran-Tech-1-Land-Units-16x12.jpg 16w\" sizes=\"(max-width: 438px) 100vw, 438px\" \/><\/a><figcaption>INGENIERO - CONSTRUCTOR TECH 3 CYBRAN<\/figcaption><\/figure><\/div>\n\n\n\n<section class=\"wp-block-uagb-columns uagb-columns__wrap uagb-columns__background-undefined uagb-columns__stack-mobile uagb-columns__valign-undefined uagb-columns__gap-10 alignundefined uagb-block-9bbd651c\"><div class=\"uagb-columns__overlay\"><\/div><div class=\"uagb-columns__inner-wrap uagb-columns__columns-2\">\n<div class=\"wp-block-uagb-column uagb-column__wrap uagb-column__background-undefined uagb-block-8d9b8d65\"><div class=\"uagb-column__overlay\"><\/div><div class=\"uagb-column__inner-wrap\">\n<h3 class=\"wp-block-heading\">Estad\u00edsticas del ingeniero T3<\/h3>\n\n\n\n<p><strong>Armadura:<\/strong> 1350 CV<br><strong>Habilidades: <\/strong>Suite de ingenier\u00eda, anfibio<br><strong>Costo:<\/strong> M561, E2970, T990<br>&nbsp;&nbsp;&nbsp;&nbsp; tasa de construcci\u00f3n: 15<br>&nbsp;&nbsp;&nbsp;&nbsp; almacenamiento: M20, E100<br><strong>Intel<\/strong><br>&nbsp;&nbsp;&nbsp;&nbsp; vista: 26 (508m)<br><strong>F\u00edsica<\/strong><br>&nbsp;&nbsp;&nbsp;&nbsp; velocidad m\u00e1xima: 1,6 (31,3 m \/ s)<br>&nbsp;&nbsp;&nbsp;&nbsp; velocidad de giro: 70<br><em>* veterano nivel 2: +338 CV<br>* veterano nivel 4: +338 CV<br>* veterano nivel 5: repara 2 hp \/ s<\/em><\/p>\n<\/div><\/div>\n\n\n\n<div class=\"wp-block-uagb-column uagb-column__wrap uagb-column__background-undefined uagb-block-6bc831dd\"><div class=\"uagb-column__overlay\"><\/div><div class=\"uagb-column__inner-wrap\"><\/div><\/div>\n<\/div><\/section>\n<\/div><\/div>\n<\/div><\/section>\n\n\n\n<section class=\"wp-block-uagb-columns uagb-columns__wrap uagb-columns__background-undefined uagb-columns__stack-mobile uagb-columns__valign-undefined uagb-columns__gap-10 alignundefined uagb-block-d69e8d97\"><div class=\"uagb-columns__overlay\"><\/div><div class=\"uagb-columns__inner-wrap uagb-columns__columns-1\">\n<div class=\"wp-block-uagb-column uagb-column__wrap uagb-column__background-undefined uagb-block-aa58e628\"><div class=\"uagb-column__overlay\"><\/div><div class=\"uagb-column__inner-wrap\">\n<h2 class=\"wp-block-heading\"><strong>LEALISTA <\/strong>- ASALTO ASALTO BOT<\/h2>\n\n\n\n<p><a href=\"https:\/\/www.standardof.net\/wp-content\/uploads\/2012\/12\/Loyalist-Siege-Assault-Bot.png\" class=\"rank-math-link\" target=\"_blank\" rel=\"noopener\"><\/a>El Leal hace mucho da\u00f1o, dividido en dos armas para hacerlo m\u00e1s efectivo contra m\u00faltiples objetivos, y su salud a\u00fan supera a todo lo que no sea el robot de asalto T3 de otro bando, pero su bajo alcance y armadura lo hacen m\u00e1s \u00fatil como reemplazo de sus fuerzas terrestres que como un ataque t\u00e1ctico contra el comandante enemigo. A diferencia de la mayor\u00eda de las unidades Cybran, en realidad es m\u00e1s barato que sus contrapartes, lo que significa que puede tener una peque\u00f1a ventaja si las ha estado reteniendo con sus escuadrones Viper. Tambi\u00e9n es muy adecuado para obtener ventaja contra las fuerzas enemigas T2, ya que es m\u00e1s dif\u00edcil de alcanzar con lanzadores de misiles m\u00f3viles.<\/p>\n\n\n\n<div class=\"wp-block-image\"><figure class=\"aligncenter size-large\"><a href=\"https:\/\/supcom.standardof.net\/es\/supreme-commander\/cybran-2\/cybran-tech-3-unidades-terrestres\/loyalist-siege-assault-bot-supreme-commander-cybran-tech-1-land-units\/\"><img decoding=\"async\" width=\"514\" height=\"466\" src=\"https:\/\/supcom.standardof.net\/wp-content\/uploads\/sites\/8\/2020\/11\/Loyalist-Siege-Assault-Bot-Supreme-Commander-Cybran-Tech-1-Land-Units.jpg\" alt=\"El robot de asalto de asedio leal, unidad terrestre Cybran Tech 3 en Supreme Commander.\" class=\"wp-image-583\" srcset=\"https:\/\/supcom.standardof.net\/wp-content\/uploads\/sites\/8\/2020\/11\/Loyalist-Siege-Assault-Bot-Supreme-Commander-Cybran-Tech-1-Land-Units.jpg 514w, https:\/\/supcom.standardof.net\/wp-content\/uploads\/sites\/8\/2020\/11\/Loyalist-Siege-Assault-Bot-Supreme-Commander-Cybran-Tech-1-Land-Units-512x464.jpg 512w, https:\/\/supcom.standardof.net\/wp-content\/uploads\/sites\/8\/2020\/11\/Loyalist-Siege-Assault-Bot-Supreme-Commander-Cybran-Tech-1-Land-Units-200x181.jpg 200w, https:\/\/supcom.standardof.net\/wp-content\/uploads\/sites\/8\/2020\/11\/Loyalist-Siege-Assault-Bot-Supreme-Commander-Cybran-Tech-1-Land-Units-13x12.jpg 13w\" sizes=\"(max-width: 514px) 100vw, 514px\" \/><\/a><figcaption>LEALISTA - ASALTO ASALTO BOT<\/figcaption><\/figure><\/div>\n\n\n\n<section class=\"wp-block-uagb-columns uagb-columns__wrap uagb-columns__background-undefined uagb-columns__stack-mobile uagb-columns__valign-undefined uagb-columns__gap-10 alignundefined uagb-block-a456628a\"><div class=\"uagb-columns__overlay\"><\/div><div class=\"uagb-columns__inner-wrap uagb-columns__columns-2\">\n<div class=\"wp-block-uagb-column uagb-column__wrap uagb-column__background-undefined uagb-block-f7e6fcd3\"><div class=\"uagb-column__overlay\"><\/div><div class=\"uagb-column__inner-wrap\">\n<h3 class=\"wp-block-heading\">Estad\u00edsticas de lealistas<\/h3>\n\n\n\n<p><strong>Armadura:<\/strong> 4200 CV<br><strong>Costo:<\/strong> M510, E3990, T1200<br><strong>Intel<\/strong><br>&nbsp;&nbsp;&nbsp;&nbsp; vista: 25 (488m)<br><strong>F\u00edsica<\/strong><br>&nbsp;&nbsp;&nbsp;&nbsp; velocidad m\u00e1xima: 3 (58,6 m \/ s)<br>&nbsp;&nbsp;&nbsp;&nbsp; velocidad de giro: 146<br><strong>Clase de transporte:<\/strong> 3<br><strong>Veterancia: <\/strong>30, 60, 150, 300, 600 muertes<br><em>* veterano nivel 2: +250 CV<br>* veterano nivel 4: +250 CV<br>* veterano nivel 5: repara 2 hp \/ s<\/em><\/p>\n<\/div><\/div>\n\n\n\n<div class=\"wp-block-uagb-column uagb-column__wrap uagb-column__background-undefined uagb-block-9e26872f\"><div class=\"uagb-column__overlay\"><\/div><div class=\"uagb-column__inner-wrap\">\n<h3 class=\"wp-block-heading\">Armas leales<\/h3>\n\n\n\n<p><strong>L\u00e1ser de pulso desintegrador<\/strong> (Fuego directo)<br>&nbsp;&nbsp;&nbsp;&nbsp; 82,50 dps,<br><strong>rango:<\/strong> 25 (488m)<br><strong>arma de proyectil:<\/strong> 55 da\u00f1os<br>&nbsp;&nbsp;&nbsp;&nbsp; x 3 proyectiles = 165 da\u00f1os por salva<br><strong>cadencia de fuego:<\/strong> 3 (cada 0,33 s)<br><em>* veterano nivel 1: +14 de da\u00f1o<br>* veterano nivel 3: +14 de da\u00f1o<\/em><\/p>\n\n\n\n<p><strong>B\u00f3lter de electrones pesados<\/strong> (Fuego directo)<br>&nbsp;&nbsp;&nbsp;&nbsp; 33,33 dps<br>alcance: 25 (488m)<br>arma de proyectil: 10 de da\u00f1o<br>cadencia de fuego: 3.33 (cada 0.3s)<br><em>* veterano nivel 1: +3 de da\u00f1o<br>* veterano nivel 3: +3 de da\u00f1o<\/em><\/p>\n\n\n\n<p><strong>Explosi\u00f3n de muerte EMP<\/strong>&nbsp;<br>&nbsp;&nbsp;&nbsp;&nbsp; 0,50 dps<br>superficie: 10 (195m)<br>arma de proyectil: 1 da\u00f1o<br><em>* Aturde a las unidades enemigas<\/em><\/p>\n<\/div><\/div>\n<\/div><\/section>\n<\/div><\/div>\n<\/div><\/section>\n\n\n\n<section class=\"wp-block-uagb-columns uagb-columns__wrap uagb-columns__background-undefined uagb-columns__stack-mobile uagb-columns__valign-undefined uagb-columns__gap-10 alignundefined uagb-block-f7e81700\"><div class=\"uagb-columns__overlay\"><\/div><div class=\"uagb-columns__inner-wrap uagb-columns__columns-1\">\n<div class=\"wp-block-uagb-column uagb-column__wrap uagb-column__background-undefined uagb-block-0984fdb7\"><div class=\"uagb-column__overlay\"><\/div><div class=\"uagb-column__inner-wrap\">\n<h2 class=\"wp-block-heading\"><strong>TREBUCHET <\/strong>- ARTILLER\u00cdA PESADA M\u00d3VIL<\/h2>\n\n\n\n<p><a href=\"https:\/\/www.standardof.net\/wp-content\/uploads\/2012\/12\/Trebuchet-Mobile-Heavy-Artillery.png\" class=\"rank-math-link\" target=\"_blank\" rel=\"noopener\"><\/a>La artiller\u00eda pesada Cybran es bastante mediocre, ya que en realidad no hace tanto da\u00f1o con cada disparo. Su \u00e1rea de efecto s\u00faper amplia ser\u00eda excelente si pudiera moverse mientras dispara como la artiller\u00eda Aeon, pero en cambio simplemente se dispersa sobre los escudos enemigos. La velocidad de disparo lenta combinada con el generador de sigilo Cybran puede permitirle realizar el primer disparo, pero a menos que este sea el \u00fanico punto importante que necesita para superar a su oponente, no vale la pena microgesti\u00f3n.<\/p>\n\n\n\n<div class=\"wp-block-image\"><figure class=\"aligncenter size-large\"><a href=\"https:\/\/supcom.standardof.net\/es\/supreme-commander\/cybran-2\/cybran-tech-3-unidades-terrestres\/trebuchet-mobile-heavy-artillery-supreme-commander-cybran-tech-1-land-units\/\"><img decoding=\"async\" width=\"492\" height=\"402\" src=\"https:\/\/supcom.standardof.net\/wp-content\/uploads\/sites\/8\/2020\/11\/Trebuchet-Mobile-Heavy-Artillery-Supreme-Commander-Cybran-Tech-1-Land-Units.jpg\" alt=\"La artiller\u00eda pesada m\u00f3vil Trebuchet, unidad terrestre Cybran Tech 3 en Supreme Commander.\" class=\"wp-image-581\" srcset=\"https:\/\/supcom.standardof.net\/wp-content\/uploads\/sites\/8\/2020\/11\/Trebuchet-Mobile-Heavy-Artillery-Supreme-Commander-Cybran-Tech-1-Land-Units.jpg 492w, https:\/\/supcom.standardof.net\/wp-content\/uploads\/sites\/8\/2020\/11\/Trebuchet-Mobile-Heavy-Artillery-Supreme-Commander-Cybran-Tech-1-Land-Units-200x163.jpg 200w, https:\/\/supcom.standardof.net\/wp-content\/uploads\/sites\/8\/2020\/11\/Trebuchet-Mobile-Heavy-Artillery-Supreme-Commander-Cybran-Tech-1-Land-Units-16x12.jpg 16w\" sizes=\"(max-width: 492px) 100vw, 492px\" \/><\/a><figcaption>TREBUCHET - ARTILLER\u00cdA PESADA M\u00d3VIL<\/figcaption><\/figure><\/div>\n\n\n\n<section class=\"wp-block-uagb-columns uagb-columns__wrap uagb-columns__background-undefined uagb-columns__stack-mobile uagb-columns__valign-undefined uagb-columns__gap-10 alignundefined uagb-block-840c391f\"><div class=\"uagb-columns__overlay\"><\/div><div class=\"uagb-columns__inner-wrap uagb-columns__columns-2\">\n<div class=\"wp-block-uagb-column uagb-column__wrap uagb-column__background-undefined uagb-block-f629327d\"><div class=\"uagb-column__overlay\"><\/div><div class=\"uagb-column__inner-wrap\">\n<h3 class=\"wp-block-heading\">Estad\u00edsticas de Trebuchet<\/h3>\n\n\n\n<p><strong>Armadura:<\/strong> 850 CV<br><strong>Habilidades:<\/strong> Despliegues (inm\u00f3vil mientras dispara)<br><strong>Costo:<\/strong> M800, E8000, T2400<br><strong>Intel<\/strong><br>&nbsp;&nbsp;&nbsp;&nbsp; vista: 26 (508m)<br><strong>F\u00edsica<\/strong><br>&nbsp;&nbsp;&nbsp;&nbsp; velocidad m\u00e1xima: 2,7 (52,7 m \/ s)<br>&nbsp;&nbsp;&nbsp;&nbsp; velocidad de giro: 20<br><strong>Clase de transporte:<\/strong> 3<strong><br>Veterancia:<\/strong> 30, 60, 150, 300, 600 muertes<br><em>* veterano nivel 2: +213 CV<br>* veterano nivel 4: +213 CV<br>* veterano nivel 5: repara 2 hp \/ s<\/em><\/p>\n<\/div><\/div>\n\n\n\n<div class=\"wp-block-uagb-column uagb-column__wrap uagb-column__background-undefined uagb-block-75419839\"><div class=\"uagb-column__overlay\"><\/div><div class=\"uagb-column__inner-wrap\">\n<h3 class=\"wp-block-heading\">Armas de Trebuchet<\/h3>\n\n\n\n<p><strong>Artiller\u00eda de protones<\/strong> (Artiller\u00eda)<br>&nbsp;&nbsp;&nbsp;&nbsp; 35,00 dps, \u00e1rea: 7 (137 m)<br>alcance: 25 (488 m) - 70 (1,37 km)<br>arma de proyectil: 700 da\u00f1os<br>cadencia de fuego: 0.05 (cada 20 s)<br><em>* veterano nivel 1: +175 de da\u00f1o<br>* veterano nivel 3: +175 de da\u00f1o<\/em><\/p>\n<\/div><\/div>\n<\/div><\/section>\n<\/div><\/div>\n<\/div><\/section>","protected":false},"excerpt":{"rendered":"<p>T3 ENGINEER \u2013 TECH 3 CYBRAN CONSTRUCTOR The T3 Engineer shows up much more frequently than the other engineers; one should always be the first thing out of your factory. They can jumpstart your economy, assist factories at a useful rate, and get you into the endgame. It&#8217;s never bad to have too many engineers. [&hellip;]<\/p>","protected":false},"author":1,"featured_media":0,"parent":538,"menu_order":0,"comment_status":"open","ping_status":"closed","template":"","meta":{"_uag_custom_page_level_css":"","site-sidebar-layout":"default","site-content-layout":"default","ast-site-content-layout":"","site-content-style":"default","site-sidebar-style":"default","ast-global-header-display":"","ast-banner-title-visibility":"","ast-main-header-display":"","ast-hfb-above-header-display":"","ast-hfb-below-header-display":"","ast-hfb-mobile-header-display":"","site-post-title":"","ast-breadcrumbs-content":"","ast-featured-img":"","footer-sml-layout":"","theme-transparent-header-meta":"default","adv-header-id-meta":"","stick-header-meta":"","header-above-stick-meta":"","header-main-stick-meta":"","header-below-stick-meta":"","astra-migrate-meta-layouts":"default","ast-page-background-enabled":"default","ast-page-background-meta":{"desktop":{"background-color":"","background-image":"","background-repeat":"repeat","background-position":"center center","background-size":"auto","background-attachment":"scroll","background-type":"","background-media":"","overlay-type":"","overlay-color":"","overlay-gradient":""},"tablet":{"background-color":"","background-image":"","background-repeat":"repeat","background-position":"center center","background-size":"auto","background-attachment":"scroll","background-type":"","background-media":"","overlay-type":"","overlay-color":"","overlay-gradient":""},"mobile":{"background-color":"","background-image":"","background-repeat":"repeat","background-position":"center center","background-size":"auto","background-attachment":"scroll","background-type":"","background-media":"","overlay-type":"","overlay-color":"","overlay-gradient":""}},"ast-content-background-meta":{"desktop":{"background-color":"var(--ast-global-color-5)","background-image":"","background-repeat":"repeat","background-position":"center center","background-size":"auto","background-attachment":"scroll","background-type":"","background-media":"","overlay-type":"","overlay-color":"","overlay-gradient":""},"tablet":{"background-color":"var(--ast-global-color-5)","background-image":"","background-repeat":"repeat","background-position":"center center","background-size":"auto","background-attachment":"scroll","background-type":"","background-media":"","overlay-type":"","overlay-color":"","overlay-gradient":""},"mobile":{"background-color":"var(--ast-global-color-5)","background-image":"","background-repeat":"repeat","background-position":"center center","background-size":"auto","background-attachment":"scroll","background-type":"","background-media":"","overlay-type":"","overlay-color":"","overlay-gradient":""}},"footnotes":""},"uagb_featured_image_src":{"full":false,"thumbnail":false,"medium":false,"medium_large":false,"large":false,"1536x1536":false,"2048x2048":false,"trp-custom-language-flag":false},"uagb_author_info":{"display_name":"SOE","author_link":"https:\/\/supcom.standardof.net\/es\/author\/k-tastic\/"},"uagb_comment_info":0,"uagb_excerpt":"T3 ENGINEER \u2013 TECH 3 CYBRAN CONSTRUCTOR The T3 Engineer shows up much more frequently than the other engineers; one should always be the first thing out of your factory. They can jumpstart your economy, assist factories at a useful rate, and get you into the endgame. It&#8217;s never bad to have too many engineers.&hellip;","_links":{"self":[{"href":"https:\/\/supcom.standardof.net\/es\/wp-json\/wp\/v2\/pages\/579"}],"collection":[{"href":"https:\/\/supcom.standardof.net\/es\/wp-json\/wp\/v2\/pages"}],"about":[{"href":"https:\/\/supcom.standardof.net\/es\/wp-json\/wp\/v2\/types\/page"}],"author":[{"embeddable":true,"href":"https:\/\/supcom.standardof.net\/es\/wp-json\/wp\/v2\/users\/1"}],"replies":[{"embeddable":true,"href":"https:\/\/supcom.standardof.net\/es\/wp-json\/wp\/v2\/comments?post=579"}],"version-history":[{"count":0,"href":"https:\/\/supcom.standardof.net\/es\/wp-json\/wp\/v2\/pages\/579\/revisions"}],"up":[{"embeddable":true,"href":"https:\/\/supcom.standardof.net\/es\/wp-json\/wp\/v2\/pages\/538"}],"wp:attachment":[{"href":"https:\/\/supcom.standardof.net\/es\/wp-json\/wp\/v2\/media?parent=579"}],"curies":[{"name":"wp","href":"https:\/\/api.w.org\/{rel}","templated":true}]}}