{"id":587,"date":"2020-11-02T13:59:18","date_gmt":"2020-11-02T18:59:18","guid":{"rendered":"https:\/\/supcom.standardof.net\/?page_id=587"},"modified":"2020-11-04T00:31:57","modified_gmt":"2020-11-04T05:31:57","slug":"cybran-tech-1-air-units","status":"publish","type":"page","link":"https:\/\/supcom.standardof.net\/es\/supreme-commander\/cybran-2\/cybran-tech-1-unidades-aereas\/","title":{"rendered":"Unidades a\u00e9reas Cybran Tech 1"},"content":{"rendered":"<div class=\"wp-block-uagb-table-of-contents uagb-toc__align-left uagb-toc__columns-1  uagb-block-6625e1c4\"\n\t\t\t\t\tdata-scroll= \"1\"\n\t\t\t\t\tdata-offset= \"30\"\n\t\t\t\t\tstyle=\"\"\n\t\t\t\t>\n\t\t\t\t<div class=\"uagb-toc__wrap\">\n\t\t\t\t\t\t<div class=\"uagb-toc__title\">\n\t\t\t\t\t\t\tUnidades a\u00e9reas Cybran Tech 1:\t\t\t\t\t\t<\/div>\n\t\t\t\t\t\t\t\t\t\t\t\t\t\t\t\t<div class=\"uagb-toc__list-wrap\">\n\t\t\t\t\t\t<ol class=\"uagb-toc__list\"><li class=\"uagb-toc__list\"><a href=\"#flying-eyes-air-scout\" class=\"uagb-toc-link__trigger\">OJOS VOLADORES - AIR SCOUT<\/a><li class=\"uagb-toc__list\"><a href=\"#prowler-interceptor\" class=\"uagb-toc-link__trigger\">PROWLER - INTERCEPTOR<\/a><li class=\"uagb-toc__list\"><a href=\"#zeus-attack-bomber\" class=\"uagb-toc-link__trigger\">ZEUS - BOMBARDERO DE ATAQUE<\/a><li class=\"uagb-toc__list\"><a href=\"#skyhook-light-air-transport\" class=\"uagb-toc-link__trigger\">SKYHOOK - TRANSPORTE A\u00c9REO LIGERO<\/a><\/ol>\t\t\t\t\t<\/div>\n\t\t\t\t\t\t\t\t\t<\/div>\n\t\t\t\t<\/div>\n\t\t\t\n\n\n<section class=\"wp-block-uagb-columns uagb-columns__wrap uagb-columns__background-undefined uagb-columns__stack-mobile uagb-columns__valign-undefined uagb-columns__gap-10 alignundefined uagb-block-3d05a265\"><div class=\"uagb-columns__overlay\"><\/div><div class=\"uagb-columns__inner-wrap uagb-columns__columns-1\">\n<div class=\"wp-block-uagb-column uagb-column__wrap uagb-column__background-undefined uagb-block-54871dc0\"><div class=\"uagb-column__overlay\"><\/div><div class=\"uagb-column__inner-wrap\">\n<h2 class=\"wp-block-heading\"><strong>OJOS VUELOS<\/strong> - EXPLORADOR DE AIRE<\/h2>\n\n\n\n<p><a href=\"https:\/\/www.standardof.net\/wp-content\/uploads\/2012\/12\/Flying-Eyes-Air-Scout.png\" class=\"rank-math-link\" target=\"_blank\" rel=\"noopener\"><\/a>El Air Scout es extremadamente econ\u00f3mico y es esta virtud lo que lo hace \u00fatil. Si bien un interceptor a menudo se adentrar\u00e1 m\u00e1s en una base enemiga, un solo explorador a\u00e9reo en su cola de construcci\u00f3n le permitir\u00e1 almacenar un conjunto de exploradores que pueden atravesar el mapa en busca de un camino de entrada ligeramente defendido y por menos de 1 masa por segundo. El explorador Cybran tiene un rango de visi\u00f3n sorprendentemente grande, en realidad, para que pueda competir con su explorador terrestre.<\/p>\n\n\n\n<div class=\"wp-block-image\"><figure class=\"aligncenter size-large\"><a href=\"https:\/\/supcom.standardof.net\/es\/supreme-commander\/cybran-2\/cybran-tech-1-unidades-aereas\/flying-eyes-air-scout-supreme-commander-cybran-tech-1-air-units\/\"><img decoding=\"async\" width=\"678\" height=\"540\" src=\"https:\/\/supcom.standardof.net\/wp-content\/uploads\/sites\/8\/2020\/11\/Flying-Eyes-Air-Scout-Supreme-Commander-Cybran-Tech-1-Air-Units.jpg\" alt=\"El Explorador A\u00e9reo de Ojos Voladores, Unidad A\u00e9rea Cybran Tech 1 en Comandante Supremo.\" class=\"wp-image-588\" srcset=\"https:\/\/supcom.standardof.net\/wp-content\/uploads\/sites\/8\/2020\/11\/Flying-Eyes-Air-Scout-Supreme-Commander-Cybran-Tech-1-Air-Units.jpg 678w, https:\/\/supcom.standardof.net\/wp-content\/uploads\/sites\/8\/2020\/11\/Flying-Eyes-Air-Scout-Supreme-Commander-Cybran-Tech-1-Air-Units-512x408.jpg 512w, https:\/\/supcom.standardof.net\/wp-content\/uploads\/sites\/8\/2020\/11\/Flying-Eyes-Air-Scout-Supreme-Commander-Cybran-Tech-1-Air-Units-200x159.jpg 200w, https:\/\/supcom.standardof.net\/wp-content\/uploads\/sites\/8\/2020\/11\/Flying-Eyes-Air-Scout-Supreme-Commander-Cybran-Tech-1-Air-Units-16x12.jpg 16w\" sizes=\"(max-width: 678px) 100vw, 678px\" \/><\/a><figcaption>OJOS VOLADORES - AIR SCOUT<\/figcaption><\/figure><\/div>\n\n\n\n<section class=\"wp-block-uagb-columns uagb-columns__wrap uagb-columns__background-undefined uagb-columns__stack-mobile uagb-columns__valign-undefined uagb-columns__gap-10 alignundefined uagb-block-182854c9\"><div class=\"uagb-columns__overlay\"><\/div><div class=\"uagb-columns__inner-wrap uagb-columns__columns-2\">\n<div class=\"wp-block-uagb-column uagb-column__wrap uagb-column__background-undefined uagb-block-67290363\"><div class=\"uagb-column__overlay\"><\/div><div class=\"uagb-column__inner-wrap\">\n<h3 class=\"wp-block-heading\">Estad\u00edsticas de Flying Eyes<\/h3>\n\n\n\n<p><strong>Armadura:<\/strong> 3hp (ligero)<br><strong>Costo:<\/strong> M12, E600, T140<br><strong>Intel<\/strong><br>     vista: 80 (1,56km)<br><strong>F\u00edsica<\/strong><br>     velocidad m\u00e1xima: 10 (195 m \/ s)<br>     velocidad de giro: 100<br>     elevaci\u00f3n: 20 (391m)<br><strong>Clase de transporte:<\/strong> 1<br><em>* veterano nivel 2: +1 hp<br>* veterano nivel 4: +1 hp<br>* veterano nivel 5: repara 1 hp \/ s<\/em><\/p>\n<\/div><\/div>\n\n\n\n<div class=\"wp-block-uagb-column uagb-column__wrap uagb-column__background-undefined uagb-block-74a26d45\"><div class=\"uagb-column__overlay\"><\/div><div class=\"uagb-column__inner-wrap\">\n<h3 class=\"wp-block-heading\">Armas de ojos voladores<\/h3>\n\n\n\n<p><strong>Accidente a\u00e9reo<\/strong> (Muerte)<br>10 da\u00f1os<br><strong>zona:<\/strong> 1 (19,5 m)<\/p>\n<\/div><\/div>\n<\/div><\/section>\n<\/div><\/div>\n<\/div><\/section>\n\n\n\n<section class=\"wp-block-uagb-columns uagb-columns__wrap uagb-columns__background-undefined uagb-columns__stack-mobile uagb-columns__valign-undefined uagb-columns__gap-10 alignundefined uagb-block-25b241ac\"><div class=\"uagb-columns__overlay\"><\/div><div class=\"uagb-columns__inner-wrap uagb-columns__columns-1\">\n<div class=\"wp-block-uagb-column uagb-column__wrap uagb-column__background-undefined uagb-block-7c805ca7\"><div class=\"uagb-column__overlay\"><\/div><div class=\"uagb-column__inner-wrap\">\n<h2 class=\"wp-block-heading\"><strong>MERODEADOR <\/strong>- INTERCEPTOR<\/h2>\n\n\n\n<p><a href=\"https:\/\/www.standardof.net\/wp-content\/uploads\/2012\/12\/Prowler-Interceptor.png\" class=\"rank-math-link\" target=\"_blank\" rel=\"noopener\"><\/a>Los interceptores son el pan y la mantequilla de su defensa a\u00e9rea. Son r\u00e1pidos, efectivos y baratos, lo que significa que puede configurar a los ingenieros para que creen m\u00e1s sin tener que pausar sus otros proyectos. Recomiendo tener un Air Factory configurado para construir interceptores infinitos para todo el juego. Para compensar su baja salud, el interceptor Cybran tiene dos ca\u00f1ones, lo que lo hace m\u00e1s probable que impacte.<\/p>\n\n\n\n<div class=\"wp-block-image\"><figure class=\"aligncenter size-large\"><a href=\"https:\/\/supcom.standardof.net\/es\/supreme-commander\/cybran-2\/cybran-tech-1-unidades-aereas\/prowler-interceptor-supreme-commander-cybran-tech-1-air-units\/\"><img decoding=\"async\" width=\"552\" height=\"412\" src=\"https:\/\/supcom.standardof.net\/wp-content\/uploads\/sites\/8\/2020\/11\/Prowler-Interceptor-Supreme-Commander-Cybran-Tech-1-Air-Units.jpg\" alt=\"The Prowler Interceptor, Cybran Tech 1 Air Unit en Supreme Commander.\" class=\"wp-image-589\" srcset=\"https:\/\/supcom.standardof.net\/wp-content\/uploads\/sites\/8\/2020\/11\/Prowler-Interceptor-Supreme-Commander-Cybran-Tech-1-Air-Units.jpg 552w, https:\/\/supcom.standardof.net\/wp-content\/uploads\/sites\/8\/2020\/11\/Prowler-Interceptor-Supreme-Commander-Cybran-Tech-1-Air-Units-512x382.jpg 512w, https:\/\/supcom.standardof.net\/wp-content\/uploads\/sites\/8\/2020\/11\/Prowler-Interceptor-Supreme-Commander-Cybran-Tech-1-Air-Units-200x149.jpg 200w, https:\/\/supcom.standardof.net\/wp-content\/uploads\/sites\/8\/2020\/11\/Prowler-Interceptor-Supreme-Commander-Cybran-Tech-1-Air-Units-16x12.jpg 16w\" sizes=\"(max-width: 552px) 100vw, 552px\" \/><\/a><figcaption>PROWLER - INTERCEPTOR<\/figcaption><\/figure><\/div>\n\n\n\n<section class=\"wp-block-uagb-columns uagb-columns__wrap uagb-columns__background-undefined uagb-columns__stack-mobile uagb-columns__valign-undefined uagb-columns__gap-10 alignundefined uagb-block-876786c0\"><div class=\"uagb-columns__overlay\"><\/div><div class=\"uagb-columns__inner-wrap uagb-columns__columns-2\">\n<div class=\"wp-block-uagb-column uagb-column__wrap uagb-column__background-undefined uagb-block-1379da99\"><div class=\"uagb-column__overlay\"><\/div><div class=\"uagb-column__inner-wrap\">\n<h3 class=\"wp-block-heading\">Estad\u00edsticas de merodeador<\/h3>\n\n\n\n<p><strong>Armadura:<\/strong> 16hp (ligero)<br><strong>Costo:<\/strong> M38, E2280, T380<br><strong>Intel<\/strong><br>&nbsp;&nbsp;&nbsp;&nbsp; vista: 32 (625m)<br><strong>F\u00edsica<\/strong><br>     velocidad m\u00e1xima: 17 (332 m \/ s)<br>     velocidad de giro: 100<br>     elevaci\u00f3n: 18 (352m)<br>     distancia de acoplamiento: 50 (977 m)<br><strong>Clase de transporte:<\/strong> 1<br><strong>Veterancia: <\/strong>5, 10, 25, 50, 100 muertes<br><em>* veterano nivel 2: +4 hp<br>* veterano nivel 4: +4 hp<br>* veterano nivel 5: repara 1 hp \/ s<\/em><\/p>\n<\/div><\/div>\n\n\n\n<div class=\"wp-block-uagb-column uagb-column__wrap uagb-column__background-undefined uagb-block-0241ec6d\"><div class=\"uagb-column__overlay\"><\/div><div class=\"uagb-column__inner-wrap\">\n<h3 class=\"wp-block-heading\">Armas de merodeador<\/h3>\n\n\n\n<p>2x <strong>Ca\u00f1\u00f3n autom\u00e1tico de electrones<\/strong> (Anti aire)<br>10,20 dps<br><strong>rango:<\/strong> 20 (391m)<br><strong>arma de proyectil:<\/strong> 4 da\u00f1os<br>x 3 proyectiles = 12 de da\u00f1o por salva<br><strong>cadencia de fuego:<\/strong> 0,85 (cada 1,18 s)<br><em>* veterano nivel 1: +1 da\u00f1o<br>* veterano nivel 3: +1 da\u00f1o<\/em><\/p>\n\n\n\n<p><strong>Accidente a\u00e9reo<\/strong> (Muerte)<br>25 da\u00f1os<br><strong>zona:<\/strong> 1 (19,5 m)<\/p>\n<\/div><\/div>\n<\/div><\/section>\n<\/div><\/div>\n<\/div><\/section>\n\n\n\n<section class=\"wp-block-uagb-columns uagb-columns__wrap uagb-columns__background-undefined uagb-columns__stack-mobile uagb-columns__valign-undefined uagb-columns__gap-10 alignundefined uagb-block-6f842e41\"><div class=\"uagb-columns__overlay\"><\/div><div class=\"uagb-columns__inner-wrap uagb-columns__columns-1\">\n<div class=\"wp-block-uagb-column uagb-column__wrap uagb-column__background-undefined uagb-block-834f2791\"><div class=\"uagb-column__overlay\"><\/div><div class=\"uagb-column__inner-wrap\">\n<h2 class=\"wp-block-heading\"><strong>ZEUS <\/strong>- ATAQUE BOMBER<\/h2>\n\n\n\n<p><a href=\"https:\/\/www.standardof.net\/wp-content\/uploads\/2012\/12\/Zeus-Attack-Bomber.png\" class=\"rank-math-link\" target=\"_blank\" rel=\"noopener\"><\/a>El bombardero de ataque Cybran est\u00e1 bien para lo que hace: crear una amenaza temprana que obliga al oponente a enviar sus interceptores. Si no tiene espacio para respirar para mejorar su f\u00e1brica de aire a niveles altos, puede producir grandes paquetes de bombarderos que conviertan un ataque fallido contra el Comandante en un \u00e9xito. Los bombarderos Cybran tienen poca salud pero pueden golpear maravillosamente a las unidades en movimiento.<\/p>\n\n\n\n<div class=\"wp-block-image\"><figure class=\"aligncenter size-large\"><a href=\"https:\/\/supcom.standardof.net\/es\/supreme-commander\/cybran-2\/cybran-tech-1-unidades-aereas\/zeus-attack-bomber-supreme-commander-cybran-tech-1-air-units\/\"><img decoding=\"async\" width=\"774\" height=\"534\" src=\"https:\/\/supcom.standardof.net\/wp-content\/uploads\/sites\/8\/2020\/11\/Zeus-Attack-Bomber-Supreme-Commander-Cybran-Tech-1-Air-Units.jpg\" alt=\"El Zeus Attack Bomber, Cybran Tech 1 Air Unit en Supreme Commander.\" class=\"wp-image-591\" srcset=\"https:\/\/supcom.standardof.net\/wp-content\/uploads\/sites\/8\/2020\/11\/Zeus-Attack-Bomber-Supreme-Commander-Cybran-Tech-1-Air-Units.jpg 774w, https:\/\/supcom.standardof.net\/wp-content\/uploads\/sites\/8\/2020\/11\/Zeus-Attack-Bomber-Supreme-Commander-Cybran-Tech-1-Air-Units-512x353.jpg 512w, https:\/\/supcom.standardof.net\/wp-content\/uploads\/sites\/8\/2020\/11\/Zeus-Attack-Bomber-Supreme-Commander-Cybran-Tech-1-Air-Units-200x138.jpg 200w, https:\/\/supcom.standardof.net\/wp-content\/uploads\/sites\/8\/2020\/11\/Zeus-Attack-Bomber-Supreme-Commander-Cybran-Tech-1-Air-Units-768x530.jpg 768w, https:\/\/supcom.standardof.net\/wp-content\/uploads\/sites\/8\/2020\/11\/Zeus-Attack-Bomber-Supreme-Commander-Cybran-Tech-1-Air-Units-16x12.jpg 16w\" sizes=\"(max-width: 774px) 100vw, 774px\" \/><\/a><figcaption>ZEUS - BOMBARDERO DE ATAQUE<\/figcaption><\/figure><\/div>\n\n\n\n<section class=\"wp-block-uagb-columns uagb-columns__wrap uagb-columns__background-undefined uagb-columns__stack-mobile uagb-columns__valign-undefined uagb-columns__gap-10 alignundefined uagb-block-0f9c9449\"><div class=\"uagb-columns__overlay\"><\/div><div class=\"uagb-columns__inner-wrap uagb-columns__columns-2\">\n<div class=\"wp-block-uagb-column uagb-column__wrap uagb-column__background-undefined uagb-block-a4fe0fad\"><div class=\"uagb-column__overlay\"><\/div><div class=\"uagb-column__inner-wrap\">\n<h3 class=\"wp-block-heading\">Estad\u00edsticas de Zeus<\/h3>\n\n\n\n<p><strong>Armadura:<\/strong> 19hp (ligero)<br><strong>Costo:<\/strong> M171, E3420, T570<br><strong>Intel<\/strong><br>&nbsp;&nbsp;&nbsp;&nbsp; vista: 32 (625m)<br><strong>F\u00edsica<\/strong><br>     velocidad m\u00e1xima: 12 (234 m \/ s)<br>     elevaci\u00f3n: 18 (352m)<br>     distancia de acoplamiento: 50 (977 m)<br><strong>Clase de transporte:<\/strong> 2<strong><br>Veterancia:<\/strong> 5, 10, 25, 50, 100 muertes<br><em>* veterano nivel 2: +4 hp<br>* veterano nivel 4: +4 hp<br>* veterano nivel 5: repara 1 hp \/ s<\/em><\/p>\n<\/div><\/div>\n\n\n\n<div class=\"wp-block-uagb-column uagb-column__wrap uagb-column__background-undefined uagb-block-402126f6\"><div class=\"uagb-column__overlay\"><\/div><div class=\"uagb-column__inner-wrap\">\n<h3 class=\"wp-block-heading\">Armas de Zeus<\/h3>\n\n\n\n<p><strong>Bomba de racimo de neutrones<\/strong> (Bomba)<br>150,00 dps<br><strong>zona:<\/strong> 3 (58,6 m)<br><strong>rango:<\/strong> 5 (97,7 millones)<br><strong>arma de proyectil:<\/strong> 50 da\u00f1os<br>x 6 proyectiles = 300 de da\u00f1o por salva<br><strong>cadencia de fuego:<\/strong> 0,5 (cada 2 s)<br><em>* veterano nivel 1: +13 de da\u00f1o<br>* veterano nivel 3: +13 de da\u00f1o<\/em><\/p>\n\n\n\n<p><strong>Accidente a\u00e9reo<\/strong> (Muerte)<br>100 da\u00f1os<br><strong>zona:<\/strong> 1 (19,5 m)<\/p>\n<\/div><\/div>\n<\/div><\/section>\n<\/div><\/div>\n<\/div><\/section>\n\n\n\n<section class=\"wp-block-uagb-columns uagb-columns__wrap uagb-columns__background-undefined uagb-columns__stack-mobile uagb-columns__valign-undefined uagb-columns__gap-10 alignundefined uagb-block-86c4e267\"><div class=\"uagb-columns__overlay\"><\/div><div class=\"uagb-columns__inner-wrap uagb-columns__columns-1\">\n<div class=\"wp-block-uagb-column uagb-column__wrap uagb-column__background-undefined uagb-block-73586c6f\"><div class=\"uagb-column__overlay\"><\/div><div class=\"uagb-column__inner-wrap\">\n<h2 class=\"wp-block-heading\"><strong>SKYHOOK <\/strong>- TRANSPORTE A\u00c9REO LIGERO<\/h2>\n\n\n\n<p><a href=\"https:\/\/www.standardof.net\/wp-content\/uploads\/2012\/12\/Skyhook-Light-Air-Transport.png\" class=\"rank-math-link\" target=\"_blank\" rel=\"noopener\"><\/a>La ventaja de tener un transporte a\u00e9reo temprano es doble: puede transportar por aire a sus robots de asalto y tener una ca\u00f1onera voladora para matar a las fuerzas enemigas T1, o puede hacer m\u00e1s peligrosas ca\u00eddas de unidades o ingenieros detr\u00e1s de las l\u00edneas enemigas. Sin embargo, no conf\u00ede en ellos para vivir m\u00e1s all\u00e1 de una gota; en su mayor\u00eda est\u00e1n ah\u00ed para infundir miedo en los corazones de tus enemigos en lugar de entregar la victoria. Transporta 6 unidades T1, 3 unidades T2 o 1 unidad T3.<\/p>\n\n\n\n<div class=\"wp-block-image\"><figure class=\"aligncenter size-large\"><a href=\"https:\/\/supcom.standardof.net\/es\/supreme-commander\/cybran-2\/cybran-tech-1-unidades-aereas\/skyhook-light-air-transport-supreme-commander-cybran-tech-1-air-units\/\"><img decoding=\"async\" width=\"500\" height=\"292\" src=\"https:\/\/supcom.standardof.net\/wp-content\/uploads\/sites\/8\/2020\/11\/Skyhook-Light-Air-Transport-Supreme-Commander-Cybran-Tech-1-Air-Units.jpg\" alt=\"El transporte a\u00e9reo ligero Skyhook, unidad a\u00e9rea Cybran Tech 1 en Supreme Commander.\" class=\"wp-image-590\" srcset=\"https:\/\/supcom.standardof.net\/wp-content\/uploads\/sites\/8\/2020\/11\/Skyhook-Light-Air-Transport-Supreme-Commander-Cybran-Tech-1-Air-Units.jpg 500w, https:\/\/supcom.standardof.net\/wp-content\/uploads\/sites\/8\/2020\/11\/Skyhook-Light-Air-Transport-Supreme-Commander-Cybran-Tech-1-Air-Units-200x117.jpg 200w, https:\/\/supcom.standardof.net\/wp-content\/uploads\/sites\/8\/2020\/11\/Skyhook-Light-Air-Transport-Supreme-Commander-Cybran-Tech-1-Air-Units-16x9.jpg 16w\" sizes=\"(max-width: 500px) 100vw, 500px\" \/><\/a><figcaption>SKYHOOK - TRANSPORTE A\u00c9REO LIGERO<\/figcaption><\/figure><\/div>\n\n\n\n<section class=\"wp-block-uagb-columns uagb-columns__wrap uagb-columns__background-undefined uagb-columns__stack-mobile uagb-columns__valign-undefined uagb-columns__gap-10 alignundefined uagb-block-cf709c17\"><div class=\"uagb-columns__overlay\"><\/div><div class=\"uagb-columns__inner-wrap uagb-columns__columns-2\">\n<div class=\"wp-block-uagb-column uagb-column__wrap uagb-column__background-undefined uagb-block-8235e37e\"><div class=\"uagb-column__overlay\"><\/div><div class=\"uagb-column__inner-wrap\">\n<h3 class=\"wp-block-heading\">Estad\u00edsticas de Skyhook<\/h3>\n\n\n\n<p><strong>Armadura:<\/strong> 90 CV (ligero)<br><strong>Habilidades:<\/strong> Transporte (transporta unidades terrestres T1-T3)<br><strong>Costo:<\/strong> M120, E4800, T600<br><strong>Intel<\/strong><br>&nbsp;&nbsp;&nbsp;&nbsp; vista: 32 (625m)<br><strong>F\u00edsica<\/strong><br>     velocidad m\u00e1xima: 15 (293 m \/ s)<br>     elevaci\u00f3n: 10 (195m)<br><strong>Espacio de transporte:<\/strong> 6<br>     clase 2 adjuntar tama\u00f1o: 2<br>     clase 3 adjuntar tama\u00f1o: 4<br><em>* veterano nivel 2: +23 CV<br>* veterano nivel 4: +23 CV<br>* veterano nivel 5: repara 1 hp \/ s<\/em><\/p>\n<\/div><\/div>\n\n\n\n<div class=\"wp-block-uagb-column uagb-column__wrap uagb-column__background-undefined uagb-block-ea474949\"><div class=\"uagb-column__overlay\"><\/div><div class=\"uagb-column__inner-wrap\"><\/div><\/div>\n<\/div><\/section>\n<\/div><\/div>\n<\/div><\/section>","protected":false},"excerpt":{"rendered":"<p>FLYING EYES \u2013 AIR SCOUT The Air Scout is extremely inexpensive, and it&#8217;s this virtue that makes it useful. While an interceptor will often get farther into an enemy base, a single air scout in your build queue will let you stockpile a set of scouts that can crisscross the map looking for a lightly [&hellip;]<\/p>","protected":false},"author":1,"featured_media":0,"parent":538,"menu_order":0,"comment_status":"open","ping_status":"closed","template":"","meta":{"_uag_custom_page_level_css":"","site-sidebar-layout":"default","site-content-layout":"default","ast-site-content-layout":"","site-content-style":"default","site-sidebar-style":"default","ast-global-header-display":"","ast-banner-title-visibility":"","ast-main-header-display":"","ast-hfb-above-header-display":"","ast-hfb-below-header-display":"","ast-hfb-mobile-header-display":"","site-post-title":"","ast-breadcrumbs-content":"","ast-featured-img":"","footer-sml-layout":"","theme-transparent-header-meta":"default","adv-header-id-meta":"","stick-header-meta":"","header-above-stick-meta":"","header-main-stick-meta":"","header-below-stick-meta":"","astra-migrate-meta-layouts":"default","ast-page-background-enabled":"default","ast-page-background-meta":{"desktop":{"background-color":"","background-image":"","background-repeat":"repeat","background-position":"center center","background-size":"auto","background-attachment":"scroll","background-type":"","background-media":"","overlay-type":"","overlay-color":"","overlay-gradient":""},"tablet":{"background-color":"","background-image":"","background-repeat":"repeat","background-position":"center center","background-size":"auto","background-attachment":"scroll","background-type":"","background-media":"","overlay-type":"","overlay-color":"","overlay-gradient":""},"mobile":{"background-color":"","background-image":"","background-repeat":"repeat","background-position":"center center","background-size":"auto","background-attachment":"scroll","background-type":"","background-media":"","overlay-type":"","overlay-color":"","overlay-gradient":""}},"ast-content-background-meta":{"desktop":{"background-color":"var(--ast-global-color-5)","background-image":"","background-repeat":"repeat","background-position":"center center","background-size":"auto","background-attachment":"scroll","background-type":"","background-media":"","overlay-type":"","overlay-color":"","overlay-gradient":""},"tablet":{"background-color":"var(--ast-global-color-5)","background-image":"","background-repeat":"repeat","background-position":"center center","background-size":"auto","background-attachment":"scroll","background-type":"","background-media":"","overlay-type":"","overlay-color":"","overlay-gradient":""},"mobile":{"background-color":"var(--ast-global-color-5)","background-image":"","background-repeat":"repeat","background-position":"center center","background-size":"auto","background-attachment":"scroll","background-type":"","background-media":"","overlay-type":"","overlay-color":"","overlay-gradient":""}},"footnotes":""},"uagb_featured_image_src":{"full":false,"thumbnail":false,"medium":false,"medium_large":false,"large":false,"1536x1536":false,"2048x2048":false,"trp-custom-language-flag":false},"uagb_author_info":{"display_name":"SOE","author_link":"https:\/\/supcom.standardof.net\/es\/author\/k-tastic\/"},"uagb_comment_info":0,"uagb_excerpt":"FLYING EYES \u2013 AIR SCOUT The Air Scout is extremely inexpensive, and it&#8217;s this virtue that makes it useful. While an interceptor will often get farther into an enemy base, a single air scout in your build queue will let you stockpile a set of scouts that can crisscross the map looking for a lightly&hellip;","_links":{"self":[{"href":"https:\/\/supcom.standardof.net\/es\/wp-json\/wp\/v2\/pages\/587"}],"collection":[{"href":"https:\/\/supcom.standardof.net\/es\/wp-json\/wp\/v2\/pages"}],"about":[{"href":"https:\/\/supcom.standardof.net\/es\/wp-json\/wp\/v2\/types\/page"}],"author":[{"embeddable":true,"href":"https:\/\/supcom.standardof.net\/es\/wp-json\/wp\/v2\/users\/1"}],"replies":[{"embeddable":true,"href":"https:\/\/supcom.standardof.net\/es\/wp-json\/wp\/v2\/comments?post=587"}],"version-history":[{"count":0,"href":"https:\/\/supcom.standardof.net\/es\/wp-json\/wp\/v2\/pages\/587\/revisions"}],"up":[{"embeddable":true,"href":"https:\/\/supcom.standardof.net\/es\/wp-json\/wp\/v2\/pages\/538"}],"wp:attachment":[{"href":"https:\/\/supcom.standardof.net\/es\/wp-json\/wp\/v2\/media?parent=587"}],"curies":[{"name":"wp","href":"https:\/\/api.w.org\/{rel}","templated":true}]}}