{"id":595,"date":"2020-11-02T14:01:37","date_gmt":"2020-11-02T19:01:37","guid":{"rendered":"https:\/\/supcom.standardof.net\/?page_id=595"},"modified":"2020-11-04T00:32:10","modified_gmt":"2020-11-04T05:32:10","slug":"cybran-tech-2-air-units","status":"publish","type":"page","link":"https:\/\/supcom.standardof.net\/es\/supreme-commander\/cybran-2\/cybran-tech-2-unidades-aereas\/","title":{"rendered":"Unidades a\u00e9reas Cybran Tech 2"},"content":{"rendered":"<div class=\"wp-block-uagb-table-of-contents uagb-toc__align-left uagb-toc__columns-1  uagb-block-d5429dc6\"\n\t\t\t\t\tdata-scroll= \"1\"\n\t\t\t\t\tdata-offset= \"30\"\n\t\t\t\t\tstyle=\"\"\n\t\t\t\t>\n\t\t\t\t<div class=\"uagb-toc__wrap\">\n\t\t\t\t\t\t<div class=\"uagb-toc__title\">\n\t\t\t\t\t\t\tUnidades a\u00e9reas Cybran Tech 2:\t\t\t\t\t\t<\/div>\n\t\t\t\t\t\t\t\t\t\t\t\t\t\t\t\t<div class=\"uagb-toc__list-wrap\">\n\t\t\t\t\t\t<ol class=\"uagb-toc__list\"><li class=\"uagb-toc__list\"><a href=\"#corsair-bomber\" class=\"uagb-toc-link__trigger\">CORSAIR - BOMBER<\/a><li class=\"uagb-toc__list\"><a href=\"#cormorant-torpedo-bomber\" class=\"uagb-toc-link__trigger\">CORMORANT - TORPEDO BOMBER<\/a><li class=\"uagb-toc__list\"><a href=\"#renegade-gunship\" class=\"uagb-toc-link__trigger\">RENEGADE - GUNSHIP<\/a><li class=\"uagb-toc__list\"><a href=\"#dragon-fly-air-transport\" class=\"uagb-toc-link__trigger\">DRAGON FLY - TRANSPORTE A\u00c9REO<\/a><\/ol>\t\t\t\t\t<\/div>\n\t\t\t\t\t\t\t\t\t<\/div>\n\t\t\t\t<\/div>\n\t\t\t\n\n\n<section class=\"wp-block-uagb-columns uagb-columns__wrap uagb-columns__background-undefined uagb-columns__stack-mobile uagb-columns__valign-undefined uagb-columns__gap-10 alignundefined uagb-block-02318b53\"><div class=\"uagb-columns__overlay\"><\/div><div class=\"uagb-columns__inner-wrap uagb-columns__columns-1\">\n<div class=\"wp-block-uagb-column uagb-column__wrap uagb-column__background-undefined uagb-block-6f666e00\"><div class=\"uagb-column__overlay\"><\/div><div class=\"uagb-column__inner-wrap\">\n<h2 class=\"wp-block-heading\"><strong>CORSARIO <\/strong>- BOMBER<\/h2>\n\n\n\n<p><a href=\"https:\/\/www.standardof.net\/wp-content\/uploads\/2012\/12\/Corsair-Bomber.png\" class=\"rank-math-link\" target=\"_blank\" rel=\"noopener\"><\/a>El Corsair llena un nicho muy peque\u00f1o: usar tu superioridad a\u00e9rea para matar unidades terrestres cuando a\u00fan no necesitas bombarderos estrat\u00e9gicos T3. Son m\u00e1s poderosos que las ca\u00f1oneras, pero su amplio arco despu\u00e9s de lanzar sus misiles de racimo significa que solo se puede confiar en ellos para hacer una pasada, a diferencia de las ca\u00f1oneras. Si bien est\u00e1n bien contra las estructuras (es posible que tengas que construirlas para eliminar un punto cr\u00edtico, pero de lo contrario no lo intentes), son excelentes para llenar los cielos amigos contra las unidades terrestres. \u00c9ste no cambiar\u00e1 la cara de la guerra.<\/p>\n\n\n\n<div class=\"wp-block-image\"><figure class=\"aligncenter size-large\"><a href=\"https:\/\/supcom.standardof.net\/es\/supreme-commander\/cybran-2\/cybran-tech-2-unidades-aereas\/corsair-bomber-supreme-commander-cybran-tech-2-air-units\/\"><img decoding=\"async\" width=\"800\" height=\"586\" src=\"https:\/\/supcom.standardof.net\/wp-content\/uploads\/sites\/8\/2020\/11\/Corsair-Bomber-Supreme-Commander-Cybran-Tech-2-Air-Units-800x586.jpg\" alt=\"El bombardero Corsair, unidad a\u00e9rea Cybran Tech 2 en Supreme Commander.\" class=\"wp-image-599\" srcset=\"https:\/\/supcom.standardof.net\/wp-content\/uploads\/sites\/8\/2020\/11\/Corsair-Bomber-Supreme-Commander-Cybran-Tech-2-Air-Units-800x586.jpg 800w, https:\/\/supcom.standardof.net\/wp-content\/uploads\/sites\/8\/2020\/11\/Corsair-Bomber-Supreme-Commander-Cybran-Tech-2-Air-Units-512x375.jpg 512w, https:\/\/supcom.standardof.net\/wp-content\/uploads\/sites\/8\/2020\/11\/Corsair-Bomber-Supreme-Commander-Cybran-Tech-2-Air-Units-200x146.jpg 200w, https:\/\/supcom.standardof.net\/wp-content\/uploads\/sites\/8\/2020\/11\/Corsair-Bomber-Supreme-Commander-Cybran-Tech-2-Air-Units-768x562.jpg 768w, https:\/\/supcom.standardof.net\/wp-content\/uploads\/sites\/8\/2020\/11\/Corsair-Bomber-Supreme-Commander-Cybran-Tech-2-Air-Units-16x12.jpg 16w, https:\/\/supcom.standardof.net\/wp-content\/uploads\/sites\/8\/2020\/11\/Corsair-Bomber-Supreme-Commander-Cybran-Tech-2-Air-Units.jpg 866w\" sizes=\"(max-width: 800px) 100vw, 800px\" \/><\/a><figcaption>CORSAIR - BOMBER<\/figcaption><\/figure><\/div>\n\n\n\n<section class=\"wp-block-uagb-columns uagb-columns__wrap uagb-columns__background-undefined uagb-columns__stack-mobile uagb-columns__valign-undefined uagb-columns__gap-10 alignundefined uagb-block-2535499c\"><div class=\"uagb-columns__overlay\"><\/div><div class=\"uagb-columns__inner-wrap uagb-columns__columns-2\">\n<div class=\"wp-block-uagb-column uagb-column__wrap uagb-column__background-undefined uagb-block-2ff279f0\"><div class=\"uagb-column__overlay\"><\/div><div class=\"uagb-column__inner-wrap\">\n<h3 class=\"wp-block-heading\">Estad\u00edsticas de Corsair<\/h3>\n\n\n\n<p><strong>Armadura:<\/strong> 60 CV (ligero)<br><strong>Costo:<\/strong> M432, E8640, T1440<br><strong>Intel<\/strong><br>&nbsp;&nbsp;&nbsp;&nbsp; vista: 32 (625m)<br><strong>F\u00edsica<\/strong><br>&nbsp;&nbsp;&nbsp;&nbsp; velocidad m\u00e1xima: 14 (273 m \/ s)<br>&nbsp;&nbsp;&nbsp;&nbsp; elevaci\u00f3n: 18 (352m)<br>&nbsp;&nbsp;&nbsp;&nbsp; distancia de acoplamiento: 50 (977 m)<br>&nbsp;&nbsp;&nbsp;&nbsp; velocidad de giro: 0,6<br><strong>Clase de transporte:<\/strong> 2<br><strong>Veterancia:<\/strong> 5, 10, 25, 50, 100 muertes<br><em>* veterano nivel 2: +19 CV<br>* veterano nivel 4: +19 CV<br>* veterano nivel 5: repara 1 hp \/ s<\/em><\/p>\n<\/div><\/div>\n\n\n\n<div class=\"wp-block-uagb-column uagb-column__wrap uagb-column__background-undefined uagb-block-8babab91\"><div class=\"uagb-column__overlay\"><\/div><div class=\"uagb-column__inner-wrap\">\n<h3 class=\"wp-block-heading\">Armas de corsario<\/h3>\n\n\n\n<p><strong>Lanzador de misiles corsario<\/strong> (Fuego directo, normal)&nbsp;&nbsp;<br>&nbsp;&nbsp;&nbsp;&nbsp; 80,00 dps<br><strong>zona:<\/strong> 2 (39,1 m)<br><strong>rango:<\/strong> 45 (879m)<br><strong>arma de proyectil:<\/strong> 200 da\u00f1os<br>&nbsp;&nbsp;&nbsp;&nbsp; x 4 proyectiles = 800 da\u00f1os<br><strong>cadencia de fuego:<\/strong> 0,1 (cada 10 s)<br><em>* veterano nivel 1: +50 de da\u00f1o<br>* veterano nivel 3: +50 de da\u00f1o<\/em><br><strong>Accidente a\u00e9reo<\/strong> (Muerte)<br>&nbsp;&nbsp;&nbsp;&nbsp; 200 da\u00f1os<br><strong>zona:<\/strong> 1 (19,5 m)<\/p>\n<\/div><\/div>\n<\/div><\/section>\n<\/div><\/div>\n<\/div><\/section>\n\n\n\n<section class=\"wp-block-uagb-columns uagb-columns__wrap uagb-columns__background-undefined uagb-columns__stack-mobile uagb-columns__valign-undefined uagb-columns__gap-10 alignundefined uagb-block-04faaac1\"><div class=\"uagb-columns__overlay\"><\/div><div class=\"uagb-columns__inner-wrap uagb-columns__columns-1\">\n<div class=\"wp-block-uagb-column uagb-column__wrap uagb-column__background-undefined uagb-block-d88af5f2\"><div class=\"uagb-column__overlay\"><\/div><div class=\"uagb-column__inner-wrap\">\n<h2 class=\"wp-block-heading\"><strong>CORMOR\u00c1N <\/strong>- BOMBARDERO TORPEDO<\/h2>\n\n\n\n<p><a href=\"https:\/\/www.standardof.net\/wp-content\/uploads\/2012\/12\/Cormorant-Torpedo-Bomber.png\" class=\"rank-math-link\" target=\"_blank\" rel=\"noopener\"><\/a>Los bombarderos torpederos son casi in\u00fatiles. Cuestan mucha masa para una unidad que va en una misi\u00f3n suicida de todos modos (ya que la mayor\u00eda de los barcos tienen defensas a\u00e9reas decentes), su torpedo puede ser derribado por barcos enemigos y su trayectoria de vuelo similar a un bombardero hace que sea m\u00e1s probable que se desv\u00eden hacia la base enemiga que una ca\u00f1onera. Si no puede establecerse en el oc\u00e9ano y necesita limpiar los paquetes de caza secundaria, construya una docena de estos; de lo contrario, ap\u00e9gate a los ca\u00f1oneros.<\/p>\n\n\n\n<div class=\"wp-block-image\"><figure class=\"aligncenter size-large\"><a href=\"https:\/\/supcom.standardof.net\/es\/supreme-commander\/cybran-2\/cybran-tech-2-unidades-aereas\/cormorant-torpedo-bomber-supreme-commander-cybran-tech-2-air-units\/\"><img decoding=\"async\" width=\"568\" height=\"430\" src=\"https:\/\/supcom.standardof.net\/wp-content\/uploads\/sites\/8\/2020\/11\/Cormorant-Torpedo-Bomber-Supreme-Commander-Cybran-Tech-2-Air-Units.jpg\" alt=\"El Cormorant Torpedo Bomber, Cybran Tech 2 Air Unit en Supreme Commander.\" class=\"wp-image-598\" srcset=\"https:\/\/supcom.standardof.net\/wp-content\/uploads\/sites\/8\/2020\/11\/Cormorant-Torpedo-Bomber-Supreme-Commander-Cybran-Tech-2-Air-Units.jpg 568w, https:\/\/supcom.standardof.net\/wp-content\/uploads\/sites\/8\/2020\/11\/Cormorant-Torpedo-Bomber-Supreme-Commander-Cybran-Tech-2-Air-Units-512x388.jpg 512w, https:\/\/supcom.standardof.net\/wp-content\/uploads\/sites\/8\/2020\/11\/Cormorant-Torpedo-Bomber-Supreme-Commander-Cybran-Tech-2-Air-Units-200x151.jpg 200w, https:\/\/supcom.standardof.net\/wp-content\/uploads\/sites\/8\/2020\/11\/Cormorant-Torpedo-Bomber-Supreme-Commander-Cybran-Tech-2-Air-Units-16x12.jpg 16w\" sizes=\"(max-width: 568px) 100vw, 568px\" \/><\/a><figcaption>CORMORANT - TORPEDO BOMBER<\/figcaption><\/figure><\/div>\n\n\n\n<section class=\"wp-block-uagb-columns uagb-columns__wrap uagb-columns__background-undefined uagb-columns__stack-mobile uagb-columns__valign-undefined uagb-columns__gap-10 alignundefined uagb-block-aa4f9c3d\"><div class=\"uagb-columns__overlay\"><\/div><div class=\"uagb-columns__inner-wrap uagb-columns__columns-2\">\n<div class=\"wp-block-uagb-column uagb-column__wrap uagb-column__background-undefined uagb-block-de1ad311\"><div class=\"uagb-column__overlay\"><\/div><div class=\"uagb-column__inner-wrap\">\n<h3 class=\"wp-block-heading\">Estad\u00edsticas de cormor\u00e1n<\/h3>\n\n\n\n<p><strong>Armadura:<\/strong> 115 CV (ligero)<br><strong>Habilidades:<\/strong> Sonar<br><strong>Costo:<\/strong> M550, E6600 y T1000<br><strong>Intel<\/strong><br>&nbsp;&nbsp;&nbsp;&nbsp; vista: 32 (625m)<br>&nbsp;&nbsp;&nbsp;&nbsp; sonar: 40 (781 m)<br><strong>F\u00edsica<\/strong><br>&nbsp;&nbsp;&nbsp;&nbsp; velocidad m\u00e1xima: 15 (293 m \/ s)<br>&nbsp;&nbsp;&nbsp;&nbsp; elevaci\u00f3n: 18 (352m)<br>&nbsp;&nbsp;&nbsp;&nbsp; distancia de acoplamiento: 75 (1,46 km)<br><strong>Clase de transporte:<\/strong> 2<br><strong>Veterancia: <\/strong>15, 30, 75, 150, 300 muertes<br><em>* veterano nivel 2: +29 CV<br>* veterano nivel 4: +29 CV<br>* veterano nivel 5: repara 1 hp \/ s<\/em><\/p>\n<\/div><\/div>\n\n\n\n<div class=\"wp-block-uagb-column uagb-column__wrap uagb-column__background-undefined uagb-block-6e572f90\"><div class=\"uagb-column__overlay\"><\/div><div class=\"uagb-column__inner-wrap\">\n<h3 class=\"wp-block-heading\">Armas de cormor\u00e1n<\/h3>\n\n\n\n<p><strong>Torpedo de nanita<\/strong> (Anti Marina)<br>&nbsp;&nbsp;&nbsp;&nbsp; 130,00 dps<br><strong>rango:<\/strong> 4 (78,1 m) - 19 (371 m)<br><strong>arma de proyectil:<\/strong> 325<br>&nbsp;&nbsp;&nbsp;&nbsp; (5 veces 65 de da\u00f1o durante 1 segundo)<br>&nbsp;&nbsp;&nbsp;&nbsp; x 2 proyectiles = 650 de da\u00f1o por salva<br><strong>cadencia de fuego:<\/strong> 0,2 (cada 5 s)<br><strong>disparo aleatorio:<\/strong> 3<br><em>* veterano nivel 1: +16 de da\u00f1o<br>* veterano nivel 3: +16 de da\u00f1o<\/em><br><strong>Accidente a\u00e9reo<\/strong> (Muerte)<br>&nbsp;&nbsp;&nbsp;&nbsp; 150 da\u00f1os<br><strong>zona:<\/strong> 1 (19,5 m)<\/p>\n<\/div><\/div>\n<\/div><\/section>\n<\/div><\/div>\n<\/div><\/section>\n\n\n\n<section class=\"wp-block-uagb-columns uagb-columns__wrap uagb-columns__background-undefined uagb-columns__stack-mobile uagb-columns__valign-undefined uagb-columns__gap-10 alignundefined uagb-block-5ac7b721\"><div class=\"uagb-columns__overlay\"><\/div><div class=\"uagb-columns__inner-wrap uagb-columns__columns-1\">\n<div class=\"wp-block-uagb-column uagb-column__wrap uagb-column__background-undefined uagb-block-d49e552b\"><div class=\"uagb-column__overlay\"><\/div><div class=\"uagb-column__inner-wrap\">\n<h2 class=\"wp-block-heading\"><strong>RENEGADO <\/strong>- ARMA<\/h2>\n\n\n\n<p><a href=\"https:\/\/www.standardof.net\/wp-content\/uploads\/2012\/12\/Renegade-Gunship.png\" class=\"rank-math-link\" target=\"_blank\" rel=\"noopener\"><\/a>La ca\u00f1onera Cybran dispara tres cohetes en un \u00e1rea peque\u00f1a, lo que ayuda cuando se trata de golpear unidades m\u00f3viles, pero no siempre asegurar\u00e1 que obtenga los 60 da\u00f1os completos. Las ca\u00f1oneras en general son una seria amenaza, aunque son muy vulnerables al antia\u00e9reo cuando atacan. Son la raz\u00f3n n\u00famero uno para construir interceptores, para que tus ca\u00f1oneras puedan deambular, obligando al oponente a luchar por cada parche masivo y defender su base.<\/p>\n\n\n\n<div class=\"wp-block-image\"><figure class=\"aligncenter size-large\"><a href=\"https:\/\/supcom.standardof.net\/es\/supreme-commander\/cybran-2\/cybran-tech-2-unidades-aereas\/renegade-gunship-supreme-commander-cybran-tech-2-air-units\/\"><img decoding=\"async\" width=\"534\" height=\"446\" src=\"https:\/\/supcom.standardof.net\/wp-content\/uploads\/sites\/8\/2020\/11\/Renegade-Gunship-Supreme-Commander-Cybran-Tech-2-Air-Units.jpg\" alt=\"El Renegade Gunship, Cybran Tech 2 Air Unit en Supreme Commander.\" class=\"wp-image-597\" srcset=\"https:\/\/supcom.standardof.net\/wp-content\/uploads\/sites\/8\/2020\/11\/Renegade-Gunship-Supreme-Commander-Cybran-Tech-2-Air-Units.jpg 534w, https:\/\/supcom.standardof.net\/wp-content\/uploads\/sites\/8\/2020\/11\/Renegade-Gunship-Supreme-Commander-Cybran-Tech-2-Air-Units-512x428.jpg 512w, https:\/\/supcom.standardof.net\/wp-content\/uploads\/sites\/8\/2020\/11\/Renegade-Gunship-Supreme-Commander-Cybran-Tech-2-Air-Units-200x167.jpg 200w, https:\/\/supcom.standardof.net\/wp-content\/uploads\/sites\/8\/2020\/11\/Renegade-Gunship-Supreme-Commander-Cybran-Tech-2-Air-Units-14x12.jpg 14w\" sizes=\"(max-width: 534px) 100vw, 534px\" \/><\/a><figcaption>RENEGADE - GUNSHIP<\/figcaption><\/figure><\/div>\n\n\n\n<section class=\"wp-block-uagb-columns uagb-columns__wrap uagb-columns__background-undefined uagb-columns__stack-mobile uagb-columns__valign-undefined uagb-columns__gap-10 alignundefined uagb-block-5a284977\"><div class=\"uagb-columns__overlay\"><\/div><div class=\"uagb-columns__inner-wrap uagb-columns__columns-2\">\n<div class=\"wp-block-uagb-column uagb-column__wrap uagb-column__background-undefined uagb-block-060e4e11\"><div class=\"uagb-column__overlay\"><\/div><div class=\"uagb-column__inner-wrap\">\n<h3 class=\"wp-block-heading\">Estad\u00edsticas de Renegade<\/h3>\n\n\n\n<p><strong>Armadura:<\/strong> 120 CV (ligero)<br><strong>Costo:<\/strong> M390, E7800, T1300<br><strong>Intel<\/strong><br>&nbsp;&nbsp;&nbsp;&nbsp; vista: 32 (625m)<br><strong>F\u00edsica<\/strong><br>&nbsp;&nbsp;&nbsp;&nbsp; velocidad m\u00e1xima: 12 (234 m \/ s)<br>  &nbsp;&nbsp; elevaci\u00f3n: 10 (195m)<br><strong>Clase de transporte:<\/strong> 2<strong><br>Veterancia:<\/strong> 15, 30, 75, 150, 300 muertes<br><em>* veterano nivel 2: +30 CV<br>* veterano nivel 4: +30 CV<br>* veterano nivel 5: repara 1 hp \/ s<\/em><\/p>\n<\/div><\/div>\n\n\n\n<div class=\"wp-block-uagb-column uagb-column__wrap uagb-column__background-undefined uagb-block-6642ec6b\"><div class=\"uagb-column__overlay\"><\/div><div class=\"uagb-column__inner-wrap\">\n<h3 class=\"wp-block-heading\">Armas renegadas<\/h3>\n\n\n\n<p><strong>Paquete de cohetes de iridio<\/strong> (Fuego directo)<br>&nbsp;&nbsp;&nbsp;&nbsp; 60,00 dps<br><strong>zona:<\/strong> 3 (58,6 m)<br><strong>rango:<\/strong> 22 (430 m)<br><strong>arma de proyectil:<\/strong> 20 da\u00f1os<br>&nbsp;&nbsp;&nbsp;&nbsp; x 3 proyectiles = 60 de da\u00f1o por salva<br><strong>cadencia de fuego:<\/strong> 1 (cada 1s)<br><em>* veterano nivel 1: +5 de da\u00f1o<br>* veterano nivel 3: +5 de da\u00f1o<\/em><\/p>\n\n\n\n<p><strong>Accidente a\u00e9reo<\/strong> (Muerte)<br>&nbsp;&nbsp;&nbsp;&nbsp; 100 da\u00f1os<br><strong>zona:<\/strong> 1 (19,5 m)<\/p>\n<\/div><\/div>\n<\/div><\/section>\n<\/div><\/div>\n<\/div><\/section>\n\n\n\n<section class=\"wp-block-uagb-columns uagb-columns__wrap uagb-columns__background-undefined uagb-columns__stack-mobile uagb-columns__valign-undefined uagb-columns__gap-10 alignundefined uagb-block-53872225\"><div class=\"uagb-columns__overlay\"><\/div><div class=\"uagb-columns__inner-wrap uagb-columns__columns-1\">\n<div class=\"wp-block-uagb-column uagb-column__wrap uagb-column__background-undefined uagb-block-ceb11886\"><div class=\"uagb-column__overlay\"><\/div><div class=\"uagb-column__inner-wrap\">\n<h2 class=\"wp-block-heading\"><strong>MOSCA DEL DRAG\u00d3N<\/strong> - TRANSPORTE A\u00c9REO<\/h2>\n\n\n\n<p><a href=\"https:\/\/www.standardof.net\/wp-content\/uploads\/2012\/12\/Dragon-Fly-Air-Transport.png\" class=\"rank-math-link\" target=\"_blank\" rel=\"noopener\"><\/a>Si bien es bueno que el transporte a\u00e9reo pueda defenderse por s\u00ed mismo, su principal m\u00e9todo de defensa es su blindaje &quot;pesado&quot;, que le permite tomar un par de disparos desde las defensas a\u00e9reas y a\u00fan as\u00ed dejar caer su carga. Llevan el doble de unidades que un transporte T1: 12 tipos T1, 6 tipos T2, 3 tipos T3 o una ACU \/ SCU. Si su Comandante est\u00e1 siendo transportado, no morir\u00e1 con el transporte a\u00e9reo. El disparo paralizante de Cybran no marca la diferencia, pero es agradable so\u00f1ar.<\/p>\n\n\n\n<div class=\"wp-block-image\"><figure class=\"aligncenter size-large\"><a href=\"https:\/\/supcom.standardof.net\/es\/supreme-commander\/cybran-2\/cybran-tech-2-unidades-aereas\/dragon-fly-air-transport-supreme-commander-cybran-tech-2-air-units\/\"><img decoding=\"async\" width=\"546\" height=\"444\" src=\"https:\/\/supcom.standardof.net\/wp-content\/uploads\/sites\/8\/2020\/11\/Dragon-Fly-Air-Transport-Supreme-Commander-Cybran-Tech-2-Air-Units.jpg\" alt=\"El transporte a\u00e9reo Dragon Fly, Cybran Tech 2 Air Unit en Supreme Commander.\" class=\"wp-image-600\" srcset=\"https:\/\/supcom.standardof.net\/wp-content\/uploads\/sites\/8\/2020\/11\/Dragon-Fly-Air-Transport-Supreme-Commander-Cybran-Tech-2-Air-Units.jpg 546w, https:\/\/supcom.standardof.net\/wp-content\/uploads\/sites\/8\/2020\/11\/Dragon-Fly-Air-Transport-Supreme-Commander-Cybran-Tech-2-Air-Units-512x416.jpg 512w, https:\/\/supcom.standardof.net\/wp-content\/uploads\/sites\/8\/2020\/11\/Dragon-Fly-Air-Transport-Supreme-Commander-Cybran-Tech-2-Air-Units-200x163.jpg 200w, https:\/\/supcom.standardof.net\/wp-content\/uploads\/sites\/8\/2020\/11\/Dragon-Fly-Air-Transport-Supreme-Commander-Cybran-Tech-2-Air-Units-16x12.jpg 16w\" sizes=\"(max-width: 546px) 100vw, 546px\" \/><\/a><figcaption>DRAGON FLY - TRANSPORTE A\u00c9REO<\/figcaption><\/figure><\/div>\n\n\n\n<section class=\"wp-block-uagb-columns uagb-columns__wrap uagb-columns__background-undefined uagb-columns__stack-mobile uagb-columns__valign-undefined uagb-columns__gap-10 alignundefined uagb-block-4aa1f21f\"><div class=\"uagb-columns__overlay\"><\/div><div class=\"uagb-columns__inner-wrap uagb-columns__columns-2\">\n<div class=\"wp-block-uagb-column uagb-column__wrap uagb-column__background-undefined uagb-block-b55b8e55\"><div class=\"uagb-column__overlay\"><\/div><div class=\"uagb-column__inner-wrap\">\n<h3 class=\"wp-block-heading\">Estad\u00edsticas de Dragon Fly<\/h3>\n\n\n\n<p><strong>Armadura:<\/strong> 212hp (ligero)<br><strong>Habilidades:<\/strong> Transporte (lleva unidades terrestres T1-T3), Disparo aturdidor (la ordenanza aturde a los enemigos)<br><strong>Costo:<\/strong> M320, E12800, T1600<br><strong>Intel<\/strong><br>&nbsp;&nbsp;&nbsp;&nbsp; vista: 32 (625m)<br><strong>F\u00edsica<\/strong><br>&nbsp;&nbsp;&nbsp;&nbsp; velocidad m\u00e1xima: 18 (352 m \/ s)<br>&nbsp;&nbsp;&nbsp;&nbsp; elevaci\u00f3n: 10 (195m)<br><strong>Espacio de transporte:<\/strong> 12<br>&nbsp;&nbsp;&nbsp;&nbsp; clase 2 adjuntar tama\u00f1o: 2<br>&nbsp;&nbsp;&nbsp;&nbsp; clase 3 adjuntar tama\u00f1o: 4<br><strong>Veterancia:<\/strong> 15, 30, 75, 150, 300 muertes<br><em>* veterano nivel 2: +23 CV<br>* veterano nivel 4: +23 CV<br>* veterano nivel 5: repara 1 hp \/ s<\/em><\/p>\n<\/div><\/div>\n\n\n\n<div class=\"wp-block-uagb-column uagb-column__wrap uagb-column__background-undefined uagb-block-7076791e\"><div class=\"uagb-column__overlay\"><\/div><div class=\"uagb-column__inner-wrap\">\n<h3 class=\"wp-block-heading\">Armas Dragon Fly<\/h3>\n\n\n\n<p><strong>L\u00e1ser de pulso desintegrador <\/strong><br>    (Fuego directo)<br>&nbsp;&nbsp;&nbsp;&nbsp; 0 da\u00f1os (aturdimientos)<\/p>\n\n\n\n<p><strong>Ca\u00f1\u00f3n autom\u00e1tico de electrones<\/strong><br>     (Anti aire)<br>&nbsp;&nbsp;&nbsp;&nbsp; 15,00 dps<br>alcance: 20 (391m)<br>arma de proyectil: 5 da\u00f1os<br>cadencia de fuego: 3 (cada 0,33 s)<\/p>\n<\/div><\/div>\n<\/div><\/section>\n<\/div><\/div>\n<\/div><\/section>","protected":false},"excerpt":{"rendered":"<p>CORSAIR \u2013 BOMBER The Corsair fills a very small niche: using your air superiority to kill ground units when you don&#8217;t yet need T3 strategic bombers. They&#8217;re more powerful than gunships, but their wide arc after dropping their cluster missiles means that they can only be relied on to make one pass, unlike gunships. While [&hellip;]<\/p>","protected":false},"author":1,"featured_media":0,"parent":538,"menu_order":0,"comment_status":"open","ping_status":"closed","template":"","meta":{"_uag_custom_page_level_css":"","site-sidebar-layout":"default","site-content-layout":"default","ast-site-content-layout":"","site-content-style":"default","site-sidebar-style":"default","ast-global-header-display":"","ast-banner-title-visibility":"","ast-main-header-display":"","ast-hfb-above-header-display":"","ast-hfb-below-header-display":"","ast-hfb-mobile-header-display":"","site-post-title":"","ast-breadcrumbs-content":"","ast-featured-img":"","footer-sml-layout":"","theme-transparent-header-meta":"default","adv-header-id-meta":"","stick-header-meta":"","header-above-stick-meta":"","header-main-stick-meta":"","header-below-stick-meta":"","astra-migrate-meta-layouts":"default","ast-page-background-enabled":"default","ast-page-background-meta":{"desktop":{"background-color":"","background-image":"","background-repeat":"repeat","background-position":"center center","background-size":"auto","background-attachment":"scroll","background-type":"","background-media":"","overlay-type":"","overlay-color":"","overlay-gradient":""},"tablet":{"background-color":"","background-image":"","background-repeat":"repeat","background-position":"center center","background-size":"auto","background-attachment":"scroll","background-type":"","background-media":"","overlay-type":"","overlay-color":"","overlay-gradient":""},"mobile":{"background-color":"","background-image":"","background-repeat":"repeat","background-position":"center center","background-size":"auto","background-attachment":"scroll","background-type":"","background-media":"","overlay-type":"","overlay-color":"","overlay-gradient":""}},"ast-content-background-meta":{"desktop":{"background-color":"var(--ast-global-color-5)","background-image":"","background-repeat":"repeat","background-position":"center center","background-size":"auto","background-attachment":"scroll","background-type":"","background-media":"","overlay-type":"","overlay-color":"","overlay-gradient":""},"tablet":{"background-color":"var(--ast-global-color-5)","background-image":"","background-repeat":"repeat","background-position":"center center","background-size":"auto","background-attachment":"scroll","background-type":"","background-media":"","overlay-type":"","overlay-color":"","overlay-gradient":""},"mobile":{"background-color":"var(--ast-global-color-5)","background-image":"","background-repeat":"repeat","background-position":"center center","background-size":"auto","background-attachment":"scroll","background-type":"","background-media":"","overlay-type":"","overlay-color":"","overlay-gradient":""}},"footnotes":""},"uagb_featured_image_src":{"full":false,"thumbnail":false,"medium":false,"medium_large":false,"large":false,"1536x1536":false,"2048x2048":false,"trp-custom-language-flag":false},"uagb_author_info":{"display_name":"SOE","author_link":"https:\/\/supcom.standardof.net\/es\/author\/k-tastic\/"},"uagb_comment_info":0,"uagb_excerpt":"CORSAIR \u2013 BOMBER The Corsair fills a very small niche: using your air superiority to kill ground units when you don&#8217;t yet need T3 strategic bombers. They&#8217;re more powerful than gunships, but their wide arc after dropping their cluster missiles means that they can only be relied on to make one pass, unlike gunships. While&hellip;","_links":{"self":[{"href":"https:\/\/supcom.standardof.net\/es\/wp-json\/wp\/v2\/pages\/595"}],"collection":[{"href":"https:\/\/supcom.standardof.net\/es\/wp-json\/wp\/v2\/pages"}],"about":[{"href":"https:\/\/supcom.standardof.net\/es\/wp-json\/wp\/v2\/types\/page"}],"author":[{"embeddable":true,"href":"https:\/\/supcom.standardof.net\/es\/wp-json\/wp\/v2\/users\/1"}],"replies":[{"embeddable":true,"href":"https:\/\/supcom.standardof.net\/es\/wp-json\/wp\/v2\/comments?post=595"}],"version-history":[{"count":0,"href":"https:\/\/supcom.standardof.net\/es\/wp-json\/wp\/v2\/pages\/595\/revisions"}],"up":[{"embeddable":true,"href":"https:\/\/supcom.standardof.net\/es\/wp-json\/wp\/v2\/pages\/538"}],"wp:attachment":[{"href":"https:\/\/supcom.standardof.net\/es\/wp-json\/wp\/v2\/media?parent=595"}],"curies":[{"name":"wp","href":"https:\/\/api.w.org\/{rel}","templated":true}]}}