{"id":603,"date":"2020-11-02T14:10:13","date_gmt":"2020-11-02T19:10:13","guid":{"rendered":"https:\/\/supcom.standardof.net\/?page_id=603"},"modified":"2020-11-04T00:32:22","modified_gmt":"2020-11-04T05:32:22","slug":"cybran-tech-3-air-units","status":"publish","type":"page","link":"https:\/\/supcom.standardof.net\/es\/supreme-commander\/cybran-2\/cybran-tech-3-unidades-aereas\/","title":{"rendered":"Unidades a\u00e9reas Cybran Tech 3"},"content":{"rendered":"<div class=\"wp-block-uagb-table-of-contents uagb-toc__align-left uagb-toc__columns-1  uagb-block-9f92f94c\"\n\t\t\t\t\tdata-scroll= \"1\"\n\t\t\t\t\tdata-offset= \"30\"\n\t\t\t\t\tstyle=\"\"\n\t\t\t\t>\n\t\t\t\t<div class=\"uagb-toc__wrap\">\n\t\t\t\t\t\t<div class=\"uagb-toc__title\">\n\t\t\t\t\t\t\tUnidades a\u00e9reas Cybran Tech 3:\t\t\t\t\t\t<\/div>\n\t\t\t\t\t\t\t\t\t\t\t\t\t\t\t\t<div class=\"uagb-toc__list-wrap\">\n\t\t\t\t\t\t<ol class=\"uagb-toc__list\"><li class=\"uagb-toc__list\"><a href=\"#spook-spy-plane\" class=\"uagb-toc-link__trigger\">SPOOK - ESP\u00cdA AVI\u00d3N<\/a><li class=\"uagb-toc__list\"><a href=\"#gemini-air-superiority-fighter\" class=\"uagb-toc-link__trigger\">GEMINIS - COMBATE POR LA SUPERIORIDAD A\u00c9REA<\/a><li class=\"uagb-toc__list\"><a href=\"#revenant-strategic-bomber\" class=\"uagb-toc-link__trigger\">REVENANT - BOMBER ESTRAT\u00c9GICO<\/a><\/ol>\t\t\t\t\t<\/div>\n\t\t\t\t\t\t\t\t\t<\/div>\n\t\t\t\t<\/div>\n\t\t\t\n\n\n<section class=\"wp-block-uagb-columns uagb-columns__wrap uagb-columns__background-undefined uagb-columns__stack-mobile uagb-columns__valign-undefined uagb-columns__gap-10 alignundefined uagb-block-6942c4ed\"><div class=\"uagb-columns__overlay\"><\/div><div class=\"uagb-columns__inner-wrap uagb-columns__columns-1\">\n<div class=\"wp-block-uagb-column uagb-column__wrap uagb-column__background-undefined uagb-block-a6604325\"><div class=\"uagb-column__overlay\"><\/div><div class=\"uagb-column__inner-wrap\">\n<h2 class=\"wp-block-heading\"><strong>ESPECTRO <\/strong>- ESP\u00cdA AVI\u00d3N<\/h2>\n\n\n\n<p><a href=\"https:\/\/www.standardof.net\/wp-content\/uploads\/2012\/12\/Spook-Spy-Plane.png\" class=\"rank-math-link\" target=\"_blank\" rel=\"noopener\"><\/a>El avi\u00f3n esp\u00eda no es barato, pero vale la pena cada centavo por tener uno por si acaso. Los Cybrans, siempre buenos exploradores, obtienen cobertura de sonar y la capacidad de sigilo que evita que los paquetes de interceptores enemigos cacen tu costoso avi\u00f3n indefenso. Nunca est\u00e1 de m\u00e1s tener uno patrullando a trav\u00e9s de cualquier lugar donde su enemigo pueda estar acerc\u00e1ndose, o al otro lado del borde de la base enemiga. Vuelan alto, por lo que los sitios SAM tardan un tiempo en golpearlos y ver\u00e1s m\u00e1s profundamente en la base enemiga. Su habilidad omnidireccional les permite explorar en busca de lanzadores de misiles t\u00e1cticos secretos, si tiene el lujo de un avi\u00f3n T3.<\/p>\n\n\n\n<div class=\"wp-block-image\"><figure class=\"aligncenter size-large\"><a href=\"https:\/\/supcom.standardof.net\/es\/supreme-commander\/cybran-2\/cybran-tech-3-unidades-aereas\/spook-spy-plane-supreme-commander-cybran-tech-3-air-units\/\"><img decoding=\"async\" width=\"800\" height=\"509\" src=\"https:\/\/supcom.standardof.net\/wp-content\/uploads\/sites\/8\/2020\/11\/Spook-Spy-Plane-Supreme-Commander-Cybran-Tech-3-Air-Units-800x509.jpg\" alt=\"El avi\u00f3n esp\u00eda Spook, unidad a\u00e9rea Cybran Tech 3 en Supreme Commander.\" class=\"wp-image-608\" srcset=\"https:\/\/supcom.standardof.net\/wp-content\/uploads\/sites\/8\/2020\/11\/Spook-Spy-Plane-Supreme-Commander-Cybran-Tech-3-Air-Units-800x509.jpg 800w, https:\/\/supcom.standardof.net\/wp-content\/uploads\/sites\/8\/2020\/11\/Spook-Spy-Plane-Supreme-Commander-Cybran-Tech-3-Air-Units-512x326.jpg 512w, https:\/\/supcom.standardof.net\/wp-content\/uploads\/sites\/8\/2020\/11\/Spook-Spy-Plane-Supreme-Commander-Cybran-Tech-3-Air-Units-200x127.jpg 200w, https:\/\/supcom.standardof.net\/wp-content\/uploads\/sites\/8\/2020\/11\/Spook-Spy-Plane-Supreme-Commander-Cybran-Tech-3-Air-Units-768x489.jpg 768w, https:\/\/supcom.standardof.net\/wp-content\/uploads\/sites\/8\/2020\/11\/Spook-Spy-Plane-Supreme-Commander-Cybran-Tech-3-Air-Units-16x10.jpg 16w, https:\/\/supcom.standardof.net\/wp-content\/uploads\/sites\/8\/2020\/11\/Spook-Spy-Plane-Supreme-Commander-Cybran-Tech-3-Air-Units.jpg 880w\" sizes=\"(max-width: 800px) 100vw, 800px\" \/><\/a><figcaption>SPOOK - ESP\u00cdA AVI\u00d3N<\/figcaption><\/figure><\/div>\n\n\n\n<section class=\"wp-block-uagb-columns uagb-columns__wrap uagb-columns__background-undefined uagb-columns__stack-mobile uagb-columns__valign-undefined uagb-columns__gap-10 alignundefined uagb-block-7bfaf656\"><div class=\"uagb-columns__overlay\"><\/div><div class=\"uagb-columns__inner-wrap uagb-columns__columns-2\">\n<div class=\"wp-block-uagb-column uagb-column__wrap uagb-column__background-undefined uagb-block-7e99297f\"><div class=\"uagb-column__overlay\"><\/div><div class=\"uagb-column__inner-wrap\">\n<h3 class=\"wp-block-heading\">Estad\u00edsticas de Spook<\/h3>\n\n\n\n<p><strong>Armadura:<\/strong> 18 CV (ligero)<br><strong>Habilidades:<\/strong> Sigilo, radar, sonar<br><strong>Costo:<\/strong> M60, E2400, T450<br>&nbsp;&nbsp;&nbsp;&nbsp; drenaje (sigilo): E -20<br><strong>Intel<\/strong><br>&nbsp;&nbsp;&nbsp;&nbsp; vista: 96 (1.88km)<br>&nbsp;&nbsp;&nbsp;&nbsp; radar y sonar: 96 (1,88 km)<br>&nbsp;&nbsp;&nbsp;&nbsp; omnidireccional: 30 (586m)<br><strong>F\u00edsica<\/strong><br>&nbsp;&nbsp;&nbsp;&nbsp; velocidad m\u00e1xima: 21 (410 m \/ s)<br>&nbsp;&nbsp;&nbsp;&nbsp; elevaci\u00f3n: 25 (488m)<br><strong>Clase de transporte:<\/strong> 3<br><em>* veterano nivel 2: +5 CV<br>* veterano nivel 4: +5 CV<br>* veterano nivel 5: repara 1 hp \/ s<\/em><\/p>\n<\/div><\/div>\n\n\n\n<div class=\"wp-block-uagb-column uagb-column__wrap uagb-column__background-undefined uagb-block-70295cfc\"><div class=\"uagb-column__overlay\"><\/div><div class=\"uagb-column__inner-wrap\">\n<h3 class=\"wp-block-heading\">Armas fantasmales<\/h3>\n\n\n\n<p><strong>Accidente a\u00e9reo<\/strong> (Muerte)<br>&nbsp;&nbsp;&nbsp;&nbsp; 100 da\u00f1os<br><strong>zona:<\/strong> 1 (19,5 m)<\/p>\n<\/div><\/div>\n<\/div><\/section>\n<\/div><\/div>\n<\/div><\/section>\n\n\n\n<section class=\"wp-block-uagb-columns uagb-columns__wrap uagb-columns__background-undefined uagb-columns__stack-mobile uagb-columns__valign-undefined uagb-columns__gap-10 alignundefined uagb-block-f034b7fb\"><div class=\"uagb-columns__overlay\"><\/div><div class=\"uagb-columns__inner-wrap uagb-columns__columns-1\">\n<div class=\"wp-block-uagb-column uagb-column__wrap uagb-column__background-undefined uagb-block-fcded10b\"><div class=\"uagb-column__overlay\"><\/div><div class=\"uagb-column__inner-wrap\">\n<h2 class=\"wp-block-heading\"><strong>GEMINIS <\/strong>- AIR SUPERIORITY FIGHTER<\/h2>\n\n\n\n<p><a href=\"https:\/\/www.standardof.net\/wp-content\/uploads\/2012\/12\/Gemini-Air-Superiority-Fighter.png\" class=\"rank-math-link\" target=\"_blank\" rel=\"noopener\"><\/a>El Gemini es una unidad antia\u00e9rea muy cara, por lo que solo deber\u00edas tenerla si crees que vas a necesitar matar unidades a\u00e9reas enemigas de forma regular. Vuelan tan r\u00e1pido que no proporcionar\u00e1n la cobertura adecuada para un bombardeo, pero pueden entrar y emboscar a la fuerza interceptora enemiga, y son la mejor manera de lidiar con las unidades a\u00e9reas experimentales. Al igual que el interceptor Cybran, el caza Cybran T3 tiene menos salud pero es mejor para matar a otros aviones: los misiles de rastreo no son tan poderosos como los rayos l\u00e1ser del UEF, pero golpean mucho m\u00e1s a menudo. El sigilo no es muy \u00fatil; en el nivel T3, tu oponente sabe que tienes cobertura antia\u00e9rea, por lo que no ser\u00e1 una sorpresa cuando te abalances y mates sus ca\u00f1oneras.<\/p>\n\n\n\n<div class=\"wp-block-image\"><figure class=\"aligncenter size-large\"><a href=\"https:\/\/supcom.standardof.net\/es\/supreme-commander\/cybran-2\/cybran-tech-3-unidades-aereas\/gemini-air-superiority-fighter-supreme-commander-cybran-tech-3-air-units\/\"><img decoding=\"async\" width=\"630\" height=\"558\" src=\"https:\/\/supcom.standardof.net\/wp-content\/uploads\/sites\/8\/2020\/11\/Gemini-Air-Superiority-Fighter-Supreme-Commander-Cybran-Tech-3-Air-Units.jpg\" alt=\"El Gemini Air Superiority Fighter, Cybran Tech 3 Air Unit en Supreme Commander.\" class=\"wp-image-606\" srcset=\"https:\/\/supcom.standardof.net\/wp-content\/uploads\/sites\/8\/2020\/11\/Gemini-Air-Superiority-Fighter-Supreme-Commander-Cybran-Tech-3-Air-Units.jpg 630w, https:\/\/supcom.standardof.net\/wp-content\/uploads\/sites\/8\/2020\/11\/Gemini-Air-Superiority-Fighter-Supreme-Commander-Cybran-Tech-3-Air-Units-512x453.jpg 512w, https:\/\/supcom.standardof.net\/wp-content\/uploads\/sites\/8\/2020\/11\/Gemini-Air-Superiority-Fighter-Supreme-Commander-Cybran-Tech-3-Air-Units-200x177.jpg 200w, https:\/\/supcom.standardof.net\/wp-content\/uploads\/sites\/8\/2020\/11\/Gemini-Air-Superiority-Fighter-Supreme-Commander-Cybran-Tech-3-Air-Units-14x12.jpg 14w\" sizes=\"(max-width: 630px) 100vw, 630px\" \/><\/a><figcaption>GEMINIS - COMBATE POR LA SUPERIORIDAD A\u00c9REA<\/figcaption><\/figure><\/div>\n\n\n\n<section class=\"wp-block-uagb-columns uagb-columns__wrap uagb-columns__background-undefined uagb-columns__stack-mobile uagb-columns__valign-undefined uagb-columns__gap-10 alignundefined uagb-block-24c43c3a\"><div class=\"uagb-columns__overlay\"><\/div><div class=\"uagb-columns__inner-wrap uagb-columns__columns-2\">\n<div class=\"wp-block-uagb-column uagb-column__wrap uagb-column__background-undefined uagb-block-70e253ef\"><div class=\"uagb-column__overlay\"><\/div><div class=\"uagb-column__inner-wrap\">\n<h3 class=\"wp-block-heading\">Estad\u00edsticas de G\u00e9minis<\/h3>\n\n\n\n<p><strong>Armadura:<\/strong> 200 CV (ligero)<br><strong>Habilidades:<\/strong> Sigilo (puede esconderse del radar)<br><strong>Costo:<\/strong> M360, E24000, T3600<br>&nbsp;&nbsp;&nbsp;&nbsp; drenaje (sigilo): E -60<br><strong>Intel<\/strong><br>&nbsp;&nbsp;&nbsp;&nbsp; vista: 32 (625m)<br><strong>F\u00edsica<\/strong><br>&nbsp;&nbsp;&nbsp;&nbsp; velocidad m\u00e1xima: 25 (488 m \/ s),<br>&nbsp;&nbsp;&nbsp;&nbsp; elevaci\u00f3n: 20 (391m),<br>&nbsp;&nbsp;&nbsp;&nbsp; distancia de acoplamiento: 50 (977 m)<br><strong>Clase de transporte:<\/strong> 3<br><strong>Veterancia: <\/strong>5, 10, 25, 50, 100 muertes<br><em>* veterano nivel 2: +50 CV<br>* veterano nivel 4: +50 CV<br>* veterano nivel 5: repara 1 hp \/ s<\/em><\/p>\n<\/div><\/div>\n\n\n\n<div class=\"wp-block-uagb-column uagb-column__wrap uagb-column__background-undefined uagb-block-d5ed8d92\"><div class=\"uagb-column__overlay\"><\/div><div class=\"uagb-column__inner-wrap\">\n<h3 class=\"wp-block-heading\">Armas G\u00e9minis<\/h3>\n\n\n\n<p><strong>Sistema de misiles Nanite<\/strong> (Anti aire) x2<br>&nbsp;&nbsp;&nbsp;&nbsp; 40 dps<br><strong>rango:<\/strong> 24 (469m)<br><strong>arma de proyectil:<\/strong> 20 da\u00f1os<br>&nbsp;&nbsp;&nbsp;&nbsp; x 2 proyectiles = 40 de da\u00f1o por salva<br><strong>cadencia de fuego:<\/strong> 1 (cada 1s)<br><em>* veterano nivel 1: +10 de da\u00f1o<br>* veterano nivel 3: +10 de da\u00f1o<br><\/em><strong>Accidente a\u00e9reo<\/strong> (Muerte)<br>&nbsp;&nbsp;&nbsp;&nbsp; 200 da\u00f1os<br><strong>zona:<\/strong> 1 (19,5 m)<\/p>\n<\/div><\/div>\n<\/div><\/section>\n<\/div><\/div>\n<\/div><\/section>\n\n\n\n<section class=\"wp-block-uagb-columns uagb-columns__wrap uagb-columns__background-undefined uagb-columns__stack-mobile uagb-columns__valign-undefined uagb-columns__gap-10 alignundefined uagb-block-3f78e4e3\"><div class=\"uagb-columns__overlay\"><\/div><div class=\"uagb-columns__inner-wrap uagb-columns__columns-1\">\n<div class=\"wp-block-uagb-column uagb-column__wrap uagb-column__background-undefined uagb-block-6f558345\"><div class=\"uagb-column__overlay\"><\/div><div class=\"uagb-column__inner-wrap\">\n<h2 class=\"wp-block-heading\"><strong>REVENANT <\/strong>- BOMBER ESTRAT\u00c9GICO<\/h2>\n\n\n\n<p><a href=\"https:\/\/www.standardof.net\/wp-content\/uploads\/2012\/12\/Revenant-Strategic-Bomber.png\" class=\"rank-math-link\" target=\"_blank\" rel=\"noopener\"><\/a>Los bombarderos estrat\u00e9gicos se construyen tan lentamente que requieren un gran grupo de ingenieros. La palabra &quot;estrat\u00e9gico&quot; no debe tomarse a la ligera: pueden matar interceptores con sus armas antia\u00e9reas, vuelan lo suficientemente alto como para que un sitio SAM necesite un tiempo para matarlos y, por supuesto, su bomba es temible. Estas cosas se desperdician en grandes batallas terrestres, ya que su inexactitud hace que sean tan propensas a acabar con tus muchachos como con los de ellos; en su lugar, ap\u00edlelos junto con una enorme fuerza de otros aviones para distraer las defensas a\u00e9reas enemigas y util\u00edcelos para un ataque quir\u00fargico en una ACU, una pieza de artiller\u00eda o una defensa con misiles nucleares. Si bien el bombardero estrat\u00e9gico Cybran no hace tanto da\u00f1o, tiene un \u00e1rea lo suficientemente amplia y una inexactitud lo suficientemente peque\u00f1a como para que pueda usarse para defenderse contra ataques terrestres siempre que tenga superioridad a\u00e9rea.<\/p>\n\n\n\n<div class=\"wp-block-image\"><figure class=\"aligncenter size-large\"><a href=\"https:\/\/supcom.standardof.net\/es\/supreme-commander\/cybran-2\/cybran-tech-3-unidades-aereas\/revenant-strategic-bomber-supreme-commander-cybran-tech-3-air-units\/\"><img decoding=\"async\" width=\"792\" height=\"598\" src=\"https:\/\/supcom.standardof.net\/wp-content\/uploads\/sites\/8\/2020\/11\/Revenant-Strategic-Bomber-Supreme-Commander-Cybran-Tech-3-Air-Units.jpg\" alt=\"El Bombardero Estrat\u00e9gico Revenant, Unidad A\u00e9rea Cybran Tech 3 en Supreme Commander.\" class=\"wp-image-607\" srcset=\"https:\/\/supcom.standardof.net\/wp-content\/uploads\/sites\/8\/2020\/11\/Revenant-Strategic-Bomber-Supreme-Commander-Cybran-Tech-3-Air-Units.jpg 792w, https:\/\/supcom.standardof.net\/wp-content\/uploads\/sites\/8\/2020\/11\/Revenant-Strategic-Bomber-Supreme-Commander-Cybran-Tech-3-Air-Units-512x387.jpg 512w, https:\/\/supcom.standardof.net\/wp-content\/uploads\/sites\/8\/2020\/11\/Revenant-Strategic-Bomber-Supreme-Commander-Cybran-Tech-3-Air-Units-200x151.jpg 200w, https:\/\/supcom.standardof.net\/wp-content\/uploads\/sites\/8\/2020\/11\/Revenant-Strategic-Bomber-Supreme-Commander-Cybran-Tech-3-Air-Units-768x580.jpg 768w, https:\/\/supcom.standardof.net\/wp-content\/uploads\/sites\/8\/2020\/11\/Revenant-Strategic-Bomber-Supreme-Commander-Cybran-Tech-3-Air-Units-16x12.jpg 16w\" sizes=\"(max-width: 792px) 100vw, 792px\" \/><\/a><figcaption>REVENANT - BOMBER ESTRAT\u00c9GICO<\/figcaption><\/figure><\/div>\n\n\n\n<section class=\"wp-block-uagb-columns uagb-columns__wrap uagb-columns__background-undefined uagb-columns__stack-mobile uagb-columns__valign-undefined uagb-columns__gap-10 alignundefined uagb-block-ebd24269\"><div class=\"uagb-columns__overlay\"><\/div><div class=\"uagb-columns__inner-wrap uagb-columns__columns-2\">\n<div class=\"wp-block-uagb-column uagb-column__wrap uagb-column__background-undefined uagb-block-ad8632c2\"><div class=\"uagb-column__overlay\"><\/div><div class=\"uagb-column__inner-wrap\">\n<h3 class=\"wp-block-heading\">Estad\u00edsticas de Revenant<\/h3>\n\n\n\n<p><strong>Armadura:<\/strong> 120 CV (ligero)<br><strong>Habilidades:<\/strong> Sigilo (puede esconderse del radar)<br><strong>Costo:<\/strong> M2160, E72000, T7200<br>&nbsp;&nbsp;&nbsp;&nbsp; drenaje (sigilo): E -60<br><strong>Intel<\/strong><br>&nbsp;&nbsp;&nbsp;&nbsp; vista: 32 (625m)<br><strong>F\u00edsica<\/strong><br>&nbsp;&nbsp;&nbsp;&nbsp; velocidad m\u00e1xima: 0,5 (9,8 m \/ s)<br>&nbsp;&nbsp;&nbsp;&nbsp; elevaci\u00f3n: 25 (488m)<br>&nbsp;&nbsp;&nbsp;&nbsp; distancia de acoplamiento: 50 (977 m)<br><strong>Clase de transporte:<\/strong> 3<strong><br>Veterancia:<\/strong> 30, 60, 150, 300, 600 muertes<br><em>* veterano nivel 2: +30 CV<br>* veterano nivel 4: +30 CV<br>* veterano nivel 5: repara 1 hp \/ s<\/em><\/p>\n<\/div><\/div>\n\n\n\n<div class=\"wp-block-uagb-column uagb-column__wrap uagb-column__background-undefined uagb-block-a24cde3d\"><div class=\"uagb-column__overlay\"><\/div><div class=\"uagb-column__inner-wrap\">\n<h3 class=\"wp-block-heading\">Armas de Revenant<\/h3>\n\n\n\n<p><strong>Bomba de neutrones<\/strong> (Bomba)<br>&nbsp;&nbsp;&nbsp;&nbsp; 1200,00 dps<br><strong>zona:<\/strong> 6 (117m)<br><strong>rango:<\/strong> 5 (97,7 millones)<br><strong>arma de proyectil:<\/strong> 6000 da\u00f1os<br><strong>cadencia de fuego:<\/strong> 0,2 (cada 5 s)<br><strong>disparo aleatorio:<\/strong> 1<br><em>* veterano nivel 1: +1250 de da\u00f1o<br>* veterano nivel 3: +1250 de da\u00f1o<\/em><br><strong>Ca\u00f1\u00f3n autom\u00e1tico de electrones<\/strong> (Anti aire)<br>&nbsp;&nbsp;&nbsp;&nbsp; 120,00 dps<br><strong>rango:<\/strong> 44 (859m)<br><strong>arma de proyectil:<\/strong> 20 da\u00f1os<br><strong>cadencia de fuego:<\/strong> 3 (cada 0,33 s)<br><em>* veterano nivel 1: +5 de da\u00f1o<br>* veterano nivel 3: +5 de da\u00f1o<\/em><br><strong>Accidente a\u00e9reo<\/strong> (Muerte)<br>&nbsp;&nbsp;&nbsp;&nbsp; 500 da\u00f1os<br><strong>zona:<\/strong> 1 (19,5 m)<\/p>\n<\/div><\/div>\n<\/div><\/section>\n<\/div><\/div>\n<\/div><\/section>","protected":false},"excerpt":{"rendered":"<p>SPOOK \u2013 SPY PLANE The Spy Plane isn&#8217;t cheap, but it&#8217;s worth every penny to have one just in case. Cybrans, always great at scouting, get sonar coverage and the stealth ability that prevents the enemy interceptor packs from hunting your expensive defenseless plane down. It never hurts to have one on patrol across any [&hellip;]<\/p>","protected":false},"author":1,"featured_media":0,"parent":538,"menu_order":0,"comment_status":"open","ping_status":"closed","template":"","meta":{"_uag_custom_page_level_css":"","site-sidebar-layout":"default","site-content-layout":"default","ast-site-content-layout":"","site-content-style":"default","site-sidebar-style":"default","ast-global-header-display":"","ast-banner-title-visibility":"","ast-main-header-display":"","ast-hfb-above-header-display":"","ast-hfb-below-header-display":"","ast-hfb-mobile-header-display":"","site-post-title":"","ast-breadcrumbs-content":"","ast-featured-img":"","footer-sml-layout":"","theme-transparent-header-meta":"default","adv-header-id-meta":"","stick-header-meta":"","header-above-stick-meta":"","header-main-stick-meta":"","header-below-stick-meta":"","astra-migrate-meta-layouts":"default","ast-page-background-enabled":"default","ast-page-background-meta":{"desktop":{"background-color":"","background-image":"","background-repeat":"repeat","background-position":"center center","background-size":"auto","background-attachment":"scroll","background-type":"","background-media":"","overlay-type":"","overlay-color":"","overlay-gradient":""},"tablet":{"background-color":"","background-image":"","background-repeat":"repeat","background-position":"center center","background-size":"auto","background-attachment":"scroll","background-type":"","background-media":"","overlay-type":"","overlay-color":"","overlay-gradient":""},"mobile":{"background-color":"","background-image":"","background-repeat":"repeat","background-position":"center center","background-size":"auto","background-attachment":"scroll","background-type":"","background-media":"","overlay-type":"","overlay-color":"","overlay-gradient":""}},"ast-content-background-meta":{"desktop":{"background-color":"var(--ast-global-color-5)","background-image":"","background-repeat":"repeat","background-position":"center center","background-size":"auto","background-attachment":"scroll","background-type":"","background-media":"","overlay-type":"","overlay-color":"","overlay-gradient":""},"tablet":{"background-color":"var(--ast-global-color-5)","background-image":"","background-repeat":"repeat","background-position":"center center","background-size":"auto","background-attachment":"scroll","background-type":"","background-media":"","overlay-type":"","overlay-color":"","overlay-gradient":""},"mobile":{"background-color":"var(--ast-global-color-5)","background-image":"","background-repeat":"repeat","background-position":"center center","background-size":"auto","background-attachment":"scroll","background-type":"","background-media":"","overlay-type":"","overlay-color":"","overlay-gradient":""}},"footnotes":""},"uagb_featured_image_src":{"full":false,"thumbnail":false,"medium":false,"medium_large":false,"large":false,"1536x1536":false,"2048x2048":false,"trp-custom-language-flag":false},"uagb_author_info":{"display_name":"SOE","author_link":"https:\/\/supcom.standardof.net\/es\/author\/k-tastic\/"},"uagb_comment_info":0,"uagb_excerpt":"SPOOK \u2013 SPY PLANE The Spy Plane isn&#8217;t cheap, but it&#8217;s worth every penny to have one just in case. Cybrans, always great at scouting, get sonar coverage and the stealth ability that prevents the enemy interceptor packs from hunting your expensive defenseless plane down. It never hurts to have one on patrol across any&hellip;","_links":{"self":[{"href":"https:\/\/supcom.standardof.net\/es\/wp-json\/wp\/v2\/pages\/603"}],"collection":[{"href":"https:\/\/supcom.standardof.net\/es\/wp-json\/wp\/v2\/pages"}],"about":[{"href":"https:\/\/supcom.standardof.net\/es\/wp-json\/wp\/v2\/types\/page"}],"author":[{"embeddable":true,"href":"https:\/\/supcom.standardof.net\/es\/wp-json\/wp\/v2\/users\/1"}],"replies":[{"embeddable":true,"href":"https:\/\/supcom.standardof.net\/es\/wp-json\/wp\/v2\/comments?post=603"}],"version-history":[{"count":0,"href":"https:\/\/supcom.standardof.net\/es\/wp-json\/wp\/v2\/pages\/603\/revisions"}],"up":[{"embeddable":true,"href":"https:\/\/supcom.standardof.net\/es\/wp-json\/wp\/v2\/pages\/538"}],"wp:attachment":[{"href":"https:\/\/supcom.standardof.net\/es\/wp-json\/wp\/v2\/media?parent=603"}],"curies":[{"name":"wp","href":"https:\/\/api.w.org\/{rel}","templated":true}]}}