{"id":611,"date":"2020-11-02T14:34:22","date_gmt":"2020-11-02T19:34:22","guid":{"rendered":"https:\/\/supcom.standardof.net\/?page_id=611"},"modified":"2020-11-04T00:33:37","modified_gmt":"2020-11-04T05:33:37","slug":"cybran-tech-1-naval-units","status":"publish","type":"page","link":"https:\/\/supcom.standardof.net\/es\/supreme-commander\/cybran-2\/cybran-tech-1-unidades-navales\/","title":{"rendered":"Unidades navales Cybran Tech 1"},"content":{"rendered":"<div class=\"wp-block-uagb-table-of-contents uagb-toc__align-left uagb-toc__columns-1  uagb-block-c4f8dd07\"\n\t\t\t\t\tdata-scroll= \"1\"\n\t\t\t\t\tdata-offset= \"30\"\n\t\t\t\t\tstyle=\"\"\n\t\t\t\t>\n\t\t\t\t<div class=\"uagb-toc__wrap\">\n\t\t\t\t\t\t<div class=\"uagb-toc__title\">\n\t\t\t\t\t\t\tUnidades navales Cybran Tech 1:\t\t\t\t\t\t<\/div>\n\t\t\t\t\t\t\t\t\t\t\t\t\t\t\t\t<div class=\"uagb-toc__list-wrap\">\n\t\t\t\t\t\t<ol class=\"uagb-toc__list\"><li class=\"uagb-toc__list\"><a href=\"#sliver-attack-submarine\" class=\"uagb-toc-link__trigger\">SLIVER - SUBMARINO DE ATAQUE<\/a><li class=\"uagb-toc__list\"><a href=\"#trident-class-frigate\" class=\"uagb-toc-link__trigger\">FRIGADA CLASE TRIDENTE<\/a><\/ol>\t\t\t\t\t<\/div>\n\t\t\t\t\t\t\t\t\t<\/div>\n\t\t\t\t<\/div>\n\t\t\t\n\n\n<section class=\"wp-block-uagb-columns uagb-columns__wrap uagb-columns__background-undefined uagb-columns__stack-mobile uagb-columns__valign-undefined uagb-columns__gap-10 alignundefined uagb-block-3bd94459\"><div class=\"uagb-columns__overlay\"><\/div><div class=\"uagb-columns__inner-wrap uagb-columns__columns-1\">\n<div class=\"wp-block-uagb-column uagb-column__wrap uagb-column__background-undefined uagb-block-3b857cb2\"><div class=\"uagb-column__overlay\"><\/div><div class=\"uagb-column__inner-wrap\">\n<h2 class=\"wp-block-heading\"><strong>ASTILLA <\/strong>- SUBMARINO DE ATAQUE<\/h2>\n\n\n\n<p><a href=\"https:\/\/www.standardof.net\/wp-content\/uploads\/2012\/12\/Sliver-Attack-Submarine.png\" class=\"rank-math-link\" target=\"_blank\" rel=\"noopener\"><\/a>Aunque el submarino Cybran est\u00e1 ligeramente superado frente al submarino Aeon, tiene un factor de redenci\u00f3n: puedes ordenarle que salga a la superficie (presionando &quot;Dive&quot; o &quot;D&quot;) y agregar\u00e1 su l\u00e1ser de cubierta a la ecuaci\u00f3n. Esta suele ser una idea espectacularmente mala, ya que te hace vulnerable a m\u00e1s fuego, pero al menos no tienes que construir una fragata para matar un extractor vulnerable o un tanque anfibio. El bajo costo permite a los Cybrans complementar sus mediocres fragatas con m\u00e1s submarinos.<\/p>\n\n\n\n<div class=\"wp-block-image\"><figure class=\"aligncenter size-large\"><a href=\"https:\/\/supcom.standardof.net\/es\/supreme-commander\/cybran-2\/cybran-tech-1-unidades-navales\/sliver-attack-submarine-supreme-commander-cybran-tech-1-navy-units\/\"><img decoding=\"async\" width=\"430\" height=\"364\" src=\"https:\/\/supcom.standardof.net\/wp-content\/uploads\/sites\/8\/2020\/11\/Sliver-Attack-Submarine-Supreme-Commander-Cybran-Tech-1-Navy-Units.jpg\" alt=\"The Sliver Attack Submarine, Cybran Tech 1 Navy Unit en Supreme Commander.\" class=\"wp-image-613\" srcset=\"https:\/\/supcom.standardof.net\/wp-content\/uploads\/sites\/8\/2020\/11\/Sliver-Attack-Submarine-Supreme-Commander-Cybran-Tech-1-Navy-Units.jpg 430w, https:\/\/supcom.standardof.net\/wp-content\/uploads\/sites\/8\/2020\/11\/Sliver-Attack-Submarine-Supreme-Commander-Cybran-Tech-1-Navy-Units-200x169.jpg 200w, https:\/\/supcom.standardof.net\/wp-content\/uploads\/sites\/8\/2020\/11\/Sliver-Attack-Submarine-Supreme-Commander-Cybran-Tech-1-Navy-Units-14x12.jpg 14w\" sizes=\"(max-width: 430px) 100vw, 430px\" \/><\/a><figcaption>SLIVER - SUBMARINO DE ATAQUE<\/figcaption><\/figure><\/div>\n\n\n\n<section class=\"wp-block-uagb-columns uagb-columns__wrap uagb-columns__background-undefined uagb-columns__stack-mobile uagb-columns__valign-undefined uagb-columns__gap-10 alignundefined uagb-block-d97273be\"><div class=\"uagb-columns__overlay\"><\/div><div class=\"uagb-columns__inner-wrap uagb-columns__columns-2\">\n<div class=\"wp-block-uagb-column uagb-column__wrap uagb-column__background-undefined uagb-block-6080005e\"><div class=\"uagb-column__overlay\"><\/div><div class=\"uagb-column__inner-wrap\">\n<h3 class=\"wp-block-heading\">Estad\u00edsticas de astilla<\/h3>\n\n\n\n<p><strong>Armadura:<\/strong> 1125<br><strong>Habilidades:<\/strong> Sumergible<br><strong>Costo:<\/strong> M580, E2250, T1000<br><strong>Intel<\/strong><br>&nbsp;&nbsp;&nbsp;&nbsp; vista: 32 (625m)<br>&nbsp;&nbsp;&nbsp;&nbsp; sonar: 60 (1,17 km)<br>&nbsp;&nbsp;&nbsp;&nbsp; vista de agua: 32 (625m)<br><strong>F\u00edsica<\/strong><br>&nbsp;&nbsp;&nbsp;&nbsp; velocidad m\u00e1xima: 4.675 (91.3 m \/ s)<br>&nbsp;&nbsp;&nbsp;&nbsp; velocidad de giro: 40<br><strong>Veterancia:<\/strong> 5, 10, 25, 50, 100 muertes<br><em>* veterano nivel 2: +270 hp<br>* veterano nivel 4: +270 hp<br>* veterano nivel 5: repara 3 hp \/ s<\/em><\/p>\n<\/div><\/div>\n\n\n\n<div class=\"wp-block-uagb-column uagb-column__wrap uagb-column__background-undefined uagb-block-6f6d055e\"><div class=\"uagb-column__overlay\"><\/div><div class=\"uagb-column__inner-wrap\">\n<h3 class=\"wp-block-heading\">Armas plateadas<\/h3>\n\n\n\n<p><strong>Torpedo de nanita<\/strong> (Anti Marina)<br>&nbsp;&nbsp;&nbsp;&nbsp;&nbsp; 94,44 dps<br><strong>rango:<\/strong> 32 (625 m)<br><strong>arma de proyectil:<\/strong> 170<br>&nbsp;&nbsp;&nbsp;&nbsp; (5 veces 34 da\u00f1os en 1 segundo)<br>&nbsp;&nbsp;&nbsp;&nbsp; x 2 proyectiles = 340 de da\u00f1o por salva<br><strong>cadencia de fuego:<\/strong> 0,28 (cada 3,6 s)<br><em>* veterano nivel 1: +9 de da\u00f1o<br>* veterano nivel 3: +9 de da\u00f1o<\/em><\/p>\n\n\n\n<p><strong>L\u00e1ser de pulso de luz<\/strong> (Fuego directo)<br>&nbsp;&nbsp;&nbsp;&nbsp; 22.00 dps<br><strong>rango:<\/strong> 32 (625 m)<br><strong>arma de proyectil:<\/strong> 11 da\u00f1os<br><strong>cadencia de fuego:<\/strong> 2 (cada 0,5 s)<br><em>* veterano nivel 1: +3 de da\u00f1o<br>* veterano nivel 3: +3 de da\u00f1o<\/em><\/p>\n<\/div><\/div>\n<\/div><\/section>\n<\/div><\/div>\n<\/div><\/section>\n\n\n\n<section class=\"wp-block-uagb-columns uagb-columns__wrap uagb-columns__background-undefined uagb-columns__stack-mobile uagb-columns__valign-undefined uagb-columns__gap-10 alignundefined uagb-block-8b77028e\"><div class=\"uagb-columns__overlay\"><\/div><div class=\"uagb-columns__inner-wrap uagb-columns__columns-1\">\n<div class=\"wp-block-uagb-column uagb-column__wrap uagb-column__background-undefined uagb-block-a948da14\"><div class=\"uagb-column__overlay\"><\/div><div class=\"uagb-column__inner-wrap\">\n<h2 class=\"wp-block-heading\"><strong>TRIDENTE <\/strong>FRIGADA DE CLASE<\/h2>\n\n\n\n<p><a href=\"https:\/\/www.standardof.net\/wp-content\/uploads\/2012\/12\/Trident-Class-Frigate.png\" class=\"rank-math-link\" target=\"_blank\" rel=\"noopener\"><\/a>La fragata Cybran es superada por los submarinos enemigos y las fragatas enemigas, y su bajo alcance la debilita en el bombardeo de la costa, as\u00ed que \u00fasala como una carrera temprana o simplemente ap\u00e9gate a los submarinos hasta que puedas poner en funcionamiento tus naves T2.<\/p>\n\n\n\n<div class=\"wp-block-image\"><figure class=\"aligncenter size-large\"><a href=\"https:\/\/supcom.standardof.net\/es\/supreme-commander\/cybran-2\/cybran-tech-1-unidades-navales\/trident-class-frigate-supreme-commander-cybran-tech-1-navy-units\/\"><img decoding=\"async\" width=\"800\" height=\"492\" src=\"https:\/\/supcom.standardof.net\/wp-content\/uploads\/sites\/8\/2020\/11\/Trident-Class-Frigate-Supreme-Commander-Cybran-Tech-1-Navy-Units-800x492.jpg\" alt=\"La Fragata Clase Tridente, Unidad Naval Cybran Tech 1 en Comandante Supremo.\" class=\"wp-image-614\" srcset=\"https:\/\/supcom.standardof.net\/wp-content\/uploads\/sites\/8\/2020\/11\/Trident-Class-Frigate-Supreme-Commander-Cybran-Tech-1-Navy-Units-800x492.jpg 800w, https:\/\/supcom.standardof.net\/wp-content\/uploads\/sites\/8\/2020\/11\/Trident-Class-Frigate-Supreme-Commander-Cybran-Tech-1-Navy-Units-512x315.jpg 512w, https:\/\/supcom.standardof.net\/wp-content\/uploads\/sites\/8\/2020\/11\/Trident-Class-Frigate-Supreme-Commander-Cybran-Tech-1-Navy-Units-200x123.jpg 200w, https:\/\/supcom.standardof.net\/wp-content\/uploads\/sites\/8\/2020\/11\/Trident-Class-Frigate-Supreme-Commander-Cybran-Tech-1-Navy-Units-768x472.jpg 768w, https:\/\/supcom.standardof.net\/wp-content\/uploads\/sites\/8\/2020\/11\/Trident-Class-Frigate-Supreme-Commander-Cybran-Tech-1-Navy-Units-16x10.jpg 16w, https:\/\/supcom.standardof.net\/wp-content\/uploads\/sites\/8\/2020\/11\/Trident-Class-Frigate-Supreme-Commander-Cybran-Tech-1-Navy-Units.jpg 830w\" sizes=\"(max-width: 800px) 100vw, 800px\" \/><\/a><figcaption>FRIGADA CLASE TRIDENTE<\/figcaption><\/figure><\/div>\n\n\n\n<section class=\"wp-block-uagb-columns uagb-columns__wrap uagb-columns__background-undefined uagb-columns__stack-mobile uagb-columns__valign-undefined uagb-columns__gap-10 alignundefined uagb-block-3b96a1c3\"><div class=\"uagb-columns__overlay\"><\/div><div class=\"uagb-columns__inner-wrap uagb-columns__columns-2\">\n<div class=\"wp-block-uagb-column uagb-column__wrap uagb-column__background-undefined uagb-block-1a987968\"><div class=\"uagb-column__overlay\"><\/div><div class=\"uagb-column__inner-wrap\">\n<h3 class=\"wp-block-heading\">Estad\u00edsticas de tridente<\/h3>\n\n\n\n<p><strong>Armadura:<\/strong> 1900 CV<br><strong>Habilidades:<\/strong> Radar, Sonar<br><strong>Costo:<\/strong> M360, E24000, T3600<br><strong>Intel<br>&nbsp;&nbsp;&nbsp;&nbsp; <\/strong>vista: 32 (625m)<br>&nbsp;&nbsp;&nbsp;&nbsp; radar: 80 (1,56 km)<br>&nbsp;&nbsp;&nbsp;&nbsp; sonar: 80 (1,56 km)<br>&nbsp;&nbsp;&nbsp;&nbsp; vista de agua: 24 (469m)<br><strong>F\u00edsica<\/strong><br>&nbsp;&nbsp;&nbsp;&nbsp; velocidad m\u00e1xima: 6,8 (133 m \/ s)<br>&nbsp;&nbsp;&nbsp;&nbsp; velocidad de giro: 30<br><strong>Veterancia: <\/strong>5, 10, 25, 50, 100 muertes<br><em>* veterano nivel 2: +181 CV<br>* veterano nivel 4: +181 CV<br>* veterano nivel 5: repara 3 hp \/ s<\/em><\/p>\n<\/div><\/div>\n\n\n\n<div class=\"wp-block-uagb-column uagb-column__wrap uagb-column__background-undefined uagb-block-eafb0c4f\"><div class=\"uagb-column__overlay\"><\/div><div class=\"uagb-column__inner-wrap\">\n<h3 class=\"wp-block-heading\">Armas de tridente<\/h3>\n\n\n\n<p><strong>Ca\u00f1\u00f3n de protones<\/strong> (Fuego directo naval)<br>&nbsp;&nbsp;&nbsp;&nbsp; 57,14 dps<br><strong>zona:<\/strong> 2 (39,1 m)<br><strong>rango:<\/strong> 28 (547m)<br><strong>arma de proyectil:<\/strong> 40 da\u00f1os<br><strong>cadencia de fuego:<\/strong> 1,43 (cada 0,7 s)<br><em>* veterano nivel 1: +10 de da\u00f1o<br>* veterano nivel 3: +10 de da\u00f1o<\/em><\/p>\n\n\n\n<p><strong>Ca\u00f1\u00f3n autom\u00e1tico de electrones<\/strong> (Anti aire)<br>&nbsp;&nbsp;&nbsp;&nbsp; 3,33 dps<br><strong>rango:<\/strong> 44 (859m)<br><strong>arma de proyectil:<\/strong> 1 da\u00f1o<br><strong>cadencia de fuego:<\/strong> 3 (cada 0,33 s)<br><em>* veterano nivel 1: +1 da\u00f1o<br>* veterano nivel 3: +1 da\u00f1o<\/em><\/p>\n<\/div><\/div>\n<\/div><\/section>\n<\/div><\/div>\n<\/div><\/section>","protected":false},"excerpt":{"rendered":"<p>SLIVER \u2013 ATTACK SUBMARINE Although the Cybran sub is slightly outmatched against the Aeon sub, it has one redeeming factor: you can order it to surface (by pressing &#8220;Dive&#8221; or &#8220;D&#8221;) and it will add its deck laser to the equation. This is usually a spectacularly bad idea, as it makes you vulnerable to more [&hellip;]<\/p>","protected":false},"author":1,"featured_media":0,"parent":538,"menu_order":0,"comment_status":"open","ping_status":"closed","template":"","meta":{"_uag_custom_page_level_css":"","site-sidebar-layout":"default","site-content-layout":"default","ast-site-content-layout":"","site-content-style":"default","site-sidebar-style":"default","ast-global-header-display":"","ast-banner-title-visibility":"","ast-main-header-display":"","ast-hfb-above-header-display":"","ast-hfb-below-header-display":"","ast-hfb-mobile-header-display":"","site-post-title":"","ast-breadcrumbs-content":"","ast-featured-img":"","footer-sml-layout":"","theme-transparent-header-meta":"default","adv-header-id-meta":"","stick-header-meta":"","header-above-stick-meta":"","header-main-stick-meta":"","header-below-stick-meta":"","astra-migrate-meta-layouts":"default","ast-page-background-enabled":"default","ast-page-background-meta":{"desktop":{"background-color":"","background-image":"","background-repeat":"repeat","background-position":"center center","background-size":"auto","background-attachment":"scroll","background-type":"","background-media":"","overlay-type":"","overlay-color":"","overlay-gradient":""},"tablet":{"background-color":"","background-image":"","background-repeat":"repeat","background-position":"center center","background-size":"auto","background-attachment":"scroll","background-type":"","background-media":"","overlay-type":"","overlay-color":"","overlay-gradient":""},"mobile":{"background-color":"","background-image":"","background-repeat":"repeat","background-position":"center center","background-size":"auto","background-attachment":"scroll","background-type":"","background-media":"","overlay-type":"","overlay-color":"","overlay-gradient":""}},"ast-content-background-meta":{"desktop":{"background-color":"var(--ast-global-color-5)","background-image":"","background-repeat":"repeat","background-position":"center center","background-size":"auto","background-attachment":"scroll","background-type":"","background-media":"","overlay-type":"","overlay-color":"","overlay-gradient":""},"tablet":{"background-color":"var(--ast-global-color-5)","background-image":"","background-repeat":"repeat","background-position":"center center","background-size":"auto","background-attachment":"scroll","background-type":"","background-media":"","overlay-type":"","overlay-color":"","overlay-gradient":""},"mobile":{"background-color":"var(--ast-global-color-5)","background-image":"","background-repeat":"repeat","background-position":"center center","background-size":"auto","background-attachment":"scroll","background-type":"","background-media":"","overlay-type":"","overlay-color":"","overlay-gradient":""}},"footnotes":""},"uagb_featured_image_src":{"full":false,"thumbnail":false,"medium":false,"medium_large":false,"large":false,"1536x1536":false,"2048x2048":false,"trp-custom-language-flag":false},"uagb_author_info":{"display_name":"SOE","author_link":"https:\/\/supcom.standardof.net\/es\/author\/k-tastic\/"},"uagb_comment_info":0,"uagb_excerpt":"SLIVER \u2013 ATTACK SUBMARINE Although the Cybran sub is slightly outmatched against the Aeon sub, it has one redeeming factor: you can order it to surface (by pressing &#8220;Dive&#8221; or &#8220;D&#8221;) and it will add its deck laser to the equation. This is usually a spectacularly bad idea, as it makes you vulnerable to more&hellip;","_links":{"self":[{"href":"https:\/\/supcom.standardof.net\/es\/wp-json\/wp\/v2\/pages\/611"}],"collection":[{"href":"https:\/\/supcom.standardof.net\/es\/wp-json\/wp\/v2\/pages"}],"about":[{"href":"https:\/\/supcom.standardof.net\/es\/wp-json\/wp\/v2\/types\/page"}],"author":[{"embeddable":true,"href":"https:\/\/supcom.standardof.net\/es\/wp-json\/wp\/v2\/users\/1"}],"replies":[{"embeddable":true,"href":"https:\/\/supcom.standardof.net\/es\/wp-json\/wp\/v2\/comments?post=611"}],"version-history":[{"count":0,"href":"https:\/\/supcom.standardof.net\/es\/wp-json\/wp\/v2\/pages\/611\/revisions"}],"up":[{"embeddable":true,"href":"https:\/\/supcom.standardof.net\/es\/wp-json\/wp\/v2\/pages\/538"}],"wp:attachment":[{"href":"https:\/\/supcom.standardof.net\/es\/wp-json\/wp\/v2\/media?parent=611"}],"curies":[{"name":"wp","href":"https:\/\/api.w.org\/{rel}","templated":true}]}}