{"id":623,"date":"2020-11-02T14:46:41","date_gmt":"2020-11-02T19:46:41","guid":{"rendered":"https:\/\/supcom.standardof.net\/?page_id=623"},"modified":"2020-11-04T00:33:58","modified_gmt":"2020-11-04T05:33:58","slug":"cybran-tech-3-naval-units","status":"publish","type":"page","link":"https:\/\/supcom.standardof.net\/es\/supreme-commander\/cybran-2\/cybran-tech-3-unidades-navales\/","title":{"rendered":"Unidades navales Cybran Tech 3"},"content":{"rendered":"<div class=\"wp-block-uagb-table-of-contents uagb-toc__align-left uagb-toc__columns-1  uagb-block-a7257bd8\"\n\t\t\t\t\tdata-scroll= \"1\"\n\t\t\t\t\tdata-offset= \"30\"\n\t\t\t\t\tstyle=\"\"\n\t\t\t\t>\n\t\t\t\t<div class=\"uagb-toc__wrap\">\n\t\t\t\t\t\t<div class=\"uagb-toc__title\">\n\t\t\t\t\t\t\tUnidades navales Cybran Tech 3:\t\t\t\t\t\t<\/div>\n\t\t\t\t\t\t\t\t\t\t\t\t\t\t\t\t<div class=\"uagb-toc__list-wrap\">\n\t\t\t\t\t\t<ol class=\"uagb-toc__list\"><li class=\"uagb-toc__list\"><a href=\"#galaxy-class-battleship\" class=\"uagb-toc-link__trigger\">BATALLA DE CLASE GALAXY<\/a><li class=\"uagb-toc__list\"><a href=\"#command-class-aircraft-carrier\" class=\"uagb-toc-link__trigger\">PORTADOR DE AVIONES DE CLASE DE COMANDO<\/a><li class=\"uagb-toc__list\"><a href=\"#plan-b-strategic-missile-submarine\" class=\"uagb-toc-link__trigger\">PLAN B - SUBMARINO ESTRAT\u00c9GICO DE MISILES<\/a><\/ol>\t\t\t\t\t<\/div>\n\t\t\t\t\t\t\t\t\t<\/div>\n\t\t\t\t<\/div>\n\t\t\t\n\n\n<section class=\"wp-block-uagb-columns uagb-columns__wrap uagb-columns__background-undefined uagb-columns__stack-mobile uagb-columns__valign-undefined uagb-columns__gap-10 alignundefined uagb-block-a3d36f63\"><div class=\"uagb-columns__overlay\"><\/div><div class=\"uagb-columns__inner-wrap uagb-columns__columns-1\">\n<div class=\"wp-block-uagb-column uagb-column__wrap uagb-column__background-undefined uagb-block-9206c269\"><div class=\"uagb-column__overlay\"><\/div><div class=\"uagb-column__inner-wrap\">\n<h2 class=\"wp-block-heading\"><strong>GALAXIA <\/strong>BATALLA DE CLASE<\/h2>\n\n\n\n<p><a href=\"https:\/\/www.standardof.net\/wp-content\/uploads\/2012\/12\/Galaxy-Class-Battleship.png\" class=\"rank-math-link\" target=\"_blank\" rel=\"noopener\"><\/a>El acorazado es b\u00e1sicamente una unidad experimental que puedes construir en tu f\u00e1brica naval. Tiene cantidades imp\u00edas de blindaje, defensas t\u00e1cticas de misiles para asegurarse de que no lo eliminen las defensas en tierra antes de que se pronuncie al respecto, y ca\u00f1ones antia\u00e9reos dise\u00f1ados para matar ca\u00f1oneras en lugar de bombarderos (que sus cruceros ya deber\u00edan ser manejo). Como todos los acorazados, tiene ca\u00f1ones principales que son esencialmente piezas de artiller\u00eda T2, montadas en un armaz\u00f3n muy fuertemente blindado; como el Monkeylord en tierra, puede manejar cualquier cosa por s\u00ed mismo, pero funciona mucho mejor cuando est\u00e1 rodeado por sus amigos (\u00a1u otro barco de guerra!)<\/p>\n\n\n\n<div class=\"wp-block-image\"><figure class=\"aligncenter size-large\"><a href=\"https:\/\/supcom.standardof.net\/es\/supreme-commander\/cybran-2\/cybran-tech-3-unidades-navales\/galaxy-class-battleship-supreme-commander-cybran-tech-3-navy-units\/\"><img decoding=\"async\" width=\"800\" height=\"627\" src=\"https:\/\/supcom.standardof.net\/wp-content\/uploads\/sites\/8\/2020\/11\/Galaxy-Class-Battleship-Supreme-Commander-Cybran-Tech-3-Navy-Units-800x627.jpg\" alt=\"El acorazado Galaxy Class, unidad naval Cybran Tech 3 en Supreme Commander.\" class=\"wp-image-627\" srcset=\"https:\/\/supcom.standardof.net\/wp-content\/uploads\/sites\/8\/2020\/11\/Galaxy-Class-Battleship-Supreme-Commander-Cybran-Tech-3-Navy-Units-800x627.jpg 800w, https:\/\/supcom.standardof.net\/wp-content\/uploads\/sites\/8\/2020\/11\/Galaxy-Class-Battleship-Supreme-Commander-Cybran-Tech-3-Navy-Units-512x401.jpg 512w, https:\/\/supcom.standardof.net\/wp-content\/uploads\/sites\/8\/2020\/11\/Galaxy-Class-Battleship-Supreme-Commander-Cybran-Tech-3-Navy-Units-200x157.jpg 200w, https:\/\/supcom.standardof.net\/wp-content\/uploads\/sites\/8\/2020\/11\/Galaxy-Class-Battleship-Supreme-Commander-Cybran-Tech-3-Navy-Units-768x602.jpg 768w, https:\/\/supcom.standardof.net\/wp-content\/uploads\/sites\/8\/2020\/11\/Galaxy-Class-Battleship-Supreme-Commander-Cybran-Tech-3-Navy-Units-16x12.jpg 16w, https:\/\/supcom.standardof.net\/wp-content\/uploads\/sites\/8\/2020\/11\/Galaxy-Class-Battleship-Supreme-Commander-Cybran-Tech-3-Navy-Units.jpg 834w\" sizes=\"(max-width: 800px) 100vw, 800px\" \/><\/a><figcaption>BATALLA DE CLASE GALAXY<\/figcaption><\/figure><\/div>\n\n\n\n<section class=\"wp-block-uagb-columns uagb-columns__wrap uagb-columns__background-undefined uagb-columns__stack-mobile uagb-columns__valign-undefined uagb-columns__gap-10 alignundefined uagb-block-a21bba76\"><div class=\"uagb-columns__overlay\"><\/div><div class=\"uagb-columns__inner-wrap uagb-columns__columns-2\">\n<div class=\"wp-block-uagb-column uagb-column__wrap uagb-column__background-undefined uagb-block-579ae64d\"><div class=\"uagb-column__overlay\"><\/div><div class=\"uagb-column__inner-wrap\">\n<h3 class=\"wp-block-heading\">Estad\u00edsticas de Galaxy<\/h3>\n\n\n\n<p><strong>Armadura:<\/strong> 50000 CV<br><strong>Habilidades:<\/strong> Defensa contra misiles: t\u00e1ctica<br><strong>Costo:<\/strong> M21000, E168000, T25200<br><strong>Intel<\/strong><br>&nbsp;&nbsp;&nbsp;&nbsp; vista: 70 (1.37km)<br>&nbsp;&nbsp;&nbsp;&nbsp; radar: 90 (1,76 km)<br>&nbsp;&nbsp;&nbsp;&nbsp; sonar: 50 (977m)<br>&nbsp;&nbsp;&nbsp;&nbsp; vista de agua: 50 (977m)<br><strong>F\u00edsica<\/strong><br>&nbsp;&nbsp;&nbsp;&nbsp; velocidad m\u00e1xima: 4.675 (91.3 m \/ s)<br>&nbsp;&nbsp;&nbsp;&nbsp; velocidad de giro: 15<br><strong>Veterancia:<\/strong> 50, 100, 250, 500, 1000 muertes<br><em>* veterano nivel 2: +12500 hp<br>* veterano nivel 4: +12500 hp<br>* veterano nivel 5: repara 3 hp \/ s<\/em><\/p>\n<\/div><\/div>\n\n\n\n<div class=\"wp-block-uagb-column uagb-column__wrap uagb-column__background-undefined uagb-block-4b026808\"><div class=\"uagb-column__overlay\"><\/div><div class=\"uagb-column__inner-wrap\">\n<h3 class=\"wp-block-heading\">Armas Galaxy<\/h3>\n\n\n\n<p>2x <strong>Ca\u00f1\u00f3n de protones<\/strong> (Fuego directo naval)<br>&nbsp;&nbsp;&nbsp;&nbsp; 202,50 dps<br><strong>zona:<\/strong> 3 (58,6 m)<br><strong>rango:<\/strong> 128 (2,50 km)<br><strong>arma de proyectil:<\/strong> 750 da\u00f1os<br><strong>cadencia de fuego:<\/strong> 0,27 (cada 3,7 s)<br><em>* veterano nivel 1: +188 de da\u00f1o<br>* veterano nivel 3: +188 de da\u00f1o<\/em><\/p>\n\n\n\n<p>2x <strong>Ca\u00f1\u00f3n autom\u00e1tico de electrones<\/strong> (Anti aire)<br>&nbsp;&nbsp;&nbsp;&nbsp; 55,00 dps<br><strong>rango:<\/strong> 44 (859m)<br><strong>arma de proyectil:<\/strong> 5 da\u00f1os<br>&nbsp;&nbsp;&nbsp;&nbsp; x 4 proyectiles = 20 da\u00f1os por salva<br><strong>cadencia de fuego:<\/strong> 2,75 (cada 0,36 s)<br><em>* veterano nivel 1: +1 da\u00f1o<br>* veterano nivel 3: +1 da\u00f1o<\/em><\/p>\n\n\n\n<p>2x <strong>Torpedo de nanita<\/strong> (Anti Marina)<br>&nbsp;&nbsp;&nbsp;&nbsp; 66,00 dps<br><strong>rango:<\/strong> 32 (625 m)<br><strong>arma de proyectil:<\/strong> 200<br>&nbsp;&nbsp;&nbsp;&nbsp; (5 veces 40 de da\u00f1o durante 1 segundo)<br><strong>cadencia de fuego:<\/strong> 0,33 (cada 3,03 s)<br><em>* veterano nivel 1: +10 de da\u00f1o<br>* veterano nivel 3: +10 de da\u00f1o<\/em><\/p>\n\n\n\n<p>2x <strong>Zapper Anti Misil<\/strong> (Defensa)<br>&nbsp;&nbsp;&nbsp;&nbsp; 14,40 dps<br><strong>rango:<\/strong> 32 (625 m)<br><strong>arma de haz:<\/strong> 6 da\u00f1os<br>&nbsp;&nbsp;&nbsp;&nbsp; x 2 rayos cada 0.25s por 0.5s = 36 da\u00f1os<br><strong>cadencia de fuego:<\/strong> 0,4 (cada 2,5 s)<\/p>\n<\/div><\/div>\n<\/div><\/section>\n<\/div><\/div>\n<\/div><\/section>\n\n\n\n<section class=\"wp-block-uagb-columns uagb-columns__wrap uagb-columns__background-undefined uagb-columns__stack-mobile uagb-columns__valign-undefined uagb-columns__gap-10 alignundefined uagb-block-1e16bf14\"><div class=\"uagb-columns__overlay\"><\/div><div class=\"uagb-columns__inner-wrap uagb-columns__columns-1\">\n<div class=\"wp-block-uagb-column uagb-column__wrap uagb-column__background-undefined uagb-block-31e9b915\"><div class=\"uagb-column__overlay\"><\/div><div class=\"uagb-column__inner-wrap\">\n<h2 class=\"wp-block-heading\"><strong>MANDO <\/strong>PORTADOR DE AERONAVES DE CLASE<\/h2>\n\n\n\n<p><a href=\"https:\/\/www.standardof.net\/wp-content\/uploads\/2012\/12\/Command-Class-Aircraft-Carrier.png\" class=\"rank-math-link\" target=\"_blank\" rel=\"noopener\"><\/a>El portaaviones Cybran es bastante barato de construir, y realmente solo es \u00fatil en mapas grandes donde desea enviar un ala de avi\u00f3n sin correr el riesgo de que se quede sin combustible en el viaje. Tiene poderosas armas antia\u00e9reas, pero son solo armas, por lo que no siempre se conectar\u00e1n y derribar\u00e1n las ca\u00f1oneras enemigas. Puede construir sus propios aviones, pero eso es m\u00e1s un beneficio secundario; en realidad, est\u00e1 ah\u00ed para proteger su flota de bombarderos torpederos hasta que se desaten en los acorazados enemigos.<\/p>\n\n\n\n<div class=\"wp-block-image\"><figure class=\"aligncenter size-large\"><a href=\"https:\/\/supcom.standardof.net\/es\/supreme-commander\/cybran-2\/cybran-tech-3-unidades-navales\/command-class-aircraft-carrier-supreme-commander-cybran-tech-3-navy-units\/\"><img decoding=\"async\" width=\"800\" height=\"526\" src=\"https:\/\/supcom.standardof.net\/wp-content\/uploads\/sites\/8\/2020\/11\/Command-Class-Aircraft-Carrier-Supreme-Commander-Cybran-Tech-3-Navy-Units-800x526.jpg\" alt=\"El portaaviones Command Class, unidad naval Cybran Tech 3 en Supreme Commander.\" class=\"wp-image-626\" srcset=\"https:\/\/supcom.standardof.net\/wp-content\/uploads\/sites\/8\/2020\/11\/Command-Class-Aircraft-Carrier-Supreme-Commander-Cybran-Tech-3-Navy-Units-800x526.jpg 800w, https:\/\/supcom.standardof.net\/wp-content\/uploads\/sites\/8\/2020\/11\/Command-Class-Aircraft-Carrier-Supreme-Commander-Cybran-Tech-3-Navy-Units-512x337.jpg 512w, https:\/\/supcom.standardof.net\/wp-content\/uploads\/sites\/8\/2020\/11\/Command-Class-Aircraft-Carrier-Supreme-Commander-Cybran-Tech-3-Navy-Units-200x131.jpg 200w, https:\/\/supcom.standardof.net\/wp-content\/uploads\/sites\/8\/2020\/11\/Command-Class-Aircraft-Carrier-Supreme-Commander-Cybran-Tech-3-Navy-Units-768x505.jpg 768w, https:\/\/supcom.standardof.net\/wp-content\/uploads\/sites\/8\/2020\/11\/Command-Class-Aircraft-Carrier-Supreme-Commander-Cybran-Tech-3-Navy-Units-16x12.jpg 16w, https:\/\/supcom.standardof.net\/wp-content\/uploads\/sites\/8\/2020\/11\/Command-Class-Aircraft-Carrier-Supreme-Commander-Cybran-Tech-3-Navy-Units.jpg 928w\" sizes=\"(max-width: 800px) 100vw, 800px\" \/><\/a><figcaption>PORTADOR DE AVIONES DE CLASE DE COMANDO<\/figcaption><\/figure><\/div>\n\n\n\n<section class=\"wp-block-uagb-columns uagb-columns__wrap uagb-columns__background-undefined uagb-columns__stack-mobile uagb-columns__valign-undefined uagb-columns__gap-10 alignundefined uagb-block-61da88da\"><div class=\"uagb-columns__overlay\"><\/div><div class=\"uagb-columns__inner-wrap uagb-columns__columns-2\">\n<div class=\"wp-block-uagb-column uagb-column__wrap uagb-column__background-undefined uagb-block-8ed60475\"><div class=\"uagb-column__overlay\"><\/div><div class=\"uagb-column__inner-wrap\">\n<h3 class=\"wp-block-heading\">Estad\u00edsticas de comando<\/h3>\n\n\n\n<p><strong>Armadura:<\/strong> 18000 CV<br><strong>Habilidades:<\/strong> Radar, defensa contra misiles: t\u00e1ctica, construcci\u00f3n<br><strong>Costo:<\/strong> M3600, E36000, T7200<br>&nbsp;&nbsp;&nbsp;&nbsp; tasa de construcci\u00f3n: 20<br><strong>Intel<br>&nbsp;&nbsp;&nbsp;&nbsp; <\/strong>vista: 60 (1,17km)<br>&nbsp;&nbsp;&nbsp;&nbsp; radar: 150 (2,93 km)<br>&nbsp;&nbsp;&nbsp;&nbsp; sonar: 20 (391 m)<br>&nbsp;&nbsp;&nbsp;&nbsp; vista de agua: 24 (469m)<br><strong>F\u00edsica<\/strong><br>&nbsp;&nbsp;&nbsp;&nbsp; velocidad m\u00e1xima: 3,4 (66,4 m \/ s)<br>&nbsp;&nbsp;&nbsp;&nbsp; velocidad de giro: 10<br><strong>Clase de transporte:<\/strong> 10 (lleva 50 aviones)<br><strong>Veterancia: <\/strong>50, 100, 250, 500, 1000 muertes<br><em>* veterano nivel 2: +4500 CV<br>* veterano nivel 4: +4500 CV<br>* veterano nivel 5: repara 3 hp \/ s<\/em><\/p>\n<\/div><\/div>\n\n\n\n<div class=\"wp-block-uagb-column uagb-column__wrap uagb-column__background-undefined uagb-block-a187c46b\"><div class=\"uagb-column__overlay\"><\/div><div class=\"uagb-column__inner-wrap\">\n<h3 class=\"wp-block-heading\">Armas de mando<\/h3>\n\n\n\n<p>4x <strong>Ca\u00f1\u00f3n autom\u00e1tico de electrones<\/strong> (Defensa):<br>&nbsp;&nbsp;&nbsp;&nbsp; 40,00 dps<br><strong>rango:<\/strong> 44 (859m)<br><strong>arma de proyectil:<\/strong> 5 da\u00f1os<br>&nbsp;&nbsp;&nbsp;&nbsp; x 4 proyectiles = 52 da\u00f1os por salva<br><strong>cadencia de fuego:<\/strong> 2 (cada 0,5 s)<br><em>* veterano nivel 1: +3 de da\u00f1o<br>* veterano nivel 3: +3 de da\u00f1o<\/em><\/p>\n\n\n\n<p><strong>Zapper Anti Misil<\/strong> (Defensa)<br>&nbsp;&nbsp;&nbsp;&nbsp; 7,20 dps,<br><strong>rango:<\/strong> 32 (625 m)<br><strong>arma de haz:<\/strong> 6 da\u00f1os<br>&nbsp;&nbsp;&nbsp;&nbsp; x 3 rayos, uno cada 0,25 s = 18 da\u00f1os<br><strong>cadencia de fuego:<\/strong> 2 (cada 0,5 s)<\/p>\n<\/div><\/div>\n<\/div><\/section>\n<\/div><\/div>\n<\/div><\/section>\n\n\n\n<section class=\"wp-block-uagb-columns uagb-columns__wrap uagb-columns__background-undefined uagb-columns__stack-mobile uagb-columns__valign-undefined uagb-columns__gap-10 alignundefined uagb-block-89fe2485\"><div class=\"uagb-columns__overlay\"><\/div><div class=\"uagb-columns__inner-wrap uagb-columns__columns-1\">\n<div class=\"wp-block-uagb-column uagb-column__wrap uagb-column__background-undefined uagb-block-563c7b2b\"><div class=\"uagb-column__overlay\"><\/div><div class=\"uagb-column__inner-wrap\">\n<h2 class=\"wp-block-heading\"><strong>PLAN B<\/strong> - SUBMARINO ESTRAT\u00c9GICO DE MISILES<\/h2>\n\n\n\n<p><a href=\"https:\/\/www.standardof.net\/wp-content\/uploads\/2012\/12\/Plan-B-Strategic-Missile-Submarine.png\" class=\"rank-math-link\" target=\"_blank\" rel=\"noopener\"><\/a>El hecho de que su arma nuclear venga en un submarino no significa que sea menos doloroso de construir. Recuerde no construir esto en su \u00fanica f\u00e1brica naval, ya que pronto se sentir\u00e1 abrumado. El submarino Cybran no puede luchar contra otras flotas navales, a menos que sean UEF y ya hayas matado a todos sus submarinos T1, porque simplemente derribar\u00e1n sus misiles t\u00e1cticos dej\u00e1ndolo como un submarino extremadamente caro que es demasiado lento. para escapar despu\u00e9s de disparar sus armas nucleares. Sin embargo, contra las fuerzas terrestres, esto infundir\u00e1 miedo en los corazones de los comandantes enemigos, ya que los misiles t\u00e1cticos aparecen de la nada y su F\u00e1brica Naval es bombardeada de repente. Aunque el submarino en s\u00ed es relativamente barato, las armas nucleares son muy caras de construir, as\u00ed que no te hagas ilusiones de grandeza.<\/p>\n\n\n\n<div class=\"wp-block-image\"><figure class=\"aligncenter size-large\"><a href=\"https:\/\/supcom.standardof.net\/es\/supreme-commander\/cybran-2\/cybran-tech-3-unidades-navales\/plan-b-strategic-missile-submarine-supreme-commander-cybran-tech-3-navy-units\/\"><img decoding=\"async\" width=\"654\" height=\"500\" src=\"https:\/\/supcom.standardof.net\/wp-content\/uploads\/sites\/8\/2020\/11\/Plan-B-Strategic-Missile-Submarine-Supreme-Commander-Cybran-Tech-3-Navy-Units.jpg\" alt=\"El Submarino de Misiles Estrat\u00e9gicos Plan B, Unidad Naval Cybran Tech 3 en Comandante Supremo.\" class=\"wp-image-625\" srcset=\"https:\/\/supcom.standardof.net\/wp-content\/uploads\/sites\/8\/2020\/11\/Plan-B-Strategic-Missile-Submarine-Supreme-Commander-Cybran-Tech-3-Navy-Units.jpg 654w, https:\/\/supcom.standardof.net\/wp-content\/uploads\/sites\/8\/2020\/11\/Plan-B-Strategic-Missile-Submarine-Supreme-Commander-Cybran-Tech-3-Navy-Units-512x391.jpg 512w, https:\/\/supcom.standardof.net\/wp-content\/uploads\/sites\/8\/2020\/11\/Plan-B-Strategic-Missile-Submarine-Supreme-Commander-Cybran-Tech-3-Navy-Units-200x153.jpg 200w, https:\/\/supcom.standardof.net\/wp-content\/uploads\/sites\/8\/2020\/11\/Plan-B-Strategic-Missile-Submarine-Supreme-Commander-Cybran-Tech-3-Navy-Units-16x12.jpg 16w\" sizes=\"(max-width: 654px) 100vw, 654px\" \/><\/a><figcaption>PLAN B - SUBMARINO ESTRAT\u00c9GICO DE MISILES<\/figcaption><\/figure><\/div>\n\n\n\n<section class=\"wp-block-uagb-columns uagb-columns__wrap uagb-columns__background-undefined uagb-columns__stack-mobile uagb-columns__valign-undefined uagb-columns__gap-10 alignundefined uagb-block-5d800c2d\"><div class=\"uagb-columns__overlay\"><\/div><div class=\"uagb-columns__inner-wrap uagb-columns__columns-2\">\n<div class=\"wp-block-uagb-column uagb-column__wrap uagb-column__background-undefined uagb-block-a3c0b6c6\"><div class=\"uagb-column__overlay\"><\/div><div class=\"uagb-column__inner-wrap\">\n<h3 class=\"wp-block-heading\">Estad\u00edsticas del plan B<\/h3>\n\n\n\n<p><strong>Armadura:<\/strong> 4000 CV<br><strong>Habilidades:<\/strong> Sumergible, Sonar, Construcci\u00f3n manual, Lanzamiento manual<br><strong>Costo:<\/strong> M11000, E66000, T16500<br><strong>Intel<br><\/strong>&nbsp;&nbsp;&nbsp;&nbsp; vista: 16 (313m)<br>&nbsp;&nbsp;&nbsp;&nbsp; sonar: 75 (1,46 km)<br>&nbsp;&nbsp;&nbsp;&nbsp; vista de agua: 24 (469m)<br><strong>F\u00edsica<\/strong><br>&nbsp;&nbsp;&nbsp;&nbsp; velocidad m\u00e1xima: 6 (117 m \/ s)<br>&nbsp;&nbsp;&nbsp;&nbsp; velocidad de giro: 25<br><strong>Veterancia: <\/strong>50, 100, 250, 500, 1000 muertes<br><em>* veterano nivel 2: +1000 hp<br>* veterano nivel 4: +1000 hp<br>* veterano nivel 5: repara 3 hp \/ s<\/em><\/p>\n<\/div><\/div>\n\n\n\n<div class=\"wp-block-uagb-column uagb-column__wrap uagb-column__background-undefined uagb-block-2a3542b9\"><div class=\"uagb-column__overlay\"><\/div><div class=\"uagb-column__inner-wrap\">\n<h3 class=\"wp-block-heading\">Armas del Plan B<\/h3>\n\n\n\n<p><strong>Torpedo de nanita<\/strong> (Anti Marina)<br>&nbsp;&nbsp;&nbsp;&nbsp; 85 dps<br><strong>rango:<\/strong> 32 (625 m)<br><strong>arma de proyectil:<\/strong> 170 da\u00f1os<br><strong>cadencia de fuego:<\/strong> 0,5 (cada 2 s)<br><em>* veterano nivel 1: +95 de da\u00f1o<br>* veterano nivel 3: +95 de da\u00f1o<\/em><\/p>\n\n\n\n<p><strong>Torpedo de nanita<\/strong> (Anti Marina)<br>&nbsp;&nbsp;&nbsp;&nbsp; 58,33 dps<br><strong>rango:<\/strong> 32 (625 m)<br><strong>arma de proyectil:<\/strong> 175 da\u00f1os<br><strong>cadencia de fuego:<\/strong> 0,333 (cada 3 s)<br><em>* veterano nivel 1: +50 de da\u00f1o<br>* veterano nivel 3: +50 de da\u00f1o<\/em><\/p>\n\n\n\n<p><strong>Misil t\u00e1ctico Loa<\/strong> (Misil)<br>&nbsp;&nbsp;&nbsp;&nbsp; 200,00 dps<br><strong>zona:<\/strong> 4 (78,1 millones)<br><strong>rango:<\/strong> 12,5 (244 m) - 128 (2,50 km)<br><strong>arma de proyectil:<\/strong> 2000 da\u00f1os<br><strong>cadencia de fuego:<\/strong> 0,1 (cada 10 s)<br><em>* veterano nivel 1: +750 de da\u00f1o<br>* veterano nivel 3: +750 de da\u00f1o<\/em><\/p>\n\n\n\n<p><strong>Ojiva de flujo EMP<\/strong> (Misil)<br><strong>da\u00f1o del anillo interior:<\/strong> 35000<br>&nbsp;&nbsp;&nbsp;&nbsp; radio del anillo interior: 30 (586 m)<br><strong>da\u00f1o del anillo exterior:<\/strong> 500<br>&nbsp;&nbsp;&nbsp;&nbsp; radio del anillo exterior: 40 (781 m)<br><strong>almacenamiento:<\/strong> 2 misiles<\/p>\n<\/div><\/div>\n<\/div><\/section>\n<\/div><\/div>\n<\/div><\/section>","protected":false},"excerpt":{"rendered":"<p>GALAXY CLASS BATTLESHIP The Battleship is basically an experimental unit that you can build in your naval factory. It has ungodly amounts of armor, tactical missile defenses to make sure it isn&#8217;t taken out by shore defenses before it&#8217;s had its say in the matter, and anti-air guns designed to kill gunships rather than bombers [&hellip;]<\/p>","protected":false},"author":1,"featured_media":0,"parent":538,"menu_order":0,"comment_status":"open","ping_status":"closed","template":"","meta":{"_uag_custom_page_level_css":"","site-sidebar-layout":"default","site-content-layout":"default","ast-site-content-layout":"","site-content-style":"default","site-sidebar-style":"default","ast-global-header-display":"","ast-banner-title-visibility":"","ast-main-header-display":"","ast-hfb-above-header-display":"","ast-hfb-below-header-display":"","ast-hfb-mobile-header-display":"","site-post-title":"","ast-breadcrumbs-content":"","ast-featured-img":"","footer-sml-layout":"","theme-transparent-header-meta":"default","adv-header-id-meta":"","stick-header-meta":"","header-above-stick-meta":"","header-main-stick-meta":"","header-below-stick-meta":"","astra-migrate-meta-layouts":"default","ast-page-background-enabled":"default","ast-page-background-meta":{"desktop":{"background-color":"","background-image":"","background-repeat":"repeat","background-position":"center center","background-size":"auto","background-attachment":"scroll","background-type":"","background-media":"","overlay-type":"","overlay-color":"","overlay-gradient":""},"tablet":{"background-color":"","background-image":"","background-repeat":"repeat","background-position":"center center","background-size":"auto","background-attachment":"scroll","background-type":"","background-media":"","overlay-type":"","overlay-color":"","overlay-gradient":""},"mobile":{"background-color":"","background-image":"","background-repeat":"repeat","background-position":"center center","background-size":"auto","background-attachment":"scroll","background-type":"","background-media":"","overlay-type":"","overlay-color":"","overlay-gradient":""}},"ast-content-background-meta":{"desktop":{"background-color":"var(--ast-global-color-5)","background-image":"","background-repeat":"repeat","background-position":"center center","background-size":"auto","background-attachment":"scroll","background-type":"","background-media":"","overlay-type":"","overlay-color":"","overlay-gradient":""},"tablet":{"background-color":"var(--ast-global-color-5)","background-image":"","background-repeat":"repeat","background-position":"center center","background-size":"auto","background-attachment":"scroll","background-type":"","background-media":"","overlay-type":"","overlay-color":"","overlay-gradient":""},"mobile":{"background-color":"var(--ast-global-color-5)","background-image":"","background-repeat":"repeat","background-position":"center center","background-size":"auto","background-attachment":"scroll","background-type":"","background-media":"","overlay-type":"","overlay-color":"","overlay-gradient":""}},"footnotes":""},"uagb_featured_image_src":{"full":false,"thumbnail":false,"medium":false,"medium_large":false,"large":false,"1536x1536":false,"2048x2048":false,"trp-custom-language-flag":false},"uagb_author_info":{"display_name":"SOE","author_link":"https:\/\/supcom.standardof.net\/es\/author\/k-tastic\/"},"uagb_comment_info":0,"uagb_excerpt":"GALAXY CLASS BATTLESHIP The Battleship is basically an experimental unit that you can build in your naval factory. It has ungodly amounts of armor, tactical missile defenses to make sure it isn&#8217;t taken out by shore defenses before it&#8217;s had its say in the matter, and anti-air guns designed to kill gunships rather than bombers&hellip;","_links":{"self":[{"href":"https:\/\/supcom.standardof.net\/es\/wp-json\/wp\/v2\/pages\/623"}],"collection":[{"href":"https:\/\/supcom.standardof.net\/es\/wp-json\/wp\/v2\/pages"}],"about":[{"href":"https:\/\/supcom.standardof.net\/es\/wp-json\/wp\/v2\/types\/page"}],"author":[{"embeddable":true,"href":"https:\/\/supcom.standardof.net\/es\/wp-json\/wp\/v2\/users\/1"}],"replies":[{"embeddable":true,"href":"https:\/\/supcom.standardof.net\/es\/wp-json\/wp\/v2\/comments?post=623"}],"version-history":[{"count":0,"href":"https:\/\/supcom.standardof.net\/es\/wp-json\/wp\/v2\/pages\/623\/revisions"}],"up":[{"embeddable":true,"href":"https:\/\/supcom.standardof.net\/es\/wp-json\/wp\/v2\/pages\/538"}],"wp:attachment":[{"href":"https:\/\/supcom.standardof.net\/es\/wp-json\/wp\/v2\/media?parent=623"}],"curies":[{"name":"wp","href":"https:\/\/api.w.org\/{rel}","templated":true}]}}