{"id":647,"date":"2020-11-03T00:03:54","date_gmt":"2020-11-03T05:03:54","guid":{"rendered":"https:\/\/supcom.standardof.net\/?page_id=647"},"modified":"2020-11-04T12:48:36","modified_gmt":"2020-11-04T17:48:36","slug":"cybran-tech-2-economy","status":"publish","type":"page","link":"https:\/\/supcom.standardof.net\/es\/supreme-commander\/cybran-2\/cybran-tech-2-economia-2\/","title":{"rendered":"Cybran Tech 2 Econom\u00eda"},"content":{"rendered":"<div class=\"wp-block-uagb-table-of-contents uagb-toc__align-left uagb-toc__columns-1  uagb-block-654ad1c9\"\n\t\t\t\t\tdata-scroll= \"1\"\n\t\t\t\t\tdata-offset= \"30\"\n\t\t\t\t\tstyle=\"\"\n\t\t\t\t>\n\t\t\t\t<div class=\"uagb-toc__wrap\">\n\t\t\t\t\t\t<div class=\"uagb-toc__title\">\n\t\t\t\t\t\t\tEdificios econ\u00f3micos Cybran Tech 2:\t\t\t\t\t\t<\/div>\n\t\t\t\t\t\t\t\t\t\t\t\t\t\t\t\t<div class=\"uagb-toc__list-wrap\">\n\t\t\t\t\t\t<ol class=\"uagb-toc__list\"><li class=\"uagb-toc__list\"><a href=\"#tech-2-land-factory\" class=\"uagb-toc-link__trigger\">F\u00c1BRICA TECNOL\u00d3GICA 2<\/a><li class=\"uagb-toc__list\"><a href=\"#tech-2-air-factory\" class=\"uagb-toc-link__trigger\">F\u00c1BRICA DE AIRE TECH 2<\/a><li class=\"uagb-toc__list\"><a href=\"#tech-2-naval-factory\" class=\"uagb-toc-link__trigger\">TECH 2 NAVAL FACTORY<\/a><li class=\"uagb-toc__list\"><a href=\"#tech-2-mass-extractor\" class=\"uagb-toc-link__trigger\">EXTRACTOR DE MASA TECH 2<\/a><li class=\"uagb-toc__list\"><a href=\"#tech-2-power-generator\" class=\"uagb-toc-link__trigger\">GENERADOR DE ENERG\u00cdA TECH 2<\/a><\/ol>\t\t\t\t\t<\/div>\n\t\t\t\t\t\t\t\t\t<\/div>\n\t\t\t\t<\/div>\n\t\t\t\n\n\n<section class=\"wp-block-uagb-columns uagb-columns__wrap uagb-columns__background-undefined uagb-columns__stack-mobile uagb-columns__valign-undefined uagb-columns__gap-10 alignundefined uagb-block-5bba1b19\"><div class=\"uagb-columns__overlay\"><\/div><div class=\"uagb-columns__inner-wrap uagb-columns__columns-1\">\n<div class=\"wp-block-uagb-column uagb-column__wrap uagb-column__background-undefined uagb-block-0bd8db13\"><div class=\"uagb-column__overlay\"><\/div><div class=\"uagb-column__inner-wrap\">\n<h2 class=\"wp-block-heading\">TECH 2 <strong>F\u00c1BRICA DE TIERRAS<\/strong><\/h2>\n\n\n\n<p>En el nivel T2, su f\u00e1brica no es vulnerable a ataques sorpresa y suele ser el \u00faltimo edificio en morir. Sigue siendo dos veces m\u00e1s r\u00e1pido que su ingeniero del mismo nivel.<\/p>\n\n\n\n<div class=\"wp-block-image\"><figure class=\"aligncenter size-large\"><a href=\"https:\/\/supcom.standardof.net\/es\/supreme-commander\/cybran-2\/cybran-tech-2-economia-2\/tech-2-land-factory-supreme-commander-cybran-tech-2-economy\/\"><img decoding=\"async\" width=\"800\" height=\"537\" src=\"https:\/\/supcom.standardof.net\/wp-content\/uploads\/sites\/8\/2020\/11\/TECH-2-LAND-FACTORY-Supreme-Commander-Cybran-Tech-2-Economy-800x537.jpg\" alt=\"La T2 Land Factory, Cybran Tech 2 Economy Building en Supreme Commander.\" class=\"wp-image-936\" srcset=\"https:\/\/supcom.standardof.net\/wp-content\/uploads\/sites\/8\/2020\/11\/TECH-2-LAND-FACTORY-Supreme-Commander-Cybran-Tech-2-Economy-800x537.jpg 800w, https:\/\/supcom.standardof.net\/wp-content\/uploads\/sites\/8\/2020\/11\/TECH-2-LAND-FACTORY-Supreme-Commander-Cybran-Tech-2-Economy-512x344.jpg 512w, https:\/\/supcom.standardof.net\/wp-content\/uploads\/sites\/8\/2020\/11\/TECH-2-LAND-FACTORY-Supreme-Commander-Cybran-Tech-2-Economy-200x134.jpg 200w, https:\/\/supcom.standardof.net\/wp-content\/uploads\/sites\/8\/2020\/11\/TECH-2-LAND-FACTORY-Supreme-Commander-Cybran-Tech-2-Economy-768x516.jpg 768w, https:\/\/supcom.standardof.net\/wp-content\/uploads\/sites\/8\/2020\/11\/TECH-2-LAND-FACTORY-Supreme-Commander-Cybran-Tech-2-Economy-1536x1032.jpg 1536w, https:\/\/supcom.standardof.net\/wp-content\/uploads\/sites\/8\/2020\/11\/TECH-2-LAND-FACTORY-Supreme-Commander-Cybran-Tech-2-Economy-16x12.jpg 16w, https:\/\/supcom.standardof.net\/wp-content\/uploads\/sites\/8\/2020\/11\/TECH-2-LAND-FACTORY-Supreme-Commander-Cybran-Tech-2-Economy.jpg 1581w\" sizes=\"(max-width: 800px) 100vw, 800px\" \/><\/a><figcaption>F\u00c1BRICA TECNOL\u00d3GICA 2<\/figcaption><\/figure><\/div>\n\n\n\n<section class=\"wp-block-uagb-columns uagb-columns__wrap uagb-columns__background-undefined uagb-columns__stack-mobile uagb-columns__valign-undefined uagb-columns__gap-10 alignundefined uagb-block-4f46f08a\"><div class=\"uagb-columns__overlay\"><\/div><div class=\"uagb-columns__inner-wrap uagb-columns__columns-2\">\n<div class=\"wp-block-uagb-column uagb-column__wrap uagb-column__background-undefined uagb-block-15e2c409\"><div class=\"uagb-column__overlay\"><\/div><div class=\"uagb-column__inner-wrap\">\n<h3 class=\"wp-block-heading\">Estad\u00edsticas de T2 Land Factory<\/h3>\n\n\n\n<p><strong>Armadura:<\/strong> 7900 CV<br><strong>Habilidades:<\/strong> Actualizable<br><strong>Costo<\/strong><br>&nbsp;&nbsp;&nbsp; M875 (almacenamiento: 200)<br>&nbsp;&nbsp;&nbsp; E7000 (almacenamiento: 1000)<br>&nbsp;&nbsp;&nbsp; T1750<br><strong>Tasa de construcci\u00f3n:<\/strong> 20<br><strong>Intel<\/strong><br>&nbsp;&nbsp;&nbsp; vista: 20 (391m)<br><strong>F\u00edsica<\/strong><br>&nbsp;&nbsp;&nbsp; tama\u00f1o de la adyacencia: 16<\/p>\n<\/div><\/div>\n\n\n\n<div class=\"wp-block-uagb-column uagb-column__wrap uagb-column__background-undefined uagb-block-1a7b1f68\"><div class=\"uagb-column__overlay\"><\/div><div class=\"uagb-column__inner-wrap\"><\/div><\/div>\n<\/div><\/section>\n<\/div><\/div>\n<\/div><\/section>\n\n\n\n<section class=\"wp-block-uagb-columns uagb-columns__wrap uagb-columns__background-undefined uagb-columns__stack-mobile uagb-columns__valign-undefined uagb-columns__gap-10 alignundefined uagb-block-02bdbd71\"><div class=\"uagb-columns__overlay\"><\/div><div class=\"uagb-columns__inner-wrap uagb-columns__columns-1\">\n<div class=\"wp-block-uagb-column uagb-column__wrap uagb-column__background-undefined uagb-block-0f120b9f\"><div class=\"uagb-column__overlay\"><\/div><div class=\"uagb-column__inner-wrap\">\n<h2 class=\"wp-block-heading\">TECH 2<strong> FABRICA DE AIRE<\/strong><\/h2>\n\n\n\n<p>La actualizaci\u00f3n de la f\u00e1brica T2 air es m\u00e1s lenta que la actualizaci\u00f3n de la f\u00e1brica T2 terrestre, por lo que si es hora de mejorar la tecnolog\u00eda y solo desea ingenieros, h\u00e1galo m\u00e1s tarde. En el lado positivo, cuesta mucho menos masa.<\/p>\n\n\n\n<div class=\"wp-block-image\"><figure class=\"aligncenter size-large\"><a href=\"https:\/\/supcom.standardof.net\/es\/supreme-commander\/cybran-2\/cybran-tech-2-economia-2\/tech-2-air-factory-supreme-commander-cybran-tech-2-economy\/\"><img decoding=\"async\" width=\"800\" height=\"478\" src=\"https:\/\/supcom.standardof.net\/wp-content\/uploads\/sites\/8\/2020\/11\/TECH-2-AIR-FACTORY-Supreme-Commander-Cybran-Tech-2-Economy-800x478.jpg\" alt=\"La T2 Air Factory, Cybran Tech 2 Economy Building en Supreme Commander.\" class=\"wp-image-935\" srcset=\"https:\/\/supcom.standardof.net\/wp-content\/uploads\/sites\/8\/2020\/11\/TECH-2-AIR-FACTORY-Supreme-Commander-Cybran-Tech-2-Economy-800x478.jpg 800w, https:\/\/supcom.standardof.net\/wp-content\/uploads\/sites\/8\/2020\/11\/TECH-2-AIR-FACTORY-Supreme-Commander-Cybran-Tech-2-Economy-512x306.jpg 512w, https:\/\/supcom.standardof.net\/wp-content\/uploads\/sites\/8\/2020\/11\/TECH-2-AIR-FACTORY-Supreme-Commander-Cybran-Tech-2-Economy-200x120.jpg 200w, https:\/\/supcom.standardof.net\/wp-content\/uploads\/sites\/8\/2020\/11\/TECH-2-AIR-FACTORY-Supreme-Commander-Cybran-Tech-2-Economy-768x459.jpg 768w, https:\/\/supcom.standardof.net\/wp-content\/uploads\/sites\/8\/2020\/11\/TECH-2-AIR-FACTORY-Supreme-Commander-Cybran-Tech-2-Economy-1536x919.jpg 1536w, https:\/\/supcom.standardof.net\/wp-content\/uploads\/sites\/8\/2020\/11\/TECH-2-AIR-FACTORY-Supreme-Commander-Cybran-Tech-2-Economy-16x10.jpg 16w, https:\/\/supcom.standardof.net\/wp-content\/uploads\/sites\/8\/2020\/11\/TECH-2-AIR-FACTORY-Supreme-Commander-Cybran-Tech-2-Economy.jpg 1821w\" sizes=\"(max-width: 800px) 100vw, 800px\" \/><\/a><figcaption>F\u00c1BRICA DE AIRE TECH 2<\/figcaption><\/figure><\/div>\n\n\n\n<section class=\"wp-block-uagb-columns uagb-columns__wrap uagb-columns__background-undefined uagb-columns__stack-mobile uagb-columns__valign-undefined uagb-columns__gap-10 alignundefined uagb-block-92fd0144\"><div class=\"uagb-columns__overlay\"><\/div><div class=\"uagb-columns__inner-wrap uagb-columns__columns-2\">\n<div class=\"wp-block-uagb-column uagb-column__wrap uagb-column__background-undefined uagb-block-4fb43c61\"><div class=\"uagb-column__overlay\"><\/div><div class=\"uagb-column__inner-wrap\">\n<h3 class=\"wp-block-heading\">Estad\u00edsticas de T2 Air Factory<\/h3>\n\n\n\n<p><strong>Armadura:<\/strong> 7900 CV<br><strong>Habilidades:<\/strong> Actualizable<br><strong>Costo<\/strong><br>&nbsp;&nbsp;&nbsp; M660 (almacenamiento: 200)<br>&nbsp;&nbsp;&nbsp; E17600 (almacenamiento: 1000)<br>&nbsp;&nbsp;&nbsp; T2200<br><strong>Tasa de construcci\u00f3n:<\/strong> 20<br><strong>Intel<\/strong><br>&nbsp;&nbsp;&nbsp; vista: 20 (391m)<br><strong>F\u00edsica<\/strong><br>&nbsp;&nbsp;&nbsp; tama\u00f1o de la adyacencia: 16<\/p>\n<\/div><\/div>\n\n\n\n<div class=\"wp-block-uagb-column uagb-column__wrap uagb-column__background-undefined uagb-block-0bc4ccd2\"><div class=\"uagb-column__overlay\"><\/div><div class=\"uagb-column__inner-wrap\"><\/div><\/div>\n<\/div><\/section>\n<\/div><\/div>\n<\/div><\/section>\n\n\n\n<section class=\"wp-block-uagb-columns uagb-columns__wrap uagb-columns__background-undefined uagb-columns__stack-mobile uagb-columns__valign-undefined uagb-columns__gap-10 alignundefined uagb-block-38ca58ec\"><div class=\"uagb-columns__overlay\"><\/div><div class=\"uagb-columns__inner-wrap uagb-columns__columns-1\">\n<div class=\"wp-block-uagb-column uagb-column__wrap uagb-column__background-undefined uagb-block-310505b5\"><div class=\"uagb-column__overlay\"><\/div><div class=\"uagb-column__inner-wrap\">\n<h2 class=\"wp-block-heading\">TECH 2 <strong>F\u00c1BRICA NAVAL<\/strong><\/h2>\n\n\n\n<p>La F\u00e1brica Naval T2 ahora tiene mucha salud, sin ser m\u00e1s cara que las otras actualizaciones. Teniendo en cuenta que la \u00fanica raz\u00f3n para tener una marina Cybran es para T2, esto ser\u00e1 extremadamente \u00fatil.<\/p>\n\n\n\n<div class=\"wp-block-image\"><figure class=\"aligncenter size-large\"><a href=\"https:\/\/supcom.standardof.net\/es\/supreme-commander\/cybran-2\/cybran-tech-2-economia-2\/tech-2-naval-factory-supreme-commander-cybran-tech-2-economy\/\"><img decoding=\"async\" width=\"800\" height=\"465\" src=\"https:\/\/supcom.standardof.net\/wp-content\/uploads\/sites\/8\/2020\/11\/TECH-2-NAVAL-FACTORY-Supreme-Commander-Cybran-Tech-2-Economy-800x465.jpg\" alt=\"La F\u00e1brica Naval T2, Edificio Econ\u00f3mico Cybran Tech 2 en Supreme Commander.\" class=\"wp-image-938\" srcset=\"https:\/\/supcom.standardof.net\/wp-content\/uploads\/sites\/8\/2020\/11\/TECH-2-NAVAL-FACTORY-Supreme-Commander-Cybran-Tech-2-Economy-800x465.jpg 800w, https:\/\/supcom.standardof.net\/wp-content\/uploads\/sites\/8\/2020\/11\/TECH-2-NAVAL-FACTORY-Supreme-Commander-Cybran-Tech-2-Economy-512x298.jpg 512w, https:\/\/supcom.standardof.net\/wp-content\/uploads\/sites\/8\/2020\/11\/TECH-2-NAVAL-FACTORY-Supreme-Commander-Cybran-Tech-2-Economy-200x116.jpg 200w, https:\/\/supcom.standardof.net\/wp-content\/uploads\/sites\/8\/2020\/11\/TECH-2-NAVAL-FACTORY-Supreme-Commander-Cybran-Tech-2-Economy-768x446.jpg 768w, https:\/\/supcom.standardof.net\/wp-content\/uploads\/sites\/8\/2020\/11\/TECH-2-NAVAL-FACTORY-Supreme-Commander-Cybran-Tech-2-Economy-1536x893.jpg 1536w, https:\/\/supcom.standardof.net\/wp-content\/uploads\/sites\/8\/2020\/11\/TECH-2-NAVAL-FACTORY-Supreme-Commander-Cybran-Tech-2-Economy-16x9.jpg 16w, https:\/\/supcom.standardof.net\/wp-content\/uploads\/sites\/8\/2020\/11\/TECH-2-NAVAL-FACTORY-Supreme-Commander-Cybran-Tech-2-Economy.jpg 1641w\" sizes=\"(max-width: 800px) 100vw, 800px\" \/><\/a><figcaption>TECH 2 NAVAL FACTORY<\/figcaption><\/figure><\/div>\n\n\n\n<section class=\"wp-block-uagb-columns uagb-columns__wrap uagb-columns__background-undefined uagb-columns__stack-mobile uagb-columns__valign-undefined uagb-columns__gap-10 alignundefined uagb-block-12bcfa14\"><div class=\"uagb-columns__overlay\"><\/div><div class=\"uagb-columns__inner-wrap uagb-columns__columns-2\">\n<div class=\"wp-block-uagb-column uagb-column__wrap uagb-column__background-undefined uagb-block-1c791d1c\"><div class=\"uagb-column__overlay\"><\/div><div class=\"uagb-column__inner-wrap\">\n<h3 class=\"wp-block-heading\">Estad\u00edsticas de la F\u00e1brica Naval T2<\/h3>\n\n\n\n<p><strong>Armadura:<\/strong> 15000 CV<br><strong>Habilidades:<\/strong> Actualizable<br><strong>Costo<\/strong><br>&nbsp;&nbsp;&nbsp; M875 (almacenamiento: 200)<br>&nbsp;&nbsp;&nbsp; E7000 (almacenamiento: 1000)<br>&nbsp;&nbsp;&nbsp; T1750<br><strong>Tasa de construcci\u00f3n:<\/strong> 20<br><strong>Intel<\/strong><br>&nbsp;&nbsp;&nbsp; vista: 20 (391m)<br><strong>F\u00edsica<\/strong><br>&nbsp;&nbsp;&nbsp; tama\u00f1o de la adyacencia: 16<\/p>\n<\/div><\/div>\n\n\n\n<div class=\"wp-block-uagb-column uagb-column__wrap uagb-column__background-undefined uagb-block-03b61e85\"><div class=\"uagb-column__overlay\"><\/div><div class=\"uagb-column__inner-wrap\"><\/div><\/div>\n<\/div><\/section>\n<\/div><\/div>\n<\/div><\/section>\n\n\n\n<section class=\"wp-block-uagb-columns uagb-columns__wrap uagb-columns__background-undefined uagb-columns__stack-mobile uagb-columns__valign-undefined uagb-columns__gap-10 alignundefined uagb-block-9d1ecf54\"><div class=\"uagb-columns__overlay\"><\/div><div class=\"uagb-columns__inner-wrap uagb-columns__columns-1\">\n<div class=\"wp-block-uagb-column uagb-column__wrap uagb-column__background-undefined uagb-block-dbe89eac\"><div class=\"uagb-column__overlay\"><\/div><div class=\"uagb-column__inner-wrap\">\n<h2 class=\"wp-block-heading\">TECH 2 <strong>EXTRACTOR DE MASA<\/strong><\/h2>\n\n\n\n<p>En los niveles T2, se ha expandido al m\u00e1ximo y ahora es el momento de comenzar a actualizar sus extractores de masa. Tenga cuidado al ayudarlos, ya que no aparecer\u00e1n inactivos una vez finalizada la actualizaci\u00f3n.<\/p>\n\n\n\n<div class=\"wp-block-image\"><figure class=\"aligncenter size-large\"><a href=\"https:\/\/supcom.standardof.net\/es\/supreme-commander\/cybran-2\/cybran-tech-2-economia-2\/tech-2-mass-extractor-supreme-commander-cybran-tech-2-economy\/\"><img decoding=\"async\" width=\"800\" height=\"522\" src=\"https:\/\/supcom.standardof.net\/wp-content\/uploads\/sites\/8\/2020\/11\/TECH-2-MASS-EXTRACTOR-Supreme-Commander-Cybran-Tech-2-Economy-800x522.jpg\" alt=\"El T2 Mass Extractor, Cybran Tech 2 Economy Building en Supreme Commander.\" class=\"wp-image-937\" srcset=\"https:\/\/supcom.standardof.net\/wp-content\/uploads\/sites\/8\/2020\/11\/TECH-2-MASS-EXTRACTOR-Supreme-Commander-Cybran-Tech-2-Economy-800x522.jpg 800w, https:\/\/supcom.standardof.net\/wp-content\/uploads\/sites\/8\/2020\/11\/TECH-2-MASS-EXTRACTOR-Supreme-Commander-Cybran-Tech-2-Economy-512x334.jpg 512w, https:\/\/supcom.standardof.net\/wp-content\/uploads\/sites\/8\/2020\/11\/TECH-2-MASS-EXTRACTOR-Supreme-Commander-Cybran-Tech-2-Economy-200x130.jpg 200w, https:\/\/supcom.standardof.net\/wp-content\/uploads\/sites\/8\/2020\/11\/TECH-2-MASS-EXTRACTOR-Supreme-Commander-Cybran-Tech-2-Economy-768x501.jpg 768w, https:\/\/supcom.standardof.net\/wp-content\/uploads\/sites\/8\/2020\/11\/TECH-2-MASS-EXTRACTOR-Supreme-Commander-Cybran-Tech-2-Economy-16x10.jpg 16w, https:\/\/supcom.standardof.net\/wp-content\/uploads\/sites\/8\/2020\/11\/TECH-2-MASS-EXTRACTOR-Supreme-Commander-Cybran-Tech-2-Economy.jpg 1491w\" sizes=\"(max-width: 800px) 100vw, 800px\" \/><\/a><figcaption>EXTRACTOR DE MASA TECH 2<\/figcaption><\/figure><\/div>\n\n\n\n<section class=\"wp-block-uagb-columns uagb-columns__wrap uagb-columns__background-undefined uagb-columns__stack-mobile uagb-columns__valign-undefined uagb-columns__gap-10 alignundefined uagb-block-dc5922e9\"><div class=\"uagb-columns__overlay\"><\/div><div class=\"uagb-columns__inner-wrap uagb-columns__columns-2\">\n<div class=\"wp-block-uagb-column uagb-column__wrap uagb-column__background-undefined uagb-block-c7f679da\"><div class=\"uagb-column__overlay\"><\/div><div class=\"uagb-column__inner-wrap\">\n<h4 class=\"wp-block-heading\">Estad\u00edsticas del extractor de masa T2<\/h4>\n\n\n\n<p><strong>Armadura:<\/strong> 2160 CV<br><strong>Habilidades:<\/strong> Actualizable<br><strong>Costo<\/strong><br>&nbsp;&nbsp;&nbsp; M900 (+6)<br>&nbsp;&nbsp;&nbsp; E5400 (-9)<br>&nbsp;&nbsp;&nbsp; T900<br><strong>Tasa de construcci\u00f3n:<\/strong> 15<br><strong>Intel<\/strong><br>&nbsp;&nbsp;&nbsp;&nbsp; vista: 20 (391m)<br><strong>F\u00edsica<\/strong><br>&nbsp;&nbsp;&nbsp; tama\u00f1o de la adyacencia: 4<br><strong>Bonificaciones de adyacencia<\/strong><br>&nbsp; tama\u00f1o del edificio adyacente: 4, 8, 12, 16, 20)<br>&nbsp; Reducci\u00f3n de drenaje masivo (f\u00e1bricas): 15.00%, 7.50%, 5.00%, 3.75%, 3.00%<\/p>\n<\/div><\/div>\n\n\n\n<div class=\"wp-block-uagb-column uagb-column__wrap uagb-column__background-undefined uagb-block-194bebf0\"><div class=\"uagb-column__overlay\"><\/div><div class=\"uagb-column__inner-wrap\"><\/div><\/div>\n<\/div><\/section>\n<\/div><\/div>\n<\/div><\/section>\n\n\n\n<section class=\"wp-block-uagb-columns uagb-columns__wrap uagb-columns__background-undefined uagb-columns__stack-mobile uagb-columns__valign-undefined uagb-columns__gap-10 alignundefined uagb-block-5060e6f7\"><div class=\"uagb-columns__overlay\"><\/div><div class=\"uagb-columns__inner-wrap uagb-columns__columns-1\">\n<div class=\"wp-block-uagb-column uagb-column__wrap uagb-column__background-undefined uagb-block-adfee870\"><div class=\"uagb-column__overlay\"><\/div><div class=\"uagb-column__inner-wrap\">\n<h2 class=\"wp-block-heading\">TECH 2 <strong>GENERADOR DE ENERG\u00cdA<\/strong><\/h2>\n\n\n\n<p>El generador de energ\u00eda T2 es una pieza clave de tu econom\u00eda, ya que proporciona ese impulso que evita que te encadenen a las peque\u00f1as dosis de energ\u00eda del poder T1, al mismo tiempo que otorga una generosa bonificaci\u00f3n de adyacencia si quieres poner un escudo o una artiller\u00eda T2 a su alrededor. Los generadores de energ\u00eda Cybran T2 son m\u00e1s peque\u00f1os, pero esto no har\u00e1 una diferencia, ya que los construye separados entre s\u00ed para minimizar su explosi\u00f3n mortal de todos modos.<\/p>\n\n\n\n<div class=\"wp-block-image\"><figure class=\"aligncenter size-large\"><a href=\"https:\/\/supcom.standardof.net\/es\/supreme-commander\/cybran-2\/cybran-tech-2-economia-2\/tech-2-power-generator-supreme-commander-cybran-tech-2-economy\/\"><img decoding=\"async\" width=\"800\" height=\"540\" src=\"https:\/\/supcom.standardof.net\/wp-content\/uploads\/sites\/8\/2020\/11\/TECH-2-POWER-GENERATOR-Supreme-Commander-Cybran-Tech-2-Economy-800x540.jpg\" alt=\"El GENERADOR DE ENERG\u00cdA T2, Cybran Tech 2 Economy Building en Supreme Commander.\" class=\"wp-image-934\" srcset=\"https:\/\/supcom.standardof.net\/wp-content\/uploads\/sites\/8\/2020\/11\/TECH-2-POWER-GENERATOR-Supreme-Commander-Cybran-Tech-2-Economy-800x540.jpg 800w, https:\/\/supcom.standardof.net\/wp-content\/uploads\/sites\/8\/2020\/11\/TECH-2-POWER-GENERATOR-Supreme-Commander-Cybran-Tech-2-Economy-512x345.jpg 512w, https:\/\/supcom.standardof.net\/wp-content\/uploads\/sites\/8\/2020\/11\/TECH-2-POWER-GENERATOR-Supreme-Commander-Cybran-Tech-2-Economy-200x135.jpg 200w, https:\/\/supcom.standardof.net\/wp-content\/uploads\/sites\/8\/2020\/11\/TECH-2-POWER-GENERATOR-Supreme-Commander-Cybran-Tech-2-Economy-768x518.jpg 768w, https:\/\/supcom.standardof.net\/wp-content\/uploads\/sites\/8\/2020\/11\/TECH-2-POWER-GENERATOR-Supreme-Commander-Cybran-Tech-2-Economy-1536x1036.jpg 1536w, https:\/\/supcom.standardof.net\/wp-content\/uploads\/sites\/8\/2020\/11\/TECH-2-POWER-GENERATOR-Supreme-Commander-Cybran-Tech-2-Economy-16x12.jpg 16w, https:\/\/supcom.standardof.net\/wp-content\/uploads\/sites\/8\/2020\/11\/TECH-2-POWER-GENERATOR-Supreme-Commander-Cybran-Tech-2-Economy.jpg 1614w\" sizes=\"(max-width: 800px) 100vw, 800px\" \/><\/a><figcaption>GENERADOR DE ENERG\u00cdA TECH 2<\/figcaption><\/figure><\/div>\n\n\n\n<section class=\"wp-block-uagb-columns uagb-columns__wrap uagb-columns__background-undefined uagb-columns__stack-mobile uagb-columns__valign-undefined uagb-columns__gap-10 alignundefined uagb-block-6864d497\"><div class=\"uagb-columns__overlay\"><\/div><div class=\"uagb-columns__inner-wrap uagb-columns__columns-2\">\n<div class=\"wp-block-uagb-column uagb-column__wrap uagb-column__background-undefined uagb-block-eff07fa4\"><div class=\"uagb-column__overlay\"><\/div><div class=\"uagb-column__inner-wrap\">\n<h3 class=\"wp-block-heading\">Estad\u00edsticas del generador de energ\u00eda T2<\/h3>\n\n\n\n<p><strong>Armadura:<\/strong> 2160 CV<br><strong>Costo<\/strong><br>&nbsp;&nbsp;&nbsp; M1200<br>&nbsp;&nbsp;&nbsp; E12000 (+500)<br>&nbsp;&nbsp;&nbsp; T2000<br><strong>Intel<\/strong><br>&nbsp;&nbsp;&nbsp; vista: 20 (391m)<br><strong>F\u00edsica<\/strong><br>&nbsp;&nbsp; tama\u00f1o de la adyacencia: 12<br><strong>Bonificaciones por adyacencia<\/strong><br>(tama\u00f1o del edificio adyacente: 4, 8, 12, 16, 20)<br>&nbsp; Reducci\u00f3n del consumo de energ\u00eda (mantenimiento): 12.50%, 12.50%, 12.50%, 12.50%<br>&nbsp; Reducci\u00f3n del consumo de energ\u00eda (f\u00e1bricas): 12.50%, 12.50%, 12.50%, 12.50%, 12.50%<br>&nbsp; Reducci\u00f3n del tiempo de consumo de armas de energ\u00eda: 5.00%, 5.00%, 5.00%, 5.00%<\/p>\n<\/div><\/div>\n\n\n\n<div class=\"wp-block-uagb-column uagb-column__wrap uagb-column__background-undefined uagb-block-2ef02ba8\"><div class=\"uagb-column__overlay\"><\/div><div class=\"uagb-column__inner-wrap\">\n<h3 class=\"wp-block-heading\">Armas del generador de energ\u00eda T2<\/h3>\n\n\n\n<p><strong>Arma de muerte<\/strong><br>&nbsp;&nbsp;&nbsp; 1500 da\u00f1os<br><strong>Zona:<\/strong> 5 (97,7 millones)<\/p>\n<\/div><\/div>\n<\/div><\/section>\n<\/div><\/div>\n<\/div><\/section>","protected":false},"excerpt":{"rendered":"<p>TECH 2 LAND FACTORY By the T2 level, your factory is not vulnerable to surprise strikes, and is usually the last building to die. It&#8217;s still twice as fast as your engineer of the same level. T2 Land Factory Stats Armor: 7900hpAbilities: UpgradeableCost&nbsp;&nbsp;&nbsp; M875 (storage: 200)&nbsp;&nbsp;&nbsp; E7000 (storage: 1000)&nbsp;&nbsp;&nbsp; T1750Build Rate: 20Intel&nbsp;&nbsp;&nbsp; sight: 20 (391m)Physics&nbsp;&nbsp;&nbsp; [&hellip;]<\/p>","protected":false},"author":1,"featured_media":0,"parent":538,"menu_order":0,"comment_status":"open","ping_status":"closed","template":"","meta":{"_uag_custom_page_level_css":"","site-sidebar-layout":"default","site-content-layout":"default","ast-site-content-layout":"","site-content-style":"default","site-sidebar-style":"default","ast-global-header-display":"","ast-banner-title-visibility":"","ast-main-header-display":"","ast-hfb-above-header-display":"","ast-hfb-below-header-display":"","ast-hfb-mobile-header-display":"","site-post-title":"","ast-breadcrumbs-content":"","ast-featured-img":"","footer-sml-layout":"","theme-transparent-header-meta":"default","adv-header-id-meta":"","stick-header-meta":"","header-above-stick-meta":"","header-main-stick-meta":"","header-below-stick-meta":"","astra-migrate-meta-layouts":"default","ast-page-background-enabled":"default","ast-page-background-meta":{"desktop":{"background-color":"","background-image":"","background-repeat":"repeat","background-position":"center center","background-size":"auto","background-attachment":"scroll","background-type":"","background-media":"","overlay-type":"","overlay-color":"","overlay-gradient":""},"tablet":{"background-color":"","background-image":"","background-repeat":"repeat","background-position":"center center","background-size":"auto","background-attachment":"scroll","background-type":"","background-media":"","overlay-type":"","overlay-color":"","overlay-gradient":""},"mobile":{"background-color":"","background-image":"","background-repeat":"repeat","background-position":"center center","background-size":"auto","background-attachment":"scroll","background-type":"","background-media":"","overlay-type":"","overlay-color":"","overlay-gradient":""}},"ast-content-background-meta":{"desktop":{"background-color":"var(--ast-global-color-5)","background-image":"","background-repeat":"repeat","background-position":"center center","background-size":"auto","background-attachment":"scroll","background-type":"","background-media":"","overlay-type":"","overlay-color":"","overlay-gradient":""},"tablet":{"background-color":"var(--ast-global-color-5)","background-image":"","background-repeat":"repeat","background-position":"center center","background-size":"auto","background-attachment":"scroll","background-type":"","background-media":"","overlay-type":"","overlay-color":"","overlay-gradient":""},"mobile":{"background-color":"var(--ast-global-color-5)","background-image":"","background-repeat":"repeat","background-position":"center center","background-size":"auto","background-attachment":"scroll","background-type":"","background-media":"","overlay-type":"","overlay-color":"","overlay-gradient":""}},"footnotes":""},"uagb_featured_image_src":{"full":false,"thumbnail":false,"medium":false,"medium_large":false,"large":false,"1536x1536":false,"2048x2048":false,"trp-custom-language-flag":false},"uagb_author_info":{"display_name":"SOE","author_link":"https:\/\/supcom.standardof.net\/es\/author\/k-tastic\/"},"uagb_comment_info":0,"uagb_excerpt":"TECH 2 LAND FACTORY By the T2 level, your factory is not vulnerable to surprise strikes, and is usually the last building to die. It&#8217;s still twice as fast as your engineer of the same level. T2 Land Factory Stats Armor: 7900hpAbilities: UpgradeableCost&nbsp;&nbsp;&nbsp; M875 (storage: 200)&nbsp;&nbsp;&nbsp; E7000 (storage: 1000)&nbsp;&nbsp;&nbsp; T1750Build Rate: 20Intel&nbsp;&nbsp;&nbsp; sight: 20 (391m)Physics&nbsp;&nbsp;&nbsp;&hellip;","_links":{"self":[{"href":"https:\/\/supcom.standardof.net\/es\/wp-json\/wp\/v2\/pages\/647"}],"collection":[{"href":"https:\/\/supcom.standardof.net\/es\/wp-json\/wp\/v2\/pages"}],"about":[{"href":"https:\/\/supcom.standardof.net\/es\/wp-json\/wp\/v2\/types\/page"}],"author":[{"embeddable":true,"href":"https:\/\/supcom.standardof.net\/es\/wp-json\/wp\/v2\/users\/1"}],"replies":[{"embeddable":true,"href":"https:\/\/supcom.standardof.net\/es\/wp-json\/wp\/v2\/comments?post=647"}],"version-history":[{"count":0,"href":"https:\/\/supcom.standardof.net\/es\/wp-json\/wp\/v2\/pages\/647\/revisions"}],"up":[{"embeddable":true,"href":"https:\/\/supcom.standardof.net\/es\/wp-json\/wp\/v2\/pages\/538"}],"wp:attachment":[{"href":"https:\/\/supcom.standardof.net\/es\/wp-json\/wp\/v2\/media?parent=647"}],"curies":[{"name":"wp","href":"https:\/\/api.w.org\/{rel}","templated":true}]}}