{"id":692,"date":"2020-11-03T01:28:14","date_gmt":"2020-11-03T06:28:14","guid":{"rendered":"https:\/\/supcom.standardof.net\/?page_id=692"},"modified":"2020-11-03T01:28:14","modified_gmt":"2020-11-03T06:28:14","slug":"starting-build-orders","status":"publish","type":"page","link":"https:\/\/supcom.standardof.net\/es\/supreme-commander\/ordenes-de-construccion-iniciales-2\/","title":{"rendered":"COMENZAR \u00d3RDENES DE CONSTRUCCI\u00d3N"},"content":{"rendered":"<p>Al comienzo del juego, construye 2-3 extractores de masa y generadores de energ\u00eda, luego una f\u00e1brica terrestre o a\u00e9rea. Land Factory deber\u00eda construir algunos ingenieros T1, as\u00ed como el surtido habitual de unidades terrestres. Para mantener optimizada su econom\u00eda inicial, haga que el comandante termine de construir los extractores de masa en su \u00e1rea inmediata, luego comience a construir m\u00e1s f\u00e1bricas con algunos generadores de energ\u00eda al lado de cada una para que no se quede sin energ\u00eda. Al menos un ingeniero debe estar patrullando los \u00e1rboles o rocas cerca de su base para un impulso econ\u00f3mico temprano, mientras que otro construye m\u00e1s extractores de masa y un tercero construye una planta de energ\u00eda de hidrocarburos si tiene una cerca de usted, o generadores de energ\u00eda si no la tiene. En este punto inicial, a menudo es preferible construir exploradores terrestres en lugar de una torre de radar T1.\n<\/p>\n\n\n\n<p>Por lo general, querr\u00e1s f\u00e1bricas terrestres y a\u00e9reas desde el principio, con la f\u00e1brica a\u00e9rea bombeando cazas y el bombardero ocasional. Las f\u00e1bricas navales son una inversi\u00f3n mayor, pero establecer una presencia en el mar temprano puede obligar a los oponentes a desperdiciar valiosos recursos en defensas o submarinos. Tambi\u00e9n es posible patear a un oponente por el aire patrullando a tus luchadores justo fuera de su base para que cualquier luchador que construya sea derribado. No perfeccione la tecnolog\u00eda hasta que tenga varias f\u00e1bricas, ya que no quiere que le corten las unidades de producci\u00f3n. No olvide actualizar sus extractores de masa; es m\u00e1s barato y seguro que construir granjas de fabricantes.<\/p>","protected":false},"excerpt":{"rendered":"<p>At the start of the game, build 2-3 Mass Extractors and Power Generators, then a Land or Air Factory. The Land Factory should build a few T1 engineers as well as the usual assortment of ground units. To keep your early economy optimized, have the Commander finish building the Mass Extractors in your immediate area, [&hellip;]<\/p>","protected":false},"author":1,"featured_media":0,"parent":14,"menu_order":0,"comment_status":"open","ping_status":"closed","template":"","meta":{"_uag_custom_page_level_css":"","site-sidebar-layout":"default","site-content-layout":"default","ast-site-content-layout":"","site-content-style":"default","site-sidebar-style":"default","ast-global-header-display":"","ast-banner-title-visibility":"","ast-main-header-display":"","ast-hfb-above-header-display":"","ast-hfb-below-header-display":"","ast-hfb-mobile-header-display":"","site-post-title":"","ast-breadcrumbs-content":"","ast-featured-img":"","footer-sml-layout":"","theme-transparent-header-meta":"default","adv-header-id-meta":"","stick-header-meta":"","header-above-stick-meta":"","header-main-stick-meta":"","header-below-stick-meta":"","astra-migrate-meta-layouts":"default","ast-page-background-enabled":"default","ast-page-background-meta":{"desktop":{"background-color":"","background-image":"","background-repeat":"repeat","background-position":"center center","background-size":"auto","background-attachment":"scroll","background-type":"","background-media":"","overlay-type":"","overlay-color":"","overlay-gradient":""},"tablet":{"background-color":"","background-image":"","background-repeat":"repeat","background-position":"center center","background-size":"auto","background-attachment":"scroll","background-type":"","background-media":"","overlay-type":"","overlay-color":"","overlay-gradient":""},"mobile":{"background-color":"","background-image":"","background-repeat":"repeat","background-position":"center center","background-size":"auto","background-attachment":"scroll","background-type":"","background-media":"","overlay-type":"","overlay-color":"","overlay-gradient":""}},"ast-content-background-meta":{"desktop":{"background-color":"var(--ast-global-color-5)","background-image":"","background-repeat":"repeat","background-position":"center center","background-size":"auto","background-attachment":"scroll","background-type":"","background-media":"","overlay-type":"","overlay-color":"","overlay-gradient":""},"tablet":{"background-color":"var(--ast-global-color-5)","background-image":"","background-repeat":"repeat","background-position":"center center","background-size":"auto","background-attachment":"scroll","background-type":"","background-media":"","overlay-type":"","overlay-color":"","overlay-gradient":""},"mobile":{"background-color":"var(--ast-global-color-5)","background-image":"","background-repeat":"repeat","background-position":"center center","background-size":"auto","background-attachment":"scroll","background-type":"","background-media":"","overlay-type":"","overlay-color":"","overlay-gradient":""}},"footnotes":""},"uagb_featured_image_src":{"full":false,"thumbnail":false,"medium":false,"medium_large":false,"large":false,"1536x1536":false,"2048x2048":false,"trp-custom-language-flag":false},"uagb_author_info":{"display_name":"SOE","author_link":"https:\/\/supcom.standardof.net\/es\/author\/k-tastic\/"},"uagb_comment_info":0,"uagb_excerpt":"At the start of the game, build 2-3 Mass Extractors and Power Generators, then a Land or Air Factory. The Land Factory should build a few T1 engineers as well as the usual assortment of ground units. To keep your early economy optimized, have the Commander finish building the Mass Extractors in your immediate area,&hellip;","_links":{"self":[{"href":"https:\/\/supcom.standardof.net\/es\/wp-json\/wp\/v2\/pages\/692"}],"collection":[{"href":"https:\/\/supcom.standardof.net\/es\/wp-json\/wp\/v2\/pages"}],"about":[{"href":"https:\/\/supcom.standardof.net\/es\/wp-json\/wp\/v2\/types\/page"}],"author":[{"embeddable":true,"href":"https:\/\/supcom.standardof.net\/es\/wp-json\/wp\/v2\/users\/1"}],"replies":[{"embeddable":true,"href":"https:\/\/supcom.standardof.net\/es\/wp-json\/wp\/v2\/comments?post=692"}],"version-history":[{"count":0,"href":"https:\/\/supcom.standardof.net\/es\/wp-json\/wp\/v2\/pages\/692\/revisions"}],"up":[{"embeddable":true,"href":"https:\/\/supcom.standardof.net\/es\/wp-json\/wp\/v2\/pages\/14"}],"wp:attachment":[{"href":"https:\/\/supcom.standardof.net\/es\/wp-json\/wp\/v2\/media?parent=692"}],"curies":[{"name":"wp","href":"https:\/\/api.w.org\/{rel}","templated":true}]}}