{"id":695,"date":"2020-11-03T01:31:29","date_gmt":"2020-11-03T06:31:29","guid":{"rendered":"https:\/\/supcom.standardof.net\/?page_id=695"},"modified":"2020-11-03T01:31:30","modified_gmt":"2020-11-03T06:31:30","slug":"adjacency-bonuses","status":"publish","type":"page","link":"https:\/\/supcom.standardof.net\/es\/supreme-commander\/bonificaciones-por-adyacencia-2\/","title":{"rendered":"BONUS DE ADYACENCIA"},"content":{"rendered":"<section class=\"wp-block-uagb-columns uagb-columns__wrap uagb-columns__background-undefined uagb-columns__stack-mobile uagb-columns__valign-undefined uagb-columns__gap-10 alignundefined uagb-block-2f067ba6\"><div class=\"uagb-columns__overlay\"><\/div><div class=\"uagb-columns__inner-wrap uagb-columns__columns-1\">\n<div class=\"wp-block-uagb-column uagb-column__wrap uagb-column__background-undefined uagb-block-e2495f3c\"><div class=\"uagb-column__overlay\"><\/div><div class=\"uagb-column__inner-wrap\">\n<h2 class=\"wp-block-heading\">C\u00d3MO TRABAJAN ELLOS<\/h2>\n\n\n\n<p>Los valores de Masa y Energ\u00eda que se muestran en su interfaz son realmente n\u00fameros decimales, pero se muestran con los valores en el suelo al n\u00famero entero m\u00e1s cercano. Por ejemplo, un interceptor que cuesta 0.975 masa por segundo se mostrar\u00e1 con un costo de masa 0 por segundo.<\/p>\n\n\n\n<p>Cuando las estructuras de producci\u00f3n econ\u00f3mica se construyen junto a estructuras que usan sus recursos, brindan una \u201cbonificaci\u00f3n por adyacencia\u201d: esa estructura usa menos de esos recursos. Por ejemplo, la f\u00e1brica que construye ese interceptor utilizar\u00e1 menos masa por segundo para fabricarlo si se construye junto a extractores de masa o fabricantes de masa, y utilizar\u00e1 menos energ\u00eda por segundo si se construye junto a generadores de energ\u00eda.<\/p>\n\n\n\n<p>De manera similar, los edificios de almacenamiento masivo y de energ\u00eda brindan bonificaciones por adyacencia a las estructuras de producci\u00f3n econ\u00f3mica. Por ejemplo, los edificios de almacenamiento masivo colocados junto a un extractor masivo en realidad aumentar\u00e1n la producci\u00f3n del extractor.<\/p>\n\n\n\n<p>La bonificaci\u00f3n por adyacencia se basa en porcentajes y se basa en el porcentaje del edificio que est\u00e1 rodeado por edificios que otorgan bonificaciones. Por ejemplo, un generador de energ\u00eda T1 otorgar\u00e1 una cierta bonificaci\u00f3n de adyacencia a una f\u00e1brica si todos los lados de la f\u00e1brica est\u00e1n cubiertos con generadores de energ\u00eda T1, y 50% de esa bonificaci\u00f3n de adyacencia si dos lados de la f\u00e1brica est\u00e1n cubiertos con generadores de energ\u00eda T1.<\/p>\n\n\n\n<p>Puede saber que una bonificaci\u00f3n por adyacencia est\u00e1 funcionando cuando aparece una peque\u00f1a l\u00ednea roja entre los dos edificios. Para que esto suceda, al menos la mitad de los lados del edificio deben tocarse entre s\u00ed. (No puede poner un generador de energ\u00eda T3 tocando un cuadrado de un extractor de masa y esperar que otorgue una bonificaci\u00f3n al uso de energ\u00eda del extractor de masa).<\/p>\n\n\n\n<p>Las bonificaciones de adyacencia siguen vigentes incluso cuando los edificios que otorgan bonificaciones est\u00e1n desactivados. (Esto significa que puede desconectar a sus fabricantes y a\u00fan as\u00ed har\u00e1n que los edificios adyacentes sean m\u00e1s efectivos).<\/p>\n\n\n\n<p>Finalmente, aunque no es una &quot;bonificaci\u00f3n por adyacencia&quot;, la reconstrucci\u00f3n de una estructura sobre sus propios restos reducir\u00e1 el costo de la estructura en 50%.<\/p>\n<\/div><\/div>\n<\/div><\/section>\n\n\n\n<section class=\"wp-block-uagb-columns uagb-columns__wrap uagb-columns__background-undefined uagb-columns__stack-mobile uagb-columns__valign-undefined uagb-columns__gap-10 alignundefined uagb-block-41e62296\"><div class=\"uagb-columns__overlay\"><\/div><div class=\"uagb-columns__inner-wrap uagb-columns__columns-1\">\n<div class=\"wp-block-uagb-column uagb-column__wrap uagb-column__background-undefined uagb-block-450ad7d1\"><div class=\"uagb-column__overlay\"><\/div><div class=\"uagb-column__inner-wrap\">\n<h3 class=\"wp-block-heading\">LOS N\u00daMEROS<\/h3>\n\n\n\n<p>Recuerde que todos los productores en masa tambi\u00e9n son consumidores de energ\u00eda.<br>Se pueden encontrar datos m\u00e1s completos para las bonificaciones no m\u00e1ximas en la secci\u00f3n de cada unidad.<br>Todos los lados tienen bonificaciones por adyacencia id\u00e9nticas.<\/p>\n\n\n\n<p>Generador de energ\u00eda Tech 1<br>Bono m\u00e1ximo: 25% menos energ\u00eda gastada<br>Funciona con: cualquier consumidor de energ\u00eda<\/p>\n\n\n\n<p>Planta de energ\u00eda de hidrocarburos<br>Bono m\u00e1ximo: 50% menos energ\u00eda gastada<br>Da bonificaci\u00f3n a: cualquier consumidor de energ\u00eda<\/p>\n\n\n\n<p>Generador de energ\u00eda Tech 2<br>Bono m\u00e1ximo: 50% menos energ\u00eda gastada<br>Da bonificaci\u00f3n a: cualquier consumidor de energ\u00eda<\/p>\n\n\n\n<p>Generador de energ\u00eda Tech 3<br>Bono m\u00e1ximo: 75% menos energ\u00eda gastada<br>Da bonificaci\u00f3n a: cualquier consumidor de energ\u00eda<\/p>\n\n\n\n<p>Almacenamiento masivo Tech 1<br>Bono m\u00e1ximo: 50% m\u00e1s producci\u00f3n<br>Da bonificaci\u00f3n a: Cualquier productor en masa<\/p>\n\n\n\n<p>Almacenamiento de energ\u00eda Tech 1<br>Bono m\u00e1ximo: 50% m\u00e1s producci\u00f3n<br>Da bonificaci\u00f3n a: Cualquier productor de energ\u00eda<\/p>\n\n\n\n<p>Fabricante de masa Tech 1<br>Bono m\u00e1ximo: 10% menos masa gastada<br>Da bonificaci\u00f3n a: Cualquier consumidor masivo<\/p>\n\n\n\n<p>Extractor de masa Tech 1<br>Bono: 2.5% por un extractor<br>Da bonificaci\u00f3n a: Cualquier consumidor masivo<\/p>\n\n\n\n<p>Extractor de masa Tech 2<br>Bono: 3.75% por un extractor<br>Da bonificaci\u00f3n a: Cualquier consumidor masivo<\/p>\n\n\n\n<p>Extractor de masa Tech 3<br>Bono: 5% para un extractor<br>Da bonificaci\u00f3n a: Cualquier consumidor masivo<\/p>\n\n\n\n<p>Fabricante de masa Tech 3<br>Bono: 1.25% para un fabricante<br>Da bonificaci\u00f3n a: Cualquier consumidor masivo<\/p>\n<\/div><\/div>\n<\/div><\/section>","protected":false},"excerpt":{"rendered":"<p>HOW THEY WORK The Mass and Energy values displayed in your interface are really decimal numbers, but they are displayed with the values floored to the nearest whole number. For instance, an interceptor that costs 0.975 mass per second will be displayed as costing 0 mass per second. When economic production structures are built next [&hellip;]<\/p>","protected":false},"author":1,"featured_media":0,"parent":14,"menu_order":0,"comment_status":"open","ping_status":"closed","template":"","meta":{"_uag_custom_page_level_css":"","site-sidebar-layout":"default","site-content-layout":"default","ast-site-content-layout":"","site-content-style":"default","site-sidebar-style":"default","ast-global-header-display":"","ast-banner-title-visibility":"","ast-main-header-display":"","ast-hfb-above-header-display":"","ast-hfb-below-header-display":"","ast-hfb-mobile-header-display":"","site-post-title":"","ast-breadcrumbs-content":"","ast-featured-img":"","footer-sml-layout":"","theme-transparent-header-meta":"default","adv-header-id-meta":"","stick-header-meta":"","header-above-stick-meta":"","header-main-stick-meta":"","header-below-stick-meta":"","astra-migrate-meta-layouts":"default","ast-page-background-enabled":"default","ast-page-background-meta":{"desktop":{"background-color":"","background-image":"","background-repeat":"repeat","background-position":"center center","background-size":"auto","background-attachment":"scroll","background-type":"","background-media":"","overlay-type":"","overlay-color":"","overlay-gradient":""},"tablet":{"background-color":"","background-image":"","background-repeat":"repeat","background-position":"center center","background-size":"auto","background-attachment":"scroll","background-type":"","background-media":"","overlay-type":"","overlay-color":"","overlay-gradient":""},"mobile":{"background-color":"","background-image":"","background-repeat":"repeat","background-position":"center center","background-size":"auto","background-attachment":"scroll","background-type":"","background-media":"","overlay-type":"","overlay-color":"","overlay-gradient":""}},"ast-content-background-meta":{"desktop":{"background-color":"var(--ast-global-color-5)","background-image":"","background-repeat":"repeat","background-position":"center center","background-size":"auto","background-attachment":"scroll","background-type":"","background-media":"","overlay-type":"","overlay-color":"","overlay-gradient":""},"tablet":{"background-color":"var(--ast-global-color-5)","background-image":"","background-repeat":"repeat","background-position":"center center","background-size":"auto","background-attachment":"scroll","background-type":"","background-media":"","overlay-type":"","overlay-color":"","overlay-gradient":""},"mobile":{"background-color":"var(--ast-global-color-5)","background-image":"","background-repeat":"repeat","background-position":"center center","background-size":"auto","background-attachment":"scroll","background-type":"","background-media":"","overlay-type":"","overlay-color":"","overlay-gradient":""}},"footnotes":""},"uagb_featured_image_src":{"full":false,"thumbnail":false,"medium":false,"medium_large":false,"large":false,"1536x1536":false,"2048x2048":false,"trp-custom-language-flag":false},"uagb_author_info":{"display_name":"SOE","author_link":"https:\/\/supcom.standardof.net\/es\/author\/k-tastic\/"},"uagb_comment_info":1,"uagb_excerpt":"HOW THEY WORK The Mass and Energy values displayed in your interface are really decimal numbers, but they are displayed with the values floored to the nearest whole number. For instance, an interceptor that costs 0.975 mass per second will be displayed as costing 0 mass per second. When economic production structures are built next&hellip;","_links":{"self":[{"href":"https:\/\/supcom.standardof.net\/es\/wp-json\/wp\/v2\/pages\/695"}],"collection":[{"href":"https:\/\/supcom.standardof.net\/es\/wp-json\/wp\/v2\/pages"}],"about":[{"href":"https:\/\/supcom.standardof.net\/es\/wp-json\/wp\/v2\/types\/page"}],"author":[{"embeddable":true,"href":"https:\/\/supcom.standardof.net\/es\/wp-json\/wp\/v2\/users\/1"}],"replies":[{"embeddable":true,"href":"https:\/\/supcom.standardof.net\/es\/wp-json\/wp\/v2\/comments?post=695"}],"version-history":[{"count":0,"href":"https:\/\/supcom.standardof.net\/es\/wp-json\/wp\/v2\/pages\/695\/revisions"}],"up":[{"embeddable":true,"href":"https:\/\/supcom.standardof.net\/es\/wp-json\/wp\/v2\/pages\/14"}],"wp:attachment":[{"href":"https:\/\/supcom.standardof.net\/es\/wp-json\/wp\/v2\/media?parent=695"}],"curies":[{"name":"wp","href":"https:\/\/api.w.org\/{rel}","templated":true}]}}