{"id":696,"date":"2020-11-03T01:35:23","date_gmt":"2020-11-03T06:35:23","guid":{"rendered":"https:\/\/supcom.standardof.net\/?page_id=696"},"modified":"2020-11-03T01:35:24","modified_gmt":"2020-11-03T06:35:24","slug":"build-mode","status":"publish","type":"page","link":"https:\/\/supcom.standardof.net\/es\/supreme-commander\/modo-de-construccion-2\/","title":{"rendered":"MODO CONSTRUIR"},"content":{"rendered":"<p>Para ingresar al modo de construcci\u00f3n, presione B. Sus atajos de teclado se transformar\u00e1n.<br>Para salir del modo de construcci\u00f3n, presione Esc.<\/p>\n\n\n\n<p>Los edificios se enumeran en el orden en que aparecen, de izquierda a derecha.<br>Las teclas de acceso r\u00e1pido del modo de construcci\u00f3n se enumeran junto a cada edificio.<\/p>\n\n\n\n<section class=\"wp-block-uagb-columns uagb-columns__wrap uagb-columns__background-undefined uagb-columns__stack-mobile uagb-columns__valign-undefined uagb-columns__gap-10 alignundefined uagb-block-5b72ebaa\"><div class=\"uagb-columns__overlay\"><\/div><div class=\"uagb-columns__inner-wrap uagb-columns__columns-1\">\n<div class=\"wp-block-uagb-column uagb-column__wrap uagb-column__background-undefined uagb-block-ce1c4df4\"><div class=\"uagb-column__overlay\"><\/div><div class=\"uagb-column__inner-wrap\">\n<h2 class=\"wp-block-heading\">TECLAS DE ACCESO UNIVERSAL<\/h2>\n\n\n\n<p>U: Actualice al siguiente nivel de esta estructura<br>1: cambia al nivel tecnol\u00f3gico 1<br>2: cambia al nivel tecnol\u00f3gico 2<br>3: cambia al nivel tecnol\u00f3gico 3<br>4: Cambiar a unidades experimentales<\/p>\n<\/div><\/div>\n<\/div><\/section>\n\n\n\n<section class=\"wp-block-uagb-columns uagb-columns__wrap uagb-columns__background-undefined uagb-columns__stack-mobile uagb-columns__valign-undefined uagb-columns__gap-10 alignundefined uagb-block-ca3f196a\"><div class=\"uagb-columns__overlay\"><\/div><div class=\"uagb-columns__inner-wrap uagb-columns__columns-1\">\n<div class=\"wp-block-uagb-column uagb-column__wrap uagb-column__background-undefined uagb-block-51fd7f77\"><div class=\"uagb-column__overlay\"><\/div><div class=\"uagb-column__inner-wrap\">\n<h2 class=\"wp-block-heading\">COMANDANTE<\/h2>\n\n\n\n<p>L: Land Factory<br>A: F\u00e1brica de aire<br>S: F\u00e1brica naval<br>E: Extractor de masa<br>F: fabricante de masa<br>P: generador de energ\u00eda<br>W: Secci\u00f3n de pared<br>D: Defensa puntual<br>N: torreta antia\u00e9rea<br>T: Lanzador de torpedos<\/p>\n<\/div><\/div>\n<\/div><\/section>\n\n\n\n<section class=\"wp-block-uagb-columns uagb-columns__wrap uagb-columns__background-undefined uagb-columns__stack-mobile uagb-columns__valign-undefined uagb-columns__gap-10 alignundefined uagb-block-94f16297\"><div class=\"uagb-columns__overlay\"><\/div><div class=\"uagb-columns__inner-wrap uagb-columns__columns-1\">\n<div class=\"wp-block-uagb-column uagb-column__wrap uagb-column__background-undefined uagb-block-31696319\"><div class=\"uagb-column__overlay\"><\/div><div class=\"uagb-column__inner-wrap\">\n<h2 class=\"wp-block-heading\">INGENIERO TECH 1<\/h2>\n\n\n\n<p>L: Land Factory<br>A: F\u00e1brica de aire<br>S: F\u00e1brica naval<br>E: Extractor de masa<br>F: fabricante de masa<br>X: almacenamiento masivo<br>P: generador de energ\u00eda<br>H: Planta de energ\u00eda de hidrocarburos<br>Y: almacenamiento de energ\u00eda<br>W: Secci\u00f3n de pared<br>D: Defensa puntual<br>N: torreta antia\u00e9rea<br>T: Lanzador de torpedos<br>I: sistema de radar<br>O: Sistema de sonda<\/p>\n<\/div><\/div>\n<\/div><\/section>\n\n\n\n<section class=\"wp-block-uagb-columns uagb-columns__wrap uagb-columns__background-undefined uagb-columns__stack-mobile uagb-columns__valign-undefined uagb-columns__gap-10 alignundefined uagb-block-4bfa9d10\"><div class=\"uagb-columns__overlay\"><\/div><div class=\"uagb-columns__inner-wrap uagb-columns__columns-1\">\n<div class=\"wp-block-uagb-column uagb-column__wrap uagb-column__background-undefined uagb-block-ffd66e38\"><div class=\"uagb-column__overlay\"><\/div><div class=\"uagb-column__inner-wrap\">\n<h2 class=\"wp-block-heading\">INGENIERO TECH 2<\/h2>\n\n\n\n<p>E: Extractor de masa<br>P: generador de energ\u00eda<br>D: Defensa puntual<br>N: Artiller\u00eda antia\u00e9rea<br>T: Lanzador de torpedos pesado<br>R: Instalaci\u00f3n de artiller\u00eda<br>M: Lanzador de misiles t\u00e1cticos<br>K: Defensa t\u00e1ctica de misiles<br>V: Generador de escudos<br>C: Generador de campo sigiloso<br>I: sistema de radar<br>O: Sistema de sonda<br>G: Instalaci\u00f3n de estadificaci\u00f3n a\u00e9rea<\/p>\n<\/div><\/div>\n<\/div><\/section>\n\n\n\n<section class=\"wp-block-uagb-columns uagb-columns__wrap uagb-columns__background-undefined uagb-columns__stack-mobile uagb-columns__valign-undefined uagb-columns__gap-10 alignundefined uagb-block-32cd299a\"><div class=\"uagb-columns__overlay\"><\/div><div class=\"uagb-columns__inner-wrap uagb-columns__columns-1\">\n<div class=\"wp-block-uagb-column uagb-column__wrap uagb-column__background-undefined uagb-block-6d22a225\"><div class=\"uagb-column__overlay\"><\/div><div class=\"uagb-column__inner-wrap\">\n<h2 class=\"wp-block-heading\">INGENIERO TECH 3<\/h2>\n\n\n\n<p>Men\u00fa de compilaci\u00f3n de Tech 3<br>E: Extractor de masa<br>F: fabricante de masa<br>P: generador de energ\u00eda<br>N: lanzador SAM anti-aire<br>R: Instalaci\u00f3n de artiller\u00eda pesada<br>M: Lanzador de misiles estrat\u00e9gicos<br>K: Defensa estrat\u00e9gica de misiles<br>O: Plataforma de sonda<br>I: Matriz de sensores Omni<br>P: Puerta de enlace cu\u00e1ntica<\/p>\n\n\n\n<h3 class=\"wp-block-heading\">Men\u00fa de construcci\u00f3n experimental UEF<\/h3>\n\n\n\n<p>F: Gordo<br>A: Atl\u00e1ntida<br>M: Mavor<\/p>\n\n\n\n<h3 class=\"wp-block-heading\">Men\u00fa de compilaci\u00f3n experimental de Cybran<\/h3>\n\n\n\n<p>S: Monkeylord (S de Spiderbot)<br>R: Soul Ripper (R de artiller\u00eda)<br>C: Scathis<\/p>\n\n\n\n<h3 class=\"wp-block-heading\">Men\u00fa de construcci\u00f3n experimental de Aeon<\/h3>\n\n\n\n<p>Z: Zar<br>T: tempestad<br>C: coloso gal\u00e1ctico<\/p>\n<\/div><\/div>\n<\/div><\/section>\n\n\n\n<section class=\"wp-block-uagb-columns uagb-columns__wrap uagb-columns__background-undefined uagb-columns__stack-mobile uagb-columns__valign-undefined uagb-columns__gap-10 alignundefined uagb-block-20e35840\"><div class=\"uagb-columns__overlay\"><\/div><div class=\"uagb-columns__inner-wrap uagb-columns__columns-1\">\n<div class=\"wp-block-uagb-column uagb-column__wrap uagb-column__background-undefined uagb-block-70261521\"><div class=\"uagb-column__overlay\"><\/div><div class=\"uagb-column__inner-wrap\">\n<h2 class=\"wp-block-heading\">F\u00c1BRICA DE TIERRAS<\/h2>\n\n\n\n<p>Tecnolog\u00eda 1<br>E: ingeniero<br>S: Explorador terrestre<br>A: Bot de asalto ligero<br>T: tanque medio (UEF, solo Aeon)<br>T: Robot de asalto pesado (solo Cybran)<br>R: artiller\u00eda ligera m\u00f3vil<br>N: pistola antia\u00e9rea m\u00f3vil<\/p>\n\n\n\n<p>Tecnolog\u00eda 2<br>E: ingeniero<br>T: tanque pesado<br>M: Lanzador de misiles m\u00f3vil<br>N: artiller\u00eda antia\u00e9rea antia\u00e9rea m\u00f3vil<br>P: tanque anfibio<br>C: Sistema de campo Stealth m\u00f3vil (solo Cybran)<br>V: Mobile Shield Generator (UEF, solo Aeon)<\/p>\n\n\n\n<p>Tecnolog\u00eda 3<br>E: ingeniero<br>B: robot de asalto de asedio<br>R: artiller\u00eda pesada m\u00f3vil<\/p>\n<\/div><\/div>\n<\/div><\/section>\n\n\n\n<section class=\"wp-block-uagb-columns uagb-columns__wrap uagb-columns__background-undefined uagb-columns__stack-mobile uagb-columns__valign-undefined uagb-columns__gap-10 alignundefined uagb-block-5e354201\"><div class=\"uagb-columns__overlay\"><\/div><div class=\"uagb-columns__inner-wrap uagb-columns__columns-1\">\n<div class=\"wp-block-uagb-column uagb-column__wrap uagb-column__background-undefined uagb-block-06dae81f\"><div class=\"uagb-column__overlay\"><\/div><div class=\"uagb-column__inner-wrap\">\n<h2 class=\"wp-block-heading\">FABRICA DE AIRE<\/h2>\n\n\n\n<p>Tecnolog\u00eda 1<br>E: ingeniero<br>S: Explorador a\u00e9reo<br>F: interceptor<br>A: bombardero de ataque<br>T: Transporte a\u00e9reo ligero<\/p>\n\n\n\n<p>Tecnolog\u00eda 2<br>E: ingeniero<br>A: bombardero<br>O: bombardero torpedo<br>G: Ca\u00f1onera<br>T: Transporte a\u00e9reo<\/p>\n\n\n\n<p>Tecnolog\u00eda 3<br>E: ingeniero<br>S: avi\u00f3n esp\u00eda<br>F: Luchador de superioridad a\u00e9rea<br>A: bombardero estrat\u00e9gico<br>G: Ca\u00f1onera pesada (solo UEF)<\/p>\n<\/div><\/div>\n<\/div><\/section>\n\n\n\n<section class=\"wp-block-uagb-columns uagb-columns__wrap uagb-columns__background-undefined uagb-columns__stack-mobile uagb-columns__valign-undefined uagb-columns__gap-10 alignundefined uagb-block-50aa0573\"><div class=\"uagb-columns__overlay\"><\/div><div class=\"uagb-columns__inner-wrap uagb-columns__columns-1\">\n<div class=\"wp-block-uagb-column uagb-column__wrap uagb-column__background-undefined uagb-block-d0bf32e7\"><div class=\"uagb-column__overlay\"><\/div><div class=\"uagb-column__inner-wrap\">\n<h2 class=\"wp-block-heading\">F\u00c1BRICA NAVAL<\/h2>\n\n\n\n<p>Tecnolog\u00eda 1<br>E: ingeniero<br>A: Barco de ataque (solo Aeon)<br>S: ataque submarino<br>F: fragata<\/p>\n\n\n\n<p>Tecnolog\u00eda 2<br>E: ingeniero<br>C: crucero<br>D: Destructor<\/p>\n\n\n\n<p>Tecnolog\u00eda 3<br>E: ingeniero<br>A: acorazado<br>C: Transportista<br>S: submarino de misiles estrat\u00e9gicos<\/p>\n<\/div><\/div>\n<\/div><\/section>\n\n\n\n<section class=\"wp-block-uagb-columns uagb-columns__wrap uagb-columns__background-undefined uagb-columns__stack-mobile uagb-columns__valign-undefined uagb-columns__gap-10 alignundefined uagb-block-eb7c2d7d\"><div class=\"uagb-columns__overlay\"><\/div><div class=\"uagb-columns__inner-wrap uagb-columns__columns-1\">\n<div class=\"wp-block-uagb-column uagb-column__wrap uagb-column__background-undefined uagb-block-eb6b4eb3\"><div class=\"uagb-column__overlay\"><\/div><div class=\"uagb-column__inner-wrap\">\n<h2 class=\"wp-block-heading\">GATEWAY CU\u00c1NTICO<\/h2>\n\n\n\n<p>C: Unidad de mando de apoyo<\/p>\n<\/div><\/div>\n<\/div><\/section>","protected":false},"excerpt":{"rendered":"<p>To enter Build Mode, press B. Your keyboard shortcuts will be transformed.To quit Build Mode, press Esc. Buildings are listed in the order they appear from left to right.Build Mode hotkeys are listed next to each building. UNIVERSAL HOTKEYS U: Upgrade to next level of this structure1: Switch to tech level 12: Switch to tech [&hellip;]<\/p>","protected":false},"author":1,"featured_media":0,"parent":14,"menu_order":0,"comment_status":"open","ping_status":"closed","template":"","meta":{"_uag_custom_page_level_css":"","site-sidebar-layout":"default","site-content-layout":"default","ast-site-content-layout":"","site-content-style":"default","site-sidebar-style":"default","ast-global-header-display":"","ast-banner-title-visibility":"","ast-main-header-display":"","ast-hfb-above-header-display":"","ast-hfb-below-header-display":"","ast-hfb-mobile-header-display":"","site-post-title":"","ast-breadcrumbs-content":"","ast-featured-img":"","footer-sml-layout":"","theme-transparent-header-meta":"default","adv-header-id-meta":"","stick-header-meta":"","header-above-stick-meta":"","header-main-stick-meta":"","header-below-stick-meta":"","astra-migrate-meta-layouts":"default","ast-page-background-enabled":"default","ast-page-background-meta":{"desktop":{"background-color":"","background-image":"","background-repeat":"repeat","background-position":"center center","background-size":"auto","background-attachment":"scroll","background-type":"","background-media":"","overlay-type":"","overlay-color":"","overlay-gradient":""},"tablet":{"background-color":"","background-image":"","background-repeat":"repeat","background-position":"center center","background-size":"auto","background-attachment":"scroll","background-type":"","background-media":"","overlay-type":"","overlay-color":"","overlay-gradient":""},"mobile":{"background-color":"","background-image":"","background-repeat":"repeat","background-position":"center center","background-size":"auto","background-attachment":"scroll","background-type":"","background-media":"","overlay-type":"","overlay-color":"","overlay-gradient":""}},"ast-content-background-meta":{"desktop":{"background-color":"var(--ast-global-color-5)","background-image":"","background-repeat":"repeat","background-position":"center center","background-size":"auto","background-attachment":"scroll","background-type":"","background-media":"","overlay-type":"","overlay-color":"","overlay-gradient":""},"tablet":{"background-color":"var(--ast-global-color-5)","background-image":"","background-repeat":"repeat","background-position":"center center","background-size":"auto","background-attachment":"scroll","background-type":"","background-media":"","overlay-type":"","overlay-color":"","overlay-gradient":""},"mobile":{"background-color":"var(--ast-global-color-5)","background-image":"","background-repeat":"repeat","background-position":"center center","background-size":"auto","background-attachment":"scroll","background-type":"","background-media":"","overlay-type":"","overlay-color":"","overlay-gradient":""}},"footnotes":""},"uagb_featured_image_src":{"full":false,"thumbnail":false,"medium":false,"medium_large":false,"large":false,"1536x1536":false,"2048x2048":false,"trp-custom-language-flag":false},"uagb_author_info":{"display_name":"SOE","author_link":"https:\/\/supcom.standardof.net\/es\/author\/k-tastic\/"},"uagb_comment_info":1,"uagb_excerpt":"To enter Build Mode, press B. Your keyboard shortcuts will be transformed.To quit Build Mode, press Esc. Buildings are listed in the order they appear from left to right.Build Mode hotkeys are listed next to each building. UNIVERSAL HOTKEYS U: Upgrade to next level of this structure1: Switch to tech level 12: Switch to tech&hellip;","_links":{"self":[{"href":"https:\/\/supcom.standardof.net\/es\/wp-json\/wp\/v2\/pages\/696"}],"collection":[{"href":"https:\/\/supcom.standardof.net\/es\/wp-json\/wp\/v2\/pages"}],"about":[{"href":"https:\/\/supcom.standardof.net\/es\/wp-json\/wp\/v2\/types\/page"}],"author":[{"embeddable":true,"href":"https:\/\/supcom.standardof.net\/es\/wp-json\/wp\/v2\/users\/1"}],"replies":[{"embeddable":true,"href":"https:\/\/supcom.standardof.net\/es\/wp-json\/wp\/v2\/comments?post=696"}],"version-history":[{"count":0,"href":"https:\/\/supcom.standardof.net\/es\/wp-json\/wp\/v2\/pages\/696\/revisions"}],"up":[{"embeddable":true,"href":"https:\/\/supcom.standardof.net\/es\/wp-json\/wp\/v2\/pages\/14"}],"wp:attachment":[{"href":"https:\/\/supcom.standardof.net\/es\/wp-json\/wp\/v2\/media?parent=696"}],"curies":[{"name":"wp","href":"https:\/\/api.w.org\/{rel}","templated":true}]}}