{"id":706,"date":"2020-11-03T01:58:22","date_gmt":"2020-11-03T06:58:22","guid":{"rendered":"https:\/\/supcom.standardof.net\/?page_id=706"},"modified":"2020-11-04T22:16:28","modified_gmt":"2020-11-05T03:16:28","slug":"aeon-commander","status":"publish","type":"page","link":"https:\/\/supcom.standardof.net\/es\/supreme-commander\/eon-2\/eon-comandante-2\/","title":{"rendered":"Comandante AEON"},"content":{"rendered":"<section class=\"wp-block-uagb-columns uagb-columns__wrap uagb-columns__background-undefined uagb-columns__stack-mobile uagb-columns__valign-undefined uagb-columns__gap-10 alignundefined uagb-block-587d920b\"><div class=\"uagb-columns__overlay\"><\/div><div class=\"uagb-columns__inner-wrap uagb-columns__columns-1\">\n<div class=\"wp-block-uagb-column uagb-column__wrap uagb-column__background-undefined uagb-block-9999e271\"><div class=\"uagb-column__overlay\"><\/div><div class=\"uagb-column__inner-wrap\">\n<h2 class=\"wp-block-heading\"><strong>UNIDAD DE MANDO ARMADA<\/strong> - AEON ACU<\/h2>\n\n\n\n<p>Tu Comandante parece intimidante, pero eso es solo porque es muy vers\u00e1til. Recuerde, si tiene problemas, puede cobrar de m\u00e1s presionando O.<\/p>\n\n\n\n<p>El ACU tiene una velocidad de construcci\u00f3n de 10.<\/p>\n\n\n\n<div class=\"wp-block-image\"><figure class=\"aligncenter size-large\"><a href=\"https:\/\/supcom.standardof.net\/es\/supreme-commander\/eon-2\/eon-comandante-2\/supreme-commander-armored-command-unit-aeon-acu\/\"><img decoding=\"async\" width=\"800\" height=\"661\" src=\"https:\/\/supcom.standardof.net\/wp-content\/uploads\/sites\/8\/2020\/11\/Supreme-Commander-ARMORED-COMMAND-UNIT-AEON-ACU-800x661.jpg\" alt=\"La Unidad de Comando Blindada Aeon en Supreme Commander.\" class=\"wp-image-1044\" srcset=\"https:\/\/supcom.standardof.net\/wp-content\/uploads\/sites\/8\/2020\/11\/Supreme-Commander-ARMORED-COMMAND-UNIT-AEON-ACU-800x661.jpg 800w, https:\/\/supcom.standardof.net\/wp-content\/uploads\/sites\/8\/2020\/11\/Supreme-Commander-ARMORED-COMMAND-UNIT-AEON-ACU-512x423.jpg 512w, https:\/\/supcom.standardof.net\/wp-content\/uploads\/sites\/8\/2020\/11\/Supreme-Commander-ARMORED-COMMAND-UNIT-AEON-ACU-200x165.jpg 200w, https:\/\/supcom.standardof.net\/wp-content\/uploads\/sites\/8\/2020\/11\/Supreme-Commander-ARMORED-COMMAND-UNIT-AEON-ACU-768x634.jpg 768w, https:\/\/supcom.standardof.net\/wp-content\/uploads\/sites\/8\/2020\/11\/Supreme-Commander-ARMORED-COMMAND-UNIT-AEON-ACU-16x12.jpg 16w, https:\/\/supcom.standardof.net\/wp-content\/uploads\/sites\/8\/2020\/11\/Supreme-Commander-ARMORED-COMMAND-UNIT-AEON-ACU.jpg 861w\" sizes=\"(max-width: 800px) 100vw, 800px\" \/><\/a><figcaption> AEON ACU<\/figcaption><\/figure><\/div>\n\n\n\n<section class=\"wp-block-uagb-columns uagb-columns__wrap uagb-columns__background-undefined uagb-columns__stack-mobile uagb-columns__valign-undefined uagb-columns__gap-10 alignundefined uagb-block-6cd55173\"><div class=\"uagb-columns__overlay\"><\/div><div class=\"uagb-columns__inner-wrap uagb-columns__columns-2\">\n<div class=\"wp-block-uagb-column uagb-column__wrap uagb-column__background-undefined uagb-block-ca4eff4d\"><div class=\"uagb-column__overlay\"><\/div><div class=\"uagb-column__inner-wrap\">\n<h3 class=\"wp-block-heading\">Estad\u00edsticas de ACU<\/h3>\n\n\n\n<p>Armadura: 11000 CV (tasa de regeneraci\u00f3n: 10, tipo de armadura: Comandante)<br>Habilidades: personalizables, etc.<br>Costo: M18000 (+1, almacenamiento: 400), E5000000 (+10, almacenamiento: 2500), T60000,<br>     tasa de construcci\u00f3n: 10<br>Intel:<br>     vista: 26 (508m)<br>     omnidireccional: 26 (508 m)<br>F\u00edsica: velocidad m\u00e1xima: 1,7 (33,2 m \/ s), velocidad de giro: 90<br>Clase de transporte: 3<br>Veterancia: 100, 200, 500, 1000, 2000 muertes<br>     veterano nivel 2: +2750 CV<br>     veterano nivel 4: +2750 CV<br>     veterano nivel 5: repara 20 hp \/ s<\/p>\n<\/div><\/div>\n\n\n\n<div class=\"wp-block-uagb-column uagb-column__wrap uagb-column__background-undefined uagb-block-88d9abaa\"><div class=\"uagb-column__overlay\"><\/div><div class=\"uagb-column__inner-wrap\">\n<h3 class=\"wp-block-heading\">Armas ACU<\/h3>\n\n\n\n<p>Disruptor cu\u00e1ntico (fuego directo):<br>     110,00 dps<br>rango: 2 (39,1 m) - 22 (430 m)<br>arma de haz: 110 de da\u00f1o<br>cadencia de fuego: 1 (cada 1s)<br>veterano nivel 1: +28 de da\u00f1o, veterano nivel 3: +28 de da\u00f1o<\/p>\n\n\n\n<p>Ca\u00f1\u00f3n de sobrecarga (fuego directo):<br>     52500,00 dps<br>superficie: 2 (39,1m)<br>alcance: 10 (195m)<br>arma de proyectil: 70000 da\u00f1os<br>cadencia de fuego: 3 (cada 0.33s), energ\u00eda requerida: 3000 (-3000)<\/p>\n\n\n\n<p>Death Nuke (fuego directo):<br>da\u00f1o del anillo interior: 3500<br>radio del anillo interior: 30 (586m<br>da\u00f1o del anillo exterior: 500<br>radio del anillo exterior: 40 (781 m)<\/p>\n<\/div><\/div>\n<\/div><\/section>\n<\/div><\/div>\n<\/div><\/section>\n\n\n\n<section class=\"wp-block-uagb-columns uagb-columns__wrap uagb-columns__background-undefined uagb-columns__stack-mobile uagb-columns__valign-undefined uagb-columns__gap-10 alignundefined uagb-block-88c7d4e3\"><div class=\"uagb-columns__overlay\"><\/div><div class=\"uagb-columns__inner-wrap uagb-columns__columns-1\">\n<div class=\"wp-block-uagb-column uagb-column__wrap uagb-column__background-undefined uagb-block-a3628b4e\"><div class=\"uagb-column__overlay\"><\/div><div class=\"uagb-column__inner-wrap\">\t\t\t\t<div class=\"wp-block-uagb-table-of-contents uagb-toc__align-left uagb-toc__columns-1  uagb-block-89cfdc08\"\n\t\t\t\t\tdata-scroll= \"1\"\n\t\t\t\t\tdata-offset= \"30\"\n\t\t\t\t\tstyle=\"\"\n\t\t\t\t>\n\t\t\t\t<div class=\"uagb-toc__wrap\">\n\t\t\t\t\t\t<div class=\"uagb-toc__title\">\n\t\t\t\t\t\t\tActualizaciones de Aeon ACU\t\t\t\t\t\t<\/div>\n\t\t\t\t\t\t\t\t\t\t\t\t\t\t\t\t<div class=\"uagb-toc__list-wrap\">\n\t\t\t\t\t\t<ol class=\"uagb-toc__list\"><li class=\"uagb-toc__list\"><a href=\"#right-arm\" class=\"uagb-toc-link__trigger\">BRAZO DERECHO<\/a><ul class=\"uagb-toc__list\"><li class=\"uagb-toc__list\"><a href=\"#enhanced-sensor-system\" class=\"uagb-toc-link__trigger\">Sistema de sensor mejorado<\/a><li class=\"uagb-toc__list\"><li class=\"uagb-toc__list\"><a href=\"#heat-sink-augmentation\" class=\"uagb-toc-link__trigger\">Aumento del disipador de calor<\/a><\/li><\/ul><\/li><li class=\"uagb-toc__list\"><a href=\"#back\" class=\"uagb-toc-link__trigger\">ESPALDA<\/a><ul class=\"uagb-toc__list\"><li class=\"uagb-toc__list\"><a href=\"#personal-shield-generator\" class=\"uagb-toc-link__trigger\">Generador de escudo personal<\/a><li class=\"uagb-toc__list\"><li class=\"uagb-toc__list\"><a href=\"#heavy-personal-shield-generator\" class=\"uagb-toc-link__trigger\">Generador de escudo personal pesado<\/a><li class=\"uagb-toc__list\"><li class=\"uagb-toc__list\"><a href=\"#personal-teleporter\" class=\"uagb-toc-link__trigger\">Teletransportador personal<\/a><li class=\"uagb-toc__list\"><li class=\"uagb-toc__list\"><a href=\"#resource-allocation-system\" class=\"uagb-toc-link__trigger\">Sistema de asignaci\u00f3n de recursos<\/a><li class=\"uagb-toc__list\"><li class=\"uagb-toc__list\"><a href=\"#advanced-resource-allocation-system\" class=\"uagb-toc-link__trigger\">Sistema avanzado de asignaci\u00f3n de recursos<\/a><li class=\"uagb-toc__list\"><li class=\"uagb-toc__list\"><a href=\"#chrono-dampener\" class=\"uagb-toc-link__trigger\">Amortiguador de crono<\/a><\/li><\/ul><\/li><\/ul><\/li><li class=\"uagb-toc__list\"><a href=\"#left-arm\" class=\"uagb-toc-link__trigger\">BRAZO IZQUIERDO<\/a><ul class=\"uagb-toc__list\"><li class=\"uagb-toc__list\"><a href=\"#crysalis-beam-augmentation\" class=\"uagb-toc-link__trigger\">Aumento del haz de Crysalis<\/a><li class=\"uagb-toc__list\"><li class=\"uagb-toc__list\"><a href=\"#tech-2-engineering-suite\" class=\"uagb-toc-link__trigger\">Suite de ingenier\u00eda Tech 2<\/a><li class=\"uagb-toc__list\"><li class=\"uagb-toc__list\"><a href=\"#tech-3-engineering-suite\" class=\"uagb-toc-link__trigger\">Suite de ingenier\u00eda Tech 3<\/a><\/ul><\/ul><\/ul><\/ol>\t\t\t\t\t<\/div>\n\t\t\t\t\t\t\t\t\t<\/div>\n\t\t\t\t<\/div>\n\t\t\t<\/div><\/div>\n<\/div><\/section>\n\n\n\n<section class=\"wp-block-uagb-columns uagb-columns__wrap uagb-columns__background-undefined uagb-columns__stack-mobile uagb-columns__valign-undefined uagb-columns__gap-10 alignundefined uagb-block-cf329bb2\"><div class=\"uagb-columns__overlay\"><\/div><div class=\"uagb-columns__inner-wrap uagb-columns__columns-1\">\n<div class=\"wp-block-uagb-column uagb-column__wrap uagb-column__background-undefined uagb-block-7c592c17\"><div class=\"uagb-column__overlay\"><\/div><div class=\"uagb-column__inner-wrap\">\n<h4 class=\"wp-block-heading\">BRAZO DERECHO<\/h4>\n\n\n\n<section class=\"wp-block-uagb-columns uagb-columns__wrap uagb-columns__background-undefined uagb-columns__stack-mobile uagb-columns__valign-undefined uagb-columns__gap-10 alignundefined uagb-block-b95dadf1\"><div class=\"uagb-columns__overlay\"><\/div><div class=\"uagb-columns__inner-wrap uagb-columns__columns-1\">\n<div class=\"wp-block-uagb-column uagb-column__wrap uagb-column__background-undefined uagb-block-756fd713\"><div class=\"uagb-column__overlay\"><\/div><div class=\"uagb-column__inner-wrap\">\n<h5 class=\"wp-block-heading\">Sistema de sensor mejorado<\/h5>\n\n\n\n<p>Aumenta el rango de visi\u00f3n a 32 y el rango omnidireccional a 72.<\/p>\n\n\n\n<p>Costo: M1500, E31250, T1250<\/p>\n<\/div><\/div>\n<\/div><\/section>\n\n\n\n<section class=\"wp-block-uagb-columns uagb-columns__wrap uagb-columns__background-undefined uagb-columns__stack-mobile uagb-columns__valign-undefined uagb-columns__gap-10 alignundefined uagb-block-87cd7e34\"><div class=\"uagb-columns__overlay\"><\/div><div class=\"uagb-columns__inner-wrap uagb-columns__columns-1\">\n<div class=\"wp-block-uagb-column uagb-column__wrap uagb-column__background-undefined uagb-block-dbdb6ea6\"><div class=\"uagb-column__overlay\"><\/div><div class=\"uagb-column__inner-wrap\">\n<h5 class=\"wp-block-heading\">Aumento del disipador de calor<\/h5>\n\n\n\n<p>Permite que el ca\u00f1\u00f3n principal dispare 7 veces m\u00e1s r\u00e1pido.<\/p>\n\n\n\n<p>Precio: M4500, E112500, T1500<\/p>\n<\/div><\/div>\n<\/div><\/section>\n<\/div><\/div>\n<\/div><\/section>\n\n\n\n<section class=\"wp-block-uagb-columns uagb-columns__wrap uagb-columns__background-undefined uagb-columns__stack-mobile uagb-columns__valign-undefined uagb-columns__gap-10 alignundefined uagb-block-5d2fa79a\"><div class=\"uagb-columns__overlay\"><\/div><div class=\"uagb-columns__inner-wrap uagb-columns__columns-1\">\n<div class=\"wp-block-uagb-column uagb-column__wrap uagb-column__background-undefined uagb-block-95e68d09\"><div class=\"uagb-column__overlay\"><\/div><div class=\"uagb-column__inner-wrap\">\n<h4 class=\"wp-block-heading\">ESPALDA<\/h4>\n\n\n\n<section class=\"wp-block-uagb-columns uagb-columns__wrap uagb-columns__background-undefined uagb-columns__stack-mobile uagb-columns__valign-undefined uagb-columns__gap-10 alignundefined uagb-block-c4b1b83c\"><div class=\"uagb-columns__overlay\"><\/div><div class=\"uagb-columns__inner-wrap uagb-columns__columns-1\">\n<div class=\"wp-block-uagb-column uagb-column__wrap uagb-column__background-undefined uagb-block-1d6ab960\"><div class=\"uagb-column__overlay\"><\/div><div class=\"uagb-column__inner-wrap\">\n<h5 class=\"wp-block-heading\">Generador de escudo personal<\/h5>\n\n\n\n<p>Le da a ACU un escudo a su alrededor.<\/p>\n\n\n\n<p>Costo: M1500, E93750 (-300), T1250<br>Escudo: 29000hp<br>(tasa de regeneraci\u00f3n: 223, tiempo de inicio de regeneraci\u00f3n: 30, tiempo de recarga: 160)<\/p>\n<\/div><\/div>\n<\/div><\/section>\n\n\n\n<section class=\"wp-block-uagb-columns uagb-columns__wrap uagb-columns__background-undefined uagb-columns__stack-mobile uagb-columns__valign-undefined uagb-columns__gap-10 alignundefined uagb-block-2bb2337d\"><div class=\"uagb-columns__overlay\"><\/div><div class=\"uagb-columns__inner-wrap uagb-columns__columns-1\">\n<div class=\"wp-block-uagb-column uagb-column__wrap uagb-column__background-undefined uagb-block-50c6a03e\"><div class=\"uagb-column__overlay\"><\/div><div class=\"uagb-column__inner-wrap\">\n<h5 class=\"wp-block-heading\">Generador de escudo personal pesado<\/h5>\n\n\n\n<p>Le da a ACU un escudo m\u00e1s poderoso a su alrededor.<\/p>\n\n\n\n<p>Requiere generador de escudo personal<br>Costo: M4500, E1000000 (-300), T2500<br>Escudo: 44000hp<br>(tasa de regeneraci\u00f3n: 270, tiempo de inicio de regeneraci\u00f3n: 37, tiempo de recarga: 200)<\/p>\n<\/div><\/div>\n<\/div><\/section>\n\n\n\n<section class=\"wp-block-uagb-columns uagb-columns__wrap uagb-columns__background-undefined uagb-columns__stack-mobile uagb-columns__valign-undefined uagb-columns__gap-10 alignundefined uagb-block-985be24e\"><div class=\"uagb-columns__overlay\"><\/div><div class=\"uagb-columns__inner-wrap uagb-columns__columns-1\">\n<div class=\"wp-block-uagb-column uagb-column__wrap uagb-column__background-undefined uagb-block-db025b3c\"><div class=\"uagb-column__overlay\"><\/div><div class=\"uagb-column__inner-wrap\">\n<h5 class=\"wp-block-heading\">Teletransportador personal<\/h5>\n\n\n\n<p>Permite la teletransportaci\u00f3n a cualquier lugar del mapa.<\/p>\n\n\n\n<p>Costo: M60000, E3000000, T6000<br>Costo de activaci\u00f3n: E (-20000), T60<\/p>\n<\/div><\/div>\n<\/div><\/section>\n\n\n\n<section class=\"wp-block-uagb-columns uagb-columns__wrap uagb-columns__background-undefined uagb-columns__stack-mobile uagb-columns__valign-undefined uagb-columns__gap-10 alignundefined uagb-block-6ca54c76\"><div class=\"uagb-columns__overlay\"><\/div><div class=\"uagb-columns__inner-wrap uagb-columns__columns-1\">\n<div class=\"wp-block-uagb-column uagb-column__wrap uagb-column__background-undefined uagb-block-605757eb\"><div class=\"uagb-column__overlay\"><\/div><div class=\"uagb-column__inner-wrap\">\n<h5 class=\"wp-block-heading\">Sistema de asignaci\u00f3n de recursos<\/h5>\n\n\n\n<p>Produce recursos adicionales (consulte &quot;Costo&quot;).<\/p>\n\n\n\n<p>Costo: M6000 (+18), E300000 (+2700), T1500<\/p>\n<\/div><\/div>\n<\/div><\/section>\n\n\n\n<section class=\"wp-block-uagb-columns uagb-columns__wrap uagb-columns__background-undefined uagb-columns__stack-mobile uagb-columns__valign-undefined uagb-columns__gap-10 alignundefined uagb-block-74496f09\"><div class=\"uagb-columns__overlay\"><\/div><div class=\"uagb-columns__inner-wrap uagb-columns__columns-1\">\n<div class=\"wp-block-uagb-column uagb-column__wrap uagb-column__background-undefined uagb-block-f5a94bb2\"><div class=\"uagb-column__overlay\"><\/div><div class=\"uagb-column__inner-wrap\">\n<h5 class=\"wp-block-heading\">Sistema avanzado de asignaci\u00f3n de recursos<\/h5>\n\n\n\n<p>Produce el doble de recursos (ver &quot;Costo&quot;).<\/p>\n\n\n\n<p>Requiere sistema de asignaci\u00f3n de recursos<br>Costo: M6000 (+36), E300000 (+5400), T1500<\/p>\n<\/div><\/div>\n<\/div><\/section>\n\n\n\n<section class=\"wp-block-uagb-columns uagb-columns__wrap uagb-columns__background-undefined uagb-columns__stack-mobile uagb-columns__valign-undefined uagb-columns__gap-10 alignundefined uagb-block-fa878eef\"><div class=\"uagb-columns__overlay\"><\/div><div class=\"uagb-columns__inner-wrap uagb-columns__columns-1\">\n<div class=\"wp-block-uagb-column uagb-column__wrap uagb-column__background-undefined uagb-block-88cc922d\"><div class=\"uagb-column__overlay\"><\/div><div class=\"uagb-column__inner-wrap\">\n<h5 class=\"wp-block-heading\">Amortiguador de crono<\/h5>\n\n\n\n<p>Agrega un campo de aturdimiento EMP alrededor del ACU.<\/p>\n\n\n\n<p>Costo: M1500, E31250, T1250<br>Chrono Dampener (fuego directo): 0,10 dps, alcance: 10 (195 m)<br>arma de proyectil: 1 da\u00f1o, puede disparar desde el transporte<br>cadencia de fuego: 0.1 (cada 10 s), energ\u00eda requerida: (-200)<\/p>\n<\/div><\/div>\n<\/div><\/section>\n<\/div><\/div>\n<\/div><\/section>\n\n\n\n<section class=\"wp-block-uagb-columns uagb-columns__wrap uagb-columns__background-undefined uagb-columns__stack-mobile uagb-columns__valign-undefined uagb-columns__gap-10 alignundefined uagb-block-794d690f\"><div class=\"uagb-columns__overlay\"><\/div><div class=\"uagb-columns__inner-wrap uagb-columns__columns-1\">\n<div class=\"wp-block-uagb-column uagb-column__wrap uagb-column__background-undefined uagb-block-304eec1e\"><div class=\"uagb-column__overlay\"><\/div><div class=\"uagb-column__inner-wrap\">\n<h4 class=\"wp-block-heading\">BRAZO IZQUIERDO<\/h4>\n\n\n\n<section class=\"wp-block-uagb-columns uagb-columns__wrap uagb-columns__background-undefined uagb-columns__stack-mobile uagb-columns__valign-undefined uagb-columns__gap-10 alignundefined uagb-block-675d192b\"><div class=\"uagb-columns__overlay\"><\/div><div class=\"uagb-columns__inner-wrap uagb-columns__columns-1\">\n<div class=\"wp-block-uagb-column uagb-column__wrap uagb-column__background-undefined uagb-block-800ce4e8\"><div class=\"uagb-column__overlay\"><\/div><div class=\"uagb-column__inner-wrap\">\n<h5 class=\"wp-block-heading\">Aumento del haz de Crysalis<\/h5>\n\n\n\n<p>Aumenta el alcance del arma principal de 22 a 30.<\/p>\n\n\n\n<p>Costo: M1500, E75000, T1000<\/p>\n<\/div><\/div>\n<\/div><\/section>\n\n\n\n<section class=\"wp-block-uagb-columns uagb-columns__wrap uagb-columns__background-undefined uagb-columns__stack-mobile uagb-columns__valign-undefined uagb-columns__gap-10 alignundefined uagb-block-0594c4d6\"><div class=\"uagb-columns__overlay\"><\/div><div class=\"uagb-columns__inner-wrap uagb-columns__columns-1\">\n<div class=\"wp-block-uagb-column uagb-column__wrap uagb-column__background-undefined uagb-block-1e76dc43\"><div class=\"uagb-column__overlay\"><\/div><div class=\"uagb-column__inner-wrap\">\n<h5 class=\"wp-block-heading\">Suite de ingenier\u00eda Tech 2<\/h5>\n\n\n\n<p>La velocidad de construcci\u00f3n aument\u00f3 a 30.<\/p>\n\n\n\n<p>Costo: M2000, E50000, T2000<br>Da ACU T1,2 construir \u00e1rboles.<\/p>\n<\/div><\/div>\n<\/div><\/section>\n\n\n\n<section class=\"wp-block-uagb-columns uagb-columns__wrap uagb-columns__background-undefined uagb-columns__stack-mobile uagb-columns__valign-undefined uagb-columns__gap-10 alignundefined uagb-block-ad81a236\"><div class=\"uagb-columns__overlay\"><\/div><div class=\"uagb-columns__inner-wrap uagb-columns__columns-1\">\n<div class=\"wp-block-uagb-column uagb-column__wrap uagb-column__background-undefined uagb-block-385f8b12\"><div class=\"uagb-column__overlay\"><\/div><div class=\"uagb-column__inner-wrap\">\n<h5 class=\"wp-block-heading\">Suite de ingenier\u00eda Tech 3<\/h5>\n\n\n\n<p>La velocidad de construcci\u00f3n aument\u00f3 a 90.<\/p>\n\n\n\n<p>Costo: M6750, E900000, T2250<br>Da ACU T3,4 construir \u00e1rboles.<\/p>\n<\/div><\/div>\n<\/div><\/section>\n\n\n\n<p><\/p>\n<\/div><\/div>\n<\/div><\/section>","protected":false},"excerpt":{"rendered":"<p>ARMORED COMMAND UNIT &#8211; AEON ACU Your Commander looks intimidating, but that&#8217;s just because he&#8217;s so versatile. Remember, if you&#8217;re in trouble, you can overcharge by pressing O. The ACU has a build speed of 10. ACU Stats Armor: 11000hp (regen rate: 10, armor type: Commander)Abilities: Customizable, etc.Cost: M18000 (+1, storage: 400), E5000000 (+10, storage: [&hellip;]<\/p>","protected":false},"author":1,"featured_media":0,"parent":503,"menu_order":0,"comment_status":"open","ping_status":"closed","template":"","meta":{"_uag_custom_page_level_css":"","site-sidebar-layout":"default","site-content-layout":"default","ast-site-content-layout":"","site-content-style":"default","site-sidebar-style":"default","ast-global-header-display":"","ast-banner-title-visibility":"","ast-main-header-display":"","ast-hfb-above-header-display":"","ast-hfb-below-header-display":"","ast-hfb-mobile-header-display":"","site-post-title":"","ast-breadcrumbs-content":"","ast-featured-img":"","footer-sml-layout":"","theme-transparent-header-meta":"default","adv-header-id-meta":"","stick-header-meta":"","header-above-stick-meta":"","header-main-stick-meta":"","header-below-stick-meta":"","astra-migrate-meta-layouts":"default","ast-page-background-enabled":"default","ast-page-background-meta":{"desktop":{"background-color":"","background-image":"","background-repeat":"repeat","background-position":"center center","background-size":"auto","background-attachment":"scroll","background-type":"","background-media":"","overlay-type":"","overlay-color":"","overlay-gradient":""},"tablet":{"background-color":"","background-image":"","background-repeat":"repeat","background-position":"center center","background-size":"auto","background-attachment":"scroll","background-type":"","background-media":"","overlay-type":"","overlay-color":"","overlay-gradient":""},"mobile":{"background-color":"","background-image":"","background-repeat":"repeat","background-position":"center center","background-size":"auto","background-attachment":"scroll","background-type":"","background-media":"","overlay-type":"","overlay-color":"","overlay-gradient":""}},"ast-content-background-meta":{"desktop":{"background-color":"var(--ast-global-color-5)","background-image":"","background-repeat":"repeat","background-position":"center center","background-size":"auto","background-attachment":"scroll","background-type":"","background-media":"","overlay-type":"","overlay-color":"","overlay-gradient":""},"tablet":{"background-color":"var(--ast-global-color-5)","background-image":"","background-repeat":"repeat","background-position":"center center","background-size":"auto","background-attachment":"scroll","background-type":"","background-media":"","overlay-type":"","overlay-color":"","overlay-gradient":""},"mobile":{"background-color":"var(--ast-global-color-5)","background-image":"","background-repeat":"repeat","background-position":"center center","background-size":"auto","background-attachment":"scroll","background-type":"","background-media":"","overlay-type":"","overlay-color":"","overlay-gradient":""}},"footnotes":""},"uagb_featured_image_src":{"full":false,"thumbnail":false,"medium":false,"medium_large":false,"large":false,"1536x1536":false,"2048x2048":false,"trp-custom-language-flag":false},"uagb_author_info":{"display_name":"SOE","author_link":"https:\/\/supcom.standardof.net\/es\/author\/k-tastic\/"},"uagb_comment_info":0,"uagb_excerpt":"ARMORED COMMAND UNIT &#8211; AEON ACU Your Commander looks intimidating, but that&#8217;s just because he&#8217;s so versatile. Remember, if you&#8217;re in trouble, you can overcharge by pressing O. The ACU has a build speed of 10. ACU Stats Armor: 11000hp (regen rate: 10, armor type: Commander)Abilities: Customizable, etc.Cost: M18000 (+1, storage: 400), E5000000 (+10, storage:&hellip;","_links":{"self":[{"href":"https:\/\/supcom.standardof.net\/es\/wp-json\/wp\/v2\/pages\/706"}],"collection":[{"href":"https:\/\/supcom.standardof.net\/es\/wp-json\/wp\/v2\/pages"}],"about":[{"href":"https:\/\/supcom.standardof.net\/es\/wp-json\/wp\/v2\/types\/page"}],"author":[{"embeddable":true,"href":"https:\/\/supcom.standardof.net\/es\/wp-json\/wp\/v2\/users\/1"}],"replies":[{"embeddable":true,"href":"https:\/\/supcom.standardof.net\/es\/wp-json\/wp\/v2\/comments?post=706"}],"version-history":[{"count":0,"href":"https:\/\/supcom.standardof.net\/es\/wp-json\/wp\/v2\/pages\/706\/revisions"}],"up":[{"embeddable":true,"href":"https:\/\/supcom.standardof.net\/es\/wp-json\/wp\/v2\/pages\/503"}],"wp:attachment":[{"href":"https:\/\/supcom.standardof.net\/es\/wp-json\/wp\/v2\/media?parent=706"}],"curies":[{"name":"wp","href":"https:\/\/api.w.org\/{rel}","templated":true}]}}