{"id":708,"date":"2020-11-03T02:22:52","date_gmt":"2020-11-03T07:22:52","guid":{"rendered":"https:\/\/supcom.standardof.net\/?page_id=708"},"modified":"2020-11-04T22:14:49","modified_gmt":"2020-11-05T03:14:49","slug":"aeon-subcommander","status":"publish","type":"page","link":"https:\/\/supcom.standardof.net\/es\/supreme-commander\/eon-2\/eon-subcomandante-2\/","title":{"rendered":"Subcomandante AEON"},"content":{"rendered":"<section class=\"wp-block-uagb-columns uagb-columns__wrap uagb-columns__background-undefined uagb-columns__stack-mobile uagb-columns__valign-undefined uagb-columns__gap-10 alignundefined uagb-block-1fe0a5dc\"><div class=\"uagb-columns__overlay\"><\/div><div class=\"uagb-columns__inner-wrap uagb-columns__columns-1\">\n<div class=\"wp-block-uagb-column uagb-column__wrap uagb-column__background-undefined uagb-block-fd95af43\"><div class=\"uagb-column__overlay\"><\/div><div class=\"uagb-column__inner-wrap\">\n<h2 class=\"wp-block-heading\"><strong>UNIDAD DE MANDO DE APOYO<\/strong> - AEON SCU <\/h2>\n\n\n\n<p>Los subcomandantes de Aeon son extremadamente caros, pero lo compensan siendo unidades de combate muy poderosas y grandes constructores, mucho mejores que su comandante, incluso si no se molesta en actualizarlos.<\/p>\n\n\n\n<p>El subcomandante tiene una velocidad de construcci\u00f3n de 30.<\/p>\n\n\n\n<div class=\"wp-block-image\"><figure class=\"aligncenter size-large\"><a href=\"https:\/\/supcom.standardof.net\/es\/supreme-commander\/eon-2\/eon-subcomandante-2\/supreme-commander-support-command-unit-aeon-scu\/\"><img decoding=\"async\" width=\"800\" height=\"656\" src=\"https:\/\/supcom.standardof.net\/wp-content\/uploads\/sites\/8\/2020\/11\/Supreme-Commander-SUPPORT-COMMAND-UNIT-AEON-SCU--800x656.jpg\" alt=\"La Unidad de Comando de Apoyo Aeon en Supreme Commander.\" class=\"wp-image-1042\" srcset=\"https:\/\/supcom.standardof.net\/wp-content\/uploads\/sites\/8\/2020\/11\/Supreme-Commander-SUPPORT-COMMAND-UNIT-AEON-SCU--800x656.jpg 800w, https:\/\/supcom.standardof.net\/wp-content\/uploads\/sites\/8\/2020\/11\/Supreme-Commander-SUPPORT-COMMAND-UNIT-AEON-SCU--512x420.jpg 512w, https:\/\/supcom.standardof.net\/wp-content\/uploads\/sites\/8\/2020\/11\/Supreme-Commander-SUPPORT-COMMAND-UNIT-AEON-SCU--200x164.jpg 200w, https:\/\/supcom.standardof.net\/wp-content\/uploads\/sites\/8\/2020\/11\/Supreme-Commander-SUPPORT-COMMAND-UNIT-AEON-SCU--768x630.jpg 768w, https:\/\/supcom.standardof.net\/wp-content\/uploads\/sites\/8\/2020\/11\/Supreme-Commander-SUPPORT-COMMAND-UNIT-AEON-SCU--16x12.jpg 16w, https:\/\/supcom.standardof.net\/wp-content\/uploads\/sites\/8\/2020\/11\/Supreme-Commander-SUPPORT-COMMAND-UNIT-AEON-SCU-.jpg 951w\" sizes=\"(max-width: 800px) 100vw, 800px\" \/><\/a><figcaption>AEON SCU <\/figcaption><\/figure><\/div>\n\n\n\n<section class=\"wp-block-uagb-columns uagb-columns__wrap uagb-columns__background-undefined uagb-columns__stack-mobile uagb-columns__valign-undefined uagb-columns__gap-10 alignundefined uagb-block-210b2ea9\"><div class=\"uagb-columns__overlay\"><\/div><div class=\"uagb-columns__inner-wrap uagb-columns__columns-2\">\n<div class=\"wp-block-uagb-column uagb-column__wrap uagb-column__background-undefined uagb-block-2460d84a\"><div class=\"uagb-column__overlay\"><\/div><div class=\"uagb-column__inner-wrap\">\n<h3 class=\"wp-block-heading\">Estad\u00edsticas de SCU<\/h3>\n\n\n\n<p>Armadura: 25000 CV (tasa de regeneraci\u00f3n: 10)<br>Habilidades: Personalizable, Omni Sensor, Paquete de ingenier\u00eda, Explota al morir,<br>No se puede recuperar<br>Costo: M5200 (+2, almacenamiento: 50), E60000 (+20, almacenamiento: 250), T6000, tasa de construcci\u00f3n: 30<br>Intel: vista: 26 (508 m), omnidireccional: 16 (313 m)<br>F\u00edsica: velocidad m\u00e1xima: 2,2 (43,0 m \/ s), velocidad de giro: 146<br>Clase de transporte: 3<br>Veterancia: 100, 200, 500, 1000, 2000 muertes<br>veterano nivel 2: +6250 CV,<br>veterano nivel 4: +6250 CV,<br>veterano nivel 5: repara 20 hp \/ s<\/p>\n<\/div><\/div>\n\n\n\n<div class=\"wp-block-uagb-column uagb-column__wrap uagb-column__background-undefined uagb-block-4bf35afc\"><div class=\"uagb-column__overlay\"><\/div><div class=\"uagb-column__inner-wrap\">\n<h2 class=\"wp-block-heading\">Armas SCU<\/h2>\n\n\n\n<p>Ca\u00f1\u00f3n Reacton (fuego directo): <br>750,00 dps, <br>rango: 2 (39,1 m) - 22 (430 m)<br>arma de proyectil: 750 da\u00f1os<br>cadencia de fuego: 1 (cada 1s)<br>veterano nivel 1: +188 de da\u00f1o, veterano nivel 3: +188 de da\u00f1o<\/p>\n\n\n\n<p>Death Nuke (fuego directo): <br>1000,00 dps<br>superficie: 10 (195m)<br>rango: 1 (19,5 m)<br>arma de proyectil: 1000 de da\u00f1o<br>cadencia de fuego: 1 (cada 1s)<\/p>\n<\/div><\/div>\n<\/div><\/section>\n<\/div><\/div>\n<\/div><\/section>\n\n\n\n<section class=\"wp-block-uagb-columns uagb-columns__wrap uagb-columns__background-undefined uagb-columns__stack-mobile uagb-columns__valign-undefined uagb-columns__gap-10 alignundefined uagb-block-4e64bb5a\"><div class=\"uagb-columns__overlay\"><\/div><div class=\"uagb-columns__inner-wrap uagb-columns__columns-1\">\n<div class=\"wp-block-uagb-column uagb-column__wrap uagb-column__background-undefined uagb-block-871b5e74\"><div class=\"uagb-column__overlay\"><\/div><div class=\"uagb-column__inner-wrap\">\t\t\t\t<div class=\"wp-block-uagb-table-of-contents uagb-toc__align-left uagb-toc__columns-1  uagb-block-b6caa407\"\n\t\t\t\t\tdata-scroll= \"1\"\n\t\t\t\t\tdata-offset= \"30\"\n\t\t\t\t\tstyle=\"\"\n\t\t\t\t>\n\t\t\t\t<div class=\"uagb-toc__wrap\">\n\t\t\t\t\t\t<div class=\"uagb-toc__title\">\n\t\t\t\t\t\t\tActualizaciones de Aeon SCU\t\t\t\t\t\t<\/div>\n\t\t\t\t\t\t\t\t\t\t\t\t\t\t\t\t<div class=\"uagb-toc__list-wrap\">\n\t\t\t\t\t\t<ol class=\"uagb-toc__list\"><li class=\"uagb-toc__list\"><a href=\"#right-arm\" class=\"uagb-toc-link__trigger\">BRAZO DERECHO<\/a><ul class=\"uagb-toc__list\"><li class=\"uagb-toc__list\"><a href=\"#stability-suppressant\" class=\"uagb-toc-link__trigger\">Supresor de estabilidad<\/a><li class=\"uagb-toc__list\"><li class=\"uagb-toc__list\"><a href=\"#resource-allocation-system\" class=\"uagb-toc-link__trigger\">Sistema de asignaci\u00f3n de recursos<\/a><\/li><\/ul><\/li><li class=\"uagb-toc__list\"><a href=\"#back\" class=\"uagb-toc-link__trigger\">ESPALDA<\/a><ul class=\"uagb-toc__list\"><li class=\"uagb-toc__list\"><a href=\"#personal-shield-generator\" class=\"uagb-toc-link__trigger\">Generador de escudo personal<\/a><li class=\"uagb-toc__list\"><li class=\"uagb-toc__list\"><a href=\"#heavy-personal-shield-generator\" class=\"uagb-toc-link__trigger\">Generador de escudo personal pesado<\/a><li class=\"uagb-toc__list\"><li class=\"uagb-toc__list\"><a href=\"#personal-teleporter\" class=\"uagb-toc-link__trigger\">Teletransportador personal<\/a><li class=\"uagb-toc__list\"><li class=\"uagb-toc__list\"><a href=\"#system-integrity-compensator\" class=\"uagb-toc-link__trigger\">Compensador de integridad del sistema<\/a><\/li><\/ul><\/li><\/ul><\/li><li class=\"uagb-toc__list\"><a href=\"#left-arm\" class=\"uagb-toc-link__trigger\">BRAZO IZQUIERDO<\/a><ul class=\"uagb-toc__list\"><li class=\"uagb-toc__list\"><a href=\"#engineering-focusing-module\" class=\"uagb-toc-link__trigger\">M\u00f3dulo de enfoque de ingenier\u00eda<\/a><li class=\"uagb-toc__list\"><li class=\"uagb-toc__list\"><a href=\"#sacrificial-preparations\" class=\"uagb-toc-link__trigger\">Preparaciones de sacrificio<\/a><\/ul><\/ul><\/ul><\/ol>\t\t\t\t\t<\/div>\n\t\t\t\t\t\t\t\t\t<\/div>\n\t\t\t\t<\/div>\n\t\t\t<\/div><\/div>\n<\/div><\/section>\n\n\n\n<section class=\"wp-block-uagb-columns uagb-columns__wrap uagb-columns__background-undefined uagb-columns__stack-mobile uagb-columns__valign-undefined uagb-columns__gap-10 alignundefined uagb-block-08f51fc1\"><div class=\"uagb-columns__overlay\"><\/div><div class=\"uagb-columns__inner-wrap uagb-columns__columns-1\">\n<div class=\"wp-block-uagb-column uagb-column__wrap uagb-column__background-undefined uagb-block-71aff68f\"><div class=\"uagb-column__overlay\"><\/div><div class=\"uagb-column__inner-wrap\">\n<h4 class=\"wp-block-heading\">BRAZO DERECHO<\/h4>\n\n\n\n<section class=\"wp-block-uagb-columns uagb-columns__wrap uagb-columns__background-undefined uagb-columns__stack-mobile uagb-columns__valign-undefined uagb-columns__gap-10 alignundefined uagb-block-02540652\"><div class=\"uagb-columns__overlay\"><\/div><div class=\"uagb-columns__inner-wrap uagb-columns__columns-1\">\n<div class=\"wp-block-uagb-column uagb-column__wrap uagb-column__background-undefined uagb-block-ae381dc6\"><div class=\"uagb-column__overlay\"><\/div><div class=\"uagb-column__inner-wrap\">\n<h5 class=\"wp-block-heading\">Supresor de estabilidad<\/h5>\n\n\n\n<p>Da al arma principal de SCU un radio de efecto de \u00e1rea de 4.<\/p>\n\n\n\n<p>Costo: M2550, E600000, T4500<\/p>\n<\/div><\/div>\n<\/div><\/section>\n\n\n\n<section class=\"wp-block-uagb-columns uagb-columns__wrap uagb-columns__background-undefined uagb-columns__stack-mobile uagb-columns__valign-undefined uagb-columns__gap-10 alignundefined uagb-block-6e4d5e56\"><div class=\"uagb-columns__overlay\"><\/div><div class=\"uagb-columns__inner-wrap uagb-columns__columns-1\">\n<div class=\"wp-block-uagb-column uagb-column__wrap uagb-column__background-undefined uagb-block-54844651\"><div class=\"uagb-column__overlay\"><\/div><div class=\"uagb-column__inner-wrap\">\n<h5 class=\"wp-block-heading\">Sistema de asignaci\u00f3n de recursos<\/h5>\n\n\n\n<p>Produce recursos adicionales (consulte &quot;Costo&quot; m\u00e1s arriba).<\/p>\n\n\n\n<p>Costo: M6000 (+18), E375000 (+2700), T9000<\/p>\n<\/div><\/div>\n<\/div><\/section>\n<\/div><\/div>\n<\/div><\/section>\n\n\n\n<section class=\"wp-block-uagb-columns uagb-columns__wrap uagb-columns__background-undefined uagb-columns__stack-mobile uagb-columns__valign-undefined uagb-columns__gap-10 alignundefined uagb-block-172e9f55\"><div class=\"uagb-columns__overlay\"><\/div><div class=\"uagb-columns__inner-wrap uagb-columns__columns-1\">\n<div class=\"wp-block-uagb-column uagb-column__wrap uagb-column__background-undefined uagb-block-af792547\"><div class=\"uagb-column__overlay\"><\/div><div class=\"uagb-column__inner-wrap\">\n<h4 class=\"wp-block-heading\">ESPALDA<\/h4>\n\n\n\n<section class=\"wp-block-uagb-columns uagb-columns__wrap uagb-columns__background-undefined uagb-columns__stack-mobile uagb-columns__valign-undefined uagb-columns__gap-10 alignundefined uagb-block-dcc6f440\"><div class=\"uagb-columns__overlay\"><\/div><div class=\"uagb-columns__inner-wrap uagb-columns__columns-1\">\n<div class=\"wp-block-uagb-column uagb-column__wrap uagb-column__background-undefined uagb-block-1b4daeee\"><div class=\"uagb-column__overlay\"><\/div><div class=\"uagb-column__inner-wrap\">\n<h5 class=\"wp-block-heading\">Generador de escudo personal<\/h5>\n\n\n\n<p>Le da a SCU un escudo alrededor de s\u00ed mismo.<\/p>\n\n\n\n<p>Costo: M1000, E93750 (-300), T3750<br>Escudo: 15000hp<br>(tasa de regeneraci\u00f3n: 115, tiempo de inicio de regeneraci\u00f3n: 60, tiempo de recarga: 190)<\/p>\n<\/div><\/div>\n<\/div><\/section>\n\n\n\n<section class=\"wp-block-uagb-columns uagb-columns__wrap uagb-columns__background-undefined uagb-columns__stack-mobile uagb-columns__valign-undefined uagb-columns__gap-10 alignundefined uagb-block-628a765a\"><div class=\"uagb-columns__overlay\"><\/div><div class=\"uagb-columns__inner-wrap uagb-columns__columns-1\">\n<div class=\"wp-block-uagb-column uagb-column__wrap uagb-column__background-undefined uagb-block-3d966352\"><div class=\"uagb-column__overlay\"><\/div><div class=\"uagb-column__inner-wrap\">\n<h5 class=\"wp-block-heading\">Generador de escudo personal pesado<\/h5>\n\n\n\n<p>Le da a SCU un escudo m\u00e1s grande a su alrededor.<\/p>\n\n\n\n<p>Requiere generador de escudo personal<br>Costo: M1650, E600000 (-600), T4500<br>Escudo: 25000hp<br>(tasa de regeneraci\u00f3n: 152, tiempo de inicio de regeneraci\u00f3n: 75, tiempo de recarga: 240)<\/p>\n<\/div><\/div>\n<\/div><\/section>\n\n\n\n<section class=\"wp-block-uagb-columns uagb-columns__wrap uagb-columns__background-undefined uagb-columns__stack-mobile uagb-columns__valign-undefined uagb-columns__gap-10 alignundefined uagb-block-2bc7e172\"><div class=\"uagb-columns__overlay\"><\/div><div class=\"uagb-columns__inner-wrap uagb-columns__columns-1\">\n<div class=\"wp-block-uagb-column uagb-column__wrap uagb-column__background-undefined uagb-block-388c2ebe\"><div class=\"uagb-column__overlay\"><\/div><div class=\"uagb-column__inner-wrap\">\n<h5 class=\"wp-block-heading\">Teletransportador personal<\/h5>\n\n\n\n<p>Permite la teletransportaci\u00f3n a cualquier lugar del mapa.<\/p>\n\n\n\n<p>Costo: M60000, E6000000, T18000<br>Costo de uso: E (-20000), T60<\/p>\n<\/div><\/div>\n<\/div><\/section>\n\n\n\n<section class=\"wp-block-uagb-columns uagb-columns__wrap uagb-columns__background-undefined uagb-columns__stack-mobile uagb-columns__valign-undefined uagb-columns__gap-10 alignundefined uagb-block-21c23f45\"><div class=\"uagb-columns__overlay\"><\/div><div class=\"uagb-columns__inner-wrap uagb-columns__columns-1\">\n<div class=\"wp-block-uagb-column uagb-column__wrap uagb-column__background-undefined uagb-block-b3afda76\"><div class=\"uagb-column__overlay\"><\/div><div class=\"uagb-column__inner-wrap\">\n<h5 class=\"wp-block-heading\">Compensador de integridad del sistema<\/h5>\n\n\n\n<p>Aumenta la tasa de regeneraci\u00f3n a 350 hp \/ s.<\/p>\n\n\n\n<p>Costo: M1500, E112500, T4500<\/p>\n<\/div><\/div>\n<\/div><\/section>\n<\/div><\/div>\n<\/div><\/section>\n\n\n\n<section class=\"wp-block-uagb-columns uagb-columns__wrap uagb-columns__background-undefined uagb-columns__stack-mobile uagb-columns__valign-undefined uagb-columns__gap-10 alignundefined uagb-block-b5effbc2\"><div class=\"uagb-columns__overlay\"><\/div><div class=\"uagb-columns__inner-wrap uagb-columns__columns-1\">\n<div class=\"wp-block-uagb-column uagb-column__wrap uagb-column__background-undefined uagb-block-0d340958\"><div class=\"uagb-column__overlay\"><\/div><div class=\"uagb-column__inner-wrap\">\n<h4 class=\"wp-block-heading\">BRAZO IZQUIERDO<\/h4>\n\n\n\n<section class=\"wp-block-uagb-columns uagb-columns__wrap uagb-columns__background-undefined uagb-columns__stack-mobile uagb-columns__valign-undefined uagb-columns__gap-10 alignundefined uagb-block-486309bf\"><div class=\"uagb-columns__overlay\"><\/div><div class=\"uagb-columns__inner-wrap uagb-columns__columns-1\">\n<div class=\"wp-block-uagb-column uagb-column__wrap uagb-column__background-undefined uagb-block-519bbfee\"><div class=\"uagb-column__overlay\"><\/div><div class=\"uagb-column__inner-wrap\">\n<h5 class=\"wp-block-heading\">M\u00f3dulo de enfoque de ingenier\u00eda<\/h5>\n\n\n\n<p>Aumenta la velocidad de construcci\u00f3n a 60.<\/p>\n\n\n\n<p>Costo: M2100, E75000, T9000<\/p>\n<\/div><\/div>\n<\/div><\/section>\n\n\n\n<section class=\"wp-block-uagb-columns uagb-columns__wrap uagb-columns__background-undefined uagb-columns__stack-mobile uagb-columns__valign-undefined uagb-columns__gap-10 alignundefined uagb-block-c2bb6652\"><div class=\"uagb-columns__overlay\"><\/div><div class=\"uagb-columns__inner-wrap uagb-columns__columns-1\">\n<div class=\"wp-block-uagb-column uagb-column__wrap uagb-column__background-undefined uagb-block-8846c3e4\"><div class=\"uagb-column__overlay\"><\/div><div class=\"uagb-column__inner-wrap\">\n<h5 class=\"wp-block-heading\">Preparaciones de sacrificio<\/h5>\n\n\n\n<p>Permite a SCU sacrificarse como otros ingenieros de Aeon.<\/p>\n\n\n\n<p>Coste: M300, E4500, T2250<br>Sacrificio: M3000 (57.7%)<\/p>\n<\/div><\/div>\n<\/div><\/section>\n<\/div><\/div>\n<\/div><\/section>","protected":false},"excerpt":{"rendered":"<p>SUPPORT COMMAND UNIT &#8211; AEON SCU Aeon Subcommanders are extremely expensive, but make up for it by being very powerful fighting units as well as great builders &#8211; much better than your Commander even if you don&#8217;t bother to upgrade them. The subcommander has a build speed of 30. SCU Stats Armor: 25000hp (regen rate: [&hellip;]<\/p>","protected":false},"author":1,"featured_media":0,"parent":503,"menu_order":0,"comment_status":"open","ping_status":"closed","template":"","meta":{"_uag_custom_page_level_css":"","site-sidebar-layout":"default","site-content-layout":"default","ast-site-content-layout":"","site-content-style":"default","site-sidebar-style":"default","ast-global-header-display":"","ast-banner-title-visibility":"","ast-main-header-display":"","ast-hfb-above-header-display":"","ast-hfb-below-header-display":"","ast-hfb-mobile-header-display":"","site-post-title":"","ast-breadcrumbs-content":"","ast-featured-img":"","footer-sml-layout":"","theme-transparent-header-meta":"default","adv-header-id-meta":"","stick-header-meta":"","header-above-stick-meta":"","header-main-stick-meta":"","header-below-stick-meta":"","astra-migrate-meta-layouts":"default","ast-page-background-enabled":"default","ast-page-background-meta":{"desktop":{"background-color":"","background-image":"","background-repeat":"repeat","background-position":"center center","background-size":"auto","background-attachment":"scroll","background-type":"","background-media":"","overlay-type":"","overlay-color":"","overlay-gradient":""},"tablet":{"background-color":"","background-image":"","background-repeat":"repeat","background-position":"center center","background-size":"auto","background-attachment":"scroll","background-type":"","background-media":"","overlay-type":"","overlay-color":"","overlay-gradient":""},"mobile":{"background-color":"","background-image":"","background-repeat":"repeat","background-position":"center center","background-size":"auto","background-attachment":"scroll","background-type":"","background-media":"","overlay-type":"","overlay-color":"","overlay-gradient":""}},"ast-content-background-meta":{"desktop":{"background-color":"var(--ast-global-color-5)","background-image":"","background-repeat":"repeat","background-position":"center center","background-size":"auto","background-attachment":"scroll","background-type":"","background-media":"","overlay-type":"","overlay-color":"","overlay-gradient":""},"tablet":{"background-color":"var(--ast-global-color-5)","background-image":"","background-repeat":"repeat","background-position":"center center","background-size":"auto","background-attachment":"scroll","background-type":"","background-media":"","overlay-type":"","overlay-color":"","overlay-gradient":""},"mobile":{"background-color":"var(--ast-global-color-5)","background-image":"","background-repeat":"repeat","background-position":"center center","background-size":"auto","background-attachment":"scroll","background-type":"","background-media":"","overlay-type":"","overlay-color":"","overlay-gradient":""}},"footnotes":""},"uagb_featured_image_src":{"full":false,"thumbnail":false,"medium":false,"medium_large":false,"large":false,"1536x1536":false,"2048x2048":false,"trp-custom-language-flag":false},"uagb_author_info":{"display_name":"SOE","author_link":"https:\/\/supcom.standardof.net\/es\/author\/k-tastic\/"},"uagb_comment_info":0,"uagb_excerpt":"SUPPORT COMMAND UNIT &#8211; AEON SCU Aeon Subcommanders are extremely expensive, but make up for it by being very powerful fighting units as well as great builders &#8211; much better than your Commander even if you don&#8217;t bother to upgrade them. The subcommander has a build speed of 30. SCU Stats Armor: 25000hp (regen rate:&hellip;","_links":{"self":[{"href":"https:\/\/supcom.standardof.net\/es\/wp-json\/wp\/v2\/pages\/708"}],"collection":[{"href":"https:\/\/supcom.standardof.net\/es\/wp-json\/wp\/v2\/pages"}],"about":[{"href":"https:\/\/supcom.standardof.net\/es\/wp-json\/wp\/v2\/types\/page"}],"author":[{"embeddable":true,"href":"https:\/\/supcom.standardof.net\/es\/wp-json\/wp\/v2\/users\/1"}],"replies":[{"embeddable":true,"href":"https:\/\/supcom.standardof.net\/es\/wp-json\/wp\/v2\/comments?post=708"}],"version-history":[{"count":0,"href":"https:\/\/supcom.standardof.net\/es\/wp-json\/wp\/v2\/pages\/708\/revisions"}],"up":[{"embeddable":true,"href":"https:\/\/supcom.standardof.net\/es\/wp-json\/wp\/v2\/pages\/503"}],"wp:attachment":[{"href":"https:\/\/supcom.standardof.net\/es\/wp-json\/wp\/v2\/media?parent=708"}],"curies":[{"name":"wp","href":"https:\/\/api.w.org\/{rel}","templated":true}]}}