{"id":723,"date":"2020-11-03T11:23:26","date_gmt":"2020-11-03T16:23:26","guid":{"rendered":"https:\/\/supcom.standardof.net\/?page_id=723"},"modified":"2020-11-05T00:42:14","modified_gmt":"2020-11-05T05:42:14","slug":"tech-2-aeon-economy-buildings","status":"publish","type":"page","link":"https:\/\/supcom.standardof.net\/es\/supreme-commander\/eon-2\/tech-2-eon-economy-edificios-2\/","title":{"rendered":"Tech 2 - Edificios econ\u00f3micos Aeon"},"content":{"rendered":"<div class=\"wp-block-uagb-table-of-contents uagb-toc__align-left uagb-toc__columns-1  uagb-block-3d514c23\"\n\t\t\t\t\tdata-scroll= \"1\"\n\t\t\t\t\tdata-offset= \"30\"\n\t\t\t\t\tstyle=\"\"\n\t\t\t\t>\n\t\t\t\t<div class=\"uagb-toc__wrap\">\n\t\t\t\t\t\t<div class=\"uagb-toc__title\">\n\t\t\t\t\t\t\tEdificios econ\u00f3micos de Aeon Tech 2:\t\t\t\t\t\t<\/div>\n\t\t\t\t\t\t\t\t\t\t\t\t\t\t\t\t<div class=\"uagb-toc__list-wrap\">\n\t\t\t\t\t\t<ol class=\"uagb-toc__list\"><li class=\"uagb-toc__list\"><a href=\"#tech-2-aeon-land-factory\" class=\"uagb-toc-link__trigger\">TECH 2 AEON LAND FACTORY<\/a><li class=\"uagb-toc__list\"><a href=\"#tech-2-aeon-air-factory\" class=\"uagb-toc-link__trigger\">F\u00c1BRICA DE AIRE TECH 2 AEON<\/a><li class=\"uagb-toc__list\"><a href=\"#tech-2-aeon-naval-factory\" class=\"uagb-toc-link__trigger\">TECH 2 AEON NAVAL FACTORY<\/a><li class=\"uagb-toc__list\"><a href=\"#tech-2-mass-extractor\" class=\"uagb-toc-link__trigger\">EXTRACTOR DE MASA TECH 2<\/a><li class=\"uagb-toc__list\"><a href=\"#tech-2-power-generator\" class=\"uagb-toc-link__trigger\">GENERADOR DE ENERG\u00cdA TECH 2<\/a><\/ol>\t\t\t\t\t<\/div>\n\t\t\t\t\t\t\t\t\t<\/div>\n\t\t\t\t<\/div>\n\t\t\t\n\n\n<section class=\"wp-block-uagb-columns uagb-columns__wrap uagb-columns__background-undefined uagb-columns__stack-mobile uagb-columns__valign-undefined uagb-columns__gap-10 alignundefined uagb-block-26c784dc\"><div class=\"uagb-columns__overlay\"><\/div><div class=\"uagb-columns__inner-wrap uagb-columns__columns-1\">\n<div class=\"wp-block-uagb-column uagb-column__wrap uagb-column__background-undefined uagb-block-3218db5b\"><div class=\"uagb-column__overlay\"><\/div><div class=\"uagb-column__inner-wrap\">\n<h2 class=\"wp-block-heading\">TECH 2 AEON <strong>F\u00c1BRICA DE TIERRAS<\/strong><\/h2>\n\n\n\n<p>En el nivel T2, su f\u00e1brica no es vulnerable a ataques sorpresa y suele ser el \u00faltimo edificio en morir. Sigue siendo dos veces m\u00e1s r\u00e1pido que su ingeniero del mismo nivel.<\/p>\n\n\n\n<div class=\"wp-block-image\"><figure class=\"aligncenter size-large\"><a href=\"https:\/\/supcom.standardof.net\/es\/supreme-commander\/eon-2\/tech-2-eon-economy-edificios-2\/tech-2-aeon-land-factory-supreme-commander-aeon-tech-2-economy\/\"><img decoding=\"async\" width=\"800\" height=\"604\" src=\"https:\/\/supcom.standardof.net\/wp-content\/uploads\/sites\/8\/2020\/11\/TECH-2-AEON-LAND-FACTORY-Supreme-Commander-Aeon-Tech-2-Economy-800x604.jpg\" alt=\"La T2 Land Factory, Aeon Tech 2 Economy Building en Supreme Commander.\" class=\"wp-image-1119\" srcset=\"https:\/\/supcom.standardof.net\/wp-content\/uploads\/sites\/8\/2020\/11\/TECH-2-AEON-LAND-FACTORY-Supreme-Commander-Aeon-Tech-2-Economy-800x604.jpg 800w, https:\/\/supcom.standardof.net\/wp-content\/uploads\/sites\/8\/2020\/11\/TECH-2-AEON-LAND-FACTORY-Supreme-Commander-Aeon-Tech-2-Economy-512x387.jpg 512w, https:\/\/supcom.standardof.net\/wp-content\/uploads\/sites\/8\/2020\/11\/TECH-2-AEON-LAND-FACTORY-Supreme-Commander-Aeon-Tech-2-Economy-200x151.jpg 200w, https:\/\/supcom.standardof.net\/wp-content\/uploads\/sites\/8\/2020\/11\/TECH-2-AEON-LAND-FACTORY-Supreme-Commander-Aeon-Tech-2-Economy-768x580.jpg 768w, https:\/\/supcom.standardof.net\/wp-content\/uploads\/sites\/8\/2020\/11\/TECH-2-AEON-LAND-FACTORY-Supreme-Commander-Aeon-Tech-2-Economy-1536x1160.jpg 1536w, https:\/\/supcom.standardof.net\/wp-content\/uploads\/sites\/8\/2020\/11\/TECH-2-AEON-LAND-FACTORY-Supreme-Commander-Aeon-Tech-2-Economy-16x12.jpg 16w, https:\/\/supcom.standardof.net\/wp-content\/uploads\/sites\/8\/2020\/11\/TECH-2-AEON-LAND-FACTORY-Supreme-Commander-Aeon-Tech-2-Economy.jpg 1605w\" sizes=\"(max-width: 800px) 100vw, 800px\" \/><\/a><figcaption>F\u00c1BRICA TERRESTRE DE T2 AEON<\/figcaption><\/figure><\/div>\n\n\n\n<section class=\"wp-block-uagb-columns uagb-columns__wrap uagb-columns__background-undefined uagb-columns__stack-mobile uagb-columns__valign-undefined uagb-columns__gap-10 alignundefined uagb-block-3bf80aab\"><div class=\"uagb-columns__overlay\"><\/div><div class=\"uagb-columns__inner-wrap uagb-columns__columns-2\">\n<div class=\"wp-block-uagb-column uagb-column__wrap uagb-column__background-undefined uagb-block-baa43ebd\"><div class=\"uagb-column__overlay\"><\/div><div class=\"uagb-column__inner-wrap\">\n<h3 class=\"wp-block-heading\">Estad\u00edsticas de T2 Land Factory<\/h3>\n\n\n\n<p>Armadura: 8400 CV<br>Habilidades: Actualizable<br>Costo: M950 (almacenamiento: 160), E7600 (almacenamiento: 800), T1900, <br>tasa de construcci\u00f3n: 20<br>Intel: vista: 20 (391 m)<br>F\u00edsica: tama\u00f1o para adyacencia: 16<\/p>\n<\/div><\/div>\n\n\n\n<div class=\"wp-block-uagb-column uagb-column__wrap uagb-column__background-undefined uagb-block-1896699e\"><div class=\"uagb-column__overlay\"><\/div><div class=\"uagb-column__inner-wrap\"><\/div><\/div>\n<\/div><\/section>\n<\/div><\/div>\n<\/div><\/section>\n\n\n\n<section class=\"wp-block-uagb-columns uagb-columns__wrap uagb-columns__background-undefined uagb-columns__stack-mobile uagb-columns__valign-undefined uagb-columns__gap-10 alignundefined uagb-block-4bc9a3fe\"><div class=\"uagb-columns__overlay\"><\/div><div class=\"uagb-columns__inner-wrap uagb-columns__columns-1\">\n<div class=\"wp-block-uagb-column uagb-column__wrap uagb-column__background-undefined uagb-block-191e5346\"><div class=\"uagb-column__overlay\"><\/div><div class=\"uagb-column__inner-wrap\">\n<h2 class=\"wp-block-heading\">TECH 2 AEON <strong>FABRICA DE AIRE<\/strong><\/h2>\n\n\n\n<p>La actualizaci\u00f3n de la f\u00e1brica T2 air es m\u00e1s lenta que la actualizaci\u00f3n de la f\u00e1brica T2 terrestre, por lo que si es hora de mejorar la tecnolog\u00eda y solo desea ingenieros, h\u00e1galo m\u00e1s tarde.<\/p>\n\n\n\n<div class=\"wp-block-image\"><figure class=\"aligncenter size-large\"><a href=\"https:\/\/supcom.standardof.net\/es\/supreme-commander\/eon-2\/tech-2-eon-economy-edificios-2\/tech-2-aeon-air-factory-supreme-commander-aeon-tech-2-economy\/\"><img decoding=\"async\" width=\"800\" height=\"643\" src=\"https:\/\/supcom.standardof.net\/wp-content\/uploads\/sites\/8\/2020\/11\/TECH-2-AEON-AIR-FACTORY-Supreme-Commander-Aeon-Tech-2-Economy-800x643.jpg\" alt=\"La T2 Air Factory, Aeon Tech 2 Economy Building en Supreme Commander.\" class=\"wp-image-1118\" srcset=\"https:\/\/supcom.standardof.net\/wp-content\/uploads\/sites\/8\/2020\/11\/TECH-2-AEON-AIR-FACTORY-Supreme-Commander-Aeon-Tech-2-Economy-800x643.jpg 800w, https:\/\/supcom.standardof.net\/wp-content\/uploads\/sites\/8\/2020\/11\/TECH-2-AEON-AIR-FACTORY-Supreme-Commander-Aeon-Tech-2-Economy-512x412.jpg 512w, https:\/\/supcom.standardof.net\/wp-content\/uploads\/sites\/8\/2020\/11\/TECH-2-AEON-AIR-FACTORY-Supreme-Commander-Aeon-Tech-2-Economy-200x161.jpg 200w, https:\/\/supcom.standardof.net\/wp-content\/uploads\/sites\/8\/2020\/11\/TECH-2-AEON-AIR-FACTORY-Supreme-Commander-Aeon-Tech-2-Economy-768x618.jpg 768w, https:\/\/supcom.standardof.net\/wp-content\/uploads\/sites\/8\/2020\/11\/TECH-2-AEON-AIR-FACTORY-Supreme-Commander-Aeon-Tech-2-Economy-16x12.jpg 16w, https:\/\/supcom.standardof.net\/wp-content\/uploads\/sites\/8\/2020\/11\/TECH-2-AEON-AIR-FACTORY-Supreme-Commander-Aeon-Tech-2-Economy.jpg 1440w\" sizes=\"(max-width: 800px) 100vw, 800px\" \/><\/a><figcaption>F\u00c1BRICA DE AIRE T2 AEON<\/figcaption><\/figure><\/div>\n\n\n\n<section class=\"wp-block-uagb-columns uagb-columns__wrap uagb-columns__background-undefined uagb-columns__stack-mobile uagb-columns__valign-undefined uagb-columns__gap-10 alignundefined uagb-block-0180c7b7\"><div class=\"uagb-columns__overlay\"><\/div><div class=\"uagb-columns__inner-wrap uagb-columns__columns-2\">\n<div class=\"wp-block-uagb-column uagb-column__wrap uagb-column__background-undefined uagb-block-5443c14c\"><div class=\"uagb-column__overlay\"><\/div><div class=\"uagb-column__inner-wrap\">\n<h3 class=\"wp-block-heading\">Estad\u00edsticas de T2 Air Factory<\/h3>\n\n\n\n<p>Armadura: 8400 CV<br>Habilidades: Actualizable<br>Costo: M720 (almacenamiento: 160), E19200 (almacenamiento: 800), T2400,<br>tasa de construcci\u00f3n: 20<br>Intel: vista: 20 (391 m)<br>F\u00edsica: tama\u00f1o para adyacencia: 16<\/p>\n<\/div><\/div>\n\n\n\n<div class=\"wp-block-uagb-column uagb-column__wrap uagb-column__background-undefined uagb-block-382a913c\"><div class=\"uagb-column__overlay\"><\/div><div class=\"uagb-column__inner-wrap\"><\/div><\/div>\n<\/div><\/section>\n<\/div><\/div>\n<\/div><\/section>\n\n\n\n<section class=\"wp-block-uagb-columns uagb-columns__wrap uagb-columns__background-undefined uagb-columns__stack-mobile uagb-columns__valign-undefined uagb-columns__gap-10 alignundefined uagb-block-99ba0b7b\"><div class=\"uagb-columns__overlay\"><\/div><div class=\"uagb-columns__inner-wrap uagb-columns__columns-1\">\n<div class=\"wp-block-uagb-column uagb-column__wrap uagb-column__background-undefined uagb-block-5d6c2873\"><div class=\"uagb-column__overlay\"><\/div><div class=\"uagb-column__inner-wrap\">\n<h2 class=\"wp-block-heading\">TECH 2 AEON <strong>F\u00c1BRICA NAVAL<\/strong><\/h2>\n\n\n\n<p>La T2 Naval Factory ahora tiene mucha salud, sin ser mucho m\u00e1s cara que las otras actualizaciones. Teniendo en cuenta que el UEF T1 navy es tan malo, ahora tiene a\u00fan m\u00e1s razones para actualizarse temprano (incluso si es solo para hacer submarinos el doble de r\u00e1pido).<\/p>\n\n\n\n<div class=\"wp-block-image\"><figure class=\"aligncenter size-large\"><a href=\"https:\/\/supcom.standardof.net\/es\/supreme-commander\/eon-2\/tech-2-eon-economy-edificios-2\/tech-2-aeon-naval-factory-supreme-commander-aeon-tech-2-economy\/\"><img decoding=\"async\" width=\"800\" height=\"642\" src=\"https:\/\/supcom.standardof.net\/wp-content\/uploads\/sites\/8\/2020\/11\/TECH-2-AEON-NAVAL-FACTORY-Supreme-Commander-Aeon-Tech-2-Economy-800x642.jpg\" alt=\"La F\u00e1brica Naval T2, Edificio Econ\u00f3mico Aeon Tech 2 en Supreme Commander.\" class=\"wp-image-1120\" srcset=\"https:\/\/supcom.standardof.net\/wp-content\/uploads\/sites\/8\/2020\/11\/TECH-2-AEON-NAVAL-FACTORY-Supreme-Commander-Aeon-Tech-2-Economy-800x642.jpg 800w, https:\/\/supcom.standardof.net\/wp-content\/uploads\/sites\/8\/2020\/11\/TECH-2-AEON-NAVAL-FACTORY-Supreme-Commander-Aeon-Tech-2-Economy-512x411.jpg 512w, https:\/\/supcom.standardof.net\/wp-content\/uploads\/sites\/8\/2020\/11\/TECH-2-AEON-NAVAL-FACTORY-Supreme-Commander-Aeon-Tech-2-Economy-200x161.jpg 200w, https:\/\/supcom.standardof.net\/wp-content\/uploads\/sites\/8\/2020\/11\/TECH-2-AEON-NAVAL-FACTORY-Supreme-Commander-Aeon-Tech-2-Economy-768x617.jpg 768w, https:\/\/supcom.standardof.net\/wp-content\/uploads\/sites\/8\/2020\/11\/TECH-2-AEON-NAVAL-FACTORY-Supreme-Commander-Aeon-Tech-2-Economy-1536x1234.jpg 1536w, https:\/\/supcom.standardof.net\/wp-content\/uploads\/sites\/8\/2020\/11\/TECH-2-AEON-NAVAL-FACTORY-Supreme-Commander-Aeon-Tech-2-Economy-16x12.jpg 16w, https:\/\/supcom.standardof.net\/wp-content\/uploads\/sites\/8\/2020\/11\/TECH-2-AEON-NAVAL-FACTORY-Supreme-Commander-Aeon-Tech-2-Economy.jpg 1554w\" sizes=\"(max-width: 800px) 100vw, 800px\" \/><\/a><figcaption>F\u00c1BRICA NAVAL T2 AEON<\/figcaption><\/figure><\/div>\n\n\n\n<section class=\"wp-block-uagb-columns uagb-columns__wrap uagb-columns__background-undefined uagb-columns__stack-mobile uagb-columns__valign-undefined uagb-columns__gap-10 alignundefined uagb-block-baf36cb6\"><div class=\"uagb-columns__overlay\"><\/div><div class=\"uagb-columns__inner-wrap uagb-columns__columns-2\">\n<div class=\"wp-block-uagb-column uagb-column__wrap uagb-column__background-undefined uagb-block-ed469209\"><div class=\"uagb-column__overlay\"><\/div><div class=\"uagb-column__inner-wrap\">\n<h3 class=\"wp-block-heading\">Estad\u00edsticas de la F\u00e1brica Naval T2<\/h3>\n\n\n\n<p>Armadura: 17000 CV<br>Habilidades: Actualizable<br>Costo: M950 (almacenamiento: 160), E7600 (almacenamiento: 800), T1900,<br>tasa de construcci\u00f3n: 20<br>Intel: vista: 20 (391 m)<br>F\u00edsica: tama\u00f1o para adyacencia: 16<\/p>\n<\/div><\/div>\n\n\n\n<div class=\"wp-block-uagb-column uagb-column__wrap uagb-column__background-undefined uagb-block-8bbc9c0e\"><div class=\"uagb-column__overlay\"><\/div><div class=\"uagb-column__inner-wrap\"><\/div><\/div>\n<\/div><\/section>\n<\/div><\/div>\n<\/div><\/section>\n\n\n\n<section class=\"wp-block-uagb-columns uagb-columns__wrap uagb-columns__background-undefined uagb-columns__stack-mobile uagb-columns__valign-undefined uagb-columns__gap-10 alignundefined uagb-block-ee614046\"><div class=\"uagb-columns__overlay\"><\/div><div class=\"uagb-columns__inner-wrap uagb-columns__columns-1\">\n<div class=\"wp-block-uagb-column uagb-column__wrap uagb-column__background-undefined uagb-block-edd39df0\"><div class=\"uagb-column__overlay\"><\/div><div class=\"uagb-column__inner-wrap\">\n<h2 class=\"wp-block-heading\">TECH 2 <strong>EXTRACTOR DE MASA<\/strong><\/h2>\n\n\n\n<p>En los niveles T2, se ha expandido al m\u00e1ximo y ahora es el momento de comenzar a actualizar sus extractores de masa. Tenga cuidado al ayudarlos, ya que no aparecer\u00e1n inactivos una vez finalizada la actualizaci\u00f3n.<\/p>\n\n\n\n<div class=\"wp-block-image\"><figure class=\"aligncenter size-large\"><a href=\"https:\/\/supcom.standardof.net\/es\/supreme-commander\/eon-2\/tech-2-eon-economy-edificios-2\/tech-2-mass-extractor-supreme-commander-aeon-tech-2-economy\/\"><img decoding=\"async\" width=\"800\" height=\"606\" src=\"https:\/\/supcom.standardof.net\/wp-content\/uploads\/sites\/8\/2020\/11\/TECH-2-MASS-EXTRACTOR-Supreme-Commander-Aeon-Tech-2-Economy-800x606.jpg\" alt=\"El T2 Mass Extractor, Aeon Tech 2 Economy Building en Supreme Commander.\" class=\"wp-image-1121\" srcset=\"https:\/\/supcom.standardof.net\/wp-content\/uploads\/sites\/8\/2020\/11\/TECH-2-MASS-EXTRACTOR-Supreme-Commander-Aeon-Tech-2-Economy-800x606.jpg 800w, https:\/\/supcom.standardof.net\/wp-content\/uploads\/sites\/8\/2020\/11\/TECH-2-MASS-EXTRACTOR-Supreme-Commander-Aeon-Tech-2-Economy-512x388.jpg 512w, https:\/\/supcom.standardof.net\/wp-content\/uploads\/sites\/8\/2020\/11\/TECH-2-MASS-EXTRACTOR-Supreme-Commander-Aeon-Tech-2-Economy-200x151.jpg 200w, https:\/\/supcom.standardof.net\/wp-content\/uploads\/sites\/8\/2020\/11\/TECH-2-MASS-EXTRACTOR-Supreme-Commander-Aeon-Tech-2-Economy-768x582.jpg 768w, https:\/\/supcom.standardof.net\/wp-content\/uploads\/sites\/8\/2020\/11\/TECH-2-MASS-EXTRACTOR-Supreme-Commander-Aeon-Tech-2-Economy-16x12.jpg 16w, https:\/\/supcom.standardof.net\/wp-content\/uploads\/sites\/8\/2020\/11\/TECH-2-MASS-EXTRACTOR-Supreme-Commander-Aeon-Tech-2-Economy.jpg 1014w\" sizes=\"(max-width: 800px) 100vw, 800px\" \/><\/a><figcaption>EXTRACTOR DE MASA T2<\/figcaption><\/figure><\/div>\n\n\n\n<section class=\"wp-block-uagb-columns uagb-columns__wrap uagb-columns__background-undefined uagb-columns__stack-mobile uagb-columns__valign-undefined uagb-columns__gap-10 alignundefined uagb-block-052d97c1\"><div class=\"uagb-columns__overlay\"><\/div><div class=\"uagb-columns__inner-wrap uagb-columns__columns-2\">\n<div class=\"wp-block-uagb-column uagb-column__wrap uagb-column__background-undefined uagb-block-65f7f344\"><div class=\"uagb-column__overlay\"><\/div><div class=\"uagb-column__inner-wrap\">\n<h3 class=\"wp-block-heading\">Estad\u00edsticas del extractor de masa T2<\/h3>\n\n\n\n<p>EXTRACTOR DE MASA T2<br>Armadura: 2160 CV<br>Habilidades: Actualizable<br>Costo: M900 (+6), E5400 (-9), T900,<br>tasa de construcci\u00f3n: 15<br>Intel: vista: 20 (391 m)<br>F\u00edsica: tama\u00f1o para adyacencia: 4<br>Bonificaciones por adyacencia (tama\u00f1o del edificio adyacente: 4, 8, 12, 16, 20):<br>Reducci\u00f3n de drenaje masivo (f\u00e1bricas): 15.00%, 7.50%, 5.00%, 3.75%, 3.00%<\/p>\n<\/div><\/div>\n\n\n\n<div class=\"wp-block-uagb-column uagb-column__wrap uagb-column__background-undefined uagb-block-ce4fc8ea\"><div class=\"uagb-column__overlay\"><\/div><div class=\"uagb-column__inner-wrap\"><\/div><\/div>\n<\/div><\/section>\n<\/div><\/div>\n<\/div><\/section>\n\n\n\n<section class=\"wp-block-uagb-columns uagb-columns__wrap uagb-columns__background-undefined uagb-columns__stack-mobile uagb-columns__valign-undefined uagb-columns__gap-10 alignundefined uagb-block-245d77f1\"><div class=\"uagb-columns__overlay\"><\/div><div class=\"uagb-columns__inner-wrap uagb-columns__columns-1\">\n<div class=\"wp-block-uagb-column uagb-column__wrap uagb-column__background-undefined uagb-block-371b3411\"><div class=\"uagb-column__overlay\"><\/div><div class=\"uagb-column__inner-wrap\">\n<h2 class=\"wp-block-heading\">TECH 2 <strong>GENERADOR DE ENERG\u00cdA<\/strong><\/h2>\n\n\n\n<p>El generador de energ\u00eda T2 es una pieza clave de tu econom\u00eda, ya que proporciona ese impulso que evita que te encadenen a las peque\u00f1as dosis de energ\u00eda del poder T1, al mismo tiempo que otorga una generosa bonificaci\u00f3n de adyacencia si quieres poner artiller\u00eda T2 a su lado.<\/p>\n\n\n\n<div class=\"wp-block-image\"><figure class=\"aligncenter size-large\"><a href=\"https:\/\/supcom.standardof.net\/es\/supreme-commander\/eon-2\/tech-2-eon-economy-edificios-2\/tech-2-power-generator-supreme-commander-aeon-tech-2-economy\/\"><img decoding=\"async\" width=\"800\" height=\"635\" src=\"https:\/\/supcom.standardof.net\/wp-content\/uploads\/sites\/8\/2020\/11\/TECH-2-POWER-GENERATOR-Supreme-Commander-Aeon-Tech-2-Economy-800x635.jpg\" alt=\"El T2 Power Generator, Aeon Tech 2 Economy Building en Supreme Commander.\" class=\"wp-image-1122\" srcset=\"https:\/\/supcom.standardof.net\/wp-content\/uploads\/sites\/8\/2020\/11\/TECH-2-POWER-GENERATOR-Supreme-Commander-Aeon-Tech-2-Economy-800x635.jpg 800w, https:\/\/supcom.standardof.net\/wp-content\/uploads\/sites\/8\/2020\/11\/TECH-2-POWER-GENERATOR-Supreme-Commander-Aeon-Tech-2-Economy-512x407.jpg 512w, https:\/\/supcom.standardof.net\/wp-content\/uploads\/sites\/8\/2020\/11\/TECH-2-POWER-GENERATOR-Supreme-Commander-Aeon-Tech-2-Economy-200x159.jpg 200w, https:\/\/supcom.standardof.net\/wp-content\/uploads\/sites\/8\/2020\/11\/TECH-2-POWER-GENERATOR-Supreme-Commander-Aeon-Tech-2-Economy-768x610.jpg 768w, https:\/\/supcom.standardof.net\/wp-content\/uploads\/sites\/8\/2020\/11\/TECH-2-POWER-GENERATOR-Supreme-Commander-Aeon-Tech-2-Economy-1536x1220.jpg 1536w, https:\/\/supcom.standardof.net\/wp-content\/uploads\/sites\/8\/2020\/11\/TECH-2-POWER-GENERATOR-Supreme-Commander-Aeon-Tech-2-Economy-16x12.jpg 16w, https:\/\/supcom.standardof.net\/wp-content\/uploads\/sites\/8\/2020\/11\/TECH-2-POWER-GENERATOR-Supreme-Commander-Aeon-Tech-2-Economy.jpg 1545w\" sizes=\"(max-width: 800px) 100vw, 800px\" \/><\/a><figcaption>GENERADOR DE ENERG\u00cdA T2<\/figcaption><\/figure><\/div>\n\n\n\n<section class=\"wp-block-uagb-columns uagb-columns__wrap uagb-columns__background-undefined uagb-columns__stack-mobile uagb-columns__valign-undefined uagb-columns__gap-10 alignundefined uagb-block-99e1171e\"><div class=\"uagb-columns__overlay\"><\/div><div class=\"uagb-columns__inner-wrap uagb-columns__columns-2\">\n<div class=\"wp-block-uagb-column uagb-column__wrap uagb-column__background-undefined uagb-block-4e9753a5\"><div class=\"uagb-column__overlay\"><\/div><div class=\"uagb-column__inner-wrap\">\n<h3 class=\"wp-block-heading\">Estad\u00edsticas del generador de energ\u00eda T2<\/h3>\n\n\n\n<p>Armadura: 2160 CV<br>Costo: M1200, E12000 (+500), T2000<br>Intel: vista: 20 (391 m)<br>F\u00edsica: tama\u00f1o para adyacencia: 12<\/p>\n\n\n\n<p>Bonificaciones por adyacencia (tama\u00f1o del edificio adyacente: 4, 8, 12, 16, 20):<br>Reducci\u00f3n del consumo de energ\u00eda (mantenimiento): 12.50%, 12.50%, 12.50%, 12.50%<br>Reducci\u00f3n del consumo de energ\u00eda (f\u00e1bricas): 12.50%, 12.50%, 12.50%, 12.50%, 12.50%<br>Reducci\u00f3n del tiempo de consumo de armas de energ\u00eda: 5.00%, 5.00%, 5.00%, 5.00%<\/p>\n<\/div><\/div>\n\n\n\n<div class=\"wp-block-uagb-column uagb-column__wrap uagb-column__background-undefined uagb-block-fdd46841\"><div class=\"uagb-column__overlay\"><\/div><div class=\"uagb-column__inner-wrap\">\n<h3 class=\"wp-block-heading\">Armas del generador de energ\u00eda T2<\/h3>\n\n\n\n<p>DeathWeapon: 1500 da\u00f1os, \u00e1rea: 5 (97,7 m)<\/p>\n<\/div><\/div>\n<\/div><\/section>\n<\/div><\/div>\n<\/div><\/section>","protected":false},"excerpt":{"rendered":"<p>TECH 2 AEON LAND FACTORY By the T2 level, your factory is not vulnerable to surprise strikes, and is usually the last building to die. It&#8217;s still twice as fast as your engineer of the same level. T2 Land Factory Stats Armor: 8400hpAbilities: UpgradeableCost: M950 (storage: 160), E7600 (storage: 800), T1900, build rate: 20Intel: sight: [&hellip;]<\/p>","protected":false},"author":1,"featured_media":0,"parent":503,"menu_order":0,"comment_status":"open","ping_status":"closed","template":"","meta":{"_uag_custom_page_level_css":"","site-sidebar-layout":"default","site-content-layout":"default","ast-site-content-layout":"","site-content-style":"default","site-sidebar-style":"default","ast-global-header-display":"","ast-banner-title-visibility":"","ast-main-header-display":"","ast-hfb-above-header-display":"","ast-hfb-below-header-display":"","ast-hfb-mobile-header-display":"","site-post-title":"","ast-breadcrumbs-content":"","ast-featured-img":"","footer-sml-layout":"","theme-transparent-header-meta":"default","adv-header-id-meta":"","stick-header-meta":"","header-above-stick-meta":"","header-main-stick-meta":"","header-below-stick-meta":"","astra-migrate-meta-layouts":"default","ast-page-background-enabled":"default","ast-page-background-meta":{"desktop":{"background-color":"","background-image":"","background-repeat":"repeat","background-position":"center center","background-size":"auto","background-attachment":"scroll","background-type":"","background-media":"","overlay-type":"","overlay-color":"","overlay-gradient":""},"tablet":{"background-color":"","background-image":"","background-repeat":"repeat","background-position":"center center","background-size":"auto","background-attachment":"scroll","background-type":"","background-media":"","overlay-type":"","overlay-color":"","overlay-gradient":""},"mobile":{"background-color":"","background-image":"","background-repeat":"repeat","background-position":"center center","background-size":"auto","background-attachment":"scroll","background-type":"","background-media":"","overlay-type":"","overlay-color":"","overlay-gradient":""}},"ast-content-background-meta":{"desktop":{"background-color":"var(--ast-global-color-5)","background-image":"","background-repeat":"repeat","background-position":"center center","background-size":"auto","background-attachment":"scroll","background-type":"","background-media":"","overlay-type":"","overlay-color":"","overlay-gradient":""},"tablet":{"background-color":"var(--ast-global-color-5)","background-image":"","background-repeat":"repeat","background-position":"center center","background-size":"auto","background-attachment":"scroll","background-type":"","background-media":"","overlay-type":"","overlay-color":"","overlay-gradient":""},"mobile":{"background-color":"var(--ast-global-color-5)","background-image":"","background-repeat":"repeat","background-position":"center center","background-size":"auto","background-attachment":"scroll","background-type":"","background-media":"","overlay-type":"","overlay-color":"","overlay-gradient":""}},"footnotes":""},"uagb_featured_image_src":{"full":false,"thumbnail":false,"medium":false,"medium_large":false,"large":false,"1536x1536":false,"2048x2048":false,"trp-custom-language-flag":false},"uagb_author_info":{"display_name":"SOE","author_link":"https:\/\/supcom.standardof.net\/es\/author\/k-tastic\/"},"uagb_comment_info":0,"uagb_excerpt":"TECH 2 AEON LAND FACTORY By the T2 level, your factory is not vulnerable to surprise strikes, and is usually the last building to die. It&#8217;s still twice as fast as your engineer of the same level. T2 Land Factory Stats Armor: 8400hpAbilities: UpgradeableCost: M950 (storage: 160), E7600 (storage: 800), T1900, build rate: 20Intel: sight:&hellip;","_links":{"self":[{"href":"https:\/\/supcom.standardof.net\/es\/wp-json\/wp\/v2\/pages\/723"}],"collection":[{"href":"https:\/\/supcom.standardof.net\/es\/wp-json\/wp\/v2\/pages"}],"about":[{"href":"https:\/\/supcom.standardof.net\/es\/wp-json\/wp\/v2\/types\/page"}],"author":[{"embeddable":true,"href":"https:\/\/supcom.standardof.net\/es\/wp-json\/wp\/v2\/users\/1"}],"replies":[{"embeddable":true,"href":"https:\/\/supcom.standardof.net\/es\/wp-json\/wp\/v2\/comments?post=723"}],"version-history":[{"count":0,"href":"https:\/\/supcom.standardof.net\/es\/wp-json\/wp\/v2\/pages\/723\/revisions"}],"up":[{"embeddable":true,"href":"https:\/\/supcom.standardof.net\/es\/wp-json\/wp\/v2\/pages\/503"}],"wp:attachment":[{"href":"https:\/\/supcom.standardof.net\/es\/wp-json\/wp\/v2\/media?parent=723"}],"curies":[{"name":"wp","href":"https:\/\/api.w.org\/{rel}","templated":true}]}}