{"id":773,"date":"2020-11-03T17:39:14","date_gmt":"2020-11-03T22:39:14","guid":{"rendered":"https:\/\/supcom.standardof.net\/?page_id=773"},"modified":"2020-11-04T20:10:23","modified_gmt":"2020-11-05T01:10:23","slug":"tech-3-aeon-naval-units","status":"publish","type":"page","link":"https:\/\/supcom.standardof.net\/es\/supreme-commander\/eon-2\/unidades-navales-tech-3-eon\/","title":{"rendered":"Tecnolog\u00eda 3 - Unidades navales Aeon"},"content":{"rendered":"<div class=\"wp-block-uagb-table-of-contents uagb-toc__align-left uagb-toc__columns-1  uagb-block-9fffb14d\"\n\t\t\t\t\tdata-scroll= \"1\"\n\t\t\t\t\tdata-offset= \"30\"\n\t\t\t\t\tstyle=\"\"\n\t\t\t\t>\n\t\t\t\t<div class=\"uagb-toc__wrap\">\n\t\t\t\t\t\t<div class=\"uagb-toc__title\">\n\t\t\t\t\t\t\tUnidades navales Aeon Tech 3:\t\t\t\t\t\t<\/div>\n\t\t\t\t\t\t\t\t\t\t\t\t\t\t\t\t<div class=\"uagb-toc__list-wrap\">\n\t\t\t\t\t\t<ol class=\"uagb-toc__list\"><li class=\"uagb-toc__list\"><a href=\"#omen-class-battleship\" class=\"uagb-toc-link__trigger\">BATALLA DE CLASE OMEN<\/a><li class=\"uagb-toc__list\"><a href=\"#keefer-class-aircraft-carrier\" class=\"uagb-toc-link__trigger\">PORTADOR DE AVIONES CLASE KEEFER<\/a><li class=\"uagb-toc__list\"><a href=\"#silencer-strategic-missile-submarine\" class=\"uagb-toc-link__trigger\">SILENCIADOR - SUBMARINO ESTRAT\u00c9GICO DE MISILES<\/a><\/ol>\t\t\t\t\t<\/div>\n\t\t\t\t\t\t\t\t\t<\/div>\n\t\t\t\t<\/div>\n\t\t\t\n\n\n<section class=\"wp-block-uagb-columns uagb-columns__wrap uagb-columns__background-undefined uagb-columns__stack-mobile uagb-columns__valign-undefined uagb-columns__gap-10 alignundefined uagb-block-c36918af\"><div class=\"uagb-columns__overlay\"><\/div><div class=\"uagb-columns__inner-wrap uagb-columns__columns-1\">\n<div class=\"wp-block-uagb-column uagb-column__wrap uagb-column__background-undefined uagb-block-f7f54855\"><div class=\"uagb-column__overlay\"><\/div><div class=\"uagb-column__inner-wrap\">\n<h2 class=\"wp-block-heading\"><strong>PRESAGIO <\/strong>BATALLA DE CLASE<\/h2>\n\n\n\n<p>El acorazado Aeon es la extensi\u00f3n definitiva de un prop\u00f3sito \u00fanico: adem\u00e1s de algunas defensas t\u00e1cticas para detener los cruceros UEF y los misiles costeros, se basa \u00fanicamente en un tr\u00edo de lo que son esencialmente piezas de artiller\u00eda T2, adem\u00e1s de un blindaje que llevar\u00e1 una flota completa para destruir, al precio m\u00e1s bajo posible. Como Aeon, tu ventaja en el mar temprano te dar\u00e1 el colch\u00f3n que necesitas para conseguir un acorazado mucho antes que ellos, y cuando lo hagas, tus Ca\u00f1ones del Olvido podr\u00e1n hacerse con los mares y moverse para golpear la artiller\u00eda T2 enemiga por su cuenta. condiciones. Es totalmente vulnerable a submarinos o unidades a\u00e9reas, por lo que no puedes simplemente tirar tu flota para construir una, pero sigue siendo extremadamente eficaz.<\/p>\n\n\n\n<div class=\"wp-block-image\"><figure class=\"aligncenter size-large\"><a href=\"https:\/\/supcom.standardof.net\/es\/supreme-commander\/eon-2\/unidades-navales-tech-3-eon\/omen-class-battleship-1-supreme-commander-aeon-tech-3-naval-units\/\"><img decoding=\"async\" width=\"800\" height=\"472\" src=\"https:\/\/supcom.standardof.net\/wp-content\/uploads\/sites\/8\/2020\/11\/OMEN-CLASS-BATTLESHIP-1-Supreme-Commander-Aeon-Tech-3-Naval-Units-800x472.jpg\" alt=\"El Acorazado Clase Omen, Unidad Naval Aeon Tech 3 en Comandante Supremo.\" class=\"wp-image-1035\" srcset=\"https:\/\/supcom.standardof.net\/wp-content\/uploads\/sites\/8\/2020\/11\/OMEN-CLASS-BATTLESHIP-1-Supreme-Commander-Aeon-Tech-3-Naval-Units-800x472.jpg 800w, https:\/\/supcom.standardof.net\/wp-content\/uploads\/sites\/8\/2020\/11\/OMEN-CLASS-BATTLESHIP-1-Supreme-Commander-Aeon-Tech-3-Naval-Units-512x302.jpg 512w, https:\/\/supcom.standardof.net\/wp-content\/uploads\/sites\/8\/2020\/11\/OMEN-CLASS-BATTLESHIP-1-Supreme-Commander-Aeon-Tech-3-Naval-Units-200x118.jpg 200w, https:\/\/supcom.standardof.net\/wp-content\/uploads\/sites\/8\/2020\/11\/OMEN-CLASS-BATTLESHIP-1-Supreme-Commander-Aeon-Tech-3-Naval-Units-768x453.jpg 768w, https:\/\/supcom.standardof.net\/wp-content\/uploads\/sites\/8\/2020\/11\/OMEN-CLASS-BATTLESHIP-1-Supreme-Commander-Aeon-Tech-3-Naval-Units-1536x905.jpg 1536w, https:\/\/supcom.standardof.net\/wp-content\/uploads\/sites\/8\/2020\/11\/OMEN-CLASS-BATTLESHIP-1-Supreme-Commander-Aeon-Tech-3-Naval-Units-16x9.jpg 16w, https:\/\/supcom.standardof.net\/wp-content\/uploads\/sites\/8\/2020\/11\/OMEN-CLASS-BATTLESHIP-1-Supreme-Commander-Aeon-Tech-3-Naval-Units.jpg 1944w\" sizes=\"(max-width: 800px) 100vw, 800px\" \/><\/a><figcaption>BATALLA DE CLASE OMEN<\/figcaption><\/figure><\/div>\n\n\n\n<section class=\"wp-block-uagb-columns uagb-columns__wrap uagb-columns__background-undefined uagb-columns__stack-mobile uagb-columns__valign-undefined uagb-columns__gap-10 alignundefined uagb-block-a7fbca69\"><div class=\"uagb-columns__overlay\"><\/div><div class=\"uagb-columns__inner-wrap uagb-columns__columns-2\">\n<div class=\"wp-block-uagb-column uagb-column__wrap uagb-column__background-undefined uagb-block-6e3246d8\"><div class=\"uagb-column__overlay\"><\/div><div class=\"uagb-column__inner-wrap\">\n<h3 class=\"wp-block-heading\">Estad\u00edsticas de Omen<\/h3>\n\n\n\n<p>Armadura: 55000 CV<br>Habilidades: Defensa de misiles - T\u00e1ctica<br>Costo: M19000, E152000, T22800<br>Intel:<br>- vista: 70 (1,37 km),<br>- radar: 110 (2,15 km),<br>- sonar: 20 (391m),<br>- vista de agua: 50 (977m)<br>F\u00edsica:<br>- velocidad m\u00e1xima: 4.675 (91.3 m \/ s),<br>- velocidad de giro: 15<br>Veterano: 50, 100, 250, 500, 1000 muertes<br>- veterano nivel 2: +13750 CV,<br>- veterano nivel 4: +13750 CV,<br>- veterano nivel 5: repara 3 hp \/ s<\/p>\n<\/div><\/div>\n\n\n\n<div class=\"wp-block-uagb-column uagb-column__wrap uagb-column__background-undefined uagb-block-102d2546\"><div class=\"uagb-column__overlay\"><\/div><div class=\"uagb-column__inner-wrap\">\n<h3 class=\"wp-block-heading\">Armas de presagio<\/h3>\n\n\n\n<p>3x Ca\u00f1\u00f3n del olvido (fuego directo naval):<br>159,38 dps,<br>superficie: 1 (19,5 m),<br>alcance: 128 (2,50 km)<br>arma de proyectil: 2550 de da\u00f1o<br>cadencia de fuego: 0.0625 (cada 16s)<br>veterano nivel 1: +638 de da\u00f1o, veterano nivel 3: +638 de da\u00f1o<\/p>\n\n\n\n<p>2x Will O Wisp Anti Missile (Defensa):<br>9,00 dps,<br>alcance: 42 (820m)<br>Arma de proyectiles: 30 de da\u00f1o x 3 proyectiles = 90 de da\u00f1o por salva<br>cadencia de fuego: 0.2 (cada 5s)<\/p>\n<\/div><\/div>\n<\/div><\/section>\n<\/div><\/div>\n<\/div><\/section>\n\n\n\n<section class=\"wp-block-uagb-columns uagb-columns__wrap uagb-columns__background-undefined uagb-columns__stack-mobile uagb-columns__valign-undefined uagb-columns__gap-10 alignundefined uagb-block-eb008098\"><div class=\"uagb-columns__overlay\"><\/div><div class=\"uagb-columns__inner-wrap uagb-columns__columns-1\">\n<div class=\"wp-block-uagb-column uagb-column__wrap uagb-column__background-undefined uagb-block-c5043fcb\"><div class=\"uagb-column__overlay\"><\/div><div class=\"uagb-column__inner-wrap\">\n<h2 class=\"wp-block-heading\"><strong>KEEFER <\/strong>PORTADOR DE AERONAVES DE CLASE<\/h2>\n\n\n\n<p>Un portaaviones Aeon tiene algunos misiles antia\u00e9reos simb\u00f3licos para que no est\u00e9 completamente indefenso, y tiene una cantidad sorprendentemente grande de salud que le permite tomar varios disparos desde naves de combate o lo que sea y sobrevivir para matar, pero sigue siendo b\u00e1sicamente con el prop\u00f3sito de transportar su avi\u00f3n a trav\u00e9s de un mapa grande. Si necesita superar a los cazas, tambi\u00e9n podr\u00eda construir m\u00e1s cruceros, ya que los cazas estar\u00e1n por todo su portaaviones tan pronto como lo detecten, pero el portaaviones puede ser \u00fatil, especialmente dado que es probable que su armada Aeon superior lo haga. el mar ya es seguro para el transportista. Como f\u00e1brica de aire flotante, el portaaviones puede ser \u00fatil incluso si a\u00fan no tienes una horda de aviones.<\/p>\n\n\n\n<div class=\"wp-block-image\"><figure class=\"aligncenter size-large\"><a href=\"https:\/\/supcom.standardof.net\/es\/supreme-commander\/eon-2\/unidades-navales-tech-3-eon\/keefer-class-aircraft-carrier-supreme-commander-aeon-tech-3-naval-units\/\"><img decoding=\"async\" width=\"800\" height=\"628\" src=\"https:\/\/supcom.standardof.net\/wp-content\/uploads\/sites\/8\/2020\/11\/KEEFER-CLASS-AIRCRAFT-CARRIER-Supreme-Commander-Aeon-Tech-3-Naval-Units-800x628.jpg\" alt=\"El portaaviones clase Keefer, unidad naval Aeon Tech 3 en Supreme Commander.\" class=\"wp-image-1034\" srcset=\"https:\/\/supcom.standardof.net\/wp-content\/uploads\/sites\/8\/2020\/11\/KEEFER-CLASS-AIRCRAFT-CARRIER-Supreme-Commander-Aeon-Tech-3-Naval-Units-800x628.jpg 800w, https:\/\/supcom.standardof.net\/wp-content\/uploads\/sites\/8\/2020\/11\/KEEFER-CLASS-AIRCRAFT-CARRIER-Supreme-Commander-Aeon-Tech-3-Naval-Units-512x402.jpg 512w, https:\/\/supcom.standardof.net\/wp-content\/uploads\/sites\/8\/2020\/11\/KEEFER-CLASS-AIRCRAFT-CARRIER-Supreme-Commander-Aeon-Tech-3-Naval-Units-200x157.jpg 200w, https:\/\/supcom.standardof.net\/wp-content\/uploads\/sites\/8\/2020\/11\/KEEFER-CLASS-AIRCRAFT-CARRIER-Supreme-Commander-Aeon-Tech-3-Naval-Units-768x602.jpg 768w, https:\/\/supcom.standardof.net\/wp-content\/uploads\/sites\/8\/2020\/11\/KEEFER-CLASS-AIRCRAFT-CARRIER-Supreme-Commander-Aeon-Tech-3-Naval-Units-16x12.jpg 16w, https:\/\/supcom.standardof.net\/wp-content\/uploads\/sites\/8\/2020\/11\/KEEFER-CLASS-AIRCRAFT-CARRIER-Supreme-Commander-Aeon-Tech-3-Naval-Units.jpg 1461w\" sizes=\"(max-width: 800px) 100vw, 800px\" \/><\/a><figcaption>PORTADOR DE AVIONES CLASE KEEFER<\/figcaption><\/figure><\/div>\n\n\n\n<section class=\"wp-block-uagb-columns uagb-columns__wrap uagb-columns__background-undefined uagb-columns__stack-mobile uagb-columns__valign-undefined uagb-columns__gap-10 alignundefined uagb-block-7ea4ccfb\"><div class=\"uagb-columns__overlay\"><\/div><div class=\"uagb-columns__inner-wrap uagb-columns__columns-2\">\n<div class=\"wp-block-uagb-column uagb-column__wrap uagb-column__background-undefined uagb-block-4128d43e\"><div class=\"uagb-column__overlay\"><\/div><div class=\"uagb-column__inner-wrap\">\n<h3 class=\"wp-block-heading\">Estad\u00edsticas de Keefer<\/h3>\n\n\n\n<p>Armadura: 22000 CV<br>Habilidades: Puesta en escena a\u00e9rea, Construcci\u00f3n<br>Costo: M4000, E40000, T8000, tasa de construcci\u00f3n: 20<br>Intel:<br>- vista: 60 (1,17 km),<br>- radar: 150 (2,93 km),<br>- sonar: 20 (391m),<br>- vista de agua: 36 (703m)<br>F\u00edsica:<br>- velocidad m\u00e1xima: 3,4 (66,4 m \/ s)<br>- velocidad de giro: 10<br>Clase de transporte: 10<br>Veterano: 50, 100, 250, 500, 1000 muertes<br>- veterano nivel 2: +5500 CV,<br>- veterano nivel 4: +5500 CV,<br>- veterano nivel 5: repara 3 hp \/ s<\/p>\n<\/div><\/div>\n\n\n\n<div class=\"wp-block-uagb-column uagb-column__wrap uagb-column__background-undefined uagb-block-f3742e17\"><div class=\"uagb-column__overlay\"><\/div><div class=\"uagb-column__inner-wrap\">\n<h3 class=\"wp-block-heading\">Armas Keefer<\/h3>\n\n\n\n<p>2x Misil AA Zealot (Anti-Aire):<br>30,00 dps,<br>superficie: 1 (19,5 m),<br>alcance: 75 (1,46km)<br>arma de proyectil: 30 da\u00f1os<br>cadencia de fuego: 1 (cada 1s)<br>veterano nivel 1: +8 de da\u00f1o<br>veterano nivel 3: +8 de da\u00f1o<\/p>\n<\/div><\/div>\n<\/div><\/section>\n<\/div><\/div>\n<\/div><\/section>\n\n\n\n<section class=\"wp-block-uagb-columns uagb-columns__wrap uagb-columns__background-undefined uagb-columns__stack-mobile uagb-columns__valign-undefined uagb-columns__gap-10 alignundefined uagb-block-5d7f1638\"><div class=\"uagb-columns__overlay\"><\/div><div class=\"uagb-columns__inner-wrap uagb-columns__columns-1\">\n<div class=\"wp-block-uagb-column uagb-column__wrap uagb-column__background-undefined uagb-block-982ca28a\"><div class=\"uagb-column__overlay\"><\/div><div class=\"uagb-column__inner-wrap\">\n<h2 class=\"wp-block-heading\"><strong>SILENCIADOR <\/strong>- SUBMARINO ESTRAT\u00c9GICO DE MISILES<\/h2>\n\n\n\n<p>El hecho de que su arma nuclear venga en un submarino no significa que sea menos doloroso de construir. Recuerde no construir esto en su \u00fanica f\u00e1brica naval, ya que pronto se sentir\u00e1 abrumado. El misil t\u00e1ctico no es realmente capaz de matar a otras unidades navales, ya que sus defensas de misiles t\u00e1cticos simplemente lo derribar\u00e1n, pero funciona maravillosamente como una forma de matar unidades terrestres mientras construyes tu soluci\u00f3n una vez que sus defensas antinavales se han ido.<\/p>\n\n\n\n<div class=\"wp-block-image\"><figure class=\"aligncenter size-large\"><a href=\"https:\/\/supcom.standardof.net\/es\/supreme-commander\/eon-2\/unidades-navales-tech-3-eon\/silencer-strategic-missile-submarine-supreme-commander-aeon-tech-3-naval-units\/\"><img decoding=\"async\" width=\"800\" height=\"540\" src=\"https:\/\/supcom.standardof.net\/wp-content\/uploads\/sites\/8\/2020\/11\/SILENCER-STRATEGIC-MISSILE-SUBMARINE-Supreme-Commander-Aeon-Tech-3-Naval-Units-800x540.jpg\" alt=\"El submarino de misiles estrat\u00e9gicos Silencer, unidad naval Aeon Tech 3 en Supreme Commander.\" class=\"wp-image-1037\" srcset=\"https:\/\/supcom.standardof.net\/wp-content\/uploads\/sites\/8\/2020\/11\/SILENCER-STRATEGIC-MISSILE-SUBMARINE-Supreme-Commander-Aeon-Tech-3-Naval-Units-800x540.jpg 800w, https:\/\/supcom.standardof.net\/wp-content\/uploads\/sites\/8\/2020\/11\/SILENCER-STRATEGIC-MISSILE-SUBMARINE-Supreme-Commander-Aeon-Tech-3-Naval-Units-512x346.jpg 512w, https:\/\/supcom.standardof.net\/wp-content\/uploads\/sites\/8\/2020\/11\/SILENCER-STRATEGIC-MISSILE-SUBMARINE-Supreme-Commander-Aeon-Tech-3-Naval-Units-200x135.jpg 200w, https:\/\/supcom.standardof.net\/wp-content\/uploads\/sites\/8\/2020\/11\/SILENCER-STRATEGIC-MISSILE-SUBMARINE-Supreme-Commander-Aeon-Tech-3-Naval-Units-768x518.jpg 768w, https:\/\/supcom.standardof.net\/wp-content\/uploads\/sites\/8\/2020\/11\/SILENCER-STRATEGIC-MISSILE-SUBMARINE-Supreme-Commander-Aeon-Tech-3-Naval-Units-16x12.jpg 16w, https:\/\/supcom.standardof.net\/wp-content\/uploads\/sites\/8\/2020\/11\/SILENCER-STRATEGIC-MISSILE-SUBMARINE-Supreme-Commander-Aeon-Tech-3-Naval-Units.jpg 969w\" sizes=\"(max-width: 800px) 100vw, 800px\" \/><\/a><figcaption>SILENCIADOR - SUBMARINO ESTRAT\u00c9GICO DE MISILES<\/figcaption><\/figure><\/div>\n\n\n\n<section class=\"wp-block-uagb-columns uagb-columns__wrap uagb-columns__background-undefined uagb-columns__stack-mobile uagb-columns__valign-undefined uagb-columns__gap-10 alignundefined uagb-block-9894fe5d\"><div class=\"uagb-columns__overlay\"><\/div><div class=\"uagb-columns__inner-wrap uagb-columns__columns-2\">\n<div class=\"wp-block-uagb-column uagb-column__wrap uagb-column__background-undefined uagb-block-be285313\"><div class=\"uagb-column__overlay\"><\/div><div class=\"uagb-column__inner-wrap\">\n<h3 class=\"wp-block-heading\">Estad\u00edsticas del silenciador<\/h3>\n\n\n\n<p>Armadura: 3000 CV<br>Habilidades: sumergible, construcci\u00f3n manual, lanzamiento manual<br>Costo: M10000, E60000, T15000<br>Intel:<br>- vista: 16 (313m),<br>- sonar: 90 (1,76 km),<br>- vista de agua: 24 (469 m)<br>F\u00edsica:<br>- velocidad m\u00e1xima: 2,55 (49,8 m \/ s),<br>- velocidad de giro: 25<br>Veterano: 50, 100, 250, 500, 1000 muertes<br>- veterano nivel 2: +750 CV,<br>- veterano nivel 4: +750 CV,<br>- veterano nivel 5: repara 3 hp \/ s<\/p>\n<\/div><\/div>\n\n\n\n<div class=\"wp-block-uagb-column uagb-column__wrap uagb-column__background-undefined uagb-block-45794e3c\"><div class=\"uagb-column__overlay\"><\/div><div class=\"uagb-column__inner-wrap\">\n<h3 class=\"wp-block-heading\">Armas silenciadoras<\/h3>\n\n\n\n<p>Misil de crucero de largo alcance (misil):<br>200,00 dps,<br>superficie: 2 (39,1m),<br>alcance: 128 (2,50 km)<br>arma de proyectil: 2000 da\u00f1os<br>cadencia de fuego: 0.1 (cada 10s)<br>veterano nivel 1: +750 de da\u00f1o, veterano nivel 3: +750 de da\u00f1o<\/p>\n\n\n\n<p>Ojiva nuclear (misil):<br>da\u00f1o del anillo interior: 35000<br>radio del anillo interior: 30 (586 m)<br>da\u00f1o del anillo exterior: 500<br>radio del anillo exterior: 40 (781 m)<br>almacena 2 misiles<\/p>\n<\/div><\/div>\n<\/div><\/section>\n<\/div><\/div>\n<\/div><\/section>","protected":false},"excerpt":{"rendered":"<p>OMEN CLASS BATTLESHIP The Aeon Battleship is the ultimate extension of a single-minded purpose: aside from some tactical defenses to stop UEF cruisers and shoreline missiles, it relies solely on a trio of what are essentially T2 artillery pieces, plus armor that will take an entire fleet to destroy, at as cheap a price as [&hellip;]<\/p>","protected":false},"author":1,"featured_media":0,"parent":503,"menu_order":0,"comment_status":"open","ping_status":"closed","template":"","meta":{"_uag_custom_page_level_css":"","site-sidebar-layout":"default","site-content-layout":"default","ast-site-content-layout":"","site-content-style":"default","site-sidebar-style":"default","ast-global-header-display":"","ast-banner-title-visibility":"","ast-main-header-display":"","ast-hfb-above-header-display":"","ast-hfb-below-header-display":"","ast-hfb-mobile-header-display":"","site-post-title":"","ast-breadcrumbs-content":"","ast-featured-img":"","footer-sml-layout":"","theme-transparent-header-meta":"default","adv-header-id-meta":"","stick-header-meta":"","header-above-stick-meta":"","header-main-stick-meta":"","header-below-stick-meta":"","astra-migrate-meta-layouts":"default","ast-page-background-enabled":"default","ast-page-background-meta":{"desktop":{"background-color":"","background-image":"","background-repeat":"repeat","background-position":"center center","background-size":"auto","background-attachment":"scroll","background-type":"","background-media":"","overlay-type":"","overlay-color":"","overlay-gradient":""},"tablet":{"background-color":"","background-image":"","background-repeat":"repeat","background-position":"center center","background-size":"auto","background-attachment":"scroll","background-type":"","background-media":"","overlay-type":"","overlay-color":"","overlay-gradient":""},"mobile":{"background-color":"","background-image":"","background-repeat":"repeat","background-position":"center center","background-size":"auto","background-attachment":"scroll","background-type":"","background-media":"","overlay-type":"","overlay-color":"","overlay-gradient":""}},"ast-content-background-meta":{"desktop":{"background-color":"var(--ast-global-color-5)","background-image":"","background-repeat":"repeat","background-position":"center center","background-size":"auto","background-attachment":"scroll","background-type":"","background-media":"","overlay-type":"","overlay-color":"","overlay-gradient":""},"tablet":{"background-color":"var(--ast-global-color-5)","background-image":"","background-repeat":"repeat","background-position":"center center","background-size":"auto","background-attachment":"scroll","background-type":"","background-media":"","overlay-type":"","overlay-color":"","overlay-gradient":""},"mobile":{"background-color":"var(--ast-global-color-5)","background-image":"","background-repeat":"repeat","background-position":"center center","background-size":"auto","background-attachment":"scroll","background-type":"","background-media":"","overlay-type":"","overlay-color":"","overlay-gradient":""}},"footnotes":""},"uagb_featured_image_src":{"full":false,"thumbnail":false,"medium":false,"medium_large":false,"large":false,"1536x1536":false,"2048x2048":false,"trp-custom-language-flag":false},"uagb_author_info":{"display_name":"SOE","author_link":"https:\/\/supcom.standardof.net\/es\/author\/k-tastic\/"},"uagb_comment_info":0,"uagb_excerpt":"OMEN CLASS BATTLESHIP The Aeon Battleship is the ultimate extension of a single-minded purpose: aside from some tactical defenses to stop UEF cruisers and shoreline missiles, it relies solely on a trio of what are essentially T2 artillery pieces, plus armor that will take an entire fleet to destroy, at as cheap a price as&hellip;","_links":{"self":[{"href":"https:\/\/supcom.standardof.net\/es\/wp-json\/wp\/v2\/pages\/773"}],"collection":[{"href":"https:\/\/supcom.standardof.net\/es\/wp-json\/wp\/v2\/pages"}],"about":[{"href":"https:\/\/supcom.standardof.net\/es\/wp-json\/wp\/v2\/types\/page"}],"author":[{"embeddable":true,"href":"https:\/\/supcom.standardof.net\/es\/wp-json\/wp\/v2\/users\/1"}],"replies":[{"embeddable":true,"href":"https:\/\/supcom.standardof.net\/es\/wp-json\/wp\/v2\/comments?post=773"}],"version-history":[{"count":0,"href":"https:\/\/supcom.standardof.net\/es\/wp-json\/wp\/v2\/pages\/773\/revisions"}],"up":[{"embeddable":true,"href":"https:\/\/supcom.standardof.net\/es\/wp-json\/wp\/v2\/pages\/503"}],"wp:attachment":[{"href":"https:\/\/supcom.standardof.net\/es\/wp-json\/wp\/v2\/media?parent=773"}],"curies":[{"name":"wp","href":"https:\/\/api.w.org\/{rel}","templated":true}]}}