{"id":775,"date":"2020-11-03T17:46:38","date_gmt":"2020-11-03T22:46:38","guid":{"rendered":"https:\/\/supcom.standardof.net\/?page_id=775"},"modified":"2020-11-04T20:07:18","modified_gmt":"2020-11-05T01:07:18","slug":"tech-2-aeon-naval-units","status":"publish","type":"page","link":"https:\/\/supcom.standardof.net\/es\/supreme-commander\/eon-2\/unidades-navales-tech-2-eon\/","title":{"rendered":"Tecnolog\u00eda 2 - Unidades navales Aeon"},"content":{"rendered":"<div class=\"wp-block-uagb-table-of-contents uagb-toc__align-left uagb-toc__columns-1  uagb-block-dd19782d\"\n\t\t\t\t\tdata-scroll= \"1\"\n\t\t\t\t\tdata-offset= \"30\"\n\t\t\t\t\tstyle=\"\"\n\t\t\t\t>\n\t\t\t\t<div class=\"uagb-toc__wrap\">\n\t\t\t\t\t\t<div class=\"uagb-toc__title\">\n\t\t\t\t\t\t\tUnidades navales Aeon Tech 2:\t\t\t\t\t\t<\/div>\n\t\t\t\t\t\t\t\t\t\t\t\t\t\t\t\t<div class=\"uagb-toc__list-wrap\">\n\t\t\t\t\t\t<ol class=\"uagb-toc__list\"><li class=\"uagb-toc__list\"><a href=\"#infinity-class-cruiser\" class=\"uagb-toc-link__trigger\">CRUCERO DE CLASE INFINITY<\/a><li class=\"uagb-toc__list\"><a href=\"#exodus-class-destroyer\" class=\"uagb-toc-link__trigger\">DESTRUCTOR DE CLASE EXODUS<\/a><\/ol>\t\t\t\t\t<\/div>\n\t\t\t\t\t\t\t\t\t<\/div>\n\t\t\t\t<\/div>\n\t\t\t\n\n\n<section class=\"wp-block-uagb-columns uagb-columns__wrap uagb-columns__background-undefined uagb-columns__stack-mobile uagb-columns__valign-undefined uagb-columns__gap-10 alignundefined uagb-block-65cd8ffc\"><div class=\"uagb-columns__overlay\"><\/div><div class=\"uagb-columns__inner-wrap uagb-columns__columns-1\">\n<div class=\"wp-block-uagb-column uagb-column__wrap uagb-column__background-undefined uagb-block-e2f57b18\"><div class=\"uagb-column__overlay\"><\/div><div class=\"uagb-column__inner-wrap\">\n<h2 class=\"wp-block-heading\"><strong>INFINITO <\/strong>CRUCERO DE CLASE<\/h2>\n\n\n\n<p>El crucero Aeon hace todo lo que se supone que debe hacer un crucero: dispara un arma decente desde el mismo rango que tus destructores, tiene capacidades antia\u00e9reas sin ser totalmente in\u00fatil contra nada con un arma, e incluso tiene una peque\u00f1a cantidad de defensa t\u00e1ctica de misiles &quot;por si acaso&quot;. La armadura no es genial, pero su arma deber\u00eda poder mantenerla en la parte trasera donde pertenece.<\/p>\n\n\n\n<div class=\"wp-block-image\"><figure class=\"aligncenter size-large\"><a href=\"https:\/\/supcom.standardof.net\/es\/supreme-commander\/eon-2\/unidades-navales-tech-2-eon\/infinity-class-cruiser-supreme-commander-aeon-tech-2-naval-units\/\"><img decoding=\"async\" width=\"800\" height=\"534\" src=\"https:\/\/supcom.standardof.net\/wp-content\/uploads\/sites\/8\/2020\/11\/INFINITY-CLASS-CRUISER-Supreme-Commander-Aeon-Tech-2-Naval-Units-800x534.jpg\" alt=\"El Infinity Class Cruiser, unidad naval Aeon Tech 2 en Supreme Commander.\" class=\"wp-image-1030\" srcset=\"https:\/\/supcom.standardof.net\/wp-content\/uploads\/sites\/8\/2020\/11\/INFINITY-CLASS-CRUISER-Supreme-Commander-Aeon-Tech-2-Naval-Units-800x534.jpg 800w, https:\/\/supcom.standardof.net\/wp-content\/uploads\/sites\/8\/2020\/11\/INFINITY-CLASS-CRUISER-Supreme-Commander-Aeon-Tech-2-Naval-Units-512x342.jpg 512w, https:\/\/supcom.standardof.net\/wp-content\/uploads\/sites\/8\/2020\/11\/INFINITY-CLASS-CRUISER-Supreme-Commander-Aeon-Tech-2-Naval-Units-200x134.jpg 200w, https:\/\/supcom.standardof.net\/wp-content\/uploads\/sites\/8\/2020\/11\/INFINITY-CLASS-CRUISER-Supreme-Commander-Aeon-Tech-2-Naval-Units-768x513.jpg 768w, https:\/\/supcom.standardof.net\/wp-content\/uploads\/sites\/8\/2020\/11\/INFINITY-CLASS-CRUISER-Supreme-Commander-Aeon-Tech-2-Naval-Units-1536x1026.jpg 1536w, https:\/\/supcom.standardof.net\/wp-content\/uploads\/sites\/8\/2020\/11\/INFINITY-CLASS-CRUISER-Supreme-Commander-Aeon-Tech-2-Naval-Units-16x12.jpg 16w, https:\/\/supcom.standardof.net\/wp-content\/uploads\/sites\/8\/2020\/11\/INFINITY-CLASS-CRUISER-Supreme-Commander-Aeon-Tech-2-Naval-Units.jpg 1752w\" sizes=\"(max-width: 800px) 100vw, 800px\" \/><\/a><figcaption>CRUCERO DE CLASE INFINITY<\/figcaption><\/figure><\/div>\n\n\n\n<section class=\"wp-block-uagb-columns uagb-columns__wrap uagb-columns__background-undefined uagb-columns__stack-mobile uagb-columns__valign-undefined uagb-columns__gap-10 alignundefined uagb-block-fd047193\"><div class=\"uagb-columns__overlay\"><\/div><div class=\"uagb-columns__inner-wrap uagb-columns__columns-2\">\n<div class=\"wp-block-uagb-column uagb-column__wrap uagb-column__background-undefined uagb-block-161376ac\"><div class=\"uagb-column__overlay\"><\/div><div class=\"uagb-column__inner-wrap\">\n<h3 class=\"wp-block-heading\">Estad\u00edsticas infinitas<\/h3>\n\n\n\n<p>Armadura: 3250 CV<br>Habilidades: Defensa de misiles - T\u00e1ctica<br>Costo: M1800, E18000, T3600<br>Intel:<br>- vista: 60 (1,17 km),<br>- radar: 90 (1,76 km),<br>- sonar: 30 (586m),<br>- vista de agua: 45 (879m)<br>F\u00edsica:<br>- velocidad m\u00e1xima: 4,25 (83,0 m \/ s),<br>- velocidad de giro: 20<br>Veterancia: 30, 60, 150, 300, 600 muertes<br>- veterano nivel 2: +813 CV<br>- veterano nivel 4: +813 CV<br>- veterano nivel 5: repara 3 hp \/ s<\/p>\n<\/div><\/div>\n\n\n\n<div class=\"wp-block-uagb-column uagb-column__wrap uagb-column__background-undefined uagb-block-e36b05cc\"><div class=\"uagb-column__overlay\"><\/div><div class=\"uagb-column__inner-wrap\">\n<h3 class=\"wp-block-heading\">Armas Infinitas<\/h3>\n\n\n\n<p>Ca\u00f1\u00f3n cu\u00e1ntico (fuego directo naval):<br>70,00 dps,<br>superficie: 1 (19,5 m),<br>alcance: 75 (1,46km)<br>Arma de proyectiles: 140 de da\u00f1o x 2 proyectiles = 280 de da\u00f1o por salva<br>cadencia de tiro: 0.25 (cada 4s)<br>veterano nivel 1: +35 de da\u00f1o,<br>veterano nivel 3: +35 de da\u00f1o<\/p>\n\n\n\n<p>2x Misil AA Zealot (Anti-Aire):<br>30,00 dps, \u00e1rea: 1 (19,5 m)<br>alcance: 75 (1,46km)<br>arma de proyectil: 30 da\u00f1os<br>cadencia de fuego: 1 (cada 1s)<br>veterano nivel 1: +8 de da\u00f1o, veterano nivel 3: +8 de da\u00f1o<\/p>\n\n\n\n<p>Will O Wisp Anti Missile (Defensa):<br>13,50 dps,<br>alcance: 32 (625m)<br>Arma de proyectiles: 30 de da\u00f1o x 3 proyectiles = 90 de da\u00f1o por salva<br>cadencia de fuego: 0.3 (cada 3.33 s)<\/p>\n<\/div><\/div>\n<\/div><\/section>\n<\/div><\/div>\n<\/div><\/section>\n\n\n\n<section class=\"wp-block-uagb-columns uagb-columns__wrap uagb-columns__background-undefined uagb-columns__stack-mobile uagb-columns__valign-undefined uagb-columns__gap-10 alignundefined uagb-block-ad96b16a\"><div class=\"uagb-columns__overlay\"><\/div><div class=\"uagb-columns__inner-wrap uagb-columns__columns-1\">\n<div class=\"wp-block-uagb-column uagb-column__wrap uagb-column__background-undefined uagb-block-9d30422b\"><div class=\"uagb-column__overlay\"><\/div><div class=\"uagb-column__inner-wrap\">\n<h2 class=\"wp-block-heading\"><strong>\u00c9XODO <\/strong>Destructor de clases<\/h2>\n\n\n\n<p>El destructor Aeon es temible, con un ca\u00f1\u00f3n pesado que puede hundir fragatas de un solo disparo y tambi\u00e9n sirve para bombardear la costa, un buen complemento de torpedos como el destructor Cybran en caso de ser desafiado (adem\u00e1s de algunas defensas de torpedos y una carga de profundidad con efecto de \u00e1rea), y la ventaja de no tener que girar perpendicularmente al enemigo para disparar su \u00fanico ca\u00f1\u00f3n. Todo esto en un paquete m\u00e1s barato y mejor blindado que sus competidores: \u00a1lo \u00fanico que le falta son piernas!<\/p>\n\n\n\n<div class=\"wp-block-image\"><figure class=\"aligncenter size-large\"><a href=\"https:\/\/supcom.standardof.net\/es\/supreme-commander\/eon-2\/unidades-navales-tech-2-eon\/exodus-class-destroyer-supreme-commander-aeon-tech-2-naval-units\/\"><img decoding=\"async\" width=\"800\" height=\"466\" src=\"https:\/\/supcom.standardof.net\/wp-content\/uploads\/sites\/8\/2020\/11\/EXODUS-CLASS-DESTROYER-Supreme-Commander-Aeon-Tech-2-Naval-Units-800x466.jpg\" alt=\"El Destructor Clase Exodus, Unidad Naval Aeon Tech 2 en Supreme Commander.\" class=\"wp-image-1031\" srcset=\"https:\/\/supcom.standardof.net\/wp-content\/uploads\/sites\/8\/2020\/11\/EXODUS-CLASS-DESTROYER-Supreme-Commander-Aeon-Tech-2-Naval-Units-800x466.jpg 800w, https:\/\/supcom.standardof.net\/wp-content\/uploads\/sites\/8\/2020\/11\/EXODUS-CLASS-DESTROYER-Supreme-Commander-Aeon-Tech-2-Naval-Units-512x299.jpg 512w, https:\/\/supcom.standardof.net\/wp-content\/uploads\/sites\/8\/2020\/11\/EXODUS-CLASS-DESTROYER-Supreme-Commander-Aeon-Tech-2-Naval-Units-200x117.jpg 200w, https:\/\/supcom.standardof.net\/wp-content\/uploads\/sites\/8\/2020\/11\/EXODUS-CLASS-DESTROYER-Supreme-Commander-Aeon-Tech-2-Naval-Units-768x448.jpg 768w, https:\/\/supcom.standardof.net\/wp-content\/uploads\/sites\/8\/2020\/11\/EXODUS-CLASS-DESTROYER-Supreme-Commander-Aeon-Tech-2-Naval-Units-1536x896.jpg 1536w, https:\/\/supcom.standardof.net\/wp-content\/uploads\/sites\/8\/2020\/11\/EXODUS-CLASS-DESTROYER-Supreme-Commander-Aeon-Tech-2-Naval-Units-16x9.jpg 16w, https:\/\/supcom.standardof.net\/wp-content\/uploads\/sites\/8\/2020\/11\/EXODUS-CLASS-DESTROYER-Supreme-Commander-Aeon-Tech-2-Naval-Units.jpg 1734w\" sizes=\"(max-width: 800px) 100vw, 800px\" \/><\/a><figcaption>DESTRUCTOR DE CLASE EXODUS<\/figcaption><\/figure><\/div>\n\n\n\n<section class=\"wp-block-uagb-columns uagb-columns__wrap uagb-columns__background-undefined uagb-columns__stack-mobile uagb-columns__valign-undefined uagb-columns__gap-10 alignundefined uagb-block-c96e171d\"><div class=\"uagb-columns__overlay\"><\/div><div class=\"uagb-columns__inner-wrap uagb-columns__columns-2\">\n<div class=\"wp-block-uagb-column uagb-column__wrap uagb-column__background-undefined uagb-block-6eead421\"><div class=\"uagb-column__overlay\"><\/div><div class=\"uagb-column__inner-wrap\">\n<h3 class=\"wp-block-heading\">Estad\u00edsticas de \u00e9xodo<\/h3>\n\n\n\n<p>Armadura: 7500hp<br>Habilidades: Defensa de torpedos, Carga de profundidad<br>Coste: M2160, E14400, T4800<br>Intel: vista: 55 (1,07 km)<br>- radar: 60 (1,17 km)<br>- sonar: 60 (1,17 km)<br>- vista de agua: 42 (820m)<br>F\u00edsica: velocidad m\u00e1xima: 6 (117 m \/ s), velocidad de giro: 25<br>Veterancia: 30, 60, 150, 300, 600 muertes<br>- nivel de veterano 2: +1875 CV,<br>- veterano nivel 4: +1875 CV,<br>- veterano nivel 5: repara 3 hp \/ s<\/p>\n<\/div><\/div>\n\n\n\n<div class=\"wp-block-uagb-column uagb-column__wrap uagb-column__background-undefined uagb-block-78fca34b\"><div class=\"uagb-column__overlay\"><\/div><div class=\"uagb-column__inner-wrap\">\n<h3 class=\"wp-block-heading\">Armas del \u00e9xodo<\/h3>\n\n\n\n<p>Ca\u00f1\u00f3n del olvido (fuego directo naval):<br>205,00 dps,<br>superficie: 2 (39,1m),<br>alcance: 80 (1,56 km)<br>arma de proyectil: 1025 da\u00f1os<br>cadencia de fuego: 0.2 (cada 5s)<br>veterano nivel 1: +256 de da\u00f1o, veterano nivel 3: +256 de da\u00f1o<\/p>\n\n\n\n<p>Carga de profundidad arm\u00f3nica (Anti Navy):<br>15,00 dps,<br>\u00e1rea: 1.5 (29.3m),<br>alcance: 32 (625m)<br>arma de proyectil: 150 da\u00f1os<br>velocidad de disparo: 0,1 (cada 10 s), aleatoriedad de disparo: 1<br>veterano nivel 1: +38 de da\u00f1o, veterano nivel 3: +38 de da\u00f1o<\/p>\n\n\n\n<p>2x Lanzador de torpedos Chrono (Anti Navy):<br>37,50 dps,<br>alcance: 32 (625m)<br>arma de proyectil: 150 da\u00f1os<br>velocidad de disparo: 0,25 (cada 4 s), aleatoriedad de disparo: 1<br>veterano nivel 1: +38 de da\u00f1o, veterano nivel 3: +38 de da\u00f1o<\/p>\n\n\n\n<p>2x Anti Torpedo (Defensa):<br>0,33 dps,<br>alcance: 32 (625m)<br>arma de proyectil: 3 da\u00f1os<br>cadencia de fuego: 0.11 (cada 9.09s)<\/p>\n<\/div><\/div>\n<\/div><\/section>\n<\/div><\/div>\n<\/div><\/section>","protected":false},"excerpt":{"rendered":"<p>INFINITY CLASS CRUISER The Aeon cruiser does everything a cruiser is supposed to do: it fires a decent gun from the same range as your destroyers, it has anti-air capabilities while not being totally useless against anything with a gun, and it even has a small amount of tactical missile defense &#8220;just in case&#8221;. The [&hellip;]<\/p>","protected":false},"author":1,"featured_media":0,"parent":503,"menu_order":0,"comment_status":"open","ping_status":"closed","template":"","meta":{"_uag_custom_page_level_css":"","site-sidebar-layout":"default","site-content-layout":"default","ast-site-content-layout":"","site-content-style":"default","site-sidebar-style":"default","ast-global-header-display":"","ast-banner-title-visibility":"","ast-main-header-display":"","ast-hfb-above-header-display":"","ast-hfb-below-header-display":"","ast-hfb-mobile-header-display":"","site-post-title":"","ast-breadcrumbs-content":"","ast-featured-img":"","footer-sml-layout":"","theme-transparent-header-meta":"default","adv-header-id-meta":"","stick-header-meta":"","header-above-stick-meta":"","header-main-stick-meta":"","header-below-stick-meta":"","astra-migrate-meta-layouts":"default","ast-page-background-enabled":"default","ast-page-background-meta":{"desktop":{"background-color":"","background-image":"","background-repeat":"repeat","background-position":"center center","background-size":"auto","background-attachment":"scroll","background-type":"","background-media":"","overlay-type":"","overlay-color":"","overlay-gradient":""},"tablet":{"background-color":"","background-image":"","background-repeat":"repeat","background-position":"center center","background-size":"auto","background-attachment":"scroll","background-type":"","background-media":"","overlay-type":"","overlay-color":"","overlay-gradient":""},"mobile":{"background-color":"","background-image":"","background-repeat":"repeat","background-position":"center center","background-size":"auto","background-attachment":"scroll","background-type":"","background-media":"","overlay-type":"","overlay-color":"","overlay-gradient":""}},"ast-content-background-meta":{"desktop":{"background-color":"var(--ast-global-color-5)","background-image":"","background-repeat":"repeat","background-position":"center center","background-size":"auto","background-attachment":"scroll","background-type":"","background-media":"","overlay-type":"","overlay-color":"","overlay-gradient":""},"tablet":{"background-color":"var(--ast-global-color-5)","background-image":"","background-repeat":"repeat","background-position":"center center","background-size":"auto","background-attachment":"scroll","background-type":"","background-media":"","overlay-type":"","overlay-color":"","overlay-gradient":""},"mobile":{"background-color":"var(--ast-global-color-5)","background-image":"","background-repeat":"repeat","background-position":"center center","background-size":"auto","background-attachment":"scroll","background-type":"","background-media":"","overlay-type":"","overlay-color":"","overlay-gradient":""}},"footnotes":""},"uagb_featured_image_src":{"full":false,"thumbnail":false,"medium":false,"medium_large":false,"large":false,"1536x1536":false,"2048x2048":false,"trp-custom-language-flag":false},"uagb_author_info":{"display_name":"SOE","author_link":"https:\/\/supcom.standardof.net\/es\/author\/k-tastic\/"},"uagb_comment_info":0,"uagb_excerpt":"INFINITY CLASS CRUISER The Aeon cruiser does everything a cruiser is supposed to do: it fires a decent gun from the same range as your destroyers, it has anti-air capabilities while not being totally useless against anything with a gun, and it even has a small amount of tactical missile defense &#8220;just in case&#8221;. The&hellip;","_links":{"self":[{"href":"https:\/\/supcom.standardof.net\/es\/wp-json\/wp\/v2\/pages\/775"}],"collection":[{"href":"https:\/\/supcom.standardof.net\/es\/wp-json\/wp\/v2\/pages"}],"about":[{"href":"https:\/\/supcom.standardof.net\/es\/wp-json\/wp\/v2\/types\/page"}],"author":[{"embeddable":true,"href":"https:\/\/supcom.standardof.net\/es\/wp-json\/wp\/v2\/users\/1"}],"replies":[{"embeddable":true,"href":"https:\/\/supcom.standardof.net\/es\/wp-json\/wp\/v2\/comments?post=775"}],"version-history":[{"count":0,"href":"https:\/\/supcom.standardof.net\/es\/wp-json\/wp\/v2\/pages\/775\/revisions"}],"up":[{"embeddable":true,"href":"https:\/\/supcom.standardof.net\/es\/wp-json\/wp\/v2\/pages\/503"}],"wp:attachment":[{"href":"https:\/\/supcom.standardof.net\/es\/wp-json\/wp\/v2\/media?parent=775"}],"curies":[{"name":"wp","href":"https:\/\/api.w.org\/{rel}","templated":true}]}}