{"id":777,"date":"2020-11-03T17:52:28","date_gmt":"2020-11-03T22:52:28","guid":{"rendered":"https:\/\/supcom.standardof.net\/?page_id=777"},"modified":"2020-11-04T20:04:44","modified_gmt":"2020-11-05T01:04:44","slug":"tech-1-aeon-naval-units","status":"publish","type":"page","link":"https:\/\/supcom.standardof.net\/es\/supreme-commander\/eon-2\/unidades-navales-tech-1-eon\/","title":{"rendered":"Tecnolog\u00eda 1 - Unidades navales Aeon"},"content":{"rendered":"<div class=\"wp-block-uagb-table-of-contents uagb-toc__align-left uagb-toc__columns-1  uagb-block-a9844605\"\n\t\t\t\t\tdata-scroll= \"1\"\n\t\t\t\t\tdata-offset= \"30\"\n\t\t\t\t\tstyle=\"\"\n\t\t\t\t>\n\t\t\t\t<div class=\"uagb-toc__wrap\">\n\t\t\t\t\t\t<div class=\"uagb-toc__title\">\n\t\t\t\t\t\t\tUnidades navales Aeon Tech 1:\t\t\t\t\t\t<\/div>\n\t\t\t\t\t\t\t\t\t\t\t\t\t\t\t\t<div class=\"uagb-toc__list-wrap\">\n\t\t\t\t\t\t<ol class=\"uagb-toc__list\"><li class=\"uagb-toc__list\"><a href=\"#shard-attack-boat\" class=\"uagb-toc-link__trigger\">SHARD - BARCO DE ATAQUE<\/a><li class=\"uagb-toc__list\"><a href=\"#sylph-attack-submarine\" class=\"uagb-toc-link__trigger\">SYLPH - SUBMARINO DE ATAQUE<\/a><li class=\"uagb-toc__list\"><a href=\"#beacon-class-frigate\" class=\"uagb-toc-link__trigger\">FRIGADA CLASE BALIZA<\/a><\/ol>\t\t\t\t\t<\/div>\n\t\t\t\t\t\t\t\t\t<\/div>\n\t\t\t\t<\/div>\n\t\t\t\n\n\n<section class=\"wp-block-uagb-columns uagb-columns__wrap uagb-columns__background-undefined uagb-columns__stack-mobile uagb-columns__valign-undefined uagb-columns__gap-10 alignundefined uagb-block-a69db314\"><div class=\"uagb-columns__overlay\"><\/div><div class=\"uagb-columns__inner-wrap uagb-columns__columns-1\">\n<div class=\"wp-block-uagb-column uagb-column__wrap uagb-column__background-undefined uagb-block-67f32a2a\"><div class=\"uagb-column__overlay\"><\/div><div class=\"uagb-column__inner-wrap\">\n<h2 class=\"wp-block-heading\"><strong>CASCO <\/strong>- BARCO DE ATAQUE<\/h2>\n\n\n\n<p>La unidad \u00fanica de Aeon, el Attack Boat, definitivamente est\u00e1 subestimada. Son baratos, no los necesitas a menos que tu oponente tenga unidades a\u00e9reas, pueden tomar torpedos destinados a tus otras naves bastante bien, y tambi\u00e9n son buenos exploradores. Espere a construirlos hasta que sepa que los necesitar\u00e1; sus interceptores deber\u00edan poder contener a los bombarderos enemigos hasta que pueda mejorar la tecnolog\u00eda y bombear botes de ataque para defenderse de las ca\u00f1oneras.<\/p>\n\n\n\n<div class=\"wp-block-image\"><figure class=\"aligncenter size-large\"><a href=\"https:\/\/supcom.standardof.net\/es\/supreme-commander\/eon-2\/unidades-navales-tech-1-eon\/shard-attack-boat-supreme-commander-aeon-tech-1-naval-units\/\"><img decoding=\"async\" width=\"789\" height=\"555\" src=\"https:\/\/supcom.standardof.net\/wp-content\/uploads\/sites\/8\/2020\/11\/SHARD-ATTACK-BOAT-Supreme-Commander-Aeon-Tech-1-Naval-Units.jpg\" alt=\"El barco de ataque Shard, unidad naval Aeon Tech 1 en Supreme Commander.\" class=\"wp-image-1027\" srcset=\"https:\/\/supcom.standardof.net\/wp-content\/uploads\/sites\/8\/2020\/11\/SHARD-ATTACK-BOAT-Supreme-Commander-Aeon-Tech-1-Naval-Units.jpg 789w, https:\/\/supcom.standardof.net\/wp-content\/uploads\/sites\/8\/2020\/11\/SHARD-ATTACK-BOAT-Supreme-Commander-Aeon-Tech-1-Naval-Units-512x360.jpg 512w, https:\/\/supcom.standardof.net\/wp-content\/uploads\/sites\/8\/2020\/11\/SHARD-ATTACK-BOAT-Supreme-Commander-Aeon-Tech-1-Naval-Units-200x141.jpg 200w, https:\/\/supcom.standardof.net\/wp-content\/uploads\/sites\/8\/2020\/11\/SHARD-ATTACK-BOAT-Supreme-Commander-Aeon-Tech-1-Naval-Units-768x540.jpg 768w, https:\/\/supcom.standardof.net\/wp-content\/uploads\/sites\/8\/2020\/11\/SHARD-ATTACK-BOAT-Supreme-Commander-Aeon-Tech-1-Naval-Units-16x12.jpg 16w\" sizes=\"(max-width: 789px) 100vw, 789px\" \/><\/a><figcaption>SHARD - BARCO DE ATAQUE<\/figcaption><\/figure><\/div>\n\n\n\n<section class=\"wp-block-uagb-columns uagb-columns__wrap uagb-columns__background-undefined uagb-columns__stack-mobile uagb-columns__valign-undefined uagb-columns__gap-10 alignundefined uagb-block-41127ed9\"><div class=\"uagb-columns__overlay\"><\/div><div class=\"uagb-columns__inner-wrap uagb-columns__columns-2\">\n<div class=\"wp-block-uagb-column uagb-column__wrap uagb-column__background-undefined uagb-block-f242b981\"><div class=\"uagb-column__overlay\"><\/div><div class=\"uagb-column__inner-wrap\">\n<h3 class=\"wp-block-heading\">Estad\u00edsticas de fragmentos<\/h3>\n\n\n\n<p>Armadura: 750 CV<br>Habilidades: Anti-Aire<br>Costo: M120, E1200, T400<br>Intel: vista: 32 (625 m)<br>F\u00edsica:<br>- velocidad m\u00e1xima: 6,8 (133 m \/ s),<br>- velocidad de giro: 50<br>Veterancia: 5, 10, 25, 50, 100 muertes<br>- veterano nivel 2: +188 CV<br>- veterano nivel 4: +188 CV<br>- veterano nivel 5: repara 3 hp \/ s<\/p>\n<\/div><\/div>\n\n\n\n<div class=\"wp-block-uagb-column uagb-column__wrap uagb-column__background-undefined uagb-block-486885b6\"><div class=\"uagb-column__overlay\"><\/div><div class=\"uagb-column__inner-wrap\">\n<h3 class=\"wp-block-heading\">Armas de esquirlas<\/h3>\n\n\n\n<p>Bater\u00eda de pulso s\u00f3nico (anti-aire):<br>18.00 dps<br>rango: 48 (938 m)<br>arma de proyectil: 9 da\u00f1os<br>cadencia de fuego: 2 (cada 0,5 s)<br>veterano nivel 1: +2 da\u00f1o<br>veterano nivel 3: +2 da\u00f1o<\/p>\n<\/div><\/div>\n<\/div><\/section>\n<\/div><\/div>\n<\/div><\/section>\n\n\n\n<section class=\"wp-block-uagb-columns uagb-columns__wrap uagb-columns__background-undefined uagb-columns__stack-mobile uagb-columns__valign-undefined uagb-columns__gap-10 alignundefined uagb-block-40ab6f9b\"><div class=\"uagb-columns__overlay\"><\/div><div class=\"uagb-columns__inner-wrap uagb-columns__columns-1\">\n<div class=\"wp-block-uagb-column uagb-column__wrap uagb-column__background-undefined uagb-block-165261ab\"><div class=\"uagb-column__overlay\"><\/div><div class=\"uagb-column__inner-wrap\">\n<h2 class=\"wp-block-heading\"><strong>S\u00cdLFIDE <\/strong>- SUBMARINO DE ATAQUE<\/h2>\n\n\n\n<p>El submarino Aeon es vicioso. Sus torpedos hacen un buen da\u00f1o, es m\u00e1s barato que los submarinos de otras facciones y tiene un peque\u00f1o alcance de sonar para arrancar. Por supuesto, no puede atacar nada en la superficie, pero no es por eso que los construiste. Al\u00e9grate de que tu eficiencia te haya proporcionado una capacidad antinaval superior.<\/p>\n\n\n\n<figure class=\"wp-block-gallery aligncenter columns-2 is-cropped wp-block-gallery-1 is-layout-flex wp-block-gallery-is-layout-flex\"><ul class=\"blocks-gallery-grid\"><li class=\"blocks-gallery-item\"><figure><a href=\"https:\/\/supcom.standardof.net\/es\/supreme-commander\/eon-2\/unidades-navales-tech-1-eon\/sylph-attack-submarine-supreme-commander-aeon-tech-1-naval-units\/\"><img decoding=\"async\" width=\"800\" height=\"490\" src=\"https:\/\/supcom.standardof.net\/wp-content\/uploads\/sites\/8\/2020\/11\/SYLPH-ATTACK-SUBMARINE-Supreme-Commander-Aeon-Tech-1-Naval-Units-800x490.jpg\" alt=\"El submarino de ataque Sylph, unidad naval Aeon Tech 1 en Supreme Commander.\" data-id=\"1025\" data-full-url=\"https:\/\/supcom.standardof.net\/wp-content\/uploads\/sites\/8\/2020\/11\/SYLPH-ATTACK-SUBMARINE-Supreme-Commander-Aeon-Tech-1-Naval-Units.jpg\" data-link=\"https:\/\/supcom.standardof.net\/supreme-commander\/aeon\/tech-1-aeon-naval-units\/sylph-attack-submarine-supreme-commander-aeon-tech-1-naval-units\/\" class=\"wp-image-1025\" srcset=\"https:\/\/supcom.standardof.net\/wp-content\/uploads\/sites\/8\/2020\/11\/SYLPH-ATTACK-SUBMARINE-Supreme-Commander-Aeon-Tech-1-Naval-Units-800x490.jpg 800w, https:\/\/supcom.standardof.net\/wp-content\/uploads\/sites\/8\/2020\/11\/SYLPH-ATTACK-SUBMARINE-Supreme-Commander-Aeon-Tech-1-Naval-Units-512x314.jpg 512w, https:\/\/supcom.standardof.net\/wp-content\/uploads\/sites\/8\/2020\/11\/SYLPH-ATTACK-SUBMARINE-Supreme-Commander-Aeon-Tech-1-Naval-Units-200x123.jpg 200w, https:\/\/supcom.standardof.net\/wp-content\/uploads\/sites\/8\/2020\/11\/SYLPH-ATTACK-SUBMARINE-Supreme-Commander-Aeon-Tech-1-Naval-Units-768x471.jpg 768w, https:\/\/supcom.standardof.net\/wp-content\/uploads\/sites\/8\/2020\/11\/SYLPH-ATTACK-SUBMARINE-Supreme-Commander-Aeon-Tech-1-Naval-Units-16x10.jpg 16w, https:\/\/supcom.standardof.net\/wp-content\/uploads\/sites\/8\/2020\/11\/SYLPH-ATTACK-SUBMARINE-Supreme-Commander-Aeon-Tech-1-Naval-Units.jpg 891w\" sizes=\"(max-width: 800px) 100vw, 800px\" \/><\/a><figcaption class=\"blocks-gallery-item__caption\">SYLPH - SUBMARINO DE ATAQUE<\/figcaption><\/figure><\/li><li class=\"blocks-gallery-item\"><figure><a href=\"https:\/\/supcom.standardof.net\/es\/supreme-commander\/eon-2\/unidades-navales-tech-1-eon\/sylph-attack-submarine-submerged-supreme-commander-aeon-tech-1-naval-units\/\"><img decoding=\"async\" width=\"741\" height=\"486\" src=\"https:\/\/supcom.standardof.net\/wp-content\/uploads\/sites\/8\/2020\/11\/SYLPH-ATTACK-SUBMARINE-Submerged-Supreme-Commander-Aeon-Tech-1-Naval-Units.jpg\" alt=\"El submarino de ataque Sylph (sumergido), Unidad naval Aeon Tech 1 en Supreme Commander.\" data-id=\"1028\" data-full-url=\"https:\/\/supcom.standardof.net\/wp-content\/uploads\/sites\/8\/2020\/11\/SYLPH-ATTACK-SUBMARINE-Submerged-Supreme-Commander-Aeon-Tech-1-Naval-Units.jpg\" data-link=\"https:\/\/supcom.standardof.net\/supreme-commander\/aeon\/tech-1-aeon-naval-units\/sylph-attack-submarine-submerged-supreme-commander-aeon-tech-1-naval-units\/\" class=\"wp-image-1028\" srcset=\"https:\/\/supcom.standardof.net\/wp-content\/uploads\/sites\/8\/2020\/11\/SYLPH-ATTACK-SUBMARINE-Submerged-Supreme-Commander-Aeon-Tech-1-Naval-Units.jpg 741w, https:\/\/supcom.standardof.net\/wp-content\/uploads\/sites\/8\/2020\/11\/SYLPH-ATTACK-SUBMARINE-Submerged-Supreme-Commander-Aeon-Tech-1-Naval-Units-512x336.jpg 512w, https:\/\/supcom.standardof.net\/wp-content\/uploads\/sites\/8\/2020\/11\/SYLPH-ATTACK-SUBMARINE-Submerged-Supreme-Commander-Aeon-Tech-1-Naval-Units-200x131.jpg 200w, https:\/\/supcom.standardof.net\/wp-content\/uploads\/sites\/8\/2020\/11\/SYLPH-ATTACK-SUBMARINE-Submerged-Supreme-Commander-Aeon-Tech-1-Naval-Units-16x10.jpg 16w\" sizes=\"(max-width: 741px) 100vw, 741px\" \/><\/a><figcaption class=\"blocks-gallery-item__caption\">SYLPH - SUBMARINO DE ATAQUE (Sumergido)<\/figcaption><\/figure><\/li><\/ul><\/figure>\n\n\n\n<section class=\"wp-block-uagb-columns uagb-columns__wrap uagb-columns__background-undefined uagb-columns__stack-mobile uagb-columns__valign-undefined uagb-columns__gap-10 alignundefined uagb-block-f8bc72fe\"><div class=\"uagb-columns__overlay\"><\/div><div class=\"uagb-columns__inner-wrap uagb-columns__columns-2\">\n<div class=\"wp-block-uagb-column uagb-column__wrap uagb-column__background-undefined uagb-block-4f3a1856\"><div class=\"uagb-column__overlay\"><\/div><div class=\"uagb-column__inner-wrap\">\n<h3 class=\"wp-block-heading\">Estad\u00edsticas de Slyph<\/h3>\n\n\n\n<p>Armadura: 1000 CV<br>Habilidades: sumergible<br>Coste: M560, E2500, T1000<br>Intel:<br>- vista: 32 (625m)<br>- sonar: 60 (1,17 km)<br>- vista de agua: 32 (625m)<br>F\u00edsica:<br>- velocidad m\u00e1xima: 4,6 (89,8 m \/ s)<br>- velocidad de giro: 40<br>Veterancia: 5, 10, 25, 50, 100 muertes<br>- veterano nivel 2: +250 CV<br>- veterano nivel 4: +250 CV<br>- veterano nivel 5: repara 3 hp \/ s<\/p>\n<\/div><\/div>\n\n\n\n<div class=\"wp-block-uagb-column uagb-column__wrap uagb-column__background-undefined uagb-block-7c325ae2\"><div class=\"uagb-column__overlay\"><\/div><div class=\"uagb-column__inner-wrap\">\n<h3 class=\"wp-block-heading\">Armas de Slyph<\/h3>\n\n\n\n<p>Chrono Torpedo (Anti Navy):<br>97,21 dps<br>alcance: 32 (625m)<br>Arma de proyectiles: 209 de da\u00f1o x 2 proyectiles = 550 de da\u00f1o por salva<br>cadencia de tiro: 0.25 (cada 4s)<br>veterano nivel 1: +69 de da\u00f1o<br>veterano nivel 3: +69 de da\u00f1o<\/p>\n<\/div><\/div>\n<\/div><\/section>\n<\/div><\/div>\n<\/div><\/section>\n\n\n\n<section class=\"wp-block-uagb-columns uagb-columns__wrap uagb-columns__background-undefined uagb-columns__stack-mobile uagb-columns__valign-undefined uagb-columns__gap-10 alignundefined uagb-block-d624efba\"><div class=\"uagb-columns__overlay\"><\/div><div class=\"uagb-columns__inner-wrap uagb-columns__columns-1\">\n<div class=\"wp-block-uagb-column uagb-column__wrap uagb-column__background-undefined uagb-block-df314e37\"><div class=\"uagb-column__overlay\"><\/div><div class=\"uagb-column__inner-wrap\">\n<h2 class=\"wp-block-heading\"><strong>FARO <\/strong>FRIGADA DE CLASE<\/h2>\n\n\n\n<p>La fragata Aeon tiene un mejor alcance contra otras fragatas para que sea excelente tanto contra objetivos terrestres como mar\u00edtimos, mientras que su defensa contra torpedos gana tiempo contra submarinos. Sin embargo, es bastante caro, as\u00ed que no intentes usarlos para luchar contra las fragatas enemigas uno a uno; en su lugar, tienen fuerzas navales mixtas para dominarlos.<\/p>\n\n\n\n<div class=\"wp-block-image\"><figure class=\"aligncenter size-large\"><a href=\"https:\/\/supcom.standardof.net\/es\/supreme-commander\/eon-2\/unidades-navales-tech-1-eon\/beacon-class-frigate-supreme-commander-aeon-tech-1-naval-units\/\"><img decoding=\"async\" width=\"800\" height=\"728\" src=\"https:\/\/supcom.standardof.net\/wp-content\/uploads\/sites\/8\/2020\/11\/BEACON-CLASS-FRIGATE-Supreme-Commander-Aeon-Tech-1-Naval-Units-800x728.jpg\" alt=\"La Fragata Clase Beacon, Unidad Naval Aeon Tech 1 en Comandante Supremo.\" class=\"wp-image-1026\" srcset=\"https:\/\/supcom.standardof.net\/wp-content\/uploads\/sites\/8\/2020\/11\/BEACON-CLASS-FRIGATE-Supreme-Commander-Aeon-Tech-1-Naval-Units-800x728.jpg 800w, https:\/\/supcom.standardof.net\/wp-content\/uploads\/sites\/8\/2020\/11\/BEACON-CLASS-FRIGATE-Supreme-Commander-Aeon-Tech-1-Naval-Units-512x466.jpg 512w, https:\/\/supcom.standardof.net\/wp-content\/uploads\/sites\/8\/2020\/11\/BEACON-CLASS-FRIGATE-Supreme-Commander-Aeon-Tech-1-Naval-Units-200x182.jpg 200w, https:\/\/supcom.standardof.net\/wp-content\/uploads\/sites\/8\/2020\/11\/BEACON-CLASS-FRIGATE-Supreme-Commander-Aeon-Tech-1-Naval-Units-768x699.jpg 768w, https:\/\/supcom.standardof.net\/wp-content\/uploads\/sites\/8\/2020\/11\/BEACON-CLASS-FRIGATE-Supreme-Commander-Aeon-Tech-1-Naval-Units-13x12.jpg 13w, https:\/\/supcom.standardof.net\/wp-content\/uploads\/sites\/8\/2020\/11\/BEACON-CLASS-FRIGATE-Supreme-Commander-Aeon-Tech-1-Naval-Units.jpg 1137w\" sizes=\"(max-width: 800px) 100vw, 800px\" \/><\/a><figcaption>FRIGADA CLASE BALIZA<\/figcaption><\/figure><\/div>\n\n\n\n<section class=\"wp-block-uagb-columns uagb-columns__wrap uagb-columns__background-undefined uagb-columns__stack-mobile uagb-columns__valign-undefined uagb-columns__gap-10 alignundefined uagb-block-d2305192\"><div class=\"uagb-columns__overlay\"><\/div><div class=\"uagb-columns__inner-wrap uagb-columns__columns-2\">\n<div class=\"wp-block-uagb-column uagb-column__wrap uagb-column__background-undefined uagb-block-2cb7b7fb\"><div class=\"uagb-column__overlay\"><\/div><div class=\"uagb-column__inner-wrap\">\n<h3 class=\"wp-block-heading\">Estad\u00edsticas de baliza<\/h3>\n\n\n\n<p>Armadura: 1800 CV<br>Habilidades: Defensa de torpedos, radar, sonar<br>Precio: M290, E2900, T725<br>Intel:<br>vista: 32 (625m)<br>radar: 70 (1,76 km)<br>sonar: 70 (1,76 km)<br>vista de agua: 24 (469m)<br>F\u00edsica:<br>velocidad m\u00e1xima: 6,8 (133 m \/ s)<br>velocidad de giro: 30<br>Veterancia: 5, 10, 25, 50, 100 muertes<br>veterano nivel 2: +188 CV<br>veterano nivel 4: +188 CV<br>veterano nivel 5: repara 3 hp \/ s<\/p>\n<\/div><\/div>\n\n\n\n<div class=\"wp-block-uagb-column uagb-column__wrap uagb-column__background-undefined uagb-block-bdcb8084\"><div class=\"uagb-column__overlay\"><\/div><div class=\"uagb-column__inner-wrap\">\n<h3 class=\"wp-block-heading\">Armas de baliza<\/h3>\n\n\n\n<p>2x Ca\u00f1\u00f3n cu\u00e1ntico (fuego naval directo):<br>28,00 dps<br>\u00e1rea: 1 (19.5m)<br>alcance: 31 (605m)<br>arma de proyectil: 140 de da\u00f1o<br>cadencia de fuego: 0.2 (cada 5s)<br>veterano nivel 1: +31 de da\u00f1o<br>veterano nivel 3: +31 de da\u00f1o<\/p>\n\n\n\n<p>2x Quasar Anti Torpedo (Defensa):<br>0,20 dps<br>alcance: 32 (625m)<br>arma de proyectil: 2 da\u00f1os<br>cadencia de fuego: 0.1 (cada 10s)<\/p>\n<\/div><\/div>\n<\/div><\/section>\n<\/div><\/div>\n<\/div><\/section>","protected":false},"excerpt":{"rendered":"<p>SHARD &#8211; ATTACK BOAT The Aeon&#8217;s unique unit, the Attack Boat, is definitely underrated. They&#8217;re cheap, you don&#8217;t need them unless your opponent has air units, they can take torpedoes meant for your other ships quite well, and they&#8217;re good scouts too. Hold off on building these until you know you&#8217;ll need them &#8211; your [&hellip;]<\/p>","protected":false},"author":1,"featured_media":0,"parent":503,"menu_order":0,"comment_status":"open","ping_status":"closed","template":"","meta":{"_uag_custom_page_level_css":"","site-sidebar-layout":"default","site-content-layout":"default","ast-site-content-layout":"","site-content-style":"default","site-sidebar-style":"default","ast-global-header-display":"","ast-banner-title-visibility":"","ast-main-header-display":"","ast-hfb-above-header-display":"","ast-hfb-below-header-display":"","ast-hfb-mobile-header-display":"","site-post-title":"","ast-breadcrumbs-content":"","ast-featured-img":"","footer-sml-layout":"","theme-transparent-header-meta":"default","adv-header-id-meta":"","stick-header-meta":"","header-above-stick-meta":"","header-main-stick-meta":"","header-below-stick-meta":"","astra-migrate-meta-layouts":"default","ast-page-background-enabled":"default","ast-page-background-meta":{"desktop":{"background-color":"","background-image":"","background-repeat":"repeat","background-position":"center center","background-size":"auto","background-attachment":"scroll","background-type":"","background-media":"","overlay-type":"","overlay-color":"","overlay-gradient":""},"tablet":{"background-color":"","background-image":"","background-repeat":"repeat","background-position":"center center","background-size":"auto","background-attachment":"scroll","background-type":"","background-media":"","overlay-type":"","overlay-color":"","overlay-gradient":""},"mobile":{"background-color":"","background-image":"","background-repeat":"repeat","background-position":"center center","background-size":"auto","background-attachment":"scroll","background-type":"","background-media":"","overlay-type":"","overlay-color":"","overlay-gradient":""}},"ast-content-background-meta":{"desktop":{"background-color":"var(--ast-global-color-5)","background-image":"","background-repeat":"repeat","background-position":"center center","background-size":"auto","background-attachment":"scroll","background-type":"","background-media":"","overlay-type":"","overlay-color":"","overlay-gradient":""},"tablet":{"background-color":"var(--ast-global-color-5)","background-image":"","background-repeat":"repeat","background-position":"center center","background-size":"auto","background-attachment":"scroll","background-type":"","background-media":"","overlay-type":"","overlay-color":"","overlay-gradient":""},"mobile":{"background-color":"var(--ast-global-color-5)","background-image":"","background-repeat":"repeat","background-position":"center center","background-size":"auto","background-attachment":"scroll","background-type":"","background-media":"","overlay-type":"","overlay-color":"","overlay-gradient":""}},"footnotes":""},"uagb_featured_image_src":{"full":false,"thumbnail":false,"medium":false,"medium_large":false,"large":false,"1536x1536":false,"2048x2048":false,"trp-custom-language-flag":false},"uagb_author_info":{"display_name":"SOE","author_link":"https:\/\/supcom.standardof.net\/es\/author\/k-tastic\/"},"uagb_comment_info":0,"uagb_excerpt":"SHARD &#8211; ATTACK BOAT The Aeon&#8217;s unique unit, the Attack Boat, is definitely underrated. They&#8217;re cheap, you don&#8217;t need them unless your opponent has air units, they can take torpedoes meant for your other ships quite well, and they&#8217;re good scouts too. Hold off on building these until you know you&#8217;ll need them &#8211; your&hellip;","_links":{"self":[{"href":"https:\/\/supcom.standardof.net\/es\/wp-json\/wp\/v2\/pages\/777"}],"collection":[{"href":"https:\/\/supcom.standardof.net\/es\/wp-json\/wp\/v2\/pages"}],"about":[{"href":"https:\/\/supcom.standardof.net\/es\/wp-json\/wp\/v2\/types\/page"}],"author":[{"embeddable":true,"href":"https:\/\/supcom.standardof.net\/es\/wp-json\/wp\/v2\/users\/1"}],"replies":[{"embeddable":true,"href":"https:\/\/supcom.standardof.net\/es\/wp-json\/wp\/v2\/comments?post=777"}],"version-history":[{"count":0,"href":"https:\/\/supcom.standardof.net\/es\/wp-json\/wp\/v2\/pages\/777\/revisions"}],"up":[{"embeddable":true,"href":"https:\/\/supcom.standardof.net\/es\/wp-json\/wp\/v2\/pages\/503"}],"wp:attachment":[{"href":"https:\/\/supcom.standardof.net\/es\/wp-json\/wp\/v2\/media?parent=777"}],"curies":[{"name":"wp","href":"https:\/\/api.w.org\/{rel}","templated":true}]}}